{"id":5012,"date":"2024-05-03T06:41:00","date_gmt":"2024-05-03T06:41:00","guid":{"rendered":"https:\/\/elfsight.com\/it\/?page_id=5012"},"modified":"2024-11-12T08:31:03","modified_gmt":"2024-11-12T08:31:03","slug":"webnode","status":"publish","type":"page","link":"https:\/\/elfsight.com\/it\/logo-showcase-widget\/webnode\/","title":{"rendered":"Logo Showcase &#8211; Webnode"},"content":{"rendered":"<div class=\"application-platform-content-item-description application-platform-content-item\" id=\"description\" data-nav-section=\"description\"><h2>Descrizione<\/h2> <p>Elfsight Logo Showcase \u00e8 lo strumento pi\u00f9 semplice per mostrare i loghi di partner e sponsor o le vostre menzioni stampa sul tuo sito Con il widget dimostri che la tua azienda \u00e8 un alleato commerciale credibile e stabilisci una visione positiva della tua attivit\u00e0. Il widget ti consente di visualizzare qualsiasi quantit\u00e0 di loghi, organizzarli in un carosello o in una griglia e modificare la scala dei loghi. Puoi aggiungere una didascalia e collegamenti ai siti Web delle aziende. Regolando le impostazioni dei colori e dei caratteri, sarai in grado di configurare un aspetto unico. <\/p><p><b>Aumenta la credibilit\u00e0 della tua azienda. <\/b><\/p><\/div> <div class=\"application-platform-content-item-features application-platform-content-item\" id=\"features\" data-nav-section=\"features\"><h2>Caratteristiche<\/h2> <p>Controlla tutte le funzionalit\u00e0 di Logo Showcase. Sono disponibili direttamente nell&#8217;editor e ti aiuteranno a configurare il widget adatto alle tue esigenze. <\/p><ul><li> Collegare i loghi a qualsiasi indirizzo; <\/li><li>Intestazione commutabile che include titolo e testo con impostazioni di formattazione; <\/li><li>Il pulsante CTA pu\u00f2 essere collegato a qualsiasi pagina web; <\/li><li>Tre diversi layout dei widget: Slider, Grid e Carousel; <\/li><li>Una funzionalit\u00e0 per modificare la dimensione del logo e la larghezza del widget; <\/li><li> Seleziona un colore di sfondo o aggiungi la tua immagine. <\/li><\/ul><p><a href=\"#demo\">Prova tutte le altre funzioni nella demo<\/a><\/p><\/div> <div class=\"application-platform-content-item-installation application-platform-content-item\" id=\"installation\" data-nav-section=\"installation\"><h2> Come integrare Logo Showcase con il mio sito Webnode? <\/h2><p>Per attivare il widget, segui questi rapidi passaggi<\/p><ul><li><b>Crea il tuo plug-in Logo Showcase personalizzato<\/b><br>Utilizzando il nostro configuratore gratuito, imposta un plug-in con un design e funzioni preferibili. <\/li> <li><b>Ricevi il codice individuale per integrare il plugin<\/b><br>Dopo aver impostato il tuo widget, acquisirai il codice di installazione dalla finestra popup su Elfsight Apps. Copialo. <\/li> <li><b>Aggiungi il plugin al tuo sito Webnode<\/b><br>Vai nel posto in cui desideri mostrare il plugin e aggiungi l\u00ec il codice copiato. Pubblica le modifiche. <\/li> <li><b>L&#8217;incorporamento \u00e8 riuscito! <\/b><br>Visita il sito web per controllare il tuo plugin. <\/li><\/ul><p>Non esitate a comunicare con il servizio clienti Elfsight quando avete bisogno di consigli o avete domande. I nostri specialisti saranno lieti di aiutarvi con ogni richiesta. <\/p><div class=\"faq\" data-component=\"FAQ\"><div class=\"faq-item\">\r\n\t\t\t\t\t<div class=\"faq-item-question\">\r\n\t\t\t\t\t\t<h3 class=\"faq-item-question-text\">In che modo posso incorporare Logo Showcase nel mio sito Webnode senza scrivere codice?<\/h3>\r\n\r\n\t\t\t\t\t\t<div class=\"faq-item-question-icon\"><\/div>\r\n\t\t\t\t\t<\/div>\r\n\r\n\t\t\t\t\t<div class=\"faq-item-answer\">\r\n\t\t\t\t\t\t<div class=\"faq-item-answer-text\"> <p>Elfsight introduce una soluzione che consente agli utenti di creare da soli un plugin Logo Showcase, scopri come Il processo \u00e8 semplice: lavora direttamente nella demo live per creare un&#8217;app Logo Showcase che vorresti vedere sulla home page di Webnode. Scegli uno dei modelli gi\u00e0 pronti e regola le impostazioni di Logo Showcase, modifica il layout e il colore degli elementi e aggiungi i tuoi contenuti, senza competenze di codifica. Clicca per salvare la Vetrina del Logo e copia il codice di installazione del widget, che pu\u00f2 essere aggiunto nella pagina web di Webnode utilizzando un piano gratuito. Usando il nostro editor intuitivo ogni utente di Internet pu\u00f2 creare una vetrina del logo e incorporarla facilmente in qualsiasi pagina web di Webnode. Non \u00e8 necessario pagare o inviare i dati della tua carta per accedere al nostro Editor. Se riscontri problemi di qualsiasi tipo, non esitare a contattare il nostro supporto tecnico clienti.<\/p> <\/div>\r\n\t\t\t\t\t<\/div>\r\n\t\t\t\t<\/div> <\/div><\/div>","protected":false},"excerpt":{"rendered":"","protected":false},"author":9,"featured_media":0,"parent":1700,"menu_order":0,"comment_status":"closed","ping_status":"closed","template":"templates\/template-application-platform.php","meta":{"publish_to_discourse":"","publish_post_category":"","wpdc_auto_publish_overridden":"","wpdc_topic_tags":"","wpdc_pin_topic":"","wpdc_pin_until":"","discourse_post_id":"","discourse_permalink":"","wpdc_publishing_response":"","wpdc_publishing_error":"","footnotes":""},"class_list":["post-5012","page","type-page","status-publish","hentry"],"yoast_head":"<!-- This site is optimized with the Yoast SEO plugin v25.3.1 - https:\/\/yoast.com\/wordpress\/plugins\/seo\/ -->\n<title>Vetrina logo - Aggiungi Logo Carousel al sito Webnode (2025)<\/title>\n<meta name=\"description\" content=\"\u00c8 semplicissimo creare la tua vetrina del logo e aggiungerla al tuo sito Webnode. Il servizio clienti Elfsight \u00e8 gratuito e veloce.\" \/>\n<meta name=\"robots\" content=\"index, follow, max-snippet:-1, max-image-preview:large, max-video-preview:-1\" \/>\n<link rel=\"canonical\" href=\"https:\/\/elfsight.com\/it\/logo-showcase-widget\/webnode\/\" \/>\n<meta property=\"og:locale\" content=\"it_IT\" \/>\n<meta property=\"og:type\" content=\"article\" \/>\n<meta property=\"og:title\" content=\"Vetrina logo - Aggiungi Logo Carousel al sito Webnode (2025)\" \/>\n<meta property=\"og:description\" content=\"\u00c8 semplicissimo creare la tua vetrina del logo e aggiungerla al tuo sito Webnode. Il servizio clienti Elfsight \u00e8 gratuito e veloce.\" \/>\n<meta property=\"og:url\" content=\"https:\/\/elfsight.com\/it\/logo-showcase-widget\/webnode\/\" \/>\n<meta property=\"og:site_name\" content=\"Elfsight IT\" \/>\n<meta property=\"article:modified_time\" content=\"2024-11-12T08:31:03+00:00\" \/>\n<meta name=\"twitter:card\" content=\"summary_large_image\" \/>\n<meta name=\"twitter:label1\" content=\"Tempo di lettura stimato\" \/>\n\t<meta name=\"twitter:data1\" content=\"3 minuti\" \/>\n<!-- \/ Yoast SEO plugin. -->","yoast_head_json":{"title":"Vetrina logo - Aggiungi Logo Carousel al sito Webnode (2025)","description":"\u00c8 semplicissimo creare la tua vetrina del logo e aggiungerla al tuo sito Webnode. Il servizio clienti Elfsight \u00e8 gratuito e veloce.","robots":{"index":"index","follow":"follow","max-snippet":"max-snippet:-1","max-image-preview":"max-image-preview:large","max-video-preview":"max-video-preview:-1"},"canonical":"https:\/\/elfsight.com\/it\/logo-showcase-widget\/webnode\/","og_locale":"it_IT","og_type":"article","og_title":"Vetrina logo - Aggiungi Logo Carousel al sito Webnode (2025)","og_description":"\u00c8 semplicissimo creare la tua vetrina del logo e aggiungerla al tuo sito Webnode. Il servizio clienti Elfsight \u00e8 gratuito e veloce.","og_url":"https:\/\/elfsight.com\/it\/logo-showcase-widget\/webnode\/","og_site_name":"Elfsight IT","article_modified_time":"2024-11-12T08:31:03+00:00","twitter_card":"summary_large_image","twitter_misc":{"Tempo di lettura stimato":"3 minuti"},"schema":{"@context":"https:\/\/schema.org","@graph":[{"@type":"WebPage","@id":"https:\/\/elfsight.com\/it\/logo-showcase-widget\/webnode\/","url":"https:\/\/elfsight.com\/it\/logo-showcase-widget\/webnode\/","name":"Vetrina logo - Aggiungi Logo Carousel al sito Webnode (2025)","isPartOf":{"@id":"https:\/\/elfsight.com\/it\/#website"},"datePublished":"2024-05-03T06:41:00+00:00","dateModified":"2024-11-12T08:31:03+00:00","description":"\u00c8 semplicissimo creare la tua vetrina del logo e aggiungerla al tuo sito Webnode. Il servizio clienti Elfsight \u00e8 gratuito e veloce.","breadcrumb":{"@id":"https:\/\/elfsight.com\/it\/logo-showcase-widget\/webnode\/#breadcrumb"},"inLanguage":"it-IT","potentialAction":[{"@type":"ReadAction","target":["https:\/\/elfsight.com\/it\/logo-showcase-widget\/webnode\/"]}]},{"@type":"BreadcrumbList","@id":"https:\/\/elfsight.com\/it\/logo-showcase-widget\/webnode\/#breadcrumb","itemListElement":[{"@type":"ListItem","position":1,"name":"Home","item":"https:\/\/elfsight.com\/it\/"},{"@type":"ListItem","position":2,"name":"Logo Showcase","item":"https:\/\/elfsight.com\/it\/logo-showcase-widget\/"},{"@type":"ListItem","position":3,"name":"Logo Showcase &#8211; Webnode"}]},{"@type":"WebSite","@id":"https:\/\/elfsight.com\/it\/#website","url":"https:\/\/elfsight.com\/it\/","name":"Elfsight IT","description":"Just another Elfsight Sites site","potentialAction":[{"@type":"SearchAction","target":{"@type":"EntryPoint","urlTemplate":"https:\/\/elfsight.com\/it\/?s={search_term_string}"},"query-input":{"@type":"PropertyValueSpecification","valueRequired":true,"valueName":"search_term_string"}}],"inLanguage":"it-IT"}]}},"meta_box":{"industry":"","seo_heading":"","heading":"","description":"","cta_heading":"","cta_description":"","application":"1699","h1":"Vetrina del logo Webnode","h1_caption":"Mostra i loghi dei tuoi partner, sponsor o clienti, creando credibilit\u00e0 e fiducia per il tuo marchio nel tuo sito Webnode senza sforzo.","application_category":[],"applications_title":"","applications_request_title":"","applications_request_button_text":"","hero_text":"","hero_video":"","hero_video_schema_markup":"","selling_points_title":"","selling_points_caption":"","selling_points":[],"selling_points_cta_text":"","features_title":"","features":"","ed_cta_examples_text":"","ed_cta_examples_hidden":"","ed_cta_demo_text":"","ed_cta_demo_hidden":"","why_caption":"","why_editor_title":"","why_editor_text":"","why_team_title":"","why_team_text":"","why_service_title":"","why_service_text":"","template_catalog_visible":"","template_catalog_title":"","template_catalog_text":"","template_catalog_categories_visible":"","demo_title":"Crea il tuo widget Vetrina del logo","demo_caption":"Configura la tua vetrina del logo e aggiungila gratuitamente al tuo sito Webnode!","default_faq_hidden":"","app_template_category":[],"platform":"47","template_public_id":"","codecanyon_url":"","codecanyon_item_id":"","codecanyon_price":"","pricing_caption":"","pricing_elfsight_apps_hide_column":"","pricing_elfsight_apps_url":"","pricing_codecanyon_price_caption":"","integration_category":[],"integration_request_title":"","integration_request_cta":"","integration_platform":"","integrations":[],"platform_category":[],"video_schema_markup":"","price":"da $ 0 al mese","trial":"","benefits":[{"text":"Servizio di installazione gratuito"},{"text":"Servizio clienti efficace"},{"text":"Garanzia di rimborso di 14 giorni"},{"text":"Miglioramenti continui"}],"button_url":"#demo","button_target_blank":"","button_nofollow":"","attributes":[{"name":"Installazioni"},{"name":"Reattivo","content":"S\u00cc"},{"name":"Browser compatibili","content":"Firefox, Safari, Opera, Chrome, Edge"}],"tags":[],"tags_disable_links":"","hide_more_platforms":"","video_object":"","demo_hide_cta":"","demo_hide_cloud_options":"","pricing_title":"","pricing":[{"pricing_icon":"platform","pricing_title":"Elfsight Apps","pricing_title_caption":"Soluzione digitale multipiattaforma che funziona su qualsiasi sito web","pricing_price":"da $ 0 \/ mese","pricing_price_caption":"inizia con il piano gratuito","pricing_benefits":[{"text":"Domini illimitati"},{"text":"Supporto professionale e puntuale e ben documentato"},{"text":"Assistenza gratuita per l'installazione"},{"text":"Prezzo speciale per pi\u00f9 app"}],"pricing_button_text":"Aggiungi al sito web","pricing_button_url":"#demo"}],"related_apps_title":"","related_apps_hidden":"","author":"","image":[],"title":"","job":"","social_networks":[]},"_links":{"self":[{"href":"https:\/\/elfsight.com\/it\/wp-json\/wp\/v2\/pages\/5012","targetHints":{"allow":["GET"]}}],"collection":[{"href":"https:\/\/elfsight.com\/it\/wp-json\/wp\/v2\/pages"}],"about":[{"href":"https:\/\/elfsight.com\/it\/wp-json\/wp\/v2\/types\/page"}],"author":[{"embeddable":true,"href":"https:\/\/elfsight.com\/it\/wp-json\/wp\/v2\/users\/9"}],"replies":[{"embeddable":true,"href":"https:\/\/elfsight.com\/it\/wp-json\/wp\/v2\/comments?post=5012"}],"version-history":[{"count":1,"href":"https:\/\/elfsight.com\/it\/wp-json\/wp\/v2\/pages\/5012\/revisions"}],"predecessor-version":[{"id":5016,"href":"https:\/\/elfsight.com\/it\/wp-json\/wp\/v2\/pages\/5012\/revisions\/5016"}],"up":[{"embeddable":true,"href":"https:\/\/elfsight.com\/it\/wp-json\/wp\/v2\/pages\/1700"}],"wp:attachment":[{"href":"https:\/\/elfsight.com\/it\/wp-json\/wp\/v2\/media?parent=5012"}],"curies":[{"name":"wp","href":"https:\/\/api.w.org\/{rel}","templated":true}]}}