{"id":5011,"date":"2024-05-03T06:40:59","date_gmt":"2024-05-03T06:40:59","guid":{"rendered":"https:\/\/elfsight.com\/it\/?page_id=5011"},"modified":"2025-03-21T15:25:01","modified_gmt":"2025-03-21T15:25:01","slug":"wordpress","status":"publish","type":"page","link":"https:\/\/elfsight.com\/it\/logo-showcase-widget\/wordpress\/","title":{"rendered":"Logo Showcase &#8211; WordPress"},"content":{"rendered":"\n<div class=\"application-platform-content-item-description application-platform-content-item\" id=\"description\" data-nav-section=\"description\"><h2>Incorpora Logo Showcase su WordPress con il widget Elfsight<\/h2> <p>Elfsight Logo Showcase \u00e8 lo strumento pi\u00f9 pratico per mostrare i tuoi clienti e loghi dei promotori o menzioni stampa sul sito web. Con il widget \u00e8 facile dimostrare di essere un partner affidabile e mantenere una visione positiva della tua azienda. Il widget Elfsight ti consente di caricare qualsiasi numero di emblemi dei clienti, inserirli in un carosello o in una griglia e variare la scala delle immagini. Puoi mostrare didascalie e un collegamento ai siti Web dell&#8217;azienda. Utilizzando le funzionalit\u00e0 di colori e caratteri, \u00e8 facile configurare un&#8217;interfaccia unica. <\/p><p><b>Innalza il livello delle vendite dimostrando la tua eccellente reputazione aziendale, con i loghi dei partner sul sito web. <\/b><\/p><\/div> <div class=\"application-platform-content-item-features application-platform-content-item\" id=\"features\" data-nav-section=\"features\"><h2>Caratteristiche principali del widget Logo Showcase<\/h2> <p>Controlla tutte le caratteristiche funzionali di Logo Showcase. Puoi gestirli direttamente nell&#8217;editor e ti aiuteranno a creare il widget adatto al tuo caso. <\/p><ul><li> Collega ogni logo a qualsiasi pagina web; <\/li><li>L&#8217;intestazione commutabile ha titolo e testo con formattazione supportata; <\/li><li>Il pulsante CTA pu\u00f2 essere collegato a qualsiasi pagina web; <\/li><li>Tre layout widget bilanciati: Slider, Grid e Carousel; <\/li><li>L&#8217;opzione per adattare la dimensione del logo e la larghezza del widget; <\/li><li> Seleziona un colore di sfondo o utilizza la tua immagine. <\/li><\/ul><p><a href=\"#demo\">Puoi testare tutte le funzionalit\u00e0 del widget direttamente nella demo<\/a><\/p><\/div> <div class=\"application-platform-content-item-installation application-platform-content-item\" id=\"installation\" data-nav-section=\"installation\"> <h2>Come posso incorporare Logo Showcase nel sito WordPress? <\/h2><div class=\"video-container\"><iframe width=\"560\" height=\"315\" src=\"https:\/\/www.youtube.com\/embed\/W3ZgG9V34tA?si=6MrQ3WJRoxEiCyML\" frameborder=\"0\" allow=\"accelerometer; autoplay; clipboard-write; encrypted-media; gyroscope; picture-in-picture; web-share\" allowfullscreen><\/iframe><\/div><p>Basta seguire i passaggi presentati di seguito per aggiungere lo strumento su WordPress.<\/p> <ol><li><b>Gestisci il nostro configuratore gratuito e inizia a creare il tuo strumento personalizzato . <\/b><br> Determina l&#8217;aspetto e le caratteristiche preferite dello strumento e applica le correzioni. <\/li> <li><b>Ricevi il codice personale che appare nell&#8217;apposito modulo su Elfsight Apps. <\/b><br> Subito dopo aver terminato la generazione del plug-in Logo Showcase, copia il codice esclusivo nel popup visualizzato e salvalo per occasioni future. <\/li> <li><b>Inizia a utilizzare il plug-in sul tuo sito Web WordPress. <\/b><br> Inserisci il codice copiato in precedenza nel tuo sito web e salva le modifiche. <\/li> <li><b>L&#8217;installazione \u00e8 stata eseguita con successo. <\/b><br> Vai al tuo sito per verificare come funziona lo strumento. <\/li><\/ol> <p>Sei libero di comunicare con il supporto clienti Elfsight se hai bisogno di assistenza o hai problemi. Saremo lieti di aiutarvi con ogni richiesta. <\/p><div class=\"faq\" data-component=\"FAQ\"><div class=\"faq-item\">\r\n\t\t\t\t\t<div class=\"faq-item-question\">\r\n\t\t\t\t\t\t<h3 class=\"faq-item-question-text\">Come posso incorporare una vetrina del logo per WordPress nel mio sito web Webflow senza competenze di codifica?<\/h3>\r\n\r\n\t\t\t\t\t\t<div class=\"faq-item-question-icon\"><\/div>\r\n\t\t\t\t\t<\/div>\r\n\r\n\t\t\t\t\t<div class=\"faq-item-answer\">\r\n\t\t\t\t\t\t<div class=\"faq-item-answer-text\"><p>Elfsight fornisce una soluzione basata su cloud che consente agli utenti di creare una vetrina del logo per WordPress stessi. Scopri quanto \u00e8 semplice il processo:<\/p><ul><li>Accedi all&#8217;editor online per generare una sezione Logo Showcase per WordPress che desideri integrare nel tuo sito web Webflow.<\/li><li>Scegli uno dei i nostri modelli predefiniti e personalizza le impostazioni di Logo Showcase per WordPress, modifica il layout e la combinazione di colori, includi i tuoi contenuti senza alcuna necessit\u00e0 di codifica.<\/li><li>Salva le impostazioni che hai configurato per Logo Showcase per WordPress e ottieni il codice per incorporare la vetrina, che pu\u00f2 essere aggiunto facilmente e gratuitamente al tuo sito Webflow.<\/li><\/ul><p>Lavorando nell&#8217;editor intuitivo, qualsiasi utente di Internet pu\u00f2 creare una vetrina con logo per WordPress e incorporarlo nel loro sito Web Webflow. Non \u00e8 richiesto il pagamento o la divulgazione dei dati della tua carta per accedere all&#8217;editor Elfsight. Se riscontri difficolt\u00e0 in qualsiasi momento, non esitare a contattare la nostra assistenza clienti.<\/p><\/div>\r\n\t\t\t\t\t<\/div>\r\n\t\t\t\t<\/div><\/div><\/div>\n","protected":false},"excerpt":{"rendered":"","protected":false},"author":9,"featured_media":0,"parent":1700,"menu_order":0,"comment_status":"closed","ping_status":"closed","template":"templates\/template-application-platform.php","meta":{"publish_to_discourse":"","publish_post_category":"","wpdc_auto_publish_overridden":"","wpdc_topic_tags":"","wpdc_pin_topic":"","wpdc_pin_until":"","discourse_post_id":"","discourse_permalink":"","wpdc_publishing_response":"","wpdc_publishing_error":"","footnotes":""},"class_list":["post-5011","page","type-page","status-publish","hentry"],"yoast_head":"<!-- This site is optimized with the Yoast SEO plugin v25.3.1 - https:\/\/yoast.com\/wordpress\/plugins\/seo\/ -->\n<title>Logo Showcase: aggiungi il plug-in Logo Carousel al sito Web WordPress (2026)<\/title>\n<meta name=\"description\" content=\"\u00c8 semplicissimo creare il tuo plugin Logo Showcase e aggiungerlo al tuo sito WordPress. Il servizio clienti Elfsight \u00e8 gratuito e veloce.\" \/>\n<meta name=\"robots\" content=\"index, follow, max-snippet:-1, max-image-preview:large, max-video-preview:-1\" \/>\n<link rel=\"canonical\" href=\"https:\/\/elfsight.com\/it\/logo-showcase-widget\/wordpress\/\" \/>\n<meta property=\"og:locale\" content=\"it_IT\" \/>\n<meta property=\"og:type\" content=\"article\" \/>\n<meta property=\"og:title\" content=\"Logo Showcase: aggiungi il plug-in Logo Carousel al sito Web WordPress (2026)\" \/>\n<meta property=\"og:description\" content=\"\u00c8 semplicissimo creare il tuo plugin Logo Showcase e aggiungerlo al tuo sito WordPress. Il servizio clienti Elfsight \u00e8 gratuito e veloce.\" \/>\n<meta property=\"og:url\" content=\"https:\/\/elfsight.com\/it\/logo-showcase-widget\/wordpress\/\" \/>\n<meta property=\"og:site_name\" content=\"Elfsight IT\" \/>\n<meta property=\"article:modified_time\" content=\"2025-03-21T15:25:01+00:00\" \/>\n<meta name=\"twitter:card\" content=\"summary_large_image\" \/>\n<meta name=\"twitter:label1\" content=\"Tempo di lettura stimato\" \/>\n\t<meta name=\"twitter:data1\" content=\"3 minuti\" \/>\n<!-- \/ Yoast SEO plugin. -->","yoast_head_json":{"title":"Logo Showcase: aggiungi il plug-in Logo Carousel al sito Web WordPress (2026)","description":"\u00c8 semplicissimo creare il tuo plugin Logo Showcase e aggiungerlo al tuo sito WordPress. Il servizio clienti Elfsight \u00e8 gratuito e veloce.","robots":{"index":"index","follow":"follow","max-snippet":"max-snippet:-1","max-image-preview":"max-image-preview:large","max-video-preview":"max-video-preview:-1"},"canonical":"https:\/\/elfsight.com\/it\/logo-showcase-widget\/wordpress\/","og_locale":"it_IT","og_type":"article","og_title":"Logo Showcase: aggiungi il plug-in Logo Carousel al sito Web WordPress (2026)","og_description":"\u00c8 semplicissimo creare il tuo plugin Logo Showcase e aggiungerlo al tuo sito WordPress. Il servizio clienti Elfsight \u00e8 gratuito e veloce.","og_url":"https:\/\/elfsight.com\/it\/logo-showcase-widget\/wordpress\/","og_site_name":"Elfsight IT","article_modified_time":"2025-03-21T15:25:01+00:00","twitter_card":"summary_large_image","twitter_misc":{"Tempo di lettura stimato":"3 minuti"},"schema":{"@context":"https:\/\/schema.org","@graph":[{"@type":"WebPage","@id":"https:\/\/elfsight.com\/it\/logo-showcase-widget\/wordpress\/","url":"https:\/\/elfsight.com\/it\/logo-showcase-widget\/wordpress\/","name":"Logo Showcase: aggiungi il plug-in Logo Carousel al sito Web WordPress (2026)","isPartOf":{"@id":"https:\/\/elfsight.com\/it\/#website"},"datePublished":"2024-05-03T06:40:59+00:00","dateModified":"2025-03-21T15:25:01+00:00","description":"\u00c8 semplicissimo creare il tuo plugin Logo Showcase e aggiungerlo al tuo sito WordPress. Il servizio clienti Elfsight \u00e8 gratuito e veloce.","breadcrumb":{"@id":"https:\/\/elfsight.com\/it\/logo-showcase-widget\/wordpress\/#breadcrumb"},"inLanguage":"it-IT","potentialAction":[{"@type":"ReadAction","target":["https:\/\/elfsight.com\/it\/logo-showcase-widget\/wordpress\/"]}]},{"@type":"BreadcrumbList","@id":"https:\/\/elfsight.com\/it\/logo-showcase-widget\/wordpress\/#breadcrumb","itemListElement":[{"@type":"ListItem","position":1,"name":"Home","item":"https:\/\/elfsight.com\/it\/"},{"@type":"ListItem","position":2,"name":"Logo Showcase","item":"https:\/\/elfsight.com\/it\/logo-showcase-widget\/"},{"@type":"ListItem","position":3,"name":"Logo Showcase &#8211; WordPress"}]},{"@type":"WebSite","@id":"https:\/\/elfsight.com\/it\/#website","url":"https:\/\/elfsight.com\/it\/","name":"Elfsight IT","description":"Just another Elfsight Sites site","potentialAction":[{"@type":"SearchAction","target":{"@type":"EntryPoint","urlTemplate":"https:\/\/elfsight.com\/it\/?s={search_term_string}"},"query-input":{"@type":"PropertyValueSpecification","valueRequired":true,"valueName":"search_term_string"}}],"inLanguage":"it-IT"}]}},"meta_box":{"industry":"","seo_heading":"","heading":"","description":"","cta_heading":"","cta_description":"","application":"1699","h1":"Vetrina del logo WordPress","h1_caption":"Mostra i loghi dei tuoi partner, sponsor o clienti, creando credibilit\u00e0 e fiducia per il tuo marchio nel tuo sito Web WordPress senza sforzo.","application_category":[],"applications_title":"","applications_request_title":"","applications_request_button_text":"","hero_text":"","hero_video":"","hero_video_schema_markup":"","selling_points_title":"","selling_points_caption":"","selling_points":[],"selling_points_cta_text":"","features_title":"","features":"","ed_cta_examples_text":"","ed_cta_examples_hidden":"","ed_cta_demo_text":"","ed_cta_demo_hidden":"","why_caption":"","why_editor_title":"","why_editor_text":"","why_team_title":"","why_team_text":"","why_service_title":"","why_service_text":"","template_catalog_visible":"0","template_catalog_title":"","template_catalog_text":"","template_catalog_categories_visible":"","demo_title":"Crea il tuo plug-in Logo Showcase","demo_caption":"Configura il tuo Logo Showcase e aggiungilo gratuitamente al tuo sito WordPress!","default_faq_hidden":"","app_template_category":[],"platform":"28","template_public_id":"","codecanyon_url":"","codecanyon_item_id":"","codecanyon_price":"","pricing_caption":"","pricing_elfsight_apps_hide_column":"","pricing_elfsight_apps_url":"","pricing_codecanyon_price_caption":"","integration_category":[],"integration_request_title":"","integration_request_cta":"","integration_platform":"","integrations":[],"platform_category":[],"video_schema_markup":"","price":"da $ 0 al mese","trial":"","benefits":[{"text":"Aiuto gratuito per l'installazione"},{"text":"Supporto eccezionale"},{"text":"Garanzia di rimborso di 14 giorni"},{"text":"Miglioramenti continui"}],"button_url":"#demo","button_target_blank":"0","button_nofollow":"0","attributes":[{"name":"Installazioni"},{"name":"Reattivo","content":"S\u00cc"},{"name":"Browser compatibili","content":"Firefox, Safari, Opera, Chrome, Edge"}],"tags":[],"tags_disable_links":"0","hide_more_platforms":"0","video_object":"","demo_hide_cta":"0","demo_hide_cloud_options":"0","pricing_title":"","pricing":[{"pricing_icon":"platform","pricing_title":"Elfsight Apps","pricing_title_caption":"Software multipiattaforma adatto a qualsiasi sito","pricing_price":"da $ 0 \/ mese","pricing_price_caption":"inizia con il piano gratuito","pricing_benefits":[{"text":"Siti web illimitati"},{"text":"Supporto professionale e puntuale"},{"text":"Aiuto per l'installazione gratuito"},{"text":"Prezzo da prendere per pi\u00f9 app"}],"pricing_button_text":"Aggiungi al sito web","pricing_button_url":"#demo"}],"related_apps_title":"","related_apps_hidden":"0","author":"","image":[],"title":"","job":"","social_networks":[]},"_links":{"self":[{"href":"https:\/\/elfsight.com\/it\/wp-json\/wp\/v2\/pages\/5011","targetHints":{"allow":["GET"]}}],"collection":[{"href":"https:\/\/elfsight.com\/it\/wp-json\/wp\/v2\/pages"}],"about":[{"href":"https:\/\/elfsight.com\/it\/wp-json\/wp\/v2\/types\/page"}],"author":[{"embeddable":true,"href":"https:\/\/elfsight.com\/it\/wp-json\/wp\/v2\/users\/9"}],"replies":[{"embeddable":true,"href":"https:\/\/elfsight.com\/it\/wp-json\/wp\/v2\/comments?post=5011"}],"version-history":[{"count":3,"href":"https:\/\/elfsight.com\/it\/wp-json\/wp\/v2\/pages\/5011\/revisions"}],"predecessor-version":[{"id":9728,"href":"https:\/\/elfsight.com\/it\/wp-json\/wp\/v2\/pages\/5011\/revisions\/9728"}],"up":[{"embeddable":true,"href":"https:\/\/elfsight.com\/it\/wp-json\/wp\/v2\/pages\/1700"}],"wp:attachment":[{"href":"https:\/\/elfsight.com\/it\/wp-json\/wp\/v2\/media?parent=5011"}],"curies":[{"name":"wp","href":"https:\/\/api.w.org\/{rel}","templated":true}]}}