{"id":5010,"date":"2024-05-03T06:40:58","date_gmt":"2024-05-03T06:40:58","guid":{"rendered":"https:\/\/elfsight.com\/it\/?page_id=5010"},"modified":"2024-11-12T08:30:54","modified_gmt":"2024-11-12T08:30:54","slug":"facebook","status":"publish","type":"page","link":"https:\/\/elfsight.com\/it\/logo-showcase-widget\/facebook\/","title":{"rendered":"Logo Showcase &#8211; Facebook Page"},"content":{"rendered":"<div class=\"application-platform-content-item-description application-platform-content-item\" id=\"description\" data-nav-section=\"description\"><h2>Descrizione<\/h2> <p>Elfsight Logo Showcase \u00e8 lo strumento pi\u00f9 semplice per mostrare i loghi di pi\u00f9 partner o sponsor o le vostre menzioni stampa su il tuo sito web. Utilizzando il widget Elfsight, dimostrerai che la tua attivit\u00e0 \u00e8 un compagno affidabile e sosterrai una buona visione della tua attivit\u00e0. Il widget ti consente di aggiungere infiniti loghi, inserirli in uno slider o in una griglia e modificare la dimensione dei loghi. Puoi aggiungere didascalie e collegamenti ai siti Web delle aziende. Utilizzando le opzioni di colori e caratteri, \u00e8 facile costruire un&#8217;interfaccia unica. <\/p><p><b>Incrementa le vendite dimostrando il tuo impeccabile nome commerciale, con i loghi dei clienti sul tuo sito. <\/b><\/p><\/div> <div class=\"application-platform-content-item-features application-platform-content-item\" id=\"features\" data-nav-section=\"features\"><h2>Caratteristiche<\/h2> <p>Qui puoi vedere tutti i tratti funzionali di Logo Showcase. Puoi impostarli direttamente nell&#8217;editor e ti aiuteranno a configurare il widget appositamente per il tuo caso. <\/p><ul><li>Puoi collegare i loghi a qualsiasi indirizzo; <\/li><li>Intestazione flessibile con titolo e testo con impostazioni di formattazione; <\/li><li>Il pulsante CTA pu\u00f2 essere collegato a qualsiasi pagina; <\/li><li>3 layout widget bilanciati: Slider, Grid e Carousel; <\/li><li>Una funzionalit\u00e0 per impostare la dimensione del logo e il parametro della larghezza del widget; <\/li><li>L&#8217;opzione per selezionare qualsiasi colore di sfondo o aggiungere la tua immagine. <\/li><\/ul><p><a href=\"#demo\">Prova tutte le altre funzioni nella demo<\/a><\/p><\/div> <div class=\"application-platform-content-item-installation application-platform-content-item\" id=\"installation\" data-nav-section=\"installation\"><h2> Come aggiungere Logo Showcase alla scheda della mia pagina Facebook? <\/h2><p>Per incorporare il widget, segui semplicemente le istruzioni seguenti<\/p><ul><li><b>Genera il tuo widget logo personale<\/b><br>Con l&#8217;aiuto del nostro configuratore gratuito, crea un plugin con un&#8217;interfaccia e funzionalit\u00e0 preferite. <\/li><li><b>Ottieni il tuo codice personale per configurare il plugin<\/b><br>Dopo aver personalizzato il tuo widget, otterrai il codice univoco dalla finestra popup su Elfsight Apps. Copia questo codice per un uso successivo. <\/li><li><b>Aggiungi la scheda Logo alla pagina Facebook<\/b><br> Crea la tua scheda Facebook personalizzata. Inserisci nella scheda il codice che hai ricevuto su elfsight apps. In caso di problemi, consulta la nostra guida su <a href=\"https:\/\/elfsight.com\/blog\/how-to-add-custom-tab-to-facebook-page\/\" target=\"_blank\" rel=\"noopener noreferrer\">creazione di una scheda Facebook personalizzata<\/a><\/li><li><b>Hai finito! <\/b><br>Inserisci il tuo sito web per visualizzare il tuo plugin. <\/li><\/ul><p>Sentiti libero di contattare l&#8217;assistenza clienti Elfsight se hai bisogno di consigli o hai domande. Daremo una mano con ogni richiesta. <\/p><div class=\"faq\" data-component=\"FAQ\"><div class=\"faq-item\">\r\n\t\t\t\t\t<div class=\"faq-item-question\">\r\n\t\t\t\t\t\t<h3 class=\"faq-item-question-text\">In che modo \u00e8 possibile aggiungere Logo Showcase alla home page della mia pagina Facebook senza conoscenze di codifica?<\/h3>\r\n\r\n\t\t\t\t\t\t<div class=\"faq-item-question-icon\"><\/div>\r\n\t\t\t\t\t<\/div>\r\n\r\n\t\t\t\t\t<div class=\"faq-item-answer\">\r\n\t\t\t\t\t\t<div class=\"faq-item-answer-text\"> <p>La societ\u00e0 Elfsight offre una soluzione cloud che consente agli utenti di generare un Logo Showcase widget tu stesso, guarda i semplici passaggi: Vai all&#8217;editor online per creare una sezione Vetrina del logo che desideri includere nella pagina web della Pagina Facebook. Scegli uno dei nostri modelli predefiniti e modifica le impostazioni di Logo Showcase, cambia il layout e la combinazione di colori e aggiorna i tuoi contenuti, senza alcuna conoscenza di codifica. Salva le impostazioni che hai effettuato su Logo Showcase e copia il suo codice di installazione, che potrai semplicemente includere gratuitamente nel sito della Pagina Facebook. Con il nostro editor intuitivo ogni utente web pu\u00f2 generare il plugin Logo Showcase online e incollarlo semplicemente nel sito web della Pagina Facebook. Non \u00e8 necessario sottoscrivere un piano a pagamento o inviare le credenziali della carta per accedere al servizio Elfsight. Se riscontri problemi di qualsiasi tipo, non esitare a rivolgerti al nostro team di supporto tecnico.<\/p> <\/div>\r\n\t\t\t\t\t<\/div>\r\n\t\t\t\t<\/div> <\/div><\/div>","protected":false},"excerpt":{"rendered":"","protected":false},"author":9,"featured_media":0,"parent":1700,"menu_order":0,"comment_status":"closed","ping_status":"closed","template":"templates\/template-application-platform.php","meta":{"publish_to_discourse":"","publish_post_category":"","wpdc_auto_publish_overridden":"","wpdc_topic_tags":"","wpdc_pin_topic":"","wpdc_pin_until":"","discourse_post_id":"","discourse_permalink":"","wpdc_publishing_response":"","wpdc_publishing_error":"","footnotes":""},"class_list":["post-5010","page","type-page","status-publish","hentry"],"yoast_head":"<!-- This site is optimized with the Yoast SEO plugin v25.3.1 - https:\/\/yoast.com\/wordpress\/plugins\/seo\/ -->\n<title>Logo Carousel - Aggiungi widget logo alla pagina aziendale di Facebook (2025)<\/title>\n<meta name=\"description\" content=\"\u00c8 semplicissimo creare il tuo widget Logo Showcase e aggiungerlo alla tua pagina Facebook Business. Il servizio clienti Elfsight \u00e8 gratuito e veloce.\" \/>\n<meta name=\"robots\" content=\"index, follow, max-snippet:-1, max-image-preview:large, max-video-preview:-1\" \/>\n<link rel=\"canonical\" href=\"https:\/\/elfsight.com\/it\/logo-showcase-widget\/facebook\/\" \/>\n<meta property=\"og:locale\" content=\"it_IT\" \/>\n<meta property=\"og:type\" content=\"article\" \/>\n<meta property=\"og:title\" content=\"Logo Carousel - Aggiungi widget logo alla pagina aziendale di Facebook (2025)\" \/>\n<meta property=\"og:description\" content=\"\u00c8 semplicissimo creare il tuo widget Logo Showcase e aggiungerlo alla tua pagina Facebook Business. Il servizio clienti Elfsight \u00e8 gratuito e veloce.\" \/>\n<meta property=\"og:url\" content=\"https:\/\/elfsight.com\/it\/logo-showcase-widget\/facebook\/\" \/>\n<meta property=\"og:site_name\" content=\"Elfsight IT\" \/>\n<meta property=\"article:modified_time\" content=\"2024-11-12T08:30:54+00:00\" \/>\n<meta name=\"twitter:card\" content=\"summary_large_image\" \/>\n<meta name=\"twitter:label1\" content=\"Tempo di lettura stimato\" \/>\n\t<meta name=\"twitter:data1\" content=\"3 minuti\" \/>\n<!-- \/ Yoast SEO plugin. -->","yoast_head_json":{"title":"Logo Carousel - Aggiungi widget logo alla pagina aziendale di Facebook (2025)","description":"\u00c8 semplicissimo creare il tuo widget Logo Showcase e aggiungerlo alla tua pagina Facebook Business. Il servizio clienti Elfsight \u00e8 gratuito e veloce.","robots":{"index":"index","follow":"follow","max-snippet":"max-snippet:-1","max-image-preview":"max-image-preview:large","max-video-preview":"max-video-preview:-1"},"canonical":"https:\/\/elfsight.com\/it\/logo-showcase-widget\/facebook\/","og_locale":"it_IT","og_type":"article","og_title":"Logo Carousel - Aggiungi widget logo alla pagina aziendale di Facebook (2025)","og_description":"\u00c8 semplicissimo creare il tuo widget Logo Showcase e aggiungerlo alla tua pagina Facebook Business. Il servizio clienti Elfsight \u00e8 gratuito e veloce.","og_url":"https:\/\/elfsight.com\/it\/logo-showcase-widget\/facebook\/","og_site_name":"Elfsight IT","article_modified_time":"2024-11-12T08:30:54+00:00","twitter_card":"summary_large_image","twitter_misc":{"Tempo di lettura stimato":"3 minuti"},"schema":{"@context":"https:\/\/schema.org","@graph":[{"@type":"WebPage","@id":"https:\/\/elfsight.com\/it\/logo-showcase-widget\/facebook\/","url":"https:\/\/elfsight.com\/it\/logo-showcase-widget\/facebook\/","name":"Logo Carousel - Aggiungi widget logo alla pagina aziendale di Facebook (2025)","isPartOf":{"@id":"https:\/\/elfsight.com\/it\/#website"},"datePublished":"2024-05-03T06:40:58+00:00","dateModified":"2024-11-12T08:30:54+00:00","description":"\u00c8 semplicissimo creare il tuo widget Logo Showcase e aggiungerlo alla tua pagina Facebook Business. Il servizio clienti Elfsight \u00e8 gratuito e veloce.","breadcrumb":{"@id":"https:\/\/elfsight.com\/it\/logo-showcase-widget\/facebook\/#breadcrumb"},"inLanguage":"it-IT","potentialAction":[{"@type":"ReadAction","target":["https:\/\/elfsight.com\/it\/logo-showcase-widget\/facebook\/"]}]},{"@type":"BreadcrumbList","@id":"https:\/\/elfsight.com\/it\/logo-showcase-widget\/facebook\/#breadcrumb","itemListElement":[{"@type":"ListItem","position":1,"name":"Home","item":"https:\/\/elfsight.com\/it\/"},{"@type":"ListItem","position":2,"name":"Logo Showcase","item":"https:\/\/elfsight.com\/it\/logo-showcase-widget\/"},{"@type":"ListItem","position":3,"name":"Logo Showcase &#8211; Facebook Page"}]},{"@type":"WebSite","@id":"https:\/\/elfsight.com\/it\/#website","url":"https:\/\/elfsight.com\/it\/","name":"Elfsight IT","description":"Just another Elfsight Sites site","potentialAction":[{"@type":"SearchAction","target":{"@type":"EntryPoint","urlTemplate":"https:\/\/elfsight.com\/it\/?s={search_term_string}"},"query-input":{"@type":"PropertyValueSpecification","valueRequired":true,"valueName":"search_term_string"}}],"inLanguage":"it-IT"}]}},"meta_box":{"industry":"","seo_heading":"","heading":"","description":"","cta_heading":"","cta_description":"","application":"1699","h1":"Vetrina del logo per la pagina aziendale di Facebook","h1_caption":"Mostra i loghi dei tuoi partner, sponsor o clienti, creando credibilit\u00e0 e fiducia per il tuo marchio nel sito web della tua Pagina Facebook senza sforzo.","application_category":[],"applications_title":"","applications_request_title":"","applications_request_button_text":"","hero_text":"","hero_video":"","hero_video_schema_markup":"","selling_points_title":"","selling_points_caption":"","selling_points":[],"selling_points_cta_text":"","features_title":"","features":"","ed_cta_examples_text":"","ed_cta_examples_hidden":"","ed_cta_demo_text":"","ed_cta_demo_hidden":"","why_caption":"","why_editor_title":"","why_editor_text":"","why_team_title":"","why_team_text":"","why_service_title":"","why_service_text":"","template_catalog_visible":"","template_catalog_title":"","template_catalog_text":"","template_catalog_categories_visible":"","demo_title":"Crea il tuo widget Vetrina del logo","demo_caption":"Configura la tua Vetrina del Logo e aggiungila gratuitamente al sito della tua Pagina Facebook!","default_faq_hidden":"","app_template_category":[],"platform":"77","template_public_id":"","codecanyon_url":"","codecanyon_item_id":"","codecanyon_price":"","pricing_caption":"","pricing_elfsight_apps_hide_column":"","pricing_elfsight_apps_url":"","pricing_codecanyon_price_caption":"","integration_category":[],"integration_request_title":"","integration_request_cta":"","integration_platform":"","integrations":[],"platform_category":[],"video_schema_markup":"","price":"da $ 0 al mese","trial":"","benefits":[{"text":"Assistenza per l'installazione gratuita"},{"text":"Supporto premium"},{"text":"Garanzia di rimborso di 14 giorni"},{"text":"Servizio clienti competente"}],"button_url":"#demo","button_target_blank":"","button_nofollow":"","attributes":[{"name":"Installazioni"},{"name":"Reattivo","content":"S\u00cc"},{"name":"Browser compatibili","content":"Firefox, Safari, Opera, Chrome, Edge"}],"tags":[],"tags_disable_links":"","hide_more_platforms":"","video_object":"","demo_hide_cta":"","demo_hide_cloud_options":"","pricing_title":"","pricing":[{"pricing_icon":"platform","pricing_title":"Elfsight Apps","pricing_title_caption":"Software multipiattaforma","pricing_price":"da $ 0 \/ mese","pricing_price_caption":"inizia con il piano gratuito","pricing_benefits":[{"text":"Domini illimitati"},{"text":"Assistenza clienti dedicata"},{"text":"Aiuto per l'installazione gratuito"},{"text":"100% personalizzabile"}],"pricing_button_text":"Aggiungi al sito web","pricing_button_url":"#demo"}],"related_apps_title":"","related_apps_hidden":"","author":"","image":[],"title":"","job":"","social_networks":[]},"_links":{"self":[{"href":"https:\/\/elfsight.com\/it\/wp-json\/wp\/v2\/pages\/5010","targetHints":{"allow":["GET"]}}],"collection":[{"href":"https:\/\/elfsight.com\/it\/wp-json\/wp\/v2\/pages"}],"about":[{"href":"https:\/\/elfsight.com\/it\/wp-json\/wp\/v2\/types\/page"}],"author":[{"embeddable":true,"href":"https:\/\/elfsight.com\/it\/wp-json\/wp\/v2\/users\/9"}],"replies":[{"embeddable":true,"href":"https:\/\/elfsight.com\/it\/wp-json\/wp\/v2\/comments?post=5010"}],"version-history":[{"count":1,"href":"https:\/\/elfsight.com\/it\/wp-json\/wp\/v2\/pages\/5010\/revisions"}],"predecessor-version":[{"id":5014,"href":"https:\/\/elfsight.com\/it\/wp-json\/wp\/v2\/pages\/5010\/revisions\/5014"}],"up":[{"embeddable":true,"href":"https:\/\/elfsight.com\/it\/wp-json\/wp\/v2\/pages\/1700"}],"wp:attachment":[{"href":"https:\/\/elfsight.com\/it\/wp-json\/wp\/v2\/media?parent=5010"}],"curies":[{"name":"wp","href":"https:\/\/api.w.org\/{rel}","templated":true}]}}