{"id":5004,"date":"2024-05-03T06:40:56","date_gmt":"2024-05-03T06:40:56","guid":{"rendered":"https:\/\/elfsight.com\/it\/?page_id=5004"},"modified":"2024-11-12T08:30:54","modified_gmt":"2024-11-12T08:30:54","slug":"drupal","status":"publish","type":"page","link":"https:\/\/elfsight.com\/it\/logo-showcase-widget\/drupal\/","title":{"rendered":"Logo Showcase &#8211; Drupal"},"content":{"rendered":"<div class=\"application-platform-content-item-description application-platform-content-item\" id=\"description\" data-nav-section=\"description\"><h2>Descrizione<\/h2> <p>Elfsight Logo Showcase \u00e8 il modo pi\u00f9 pratico per mostrare i loghi dei clienti o degli sponsor pi\u00f9 importanti o le tue menzioni sulla stampa del sito. Utilizzando il nostro widget, dimostri che la tua azienda \u00e8 un alleato commerciale rispettabile e mantieni una buona visione del tuo marchio. Il widget ti consente di visualizzare tutto l&#8217;elenco dei loghi, disporli in un carosello o in una griglia e variare la dimensione delle immagini. \u00c8 possibile inserire didascalie e un collegamento al sito Web dell&#8217;azienda. Con l&#8217;aiuto delle impostazioni di colori e caratteri, \u00e8 facile impostare un aspetto unico. <\/p><p><b>Aumenta la fiducia della tua azienda. <\/b><\/p><\/div> <div class=\"application-platform-content-item-features application-platform-content-item\" id=\"features\" data-nav-section=\"features\"><h2>Caratteristiche<\/h2> <p>Qui puoi vedere tutte le funzioni di Logo Showcase. Sono disponibili direttamente nell&#8217;editor e ti aiuteranno a modellare il widget adatto alle tue esigenze. <\/p><ul><li>Puoi collegare i loghi a qualsiasi pagina web; <\/li><li>Intestazione flessibile con titolo e testo con formattazione supportata; <\/li><li>Il pulsante CTA pu\u00f2 essere collegato a qualsiasi pagina; <\/li><li>Tre diversi layout: Slider, Grid e Carousel; <\/li><li>L&#8217;opzione per variare la dimensione del logo e il parametro della larghezza del widget; <\/li><li>L&#8217;opzione per selezionare qualsiasi colore di sfondo o caricare un file personalizzato. <\/li><\/ul><p><a href=\"#demo\">Scopri come funzionano tutte le funzionalit\u00e0, nella nostra demo<\/a><\/p><\/div><div class=\"application-platform-content-item-installation application-platform-content-item\" id=\"installation\" data-nav-section=\"installation\"> <h2>Come aggiungo Logo Showcase a Drupal?<\/h2><p>Per integrare il widget, esegui diversi rapidi passaggi<\/p><ol><li><b>Gestisci il nostro editor gratuito e inizia a creare il tuo modulo unico . <\/b><br> Specifica l&#8217;aspetto e le caratteristiche funzionali desiderabili del modulo e salva tutte le correzioni. <\/li> <li><b>Copia il codice univoco mostrato nel riquadro su Elfsight Apps. <\/b><br> Una volta terminata la personalizzazione del tuo modulo personale, copia il codice esclusivo nella finestra visualizzata e salvalo per un ulteriore utilizzo. <\/li> <li><b>Inizia a utilizzare il modulo sul sito Drupal. <\/b><br> Incorpora il codice che hai salvato in precedenza nel tuo sito web e applica i miglioramenti. <\/li> <li><b>L&#8217;installazione \u00e8 stata completata con successo. <\/b><br> Vai al tuo sito web per esaminare il funzionamento del modulo. <\/li><\/ol><p>Sei libero di comunicare con l&#8217;assistenza clienti Elfsight se hai bisogno di assistenza o hai problemi. I nostri specialisti daranno una mano per ogni richiesta. <\/p><div class=\"faq\" data-component=\"FAQ\"><div class=\"faq-item\">\r\n\t\t\t\t\t<div class=\"faq-item-question\">\r\n\t\t\t\t\t\t<h3 class=\"faq-item-question-text\">In che modo \u00e8 possibile incorporare un Logo Showcase nella mia home page Drupal senza conoscenze di programmazione?<\/h3>\r\n\r\n\t\t\t\t\t\t<div class=\"faq-item-question-icon\"><\/div>\r\n\t\t\t\t\t<\/div>\r\n\r\n\t\t\t\t\t<div class=\"faq-item-answer\">\r\n\t\t\t\t\t\t<div class=\"faq-item-answer-text\"> <p>La societ\u00e0 Elfsight offre una soluzione cloud che consente alle persone di creare un plug-in Logo Showcase tu stesso, verifica quanto \u00e8 semplice: vai alla demo online per creare un widget Logo Showcase che desideri integrare sul tuo Drupal. Seleziona uno dei nostri modelli predefiniti e adatta le impostazioni di Logo Showcase, modifica il layout e il colore degli elementi inclusi i tuoi contenuti, senza esperienza di codifica. Fai clic per salvare Logo Showcase e copia il suo codice di installazione, che pu\u00f2 essere aggiunto in qualsiasi home page Drupal senza acquistare un abbonamento a pagamento. Lavorando nel nostro configuratore intuitivo, qualsiasi utente web pu\u00f2 creare una vetrina del logo e incorporarla facilmente nel sito Web Drupal. Non \u00e8 necessario sottoscrivere un abbonamento a pagamento o inviare i dati della carta per accedere all&#8217;editor. Se riscontri problemi di qualsiasi tipo, contatta la nostra assistenza clienti.<\/p> <\/div>\r\n\t\t\t\t\t<\/div>\r\n\t\t\t\t<\/div> <\/div><\/div><p><\/p><!-- \/wp:paragrafo -->","protected":false},"excerpt":{"rendered":"","protected":false},"author":9,"featured_media":0,"parent":1700,"menu_order":0,"comment_status":"closed","ping_status":"closed","template":"templates\/template-application-platform.php","meta":{"publish_to_discourse":"","publish_post_category":"","wpdc_auto_publish_overridden":"","wpdc_topic_tags":"","wpdc_pin_topic":"","wpdc_pin_until":"","discourse_post_id":"","discourse_permalink":"","wpdc_publishing_response":"","wpdc_publishing_error":"","footnotes":""},"class_list":["post-5004","page","type-page","status-publish","hentry"],"yoast_head":"<!-- This site is optimized with the Yoast SEO plugin v25.3.1 - https:\/\/yoast.com\/wordpress\/plugins\/seo\/ -->\n<title>Logo Carusel: aggiungi il modulo Logo Carousel al sito Web Drupal (2025)<\/title>\n<meta name=\"description\" content=\"\u00c8 semplicissimo creare il modulo Logo Showcase e aggiungerlo al tuo sito Drupal. Il servizio clienti Elfsight \u00e8 gratuito e veloce.\" \/>\n<meta name=\"robots\" content=\"index, follow, max-snippet:-1, max-image-preview:large, max-video-preview:-1\" \/>\n<link rel=\"canonical\" href=\"https:\/\/elfsight.com\/it\/logo-showcase-widget\/drupal\/\" \/>\n<meta property=\"og:locale\" content=\"it_IT\" \/>\n<meta property=\"og:type\" content=\"article\" \/>\n<meta property=\"og:title\" content=\"Logo Carusel: aggiungi il modulo Logo Carousel al sito Web Drupal (2025)\" \/>\n<meta property=\"og:description\" content=\"\u00c8 semplicissimo creare il modulo Logo Showcase e aggiungerlo al tuo sito Drupal. Il servizio clienti Elfsight \u00e8 gratuito e veloce.\" \/>\n<meta property=\"og:url\" content=\"https:\/\/elfsight.com\/it\/logo-showcase-widget\/drupal\/\" \/>\n<meta property=\"og:site_name\" content=\"Elfsight IT\" \/>\n<meta property=\"article:modified_time\" content=\"2024-11-12T08:30:54+00:00\" \/>\n<meta name=\"twitter:card\" content=\"summary_large_image\" \/>\n<meta name=\"twitter:label1\" content=\"Tempo di lettura stimato\" \/>\n\t<meta name=\"twitter:data1\" content=\"3 minuti\" \/>\n<!-- \/ Yoast SEO plugin. -->","yoast_head_json":{"title":"Logo Carusel: aggiungi il modulo Logo Carousel al sito Web Drupal (2025)","description":"\u00c8 semplicissimo creare il modulo Logo Showcase e aggiungerlo al tuo sito Drupal. Il servizio clienti Elfsight \u00e8 gratuito e veloce.","robots":{"index":"index","follow":"follow","max-snippet":"max-snippet:-1","max-image-preview":"max-image-preview:large","max-video-preview":"max-video-preview:-1"},"canonical":"https:\/\/elfsight.com\/it\/logo-showcase-widget\/drupal\/","og_locale":"it_IT","og_type":"article","og_title":"Logo Carusel: aggiungi il modulo Logo Carousel al sito Web Drupal (2025)","og_description":"\u00c8 semplicissimo creare il modulo Logo Showcase e aggiungerlo al tuo sito Drupal. Il servizio clienti Elfsight \u00e8 gratuito e veloce.","og_url":"https:\/\/elfsight.com\/it\/logo-showcase-widget\/drupal\/","og_site_name":"Elfsight IT","article_modified_time":"2024-11-12T08:30:54+00:00","twitter_card":"summary_large_image","twitter_misc":{"Tempo di lettura stimato":"3 minuti"},"schema":{"@context":"https:\/\/schema.org","@graph":[{"@type":"WebPage","@id":"https:\/\/elfsight.com\/it\/logo-showcase-widget\/drupal\/","url":"https:\/\/elfsight.com\/it\/logo-showcase-widget\/drupal\/","name":"Logo Carusel: aggiungi il modulo Logo Carousel al sito Web Drupal (2025)","isPartOf":{"@id":"https:\/\/elfsight.com\/it\/#website"},"datePublished":"2024-05-03T06:40:56+00:00","dateModified":"2024-11-12T08:30:54+00:00","description":"\u00c8 semplicissimo creare il modulo Logo Showcase e aggiungerlo al tuo sito Drupal. Il servizio clienti Elfsight \u00e8 gratuito e veloce.","breadcrumb":{"@id":"https:\/\/elfsight.com\/it\/logo-showcase-widget\/drupal\/#breadcrumb"},"inLanguage":"it-IT","potentialAction":[{"@type":"ReadAction","target":["https:\/\/elfsight.com\/it\/logo-showcase-widget\/drupal\/"]}]},{"@type":"BreadcrumbList","@id":"https:\/\/elfsight.com\/it\/logo-showcase-widget\/drupal\/#breadcrumb","itemListElement":[{"@type":"ListItem","position":1,"name":"Home","item":"https:\/\/elfsight.com\/it\/"},{"@type":"ListItem","position":2,"name":"Logo Showcase","item":"https:\/\/elfsight.com\/it\/logo-showcase-widget\/"},{"@type":"ListItem","position":3,"name":"Logo Showcase &#8211; Drupal"}]},{"@type":"WebSite","@id":"https:\/\/elfsight.com\/it\/#website","url":"https:\/\/elfsight.com\/it\/","name":"Elfsight IT","description":"Just another Elfsight Sites site","potentialAction":[{"@type":"SearchAction","target":{"@type":"EntryPoint","urlTemplate":"https:\/\/elfsight.com\/it\/?s={search_term_string}"},"query-input":{"@type":"PropertyValueSpecification","valueRequired":true,"valueName":"search_term_string"}}],"inLanguage":"it-IT"}]}},"meta_box":{"industry":"","seo_heading":"","heading":"","description":"","cta_heading":"","cta_description":"","application":"1699","h1":"Vetrina del logo Drupal","h1_caption":"Mostra i loghi dei tuoi partner, sponsor o clienti, creando credibilit\u00e0 e fiducia per il tuo marchio nel tuo sito Drupal senza sforzo.","application_category":[],"applications_title":"","applications_request_title":"","applications_request_button_text":"","hero_text":"","hero_video":"","hero_video_schema_markup":"","selling_points_title":"","selling_points_caption":"","selling_points":[],"selling_points_cta_text":"","features_title":"","features":"","ed_cta_examples_text":"","ed_cta_examples_hidden":"","ed_cta_demo_text":"","ed_cta_demo_hidden":"","why_caption":"","why_editor_title":"","why_editor_text":"","why_team_title":"","why_team_text":"","why_service_title":"","why_service_text":"","template_catalog_visible":"","template_catalog_title":"","template_catalog_text":"","template_catalog_categories_visible":"","demo_title":"Crea il tuo modulo Logo Showcase","demo_caption":"Configura il tuo Logo Showcase e aggiungilo gratuitamente al tuo sito Drupal!","default_faq_hidden":"","app_template_category":[],"platform":"34","template_public_id":"","codecanyon_url":"","codecanyon_item_id":"","codecanyon_price":"","pricing_caption":"","pricing_elfsight_apps_hide_column":"","pricing_elfsight_apps_url":"","pricing_codecanyon_price_caption":"","integration_category":[],"integration_request_title":"","integration_request_cta":"","integration_platform":"","integrations":[],"platform_category":[],"video_schema_markup":"","price":"da $ 0 al mese","trial":"","benefits":[{"text":"Servizio di installazione gratuito"},{"text":"Supporto eccezionale"},{"text":"Garanzia di rimborso di 14 giorni"},{"text":"Sviluppo continuo"}],"button_url":"#demo","button_target_blank":"","button_nofollow":"","attributes":[{"name":"Installazioni"},{"name":"Reattivo","content":"S\u00cc"},{"name":"Browser compatibili","content":"Firefox, Safari, Opera, Chrome, Edge"}],"tags":[],"tags_disable_links":"","hide_more_platforms":"","video_object":"","demo_hide_cta":"","demo_hide_cloud_options":"","pricing_title":"","pricing":[{"pricing_icon":"platform","pricing_title":"Elfsight Apps","pricing_title_caption":"Versione indipendente dalla piattaforma che funziona su qualsiasi sito web","pricing_price":"da $ 0 \/ mese","pricing_price_caption":"inizia con il piano gratuito","pricing_benefits":[{"text":"Siti web illimitati"},{"text":"Supporto veloce"},{"text":"Servizio di installazione gratuito"},{"text":"Ottimo affare per pi\u00f9 app"}],"pricing_button_text":"Aggiungi al sito web","pricing_button_url":"#demo"}],"related_apps_title":"","related_apps_hidden":"","author":"","image":[],"title":"","job":"","social_networks":[]},"_links":{"self":[{"href":"https:\/\/elfsight.com\/it\/wp-json\/wp\/v2\/pages\/5004","targetHints":{"allow":["GET"]}}],"collection":[{"href":"https:\/\/elfsight.com\/it\/wp-json\/wp\/v2\/pages"}],"about":[{"href":"https:\/\/elfsight.com\/it\/wp-json\/wp\/v2\/types\/page"}],"author":[{"embeddable":true,"href":"https:\/\/elfsight.com\/it\/wp-json\/wp\/v2\/users\/9"}],"replies":[{"embeddable":true,"href":"https:\/\/elfsight.com\/it\/wp-json\/wp\/v2\/comments?post=5004"}],"version-history":[{"count":1,"href":"https:\/\/elfsight.com\/it\/wp-json\/wp\/v2\/pages\/5004\/revisions"}],"predecessor-version":[{"id":5008,"href":"https:\/\/elfsight.com\/it\/wp-json\/wp\/v2\/pages\/5004\/revisions\/5008"}],"up":[{"embeddable":true,"href":"https:\/\/elfsight.com\/it\/wp-json\/wp\/v2\/pages\/1700"}],"wp:attachment":[{"href":"https:\/\/elfsight.com\/it\/wp-json\/wp\/v2\/media?parent=5004"}],"curies":[{"name":"wp","href":"https:\/\/api.w.org\/{rel}","templated":true}]}}