{"id":4997,"date":"2024-05-03T06:40:53","date_gmt":"2024-05-03T06:40:53","guid":{"rendered":"https:\/\/elfsight.com\/it\/?page_id=4997"},"modified":"2024-11-12T08:30:45","modified_gmt":"2024-11-12T08:30:45","slug":"joomla","status":"publish","type":"page","link":"https:\/\/elfsight.com\/it\/logo-showcase-widget\/joomla\/","title":{"rendered":"Logo Showcase &#8211; Joomla"},"content":{"rendered":"<div class=\"application-platform-content-item-description application-platform-content-item\" id=\"description\" data-nav-section=\"description\"><h2>Descrizione<\/h2> <p>Elfsight Logo Showcase sar\u00e0 lo strumento pi\u00f9 semplice per rivelare pi\u00f9 loghi di clienti o sponsor o le tue menzioni sulla stampa sul tuo sito web. Con l&#8217;aiuto di questo widget convinci i visitatori che sei un compagno rispettabile e sostieni una buona percezione della tua attivit\u00e0. Il widget Elfsight ti consente di caricare infiniti loghi, organizzarli in uno slider o in una griglia e modificare la dimensione dei loghi. Puoi mostrare didascalie e un collegamento al sito web delle aziende. Utilizzando le funzionalit\u00e0 di colori e caratteri, sarai in grado di configurare un aspetto unico. <\/p><p><b>Aumenta le vendite mostrando la perfetta reputazione della tua azienda, con i loghi dei clienti sul tuo sito.<\/b><\/p><\/div><div class=\"application-platform-content-item-features application-platform-content-item\" id=\"features\" data-nav-section=\"features\"><h2> Caratteristiche<\/h2> <p>Qui puoi vedere tutte le caratteristiche funzionali di Logo Showcase. Sono disponibili direttamente nell&#8217;editor e ti aiuteranno a costruire il widget adatto al tuo caso d&#8217;uso. <\/p><ul><li> Collega i loghi a qualsiasi pagina web; <\/li><li>Intestazione del widget rimovibile che include titolo e testo con formattazione disponibile; <\/li><li>Il pulsante di invito all&#8217;azione pu\u00f2 portare con un clic a qualsiasi pagina web; <\/li><li>3 diversi layout dei widget: Slider, Grid e Carousel; <\/li><li>Una funzionalit\u00e0 per variare la dimensione del logo e il parametro della larghezza del widget; <\/li><li>Un&#8217;opzione per scegliere qualsiasi colore di sfondo o utilizzare la tua immagine. <\/li><\/ul><p><a href=\"#demo\">Puoi provare tutte le funzionalit\u00e0 del widget direttamente nella demo<\/a><\/p><\/div><div class=\"application-platform-content-item-installation application-platform-content-item\" id=\"installation\" data-nav-section=\"installation\"><h2>Come posso integrare Logo Showcase con il mio sito web Joomla? <\/h2><p>Basta applicare le istruzioni seguenti per integrare lo strumento su Joomla.<\/p> <ol><li><b>Utilizza il nostro editor gratuito e inizia a dare forma alla tua estensione Logo Showcase personalizzata. <\/b><br> Trova l&#8217;interfaccia personalizzata e le caratteristiche funzionali del plugin e salva le modifiche. <\/li> <li><b>Copia il codice personale che appare nell&#8217;apposito modulo su Elfsight Apps. <\/b><br> Non appena la personalizzazione del tuo strumento sar\u00e0 completata, copia il codice esclusivo nella finestra che appare e salvalo per ulteriori occasioni. <\/li> <li><b>Inizia a utilizzare lo strumento sul tuo sito Joomla. <\/b><br> Aggiungi il codice copiato prima nel tuo sito e applica i miglioramenti. <\/li> <li><b>L&#8217;installazione \u00e8 terminata con successo. <\/b><br> Visita il tuo sito per esaminare il funzionamento dello strumento. <\/li><\/ol><p>Prenditi un minuto per contattare il servizio clienti quando hai bisogno di consigli o hai domande. Daremo una mano con ogni richiesta. <\/p><div class=\"faq\" data-component=\"FAQ\"><div class=\"faq-item\">\r\n\t\t\t\t\t<div class=\"faq-item-question\">\r\n\t\t\t\t\t\t<h3 class=\"faq-item-question-text\">In che modo \u00e8 possibile incorporare una vetrina del logo nel mio Joomla senza esperienza di programmazione?<\/h3>\r\n\r\n\t\t\t\t\t\t<div class=\"faq-item-question-icon\"><\/div>\r\n\t\t\t\t\t<\/div>\r\n\r\n\t\t\t\t\t<div class=\"faq-item-answer\">\r\n\t\t\t\t\t\t<div class=\"faq-item-answer-text\"> <p>Elfsight offre una soluzione che consente agli utenti di creare da soli una sezione di vetrina del logo, scoprire quanto \u00e8 semplice: vai alla demo live per creare una sezione Vetrina del logo che desideri includere nella home page di Joomla. Scegli uno dei nostri modelli predefiniti e modifica le impostazioni di Logo Showcase, aggiorna i tuoi contenuti, modifica il layout e i colori senza codifica. Fai clic per salvare la vetrina del logo e copia il codice di installazione del plugin, che pu\u00f2 essere facilmente incluso gratuitamente nel sito Web Joomla. Con l&#8217;aiuto del nostro intuitivo configuratore ogni utente web pu\u00f2 creare una sezione Logo Showcase online e aggiungerla facilmente al sito web Joomla. Non dovresti sottoscrivere un abbonamento a pagamento o rivelare le credenziali della tua carta per accedere al servizio. Se riscontri problemi in qualsiasi momento, non esitare a metterti in contatto con il nostro staff di supporto tecnico.<\/p> <\/div>\r\n\t\t\t\t\t<\/div>\r\n\t\t\t\t<\/div> <\/div><\/div>","protected":false},"excerpt":{"rendered":"","protected":false},"author":9,"featured_media":0,"parent":1700,"menu_order":0,"comment_status":"closed","ping_status":"closed","template":"templates\/template-application-platform.php","meta":{"publish_to_discourse":"","publish_post_category":"","wpdc_auto_publish_overridden":"","wpdc_topic_tags":"","wpdc_pin_topic":"","wpdc_pin_until":"","discourse_post_id":"","discourse_permalink":"","wpdc_publishing_response":"","wpdc_publishing_error":"","footnotes":""},"class_list":["post-4997","page","type-page","status-publish","hentry"],"yoast_head":"<!-- This site is optimized with the Yoast SEO plugin v25.3.1 - https:\/\/yoast.com\/wordpress\/plugins\/seo\/ -->\n<title>Vetrina logo: aggiunta dell&#039;estensione Logo Carousel al sito Web Joomla (2025)<\/title>\n<meta name=\"description\" content=\"\u00c8 semplicissimo creare la tua estensione Logo Showcase e aggiungerla al tuo sito web Joomla. Il servizio clienti Elfsight \u00e8 gratuito e veloce.\" \/>\n<meta name=\"robots\" content=\"index, follow, max-snippet:-1, max-image-preview:large, max-video-preview:-1\" \/>\n<link rel=\"canonical\" href=\"https:\/\/elfsight.com\/it\/logo-showcase-widget\/joomla\/\" \/>\n<meta property=\"og:locale\" content=\"it_IT\" \/>\n<meta property=\"og:type\" content=\"article\" \/>\n<meta property=\"og:title\" content=\"Vetrina logo: aggiunta dell&#039;estensione Logo Carousel al sito Web Joomla (2025)\" \/>\n<meta property=\"og:description\" content=\"\u00c8 semplicissimo creare la tua estensione Logo Showcase e aggiungerla al tuo sito web Joomla. Il servizio clienti Elfsight \u00e8 gratuito e veloce.\" \/>\n<meta property=\"og:url\" content=\"https:\/\/elfsight.com\/it\/logo-showcase-widget\/joomla\/\" \/>\n<meta property=\"og:site_name\" content=\"Elfsight IT\" \/>\n<meta property=\"article:modified_time\" content=\"2024-11-12T08:30:45+00:00\" \/>\n<meta name=\"twitter:card\" content=\"summary_large_image\" \/>\n<meta name=\"twitter:label1\" content=\"Tempo di lettura stimato\" \/>\n\t<meta name=\"twitter:data1\" content=\"3 minuti\" \/>\n<!-- \/ Yoast SEO plugin. -->","yoast_head_json":{"title":"Vetrina logo: aggiunta dell'estensione Logo Carousel al sito Web Joomla (2025)","description":"\u00c8 semplicissimo creare la tua estensione Logo Showcase e aggiungerla al tuo sito web Joomla. Il servizio clienti Elfsight \u00e8 gratuito e veloce.","robots":{"index":"index","follow":"follow","max-snippet":"max-snippet:-1","max-image-preview":"max-image-preview:large","max-video-preview":"max-video-preview:-1"},"canonical":"https:\/\/elfsight.com\/it\/logo-showcase-widget\/joomla\/","og_locale":"it_IT","og_type":"article","og_title":"Vetrina logo: aggiunta dell'estensione Logo Carousel al sito Web Joomla (2025)","og_description":"\u00c8 semplicissimo creare la tua estensione Logo Showcase e aggiungerla al tuo sito web Joomla. Il servizio clienti Elfsight \u00e8 gratuito e veloce.","og_url":"https:\/\/elfsight.com\/it\/logo-showcase-widget\/joomla\/","og_site_name":"Elfsight IT","article_modified_time":"2024-11-12T08:30:45+00:00","twitter_card":"summary_large_image","twitter_misc":{"Tempo di lettura stimato":"3 minuti"},"schema":{"@context":"https:\/\/schema.org","@graph":[{"@type":"WebPage","@id":"https:\/\/elfsight.com\/it\/logo-showcase-widget\/joomla\/","url":"https:\/\/elfsight.com\/it\/logo-showcase-widget\/joomla\/","name":"Vetrina logo: aggiunta dell'estensione Logo Carousel al sito Web Joomla (2025)","isPartOf":{"@id":"https:\/\/elfsight.com\/it\/#website"},"datePublished":"2024-05-03T06:40:53+00:00","dateModified":"2024-11-12T08:30:45+00:00","description":"\u00c8 semplicissimo creare la tua estensione Logo Showcase e aggiungerla al tuo sito web Joomla. Il servizio clienti Elfsight \u00e8 gratuito e veloce.","breadcrumb":{"@id":"https:\/\/elfsight.com\/it\/logo-showcase-widget\/joomla\/#breadcrumb"},"inLanguage":"it-IT","potentialAction":[{"@type":"ReadAction","target":["https:\/\/elfsight.com\/it\/logo-showcase-widget\/joomla\/"]}]},{"@type":"BreadcrumbList","@id":"https:\/\/elfsight.com\/it\/logo-showcase-widget\/joomla\/#breadcrumb","itemListElement":[{"@type":"ListItem","position":1,"name":"Home","item":"https:\/\/elfsight.com\/it\/"},{"@type":"ListItem","position":2,"name":"Logo Showcase","item":"https:\/\/elfsight.com\/it\/logo-showcase-widget\/"},{"@type":"ListItem","position":3,"name":"Logo Showcase &#8211; Joomla"}]},{"@type":"WebSite","@id":"https:\/\/elfsight.com\/it\/#website","url":"https:\/\/elfsight.com\/it\/","name":"Elfsight IT","description":"Just another Elfsight Sites site","potentialAction":[{"@type":"SearchAction","target":{"@type":"EntryPoint","urlTemplate":"https:\/\/elfsight.com\/it\/?s={search_term_string}"},"query-input":{"@type":"PropertyValueSpecification","valueRequired":true,"valueName":"search_term_string"}}],"inLanguage":"it-IT"}]}},"meta_box":{"industry":"","seo_heading":"","heading":"","description":"","cta_heading":"","cta_description":"","application":"1699","h1":"Vetrina del logo Joomla","h1_caption":"Mostra i loghi dei tuoi partner, sponsor o clienti, creando credibilit\u00e0 e fiducia per il tuo marchio nel tuo sito Web Joomla senza sforzo.","application_category":[],"applications_title":"","applications_request_title":"","applications_request_button_text":"","hero_text":"","hero_video":"","hero_video_schema_markup":"","selling_points_title":"","selling_points_caption":"","selling_points":[],"selling_points_cta_text":"","features_title":"","features":"","ed_cta_examples_text":"","ed_cta_examples_hidden":"","ed_cta_demo_text":"","ed_cta_demo_hidden":"","why_caption":"","why_editor_title":"","why_editor_text":"","why_team_title":"","why_team_text":"","why_service_title":"","why_service_text":"","template_catalog_visible":"","template_catalog_title":"","template_catalog_text":"","template_catalog_categories_visible":"","demo_title":"Crea il tuo plug-in Logo Showcase","demo_caption":"Configura la tua vetrina logo e aggiungila gratuitamente al tuo sito Joomla!","default_faq_hidden":"","app_template_category":[],"platform":"36","template_public_id":"","codecanyon_url":"","codecanyon_item_id":"","codecanyon_price":"","pricing_caption":"","pricing_elfsight_apps_hide_column":"","pricing_elfsight_apps_url":"","pricing_codecanyon_price_caption":"","integration_category":[],"integration_request_title":"","integration_request_cta":"","integration_platform":"","integrations":[],"platform_category":[],"video_schema_markup":"","price":"da $ 0 al mese","trial":"","benefits":[{"text":"Aiuto gratuito per l'installazione"},{"text":"Supporto premium"},{"text":"Garanzia di rimborso di 14 giorni"},{"text":"Aggiornamenti regolari"}],"button_url":"#demo","button_target_blank":"","button_nofollow":"","attributes":[{"name":"Installazioni"},{"name":"Reattivo","content":"S\u00cc"},{"name":"Browser compatibili","content":"Firefox, Safari, Opera, Chrome, Edge"}],"tags":[],"tags_disable_links":"","hide_more_platforms":"","video_object":"","demo_hide_cta":"","demo_hide_cloud_options":"","pricing_title":"","pricing":[{"pricing_icon":"platform","pricing_title":"Elfsight Apps","pricing_title_caption":"Versione indipendente dalla piattaforma adatta a qualsiasi sito","pricing_price":"da $ 0 \/ mese","pricing_price_caption":"inizia con il piano gratuito","pricing_benefits":[{"text":"Siti web illimitati"},{"text":"Assistenza puntuale e 24 ore su 24, 7 giorni su 7"},{"text":"Servizio di installazione gratuito"},{"text":"Prezzo da prendere per pi\u00f9 app"}],"pricing_button_text":"Aggiungi al sito web","pricing_button_url":"#demo"}],"related_apps_title":"","related_apps_hidden":"","author":"","image":[],"title":"","job":"","social_networks":[]},"_links":{"self":[{"href":"https:\/\/elfsight.com\/it\/wp-json\/wp\/v2\/pages\/4997","targetHints":{"allow":["GET"]}}],"collection":[{"href":"https:\/\/elfsight.com\/it\/wp-json\/wp\/v2\/pages"}],"about":[{"href":"https:\/\/elfsight.com\/it\/wp-json\/wp\/v2\/types\/page"}],"author":[{"embeddable":true,"href":"https:\/\/elfsight.com\/it\/wp-json\/wp\/v2\/users\/9"}],"replies":[{"embeddable":true,"href":"https:\/\/elfsight.com\/it\/wp-json\/wp\/v2\/comments?post=4997"}],"version-history":[{"count":1,"href":"https:\/\/elfsight.com\/it\/wp-json\/wp\/v2\/pages\/4997\/revisions"}],"predecessor-version":[{"id":5001,"href":"https:\/\/elfsight.com\/it\/wp-json\/wp\/v2\/pages\/4997\/revisions\/5001"}],"up":[{"embeddable":true,"href":"https:\/\/elfsight.com\/it\/wp-json\/wp\/v2\/pages\/1700"}],"wp:attachment":[{"href":"https:\/\/elfsight.com\/it\/wp-json\/wp\/v2\/media?parent=4997"}],"curies":[{"name":"wp","href":"https:\/\/api.w.org\/{rel}","templated":true}]}}