{"id":4994,"date":"2024-05-03T06:40:50","date_gmt":"2024-05-03T06:40:50","guid":{"rendered":"https:\/\/elfsight.com\/it\/?page_id=4994"},"modified":"2025-03-21T15:18:45","modified_gmt":"2025-03-21T15:18:45","slug":"shopify","status":"publish","type":"page","link":"https:\/\/elfsight.com\/it\/logo-showcase-widget\/shopify\/","title":{"rendered":"Logo Showcase &#8211; Shopify"},"content":{"rendered":"\n<div class=\"application-platform-content-item-description application-platform-content-item\" id=\"description\" data-nav-section=\"description\"><h2>Incorpora Logo Showcase su Shopify con il widget Elfsight<\/h2> <p>Elfsight Logo Showcase \u00e8 lo strumento perfetto per visualizzare pi\u00f9 clienti o loghi dei promotori o menzioni stampa sul sito web. Con il widget dimostrerai che la tua azienda \u00e8 un partner affidabile e manterrai una percezione positiva della tua attivit\u00e0. Il widget Elfsight ti consente di visualizzare un numero qualsiasi di emblemi, disporli in un carosello o in una griglia e variare la scala dei loghi. \u00c8 possibile inserire una didascalia e un collegamento al sito Web dell&#8217;azienda. Utilizzando le funzionalit\u00e0 di colori e caratteri, puoi ottenere un aspetto unico dei loghi. <\/p><p><b>Aumenta le vendite mostrando la tua splendida reputazione aziendale, con i loghi dei clienti sul sito web. <\/b><\/p><\/div><div class=\"application-platform-content-item-features application-platform-content-item\" id=\"features\" data-nav-section=\"features\"><h2>Caratteristiche principali del widget Logo Showcase<\/h2> <p>Ecco un elenco di tutti i tratti funzionali di Logo Showcase. Puoi modificarli direttamente nell&#8217;editor e ti aiuteranno a modellare il widget esattamente per il tuo caso. <\/p><ul><li>L&#8217;opzione per collegare ciascun logo a qualsiasi indirizzo; <\/li><li>Intestazione widget rimovibile con titolo e testo con formattazione supportata; <\/li><li>Il pulsante di invito all&#8217;azione pu\u00f2 essere collegato a qualsiasi pagina; <\/li><li>Tre diversi layout dei widget: Slider, Grid e Carousel; <\/li><li>Una funzionalit\u00e0 per impostare la dimensione del logo e il parametro della larghezza del widget; <\/li><li> Scegli un colore di sfondo qualsiasi o carica un file personalizzato. <\/li><\/ul><p><a href=\"#demo\">Controlla come funzionano tutte le funzionalit\u00e0, nella nostra demo<\/a><\/p><\/div><div class=\"application-platform-content-item-installation application-platform-content-item\" id=\"installation\" data-nav-section=\"installation\"> <h2>Come incorporare Logo Showcase su Shopify? <\/h2><div class=\"video-container\"><iframe width=\"560\" height=\"315\" src=\"https:\/\/www.youtube.com\/embed\/83e2SlUh84I?si=jNgSncl-RJkAt7k7\" frameborder=\"0\" allow=\"accelerometer; autoplay; clipboard-write; encrypted-media; gyroscope; picture-in-picture; web-share\" allowfullscreen><\/iframe><\/div><p>Per integrare il widget, segui semplicemente le istruzioni riportate di seguito<\/p><ol><li><b>Esegui il nostro configuratore gratuito e inizia a creare la tua app personalizzata. <\/b><br> Scegli il layout e gli aspetti selezionati dell&#8217;app e salva tutte le modifiche. <\/li> <li><b>Acquisisci il codice univoco mostrato nella finestra su Elfsight Apps. <\/b><br> Appena terminata la configurazione della tua app personale, copia il codice individuale nella finestra emersa e conservalo per occasioni future. <\/li> <li><b>Inizia a utilizzare l&#8217;app sul tuo sito Shopify. <\/b><br> Incorpora il codice che hai salvato in precedenza nella tua pagina web e applica le modifiche. <\/li> <li><b>La configurazione \u00e8 completamente terminata. <\/b><br> Vai al tuo sito per visualizzare il funzionamento dell&#8217;app. <\/li><\/ol><p>Sentiti libero di rivolgerti al nostro servizio di supporto nel caso avessi bisogno di aiuto o avessi qualcosa da chiedere. Saremo felici di aiutarvi con ogni richiesta. <\/p><div class=\"faq\" data-component=\"FAQ\"><div class=\"faq-item\">\r\n\t\t\t\t\t<div class=\"faq-item-question\">\r\n\t\t\t\t\t\t<h3 class=\"faq-item-question-text\">In che modo \u00e8 possibile aggiungere Logo Showcase al mio sito Shopify senza competenze di codifica?<\/h3>\r\n\r\n\t\t\t\t\t\t<div class=\"faq-item-question-icon\"><\/div>\r\n\t\t\t\t\t<\/div>\r\n\r\n\t\t\t\t\t<div class=\"faq-item-answer\">\r\n\t\t\t\t\t\t<div class=\"faq-item-answer-text\"> <p>Elfsight introduce una soluzione SaaS che consente agli utenti di creare da soli una sezione Logo Showcase , scopri le semplici istruzioni: vai all&#8217;editor online per generare un&#8217;app Logo Showcase che desideri incorporare nel tuo sito web Shopify. Scegli uno dei modelli gi\u00e0 pronti e modifica le impostazioni di Logo Showcase, cambia il layout e la combinazione di colori e aggiorna i tuoi contenuti, senza esperienza di codifica. Salva le impostazioni che hai effettuato su Logo Showcase e ottieni il codice di installazione, che pu\u00f2 essere facilmente incollato in qualsiasi pagina web Shopify utilizzando un piano gratuito. Utilizzando l&#8217;intuitivo Configuratore, qualsiasi utente web pu\u00f2 creare un widget Logo Showcase online e incorporarlo semplicemente nel proprio sito Web Shopify. Non \u00e8 necessario pagare o inserire le credenziali della tua carta per accedere all&#8217;Editor. Se incontri ostacoli di qualsiasi tipo, non esitare a contattare la nostra assistenza clienti.<\/p> <\/div>\r\n\t\t\t\t\t<\/div>\r\n\t\t\t\t<\/div> <\/div><\/div>\n","protected":false},"excerpt":{"rendered":"","protected":false},"author":9,"featured_media":0,"parent":1700,"menu_order":0,"comment_status":"closed","ping_status":"closed","template":"templates\/template-application-platform.php","meta":{"publish_to_discourse":"","publish_post_category":"","wpdc_auto_publish_overridden":"","wpdc_topic_tags":"","wpdc_pin_topic":"","wpdc_pin_until":"","discourse_post_id":"","discourse_permalink":"","wpdc_publishing_response":"","wpdc_publishing_error":"","footnotes":""},"class_list":["post-4994","page","type-page","status-publish","hentry"],"yoast_head":"<!-- This site is optimized with the Yoast SEO plugin v25.3.1 - https:\/\/yoast.com\/wordpress\/plugins\/seo\/ -->\n<title>Logo Showcase: aggiunta dell&#039;app Logo Carousel al sito Web Shopify (2026)<\/title>\n<meta name=\"description\" content=\"\u00c8 semplicissimo creare la tua app Logo Showcase e aggiungerla al tuo sito web Shopify. Il servizio clienti Elfsight \u00e8 gratuito e veloce.\" \/>\n<meta name=\"robots\" content=\"index, follow, max-snippet:-1, max-image-preview:large, max-video-preview:-1\" \/>\n<link rel=\"canonical\" href=\"https:\/\/elfsight.com\/it\/logo-showcase-widget\/shopify\/\" \/>\n<meta property=\"og:locale\" content=\"it_IT\" \/>\n<meta property=\"og:type\" content=\"article\" \/>\n<meta property=\"og:title\" content=\"Logo Showcase: aggiunta dell&#039;app Logo Carousel al sito Web Shopify (2026)\" \/>\n<meta property=\"og:description\" content=\"\u00c8 semplicissimo creare la tua app Logo Showcase e aggiungerla al tuo sito web Shopify. Il servizio clienti Elfsight \u00e8 gratuito e veloce.\" \/>\n<meta property=\"og:url\" content=\"https:\/\/elfsight.com\/it\/logo-showcase-widget\/shopify\/\" \/>\n<meta property=\"og:site_name\" content=\"Elfsight IT\" \/>\n<meta property=\"article:modified_time\" content=\"2025-03-21T15:18:45+00:00\" \/>\n<meta name=\"twitter:card\" content=\"summary_large_image\" \/>\n<meta name=\"twitter:label1\" content=\"Tempo di lettura stimato\" \/>\n\t<meta name=\"twitter:data1\" content=\"3 minuti\" \/>\n<!-- \/ Yoast SEO plugin. -->","yoast_head_json":{"title":"Logo Showcase: aggiunta dell'app Logo Carousel al sito Web Shopify (2026)","description":"\u00c8 semplicissimo creare la tua app Logo Showcase e aggiungerla al tuo sito web Shopify. Il servizio clienti Elfsight \u00e8 gratuito e veloce.","robots":{"index":"index","follow":"follow","max-snippet":"max-snippet:-1","max-image-preview":"max-image-preview:large","max-video-preview":"max-video-preview:-1"},"canonical":"https:\/\/elfsight.com\/it\/logo-showcase-widget\/shopify\/","og_locale":"it_IT","og_type":"article","og_title":"Logo Showcase: aggiunta dell'app Logo Carousel al sito Web Shopify (2026)","og_description":"\u00c8 semplicissimo creare la tua app Logo Showcase e aggiungerla al tuo sito web Shopify. Il servizio clienti Elfsight \u00e8 gratuito e veloce.","og_url":"https:\/\/elfsight.com\/it\/logo-showcase-widget\/shopify\/","og_site_name":"Elfsight IT","article_modified_time":"2025-03-21T15:18:45+00:00","twitter_card":"summary_large_image","twitter_misc":{"Tempo di lettura stimato":"3 minuti"},"schema":{"@context":"https:\/\/schema.org","@graph":[{"@type":"WebPage","@id":"https:\/\/elfsight.com\/it\/logo-showcase-widget\/shopify\/","url":"https:\/\/elfsight.com\/it\/logo-showcase-widget\/shopify\/","name":"Logo Showcase: aggiunta dell'app Logo Carousel al sito Web Shopify (2026)","isPartOf":{"@id":"https:\/\/elfsight.com\/it\/#website"},"datePublished":"2024-05-03T06:40:50+00:00","dateModified":"2025-03-21T15:18:45+00:00","description":"\u00c8 semplicissimo creare la tua app Logo Showcase e aggiungerla al tuo sito web Shopify. Il servizio clienti Elfsight \u00e8 gratuito e veloce.","breadcrumb":{"@id":"https:\/\/elfsight.com\/it\/logo-showcase-widget\/shopify\/#breadcrumb"},"inLanguage":"it-IT","potentialAction":[{"@type":"ReadAction","target":["https:\/\/elfsight.com\/it\/logo-showcase-widget\/shopify\/"]}]},{"@type":"BreadcrumbList","@id":"https:\/\/elfsight.com\/it\/logo-showcase-widget\/shopify\/#breadcrumb","itemListElement":[{"@type":"ListItem","position":1,"name":"Home","item":"https:\/\/elfsight.com\/it\/"},{"@type":"ListItem","position":2,"name":"Logo Showcase","item":"https:\/\/elfsight.com\/it\/logo-showcase-widget\/"},{"@type":"ListItem","position":3,"name":"Logo Showcase &#8211; Shopify"}]},{"@type":"WebSite","@id":"https:\/\/elfsight.com\/it\/#website","url":"https:\/\/elfsight.com\/it\/","name":"Elfsight IT","description":"Just another Elfsight Sites site","potentialAction":[{"@type":"SearchAction","target":{"@type":"EntryPoint","urlTemplate":"https:\/\/elfsight.com\/it\/?s={search_term_string}"},"query-input":{"@type":"PropertyValueSpecification","valueRequired":true,"valueName":"search_term_string"}}],"inLanguage":"it-IT"}]}},"meta_box":{"industry":"","seo_heading":"","heading":"","description":"","cta_heading":"","cta_description":"","application":"1699","h1":"Vetrina del logo Shopify","h1_caption":"Mostra i loghi dei tuoi partner, sponsor o clienti, creando credibilit\u00e0 e fiducia per il tuo marchio nel tuo sito web Shopify senza sforzo.","application_category":[],"applications_title":"","applications_request_title":"","applications_request_button_text":"","hero_text":"","hero_video":"","hero_video_schema_markup":"","selling_points_title":"","selling_points_caption":"","selling_points":[],"selling_points_cta_text":"","features_title":"","features":"","ed_cta_examples_text":"","ed_cta_examples_hidden":"","ed_cta_demo_text":"","ed_cta_demo_hidden":"","why_caption":"","why_editor_title":"","why_editor_text":"","why_team_title":"","why_team_text":"","why_service_title":"","why_service_text":"","template_catalog_visible":"0","template_catalog_title":"","template_catalog_text":"","template_catalog_categories_visible":"","demo_title":"Crea la tua app Logo Showcase","demo_caption":"Configura la tua vetrina logo e aggiungila gratuitamente al tuo sito Shopify!","default_faq_hidden":"","app_template_category":[],"platform":"42","template_public_id":"","codecanyon_url":"","codecanyon_item_id":"","codecanyon_price":"","pricing_caption":"","pricing_elfsight_apps_hide_column":"","pricing_elfsight_apps_url":"","pricing_codecanyon_price_caption":"","integration_category":[],"integration_request_title":"","integration_request_cta":"","integration_platform":"","integrations":[],"platform_category":[],"video_schema_markup":"","price":"da $ 0 al mese","trial":"","benefits":[{"text":"Servizio di installazione gratuito"},{"text":"Supporto premium"},{"text":"Garanzia di rimborso di 14 giorni"},{"text":"Aggiornamenti gratuiti continui"}],"button_url":"#demo","button_target_blank":"0","button_nofollow":"0","attributes":[{"name":"Installazioni"},{"name":"Reattivo","content":"Adatto ai dispositivi mobili"},{"name":"Browser compatibili","content":"Firefox, Safari, Opera, Chrome, Edge"}],"tags":[],"tags_disable_links":"0","hide_more_platforms":"0","video_object":"","demo_hide_cta":"0","demo_hide_cloud_options":"0","pricing_title":"","pricing":[{"pricing_icon":"cloud","pricing_title":"Elfsight Apps","pricing_title_caption":"Versione multipiattaforma che funziona su qualsiasi sito web","pricing_price":"da $ 0 \/ mese","pricing_price_caption":"inizia con il piano gratuito","pricing_benefits":[{"text":"Siti web illimitati"},{"text":"Supporto premium"},{"text":"Servizio di installazione gratuito"},{"text":"Offerta speciale per pi\u00f9 app"}],"pricing_button_text":"Aggiungi al sito web","pricing_button_url":"#demo"}],"related_apps_title":"","related_apps_hidden":"0","author":"","image":[],"title":"","job":"","social_networks":[]},"_links":{"self":[{"href":"https:\/\/elfsight.com\/it\/wp-json\/wp\/v2\/pages\/4994","targetHints":{"allow":["GET"]}}],"collection":[{"href":"https:\/\/elfsight.com\/it\/wp-json\/wp\/v2\/pages"}],"about":[{"href":"https:\/\/elfsight.com\/it\/wp-json\/wp\/v2\/types\/page"}],"author":[{"embeddable":true,"href":"https:\/\/elfsight.com\/it\/wp-json\/wp\/v2\/users\/9"}],"replies":[{"embeddable":true,"href":"https:\/\/elfsight.com\/it\/wp-json\/wp\/v2\/comments?post=4994"}],"version-history":[{"count":3,"href":"https:\/\/elfsight.com\/it\/wp-json\/wp\/v2\/pages\/4994\/revisions"}],"predecessor-version":[{"id":9722,"href":"https:\/\/elfsight.com\/it\/wp-json\/wp\/v2\/pages\/4994\/revisions\/9722"}],"up":[{"embeddable":true,"href":"https:\/\/elfsight.com\/it\/wp-json\/wp\/v2\/pages\/1700"}],"wp:attachment":[{"href":"https:\/\/elfsight.com\/it\/wp-json\/wp\/v2\/media?parent=4994"}],"curies":[{"name":"wp","href":"https:\/\/api.w.org\/{rel}","templated":true}]}}