{"id":4988,"date":"2024-05-03T06:40:48","date_gmt":"2024-05-03T06:40:48","guid":{"rendered":"https:\/\/elfsight.com\/it\/?page_id=4988"},"modified":"2024-11-12T08:24:11","modified_gmt":"2024-11-12T08:24:11","slug":"woocommerce","status":"publish","type":"page","link":"https:\/\/elfsight.com\/it\/logo-showcase-widget\/woocommerce\/","title":{"rendered":"Logo Showcase &#8211; WooCommerce"},"content":{"rendered":"<div class=\"application-platform-content-item-description application-platform-content-item\" id=\"description\" data-nav-section=\"description\"><h2>Descrizione<\/h2><p>Elfsight Logo Showcase \u00e8 la tecnica migliore per visualizzare tutti i loghi dei clienti e degli sponsor o le tue menzioni in i media sul sito web. Con l&#8217;aiuto del widget darai un&#8217;ulteriore prova di essere un partner affidabile e manterrai una buona percezione della tua azienda. Il widget Elfsight ti consente di aggiungere qualsiasi quantit\u00e0 di loghi, organizzarli in un carosello o una griglia e modificare la scala dei loghi. Puoi mostrare didascalie e collegamenti al sito web delle aziende. Variando le caratteristiche dei colori e dei caratteri, \u00e8 facile progettare un&#8217;interfaccia unica.<\/p><p><b>Aumenta il livello delle vendite mostrando la tua impeccabile reputazione aziendale, con i loghi dei partner sul sito web.<\/b><\/p><\/div> <div class=\"application-platform-content-item-features application-platform-content-item\" id=\"features\" data-nav-section=\"features\"><h2>Queste sono solo alcune delle funzionalit\u00e0 dell&#8217;ampio widget:<\/h2><ul><li>L&#8217;opzione per collegare i loghi a qualsiasi pagina web;<\/li><li>Intestazione commutabile con titolo e testo con formattazione supportata;<\/li><li>Il pulsante CTA pu\u00f2 essere collegato a qualsiasi indirizzo;<\/li><li>Tre layout bilanciati: Slider, Grid e Carousel;<\/li><li>L&#8217;opzione per modificare la dimensione del logo e la larghezza del widget;<\/li><li>L&#8217;opzione per scegliere qualsiasi colore di sfondo o caricare un&#8217;immagine personalizzata.<\/li><\/ul><p><a href=\"#demo\">Esamina tutte le impostazioni nella demo completa<\/a><\/p><\/div><div class=\"application-platform-content-item-installation application-platform-content-item\" id=\"installation\" data-nav-section=\"installation\"><h2>Come incorporare Logo Showcase nel mio sito web WooCommerce? <\/h2><p>Segui semplicemente le linee guida riportate di seguito per incorporare lo strumento.<\/p><ol><li><b>Applicando il nostro editor gratuito inizia a formare il tuo widget personalizzato.<\/b><br> Determina ci\u00f2 che \u00e8 desiderabile interfaccia e funzionalit\u00e0 dello strumento e applica le correzioni.<\/li><li><b>Ricevi il codice individuale che appare nella vedova su Elfsight Apps.<\/b><br> Dopo che la creazione del tuo plugin \u00e8 terminata, copia il codice personale nella finestra visualizzata e conservalo per un&#8217;occasione successiva.<\/li><li><b>Inizia a utilizzare il widget sul tuo sito WooCommerce.<\/b><br> Aggiungi il codice che hai copiato in precedenza nella tua pagina web e salva le correzioni.<\/li><li><b>Il gioco \u00e8 fatto! L&#8217;incorporamento \u00e8 stato eseguito con successo.<\/b><br> Vai al tuo sito web per verificare come funziona il widget.<\/li><\/ol><p>Se dovessi affrontare domande o riscontrare alcune difficolt\u00e0, contatta il nostro personale del servizio clienti. Il nostro personale sar\u00e0 entusiasta di aiutarti con tutti i problemi che potresti avere con il plugin.<\/p><div class=\"faq\" data-component=\"FAQ\"><div class=\"faq-item\">\r\n\t\t\t\t\t<div class=\"faq-item-question\">\r\n\t\t\t\t\t\t<h3 class=\"faq-item-question-text\">Esiste un'opzione per incorporare una vetrina del logo nella mia pagina web WooCommerce senza codifica?<\/h3>\r\n\r\n\t\t\t\t\t\t<div class=\"faq-item-question-icon\"><\/div>\r\n\t\t\t\t\t<\/div>\r\n\r\n\t\t\t\t\t<div class=\"faq-item-answer\">\r\n\t\t\t\t\t\t<div class=\"faq-item-answer-text\"> <p>Elfsight offre una soluzione SaaS che consente alle persone di creare autonomamente un widget Logo Showcase, guarda quanto \u00e8 semplice: inizia a lavorare direttamente nella demo online per creare un plug-in Logo Showcase che desideri integrare sul sito WooCommerce. Scegli uno dei modelli predefiniti e modifica le impostazioni di Logo Showcase, aggiungi i tuoi contenuti, modifica il layout e i colori senza competenze di codifica. Fai clic per salvare Logo Showcase e copia il suo codice di installazione, che pu\u00f2 essere facilmente incluso gratuitamente nella pagina web di WooCommerce. Con l&#8217;aiuto del configuratore facile da usare ogni utente di Internet pu\u00f2 generare una vetrina del logo e includerla facilmente in qualsiasi sito WooCommerce. Non \u00e8 necessario pagare o inserire le credenziali della tua carta per accedere al servizio Elfsight. Se riscontri problemi in qualsiasi momento, non esitare a parlare con la nostra assistenza clienti.<\/p> <\/div>\r\n\t\t\t\t\t<\/div>\r\n\t\t\t\t<\/div> <\/div><\/div>","protected":false},"excerpt":{"rendered":"","protected":false},"author":9,"featured_media":0,"parent":1700,"menu_order":0,"comment_status":"closed","ping_status":"closed","template":"templates\/template-application-platform.php","meta":{"publish_to_discourse":"","publish_post_category":"","wpdc_auto_publish_overridden":"","wpdc_topic_tags":"","wpdc_pin_topic":"","wpdc_pin_until":"","discourse_post_id":"","discourse_permalink":"","wpdc_publishing_response":"","wpdc_publishing_error":"","footnotes":""},"class_list":["post-4988","page","type-page","status-publish","hentry"],"yoast_head":"<!-- This site is optimized with the Yoast SEO plugin v25.3.1 - https:\/\/yoast.com\/wordpress\/plugins\/seo\/ -->\n<title>Plug-in WooCommerce Logo Showcase per il tuo sito web (2025)<\/title>\n<meta name=\"description\" content=\"Cogli subito l&#039;opportunit\u00e0 di personalizzare il plug-in Logo Showcase e introdurlo nel tuo sito Web WooCommerce direttamente tramite la demo.\" \/>\n<meta name=\"robots\" content=\"index, follow, max-snippet:-1, max-image-preview:large, max-video-preview:-1\" \/>\n<link rel=\"canonical\" href=\"https:\/\/elfsight.com\/it\/logo-showcase-widget\/woocommerce\/\" \/>\n<meta property=\"og:locale\" content=\"it_IT\" \/>\n<meta property=\"og:type\" content=\"article\" \/>\n<meta property=\"og:title\" content=\"Plug-in WooCommerce Logo Showcase per il tuo sito web (2025)\" \/>\n<meta property=\"og:description\" content=\"Cogli subito l&#039;opportunit\u00e0 di personalizzare il plug-in Logo Showcase e introdurlo nel tuo sito Web WooCommerce direttamente tramite la demo.\" \/>\n<meta property=\"og:url\" content=\"https:\/\/elfsight.com\/it\/logo-showcase-widget\/woocommerce\/\" \/>\n<meta property=\"og:site_name\" content=\"Elfsight IT\" \/>\n<meta property=\"article:modified_time\" content=\"2024-11-12T08:24:11+00:00\" \/>\n<meta name=\"twitter:card\" content=\"summary_large_image\" \/>\n<meta name=\"twitter:label1\" content=\"Tempo di lettura stimato\" \/>\n\t<meta name=\"twitter:data1\" content=\"3 minuti\" \/>\n<!-- \/ Yoast SEO plugin. -->","yoast_head_json":{"title":"Plug-in WooCommerce Logo Showcase per il tuo sito web (2025)","description":"Cogli subito l'opportunit\u00e0 di personalizzare il plug-in Logo Showcase e introdurlo nel tuo sito Web WooCommerce direttamente tramite la demo.","robots":{"index":"index","follow":"follow","max-snippet":"max-snippet:-1","max-image-preview":"max-image-preview:large","max-video-preview":"max-video-preview:-1"},"canonical":"https:\/\/elfsight.com\/it\/logo-showcase-widget\/woocommerce\/","og_locale":"it_IT","og_type":"article","og_title":"Plug-in WooCommerce Logo Showcase per il tuo sito web (2025)","og_description":"Cogli subito l'opportunit\u00e0 di personalizzare il plug-in Logo Showcase e introdurlo nel tuo sito Web WooCommerce direttamente tramite la demo.","og_url":"https:\/\/elfsight.com\/it\/logo-showcase-widget\/woocommerce\/","og_site_name":"Elfsight IT","article_modified_time":"2024-11-12T08:24:11+00:00","twitter_card":"summary_large_image","twitter_misc":{"Tempo di lettura stimato":"3 minuti"},"schema":{"@context":"https:\/\/schema.org","@graph":[{"@type":"WebPage","@id":"https:\/\/elfsight.com\/it\/logo-showcase-widget\/woocommerce\/","url":"https:\/\/elfsight.com\/it\/logo-showcase-widget\/woocommerce\/","name":"Plug-in WooCommerce Logo Showcase per il tuo sito web (2025)","isPartOf":{"@id":"https:\/\/elfsight.com\/it\/#website"},"datePublished":"2024-05-03T06:40:48+00:00","dateModified":"2024-11-12T08:24:11+00:00","description":"Cogli subito l'opportunit\u00e0 di personalizzare il plug-in Logo Showcase e introdurlo nel tuo sito Web WooCommerce direttamente tramite la demo.","breadcrumb":{"@id":"https:\/\/elfsight.com\/it\/logo-showcase-widget\/woocommerce\/#breadcrumb"},"inLanguage":"it-IT","potentialAction":[{"@type":"ReadAction","target":["https:\/\/elfsight.com\/it\/logo-showcase-widget\/woocommerce\/"]}]},{"@type":"BreadcrumbList","@id":"https:\/\/elfsight.com\/it\/logo-showcase-widget\/woocommerce\/#breadcrumb","itemListElement":[{"@type":"ListItem","position":1,"name":"Home","item":"https:\/\/elfsight.com\/it\/"},{"@type":"ListItem","position":2,"name":"Logo Showcase","item":"https:\/\/elfsight.com\/it\/logo-showcase-widget\/"},{"@type":"ListItem","position":3,"name":"Logo Showcase &#8211; WooCommerce"}]},{"@type":"WebSite","@id":"https:\/\/elfsight.com\/it\/#website","url":"https:\/\/elfsight.com\/it\/","name":"Elfsight IT","description":"Just another Elfsight Sites site","potentialAction":[{"@type":"SearchAction","target":{"@type":"EntryPoint","urlTemplate":"https:\/\/elfsight.com\/it\/?s={search_term_string}"},"query-input":{"@type":"PropertyValueSpecification","valueRequired":true,"valueName":"search_term_string"}}],"inLanguage":"it-IT"}]}},"meta_box":{"industry":"","seo_heading":"","heading":"","description":"","cta_heading":"","cta_description":"","application":"1699","h1":"Plug-in per vetrina logo WooCommerce","h1_caption":"Mostra i loghi dei tuoi partner, sponsor o clienti, creando credibilit\u00e0 e fiducia per il tuo marchio nel tuo sito web WooCommerce senza sforzo.","application_category":[],"applications_title":"","applications_request_title":"","applications_request_button_text":"","hero_text":"","hero_video":"","hero_video_schema_markup":"","selling_points_title":"","selling_points_caption":"","selling_points":[],"selling_points_cta_text":"","features_title":"","features":"","ed_cta_examples_text":"","ed_cta_examples_hidden":"","ed_cta_demo_text":"","ed_cta_demo_hidden":"","why_caption":"","why_editor_title":"","why_editor_text":"","why_team_title":"","why_team_text":"","why_service_title":"","why_service_text":"","template_catalog_visible":"","template_catalog_title":"","template_catalog_text":"","template_catalog_categories_visible":"","demo_title":"Crea la tua app Logo Showcase","demo_caption":"Configura il tuo Logo Showcase e aggiungilo gratuitamente al tuo sito WooCommerce!","default_faq_hidden":"","app_template_category":[],"platform":"80","template_public_id":"","codecanyon_url":"","codecanyon_item_id":"","codecanyon_price":"","pricing_caption":"","pricing_elfsight_apps_hide_column":"","pricing_elfsight_apps_url":"","pricing_codecanyon_price_caption":"","integration_category":[],"integration_request_title":"","integration_request_cta":"","integration_platform":"","integrations":[],"platform_category":[],"video_schema_markup":"","price":"da $ 0 al mese","trial":"","benefits":[{"text":"Assistenza gratuita per l'installazione"},{"text":"Supporto premium"},{"text":"Garanzia di rimborso di 14 giorni"},{"text":"Aggiornamento costante"}],"button_url":"#demo","button_target_blank":"","button_nofollow":"","attributes":[{"name":"Installazioni"},{"name":"Reattivo","content":"S\u00cc"},{"name":"Browser compatibili","content":"Firefox, Safari, Opera, Chrome, Edge"}],"tags":[],"tags_disable_links":"","hide_more_platforms":"","video_object":"","demo_hide_cta":"","demo_hide_cloud_options":"","pricing_title":"","pricing":[{"pricing_icon":"platform","pricing_title":"Elfsight Apps","pricing_title_caption":"Software multipiattaforma che funziona su qualsiasi sito web","pricing_price":"da $ 0 \/ mese","pricing_price_caption":"inizia con il piano gratuito","pricing_benefits":[{"text":"Siti web illimitati"},{"text":"Assistenza clienti gratuita e ben documentata"},{"text":"Aiuto gratuito per l'installazione"},{"text":"100% personalizzabile"}],"pricing_button_text":"Aggiungi al sito web","pricing_button_url":"#demo"}],"related_apps_title":"","related_apps_hidden":"","author":"","image":[],"title":"","job":"","social_networks":[]},"_links":{"self":[{"href":"https:\/\/elfsight.com\/it\/wp-json\/wp\/v2\/pages\/4988","targetHints":{"allow":["GET"]}}],"collection":[{"href":"https:\/\/elfsight.com\/it\/wp-json\/wp\/v2\/pages"}],"about":[{"href":"https:\/\/elfsight.com\/it\/wp-json\/wp\/v2\/types\/page"}],"author":[{"embeddable":true,"href":"https:\/\/elfsight.com\/it\/wp-json\/wp\/v2\/users\/9"}],"replies":[{"embeddable":true,"href":"https:\/\/elfsight.com\/it\/wp-json\/wp\/v2\/comments?post=4988"}],"version-history":[{"count":1,"href":"https:\/\/elfsight.com\/it\/wp-json\/wp\/v2\/pages\/4988\/revisions"}],"predecessor-version":[{"id":4992,"href":"https:\/\/elfsight.com\/it\/wp-json\/wp\/v2\/pages\/4988\/revisions\/4992"}],"up":[{"embeddable":true,"href":"https:\/\/elfsight.com\/it\/wp-json\/wp\/v2\/pages\/1700"}],"wp:attachment":[{"href":"https:\/\/elfsight.com\/it\/wp-json\/wp\/v2\/media?parent=4988"}],"curies":[{"name":"wp","href":"https:\/\/api.w.org\/{rel}","templated":true}]}}