{"id":4986,"date":"2024-05-03T06:40:46","date_gmt":"2024-05-03T06:40:46","guid":{"rendered":"https:\/\/elfsight.com\/it\/?page_id=4986"},"modified":"2024-11-12T08:02:15","modified_gmt":"2024-11-12T08:02:15","slug":"google-sites","status":"publish","type":"page","link":"https:\/\/elfsight.com\/it\/logo-showcase-widget\/google-sites\/","title":{"rendered":"Logo Showcase  &#8211; Google Sites"},"content":{"rendered":"<div class=\"application-platform-content-item-description application-platform-content-item\" id=\"description\" data-nav-section=\"description\"><h2>Incorpora Logo Showcase su Google Sites con il widget Elfsight<\/h2> <p>Elfsight Logo Showcase per Google Sites sar\u00e0 la tecnica perfetta di mostrare i loghi dei tuoi clienti e promotori o le tue menzioni nei media sul tuo sito. Con il widget convinci i visitatori che la tua azienda \u00e8 un partner affidabile e sostieni una visione positiva della tua attivit\u00e0. Il widget ti consente di aggiungere infiniti loghi, inserirli in un carosello o in una griglia e regolare la dimensione dei loghi. Puoi mostrare didascalie e collegamenti ai siti Web delle aziende. Variando le opzioni di colori e caratteri, configurerai un aspetto personalizzato. <\/p><p><b>Aumenta le vendite mostrando la tua eccellente reputazione aziendale, inserendo i loghi dei clienti sul tuo sito. <\/b><\/p><\/div> <div class=\"application-platform-content-item-features application-platform-content-item\" id=\"features\" data-nav-section=\"features\"><h2>Caratteristiche principali del widget Logo Showcase<\/h2> <p>Qui puoi vedere tutti i tratti funzionali di Logo Showcase. Puoi gestirli direttamente nell&#8217;editor e ti aiuteranno a creare il widget pi\u00f9 adatto alle tue esigenze. <\/p><ul><li>Puoi collegare ciascun logo a qualsiasi pagina web; <\/li><li>Intestazione widget rimovibile con titolo e testo con formattazione disponibile; <\/li><li>Il pulsante CTA pu\u00f2 essere collegato a qualsiasi pagina web; <\/li><li>Tre diversi layout: Slider, Grid e Carousel; <\/li><li>Un&#8217;opzione per modificare la dimensione del logo e la larghezza del widget; <\/li><li> Scegli un colore di sfondo qualsiasi o carica un file personalizzato. <\/li><\/ul><p><a href=\"#demo\">Puoi testare tutte le funzionalit\u00e0 del widget direttamente nella demo<\/a><\/p><\/div> <div class=\"application-platform-content-item-installation application-platform-content-item\" id=\"installation\" data-nav-section=\"installation\"> <h2>Come faccio ad aggiungere Logo Showcase a Google Sites? <\/h2><p>Per introdurre il widget, applica le istruzioni seguenti<\/p><ul><li><b>Crea il tuo plug-in Logo Showcase personalizzato<\/b><br>Gestione della nostra demo gratuita, ottieni un plug-in con una composizione e funzionalit\u00e0 personalizzate. <\/li> <li><b>Acquisisci il codice individuale per installare il plugin<\/b><br>Dopo aver impostato il tuo widget, riceverai il tuo codice personale dalla notifica popup sulle app Elfsight. Copialo. <\/li> <li><b>Incorpora il plug-in nel tuo sito Muse<\/b><br>Vai nell&#8217;area in cui devi posizionare il plug-in e aggiungi l\u00ec il codice copiato. Salva i risultati. <\/li> <li><b>Fatto! <\/b><br>Visita la tua pagina, per vedere i tuoi lavori. <\/li><\/ul><div class=\"tip-yellow tip\"><b>A causa delle peculiarit\u00e0 del funzionamento di Google Sites, il widget potrebbe avere un aspetto diverso dalla demo online. Ci scusiamo per gli eventuali disagi causati.<\/b><\/div><p>Se hai bisogno di aiuto o hai domande, puoi rivolgerti al supporto clienti. I nostri specialisti daranno una mano per ogni richiesta. <\/p><div class=\"faq\" data-component=\"FAQ\"><div class=\"faq-item\">\r\n\t\t\t\t\t<div class=\"faq-item-question\">\r\n\t\t\t\t\t\t<h3 class=\"faq-item-question-text\">Esiste un modo per incorporare Logo Showcase nel mio sito web Google Sites senza competenze di codifica?<\/h3>\r\n\r\n\t\t\t\t\t\t<div class=\"faq-item-question-icon\"><\/div>\r\n\t\t\t\t\t<\/div>\r\n\r\n\t\t\t\t\t<div class=\"faq-item-answer\">\r\n\t\t\t\t\t\t<div class=\"faq-item-answer-text\"> <p>Elfsight offre una soluzione che consente alle persone di creare da soli un&#8217;app Logo Showcase, guarda quanto \u00e8 semplice: vai all&#8217;editor live per creare una sezione Vetrina del logo che desideri incorporare nel tuo sito Google Sites. Seleziona uno dei tanti modelli gi\u00e0 pronti e modifica le impostazioni di Logo Showcase, aggiungi i tuoi contenuti, modifica il layout e il colore degli elementi senza conoscere la codifica. Salva il Logo Showcase e copia il codice di installazione che potr\u00e0 essere incorporato nel tuo sito Google Sites senza la necessit\u00e0 di acquistare un piano a pagamento. Lavorando nel configuratore intuitivo ogni utente di Internet pu\u00f2 creare un plug-in Logo Showcase e incollarlo semplicemente nella pagina web di Google Sites. Non \u00e8 necessario pagare o inserire le credenziali della carta per accedere al nostro servizio. Se incontri ostacoli in qualsiasi momento, vai avanti e parla con il nostro team di supporto.<\/p> <\/div>\r\n\t\t\t\t\t<\/div>\r\n\t\t\t\t<\/div> <\/div><\/div>","protected":false},"excerpt":{"rendered":"","protected":false},"author":9,"featured_media":0,"parent":1700,"menu_order":0,"comment_status":"closed","ping_status":"closed","template":"templates\/template-application-platform.php","meta":{"publish_to_discourse":"","publish_post_category":"","wpdc_auto_publish_overridden":"","wpdc_topic_tags":"","wpdc_pin_topic":"","wpdc_pin_until":"","discourse_post_id":"","discourse_permalink":"","wpdc_publishing_response":"","wpdc_publishing_error":"","footnotes":""},"class_list":["post-4986","page","type-page","status-publish","hentry"],"yoast_head":"<!-- This site is optimized with the Yoast SEO plugin v25.3.1 - https:\/\/yoast.com\/wordpress\/plugins\/seo\/ -->\n<title>Vetrina del logo: aggiunta del widget del logo a Google Sites (2025)<\/title>\n<meta name=\"description\" content=\"Aggiungi un&#039;estensione reattiva Logo Showcase sul tuo sito Google Sites e guadagna la massima fiducia. Utilizza la demo facile da usare di Elfsight per modellare il tuo strumento unico.\" \/>\n<meta name=\"robots\" content=\"index, follow, max-snippet:-1, max-image-preview:large, max-video-preview:-1\" \/>\n<link rel=\"canonical\" href=\"https:\/\/elfsight.com\/it\/logo-showcase-widget\/google-sites\/\" \/>\n<meta property=\"og:locale\" content=\"it_IT\" \/>\n<meta property=\"og:type\" content=\"article\" \/>\n<meta property=\"og:title\" content=\"Vetrina del logo: aggiunta del widget del logo a Google Sites (2025)\" \/>\n<meta property=\"og:description\" content=\"Aggiungi un&#039;estensione reattiva Logo Showcase sul tuo sito Google Sites e guadagna la massima fiducia. Utilizza la demo facile da usare di Elfsight per modellare il tuo strumento unico.\" \/>\n<meta property=\"og:url\" content=\"https:\/\/elfsight.com\/it\/logo-showcase-widget\/google-sites\/\" \/>\n<meta property=\"og:site_name\" content=\"Elfsight IT\" \/>\n<meta property=\"article:modified_time\" content=\"2024-11-12T08:02:15+00:00\" \/>\n<meta name=\"twitter:card\" content=\"summary_large_image\" \/>\n<meta name=\"twitter:label1\" content=\"Tempo di lettura stimato\" \/>\n\t<meta name=\"twitter:data1\" content=\"3 minuti\" \/>\n<!-- \/ Yoast SEO plugin. -->","yoast_head_json":{"title":"Vetrina del logo: aggiunta del widget del logo a Google Sites (2025)","description":"Aggiungi un'estensione reattiva Logo Showcase sul tuo sito Google Sites e guadagna la massima fiducia. Utilizza la demo facile da usare di Elfsight per modellare il tuo strumento unico.","robots":{"index":"index","follow":"follow","max-snippet":"max-snippet:-1","max-image-preview":"max-image-preview:large","max-video-preview":"max-video-preview:-1"},"canonical":"https:\/\/elfsight.com\/it\/logo-showcase-widget\/google-sites\/","og_locale":"it_IT","og_type":"article","og_title":"Vetrina del logo: aggiunta del widget del logo a Google Sites (2025)","og_description":"Aggiungi un'estensione reattiva Logo Showcase sul tuo sito Google Sites e guadagna la massima fiducia. Utilizza la demo facile da usare di Elfsight per modellare il tuo strumento unico.","og_url":"https:\/\/elfsight.com\/it\/logo-showcase-widget\/google-sites\/","og_site_name":"Elfsight IT","article_modified_time":"2024-11-12T08:02:15+00:00","twitter_card":"summary_large_image","twitter_misc":{"Tempo di lettura stimato":"3 minuti"},"schema":{"@context":"https:\/\/schema.org","@graph":[{"@type":"WebPage","@id":"https:\/\/elfsight.com\/it\/logo-showcase-widget\/google-sites\/","url":"https:\/\/elfsight.com\/it\/logo-showcase-widget\/google-sites\/","name":"Vetrina del logo: aggiunta del widget del logo a Google Sites (2025)","isPartOf":{"@id":"https:\/\/elfsight.com\/it\/#website"},"datePublished":"2024-05-03T06:40:46+00:00","dateModified":"2024-11-12T08:02:15+00:00","description":"Aggiungi un'estensione reattiva Logo Showcase sul tuo sito Google Sites e guadagna la massima fiducia. Utilizza la demo facile da usare di Elfsight per modellare il tuo strumento unico.","breadcrumb":{"@id":"https:\/\/elfsight.com\/it\/logo-showcase-widget\/google-sites\/#breadcrumb"},"inLanguage":"it-IT","potentialAction":[{"@type":"ReadAction","target":["https:\/\/elfsight.com\/it\/logo-showcase-widget\/google-sites\/"]}]},{"@type":"BreadcrumbList","@id":"https:\/\/elfsight.com\/it\/logo-showcase-widget\/google-sites\/#breadcrumb","itemListElement":[{"@type":"ListItem","position":1,"name":"Home","item":"https:\/\/elfsight.com\/it\/"},{"@type":"ListItem","position":2,"name":"Logo Showcase","item":"https:\/\/elfsight.com\/it\/logo-showcase-widget\/"},{"@type":"ListItem","position":3,"name":"Logo Showcase &#8211; Google Sites"}]},{"@type":"WebSite","@id":"https:\/\/elfsight.com\/it\/#website","url":"https:\/\/elfsight.com\/it\/","name":"Elfsight IT","description":"Just another Elfsight Sites site","potentialAction":[{"@type":"SearchAction","target":{"@type":"EntryPoint","urlTemplate":"https:\/\/elfsight.com\/it\/?s={search_term_string}"},"query-input":{"@type":"PropertyValueSpecification","valueRequired":true,"valueName":"search_term_string"}}],"inLanguage":"it-IT"}]}},"meta_box":{"industry":"","seo_heading":"","heading":"","description":"","cta_heading":"","cta_description":"","application":"1699","h1":"Widget Vetrina del logo di Google Sites","h1_caption":"Vantati dei loghi dei clienti o degli associati sul tuo sito per aumentare la credibilit\u00e0","application_category":[],"applications_title":"","applications_request_title":"","applications_request_button_text":"","hero_text":"","hero_video":"","hero_video_schema_markup":"","selling_points_title":"","selling_points_caption":"","selling_points":[],"selling_points_cta_text":"","features_title":"","features":"","ed_cta_examples_text":"","ed_cta_examples_hidden":"","ed_cta_demo_text":"","ed_cta_demo_hidden":"","why_caption":"","why_editor_title":"","why_editor_text":"","why_team_title":"","why_team_text":"","why_service_title":"","why_service_text":"","template_catalog_visible":"","template_catalog_title":"","template_catalog_text":"","template_catalog_categories_visible":"","demo_title":"Crea il tuo widget Vetrina del logo","demo_caption":"Configura la tua vetrina del logo e aggiungila gratuitamente al tuo sito web di Google Sites!","default_faq_hidden":"","app_template_category":[],"platform":"105","template_public_id":"","codecanyon_url":"","codecanyon_item_id":"","codecanyon_price":"","pricing_caption":"","pricing_elfsight_apps_hide_column":"","pricing_elfsight_apps_url":"","pricing_codecanyon_price_caption":"","integration_category":[],"integration_request_title":"","integration_request_cta":"","integration_platform":"","integrations":[],"platform_category":[],"video_schema_markup":"","price":"da $ 0 al mese","trial":"","benefits":[{"text":"Assistenza gratuita per l'installazione"},{"text":"Servizio clienti efficace"},{"text":"Garanzia di rimborso di 14 giorni"},{"text":"Miglioramenti gratuiti continui"}],"button_url":"#demo","button_target_blank":"","button_nofollow":"","attributes":[{"name":"Installazioni"},{"name":"Reattivo","content":"S\u00cc"},{"name":"Browser compatibili","content":"Firefox, Safari, Opera, Chrome, Edge"}],"tags":[],"tags_disable_links":"","hide_more_platforms":"","video_object":"","demo_hide_cta":"","demo_hide_cloud_options":"","pricing_title":"","pricing":[{"pricing_icon":"cloud","pricing_title":"Elfsight Apps","pricing_title_caption":"Software multipiattaforma","pricing_price":"da $ 0 \/ mese","pricing_price_caption":"inizia con il piano gratuito","pricing_benefits":[{"text":"Siti web illimitati"},{"text":"Assistenza clienti dedicata"},{"text":"Assistenza per l'installazione gratuita"},{"text":"Progettazione flessibile"}],"pricing_button_text":"Aggiungi al sito web","pricing_button_url":"#demo"}],"related_apps_title":"","related_apps_hidden":"","author":"","image":[],"title":"","job":"","social_networks":[]},"_links":{"self":[{"href":"https:\/\/elfsight.com\/it\/wp-json\/wp\/v2\/pages\/4986","targetHints":{"allow":["GET"]}}],"collection":[{"href":"https:\/\/elfsight.com\/it\/wp-json\/wp\/v2\/pages"}],"about":[{"href":"https:\/\/elfsight.com\/it\/wp-json\/wp\/v2\/types\/page"}],"author":[{"embeddable":true,"href":"https:\/\/elfsight.com\/it\/wp-json\/wp\/v2\/users\/9"}],"replies":[{"embeddable":true,"href":"https:\/\/elfsight.com\/it\/wp-json\/wp\/v2\/comments?post=4986"}],"version-history":[{"count":1,"href":"https:\/\/elfsight.com\/it\/wp-json\/wp\/v2\/pages\/4986\/revisions"}],"predecessor-version":[{"id":4990,"href":"https:\/\/elfsight.com\/it\/wp-json\/wp\/v2\/pages\/4986\/revisions\/4990"}],"up":[{"embeddable":true,"href":"https:\/\/elfsight.com\/it\/wp-json\/wp\/v2\/pages\/1700"}],"wp:attachment":[{"href":"https:\/\/elfsight.com\/it\/wp-json\/wp\/v2\/media?parent=4986"}],"curies":[{"name":"wp","href":"https:\/\/api.w.org\/{rel}","templated":true}]}}