{"id":4981,"date":"2024-05-03T06:40:45","date_gmt":"2024-05-03T06:40:45","guid":{"rendered":"https:\/\/elfsight.com\/it\/?page_id=4981"},"modified":"2024-11-11T11:25:41","modified_gmt":"2024-11-11T11:25:41","slug":"godaddy","status":"publish","type":"page","link":"https:\/\/elfsight.com\/it\/logo-showcase-widget\/godaddy\/","title":{"rendered":"Logo Showcase &#8211; GoDaddy"},"content":{"rendered":"<div class=\"application-platform-content-item-description application-platform-content-item\" id=\"description\" data-nav-section=\"description\"> <h2>Incorpora Logo Showcase su GoDaddy con il widget Elfsight<\/h2> <p>Elfsight Logo Showcase sar\u00e0 la tecnica perfetta per mostrare ai tuoi clienti e i loghi dei promotori o le tue menzioni nei media sul tuo sito. Con il plugin convinci i visitatori che la tua azienda \u00e8 un partner affidabile e sostieni una visione positiva della tua attivit\u00e0. Il plugin ti consente di aggiungere infiniti loghi, inserirli in un carosello o in una griglia e regolare la dimensione dei loghi. Puoi mostrare didascalie e collegamenti ai siti Web delle aziende. Variando le opzioni di colori e caratteri, configurerai un aspetto personalizzato. <\/p><p><b>Aumenta le vendite mostrando la tua eccellente reputazione aziendale, inserendo i loghi dei clienti sul tuo sito. <\/b><\/p><\/div> <div class=\"application-platform-content-item-features application-platform-content-item\" id=\"features\" data-nav-section=\"features\"><h2>Caratteristiche principali del widget Logo Showcase<\/h2> <p>Qui puoi vedere tutti i tratti funzionali di Logo Showcase. Puoi gestirli direttamente nell&#8217;editor e ti aiuteranno a creare il plugin pi\u00f9 adatto alle tue esigenze. <\/p><ul><li>Puoi collegare ciascun logo a qualsiasi pagina web; <\/li><li>Intestazione del plugin rimovibile con titolo e testo con formattazione disponibile; <\/li><li>Il pulsante CTA pu\u00f2 essere collegato a qualsiasi pagina web; <\/li><li>Tre diversi layout: Slider, Grid e Carousel; <\/li><li>Un&#8217;opzione per modificare la dimensione del logo e la larghezza del plugin; <\/li><li> Scegli un colore di sfondo qualsiasi o carica un file personalizzato. <\/li><\/ul><p><a href=\"#demo\">Puoi testare tutte le funzionalit\u00e0 del plugin direttamente nella demo<\/a><\/p><\/div> <div class=\"application-platform-content-item-installation application-platform-content-item\" id=\"installation\" data-nav-section=\"installation\"> <h2>Come faccio ad aggiungere Logo Showcase a GoDaddy? <\/h2><p>Per introdurre il plugin, applica le istruzioni seguenti<\/p><ul><li><b>Crea il tuo plugin Logo Showcase personalizzato<\/b><br>Gestione della nostra demo gratuita, ottieni un plugin con una composizione e funzionalit\u00e0 personalizzate. <\/li> <li><b>Acquisisci il codice individuale per installare il plugin<\/b><br>Dopo aver configurato il tuo plugin, riceverai il tuo codice personale dalla notifica popup sulle app Elfsight. Copialo. <\/li> <li><b>Incorpora il plug-in nel tuo sito Muse<\/b><br>Vai nell&#8217;area in cui devi posizionare il plug-in e aggiungi l\u00ec il codice copiato. Salva i risultati. <\/li> <li><b>Fatto! <\/b><br>Visita la tua pagina, per vedere i tuoi lavori. <\/li><\/ul><p>Se hai bisogno di aiuto o hai domande, puoi rivolgerti al supporto clienti. I nostri specialisti daranno una mano per ogni richiesta. <\/p><div class=\"faq\" data-component=\"FAQ\"><div class=\"faq-item\">\r\n\t\t\t\t\t<div class=\"faq-item-question\">\r\n\t\t\t\t\t\t<h3 class=\"faq-item-question-text\">Esiste un'opzione per incorporare Logo Showcase nella mia pagina web GoDaddy senza competenze di codifica?<\/h3>\r\n\r\n\t\t\t\t\t\t<div class=\"faq-item-question-icon\"><\/div>\r\n\t\t\t\t\t<\/div>\r\n\r\n\t\t\t\t\t<div class=\"faq-item-answer\">\r\n\t\t\t\t\t\t<div class=\"faq-item-answer-text\"> <p>Elfsight offre una soluzione SaaS che ti consente di creare tu stesso una sezione Logo Showcase, scopri le semplici istruzioni: inizia a lavorare direttamente nella demo online per generare una sezione Vetrina del logo che desideri venga visualizzata sulla tua home page di GoDaddy. Fai clic su uno dei modelli predefiniti e modifica le impostazioni di Logo Showcase, aggiorna i tuoi contenuti, cambia il layout e il colore degli elementi senza esperienza di codifica. Salva la vetrina del logo e copia il codice per l&#8217;incorporamento, che potr\u00e0 essere facilmente incorporato nel tuo sito web GoDaddy senza la necessit\u00e0 di acquistare un piano a pagamento. Con il nostro configuratore intuitivo qualsiasi utente web pu\u00f2 creare una sezione Vetrina del logo online e aggiungerla semplicemente alla home page di GoDaddy. Non \u00e8 necessario pagare o rivelare i dati della tua carta per accedere all&#8217;Editor. In caso di problemi in qualsiasi momento, non esitate a contattare il nostro team di supporto tecnico.<\/p> <\/div>\r\n\t\t\t\t\t<\/div>\r\n\t\t\t\t<\/div> <\/div><\/div>","protected":false},"excerpt":{"rendered":"","protected":false},"author":9,"featured_media":0,"parent":1700,"menu_order":0,"comment_status":"closed","ping_status":"closed","template":"templates\/template-application-platform.php","meta":{"publish_to_discourse":"","publish_post_category":"","wpdc_auto_publish_overridden":"","wpdc_topic_tags":"","wpdc_pin_topic":"","wpdc_pin_until":"","discourse_post_id":"","discourse_permalink":"","wpdc_publishing_response":"","wpdc_publishing_error":"","footnotes":""},"class_list":["post-4981","page","type-page","status-publish","hentry"],"yoast_head":"<!-- This site is optimized with the Yoast SEO plugin v25.3.1 - https:\/\/yoast.com\/wordpress\/plugins\/seo\/ -->\n<title>Plug-in Logo Showcase: aggiungi il plug-in Logo Showcase al sito Web di GoDaddy!<\/title>\n<meta name=\"description\" content=\"Dimostra la tua credibilit\u00e0 con il nuovo plug-in Elfsight Logo Showcase per il sito Web GoDaddy! Porta la tua attivit\u00e0 al livello successivo in pochi passaggi!\" \/>\n<meta name=\"robots\" content=\"index, follow, max-snippet:-1, max-image-preview:large, max-video-preview:-1\" \/>\n<link rel=\"canonical\" href=\"https:\/\/elfsight.com\/it\/logo-showcase-widget\/godaddy\/\" \/>\n<meta property=\"og:locale\" content=\"it_IT\" \/>\n<meta property=\"og:type\" content=\"article\" \/>\n<meta property=\"og:title\" content=\"Plug-in Logo Showcase: aggiungi il plug-in Logo Showcase al sito Web di GoDaddy!\" \/>\n<meta property=\"og:description\" content=\"Dimostra la tua credibilit\u00e0 con il nuovo plug-in Elfsight Logo Showcase per il sito Web GoDaddy! Porta la tua attivit\u00e0 al livello successivo in pochi passaggi!\" \/>\n<meta property=\"og:url\" content=\"https:\/\/elfsight.com\/it\/logo-showcase-widget\/godaddy\/\" \/>\n<meta property=\"og:site_name\" content=\"Elfsight IT\" \/>\n<meta property=\"article:modified_time\" content=\"2024-11-11T11:25:41+00:00\" \/>\n<meta name=\"twitter:card\" content=\"summary_large_image\" \/>\n<meta name=\"twitter:label1\" content=\"Tempo di lettura stimato\" \/>\n\t<meta name=\"twitter:data1\" content=\"3 minuti\" \/>\n<!-- \/ Yoast SEO plugin. -->","yoast_head_json":{"title":"Plug-in Logo Showcase: aggiungi il plug-in Logo Showcase al sito Web di GoDaddy!","description":"Dimostra la tua credibilit\u00e0 con il nuovo plug-in Elfsight Logo Showcase per il sito Web GoDaddy! Porta la tua attivit\u00e0 al livello successivo in pochi passaggi!","robots":{"index":"index","follow":"follow","max-snippet":"max-snippet:-1","max-image-preview":"max-image-preview:large","max-video-preview":"max-video-preview:-1"},"canonical":"https:\/\/elfsight.com\/it\/logo-showcase-widget\/godaddy\/","og_locale":"it_IT","og_type":"article","og_title":"Plug-in Logo Showcase: aggiungi il plug-in Logo Showcase al sito Web di GoDaddy!","og_description":"Dimostra la tua credibilit\u00e0 con il nuovo plug-in Elfsight Logo Showcase per il sito Web GoDaddy! Porta la tua attivit\u00e0 al livello successivo in pochi passaggi!","og_url":"https:\/\/elfsight.com\/it\/logo-showcase-widget\/godaddy\/","og_site_name":"Elfsight IT","article_modified_time":"2024-11-11T11:25:41+00:00","twitter_card":"summary_large_image","twitter_misc":{"Tempo di lettura stimato":"3 minuti"},"schema":{"@context":"https:\/\/schema.org","@graph":[{"@type":"WebPage","@id":"https:\/\/elfsight.com\/it\/logo-showcase-widget\/godaddy\/","url":"https:\/\/elfsight.com\/it\/logo-showcase-widget\/godaddy\/","name":"Plug-in Logo Showcase: aggiungi il plug-in Logo Showcase al sito Web di GoDaddy!","isPartOf":{"@id":"https:\/\/elfsight.com\/it\/#website"},"datePublished":"2024-05-03T06:40:45+00:00","dateModified":"2024-11-11T11:25:41+00:00","description":"Dimostra la tua credibilit\u00e0 con il nuovo plug-in Elfsight Logo Showcase per il sito Web GoDaddy! Porta la tua attivit\u00e0 al livello successivo in pochi passaggi!","breadcrumb":{"@id":"https:\/\/elfsight.com\/it\/logo-showcase-widget\/godaddy\/#breadcrumb"},"inLanguage":"it-IT","potentialAction":[{"@type":"ReadAction","target":["https:\/\/elfsight.com\/it\/logo-showcase-widget\/godaddy\/"]}]},{"@type":"BreadcrumbList","@id":"https:\/\/elfsight.com\/it\/logo-showcase-widget\/godaddy\/#breadcrumb","itemListElement":[{"@type":"ListItem","position":1,"name":"Home","item":"https:\/\/elfsight.com\/it\/"},{"@type":"ListItem","position":2,"name":"Logo Showcase","item":"https:\/\/elfsight.com\/it\/logo-showcase-widget\/"},{"@type":"ListItem","position":3,"name":"Logo Showcase &#8211; GoDaddy"}]},{"@type":"WebSite","@id":"https:\/\/elfsight.com\/it\/#website","url":"https:\/\/elfsight.com\/it\/","name":"Elfsight IT","description":"Just another Elfsight Sites site","potentialAction":[{"@type":"SearchAction","target":{"@type":"EntryPoint","urlTemplate":"https:\/\/elfsight.com\/it\/?s={search_term_string}"},"query-input":{"@type":"PropertyValueSpecification","valueRequired":true,"valueName":"search_term_string"}}],"inLanguage":"it-IT"}]}},"meta_box":{"industry":"","seo_heading":"","heading":"","description":"","cta_heading":"","cta_description":"","application":"1699","h1":"Plug-in per la vetrina del logo di GoDaddy","h1_caption":"Mostra i loghi dei tuoi partner, sponsor o clienti, creando facilmente credibilit\u00e0 e fiducia per il tuo marchio nel tuo sito web GoDaddy.","application_category":[],"applications_title":"","applications_request_title":"","applications_request_button_text":"","hero_text":"","hero_video":"","hero_video_schema_markup":"","selling_points_title":"","selling_points_caption":"","selling_points":[],"selling_points_cta_text":"","features_title":"","features":"","ed_cta_examples_text":"","ed_cta_examples_hidden":"","ed_cta_demo_text":"","ed_cta_demo_hidden":"","why_caption":"","why_editor_title":"","why_editor_text":"","why_team_title":"","why_team_text":"","why_service_title":"","why_service_text":"","template_catalog_visible":"","template_catalog_title":"","template_catalog_text":"","template_catalog_categories_visible":"","demo_title":"Crea il tuo plug-in Logo Showcase","demo_caption":"Configura la tua Vetrina del logo e aggiungila gratuitamente al tuo sito web GoDaddy!","default_faq_hidden":"","app_template_category":[],"platform":"53","template_public_id":"","codecanyon_url":"","codecanyon_item_id":"","codecanyon_price":"","pricing_caption":"","pricing_elfsight_apps_hide_column":"","pricing_elfsight_apps_url":"","pricing_codecanyon_price_caption":"","integration_category":[],"integration_request_title":"","integration_request_cta":"","integration_platform":"","integrations":[],"platform_category":[],"video_schema_markup":"","price":"da $ 0 al mese","trial":"","benefits":[{"text":"Servizio di installazione gratuito"},{"text":"Assistenza clienti efficace"},{"text":"Garanzia di rimborso di 14 giorni"},{"text":"Sviluppo continuo"}],"button_url":"#demo","button_target_blank":"","button_nofollow":"","attributes":[{"name":"Installazioni"},{"name":"Reattivo","content":"S\u00cc"},{"name":"Browser compatibili","content":"Edge, Opera, Chrome, Safari, Firefox"}],"tags":[],"tags_disable_links":"","hide_more_platforms":"","video_object":"","demo_hide_cta":"","demo_hide_cloud_options":"","pricing_title":"","pricing":[{"pricing_icon":"platform","pricing_title":"Elfsight Apps","pricing_title_caption":"Versione multipiattaforma","pricing_price":"da $ 0 \/ mese","pricing_price_caption":"inizia con il piano gratuito","pricing_benefits":[{"text":"Domini illimitati"},{"text":"Supporto rapido e ben documentato"},{"text":"Aiuto per l'installazione gratuito"},{"text":"100% personalizzabile"}],"pricing_button_text":"Aggiungi al sito web","pricing_button_url":"#demo"}],"related_apps_title":"","related_apps_hidden":"","author":"","image":[],"title":"","job":"","social_networks":[]},"_links":{"self":[{"href":"https:\/\/elfsight.com\/it\/wp-json\/wp\/v2\/pages\/4981","targetHints":{"allow":["GET"]}}],"collection":[{"href":"https:\/\/elfsight.com\/it\/wp-json\/wp\/v2\/pages"}],"about":[{"href":"https:\/\/elfsight.com\/it\/wp-json\/wp\/v2\/types\/page"}],"author":[{"embeddable":true,"href":"https:\/\/elfsight.com\/it\/wp-json\/wp\/v2\/users\/9"}],"replies":[{"embeddable":true,"href":"https:\/\/elfsight.com\/it\/wp-json\/wp\/v2\/comments?post=4981"}],"version-history":[{"count":1,"href":"https:\/\/elfsight.com\/it\/wp-json\/wp\/v2\/pages\/4981\/revisions"}],"predecessor-version":[{"id":4985,"href":"https:\/\/elfsight.com\/it\/wp-json\/wp\/v2\/pages\/4981\/revisions\/4985"}],"up":[{"embeddable":true,"href":"https:\/\/elfsight.com\/it\/wp-json\/wp\/v2\/pages\/1700"}],"wp:attachment":[{"href":"https:\/\/elfsight.com\/it\/wp-json\/wp\/v2\/media?parent=4981"}],"curies":[{"name":"wp","href":"https:\/\/api.w.org\/{rel}","templated":true}]}}