{"id":4978,"date":"2024-05-03T06:40:42","date_gmt":"2024-05-03T06:40:42","guid":{"rendered":"https:\/\/elfsight.com\/it\/?page_id=4978"},"modified":"2025-10-22T08:47:41","modified_gmt":"2025-10-22T08:47:41","slug":"wordpress","status":"publish","type":"page","link":"https:\/\/elfsight.com\/it\/linkedin-feed-widget\/wordpress\/","title":{"rendered":"LinkedIn Feed &#8211; WordPress"},"content":{"rendered":"\n<div class=\"application-platform-content-item-description application-platform-content-item\" id=\"description\" data-nav-section=\"description\"> <h2>Incorpora gratuitamente il feed di LinkedIn su WordPress!<\/h2> <p>Il widget del feed di LinkedIn offre alle aziende un&#8217;eccezionale opportunit\u00e0 di trasmettere e pubblicizzare i loro contenuti LinkedIn sui siti Web WordPress: visualizzazione di post, immagini, clip, ecc. L&#8217;integrazione del plug-in richiede pochi tocchi di un pulsante: non sono necessarie conoscenze di codifica o tecniche.<\/p> <p>Crea uno stile che si adatti all&#8217;estetica del tuo sito web e segui le tendenze combinando attributi di feed personalizzati, modelli, layout e stili di post. Aggiungi un effetto popup come azione post-clic per attirare l&#8217;attenzione degli utenti. Infine, goditi la maggiore fiducia e il migliore tasso di coinvolgimento.<\/p> <ul><li><strong>Aumenta la portata della tua rete con la pagina aziendale di LinkedIn.<\/strong><br>Instaura nuove relazioni in ambito professionale e aumenta il numero di lead che utilizzano i contenuti del tuo profilo LinkedIn.<\/li><li><strong>Amplia la tua base di pubblico di LinkedIn.<\/strong><br>Attira l&#8217;attenzione sul tuo LinkedIn nella community di utenti di WordPress e aggiungi un grande interesse per il tuo servizi.<\/li><li><strong>Migliora l&#8217;autenticit\u00e0 della tua attivit\u00e0.<\/strong><br>Fornisci un ulteriore livello di credibilit\u00e0 e affidabilit\u00e0 al tuo marchio condividendo l&#8217;attivit\u00e0 LinkedIn pi\u00f9 recente direttamente sulla pagina del sito web. <\/li><\/ul><p><b>Aggiungi il plug-in Feed LinkedIn senza codice al sito Web WordPress per creare fiducia, promuovere l&#8217;autenticit\u00e0 e ampliare le opportunit\u00e0 di networking sfruttando una forte convalida sociale.<\/b><\/p> <div class=\"faq\" data-component=\"FAQ\"><div class=\"faq-item\">\r\n\t\t\t\t\t<div class=\"faq-item-question\">\r\n\t\t\t\t\t\t<h3 class=\"faq-item-question-text\">Esistono altri strumenti per WordPress che posso utilizzare sul mio sito web?<\/h3>\r\n\r\n\t\t\t\t\t\t<div class=\"faq-item-question-icon\"><\/div>\r\n\t\t\t\t\t<\/div>\r\n\r\n\t\t\t\t\t<div class=\"faq-item-answer\">\r\n\t\t\t\t\t\t<div class=\"faq-item-answer-text\"><p>S\u00ec, assolutamente! Essere un utente WordPress ti offre un&#8217;ampia selezione di strumenti senza codice da Elfsight, incluso il plug-in Feed di LinkedIn. Non importa che tipo di attivit\u00e0 svolgi e quale nicchia nel campo svolgi, puoi sempre cercare opportunit\u00e0 per mostrare i tuoi punti di forza. Ecco alcune possibilit\u00e0:<\/p><ul><li>Per creare qualsiasi altra app di social media per il tuo sito Web WordPress, valuta la possibilit\u00e0 di utilizzare <a href=\"https:\/\/elfsight.com\/it\/pinterest-feed-widget\/\">Feed di Pinterest<\/a> o <a href=\"https:\/\/elfsight.com\/it\/instagram-feed-instashow\/\">Feed di Instagram<\/a> insieme al feed di LinkedIn.<\/li><li>Attiva per le <a href=\"https:\/\/elfsight.com\/it\/all-in-one-reviews-widget\/\">recensioni tutto in uno<\/a> o <a href=\"https:\/\/elfsight.com\/it\/google-reviews-widget\/\">Plug-in di Google Recensioni<\/a> per visualizzare il feedback dei clienti.<\/li><li>Incorpora il <a href=\"https:\/\/elfsight.com\/it\/online-form-builder\/\">Generatore di moduli<\/a> per raccogliere risposte e facilitare la comunicazione con i tuoi utenti WordPress.<\/li> <li>Aggiungi il <a href=\"https:\/\/elfsight.com\/it\/countdown-timer-widget\/\">Timer per il conto alla rovescia <\/a> widget per favorire l&#8217;attesa e creare un senso di urgenza nel tuo pubblico.<\/li><\/ul><p>E questo \u00e8 solo l&#8217;inizio di un lungo elenco di aggiunte che possono soddisfare le tue esigenze aziendali. Inizia con il plug-in Feed di LinkedIn senza codice per il tuo sito web ed esplora il resto del nostro catalogo per ulteriori soluzioni widget da aggiungere!<\/p><\/div>\r\n\t\t\t\t\t<\/div>\r\n\t\t\t\t<\/div><div class=\"faq-item\">\r\n\t\t\t\t\t<div class=\"faq-item-question\">\r\n\t\t\t\t\t\t<h3 class=\"faq-item-question-text\">Come incorporare il feed di LinkedIn gratuitamente su WordPress?<\/h3>\r\n\r\n\t\t\t\t\t\t<div class=\"faq-item-question-icon\"><\/div>\r\n\t\t\t\t\t<\/div>\r\n\r\n\t\t\t\t\t<div class=\"faq-item-answer\">\r\n\t\t\t\t\t\t<div class=\"faq-item-answer-text\"><p>Per aggiungere gratuitamente il feed di LinkedIn al tuo sito Web WordPress, procedi nel seguente modo:<\/p> <ol><li>Personalizza l&#8217;aspetto del widget del feed di LinkedIn per adattarlo allo stile di design del tuo sito Web.<\/li><li>Accedi al tuo pannello dashboard Elfsight o crea un profilo gratuito.<\/li><li>Ottieni il codice di incorporamento univoco per il widget.<\/li><li>Naviga al tuo sito web WordPress.<\/li><li>Inserisci il codice nell&#8217;editor del tuo sito web WordPress per aggiungere il widget Feed di LinkedIn. Voil\u00e0!<\/li><\/ol><p>Come \u00e8 evidente, non \u00e8 necessario eccellere nella scrittura del codice per incorporare il plugin. Crea con facilit\u00e0 il widget Feed LinkedIn senza codice per un sito Web WordPress e sperimenta vari vantaggi che accompagnano il processo di espansione della tua portata.<\/p><\/div>\r\n\t\t\t\t\t<\/div>\r\n\t\t\t\t<\/div><div class=\"faq-item\">\r\n\t\t\t\t\t<div class=\"faq-item-question\">\r\n\t\t\t\t\t\t<h3 class=\"faq-item-question-text\">Devo sapere come programmare o avere competenze di programmazione per incorporare il plug-in Feed di LinkedIn nel sito Web WordPress?<\/h3>\r\n\r\n\t\t\t\t\t\t<div class=\"faq-item-question-icon\"><\/div>\r\n\t\t\t\t\t<\/div>\r\n\r\n\t\t\t\t\t<div class=\"faq-item-answer\">\r\n\t\t\t\t\t\t<div class=\"faq-item-answer-text\"><p>No. Non \u00e8 assolutamente necessario avere competenze di codifica. Puoi creare e aggiungere facilmente il plug-in Feed di LinkedIn al tuo sito Web WordPress, anche senza alcun background specializzato o precedente esperienza di programmazione.<\/p> <\/div>\r\n\t\t\t\t\t<\/div>\r\n\t\t\t\t<\/div><\/div><\/div> <div class=\"application-platform-content-item-features application-platform-content-item\" id=\"features\" data-nav-section=\"features\"> <h2>Ecco l&#8217;elenco delle funzionalit\u00e0 pi\u00f9 potenti:<\/h2> <ul><li>Condividi diversi tipi di contenuti: post di blog, immagini, clip, ecc.<\/li><li>Filtra i post dei feed per parole chiave, hashtag o URL.<\/li><li>Aggiungi i pulsanti CTA per migliorare la visibilit\u00e0 del feed della tua azienda LinkedIn.<\/li><li>Mostra un effetto popup dinamico per attirare l&#8217;attenzione delle persone sui tuoi contenuti LinkedIn.<\/li><li>Personalizzazione senza codice con impostazioni di progettazione avanzate: modelli predefiniti, generatore di combinazioni di colori, design di layout, stili di post, CSS personalizzati, ecc.<\/li><\/ul><p><a href=\"#demo\">Prova questa demo per comprendere la funzionalit\u00e0 del widget<\/a><\/p> <\/div> <div class=\"application-platform-content-item-installation application-platform-content-item\" id=\"installation\" data-nav-section=\"installation\"> <h2>Come aggiungere il feed LinkedIn al mio sito WordPress?<\/h2><div class=\"video-container\">\n<iframe width=\"720\" height=\"405\" src=\"https:\/\/www.youtube.com\/embed\/Ur-GSqDEehE?si=1TTRjdw7qWxXDz_I\" frameborder=\"0\" allowfullscreen=\"\"><\/iframe>\n<\/div><p>Se desideri incorporare il plug-in Feed LinkedIn senza codice nel tuo sito Web WordPress, procedi nel seguente modo:<\/p> <ol><li><b>Lancia il nostro editor gratuito e inizia a creare il tuo plug-in Feed LinkedIn personalizzato.<\/b><br> Trova la forma e la funzionalit\u00e0 preferite del plugin e salva le modifiche.<\/li> <li><b>Copia il tuo codice univoco, che appare nella finestra su Elfsight Apps.<\/b><br> Una volta completata la configurazione del widget, copia il codice esclusivo nel popup visualizzato e conservalo per un ulteriore utilizzo.<\/li> <li><b>Aggiungi il codice del widget al tuo sito Web WordPress.<\/b><br> Aggiungi il codice che hai salvato in precedenza sul tuo sito web e applica le modifiche.<\/li> <li><b>L&#8217;installazione \u00e8 terminata con successo.<\/b><br> Vai al tuo sito web per vedere in azione il prestazioni del widget Feed di LinkedIn.<\/li><\/ol> <p>Nel caso in cui incontri qualche difficolt\u00e0 con il processo di incorporamento, non aver paura di metterti in contatto con il nostro team di assistenza clienti. Il nostro personale sar\u00e0 felice di risolvere tutte le domande che potresti avere con il plug-in Feed LinkedIn senza codice per i siti Web WordPress.<\/p> <\/div>\n","protected":false},"excerpt":{"rendered":"","protected":false},"author":9,"featured_media":0,"parent":3122,"menu_order":0,"comment_status":"closed","ping_status":"closed","template":"templates\/template-application-platform.php","meta":{"publish_to_discourse":"","publish_post_category":"","wpdc_auto_publish_overridden":"","wpdc_topic_tags":"","wpdc_pin_topic":"","wpdc_pin_until":"","discourse_post_id":"","discourse_permalink":"","wpdc_publishing_response":"","wpdc_publishing_error":"","footnotes":""},"class_list":["post-4978","page","type-page","status-publish","hentry"],"yoast_head":"<!-- This site is optimized with the Yoast SEO plugin v25.3.1 - https:\/\/yoast.com\/wordpress\/plugins\/seo\/ -->\n<title>Feed di LinkedIn - Aggiungi il plugin Feed a WordPress [gratuitamente!]<\/title>\n<meta name=\"description\" content=\"Incorpora il plug-in Feed LinkedIn senza codifica nel tuo sito Web WordPress. Costruisci il tuo widget utilizzando una demo live e modelli predefiniti per avere una forte prova sociale.\" \/>\n<meta name=\"robots\" content=\"index, follow, max-snippet:-1, max-image-preview:large, max-video-preview:-1\" \/>\n<link rel=\"canonical\" href=\"https:\/\/elfsight.com\/it\/linkedin-feed-widget\/wordpress\/\" \/>\n<meta property=\"og:locale\" content=\"it_IT\" \/>\n<meta property=\"og:type\" content=\"article\" \/>\n<meta property=\"og:title\" content=\"Feed di LinkedIn - Aggiungi il plugin Feed a WordPress [gratuitamente!]\" \/>\n<meta property=\"og:description\" content=\"Incorpora il plug-in Feed LinkedIn senza codifica nel tuo sito Web WordPress. Costruisci il tuo widget utilizzando una demo live e modelli predefiniti per avere una forte prova sociale.\" \/>\n<meta property=\"og:url\" content=\"https:\/\/elfsight.com\/it\/linkedin-feed-widget\/wordpress\/\" \/>\n<meta property=\"og:site_name\" content=\"Elfsight IT\" \/>\n<meta property=\"article:modified_time\" content=\"2025-10-22T08:47:41+00:00\" \/>\n<meta name=\"twitter:card\" content=\"summary_large_image\" \/>\n<meta name=\"twitter:label1\" content=\"Tempo di lettura stimato\" \/>\n\t<meta name=\"twitter:data1\" content=\"5 minuti\" \/>\n<!-- \/ Yoast SEO plugin. -->","yoast_head_json":{"title":"Feed di LinkedIn - Aggiungi il plugin Feed a WordPress [gratuitamente!]","description":"Incorpora il plug-in Feed LinkedIn senza codifica nel tuo sito Web WordPress. Costruisci il tuo widget utilizzando una demo live e modelli predefiniti per avere una forte prova sociale.","robots":{"index":"index","follow":"follow","max-snippet":"max-snippet:-1","max-image-preview":"max-image-preview:large","max-video-preview":"max-video-preview:-1"},"canonical":"https:\/\/elfsight.com\/it\/linkedin-feed-widget\/wordpress\/","og_locale":"it_IT","og_type":"article","og_title":"Feed di LinkedIn - Aggiungi il plugin Feed a WordPress [gratuitamente!]","og_description":"Incorpora il plug-in Feed LinkedIn senza codifica nel tuo sito Web WordPress. Costruisci il tuo widget utilizzando una demo live e modelli predefiniti per avere una forte prova sociale.","og_url":"https:\/\/elfsight.com\/it\/linkedin-feed-widget\/wordpress\/","og_site_name":"Elfsight IT","article_modified_time":"2025-10-22T08:47:41+00:00","twitter_card":"summary_large_image","twitter_misc":{"Tempo di lettura stimato":"5 minuti"},"schema":{"@context":"https:\/\/schema.org","@graph":[{"@type":"WebPage","@id":"https:\/\/elfsight.com\/it\/linkedin-feed-widget\/wordpress\/","url":"https:\/\/elfsight.com\/it\/linkedin-feed-widget\/wordpress\/","name":"Feed di LinkedIn - Aggiungi il plugin Feed a WordPress [gratuitamente!]","isPartOf":{"@id":"https:\/\/elfsight.com\/it\/#website"},"datePublished":"2024-05-03T06:40:42+00:00","dateModified":"2025-10-22T08:47:41+00:00","description":"Incorpora il plug-in Feed LinkedIn senza codifica nel tuo sito Web WordPress. Costruisci il tuo widget utilizzando una demo live e modelli predefiniti per avere una forte prova sociale.","breadcrumb":{"@id":"https:\/\/elfsight.com\/it\/linkedin-feed-widget\/wordpress\/#breadcrumb"},"inLanguage":"it-IT","potentialAction":[{"@type":"ReadAction","target":["https:\/\/elfsight.com\/it\/linkedin-feed-widget\/wordpress\/"]}]},{"@type":"BreadcrumbList","@id":"https:\/\/elfsight.com\/it\/linkedin-feed-widget\/wordpress\/#breadcrumb","itemListElement":[{"@type":"ListItem","position":1,"name":"Home","item":"https:\/\/elfsight.com\/it\/"},{"@type":"ListItem","position":2,"name":"LinkedIn Feed","item":"https:\/\/elfsight.com\/it\/linkedin-feed-widget\/"},{"@type":"ListItem","position":3,"name":"LinkedIn Feed &#8211; WordPress"}]},{"@type":"WebSite","@id":"https:\/\/elfsight.com\/it\/#website","url":"https:\/\/elfsight.com\/it\/","name":"Elfsight IT","description":"Just another Elfsight Sites site","potentialAction":[{"@type":"SearchAction","target":{"@type":"EntryPoint","urlTemplate":"https:\/\/elfsight.com\/it\/?s={search_term_string}"},"query-input":{"@type":"PropertyValueSpecification","valueRequired":true,"valueName":"search_term_string"}}],"inLanguage":"it-IT"}]}},"meta_box":{"industry":"","seo_heading":"","heading":"","description":"","cta_heading":"","cta_description":"","application":"3109","h1":"Come incorporare gratuitamente il feed LinkedIn su WordPress!","h1_caption":"Presenta gli aggiornamenti, la grafica e le clip dell'azienda LinkedIn sul tuo sito web","application_category":[],"applications_title":"","applications_request_title":"","applications_request_button_text":"","hero_text":"","hero_video":"","hero_video_schema_markup":"","selling_points_title":"","selling_points_caption":"","selling_points":[],"selling_points_cta_text":"","features_title":"","features":"","ed_cta_examples_text":"","ed_cta_examples_hidden":"","ed_cta_demo_text":"","ed_cta_demo_hidden":"","why_caption":"","why_editor_title":"","why_editor_text":"","why_team_title":"","why_team_text":"","why_service_title":"","why_service_text":"","template_catalog_visible":"0","template_catalog_title":"","template_catalog_text":"","template_catalog_categories_visible":"","demo_title":"Crea il tuo plug-in Feed LinkedIn","demo_caption":"Configura il tuo feed LinkedIn e aggiungilo gratuitamente al tuo sito WordPress!","default_faq_hidden":"","app_template_category":[],"platform":"28","template_public_id":"","codecanyon_url":"","codecanyon_item_id":"","codecanyon_price":"","pricing_caption":"","pricing_elfsight_apps_hide_column":"","pricing_elfsight_apps_url":"","pricing_codecanyon_price_caption":"","integration_category":[],"integration_request_title":"","integration_request_cta":"","integration_platform":"","integrations":[],"platform_category":[],"video_schema_markup":"","price":"da $ 0 al mese","trial":"","benefits":[{"text":"Assistenza gratuita per l'installazione"},{"text":"Servizio clienti professionale"},{"text":"Garanzia di rimborso di 14 giorni"},{"text":"Miglioramenti futuri"}],"button_url":"#demo","button_target_blank":"0","button_nofollow":"0","attributes":[{"name":"Installazioni"},{"name":"Reattivo","content":"S\u00cc"},{"name":"Browser compatibili","content":"Opera, Edge, Firefox, Safari, Chrome"}],"tags":[],"tags_disable_links":"0","hide_more_platforms":"0","video_object":"","demo_hide_cta":"0","demo_hide_cloud_options":"0","pricing_title":"","pricing":[{"pricing_icon":"platform","pricing_title":"Elfsight Apps","pricing_title_caption":"Soluzione digitale multipiattaforma","pricing_price":"da $ 0 \/ mese","pricing_price_caption":"inizia con un piano gratuito","pricing_benefits":[{"text":"Domini illimitati"},{"text":"Assistenza clienti premium"},{"text":"Assistenza per l'installazione gratuita"},{"text":"Progettazione flessibile"}],"pricing_button_text":"Aggiungi al sito web","pricing_button_url":"#demo"}],"related_apps_title":"","related_apps_hidden":"0","author":"","image":[],"title":"","job":"","social_networks":[]},"_links":{"self":[{"href":"https:\/\/elfsight.com\/it\/wp-json\/wp\/v2\/pages\/4978","targetHints":{"allow":["GET"]}}],"collection":[{"href":"https:\/\/elfsight.com\/it\/wp-json\/wp\/v2\/pages"}],"about":[{"href":"https:\/\/elfsight.com\/it\/wp-json\/wp\/v2\/types\/page"}],"author":[{"embeddable":true,"href":"https:\/\/elfsight.com\/it\/wp-json\/wp\/v2\/users\/9"}],"replies":[{"embeddable":true,"href":"https:\/\/elfsight.com\/it\/wp-json\/wp\/v2\/comments?post=4978"}],"version-history":[{"count":4,"href":"https:\/\/elfsight.com\/it\/wp-json\/wp\/v2\/pages\/4978\/revisions"}],"predecessor-version":[{"id":10522,"href":"https:\/\/elfsight.com\/it\/wp-json\/wp\/v2\/pages\/4978\/revisions\/10522"}],"up":[{"embeddable":true,"href":"https:\/\/elfsight.com\/it\/wp-json\/wp\/v2\/pages\/3122"}],"wp:attachment":[{"href":"https:\/\/elfsight.com\/it\/wp-json\/wp\/v2\/media?parent=4978"}],"curies":[{"name":"wp","href":"https:\/\/api.w.org\/{rel}","templated":true}]}}