{"id":4972,"date":"2024-05-03T06:40:40","date_gmt":"2024-05-03T06:40:40","guid":{"rendered":"https:\/\/elfsight.com\/it\/?page_id=4972"},"modified":"2025-03-17T12:50:10","modified_gmt":"2025-03-17T12:50:10","slug":"iframe","status":"publish","type":"page","link":"https:\/\/elfsight.com\/it\/linkedin-feed-widget\/iframe\/","title":{"rendered":"LinkedIn Feed &#8211; iFrame"},"content":{"rendered":"\n<div class=\"application-platform-content-item-description application-platform-content-item\" id=\"description\" data-nav-section=\"description\"> <h2>Incorpora gratuitamente il feed di LinkedIn su iFrame!<\/h2> <p>Il plug-in del feed di LinkedIn senza codice offre un&#8217;opportunit\u00e0 all&#8217;avanguardia per aziende per mostrare e pubblicizzare i propri contenuti LinkedIn sui siti Web iFrame: visualizzare post, immagini, clip, ecc. L&#8217;integrazione del plug-in \u00e8 perfetta: non sono richieste competenze di codifica o programmazione.<\/p> <p>Crea un aspetto che rifletta il tuo preferenze del sito web e sperimenta provando elementi di feed, modelli, layout e stili di post personalizzati. Aggiungi un effetto popup come azione post-clic per attirare l&#8217;attenzione degli utenti. Infine, sperimenta una maggiore credibilit\u00e0 e maggiori opportunit\u00e0 di branding.<\/p> <ul><li><strong>Migliora i tuoi canali di networking con la pagina aziendale di LinkedIn.<\/strong><br>Instaura nuove relazioni nel mondo degli affari ed espandi il numero di lead sfruttando i contenuti del tuo profilo LinkedIn.<\/li><li><strong>Fai crescere la tua base di pubblico su LinkedIn.<\/strong><br>Fai luce sulla tua presenza su LinkedIn tra gli utenti del sito web iFrame e promuovi un forte interesse nelle tue offerte.<\/li><li><strong>Fai sembrare la tua attivit\u00e0 pi\u00f9 genuina.<\/strong><br>Aggiungi al tuo marchio un ulteriore impulso in credibilit\u00e0 e affidabilit\u00e0 mostrando le ultime attivit\u00e0 di LinkedIn direttamente sulla pagina del sito web. <\/li><\/ul><p><b>Aggiungi il widget Feed di LinkedIn al sito web iFrame per rafforzare la fiducia, amplificare l&#8217;autenticit\u00e0 e ampliare la tua rete sfruttando solide prove sociali.<\/b><\/p><div class=\"faq\" data-component=\"FAQ\"><div class=\"faq-item\">\r\n\t\t\t\t\t<div class=\"faq-item-question\">\r\n\t\t\t\t\t\t<h3 class=\"faq-item-question-text\">Ci sono altri strumenti per iFrame che posso utilizzare sul mio sito web?<\/h3>\r\n\r\n\t\t\t\t\t\t<div class=\"faq-item-question-icon\"><\/div>\r\n\t\t\t\t\t<\/div>\r\n\r\n\t\t\t\t\t<div class=\"faq-item-answer\">\r\n\t\t\t\t\t\t<div class=\"faq-item-answer-text\"><p>S\u00ec, assolutamente! Essere un utente del sito Web iFrame apre tantissimi strumenti senza codice da Elfsight, incluso il plug-in LinkedIn Feed senza codice. Indipendentemente dal tipo di attivit\u00e0 o dalla nicchia nel settore, ci sono sempre opportunit\u00e0 per mostrare i propri punti di forza. Considera le seguenti possibilit\u00e0:<\/p><ul><li>Per creare qualsiasi altra app di social media per il tuo sito web iFrame simile al plug-in Feed di LinkedIn, considera l&#8217;utilizzo del <a href=\"https:\/\/elfsight.com\/it\/pinterest-feed-widget\/\">Feed di Pinterest<\/a> o widget <a href=\"https:\/\/elfsight.com\/it\/instagram-feed-instashow\/\">Feed di Instagram<\/a>.<\/li><li> Scegli le <a href=\"https:\/\/elfsight.com\/it\/all-in-one-reviews-widget\/\">recensioni tutto in uno<\/a> o le <a href=\"https:\/\/elfsight.com\/it\/google-reviews-widget\/\">plugin Google Recensioni<\/a> per visualizzare preziosi feedback dei clienti.<\/li><li>Incorpora il <a href=\"https:\/\/elfsight.com\/it\/online-form-builder\/\">Widget Form Builder<\/a> per raccogliere risposte e abilitare le interazioni dell&#8217;utente sul tuo sito web iFrame.<\/li> <li>Aggiungi il <a href=\"https:\/\/elfsight.com\/it\/countdown-timer-widget\/\">Timer per il conto alla rovescia<\/a> per generare entusiasmo e creare un senso di scarsit\u00e0 nel tuo pubblico.<\/li><\/ul><p>Questi esempi sono solo la superficie di un lungo elenco di aggiunte che possono soddisfare le tue esigenze specifiche esigenze aziendali. Inizia con il feed di LinkedIn e successivamente esplora l&#8217;assortimento rimanente di widget nel nostro catalogo da aggiungere al tuo sito web!<\/p><\/div>\r\n\t\t\t\t\t<\/div>\r\n\t\t\t\t<\/div><div class=\"faq-item\">\r\n\t\t\t\t\t<div class=\"faq-item-question\">\r\n\t\t\t\t\t\t<h3 class=\"faq-item-question-text\">Come incorporare gratuitamente il feed di LinkedIn su iFrame?<\/h3>\r\n\r\n\t\t\t\t\t\t<div class=\"faq-item-question-icon\"><\/div>\r\n\t\t\t\t\t<\/div>\r\n\r\n\t\t\t\t\t<div class=\"faq-item-answer\">\r\n\t\t\t\t\t\t<div class=\"faq-item-answer-text\"><p>Per aggiungi gratuitamente il plug-in Feed di LinkedIn al tuo sito Web iFrame, procedi come segue:<\/p> <ol><li>Personalizza l&#8217;aspetto del plug-in Feed di LinkedIn in base alla tua estetica.<\/li><li>Accedi al tuo Dashboard Elfsight o imposta un profilo utente gratuito.<\/li><li>Ricevi il codice univoco da incorporare.<\/li><li>Accedi al tuo sito web iFrame.<\/li><li>Inserisci il codice nel tuo sito web iFrame builder per aggiungere il widget Feed di LinkedIn. \u00c8 cos\u00ec semplice!<\/li><\/ol><p>Come puoi osservare, non \u00e8 necessario padroneggiare la scrittura del codice per incorporare il plugin. Crea con facilit\u00e0 il widget Feed LinkedIn senza codice per un sito Web iFrame e sperimenta i numerosi vantaggi che accompagnano il processo di espansione della tua portata.<\/p><\/div>\r\n\t\t\t\t\t<\/div>\r\n\t\t\t\t<\/div><div class=\"faq-item\">\r\n\t\t\t\t\t<div class=\"faq-item-question\">\r\n\t\t\t\t\t\t<h3 class=\"faq-item-question-text\">Devo sapere come programmare o hai competenze di programmazione per incorporare il plug-in del feed di LinkedIn su iFrame?<\/h3>\r\n\r\n\t\t\t\t\t\t<div class=\"faq-item-question-icon\"><\/div>\r\n\t\t\t\t\t<\/div>\r\n\r\n\t\t\t\t\t<div class=\"faq-item-answer\">\r\n\t\t\t\t\t\t<div class=\"faq-item-answer-text\"><p>No, non \u00e8 vero. La conoscenza della programmazione non aggiunge molto valore. Puoi creare e aggiungere facilmente il plug-in Feed di LinkedIn sul tuo sito Web iFrame, indipendentemente dal tuo background precedente o dalla tua esperienza con il codice.<\/p> <\/div>\r\n\t\t\t\t\t<\/div>\r\n\t\t\t\t<\/div><\/div><div class=\"application-platform-content-item-features application-platform-content-item\" id=\"features\" data-nav-section=\"features\"><\/div> <h2>Questi sono solo molte delle ampie funzionalit\u00e0 del widget:<\/h2> <ul><li>Incorpora varie forme di contenuto: post di blog, foto, video, ecc.<\/li><li>Raggruppa i contenuti del feed per parole chiave, hashtag o filtri URL .<\/li><li>Pulsanti di invito all&#8217;azione per migliorare la visibilit\u00e0 del feed della tua azienda LinkedIn sul sito web.<\/li><li>Aggiungi l&#8217;accattivante effetto popup per attirare l&#8217;attenzione sui tuoi contenuti LinkedIn.<\/li><li>Personalizzazione avanzata senza necessit\u00e0 di codifica: modelli pronti all&#8217;uso, creatore di combinazioni di colori, cinque design di layout, stili di post, CSS personalizzati, ecc.<\/li><\/ul><p><a href=\"#demo\">Puoi vedere cosa offre il widget utilizzando la demo<\/a><\/p> <\/div> <div class=\"application-platform-content-item-installation application-platform-content-item\" id=\"installation\" data-nav-section=\"installation\"> <h2>Come aggiungere il feed LinkedIn al mio sito web iFrame? <\/h2> <p>Per incorporare il feed LinkedIn nel tuo sito web iFrame, procedi come segue:<\/p> <ol><li><b>Lancia il nostro configuratore gratuito e inizia a creare il tuo widget feed LinkedIn unico e senza codice. <\/b><br> Trova l&#8217;interfaccia e la funzionalit\u00e0 adatte allo strumento e applica le modifiche.<\/li> <li><b>Copia il codice personale mostrato nella finestra sulle app Elfsight.<\/b><br> Al termine della creazione del plug-in, copia il codice personale nel popup emerso e conservalo per un utilizzo futuro.<\/li> <li><b>Inizia a utilizzare lo strumento sul tuo sito Web iFrame.<\/b><br> Incolla il codice salvato di recente sul tuo sito web e salva le modifiche.<\/li> <li><b>Fatto! La configurazione \u00e8 stata eseguita con successo.<\/b><br> Vai al tuo sito web per vedere in azione le prestazioni del widget Feed di LinkedIn.<\/li><\/ol> <p>A condizione di affrontare domande o affrontare alcune difficolt\u00e0 su come aggiungere il widget, non esitare a chiedere assistenza al nostro personale di supporto. I nostri specialisti saranno entusiasti di risolvere tutti i problemi che potresti riscontrare con il plug-in Feed LinkedIn senza codice per i siti Web iFrame.<\/p> <\/div>\n","protected":false},"excerpt":{"rendered":"","protected":false},"author":9,"featured_media":0,"parent":3122,"menu_order":0,"comment_status":"closed","ping_status":"closed","template":"templates\/template-application-platform.php","meta":{"publish_to_discourse":"","publish_post_category":"","wpdc_auto_publish_overridden":"","wpdc_topic_tags":"","wpdc_pin_topic":"","wpdc_pin_until":"","discourse_post_id":"","discourse_permalink":"","wpdc_publishing_response":"","wpdc_publishing_error":"","footnotes":""},"class_list":["post-4972","page","type-page","status-publish","hentry"],"yoast_head":"<!-- This site is optimized with the Yoast SEO plugin v25.3.1 - https:\/\/yoast.com\/wordpress\/plugins\/seo\/ -->\n<title>Feed LinkedIn - Aggiungi il widget Feed a iFrame [gratuitamente!]<\/title>\n<meta name=\"description\" content=\"Incorpora il widget Feed LinkedIn senza codifica sul tuo sito web iFrame. Costruisci il tuo plugin utilizzando una demo live e modelli predefiniti per avere una forte prova sociale.\" \/>\n<meta name=\"robots\" content=\"index, follow, max-snippet:-1, max-image-preview:large, max-video-preview:-1\" \/>\n<link rel=\"canonical\" href=\"https:\/\/elfsight.com\/it\/linkedin-feed-widget\/iframe\/\" \/>\n<meta property=\"og:locale\" content=\"it_IT\" \/>\n<meta property=\"og:type\" content=\"article\" \/>\n<meta property=\"og:title\" content=\"Feed LinkedIn - Aggiungi il widget Feed a iFrame [gratuitamente!]\" \/>\n<meta property=\"og:description\" content=\"Incorpora il widget Feed LinkedIn senza codifica sul tuo sito web iFrame. Costruisci il tuo plugin utilizzando una demo live e modelli predefiniti per avere una forte prova sociale.\" \/>\n<meta property=\"og:url\" content=\"https:\/\/elfsight.com\/it\/linkedin-feed-widget\/iframe\/\" \/>\n<meta property=\"og:site_name\" content=\"Elfsight IT\" \/>\n<meta property=\"article:modified_time\" content=\"2025-03-17T12:50:10+00:00\" \/>\n<meta name=\"twitter:card\" content=\"summary_large_image\" \/>\n<meta name=\"twitter:label1\" content=\"Tempo di lettura stimato\" \/>\n\t<meta name=\"twitter:data1\" content=\"5 minuti\" \/>\n<!-- \/ Yoast SEO plugin. -->","yoast_head_json":{"title":"Feed LinkedIn - Aggiungi il widget Feed a iFrame [gratuitamente!]","description":"Incorpora il widget Feed LinkedIn senza codifica sul tuo sito web iFrame. Costruisci il tuo plugin utilizzando una demo live e modelli predefiniti per avere una forte prova sociale.","robots":{"index":"index","follow":"follow","max-snippet":"max-snippet:-1","max-image-preview":"max-image-preview:large","max-video-preview":"max-video-preview:-1"},"canonical":"https:\/\/elfsight.com\/it\/linkedin-feed-widget\/iframe\/","og_locale":"it_IT","og_type":"article","og_title":"Feed LinkedIn - Aggiungi il widget Feed a iFrame [gratuitamente!]","og_description":"Incorpora il widget Feed LinkedIn senza codifica sul tuo sito web iFrame. Costruisci il tuo plugin utilizzando una demo live e modelli predefiniti per avere una forte prova sociale.","og_url":"https:\/\/elfsight.com\/it\/linkedin-feed-widget\/iframe\/","og_site_name":"Elfsight IT","article_modified_time":"2025-03-17T12:50:10+00:00","twitter_card":"summary_large_image","twitter_misc":{"Tempo di lettura stimato":"5 minuti"},"schema":{"@context":"https:\/\/schema.org","@graph":[{"@type":"WebPage","@id":"https:\/\/elfsight.com\/it\/linkedin-feed-widget\/iframe\/","url":"https:\/\/elfsight.com\/it\/linkedin-feed-widget\/iframe\/","name":"Feed LinkedIn - Aggiungi il widget Feed a iFrame [gratuitamente!]","isPartOf":{"@id":"https:\/\/elfsight.com\/it\/#website"},"datePublished":"2024-05-03T06:40:40+00:00","dateModified":"2025-03-17T12:50:10+00:00","description":"Incorpora il widget Feed LinkedIn senza codifica sul tuo sito web iFrame. Costruisci il tuo plugin utilizzando una demo live e modelli predefiniti per avere una forte prova sociale.","breadcrumb":{"@id":"https:\/\/elfsight.com\/it\/linkedin-feed-widget\/iframe\/#breadcrumb"},"inLanguage":"it-IT","potentialAction":[{"@type":"ReadAction","target":["https:\/\/elfsight.com\/it\/linkedin-feed-widget\/iframe\/"]}]},{"@type":"BreadcrumbList","@id":"https:\/\/elfsight.com\/it\/linkedin-feed-widget\/iframe\/#breadcrumb","itemListElement":[{"@type":"ListItem","position":1,"name":"Home","item":"https:\/\/elfsight.com\/it\/"},{"@type":"ListItem","position":2,"name":"LinkedIn Feed","item":"https:\/\/elfsight.com\/it\/linkedin-feed-widget\/"},{"@type":"ListItem","position":3,"name":"LinkedIn Feed &#8211; iFrame"}]},{"@type":"WebSite","@id":"https:\/\/elfsight.com\/it\/#website","url":"https:\/\/elfsight.com\/it\/","name":"Elfsight IT","description":"Just another Elfsight Sites site","potentialAction":[{"@type":"SearchAction","target":{"@type":"EntryPoint","urlTemplate":"https:\/\/elfsight.com\/it\/?s={search_term_string}"},"query-input":{"@type":"PropertyValueSpecification","valueRequired":true,"valueName":"search_term_string"}}],"inLanguage":"it-IT"}]}},"meta_box":{"industry":"","seo_heading":"","heading":"","description":"","cta_heading":"","cta_description":"","application":"3109","h1":"Come incorporare gratuitamente il feed LinkedIn su iFrame!","h1_caption":"Visualizza i post dal tuo profilo LinkedIn o dalla pagina aziendale sul tuo sito web, migliorando facilmente la tua presenza online professionale nel tuo sito web iFrame.","application_category":[],"applications_title":"","applications_request_title":"","applications_request_button_text":"","hero_text":"","hero_video":"","hero_video_schema_markup":"","selling_points_title":"","selling_points_caption":"","selling_points":[],"selling_points_cta_text":"","features_title":"","features":"","ed_cta_examples_text":"","ed_cta_examples_hidden":"","ed_cta_demo_text":"","ed_cta_demo_hidden":"","why_caption":"","why_editor_title":"","why_editor_text":"","why_team_title":"","why_team_text":"","why_service_title":"","why_service_text":"","template_catalog_visible":"0","template_catalog_title":"","template_catalog_text":"","template_catalog_categories_visible":"","demo_title":"Crea il tuo widget Feed LinkedIn","demo_caption":"Configura il tuo feed LinkedIn e aggiungilo gratuitamente al tuo sito iFrame!","default_faq_hidden":"","app_template_category":[],"platform":"54","template_public_id":"","codecanyon_url":"","codecanyon_item_id":"","codecanyon_price":"","pricing_caption":"","pricing_elfsight_apps_hide_column":"","pricing_elfsight_apps_url":"","pricing_codecanyon_price_caption":"","integration_category":[],"integration_request_title":"","integration_request_cta":"","integration_platform":"","integrations":[],"platform_category":[],"video_schema_markup":"","price":"da $ 0 al mese","trial":"","benefits":[{"text":"Aiuto per l'installazione gratuito"},{"text":"Assistenza clienti con esperienza"},{"text":"Garanzia di rimborso di 14 giorni"},{"text":"Aggiornamenti regolari"}],"button_url":"#demo","button_target_blank":"0","button_nofollow":"0","attributes":[{"name":"Installazioni"},{"name":"Reattivo","content":"S\u00cc"},{"name":"Browser compatibili","content":"Firefox, Safari, Opera, Chrome, Edge"}],"tags":[],"tags_disable_links":"0","hide_more_platforms":"0","video_object":"","demo_hide_cta":"0","demo_hide_cloud_options":"0","pricing_title":"","pricing":[{"pricing_icon":"platform","pricing_title":"Elfsight Apps","pricing_title_caption":"Soluzione digitale multipiattaforma che funziona su qualsiasi sito web","pricing_price":"da $ 0 \/ mese","pricing_price_caption":"inizia con un piano gratuito","pricing_benefits":[{"text":"Siti web illimitati"},{"text":"Supporto professionale"},{"text":"Assistenza gratuita per l'installazione"},{"text":"Completamente personalizzabile"}],"pricing_button_text":"Aggiungi al sito web","pricing_button_url":"#demo"}],"related_apps_title":"","related_apps_hidden":"0","author":"","image":[],"title":"","job":"","social_networks":[]},"_links":{"self":[{"href":"https:\/\/elfsight.com\/it\/wp-json\/wp\/v2\/pages\/4972","targetHints":{"allow":["GET"]}}],"collection":[{"href":"https:\/\/elfsight.com\/it\/wp-json\/wp\/v2\/pages"}],"about":[{"href":"https:\/\/elfsight.com\/it\/wp-json\/wp\/v2\/types\/page"}],"author":[{"embeddable":true,"href":"https:\/\/elfsight.com\/it\/wp-json\/wp\/v2\/users\/9"}],"replies":[{"embeddable":true,"href":"https:\/\/elfsight.com\/it\/wp-json\/wp\/v2\/comments?post=4972"}],"version-history":[{"count":3,"href":"https:\/\/elfsight.com\/it\/wp-json\/wp\/v2\/pages\/4972\/revisions"}],"predecessor-version":[{"id":8960,"href":"https:\/\/elfsight.com\/it\/wp-json\/wp\/v2\/pages\/4972\/revisions\/8960"}],"up":[{"embeddable":true,"href":"https:\/\/elfsight.com\/it\/wp-json\/wp\/v2\/pages\/3122"}],"wp:attachment":[{"href":"https:\/\/elfsight.com\/it\/wp-json\/wp\/v2\/media?parent=4972"}],"curies":[{"name":"wp","href":"https:\/\/api.w.org\/{rel}","templated":true}]}}