{"id":4970,"date":"2024-05-03T06:40:38","date_gmt":"2024-05-03T06:40:38","guid":{"rendered":"https:\/\/elfsight.com\/it\/?page_id=4970"},"modified":"2025-03-17T12:42:04","modified_gmt":"2025-03-17T12:42:04","slug":"elementor","status":"publish","type":"page","link":"https:\/\/elfsight.com\/it\/linkedin-feed-widget\/elementor\/","title":{"rendered":"LinkedIn Feed &#8211; Elementor"},"content":{"rendered":"\n<div class=\"application-platform-content-item-description application-platform-content-item\" id=\"description\" data-nav-section=\"description\">\n<h2>Incorpora gratuitamente il feed di LinkedIn su Elementor!<\/h2>\n<p>Il plug-in Feed di LinkedIn \u00e8 lo strumento ideale per le aziende per trasmettere e promuovere i loro contenuti LinkedIn sui siti Web Elementor: visualizza post, aggiungi foto, pubblica video, ecc. L&#8217;installazione del widget richiede pochi secondi: non sono necessarie competenze tecniche o di codifica.<\/p>\n<p>Crea un aspetto che rifletta le esigenze del tuo sito web e segui le tendenze combinando attributi di feed personalizzati, modelli, layout e stili di post. Aggiungi un effetto popup come azione post-clic per attirare l&#8217;attenzione degli utenti. Infine, sperimenta una maggiore credibilit\u00e0 e un migliore tasso di coinvolgimento.<\/p>\n<ul>\n  <li><strong>Potenzia i tuoi canali di networking con la pagina aziendale di LinkedIn.<\/strong><br>Stimola nuove relazioni nel mondo professionale ed espandi il numero di lead utilizzando i contenuti del tuo profilo LinkedIn.<\/li>\n  <li><strong>Fai crescere la tua base di pubblico su LinkedIn.<\/strong><br>Evidenzia la tua presenza su LinkedIn nella community del sito Web Elementor e promuovi un vivo interesse per il tuo servizi.<\/li>\n  <li><strong>Fai sembrare la tua attivit\u00e0 pi\u00f9 autentica.<\/strong><br>Aggiungi un ulteriore livello di credibilit\u00e0 e affidabilit\u00e0 al tuo marchio mostrando l&#8217;attivit\u00e0 pi\u00f9 recente di LinkedIn direttamente sulla pagina del sito web.<\/li>\n<\/ul>\n<p><b>Incorpora il widget Feed LinkedIn senza codice sul sito Web di Elementor per stabilire affidabilit\u00e0, amplificare l&#8217;autenticit\u00e0 ed estendere la tua rete attraverso un&#8217;avvincente convalida sociale.<\/b><\/p>\n<\/div>\n\n<div class=\"faq\" data-component=\"FAQ\">\n<div class=\"faq-item\">\r\n\t\t\t\t\t<div class=\"faq-item-question\">\r\n\t\t\t\t\t\t<h3 class=\"faq-item-question-text\">Ci sono altri strumenti per Elementor che posso utilizzare sul mio sito web?<\/h3>\r\n\r\n\t\t\t\t\t\t<div class=\"faq-item-question-icon\"><\/div>\r\n\t\t\t\t\t<\/div>\r\n\r\n\t\t\t\t\t<div class=\"faq-item-answer\">\r\n\t\t\t\t\t\t<div class=\"faq-item-answer-text\">\n<p>S\u00ec, certo! Essere un utente del sito Web Elementor ti offre tantissimi strumenti senza codice da aggiungere da Elfsight, incluso il plug-in Feed di LinkedIn. Indipendentemente dal tuo settore o dalla tua nicchia specifica, \u00e8 sempre utile cercare opportunit\u00e0 per mostrare i tuoi punti di forza. Considera le seguenti possibilit\u00e0:<\/p>\n<ul>\n  <li>Per creare qualsiasi altra app di social media per il tuo sito web Elementor, considera l&#8217;utilizzo di <a href=\"https:\/\/elfsight.com\/it\/pinterest-feed-widget\/\">Feed di Pinterest<\/a> o <a href=\"https:\/\/elfsight.com\/it\/instagram-feed-instashow\/\">Feed di Instagram<\/a> insieme al feed di LinkedIn.<\/li>\n  <li>Scegliere le <a href=\"https:\/\/elfsight.com\/it\/all-in-one-reviews-widget\/\">recensioni tutto in uno<\/a> o <a href=\"https:\/\/elfsight.com\/it\/google-reviews-widget\/\">Google Recensioni<\/a> per visualizzare il feedback dei clienti.<\/li>\n  <li>Incorpora <a href=\"https:\/\/elfsight.com\/it\/online-form-builder\/\">Widget Generatore di moduli<\/a> per raccogliere risposte e facilitare la comunicazione con i tuoi utenti Elementor.<\/li>\n  <li>Aggiungi il <a href=\"https:\/\/elfsight.com\/it\/countdown-timer-widget\/\">Timer per il conto alla rovescia<\/a> plugin per generare coinvolgimento e creare un senso di urgenza tra il pubblico.<\/li>\n<\/ul>\n<p>Ricorda, questi esempi sono solo l&#8217;inizio della vasta gamma di aggiunte che possono soddisfare le tue esigenze aziendali. Inizia con il plug-in Feed di LinkedIn e successivamente esplora l&#8217;ampia raccolta di widget per siti Web nel nostro catalogo!<\/p>\n<\/div>\r\n\t\t\t\t\t<\/div>\r\n\t\t\t\t<\/div>\n\n<div class=\"faq-item\">\r\n\t\t\t\t\t<div class=\"faq-item-question\">\r\n\t\t\t\t\t\t<h3 class=\"faq-item-question-text\">Come incorporare gratuitamente il feed di LinkedIn su Elementor?<\/h3>\r\n\r\n\t\t\t\t\t\t<div class=\"faq-item-question-icon\"><\/div>\r\n\t\t\t\t\t<\/div>\r\n\r\n\t\t\t\t\t<div class=\"faq-item-answer\">\r\n\t\t\t\t\t\t<div class=\"faq-item-answer-text\">\n<p>Per aggiungere il widget Feed di LinkedIn senza codice sul tuo sito web Elementor gratuitamente, procedi nel seguente modo:<\/p>\n<ol>\n  <li>Personalizza l&#8217;aspetto del widget Feed di LinkedIn in base alle tue preferenze.<\/li>\n  <li>Accedi nella dashboard Elfsight o registra un profilo gratuito.<\/li>\n  <li>Ottieni il codice di incorporamento generato automaticamente.<\/li>\n  <li>Vai al tuo sito web Elementor.<\/li>\n  <li>Inserisci il codice nel tuo costruttore di siti Web Elementor per aggiungere il widget Feed di LinkedIn. Fatto!<\/li>\n<\/ol>\n<p>Come evidente dal contesto, non \u00e8 necessario diventare esperti nello scrivere codice per incorporare il plugin. Crea facilmente il widget Feed LinkedIn senza codice per un sito Web Elementor e goditi i numerosi vantaggi che derivano dall&#8217;espansione della tua portata.<\/p>\n<\/div>\r\n\t\t\t\t\t<\/div>\r\n\t\t\t\t<\/div>\n\n<div class=\"faq-item\">\r\n\t\t\t\t\t<div class=\"faq-item-question\">\r\n\t\t\t\t\t\t<h3 class=\"faq-item-question-text\">Devo sapere come programmare o saper programmare competenze per aggiungere il plug-in Feed di LinkedIn a Elementor?<\/h3>\r\n\r\n\t\t\t\t\t\t<div class=\"faq-item-question-icon\"><\/div>\r\n\t\t\t\t\t<\/div>\r\n\r\n\t\t\t\t\t<div class=\"faq-item-answer\">\r\n\t\t\t\t\t\t<div class=\"faq-item-answer-text\">\n<p>No, non sei obbligato ad averle. Eventuali competenze di codifica precedenti non sono necessarie. Puoi creare e aggiungere il plug-in Feed di LinkedIn al tuo sito Web Elementor senza alcun background specifico o esperienza di codice.<\/p>\n<\/div>\r\n\t\t\t\t\t<\/div>\r\n\t\t\t\t<\/div>\n<\/div>\n\n<div class=\"application-platform-content-item-features application-platform-content-item\" id=\"features\" data-nav-section=\"features\">\n<h2>Il plug-in offre funzionalit\u00e0 preziose e semplici, visualizzane alcune:<\/h2>\n<ul>\n  <li>Aggiungi varie forme di contenuto: post di blog, foto, video, ecc.<\/li>\n  <li>Ordina i post del feed per parole chiave, hashtag o filtri URL.<\/li>\n  <li>Pulsanti di invito all&#8217;azione per aumentare il coinvolgimento sul feed LinkedIn della tua azienda.<\/li>\n  <li>Effetto popup dinamico per attirare l&#8217;attenzione delle persone sui tuoi contenuti LinkedIn.<\/li>\n  <li>Personalizzazione avanzata senza necessit\u00e0 di codifica: modelli pronti all&#8217;uso, generatore di combinazioni di colori, cinque layout di tendenza, stili di post, CSS personalizzati e altro ancora.<\/li>\n<\/ul>\n<p><a href=\"#demo\">Prova tutte le funzionalit\u00e0 di personalizzazione in una demo funzionale al 100%<\/a><\/p>\n<\/div>\n\n<div class=\"application-platform-content-item-installation application-platform-content-item\" id=\"installation\" data-nav-section=\"installation\">\n<h2>Come incorporare il feed LinkedIn nel mio sito web Elementor?<\/h2>\n<p>Se desideri aggiungere il feed LinkedIn senza codice al tuo sito Web Elementor, procedi come segue:<\/p>\n<ol>\n  <li><b>Apri la nostra demo gratuita e inizia a dare forma al tuo feed LinkedIn unico widget.<\/b><br>Specifica l&#8217;interfaccia e la funzionalit\u00e0 preferite del widget e applica le modifiche.<\/li>\n  <li><b>Ricevi il tuo codice univoco visualizzato nella casella delle app Elfsight.<\/b><br>Subito dopo aver completato la configurazione del tuo widget personale, copia il codice personale nel popup visualizzato e salvalo per un uso futuro.<\/li>\n  <li><b>Inizia a utilizzare il widget sul tuo sito Web Elementor.<\/b><br>Aggiungi il codice copiato in precedenza al tuo sito web e salva le modifiche.<\/li>\n  <li><b>L&#8217;installazione \u00e8 completamente eseguita.<\/b><br>Vai al tuo sito web per esaminare come funziona il plugin feed di LinkedIn.<\/li>\n<\/ol>\n<p>Se riscontri domande o incontri difficolt\u00e0 con il processo di incorporamento, sentiti libero di rivolgerti al nostro team di supporto. Il nostro personale sar\u00e0 felice di aiutarti con tutti i problemi che potresti riscontrare con il plug-in Feed LinkedIn senza codice per i siti Web Elementor.<\/p>\n<\/div>\n","protected":false},"excerpt":{"rendered":"","protected":false},"author":9,"featured_media":0,"parent":3122,"menu_order":0,"comment_status":"closed","ping_status":"closed","template":"templates\/template-application-platform.php","meta":{"publish_to_discourse":"","publish_post_category":"","wpdc_auto_publish_overridden":"","wpdc_topic_tags":"","wpdc_pin_topic":"","wpdc_pin_until":"","discourse_post_id":"","discourse_permalink":"","wpdc_publishing_response":"","wpdc_publishing_error":"","footnotes":""},"class_list":["post-4970","page","type-page","status-publish","hentry"],"yoast_head":"<!-- This site is optimized with the Yoast SEO plugin v25.3.1 - https:\/\/yoast.com\/wordpress\/plugins\/seo\/ -->\n<title>Feed di LinkedIn - Aggiungi il widget Feed a Elementor [gratuitamente!]<\/title>\n<meta name=\"description\" content=\"Incorpora il widget Feed LinkedIn senza codifica sul tuo sito web Elementor. Costruisci il tuo plugin utilizzando una demo live e modelli predefiniti per avere una forte prova sociale.\" \/>\n<meta name=\"robots\" content=\"index, follow, max-snippet:-1, max-image-preview:large, max-video-preview:-1\" \/>\n<link rel=\"canonical\" href=\"https:\/\/elfsight.com\/it\/linkedin-feed-widget\/elementor\/\" \/>\n<meta property=\"og:locale\" content=\"it_IT\" \/>\n<meta property=\"og:type\" content=\"article\" \/>\n<meta property=\"og:title\" content=\"Feed di LinkedIn - Aggiungi il widget Feed a Elementor [gratuitamente!]\" \/>\n<meta property=\"og:description\" content=\"Incorpora il widget Feed LinkedIn senza codifica sul tuo sito web Elementor. Costruisci il tuo plugin utilizzando una demo live e modelli predefiniti per avere una forte prova sociale.\" \/>\n<meta property=\"og:url\" content=\"https:\/\/elfsight.com\/it\/linkedin-feed-widget\/elementor\/\" \/>\n<meta property=\"og:site_name\" content=\"Elfsight IT\" \/>\n<meta property=\"article:modified_time\" content=\"2025-03-17T12:42:04+00:00\" \/>\n<meta name=\"twitter:card\" content=\"summary_large_image\" \/>\n<meta name=\"twitter:label1\" content=\"Tempo di lettura stimato\" \/>\n\t<meta name=\"twitter:data1\" content=\"5 minuti\" \/>\n<!-- \/ Yoast SEO plugin. -->","yoast_head_json":{"title":"Feed di LinkedIn - Aggiungi il widget Feed a Elementor [gratuitamente!]","description":"Incorpora il widget Feed LinkedIn senza codifica sul tuo sito web Elementor. Costruisci il tuo plugin utilizzando una demo live e modelli predefiniti per avere una forte prova sociale.","robots":{"index":"index","follow":"follow","max-snippet":"max-snippet:-1","max-image-preview":"max-image-preview:large","max-video-preview":"max-video-preview:-1"},"canonical":"https:\/\/elfsight.com\/it\/linkedin-feed-widget\/elementor\/","og_locale":"it_IT","og_type":"article","og_title":"Feed di LinkedIn - Aggiungi il widget Feed a Elementor [gratuitamente!]","og_description":"Incorpora il widget Feed LinkedIn senza codifica sul tuo sito web Elementor. Costruisci il tuo plugin utilizzando una demo live e modelli predefiniti per avere una forte prova sociale.","og_url":"https:\/\/elfsight.com\/it\/linkedin-feed-widget\/elementor\/","og_site_name":"Elfsight IT","article_modified_time":"2025-03-17T12:42:04+00:00","twitter_card":"summary_large_image","twitter_misc":{"Tempo di lettura stimato":"5 minuti"},"schema":{"@context":"https:\/\/schema.org","@graph":[{"@type":"WebPage","@id":"https:\/\/elfsight.com\/it\/linkedin-feed-widget\/elementor\/","url":"https:\/\/elfsight.com\/it\/linkedin-feed-widget\/elementor\/","name":"Feed di LinkedIn - Aggiungi il widget Feed a Elementor [gratuitamente!]","isPartOf":{"@id":"https:\/\/elfsight.com\/it\/#website"},"datePublished":"2024-05-03T06:40:38+00:00","dateModified":"2025-03-17T12:42:04+00:00","description":"Incorpora il widget Feed LinkedIn senza codifica sul tuo sito web Elementor. Costruisci il tuo plugin utilizzando una demo live e modelli predefiniti per avere una forte prova sociale.","breadcrumb":{"@id":"https:\/\/elfsight.com\/it\/linkedin-feed-widget\/elementor\/#breadcrumb"},"inLanguage":"it-IT","potentialAction":[{"@type":"ReadAction","target":["https:\/\/elfsight.com\/it\/linkedin-feed-widget\/elementor\/"]}]},{"@type":"BreadcrumbList","@id":"https:\/\/elfsight.com\/it\/linkedin-feed-widget\/elementor\/#breadcrumb","itemListElement":[{"@type":"ListItem","position":1,"name":"Home","item":"https:\/\/elfsight.com\/it\/"},{"@type":"ListItem","position":2,"name":"LinkedIn Feed","item":"https:\/\/elfsight.com\/it\/linkedin-feed-widget\/"},{"@type":"ListItem","position":3,"name":"LinkedIn Feed &#8211; Elementor"}]},{"@type":"WebSite","@id":"https:\/\/elfsight.com\/it\/#website","url":"https:\/\/elfsight.com\/it\/","name":"Elfsight IT","description":"Just another Elfsight Sites site","potentialAction":[{"@type":"SearchAction","target":{"@type":"EntryPoint","urlTemplate":"https:\/\/elfsight.com\/it\/?s={search_term_string}"},"query-input":{"@type":"PropertyValueSpecification","valueRequired":true,"valueName":"search_term_string"}}],"inLanguage":"it-IT"}]}},"meta_box":{"industry":"","seo_heading":"","heading":"","description":"","cta_heading":"","cta_description":"","application":"3109","h1":"Come incorporare gratuitamente il feed LinkedIn su Elementor!","h1_caption":"Visualizza i post dal tuo profilo LinkedIn o dalla pagina aziendale sul tuo sito Web, migliorando facilmente la tua presenza online professionale nel tuo sito Web Elementor.","application_category":[],"applications_title":"","applications_request_title":"","applications_request_button_text":"","hero_text":"","hero_video":"","hero_video_schema_markup":"","selling_points_title":"","selling_points_caption":"","selling_points":[],"selling_points_cta_text":"","features_title":"","features":"","ed_cta_examples_text":"","ed_cta_examples_hidden":"","ed_cta_demo_text":"","ed_cta_demo_hidden":"","why_caption":"","why_editor_title":"","why_editor_text":"","why_team_title":"","why_team_text":"","why_service_title":"","why_service_text":"","template_catalog_visible":"0","template_catalog_title":"","template_catalog_text":"","template_catalog_categories_visible":"","demo_title":"Crea il tuo widget Feed LinkedIn","demo_caption":"Configura il tuo feed LinkedIn e aggiungilo gratuitamente al tuo sito Web Elementor!","default_faq_hidden":"","app_template_category":[],"platform":"68","template_public_id":"","codecanyon_url":"","codecanyon_item_id":"","codecanyon_price":"","pricing_caption":"","pricing_elfsight_apps_hide_column":"","pricing_elfsight_apps_url":"","pricing_codecanyon_price_caption":"","integration_category":[],"integration_request_title":"","integration_request_cta":"","integration_platform":"","integrations":[],"platform_category":[],"video_schema_markup":"","price":"da $ 0 al mese","trial":"","benefits":[{"text":"Servizio di installazione gratuito"},{"text":"Servizio clienti competente"},{"text":"Garanzia di rimborso di 14 giorni"},{"text":"Miglioramenti a vita"}],"button_url":"#demo","button_target_blank":"0","button_nofollow":"0","attributes":[{"name":"Installazioni"},{"name":"Reattivo","content":"Funziona su siti Web mobili"},{"name":"Browser compatibili","content":"Safari, Opera, Chrome, Edge, Firefox"}],"tags":[],"tags_disable_links":"0","hide_more_platforms":"0","video_object":"","demo_hide_cta":"0","demo_hide_cloud_options":"0","pricing_title":"","pricing":[{"pricing_icon":"platform","pricing_title":"Elfsight Apps","pricing_title_caption":"Soluzione multipiattaforma adatta a qualsiasi sito web","pricing_price":"da $ 0 \/ mese","pricing_price_caption":"inizia con un piano gratuito","pricing_benefits":[{"text":"Siti web illimitati"},{"text":"Supporto aziendale rapido e ben documentato"},{"text":"Aiuto per l'installazione gratuito"},{"text":"Progettazione flessibile"}],"pricing_button_text":"Aggiungi al sito web","pricing_button_url":"#demo"}],"related_apps_title":"","related_apps_hidden":"0","author":"","image":[],"title":"","job":"","social_networks":[]},"_links":{"self":[{"href":"https:\/\/elfsight.com\/it\/wp-json\/wp\/v2\/pages\/4970","targetHints":{"allow":["GET"]}}],"collection":[{"href":"https:\/\/elfsight.com\/it\/wp-json\/wp\/v2\/pages"}],"about":[{"href":"https:\/\/elfsight.com\/it\/wp-json\/wp\/v2\/types\/page"}],"author":[{"embeddable":true,"href":"https:\/\/elfsight.com\/it\/wp-json\/wp\/v2\/users\/9"}],"replies":[{"embeddable":true,"href":"https:\/\/elfsight.com\/it\/wp-json\/wp\/v2\/comments?post=4970"}],"version-history":[{"count":3,"href":"https:\/\/elfsight.com\/it\/wp-json\/wp\/v2\/pages\/4970\/revisions"}],"predecessor-version":[{"id":8954,"href":"https:\/\/elfsight.com\/it\/wp-json\/wp\/v2\/pages\/4970\/revisions\/8954"}],"up":[{"embeddable":true,"href":"https:\/\/elfsight.com\/it\/wp-json\/wp\/v2\/pages\/3122"}],"wp:attachment":[{"href":"https:\/\/elfsight.com\/it\/wp-json\/wp\/v2\/media?parent=4970"}],"curies":[{"name":"wp","href":"https:\/\/api.w.org\/{rel}","templated":true}]}}