{"id":4965,"date":"2024-05-03T06:40:37","date_gmt":"2024-05-03T06:40:37","guid":{"rendered":"https:\/\/elfsight.com\/it\/?page_id=4965"},"modified":"2025-10-23T14:57:18","modified_gmt":"2025-10-23T14:57:18","slug":"shopify","status":"publish","type":"page","link":"https:\/\/elfsight.com\/it\/linkedin-feed-widget\/shopify\/","title":{"rendered":"LinkedIn Feed &#8211; Shopify"},"content":{"rendered":"\n<div class=\"application-platform-content-item-description application-platform-content-item\" id=\"description\" data-nav-section=\"description\"> <h2>Incorpora gratuitamente il feed LinkedIn su Shopify!<\/h2> <p>Il widget Feed LinkedIn \u00e8 lo strumento perfetto per le aziende per presentare e promuovere i loro contenuti LinkedIn sui siti web Shopify: visualizzazione di post, foto, clip, ecc. L&#8217;installazione del widget \u00e8 semplice, senza bisogno di competenze tecniche o di codifica. <\/p> <p>Crea un look che si adatti alle preferenze del tuo sito web e rimani fedele al marchio giocando con attributi di feed personalizzati, modelli, layout e stili di post. Aggiungi un effetto popup come azione post-clic per attirare l&#8217;attenzione degli utenti. Infine, goditi la maggiore fiducia e il marchio ben consolidato nel settore.<\/p> <ul><li><strong>Migliora i tuoi canali di networking con la pagina aziendale di LinkedIn.<\/strong><br>Stimola nuove connessioni nel business mondo e amplifica il numero di lead sfruttando i contenuti del tuo profilo LinkedIn.<\/li><li><strong>Espandi il tuo seguito su LinkedIn.<\/strong><br>Evidenzia la tua presenza su LinkedIn all&#8217;interno della community di utenti Shopify e suscita un forte interesse per le tue offerte.<\/li><li><strong>Migliora l&#8217;autenticit\u00e0 della tua attivit\u00e0.<\/strong><br>Aggiungi un ulteriore livello di credibilit\u00e0 e affidabilit\u00e0 al tuo marchio mostrando le ultime attivit\u00e0 di LinkedIn direttamente sulla pagina del sito web. <\/li><\/ul><p><b>Incorpora il plug-in Feed LinkedIn senza codice nel sito Web Shopify per favorire la credibilit\u00e0, promuovere l&#8217;autenticit\u00e0 ed espandere la tua rete sfruttando una forte conferma sociale.<\/b><\/p> <div class=\"faq\" data-component=\"FAQ\"><div class=\"faq-item\">\r\n\t\t\t\t\t<div class=\"faq-item-question\">\r\n\t\t\t\t\t\t<h3 class=\"faq-item-question-text\">Esistono altri strumenti per Shopify che posso utilizzare sul mio sito web?<\/h3>\r\n\r\n\t\t\t\t\t\t<div class=\"faq-item-question-icon\"><\/div>\r\n\t\t\t\t\t<\/div>\r\n\r\n\t\t\t\t\t<div class=\"faq-item-answer\">\r\n\t\t\t\t\t\t<div class=\"faq-item-answer-text\"><p>S\u00ec, infatti! Come utente Shopify, Elfsight ti offre dozzine di strumenti senza codice da aggiungere al tuo sito web, incluso il plug-in Feed di LinkedIn. Non importa che tipo di attivit\u00e0 svolgi o la nicchia specifica in cui lavori, ci sono sempre opportunit\u00e0 per mostrare i tuoi punti di forza. Ecco alcune idee da aggiungere al tuo elenco:<\/p><ul><li>Per creare qualsiasi altra app di social media per il tuo sito web Shopify simile al plug-in Feed di LinkedIn, valuta la possibilit\u00e0 di utilizzare <a href=\"https:\/\/elfsight.com\/\/it\/pinterest-feed-widget\/\">Feed di Pinterest<\/a> o widget <a href=\"https:\/\/elfsight.com\/it\/instagram-feed-instashow\/\">Feed di Instagram<\/a>.<\/li><li>Approfitta delle <a href=\"https:\/\/elfsight.com\/it\/all-in-one-reviews-widget\/\">recensioni tutto in uno<\/a> o <a href=\"https:\/\/elfsight.com\/it\/google-reviews-widget\/\">plugin Google Recensioni<\/a> per visualizzare il feedback dei clienti.<\/li><li>Incorpora il <a href=\"https:\/\/elfsight.com\/it\/online-form-builder\/\">Form Builder<\/a> per raccogliere risposte e consentire ai tuoi utenti Shopify di mettersi in contatto con te.<\/li> <li>Aggiungi il widget <a href=\"https:\/\/elfsight.com\/it\/countdown-timer-widget\/\">Countdown Timer<\/a> per creare attesa e creare un senso di scarsit\u00e0 tra il pubblico.<\/li><\/ul><p>E ricorda, questi sono solo alcuni esempi di incorporamento dalla vasta gamma di aggiunte in grado di soddisfare le vostre specifiche esigenze aziendali. Inizia con il feed LinkedIn senza codice per tornare pi\u00f9 tardi ed esplorare l&#8217;ampia selezione di widget da aggiungere al tuo sito web!<\/p><\/div>\r\n\t\t\t\t\t<\/div>\r\n\t\t\t\t<\/div><div class=\"faq-item\">\r\n\t\t\t\t\t<div class=\"faq-item-question\">\r\n\t\t\t\t\t\t<h3 class=\"faq-item-question-text\">Come incorporare gratuitamente il feed LinkedIn su Shopify?<\/h3>\r\n\r\n\t\t\t\t\t\t<div class=\"faq-item-question-icon\"><\/div>\r\n\t\t\t\t\t<\/div>\r\n\r\n\t\t\t\t\t<div class=\"faq-item-answer\">\r\n\t\t\t\t\t\t<div class=\"faq-item-answer-text\"> <p>Se desideri aggiungere gratuitamente il widget Feed di LinkedIn al tuo sito web Shopify, segui queste istruzioni:<\/p> <ol><li>Personalizza l&#8217;aspetto del widget Feed di LinkedIn per adattarlo allo stile di design del tuo sito web. <\/li><li>Accedi alla dashboard di Elfsight o crea un account gratuito.<\/li><li>Ricevi il codice univoco del widget di installazione.<\/li><li>Accedi al tuo sito web Shopify.<\/li> <li>Incolla il codice nel costruttore del tuo sito web Shopify per aggiungere il plug-in del feed di LinkedIn. Fatto!<\/li><\/ol><p>Come evidente dal contesto, non \u00e8 necessario padroneggiare la scrittura del codice per incorporare il plugin. Crea con facilit\u00e0 il widget Feed LinkedIn senza codice per un sito Web Shopify e goditi tutti i vantaggi che derivano dall&#8217;espansione del tuo pubblico.<\/p><\/div>\r\n\t\t\t\t\t<\/div>\r\n\t\t\t\t<\/div><div class=\"faq-item\">\r\n\t\t\t\t\t<div class=\"faq-item-question\">\r\n\t\t\t\t\t\t<h3 class=\"faq-item-question-text\">Devo sapere come programmare o saper programmare competenze per aggiungere il feed di LinkedIn a Shopify?<\/h3>\r\n\r\n\t\t\t\t\t\t<div class=\"faq-item-question-icon\"><\/div>\r\n\t\t\t\t\t<\/div>\r\n\r\n\t\t\t\t\t<div class=\"faq-item-answer\">\r\n\t\t\t\t\t\t<div class=\"faq-item-answer-text\"><p>No, non \u00e8 cos\u00ec. Non \u00e8 richiesta alcuna competenza di codifica precedente. Puoi creare e aggiungere il plug-in Feed di LinkedIn al tuo sito Web Shopify, anche senza alcuna formazione specializzata o precedente esperienza di programmazione.<\/p> <\/div>\r\n\t\t\t\t\t<\/div>\r\n\t\t\t\t<\/div><\/div><\/div> <div class=\"application-platform-content-item-features application-platform-content-item\" id=\"features\" data-nav-section=\"features\"> <h2>Queste sono solo alcune delle funzionalit\u00e0 avanzate del widget:<\/h2> <ul><li>Visualizza tutti i tipi di contenuti di LinkedIn: post di blog, foto, clip, ecc.<\/li><li>Filtra i post dei feed per parole chiave, hashtag o URL.<\/li><li>Pulsanti di invito all&#8217;azione per migliorare il tasso di coinvolgimento sul feed LinkedIn della tua azienda.<\/li><li>Modalit\u00e0 popup dinamica per attirare l&#8217;attenzione sui tuoi contenuti LinkedIn.<\/li><li>Personalizzazione senza codice con impostazioni di progettazione avanzate: modelli pronti all&#8217;uso, creatore di combinazioni di colori, design di layout multipli, stili di post, CSS personalizzati e altro ancora.<\/li><\/ul><p><a href=\"#demo\">Prova tutte le funzionalit\u00e0 di personalizzazione nella demo completamente funzionante<\/a><\/p> <\/div> <div class=\"application-platform-content-item-installation application-platform-content-item\" id=\"installation\" data-nav-section=\"installation\"> <h2>Come posso incorporare il feed LinkedIn sul mio sito web Shopify? <\/h2> <div class=\"video-container\">\n<iframe width=\"720\" height=\"405\" src=\"https:\/\/www.youtube.com\/embed\/mMCEA3jhXts?si=UQs3a3dJL5jW-2tp\" frameborder=\"0\" allowfullscreen=\"\"><\/iframe>\n<\/div><p>Se desideri aggiungere il plug-in Feed LinkedIn senza codice al tuo sito Web Shopify, esegui le seguenti azioni:<\/p> <ol><li><b>Utilizza il nostro editor gratuito e avvia costruendo il tuo widget Feed LinkedIn personalizzato.<\/b><br> Specifica il layout selezionato e le caratteristiche del plugin e salva le modifiche.<\/li> <li><b>Ottieni il codice individuale rivelato nella finestra sulle app Elfsight. <\/b><br> Subito dopo aver completato la generazione del tuo strumento, copia il codice individuale nel popup visualizzato e conservalo per un ulteriore utilizzo.<\/li> <li><b>Inizia a utilizzare il widget sul tuo Sito web Shopify.<\/b><br> Aggiungi il codice che hai salvato in precedenza al tuo sito web e applica le correzioni.<\/li> <li><b>L&#8217;installazione \u00e8 stata completata con successo.<\/b><br> Vai al tuo sito web per osservare il lavoro del plug-in Feed di LinkedIn.<\/li><\/ol> <p>Se riscontri domande o affronti alcuni ostacoli con il processo di incorporamento, chiedi assistenza al nostro team di supporto. Il nostro personale sar\u00e0 lieto di risolvere tutte le difficolt\u00e0 che potresti avere con il plug-in Feed LinkedIn senza codice per i siti Web Shopify.<\/p> <\/div>\n","protected":false},"excerpt":{"rendered":"","protected":false},"author":9,"featured_media":0,"parent":3122,"menu_order":0,"comment_status":"closed","ping_status":"closed","template":"templates\/template-application-platform.php","meta":{"publish_to_discourse":"","publish_post_category":"","wpdc_auto_publish_overridden":"","wpdc_topic_tags":"","wpdc_pin_topic":"","wpdc_pin_until":"","discourse_post_id":"","discourse_permalink":"","wpdc_publishing_response":"","wpdc_publishing_error":"","footnotes":""},"class_list":["post-4965","page","type-page","status-publish","hentry"],"yoast_head":"<!-- This site is optimized with the Yoast SEO plugin v25.3.1 - https:\/\/yoast.com\/wordpress\/plugins\/seo\/ -->\n<title>Feed di LinkedIn - Aggiungi l&#039;app Feed a Shopify [gratuitamente!]<\/title>\n<meta name=\"description\" content=\"Incorpora l&#039;app LinkedIn Feed senza codifica sul tuo sito web Shopify. Costruisci il tuo widget utilizzando una demo live e modelli predefiniti per avere una forte prova sociale.\" \/>\n<meta name=\"robots\" content=\"index, follow, max-snippet:-1, max-image-preview:large, max-video-preview:-1\" \/>\n<link rel=\"canonical\" href=\"https:\/\/elfsight.com\/it\/linkedin-feed-widget\/shopify\/\" \/>\n<meta property=\"og:locale\" content=\"it_IT\" \/>\n<meta property=\"og:type\" content=\"article\" \/>\n<meta property=\"og:title\" content=\"Feed di LinkedIn - Aggiungi l&#039;app Feed a Shopify [gratuitamente!]\" \/>\n<meta property=\"og:description\" content=\"Incorpora l&#039;app LinkedIn Feed senza codifica sul tuo sito web Shopify. Costruisci il tuo widget utilizzando una demo live e modelli predefiniti per avere una forte prova sociale.\" \/>\n<meta property=\"og:url\" content=\"https:\/\/elfsight.com\/it\/linkedin-feed-widget\/shopify\/\" \/>\n<meta property=\"og:site_name\" content=\"Elfsight IT\" \/>\n<meta property=\"article:modified_time\" content=\"2025-10-23T14:57:18+00:00\" \/>\n<meta name=\"twitter:card\" content=\"summary_large_image\" \/>\n<meta name=\"twitter:label1\" content=\"Tempo di lettura stimato\" \/>\n\t<meta name=\"twitter:data1\" content=\"5 minuti\" \/>\n<!-- \/ Yoast SEO plugin. -->","yoast_head_json":{"title":"Feed di LinkedIn - Aggiungi l'app Feed a Shopify [gratuitamente!]","description":"Incorpora l'app LinkedIn Feed senza codifica sul tuo sito web Shopify. Costruisci il tuo widget utilizzando una demo live e modelli predefiniti per avere una forte prova sociale.","robots":{"index":"index","follow":"follow","max-snippet":"max-snippet:-1","max-image-preview":"max-image-preview:large","max-video-preview":"max-video-preview:-1"},"canonical":"https:\/\/elfsight.com\/it\/linkedin-feed-widget\/shopify\/","og_locale":"it_IT","og_type":"article","og_title":"Feed di LinkedIn - Aggiungi l'app Feed a Shopify [gratuitamente!]","og_description":"Incorpora l'app LinkedIn Feed senza codifica sul tuo sito web Shopify. Costruisci il tuo widget utilizzando una demo live e modelli predefiniti per avere una forte prova sociale.","og_url":"https:\/\/elfsight.com\/it\/linkedin-feed-widget\/shopify\/","og_site_name":"Elfsight IT","article_modified_time":"2025-10-23T14:57:18+00:00","twitter_card":"summary_large_image","twitter_misc":{"Tempo di lettura stimato":"5 minuti"},"schema":{"@context":"https:\/\/schema.org","@graph":[{"@type":"WebPage","@id":"https:\/\/elfsight.com\/it\/linkedin-feed-widget\/shopify\/","url":"https:\/\/elfsight.com\/it\/linkedin-feed-widget\/shopify\/","name":"Feed di LinkedIn - Aggiungi l'app Feed a Shopify [gratuitamente!]","isPartOf":{"@id":"https:\/\/elfsight.com\/it\/#website"},"datePublished":"2024-05-03T06:40:37+00:00","dateModified":"2025-10-23T14:57:18+00:00","description":"Incorpora l'app LinkedIn Feed senza codifica sul tuo sito web Shopify. Costruisci il tuo widget utilizzando una demo live e modelli predefiniti per avere una forte prova sociale.","breadcrumb":{"@id":"https:\/\/elfsight.com\/it\/linkedin-feed-widget\/shopify\/#breadcrumb"},"inLanguage":"it-IT","potentialAction":[{"@type":"ReadAction","target":["https:\/\/elfsight.com\/it\/linkedin-feed-widget\/shopify\/"]}]},{"@type":"BreadcrumbList","@id":"https:\/\/elfsight.com\/it\/linkedin-feed-widget\/shopify\/#breadcrumb","itemListElement":[{"@type":"ListItem","position":1,"name":"Home","item":"https:\/\/elfsight.com\/it\/"},{"@type":"ListItem","position":2,"name":"LinkedIn Feed","item":"https:\/\/elfsight.com\/it\/linkedin-feed-widget\/"},{"@type":"ListItem","position":3,"name":"LinkedIn Feed &#8211; Shopify"}]},{"@type":"WebSite","@id":"https:\/\/elfsight.com\/it\/#website","url":"https:\/\/elfsight.com\/it\/","name":"Elfsight IT","description":"Just another Elfsight Sites site","potentialAction":[{"@type":"SearchAction","target":{"@type":"EntryPoint","urlTemplate":"https:\/\/elfsight.com\/it\/?s={search_term_string}"},"query-input":{"@type":"PropertyValueSpecification","valueRequired":true,"valueName":"search_term_string"}}],"inLanguage":"it-IT"}]}},"meta_box":{"industry":"","seo_heading":"","heading":"","description":"","cta_heading":"","cta_description":"","application":"3109","h1":"Come incorporare gratuitamente il feed LinkedIn su Shopify!","h1_caption":"Visualizza i post dal tuo profilo LinkedIn o dalla pagina aziendale sul tuo sito web, migliorando facilmente la tua presenza online professionale nel tuo sito web Shopify.","application_category":[],"applications_title":"","applications_request_title":"","applications_request_button_text":"","hero_text":"","hero_video":"","hero_video_schema_markup":"","selling_points_title":"","selling_points_caption":"","selling_points":[],"selling_points_cta_text":"","features_title":"","features":"","ed_cta_examples_text":"","ed_cta_examples_hidden":"","ed_cta_demo_text":"","ed_cta_demo_hidden":"","why_caption":"","why_editor_title":"","why_editor_text":"","why_team_title":"","why_team_text":"","why_service_title":"","why_service_text":"","template_catalog_visible":"0","template_catalog_title":"","template_catalog_text":"","template_catalog_categories_visible":"","demo_title":"Crea la tua app Feed LinkedIn","demo_caption":"Configura il tuo feed LinkedIn e aggiungilo gratuitamente al tuo sito Shopify!","default_faq_hidden":"","app_template_category":[],"platform":"42","template_public_id":"","codecanyon_url":"","codecanyon_item_id":"","codecanyon_price":"","pricing_caption":"","pricing_elfsight_apps_hide_column":"","pricing_elfsight_apps_url":"","pricing_codecanyon_price_caption":"","integration_category":[],"integration_request_title":"","integration_request_cta":"","integration_platform":"","integrations":[],"platform_category":[],"video_schema_markup":"","price":"da $ 0 al mese","trial":"","benefits":[{"text":"Assistenza per l'installazione gratuita"},{"text":"Assistenza clienti con esperienza"},{"text":"Garanzia di rimborso di 14 giorni"},{"text":"Aggiornamento costante"}],"button_url":"#demo","button_target_blank":"0","button_nofollow":"0","attributes":[{"name":"Installazioni"},{"name":"Reattivo","content":"S\u00cc"},{"name":"Browser compatibili","content":"Firefox, Safari, Opera, Chrome, Edge"}],"tags":[],"tags_disable_links":"0","hide_more_platforms":"0","video_object":"","demo_hide_cta":"0","demo_hide_cloud_options":"0","pricing_title":"","pricing":[{"pricing_icon":"platform","pricing_title":"Elfsight Apps","pricing_title_caption":"Versione indipendente dalla piattaforma che funziona su qualsiasi sito web","pricing_price":"da $ 0 \/ mese","pricing_price_caption":"inizia con un piano gratuito","pricing_benefits":[{"text":"Siti web illimitati"},{"text":"Supporto professionale e puntuale e ben documentato"},{"text":"Supporto gratuito per l'installazione"},{"text":"Completamente personalizzabile"}],"pricing_button_text":"Aggiungi al sito web","pricing_button_url":"#demo"}],"related_apps_title":"","related_apps_hidden":"0","author":"","image":[],"title":"","job":"","social_networks":[]},"_links":{"self":[{"href":"https:\/\/elfsight.com\/it\/wp-json\/wp\/v2\/pages\/4965","targetHints":{"allow":["GET"]}}],"collection":[{"href":"https:\/\/elfsight.com\/it\/wp-json\/wp\/v2\/pages"}],"about":[{"href":"https:\/\/elfsight.com\/it\/wp-json\/wp\/v2\/types\/page"}],"author":[{"embeddable":true,"href":"https:\/\/elfsight.com\/it\/wp-json\/wp\/v2\/users\/9"}],"replies":[{"embeddable":true,"href":"https:\/\/elfsight.com\/it\/wp-json\/wp\/v2\/comments?post=4965"}],"version-history":[{"count":3,"href":"https:\/\/elfsight.com\/it\/wp-json\/wp\/v2\/pages\/4965\/revisions"}],"predecessor-version":[{"id":10529,"href":"https:\/\/elfsight.com\/it\/wp-json\/wp\/v2\/pages\/4965\/revisions\/10529"}],"up":[{"embeddable":true,"href":"https:\/\/elfsight.com\/it\/wp-json\/wp\/v2\/pages\/3122"}],"wp:attachment":[{"href":"https:\/\/elfsight.com\/it\/wp-json\/wp\/v2\/media?parent=4965"}],"curies":[{"name":"wp","href":"https:\/\/api.w.org\/{rel}","templated":true}]}}