{"id":4964,"date":"2024-05-03T06:40:36","date_gmt":"2024-05-03T06:40:36","guid":{"rendered":"https:\/\/elfsight.com\/it\/?page_id=4964"},"modified":"2025-11-06T13:01:31","modified_gmt":"2025-11-06T13:01:31","slug":"webflow","status":"publish","type":"page","link":"https:\/\/elfsight.com\/it\/linkedin-feed-widget\/webflow\/","title":{"rendered":"LinkedIn Feed &#8211; Webflow"},"content":{"rendered":"\n<div class=\"application-platform-content-item-description application-platform-content-item\" id=\"description\" data-nav-section=\"description\"> <h2>Incorpora gratuitamente il feed di LinkedIn su Webflow!<\/h2> <p>Il plug-in Feed di LinkedIn \u00e8 la soluzione migliore per le aziende per condividere e pubblicizzare i loro contenuti LinkedIn sui siti web Webflow: visualizzazione di post, immagini, video, ecc. L&#8217;installazione del widget richiede pochi secondi, senza bisogno di codifica o conoscenze tecniche.<\/p> <p>Crea uno stile che soddisfi le preferenze del tuo sito web e segui le tendenze provando elementi di feed personalizzati, modelli, layout e stili di post. Aggiungi una modalit\u00e0 popup come azione post-clic per catturare l&#8217;attenzione degli utenti. Infine, goditi la fiducia suscitata e il marchio ben consolidato nel settore.<\/p> <ul><li><strong>Aumenta la portata della tua rete con la pagina aziendale di LinkedIn.<\/strong><br>Stimola nuove connessioni nel business mondo e aumenta il numero di lead utilizzando i contenuti del tuo profilo LinkedIn.<\/li><li><strong>Aumenta il tuo seguito su LinkedIn.<\/strong><br>Evidenzia la tua presenza su LinkedIn tra gli utenti del sito web Webflow e suscita un interesse significativo nei tuoi servizi.<\/li><li><strong>Aumenta l&#8217;autenticit\u00e0 della tua attivit\u00e0.<\/strong><br>Dai al tuo marchio un ulteriore impulso in credibilit\u00e0 e affidabilit\u00e0 mostrando le ultime attivit\u00e0 di LinkedIn direttamente sulla pagina del sito web. <\/li><\/ul><p><b>Aggiungi il widget Feed LinkedIn senza codice al sito Web Webflow per rafforzare l&#8217;affidabilit\u00e0, mostrare l&#8217;autenticit\u00e0 ed espandere la tua rete con prove sociali convincenti.<\/b><\/p> <div class=\"faq\" data-component=\"FAQ\"><div class=\"faq-item\">\r\n\t\t\t\t\t<div class=\"faq-item-question\">\r\n\t\t\t\t\t\t<h3 class=\"faq-item-question-text\">Esistono altri strumenti per Webflow che posso utilizzare sul mio sito web?<\/h3>\r\n\r\n\t\t\t\t\t\t<div class=\"faq-item-question-icon\"><\/div>\r\n\t\t\t\t\t<\/div>\r\n\r\n\t\t\t\t\t<div class=\"faq-item-answer\">\r\n\t\t\t\t\t\t<div class=\"faq-item-answer-text\"><p>S\u00ec, certo! Come utente Webflow, Elfsight ti garantisce tantissimi strumenti senza codice da aggiungere al tuo sito web, incluso il plug-in Feed di LinkedIn. Indipendentemente dalla tua nicchia aziendale o dal tuo settore, ci sono sempre opportunit\u00e0 per mostrare i tuoi punti di forza. Ad esempio:<\/p><ul><li>Per creare qualsiasi altra app di social media per il tuo sito Web Webflow simile al plug-in Feed di LinkedIn, valuta la possibilit\u00e0 di sperimentare <a href=\"https:\/\/elfsight.com\/it\/pinterest-feed-widget\/\">Feed di Pinterest<\/a> o widget <a href=\"https:\/\/elfsight.com\/it\/instagram-feed-instashow\/\">Feed di Instagram<\/a>.<\/li><li>Ottieni tu stesso le <a href=\"https:\/\/elfsight.com\/it\/all-in-one-reviews-widget\/\">recensioni tutto in uno<\/a> o <a href=\"https:\/\/elfsight.com\/it\/google-reviews-widget\/\">Plug-in di Google Recensioni<\/a> per visualizzare il feedback dei clienti.<\/li><li>Incorpora il <a href=\"https:\/\/elfsight.com\/it\/online-form-builder\/\">Form Builder<\/a> per semplificare la raccolta delle risposte e consentire agli utenti del flusso Web di contattarti.<\/li> <li>Aggiungi il <a href=\"https:\/\/elfsight.com\/it\/countdown-timer-widget\/\"> Widget Countdown Timer<\/a> per creare coinvolgimento e creare un senso di scarsit\u00e0 tra il pubblico.<\/li><\/ul><p>Questi esempi di incorporamento non fanno altro che graffiare la superficie della vasta gamma di aggiunte che possono coprire la tua attivit\u00e0 specifica esigenze. Inizia con il feed LinkedIn senza codice e successivamente esplora il restante assortimento di widget nel nostro catalogo da aggiungere al tuo sito web!<\/p><\/div>\r\n\t\t\t\t\t<\/div>\r\n\t\t\t\t<\/div><div class=\"faq-item\">\r\n\t\t\t\t\t<div class=\"faq-item-question\">\r\n\t\t\t\t\t\t<h3 class=\"faq-item-question-text\">Come incorporare gratuitamente il feed LinkedIn su Webflow?<\/h3>\r\n\r\n\t\t\t\t\t\t<div class=\"faq-item-question-icon\"><\/div>\r\n\t\t\t\t\t<\/div>\r\n\r\n\t\t\t\t\t<div class=\"faq-item-answer\">\r\n\t\t\t\t\t\t<div class=\"faq-item-answer-text\"> <p>Se desideri aggiungere gratuitamente il plug-in Feed di LinkedIn senza codice al tuo sito Web Webflow, procedi come segue:<\/p> <ol><li>Personalizza l&#8217;aspetto del plug-in Feed di LinkedIn in base alle tue preferenze.<\/li><li>Accedi al tuo pannello di amministrazione Elfsight o registra un profilo utente gratuito.<\/li><li>Ottieni il codice di incorporamento generato automaticamente.<\/li><li>Vai al tuo sito web Webflow.<\/li><li>Inserisci il codice nell&#8217;editor del tuo sito web Webflow per aggiungere il widget Feed di LinkedIn. Il gioco \u00e8 fatto!<\/li><\/ol><p>Come puoi vedere, non \u00e8 necessario eccellere nella scrittura del codice per incorporare il plugin. Crea facilmente un widget Feed LinkedIn senza codice per un sito Web Webflow e goditi i numerosi vantaggi che accompagnano il processo di espansione della tua portata.<\/p><\/div>\r\n\t\t\t\t\t<\/div>\r\n\t\t\t\t<\/div><div class=\"faq-item\">\r\n\t\t\t\t\t<div class=\"faq-item-question\">\r\n\t\t\t\t\t\t<h3 class=\"faq-item-question-text\">Devo sapere come farlo scrivere codice o avere competenze di programmazione per incorporare il feed di LinkedIn su Webflow?<\/h3>\r\n\r\n\t\t\t\t\t\t<div class=\"faq-item-question-icon\"><\/div>\r\n\t\t\t\t\t<\/div>\r\n\r\n\t\t\t\t\t<div class=\"faq-item-answer\">\r\n\t\t\t\t\t\t<div class=\"faq-item-answer-text\"><p>Niente affatto. Non \u00e8 richiesta alcuna abilit\u00e0 di codifica. Puoi creare e aggiungere il plug-in Feed di LinkedIn al tuo sito Web Webflow, indipendentemente dalla tua familiarit\u00e0 o esperienza nella scrittura di codice.<\/p> <\/div>\r\n\t\t\t\t\t<\/div>\r\n\t\t\t\t<\/div><\/div><\/div> <div class=\"application-platform-content-item-features application-platform-content-item\" id=\"features\" data-nav-section=\"features\"> <h2>Le funzionalit\u00e0 essenziali del widget contengono<\/h2> <ul><li>Promuovi varie forme di contenuto: post di blog, immagini, video, ecc.<\/li><li>Ordina i post dei feed per parole chiave, hashtag o filtri URL. <\/li><li>Aggiungi i pulsanti di invito all&#8217;azione per migliorare la visibilit\u00e0 del feed della tua azienda LinkedIn.<\/li><li>Modalit\u00e0 popup dinamica per attirare l&#8217;attenzione delle persone sui tuoi contenuti LinkedIn.<\/li><li> Opzioni di personalizzazione semplici senza la necessit\u00e0 di scrivere codice: modelli pronti all&#8217;uso, generatore di combinazioni di colori, design di layout, stili di post, CSS personalizzati e altro ancora.<\/li><\/ul><p><a href=\" #demo\">Puoi scoprire quanto vale il widget con l&#8217;aiuto della demo<\/a><\/p> <\/div> <div class=\"application-platform-content-item-installation application-platform-content-item\" id=\"installation\" data-nav-section=\"installation\"> <h2>Come posso incorporare il feed LinkedIn nel mio flusso web sito web?<\/h2> <div class=\"video-container\">\n<iframe width=\"720\" height=\"405\" src=\"https:\/\/www.youtube.com\/embed\/xWzKn3AayFk?si=eebeKoEBX_fRxpJc\" frameborder=\"0\" allowfullscreen=\"\"><\/iframe>\n<\/div><p>Per aggiungere il plug-in Feed di LinkedIn al tuo sito Web Webflow, procedi nel seguente modo:<\/p> <ol><li><b>Utilizza la nostra demo gratuita e inizia a modellare il tuo widget Feed di LinkedIn.<\/b><br> Trova il layout personalizzato e le opzioni dello strumento e aggiungi le correzioni.<\/li> <li><b>Copia il tuo codice personale visualizzato nel modulo speciale su Elfsight Apps.<\/b><br> Subito dopo aver completato la configurazione del tuo strumento, copia il codice individuale nella casella emersa e conservalo per un uso futuro.<\/li> <li><b>Inizia a utilizzare il plug-in sul tuo sito Web Webflow.<\/b><br> Aggiungi il codice che hai copiato di recente nel tuo sito web e applica le modifiche.<\/li> <li><b>L&#8217;installazione \u00e8 completamente completata.<\/b><br> Vai al tuo sito web per vedere il funzionamento del plug-in Feed di LinkedIn.<\/li><\/ol> <p>Se riscontri difficolt\u00e0 con il processo di incorporamento, rivolgiti al nostro team di assistenza clienti. I nostri consulenti saranno lieti di risolvere tutti i problemi che potresti riscontrare con il widget Feed LinkedIn senza codice per i siti web Webflow.<\/p> <\/div>\n","protected":false},"excerpt":{"rendered":"","protected":false},"author":9,"featured_media":0,"parent":3122,"menu_order":0,"comment_status":"closed","ping_status":"closed","template":"templates\/template-application-platform.php","meta":{"publish_to_discourse":"","publish_post_category":"","wpdc_auto_publish_overridden":"","wpdc_topic_tags":"","wpdc_pin_topic":"","wpdc_pin_until":"","discourse_post_id":"","discourse_permalink":"","wpdc_publishing_response":"","wpdc_publishing_error":"","footnotes":""},"class_list":["post-4964","page","type-page","status-publish","hentry"],"yoast_head":"<!-- This site is optimized with the Yoast SEO plugin v25.3.1 - https:\/\/yoast.com\/wordpress\/plugins\/seo\/ -->\n<title>Feed di LinkedIn - Aggiungi il widget Feed a Webflow [gratuitamente!]<\/title>\n<meta name=\"description\" content=\"Incorpora il widget Feed LinkedIn senza codifica sul tuo sito web Webflow. Costruisci il tuo plugin utilizzando una demo live e modelli predefiniti per avere una forte prova sociale.\" \/>\n<meta name=\"robots\" content=\"index, follow, max-snippet:-1, max-image-preview:large, max-video-preview:-1\" \/>\n<link rel=\"canonical\" href=\"https:\/\/elfsight.com\/it\/linkedin-feed-widget\/webflow\/\" \/>\n<meta property=\"og:locale\" content=\"it_IT\" \/>\n<meta property=\"og:type\" content=\"article\" \/>\n<meta property=\"og:title\" content=\"Feed di LinkedIn - Aggiungi il widget Feed a Webflow [gratuitamente!]\" \/>\n<meta property=\"og:description\" content=\"Incorpora il widget Feed LinkedIn senza codifica sul tuo sito web Webflow. Costruisci il tuo plugin utilizzando una demo live e modelli predefiniti per avere una forte prova sociale.\" \/>\n<meta property=\"og:url\" content=\"https:\/\/elfsight.com\/it\/linkedin-feed-widget\/webflow\/\" \/>\n<meta property=\"og:site_name\" content=\"Elfsight IT\" \/>\n<meta property=\"article:modified_time\" content=\"2025-11-06T13:01:31+00:00\" \/>\n<meta name=\"twitter:card\" content=\"summary_large_image\" \/>\n<meta name=\"twitter:label1\" content=\"Tempo di lettura stimato\" \/>\n\t<meta name=\"twitter:data1\" content=\"5 minuti\" \/>\n<!-- \/ Yoast SEO plugin. -->","yoast_head_json":{"title":"Feed di LinkedIn - Aggiungi il widget Feed a Webflow [gratuitamente!]","description":"Incorpora il widget Feed LinkedIn senza codifica sul tuo sito web Webflow. Costruisci il tuo plugin utilizzando una demo live e modelli predefiniti per avere una forte prova sociale.","robots":{"index":"index","follow":"follow","max-snippet":"max-snippet:-1","max-image-preview":"max-image-preview:large","max-video-preview":"max-video-preview:-1"},"canonical":"https:\/\/elfsight.com\/it\/linkedin-feed-widget\/webflow\/","og_locale":"it_IT","og_type":"article","og_title":"Feed di LinkedIn - Aggiungi il widget Feed a Webflow [gratuitamente!]","og_description":"Incorpora il widget Feed LinkedIn senza codifica sul tuo sito web Webflow. Costruisci il tuo plugin utilizzando una demo live e modelli predefiniti per avere una forte prova sociale.","og_url":"https:\/\/elfsight.com\/it\/linkedin-feed-widget\/webflow\/","og_site_name":"Elfsight IT","article_modified_time":"2025-11-06T13:01:31+00:00","twitter_card":"summary_large_image","twitter_misc":{"Tempo di lettura stimato":"5 minuti"},"schema":{"@context":"https:\/\/schema.org","@graph":[{"@type":"WebPage","@id":"https:\/\/elfsight.com\/it\/linkedin-feed-widget\/webflow\/","url":"https:\/\/elfsight.com\/it\/linkedin-feed-widget\/webflow\/","name":"Feed di LinkedIn - Aggiungi il widget Feed a Webflow [gratuitamente!]","isPartOf":{"@id":"https:\/\/elfsight.com\/it\/#website"},"datePublished":"2024-05-03T06:40:36+00:00","dateModified":"2025-11-06T13:01:31+00:00","description":"Incorpora il widget Feed LinkedIn senza codifica sul tuo sito web Webflow. Costruisci il tuo plugin utilizzando una demo live e modelli predefiniti per avere una forte prova sociale.","breadcrumb":{"@id":"https:\/\/elfsight.com\/it\/linkedin-feed-widget\/webflow\/#breadcrumb"},"inLanguage":"it-IT","potentialAction":[{"@type":"ReadAction","target":["https:\/\/elfsight.com\/it\/linkedin-feed-widget\/webflow\/"]}]},{"@type":"BreadcrumbList","@id":"https:\/\/elfsight.com\/it\/linkedin-feed-widget\/webflow\/#breadcrumb","itemListElement":[{"@type":"ListItem","position":1,"name":"Home","item":"https:\/\/elfsight.com\/it\/"},{"@type":"ListItem","position":2,"name":"LinkedIn Feed","item":"https:\/\/elfsight.com\/it\/linkedin-feed-widget\/"},{"@type":"ListItem","position":3,"name":"LinkedIn Feed &#8211; Webflow"}]},{"@type":"WebSite","@id":"https:\/\/elfsight.com\/it\/#website","url":"https:\/\/elfsight.com\/it\/","name":"Elfsight IT","description":"Just another Elfsight Sites site","potentialAction":[{"@type":"SearchAction","target":{"@type":"EntryPoint","urlTemplate":"https:\/\/elfsight.com\/it\/?s={search_term_string}"},"query-input":{"@type":"PropertyValueSpecification","valueRequired":true,"valueName":"search_term_string"}}],"inLanguage":"it-IT"}]}},"meta_box":{"industry":"","seo_heading":"","heading":"","description":"","cta_heading":"","cta_description":"","application":"3109","h1":"Come incorporare gratuitamente il feed LinkedIn su Webflow!","h1_caption":"Visualizza i post dal tuo profilo LinkedIn o dalla pagina aziendale sul tuo sito web, migliorando facilmente la tua presenza online professionale nel tuo sito web Webflow.","application_category":[],"applications_title":"","applications_request_title":"","applications_request_button_text":"","hero_text":"","hero_video":"","hero_video_schema_markup":"","selling_points_title":"","selling_points_caption":"","selling_points":[],"selling_points_cta_text":"","features_title":"","features":"","ed_cta_examples_text":"","ed_cta_examples_hidden":"","ed_cta_demo_text":"","ed_cta_demo_hidden":"","why_caption":"","why_editor_title":"","why_editor_text":"","why_team_title":"","why_team_text":"","why_service_title":"","why_service_text":"","template_catalog_visible":"0","template_catalog_title":"","template_catalog_text":"","template_catalog_categories_visible":"","demo_title":"Crea il tuo widget Feed LinkedIn","demo_caption":"Configura il tuo feed LinkedIn e aggiungilo gratuitamente al tuo sito Webflow!","default_faq_hidden":"","app_template_category":[],"platform":"44","template_public_id":"","codecanyon_url":"","codecanyon_item_id":"","codecanyon_price":"","pricing_caption":"","pricing_elfsight_apps_hide_column":"","pricing_elfsight_apps_url":"","pricing_codecanyon_price_caption":"","integration_category":[],"integration_request_title":"","integration_request_cta":"","integration_platform":"","integrations":[],"platform_category":[],"video_schema_markup":"","price":"da $ 0 al mese","trial":"","benefits":[{"text":"Assistenza gratuita per l'installazione"},{"text":"Assistenza clienti con esperienza"},{"text":"Garanzia di rimborso di 14 giorni"},{"text":"Aggiornamento costante"}],"button_url":"#demo","button_target_blank":"0","button_nofollow":"0","attributes":[{"name":"Installazioni"},{"name":"Reattivo","content":"S\u00cc"},{"name":"Browser compatibili","content":"Firefox, Safari, Opera, Chrome, Edge"}],"tags":[],"tags_disable_links":"0","hide_more_platforms":"0","video_object":"","demo_hide_cta":"0","demo_hide_cloud_options":"0","pricing_title":"","pricing":[{"pricing_icon":"platform","pricing_title":"Elfsight Apps","pricing_title_caption":"Software indipendente dalla piattaforma che funziona su qualsiasi sito web","pricing_price":"da $ 0 \/ mese","pricing_price_caption":"inizia con un piano gratuito","pricing_benefits":[{"text":"Siti web illimitati"},{"text":"Supporto rapido, puntuale e ben documentato"},{"text":"Servizio di installazione gratuito"},{"text":"Progettazione flessibile"}],"pricing_button_text":"Aggiungi al sito web","pricing_button_url":"#demo"}],"related_apps_title":"","related_apps_hidden":"0","author":"","image":[],"title":"","job":"","social_networks":[]},"_links":{"self":[{"href":"https:\/\/elfsight.com\/it\/wp-json\/wp\/v2\/pages\/4964","targetHints":{"allow":["GET"]}}],"collection":[{"href":"https:\/\/elfsight.com\/it\/wp-json\/wp\/v2\/pages"}],"about":[{"href":"https:\/\/elfsight.com\/it\/wp-json\/wp\/v2\/types\/page"}],"author":[{"embeddable":true,"href":"https:\/\/elfsight.com\/it\/wp-json\/wp\/v2\/users\/9"}],"replies":[{"embeddable":true,"href":"https:\/\/elfsight.com\/it\/wp-json\/wp\/v2\/comments?post=4964"}],"version-history":[{"count":4,"href":"https:\/\/elfsight.com\/it\/wp-json\/wp\/v2\/pages\/4964\/revisions"}],"predecessor-version":[{"id":10538,"href":"https:\/\/elfsight.com\/it\/wp-json\/wp\/v2\/pages\/4964\/revisions\/10538"}],"up":[{"embeddable":true,"href":"https:\/\/elfsight.com\/it\/wp-json\/wp\/v2\/pages\/3122"}],"wp:attachment":[{"href":"https:\/\/elfsight.com\/it\/wp-json\/wp\/v2\/media?parent=4964"}],"curies":[{"name":"wp","href":"https:\/\/api.w.org\/{rel}","templated":true}]}}