{"id":4957,"date":"2024-05-03T06:40:33","date_gmt":"2024-05-03T06:40:33","guid":{"rendered":"https:\/\/elfsight.com\/it\/?page_id=4957"},"modified":"2025-03-17T15:01:54","modified_gmt":"2025-03-17T15:01:54","slug":"squarespace","status":"publish","type":"page","link":"https:\/\/elfsight.com\/it\/linkedin-feed-widget\/squarespace\/","title":{"rendered":"LinkedIn Feed &#8211; Squarespace"},"content":{"rendered":"\n<div class=\"application-platform-content-item-description application-platform-content-item\" id=\"description\" data-nav-section=\"description\"> <h2>Incorpora gratuitamente il feed LinkedIn su Squarespace!<\/h2> <p>Il widget Feed LinkedIn senza codice offre un&#8217;opportunit\u00e0 all&#8217;avanguardia per aziende per trasmettere e promuovere i propri contenuti LinkedIn sui siti web Squarespace: visualizzare post, immagini, clip, ecc. La configurazione del plug-in richiede alcuni minuti: non sono richieste conoscenze di codifica o tecniche.<\/p> <p>Crea un look adatto alle tue esigenze esigenze del sito web e rimanere fedeli al marchio giocando con attributi di feed personalizzati, modelli, layout e stili di post. Aggiungi una modalit\u00e0 popup come azione post-clic per attirare l&#8217;attenzione degli utenti. Infine, sperimenta una maggiore credibilit\u00e0 e un migliore tasso di coinvolgimento.<\/p> <ul><li><strong>Migliora le tue capacit\u00e0 di networking con la pagina aziendale di LinkedIn.<\/strong><br>Stimola nuove connessioni nel regno aziendale ed espandi il conteggio dei lead utilizzando i contenuti del tuo profilo LinkedIn.<\/li><li><strong>Espandi la tua base di pubblico su LinkedIn.<\/strong><br>Attira l&#8217;attenzione sul tuo LinkedIn tra gli utenti del sito web Squarespace e suscita un forte interesse per il tuo offerte.<\/li><li><strong>Amplifica l&#8217;autenticit\u00e0 della tua attivit\u00e0.<\/strong><br>Aggiungi al tuo marchio un ulteriore aumento di credibilit\u00e0 e visualizza l&#8217;attivit\u00e0 pi\u00f9 recente di LinkedIn direttamente sulla pagina del sito web.<\/li><\/ul><p><b>Aggiungi il widget Feed di LinkedIn al sito web Squarespace per stabilire fiducia, trasmettere autenticit\u00e0 e ampliare le connessioni di lavoro con una convincente conferma social.<\/b><\/p> <div class=\"faq\" data-component=\"FAQ\"><div class=\"faq-item\">\r\n\t\t\t\t\t<div class=\"faq-item-question\">\r\n\t\t\t\t\t\t<h3 class=\"faq-item-question-text\">Esistono altri strumenti per Squarespace che posso utilizzare sul mio sito web?<\/h3>\r\n\r\n\t\t\t\t\t\t<div class=\"faq-item-question-icon\"><\/div>\r\n\t\t\t\t\t<\/div>\r\n\r\n\t\t\t\t\t<div class=\"faq-item-answer\">\r\n\t\t\t\t\t\t<div class=\"faq-item-answer-text\"><p>S\u00ec, certo! Essere un utente Squarespace ha la possibilit\u00e0 di aggiungere dozzine di strumenti senza codice di Elfsight, incluso il plug-in Feed di LinkedIn. Non importa che tipo di attivit\u00e0 svolgi e quale nicchia nel campo svolgi, puoi sempre cercare opportunit\u00e0 per mostrare i tuoi punti di forza. Considera le seguenti possibilit\u00e0:<\/p><ul><li>Per creare qualsiasi altra app di social media senza codice per il tuo sito web Squarespace, come il feed di LinkedIn, prova <a href=\"https:\/\/elfsight.com\/it\/pinterest-feed-widget\/\">Feed di Pinterest<\/a> o <a href=\"https:\/\/elfsight.com\/it\/instagram-feed-instashow\/\">Feed di Instagram<\/a>.<\/li><li>Approfitta delle <a href=\"https:\/\/elfsight.com\/it\/all-in-one-reviews-widget\/\">recensioni tutto in uno<\/a> o delle <a href=\"https:\/\/elfsight.com\/it\/google-reviews-widget\/\">Google Recensioni<\/a> plug-in per visualizzare preziosi feedback dei clienti.<\/li><li>Incorpora il <a href=\"https:\/\/elfsight.com\/it\/online-form-builder\/\">Form Builder<\/a> per raccogliere risposte e facilitare la comunicazione con i tuoi utenti Squarespace.<\/li> <li>Aggiungi <a href=\"https:\/\/elfsight.com\/it\/countdown-timer-widget\/\">Timer per il conto alla rovescia<\/a> per generare entusiasmo e creare un senso di urgenza tra il pubblico.<\/li><\/ul><p>E ricorda, questi sono solo alcuni esempi di widget da incorporare. Esplora il nostro ampio catalogo di widget dopo aver implementato il plug-in Feed di LinkedIn per scoprire ancora pi\u00f9 modi per soddisfare le tue esigenze aziendali!<\/p><\/div>\r\n\t\t\t\t\t<\/div>\r\n\t\t\t\t<\/div><div class=\"faq-item\">\r\n\t\t\t\t\t<div class=\"faq-item-question\">\r\n\t\t\t\t\t\t<h3 class=\"faq-item-question-text\">Come incorporare gratuitamente il feed di LinkedIn su Squarespace?<\/h3>\r\n\r\n\t\t\t\t\t\t<div class=\"faq-item-question-icon\"><\/div>\r\n\t\t\t\t\t<\/div>\r\n\r\n\t\t\t\t\t<div class=\"faq-item-answer\">\r\n\t\t\t\t\t\t<div class=\"faq-item-answer-text\"><p>Per aggiungere gratuitamente il plug-in Feed di LinkedIn senza codice al tuo sito web Squarespace, segui questi passaggi:<\/p> <ol><li>Personalizza l&#8217;aspetto del plug-in Feed di LinkedIn per completare la scelta del design del tuo sito web.<\/li><li>Accedi alla dashboard di Elfsight o imposta un profilo utente gratuito.<\/li><li>Ottieni il codice di incorporamento generato.<\/li><li>Naviga al tuo sito web Squarespace .<\/li><li>Inserisci il codice nell&#8217;editor del tuo sito web Squarespace per aggiungere il plug-in Feed di LinkedIn. Sei a posto!<\/li><\/ol><p>Come evidente dal contesto, non \u00e8 necessario diventare esperti nella scrittura del codice per incorporare il plugin. Crea facilmente un widget Feed LinkedIn per un sito web Squarespace e usufruisci dei vari vantaggi offerti dall&#8217;espansione del tuo pubblico.<\/p><\/div>\r\n\t\t\t\t\t<\/div>\r\n\t\t\t\t<\/div><div class=\"faq-item\">\r\n\t\t\t\t\t<div class=\"faq-item-question\">\r\n\t\t\t\t\t\t<h3 class=\"faq-item-question-text\">Devo sapere come programmare o hai competenze di programmazione per incorporare il widget Feed di LinkedIn su Squarespace?<\/h3>\r\n\r\n\t\t\t\t\t\t<div class=\"faq-item-question-icon\"><\/div>\r\n\t\t\t\t\t<\/div>\r\n\r\n\t\t\t\t\t<div class=\"faq-item-answer\">\r\n\t\t\t\t\t\t<div class=\"faq-item-answer-text\"><p>No, non le hai. Le competenze di codifica non sono necessarie. Puoi creare e incorporare facilmente il plug-in Feed di LinkedIn nel tuo sito web Squarespace, indipendentemente dal tuo background o dalla tua esperienza con il codice.<\/p> <\/div>\r\n\t\t\t\t\t<\/div>\r\n\t\t\t\t<\/div><\/div><\/div> <div class=\"application-platform-content-item-features application-platform-content-item\" id=\"features\" data-nav-section=\"features\"> <h2>Il widget ha funzionalit\u00e0 utili e facili da aggiungere: controlla alcune di esse:<\/h2> <ul><li>Trasmetti una variet\u00e0 di contenuti: post di blog, foto, clip, ecc.<\/li><li>Filtra widget feed post tramite parole chiave, hashtag o URL.<\/li><li>Aggiungi i pulsanti CTA per aumentare il coinvolgimento sul feed della tua azienda LinkedIn.<\/li><li>Effetto popup dinamico per attirare l&#8217;attenzione sui tuoi contenuti LinkedIn su un sito web pagina.<\/li><li>Personalizzazione senza codice con impostazioni di progettazione avanzate: modelli predefiniti, generatore di combinazioni di colori, cinque layout di tendenza, stili di post, CSS personalizzato e altro ancora.<\/li><\/ul><p><a href=\"#demo\">Puoi provare subito tutte le funzionalit\u00e0 del widget nella demo<\/a><\/p> <\/div> <div class=\"application-platform-content-item-installation application-platform-content-item\" id=\"installation\" data-nav-section=\"installation\"> <h2>Come aggiungere Feed LinkedIn al mio sito web Squarespace?<\/h2> <p>Se desideri aggiungere il widget Feed LinkedIn al tuo sito web Squarespace, segui questi passaggi:<\/p> <ol><li><b>Esegui il nostro configuratore gratuito e inizia a creare il tuo plug-in feed LinkedIn senza codice.<\/b><br> Scegli la forma e le specifiche preferite dello strumento e salva le correzioni.<\/li> <li><b>Fai apparire il tuo codice univoco nella finestra sulle app Elfsight.<\/b><br> Una volta completata la configurazione del plug-in, copia il codice del singolo widget nella finestra visualizzata e conservalo per occasioni future.<\/li> <li><b>Inizia a utilizzare lo strumento sul tuo sito web Squarespace.<\/b><br> Aggiungi il codice copiato in precedenza al tuo sito web e applica le modifiche.<\/li> <li><b>La configurazione \u00e8 completamente completata.<\/b><br> Vai a il tuo sito web per verificare le prestazioni del widget Feed di LinkedIn.<\/li><\/ol> <p>Se riscontri alcuni problemi con il processo di incorporamento, non esitare a contattare il nostro personale del servizio clienti. Il nostro personale sar\u00e0 entusiasta di aiutarti con tutte le difficolt\u00e0 che potresti incontrare con il plug-in Feed LinkedIn senza codice per i siti Web Squarespace.<\/p> <\/div>\n","protected":false},"excerpt":{"rendered":"","protected":false},"author":9,"featured_media":0,"parent":3122,"menu_order":0,"comment_status":"closed","ping_status":"closed","template":"templates\/template-application-platform.php","meta":{"publish_to_discourse":"","publish_post_category":"","wpdc_auto_publish_overridden":"","wpdc_topic_tags":"","wpdc_pin_topic":"","wpdc_pin_until":"","discourse_post_id":"","discourse_permalink":"","wpdc_publishing_response":"","wpdc_publishing_error":"","footnotes":""},"class_list":["post-4957","page","type-page","status-publish","hentry"],"yoast_head":"<!-- This site is optimized with the Yoast SEO plugin v25.3.1 - https:\/\/yoast.com\/wordpress\/plugins\/seo\/ -->\n<title>Feed di LinkedIn: aggiungi il plug-in Feed a Squarespace [gratuitamente!]<\/title>\n<meta name=\"description\" content=\"Incorpora il plug-in Feed LinkedIn senza codifica nel tuo sito web Squarespace. Costruisci il tuo widget utilizzando una demo live e modelli predefiniti per avere una forte prova sociale.\" \/>\n<meta name=\"robots\" content=\"index, follow, max-snippet:-1, max-image-preview:large, max-video-preview:-1\" \/>\n<link rel=\"canonical\" href=\"https:\/\/elfsight.com\/it\/linkedin-feed-widget\/squarespace\/\" \/>\n<meta property=\"og:locale\" content=\"it_IT\" \/>\n<meta property=\"og:type\" content=\"article\" \/>\n<meta property=\"og:title\" content=\"Feed di LinkedIn: aggiungi il plug-in Feed a Squarespace [gratuitamente!]\" \/>\n<meta property=\"og:description\" content=\"Incorpora il plug-in Feed LinkedIn senza codifica nel tuo sito web Squarespace. Costruisci il tuo widget utilizzando una demo live e modelli predefiniti per avere una forte prova sociale.\" \/>\n<meta property=\"og:url\" content=\"https:\/\/elfsight.com\/it\/linkedin-feed-widget\/squarespace\/\" \/>\n<meta property=\"og:site_name\" content=\"Elfsight IT\" \/>\n<meta property=\"article:modified_time\" content=\"2025-03-17T15:01:54+00:00\" \/>\n<meta name=\"twitter:card\" content=\"summary_large_image\" \/>\n<meta name=\"twitter:label1\" content=\"Tempo di lettura stimato\" \/>\n\t<meta name=\"twitter:data1\" content=\"5 minuti\" \/>\n<!-- \/ Yoast SEO plugin. -->","yoast_head_json":{"title":"Feed di LinkedIn: aggiungi il plug-in Feed a Squarespace [gratuitamente!]","description":"Incorpora il plug-in Feed LinkedIn senza codifica nel tuo sito web Squarespace. Costruisci il tuo widget utilizzando una demo live e modelli predefiniti per avere una forte prova sociale.","robots":{"index":"index","follow":"follow","max-snippet":"max-snippet:-1","max-image-preview":"max-image-preview:large","max-video-preview":"max-video-preview:-1"},"canonical":"https:\/\/elfsight.com\/it\/linkedin-feed-widget\/squarespace\/","og_locale":"it_IT","og_type":"article","og_title":"Feed di LinkedIn: aggiungi il plug-in Feed a Squarespace [gratuitamente!]","og_description":"Incorpora il plug-in Feed LinkedIn senza codifica nel tuo sito web Squarespace. Costruisci il tuo widget utilizzando una demo live e modelli predefiniti per avere una forte prova sociale.","og_url":"https:\/\/elfsight.com\/it\/linkedin-feed-widget\/squarespace\/","og_site_name":"Elfsight IT","article_modified_time":"2025-03-17T15:01:54+00:00","twitter_card":"summary_large_image","twitter_misc":{"Tempo di lettura stimato":"5 minuti"},"schema":{"@context":"https:\/\/schema.org","@graph":[{"@type":"WebPage","@id":"https:\/\/elfsight.com\/it\/linkedin-feed-widget\/squarespace\/","url":"https:\/\/elfsight.com\/it\/linkedin-feed-widget\/squarespace\/","name":"Feed di LinkedIn: aggiungi il plug-in Feed a Squarespace [gratuitamente!]","isPartOf":{"@id":"https:\/\/elfsight.com\/it\/#website"},"datePublished":"2024-05-03T06:40:33+00:00","dateModified":"2025-03-17T15:01:54+00:00","description":"Incorpora il plug-in Feed LinkedIn senza codifica nel tuo sito web Squarespace. Costruisci il tuo widget utilizzando una demo live e modelli predefiniti per avere una forte prova sociale.","breadcrumb":{"@id":"https:\/\/elfsight.com\/it\/linkedin-feed-widget\/squarespace\/#breadcrumb"},"inLanguage":"it-IT","potentialAction":[{"@type":"ReadAction","target":["https:\/\/elfsight.com\/it\/linkedin-feed-widget\/squarespace\/"]}]},{"@type":"BreadcrumbList","@id":"https:\/\/elfsight.com\/it\/linkedin-feed-widget\/squarespace\/#breadcrumb","itemListElement":[{"@type":"ListItem","position":1,"name":"Home","item":"https:\/\/elfsight.com\/it\/"},{"@type":"ListItem","position":2,"name":"LinkedIn Feed","item":"https:\/\/elfsight.com\/it\/linkedin-feed-widget\/"},{"@type":"ListItem","position":3,"name":"LinkedIn Feed &#8211; Squarespace"}]},{"@type":"WebSite","@id":"https:\/\/elfsight.com\/it\/#website","url":"https:\/\/elfsight.com\/it\/","name":"Elfsight IT","description":"Just another Elfsight Sites site","potentialAction":[{"@type":"SearchAction","target":{"@type":"EntryPoint","urlTemplate":"https:\/\/elfsight.com\/it\/?s={search_term_string}"},"query-input":{"@type":"PropertyValueSpecification","valueRequired":true,"valueName":"search_term_string"}}],"inLanguage":"it-IT"}]}},"meta_box":{"industry":"","seo_heading":"","heading":"","description":"","cta_heading":"","cta_description":"","application":"3109","h1":"Come incorporare gratuitamente il feed LinkedIn su Squarespace!","h1_caption":"Visualizza i post dal tuo profilo LinkedIn o dalla pagina aziendale sul tuo sito web, migliorando facilmente la tua presenza online professionale nel tuo sito web Squarespace.","application_category":[],"applications_title":"","applications_request_title":"","applications_request_button_text":"","hero_text":"","hero_video":"","hero_video_schema_markup":"","selling_points_title":"","selling_points_caption":"","selling_points":[],"selling_points_cta_text":"","features_title":"","features":"","ed_cta_examples_text":"","ed_cta_examples_hidden":"","ed_cta_demo_text":"","ed_cta_demo_hidden":"","why_caption":"","why_editor_title":"","why_editor_text":"","why_team_title":"","why_team_text":"","why_service_title":"","why_service_text":"","template_catalog_visible":"0","template_catalog_title":"","template_catalog_text":"","template_catalog_categories_visible":"","demo_title":"Crea il tuo plug-in Feed LinkedIn","demo_caption":"Configura il tuo feed LinkedIn e aggiungilo gratuitamente al tuo sito web Squarespace!","default_faq_hidden":"","app_template_category":[],"platform":"43","template_public_id":"","codecanyon_url":"","codecanyon_item_id":"","codecanyon_price":"","pricing_caption":"","pricing_elfsight_apps_hide_column":"","pricing_elfsight_apps_url":"","pricing_codecanyon_price_caption":"","integration_category":[],"integration_request_title":"","integration_request_cta":"","integration_platform":"","integrations":[],"platform_category":[],"video_schema_markup":"","price":"da $ 0 al mese","trial":"","benefits":[{"text":"Assistenza gratuita per l'installazione"},{"text":"Supporto eccezionale"},{"text":"Garanzia di rimborso di 14 giorni"},{"text":"Aggiornamenti gratuiti regolari"}],"button_url":"#demo","button_target_blank":"0","button_nofollow":"0","attributes":[{"name":"Installazioni"},{"name":"Reattivo","content":"S\u00cc"},{"name":"Browser compatibili","content":"IE11, Firefox, Safari, Opera, Chrome, Edge"}],"tags":[],"tags_disable_links":"0","hide_more_platforms":"0","video_object":"","demo_hide_cta":"0","demo_hide_cloud_options":"0","pricing_title":"","pricing":[{"pricing_icon":"platform","pricing_title":"Elfsight Apps","pricing_title_caption":"Versione multipiattaforma che funziona su qualsiasi sito web","pricing_price":"da $ 0 \/ mese","pricing_price_caption":"inizia con un piano gratuito","pricing_benefits":[{"text":"Siti web illimitati"},{"text":"Assistenza clienti dedicata"},{"text":"Assistenza per l'installazione gratuita"},{"text":"Progettazione flessibile"}],"pricing_button_text":"Aggiungi al sito web","pricing_button_url":"#demo"}],"related_apps_title":"","related_apps_hidden":"0","author":"","image":[],"title":"","job":"","social_networks":[]},"_links":{"self":[{"href":"https:\/\/elfsight.com\/it\/wp-json\/wp\/v2\/pages\/4957","targetHints":{"allow":["GET"]}}],"collection":[{"href":"https:\/\/elfsight.com\/it\/wp-json\/wp\/v2\/pages"}],"about":[{"href":"https:\/\/elfsight.com\/it\/wp-json\/wp\/v2\/types\/page"}],"author":[{"embeddable":true,"href":"https:\/\/elfsight.com\/it\/wp-json\/wp\/v2\/users\/9"}],"replies":[{"embeddable":true,"href":"https:\/\/elfsight.com\/it\/wp-json\/wp\/v2\/comments?post=4957"}],"version-history":[{"count":3,"href":"https:\/\/elfsight.com\/it\/wp-json\/wp\/v2\/pages\/4957\/revisions"}],"predecessor-version":[{"id":8970,"href":"https:\/\/elfsight.com\/it\/wp-json\/wp\/v2\/pages\/4957\/revisions\/8970"}],"up":[{"embeddable":true,"href":"https:\/\/elfsight.com\/it\/wp-json\/wp\/v2\/pages\/3122"}],"wp:attachment":[{"href":"https:\/\/elfsight.com\/it\/wp-json\/wp\/v2\/media?parent=4957"}],"curies":[{"name":"wp","href":"https:\/\/api.w.org\/{rel}","templated":true}]}}