{"id":4955,"date":"2024-05-03T06:40:31","date_gmt":"2024-05-03T06:40:31","guid":{"rendered":"https:\/\/elfsight.com\/it\/?page_id=4955"},"modified":"2025-03-17T12:46:43","modified_gmt":"2025-03-17T12:46:43","slug":"jquery","status":"publish","type":"page","link":"https:\/\/elfsight.com\/it\/linkedin-feed-widget\/jquery\/","title":{"rendered":"LinkedIn Feed &#8211; jQuery"},"content":{"rendered":"\n<div class=\"application-platform-content-item-description application-platform-content-item\" id=\"description\" data-nav-section=\"description\"> <h2>Incorpora gratuitamente il feed LinkedIn su jQuery!<\/h2> <p>Il widget Feed LinkedIn \u00e8 la soluzione ideale per le aziende per condividere e promuovere i loro contenuti LinkedIn sui siti Web jQuery: visualizzazione di post, immagini, clip, ecc. L&#8217;installazione del plug-in richiede alcuni minuti: non \u00e8 richiesta alcuna conoscenza di codifica o tecnica. <\/p> <p>Crea uno stile di feed che soddisfi le preferenze del tuo sito web e segui le tendenze giocando con attributi di feed personalizzati, modelli, layout e stili di post. Aggiungi una modalit\u00e0 popup come azione post-clic per attirare l&#8217;attenzione degli utenti. Infine, goditi la fiducia suscitata e maggiori opportunit\u00e0 di branding.<\/p> <ul><li><strong>Migliora i tuoi canali di networking con la pagina aziendale di LinkedIn.<\/strong><br>Stimola nuove connessioni nel mondo del commercio e aumenta la generazione di lead utilizzando i contenuti del tuo profilo LinkedIn.<\/li><li><strong>Fai crescere la tua base di pubblico su LinkedIn.<\/strong> <br>Attira l&#8217;attenzione sul tuo LinkedIn all&#8217;interno della comunit\u00e0 del sito Web jQuery e promuovi un interesse significativo per il tuo servizi.<\/li><li><strong>Migliora l&#8217;autenticit\u00e0 della tua attivit\u00e0.<\/strong> <br>Aggiungi al tuo marchio un ulteriore impulso in credibilit\u00e0 e affidabilit\u00e0 integrando l&#8217;attivit\u00e0 pi\u00f9 recente di LinkedIn direttamente nella pagina del sito web. <\/li><\/ul><p><b>Incorpora il plug-in LinkedIn Feed senza codice nel sito Web jQuery per creare affidabilit\u00e0, promuovere l&#8217;autenticit\u00e0 e ampliare le opportunit\u00e0 di networking con solide prove sociali.<\/b><\/p> <div class=\"faq\" data-component=\"FAQ\"><div class=\"faq-item\">\r\n\t\t\t\t\t<div class=\"faq-item-question\">\r\n\t\t\t\t\t\t<h3 class=\"faq-item-question-text\">Esistono altri strumenti per jQuery che posso utilizzare sul mio sito web? <\/h3>\r\n\r\n\t\t\t\t\t\t<div class=\"faq-item-question-icon\"><\/div>\r\n\t\t\t\t\t<\/div>\r\n\r\n\t\t\t\t\t<div class=\"faq-item-answer\">\r\n\t\t\t\t\t\t<div class=\"faq-item-answer-text\"><p>S\u00ec, certamente! Come utente jQuery, puoi ottenere un&#8217;ampia selezione di strumenti senza codice da Elfsight da aggiungere al tuo sito web, incluso il plug-in Feed di LinkedIn. Indipendentemente dal tipo di attivit\u00e0 o dalla nicchia nel settore, ci sono sempre opportunit\u00e0 per mostrare i propri punti di forza. Ad esempio: <\/p><ul><li>Per creare qualsiasi altra app di social media per il tuo sito web jQuery, considera l&#8217;utilizzo di <a href=\"https:\/\/elfsight.com\/it\/pinterest-feed-widget\/\">Pinterest Feed<\/a> o widget <a href=\"https:\/\/elfsight.com\/it\/instagram-feed-instashow\/\">Feed di Instagram<\/a> insieme al feed di LinkedIn. <\/li><li>Approfitta delle <a href=\"https:\/\/elfsight.com\/it\/all-in-one-reviews-widget\/\">recensioni tutto in uno<\/a> o delle <a href>Google Recensioni<\/a> per visualizzare il feedback dei clienti. <\/li><li>Incorpora il <a href=\"https:\/\/elfsight.com\/it\/online-form-builder\/\">Form Builder<\/a> per semplificare la raccolta delle risposte e consentire ai tuoi utenti jQuery di contattarti. <\/li> <li>Aggiungi il <a href=\"https:\/\/elfsight.com\/it\/countdown-timer-widget\/\">Timer per il conto alla rovescia<\/a> per creare entusiasmo e creare un senso di scarsit\u00e0 tra il pubblico. <\/li><\/ul><p>Questi esempi sono solo la superficie di un lungo elenco di aggiunte che possono soddisfare le tue esigenze aziendali. Inizia con il feed LinkedIn senza codice e successivamente esplora il restante assortimento di widget nel nostro catalogo! <\/p><\/div>\r\n\t\t\t\t\t<\/div>\r\n\t\t\t\t<\/div><div class=\"faq-item\">\r\n\t\t\t\t\t<div class=\"faq-item-question\">\r\n\t\t\t\t\t\t<h3 class=\"faq-item-question-text\">Come incorporare gratuitamente il feed di LinkedIn su jQuery? <\/h3>\r\n\r\n\t\t\t\t\t\t<div class=\"faq-item-question-icon\"><\/div>\r\n\t\t\t\t\t<\/div>\r\n\r\n\t\t\t\t\t<div class=\"faq-item-answer\">\r\n\t\t\t\t\t\t<div class=\"faq-item-answer-text\"><p>Per aggiungere gratuitamente il widget del feed di LinkedIn al tuo sito Web jQuery, procedi come segue: <\/p> <ol><li>Personalizza l&#8217;aspetto del plug-in Feed di LinkedIn senza codice per adattarlo alla tua estetica. <\/li><li>Accedi al tuo pannello dashboard Elfsight o crea un account gratuito. <\/li><li>Ottieni il codice di incorporamento univoco da aggiungere. <\/li><li>Vai al tuo sito web jQuery. <\/li><li>Inserisci il codice nel tuo costruttore di siti web jQuery per aggiungere il widget Feed di LinkedIn. \u00c8 cos\u00ec semplice! <\/li><\/ol><p>Come evidente dal contesto, non \u00e8 necessario eccellere nella scrittura del codice per incorporare il plugin. Crea facilmente un widget Feed LinkedIn per un sito Web jQuery e goditi tutti i vantaggi che ne derivano ampliando il tuo pubblico. <\/p><\/div>\r\n\t\t\t\t\t<\/div>\r\n\t\t\t\t<\/div><div class=\"faq-item\">\r\n\t\t\t\t\t<div class=\"faq-item-question\">\r\n\t\t\t\t\t\t<h3 class=\"faq-item-question-text\">Devo sapere come programmare o avere competenze di programmazione per aggiungere il plugin LinkedIn Feed al sito web jQuery? <\/h3>\r\n\r\n\t\t\t\t\t\t<div class=\"faq-item-question-icon\"><\/div>\r\n\t\t\t\t\t<\/div>\r\n\r\n\t\t\t\t\t<div class=\"faq-item-answer\">\r\n\t\t\t\t\t\t<div class=\"faq-item-answer-text\"><p>Niente affatto. La conoscenza della programmazione non \u00e8 un must. Puoi creare e aggiungere facilmente il plug-in Feed di LinkedIn al tuo sito Web jQuery, indipendentemente dalla tua familiarit\u00e0 o esperienza nella codifica. <\/p> <\/div>\r\n\t\t\t\t\t<\/div>\r\n\t\t\t\t<\/div><\/div><div class=\"application-platform-content-item-features application-platform-content-item\" id=\"features\" data-nav-section=\"features\"><\/div> <h2>Esplora l&#8217;elenco delle funzionalit\u00e0 widget pi\u00f9 utili: <\/h2> <ul><li>Visualizza diversi tipi di contenuti LinkedIn: post di blog, foto, video, ecc. <\/li><li>Filtra i post dei feed per parole chiave, hashtag o URL. <\/li><li>Pulsanti di invito all&#8217;azione per aumentare il coinvolgimento sul feed LinkedIn della tua azienda. <\/li><li>Effetto popup dinamico per attirare l&#8217;attenzione sui tuoi contenuti LinkedIn. <\/li><li>Personalizzazione senza codice con impostazioni di progettazione avanzate: modelli predefiniti, generatore di combinazioni di colori, design di layout multipli, stili di post, CSS personalizzati e altro ancora. <\/li><\/ul><p><a href=\"#demo\">Prova tutte le funzionalit\u00e0 di personalizzazione nella demo completa del widget<\/a><\/p> <\/div> <div class=\"application-platform-content-item-installation  application-platform-content-item\" id=\"installation \" data-nav-section=\"installation \"> <h2>Come aggiungere il feed LinkedIn al mio sito Web jQuery? <\/h2> <p>Per aggiungere il plug-in Feed di LinkedIn al tuo sito Web jQuery, esegui le seguenti azioni: <\/p> <ol><li><b>Utilizza la nostra demo gratuita e inizia a creare il tuo LinkedIn senza codice Plug-in di alimentazione. <\/b><br> Scegli il layout e le specifiche desiderati del widget e salva le correzioni. <\/li> <li><b>Ottieni il codice univoco che appare nella finestra su Elfsight Apps. <\/b><br> Una volta completata la creazione del tuo plugin personale, copia il codice esclusivo nel popup e salvalo per un ulteriore utilizzo. <\/li> <li><b>Inizia a utilizzare il widget sul tuo sito web jQuery. <\/b><br> Incorpora il codice salvato di recente sul tuo sito web e applica le modifiche. <\/li> <li><b>L&#8217;installazione \u00e8 stata eseguita con successo. <\/b><br> Visita il tuo sito web per verificare come funziona il widget Feed di LinkedIn. <\/li><\/ol> <p>In caso di domande o di problemi con l&#8217;aggiunta del widget, non aver paura di contattare il nostro team di supporto. Il nostro personale non vede l&#8217;ora di aiutarti con tutti i problemi che potresti riscontrare con il plug-in Feed di LinkedIn senza codice per i siti Web jQuery.<\/p> <\/div>\n","protected":false},"excerpt":{"rendered":"","protected":false},"author":9,"featured_media":0,"parent":3122,"menu_order":0,"comment_status":"closed","ping_status":"closed","template":"templates\/template-application-platform.php","meta":{"publish_to_discourse":"","publish_post_category":"","wpdc_auto_publish_overridden":"","wpdc_topic_tags":"","wpdc_pin_topic":"","wpdc_pin_until":"","discourse_post_id":"","discourse_permalink":"","wpdc_publishing_response":"","wpdc_publishing_error":"","footnotes":""},"class_list":["post-4955","page","type-page","status-publish","hentry"],"yoast_head":"<!-- This site is optimized with the Yoast SEO plugin v25.3.1 - https:\/\/yoast.com\/wordpress\/plugins\/seo\/ -->\n<title>Feed LinkedIn - Aggiungi il plugin Feed a jQuery [gratuitamente!]<\/title>\n<meta name=\"description\" content=\"Incorpora il plug-in Feed LinkedIn senza codifica nel tuo sito Web jQuery. Costruisci il tuo widget utilizzando una demo live e modelli predefiniti per avere una forte prova sociale.\" \/>\n<meta name=\"robots\" content=\"index, follow, max-snippet:-1, max-image-preview:large, max-video-preview:-1\" \/>\n<link rel=\"canonical\" href=\"https:\/\/elfsight.com\/it\/linkedin-feed-widget\/jquery\/\" \/>\n<meta property=\"og:locale\" content=\"it_IT\" \/>\n<meta property=\"og:type\" content=\"article\" \/>\n<meta property=\"og:title\" content=\"Feed LinkedIn - Aggiungi il plugin Feed a jQuery [gratuitamente!]\" \/>\n<meta property=\"og:description\" content=\"Incorpora il plug-in Feed LinkedIn senza codifica nel tuo sito Web jQuery. Costruisci il tuo widget utilizzando una demo live e modelli predefiniti per avere una forte prova sociale.\" \/>\n<meta property=\"og:url\" content=\"https:\/\/elfsight.com\/it\/linkedin-feed-widget\/jquery\/\" \/>\n<meta property=\"og:site_name\" content=\"Elfsight IT\" \/>\n<meta property=\"article:modified_time\" content=\"2025-03-17T12:46:43+00:00\" \/>\n<meta name=\"twitter:card\" content=\"summary_large_image\" \/>\n<meta name=\"twitter:label1\" content=\"Tempo di lettura stimato\" \/>\n\t<meta name=\"twitter:data1\" content=\"5 minuti\" \/>\n<!-- \/ Yoast SEO plugin. -->","yoast_head_json":{"title":"Feed LinkedIn - Aggiungi il plugin Feed a jQuery [gratuitamente!]","description":"Incorpora il plug-in Feed LinkedIn senza codifica nel tuo sito Web jQuery. Costruisci il tuo widget utilizzando una demo live e modelli predefiniti per avere una forte prova sociale.","robots":{"index":"index","follow":"follow","max-snippet":"max-snippet:-1","max-image-preview":"max-image-preview:large","max-video-preview":"max-video-preview:-1"},"canonical":"https:\/\/elfsight.com\/it\/linkedin-feed-widget\/jquery\/","og_locale":"it_IT","og_type":"article","og_title":"Feed LinkedIn - Aggiungi il plugin Feed a jQuery [gratuitamente!]","og_description":"Incorpora il plug-in Feed LinkedIn senza codifica nel tuo sito Web jQuery. Costruisci il tuo widget utilizzando una demo live e modelli predefiniti per avere una forte prova sociale.","og_url":"https:\/\/elfsight.com\/it\/linkedin-feed-widget\/jquery\/","og_site_name":"Elfsight IT","article_modified_time":"2025-03-17T12:46:43+00:00","twitter_card":"summary_large_image","twitter_misc":{"Tempo di lettura stimato":"5 minuti"},"schema":{"@context":"https:\/\/schema.org","@graph":[{"@type":"WebPage","@id":"https:\/\/elfsight.com\/it\/linkedin-feed-widget\/jquery\/","url":"https:\/\/elfsight.com\/it\/linkedin-feed-widget\/jquery\/","name":"Feed LinkedIn - Aggiungi il plugin Feed a jQuery [gratuitamente!]","isPartOf":{"@id":"https:\/\/elfsight.com\/it\/#website"},"datePublished":"2024-05-03T06:40:31+00:00","dateModified":"2025-03-17T12:46:43+00:00","description":"Incorpora il plug-in Feed LinkedIn senza codifica nel tuo sito Web jQuery. Costruisci il tuo widget utilizzando una demo live e modelli predefiniti per avere una forte prova sociale.","breadcrumb":{"@id":"https:\/\/elfsight.com\/it\/linkedin-feed-widget\/jquery\/#breadcrumb"},"inLanguage":"it-IT","potentialAction":[{"@type":"ReadAction","target":["https:\/\/elfsight.com\/it\/linkedin-feed-widget\/jquery\/"]}]},{"@type":"BreadcrumbList","@id":"https:\/\/elfsight.com\/it\/linkedin-feed-widget\/jquery\/#breadcrumb","itemListElement":[{"@type":"ListItem","position":1,"name":"Home","item":"https:\/\/elfsight.com\/it\/"},{"@type":"ListItem","position":2,"name":"LinkedIn Feed","item":"https:\/\/elfsight.com\/it\/linkedin-feed-widget\/"},{"@type":"ListItem","position":3,"name":"LinkedIn Feed &#8211; jQuery"}]},{"@type":"WebSite","@id":"https:\/\/elfsight.com\/it\/#website","url":"https:\/\/elfsight.com\/it\/","name":"Elfsight IT","description":"Just another Elfsight Sites site","potentialAction":[{"@type":"SearchAction","target":{"@type":"EntryPoint","urlTemplate":"https:\/\/elfsight.com\/it\/?s={search_term_string}"},"query-input":{"@type":"PropertyValueSpecification","valueRequired":true,"valueName":"search_term_string"}}],"inLanguage":"it-IT"}]}},"meta_box":{"industry":"","seo_heading":"","heading":"","description":"","cta_heading":"","cta_description":"","application":"3109","h1":"Come incorporare gratuitamente il feed LinkedIn su jQuery!","h1_caption":"Visualizza i post dal tuo profilo LinkedIn o dalla pagina aziendale sul tuo sito web, migliorando facilmente la tua presenza online professionale nel tuo sito web jQuery.","application_category":[],"applications_title":"","applications_request_title":"","applications_request_button_text":"","hero_text":"","hero_video":"","hero_video_schema_markup":"","selling_points_title":"","selling_points_caption":"","selling_points":[],"selling_points_cta_text":"","features_title":"","features":"","ed_cta_examples_text":"","ed_cta_examples_hidden":"","ed_cta_demo_text":"","ed_cta_demo_hidden":"","why_caption":"","why_editor_title":"","why_editor_text":"","why_team_title":"","why_team_text":"","why_service_title":"","why_service_text":"","template_catalog_visible":"0","template_catalog_title":"","template_catalog_text":"","template_catalog_categories_visible":"","demo_title":"Crea il tuo plug-in Feed LinkedIn","demo_caption":"Configura il tuo feed LinkedIn e aggiungilo gratuitamente al tuo sito Web jQuery!","default_faq_hidden":"","app_template_category":[],"platform":"37","template_public_id":"","codecanyon_url":"","codecanyon_item_id":"","codecanyon_price":"","pricing_caption":"","pricing_elfsight_apps_hide_column":"","pricing_elfsight_apps_url":"","pricing_codecanyon_price_caption":"","integration_category":[],"integration_request_title":"","integration_request_cta":"","integration_platform":"","integrations":[],"platform_category":[],"video_schema_markup":"","price":"da $ 0 al mese","trial":"","benefits":[{"text":"Aiuto per l'installazione gratuito"},{"text":"Servizio clienti efficace"},{"text":"Garanzia di rimborso di 14 giorni"},{"text":"Aggiornamenti futuri"}],"button_url":"#demo","button_target_blank":"0","button_nofollow":"0","attributes":[{"name":"Installazioni"},{"name":"Reattivo","content":"S\u00cc"},{"name":"Browser compatibili","content":"Firefox, Safari, Opera, Chrome, Edge"}],"tags":[],"tags_disable_links":"0","hide_more_platforms":"0","video_object":"","demo_hide_cta":"0","demo_hide_cloud_options":"0","pricing_title":"","pricing":[{"pricing_icon":"platform","pricing_title":"Elfsight Apps","pricing_title_caption":"Versione multipiattaforma adatta a qualsiasi sito web","pricing_price":"da $ 0 \/ mese","pricing_price_caption":"Inizia con un piano gratuito","pricing_benefits":[{"text":"Siti web illimitati"},{"text":"Supporto 24 ore su 24, 7 giorni su 7 e ben documentato"},{"text":"Assistenza per l'installazione gratuita"},{"text":"Completamente personalizzabile"}],"pricing_button_text":"Aggiungi al sito web","pricing_button_url":"#demo"}],"related_apps_title":"","related_apps_hidden":"0","author":"","image":[],"title":"","job":"","social_networks":[]},"_links":{"self":[{"href":"https:\/\/elfsight.com\/it\/wp-json\/wp\/v2\/pages\/4955","targetHints":{"allow":["GET"]}}],"collection":[{"href":"https:\/\/elfsight.com\/it\/wp-json\/wp\/v2\/pages"}],"about":[{"href":"https:\/\/elfsight.com\/it\/wp-json\/wp\/v2\/types\/page"}],"author":[{"embeddable":true,"href":"https:\/\/elfsight.com\/it\/wp-json\/wp\/v2\/users\/9"}],"replies":[{"embeddable":true,"href":"https:\/\/elfsight.com\/it\/wp-json\/wp\/v2\/comments?post=4955"}],"version-history":[{"count":2,"href":"https:\/\/elfsight.com\/it\/wp-json\/wp\/v2\/pages\/4955\/revisions"}],"predecessor-version":[{"id":8958,"href":"https:\/\/elfsight.com\/it\/wp-json\/wp\/v2\/pages\/4955\/revisions\/8958"}],"up":[{"embeddable":true,"href":"https:\/\/elfsight.com\/it\/wp-json\/wp\/v2\/pages\/3122"}],"wp:attachment":[{"href":"https:\/\/elfsight.com\/it\/wp-json\/wp\/v2\/media?parent=4955"}],"curies":[{"name":"wp","href":"https:\/\/api.w.org\/{rel}","templated":true}]}}