{"id":4954,"date":"2024-05-03T06:40:30","date_gmt":"2024-05-03T06:40:30","guid":{"rendered":"https:\/\/elfsight.com\/it\/?page_id=4954"},"modified":"2025-03-17T13:12:27","modified_gmt":"2025-03-17T13:12:27","slug":"opencart","status":"publish","type":"page","link":"https:\/\/elfsight.com\/it\/linkedin-feed-widget\/opencart\/","title":{"rendered":"LinkedIn Feed &#8211; OpenCart"},"content":{"rendered":"\n<div class=\"application-platform-content-item-description application-platform-content-item\" id=\"description\" data-nav-section=\"description\"> <h2>Incorpora gratuitamente il feed LinkedIn su OpenCart!<\/h2> <p>Il widget Feed LinkedIn \u00e8 creato appositamente per le aziende per trasmettere e promuovere i propri Contenuti LinkedIn sui siti Web OpenCart: visualizzazione di post, immagini, video, ecc. L&#8217;installazione del widget \u00e8 semplice: non sono necessarie competenze di codifica o tecniche.<\/p> <p>Crea un aspetto adatto alle esigenze del tuo sito Web e rimani fedele- al marchio abbinando attributi di feed personalizzati, modelli, layout e stili di post. Aggiungi un effetto popup come azione post-clic per attirare l&#8217;attenzione degli utenti. E infine, goditi la fiducia suscitata e un migliore tasso di coinvolgimento. <\/p> <ul><li><strong>Aumenta la portata della tua rete con la pagina aziendale di LinkedIn.<\/strong><br>Stimola nuove relazioni in ambito aziendale e amplifica la generazione di lead utilizzando i contenuti del tuo profilo LinkedIn. <\/li><li><strong>Aumenta le dimensioni del tuo pubblico su LinkedIn.<\/strong> <br>Evidenzia la tua presenza su LinkedIn nella comunit\u00e0 di utenti del sito Web OpenCart e suscita un interesse significativo per le tue offerte. <\/li><li><strong>Aumenta l&#8217;autenticit\u00e0 della tua attivit\u00e0.<\/strong> <br>Dai al tuo marchio un ulteriore impulso in credibilit\u00e0 e affidabilit\u00e0 mostrando le ultime attivit\u00e0 di LinkedIn direttamente sulla pagina del sito web.<\/li> <\/ul><p><b>Aggiungi il plug-in Feed LinkedIn senza codice al sito Web OpenCart per promuovere l&#8217;affidabilit\u00e0, incarnare l&#8217;autenticit\u00e0 ed estendere il networking attraverso una solida convalida sociale. <\/b><\/p> <div class=\"faq\" data-component=\"FAQ\"><div class=\"faq-item\">\r\n\t\t\t\t\t<div class=\"faq-item-question\">\r\n\t\t\t\t\t\t<h3 class=\"faq-item-question-text\">Ci sono altri strumenti per OpenCart che posso utilizzare sul mio sito web? <\/h3>\r\n\r\n\t\t\t\t\t\t<div class=\"faq-item-question-icon\"><\/div>\r\n\t\t\t\t\t<\/div>\r\n\r\n\t\t\t\t\t<div class=\"faq-item-answer\">\r\n\t\t\t\t\t\t<div class=\"faq-item-answer-text\"><p>S\u00ec, certamente! Come utente del sito Web OpenCart, Elfsight ti offre dozzine di strumenti senza codice da aggiungere, incluso il plug-in Feed di LinkedIn. Indipendentemente dal tipo di attivit\u00e0 o dalla nicchia nel settore, \u00e8 sempre utile cercare opportunit\u00e0 per mostrare i propri punti di forza. Ecco alcune possibilit\u00e0: <\/p><ul><li>Per creare qualsiasi altra app di social media per il tuo sito Web OpenCart simile al feed di LinkedIn, valuta la possibilit\u00e0 di sperimentare <a href=\"https:\/\/elfsight.com\/it\/pinterest-feed-widget\/\">Feed di Pinterest<\/a> o widget <a href=\"https:\/\/elfsight.com\/it\/instagram-feed-instashow\/\">Feed di Instagram<\/a>. <\/li><li>Scegli le <a href=\"https:\/\/elfsight.com\/it\/all-in-one-reviews-widget\/\">recensioni tutto in uno<\/a> o <a href=\"https:\/\/elfsight.com\/it\/google-reviews-widget\/\">Google Recensioni<\/a> per visualizzare preziosi feedback dei clienti. <\/li><li>Incorpora il widget <a href=\"https:\/\/elfsight.com\/it\/online-form-builder\/\">Form Builder<\/a> per semplificare la raccolta delle risposte e abilitare le interazioni degli utenti sul tuo sito web OpenCart. <\/li> <li>Aggiungi il <a href=\"https:\/\/elfsight.com\/it\/countdown-timer-widget\/\">Timer per il conto alla rovescia<\/a> per favorire il coinvolgimento e creare un senso di urgenza tra il pubblico. <\/li><\/ul><p>E ricorda, questi sono solo alcuni esempi di incorporamento. Esplora il nostro ampio catalogo di widget di siti Web dopo aver implementato il plug-in Feed LinkedIn senza codice per scoprire ancora pi\u00f9 modi per soddisfare le tue specifiche esigenze aziendali! <\/p><\/div>\r\n\t\t\t\t\t<\/div>\r\n\t\t\t\t<\/div><div class=\"faq-item\">\r\n\t\t\t\t\t<div class=\"faq-item-question\">\r\n\t\t\t\t\t\t<h3 class=\"faq-item-question-text\">Come incorporare gratuitamente il feed di LinkedIn su OpenCart? <\/h3>\r\n\r\n\t\t\t\t\t\t<div class=\"faq-item-question-icon\"><\/div>\r\n\t\t\t\t\t<\/div>\r\n\r\n\t\t\t\t\t<div class=\"faq-item-answer\">\r\n\t\t\t\t\t\t<div class=\"faq-item-answer-text\"><p>Se desideri aggiungere gratuitamente il feed del plug-in LinkedIn al tuo sito Web OpenCart, procedi nel seguente modo: <\/p> <ol><li>Personalizza l&#8217;aspetto del widget Feed di LinkedIn in base alle tue preferenze. <\/li><li>Accedi al pannello dashboard Elfsight o crea un account gratuito. <\/li><li>Ricevi il codice di installazione generato da incorporare. <\/li><li>Vai al tuo sito web OpenCart. <\/li><li>Inserisci il codice nell&#8217;editor del tuo sito web OpenCart per aggiungere il widget Feed di LinkedIn. Hai finito! <\/li><\/ol><p>Come evidente dal contesto, non \u00e8 necessario eccellere nella scrittura del codice per incorporare il plugin. Crea facilmente il widget Feed LinkedIn senza codice per il sito Web OpenCart e goditi i vari vantaggi che derivano dall&#8217;espansione della tua portata. <\/p><\/div>\r\n\t\t\t\t\t<\/div>\r\n\t\t\t\t<\/div><div class=\"faq-item\">\r\n\t\t\t\t\t<div class=\"faq-item-question\">\r\n\t\t\t\t\t\t<h3 class=\"faq-item-question-text\">Devo sapere come programmare o avere competenze di programmazione per incorporare il feed di LinkedIn su OpenCart? <\/h3>\r\n\r\n\t\t\t\t\t\t<div class=\"faq-item-question-icon\"><\/div>\r\n\t\t\t\t\t<\/div>\r\n\r\n\t\t\t\t\t<div class=\"faq-item-answer\">\r\n\t\t\t\t\t\t<div class=\"faq-item-answer-text\"><p>No. La conoscenza della codifica non \u00e8 un requisito. Hai la piena capacit\u00e0 di aggiungere e visualizzare il plug-in Feed di LinkedIn sul tuo sito Web OpenCart, indipendentemente dal tuo background precedente o dalla conoscenza del codice. <\/p> <\/div>\r\n\t\t\t\t\t<\/div>\r\n\t\t\t\t<\/div><\/div><div class=\"application-platform-content-item-features application-platform-content-item\" id=\"features\" data-nav-section=\"features\"><\/div> <h2>Le funzionalit\u00e0 essenziali del widget includono<\/h2> <ul><li>Promuovere diversi tipi di contenuti: post di blog, immagini, clip , ecc. <\/li><li>Filtra i post dei feed per parole chiave, hashtag o URL. <\/li><li>Pulsanti di invito all&#8217;azione per migliorare il tasso di coinvolgimento sul feed della tua azienda LinkedIn. <\/li><li>Aggiungi l&#8217;accattivante modalit\u00e0 popup per attirare l&#8217;attenzione sui tuoi contenuti LinkedIn. <\/li><li>Personalizzazione avanzata senza necessit\u00e0 di codifica: modelli predefiniti, creatore di combinazioni di colori, layout, stili di post, CSS personalizzati, ecc. <\/li><\/ul><p><a href=\" #demo\">Controlla semplicemente questa demo del widget per vedere come funziona e aggiungere alcune modifiche<\/a><\/p> <\/div> <div class=\"application-platform-content-item-installation application-platform-content-item\" id=\"installation\" data-nav-section=\"installation\"> <h2>Come posso aggiungere il feed LinkedIn al mio OpenCart sito web? <\/h2> <p>Per aggiungere il widget Feed LinkedIn al tuo sito Web OpenCart, procedi come segue: <\/p> <ol><li><b>Esegui la nostra demo gratuita e inizia a creare il tuo plug-in Feed LinkedIn personalizzato con non c&#8217;\u00e8 bisogno di codificare. <\/b><br> Scegli la forma e le opzioni preferite del widget e salva le modifiche. <\/li> <li><b>Acquisisci il codice personale che appare nella finestra sulle App Elfsight. <\/b><br> Una volta completata la generazione del plug-in, copia il codice esclusivo nella finestra visualizzata e conservalo per un utilizzo successivo. <\/li> <li><b>Avvia l&#8217;utilizzo del plugin sul tuo sito web OpenCart. <\/b><br> Incorpora il codice che hai copiato di recente sul tuo sito web e applica le modifiche. <\/li> <li><b>L&#8217;installazione \u00e8 completamente completata. <\/b><br> Vai al tuo sito web per osservare come funziona il plug-in Feed di LinkedIn. <\/li><\/ol> <p>Se riscontri problemi con l&#8217;aggiunta del widget, non esitare a rivolgerti al nostro personale del servizio clienti. Il nostro personale sar\u00e0 felice di risolvere tutti i problemi che potresti avere con il plug-in Feed LinkedIn senza codice per i siti Web OpenCart. <\/p> <\/div>\n","protected":false},"excerpt":{"rendered":"","protected":false},"author":9,"featured_media":0,"parent":3122,"menu_order":0,"comment_status":"closed","ping_status":"closed","template":"templates\/template-application-platform.php","meta":{"publish_to_discourse":"","publish_post_category":"","wpdc_auto_publish_overridden":"","wpdc_topic_tags":"","wpdc_pin_topic":"","wpdc_pin_until":"","discourse_post_id":"","discourse_permalink":"","wpdc_publishing_response":"","wpdc_publishing_error":"","footnotes":""},"class_list":["post-4954","page","type-page","status-publish","hentry"],"yoast_head":"<!-- This site is optimized with the Yoast SEO plugin v25.3.1 - https:\/\/yoast.com\/wordpress\/plugins\/seo\/ -->\n<title>Feed di LinkedIn: aggiungi l&#039;estensione feed a OpenCart [gratuitamente!]<\/title>\n<meta name=\"description\" content=\"Incorpora l&#039;estensione feed LinkedIn senza codifica sul tuo sito Web OpenCart. Costruisci il tuo widget utilizzando una demo live e modelli predefiniti per avere una forte prova sociale.\" \/>\n<meta name=\"robots\" content=\"index, follow, max-snippet:-1, max-image-preview:large, max-video-preview:-1\" \/>\n<link rel=\"canonical\" href=\"https:\/\/elfsight.com\/it\/linkedin-feed-widget\/opencart\/\" \/>\n<meta property=\"og:locale\" content=\"it_IT\" \/>\n<meta property=\"og:type\" content=\"article\" \/>\n<meta property=\"og:title\" content=\"Feed di LinkedIn: aggiungi l&#039;estensione feed a OpenCart [gratuitamente!]\" \/>\n<meta property=\"og:description\" content=\"Incorpora l&#039;estensione feed LinkedIn senza codifica sul tuo sito Web OpenCart. Costruisci il tuo widget utilizzando una demo live e modelli predefiniti per avere una forte prova sociale.\" \/>\n<meta property=\"og:url\" content=\"https:\/\/elfsight.com\/it\/linkedin-feed-widget\/opencart\/\" \/>\n<meta property=\"og:site_name\" content=\"Elfsight IT\" \/>\n<meta property=\"article:modified_time\" content=\"2025-03-17T13:12:27+00:00\" \/>\n<meta name=\"twitter:card\" content=\"summary_large_image\" \/>\n<meta name=\"twitter:label1\" content=\"Tempo di lettura stimato\" \/>\n\t<meta name=\"twitter:data1\" content=\"5 minuti\" \/>\n<!-- \/ Yoast SEO plugin. -->","yoast_head_json":{"title":"Feed di LinkedIn: aggiungi l'estensione feed a OpenCart [gratuitamente!]","description":"Incorpora l'estensione feed LinkedIn senza codifica sul tuo sito Web OpenCart. Costruisci il tuo widget utilizzando una demo live e modelli predefiniti per avere una forte prova sociale.","robots":{"index":"index","follow":"follow","max-snippet":"max-snippet:-1","max-image-preview":"max-image-preview:large","max-video-preview":"max-video-preview:-1"},"canonical":"https:\/\/elfsight.com\/it\/linkedin-feed-widget\/opencart\/","og_locale":"it_IT","og_type":"article","og_title":"Feed di LinkedIn: aggiungi l'estensione feed a OpenCart [gratuitamente!]","og_description":"Incorpora l'estensione feed LinkedIn senza codifica sul tuo sito Web OpenCart. Costruisci il tuo widget utilizzando una demo live e modelli predefiniti per avere una forte prova sociale.","og_url":"https:\/\/elfsight.com\/it\/linkedin-feed-widget\/opencart\/","og_site_name":"Elfsight IT","article_modified_time":"2025-03-17T13:12:27+00:00","twitter_card":"summary_large_image","twitter_misc":{"Tempo di lettura stimato":"5 minuti"},"schema":{"@context":"https:\/\/schema.org","@graph":[{"@type":"WebPage","@id":"https:\/\/elfsight.com\/it\/linkedin-feed-widget\/opencart\/","url":"https:\/\/elfsight.com\/it\/linkedin-feed-widget\/opencart\/","name":"Feed di LinkedIn: aggiungi l'estensione feed a OpenCart [gratuitamente!]","isPartOf":{"@id":"https:\/\/elfsight.com\/it\/#website"},"datePublished":"2024-05-03T06:40:30+00:00","dateModified":"2025-03-17T13:12:27+00:00","description":"Incorpora l'estensione feed LinkedIn senza codifica sul tuo sito Web OpenCart. Costruisci il tuo widget utilizzando una demo live e modelli predefiniti per avere una forte prova sociale.","breadcrumb":{"@id":"https:\/\/elfsight.com\/it\/linkedin-feed-widget\/opencart\/#breadcrumb"},"inLanguage":"it-IT","potentialAction":[{"@type":"ReadAction","target":["https:\/\/elfsight.com\/it\/linkedin-feed-widget\/opencart\/"]}]},{"@type":"BreadcrumbList","@id":"https:\/\/elfsight.com\/it\/linkedin-feed-widget\/opencart\/#breadcrumb","itemListElement":[{"@type":"ListItem","position":1,"name":"Home","item":"https:\/\/elfsight.com\/it\/"},{"@type":"ListItem","position":2,"name":"LinkedIn Feed","item":"https:\/\/elfsight.com\/it\/linkedin-feed-widget\/"},{"@type":"ListItem","position":3,"name":"LinkedIn Feed &#8211; OpenCart"}]},{"@type":"WebSite","@id":"https:\/\/elfsight.com\/it\/#website","url":"https:\/\/elfsight.com\/it\/","name":"Elfsight IT","description":"Just another Elfsight Sites site","potentialAction":[{"@type":"SearchAction","target":{"@type":"EntryPoint","urlTemplate":"https:\/\/elfsight.com\/it\/?s={search_term_string}"},"query-input":{"@type":"PropertyValueSpecification","valueRequired":true,"valueName":"search_term_string"}}],"inLanguage":"it-IT"}]}},"meta_box":{"industry":"","seo_heading":"","heading":"","description":"","cta_heading":"","cta_description":"","application":"3109","h1":"Come incorporare gratuitamente il feed LinkedIn su OpenCart!","h1_caption":"Visualizza i post dal tuo profilo LinkedIn o dalla pagina aziendale sul tuo sito web, migliorando facilmente la tua presenza online professionale nel tuo sito web Opencart.","application_category":[],"applications_title":"","applications_request_title":"","applications_request_button_text":"","hero_text":"","hero_video":"","hero_video_schema_markup":"","selling_points_title":"","selling_points_caption":"","selling_points":[],"selling_points_cta_text":"","features_title":"","features":"","ed_cta_examples_text":"","ed_cta_examples_hidden":"","ed_cta_demo_text":"","ed_cta_demo_hidden":"","why_caption":"","why_editor_title":"","why_editor_text":"","why_team_title":"","why_team_text":"","why_service_title":"","why_service_text":"","template_catalog_visible":"0","template_catalog_title":"","template_catalog_text":"","template_catalog_categories_visible":"","demo_title":"Crea la tua estensione feed LinkedIn","demo_caption":"Configura il tuo feed LinkedIn e aggiungilo gratuitamente al tuo sito Web OpenCart!","default_faq_hidden":"","app_template_category":[],"platform":"41","template_public_id":"","codecanyon_url":"","codecanyon_item_id":"","codecanyon_price":"","pricing_caption":"","pricing_elfsight_apps_hide_column":"","pricing_elfsight_apps_url":"","pricing_codecanyon_price_caption":"","integration_category":[],"integration_request_title":"","integration_request_cta":"","integration_platform":"","integrations":[],"platform_category":[],"video_schema_markup":"","price":"da $ 0 al mese","trial":"","benefits":[{"text":"Assistenza per l'installazione gratuita"},{"text":"Supporto eccezionale"},{"text":"Garanzia di rimborso di 14 giorni"},{"text":"Sviluppo continuo"}],"button_url":"#demo","button_target_blank":"0","button_nofollow":"0","attributes":[{"name":"Installazioni"},{"name":"Reattivo","content":"S\u00cc"},{"name":"Browser compatibili","content":"Firefox, Safari, Opera, Chrome, Edge"}],"tags":[],"tags_disable_links":"0","hide_more_platforms":"0","video_object":"","demo_hide_cta":"0","demo_hide_cloud_options":"0","pricing_title":"","pricing":[{"pricing_icon":"platform","pricing_title":"Elfsight Apps","pricing_title_caption":"Versione indipendente dalla piattaforma adatta a qualsiasi sito web","pricing_price":"da $ 0 \/ mese","pricing_price_caption":"Inizia con un piano gratuito","pricing_benefits":[{"text":"Siti web illimitati"},{"text":"Supporto aziendale gratuito e ben documentato"},{"text":"Supporto gratuito per l'installazione"},{"text":"100% personalizzabile"}],"pricing_button_text":"Aggiungi al sito web","pricing_button_url":"#demo"}],"related_apps_title":"","related_apps_hidden":"0","author":"","image":[],"title":"","job":"","social_networks":[]},"_links":{"self":[{"href":"https:\/\/elfsight.com\/it\/wp-json\/wp\/v2\/pages\/4954","targetHints":{"allow":["GET"]}}],"collection":[{"href":"https:\/\/elfsight.com\/it\/wp-json\/wp\/v2\/pages"}],"about":[{"href":"https:\/\/elfsight.com\/it\/wp-json\/wp\/v2\/types\/page"}],"author":[{"embeddable":true,"href":"https:\/\/elfsight.com\/it\/wp-json\/wp\/v2\/users\/9"}],"replies":[{"embeddable":true,"href":"https:\/\/elfsight.com\/it\/wp-json\/wp\/v2\/comments?post=4954"}],"version-history":[{"count":3,"href":"https:\/\/elfsight.com\/it\/wp-json\/wp\/v2\/pages\/4954\/revisions"}],"predecessor-version":[{"id":8968,"href":"https:\/\/elfsight.com\/it\/wp-json\/wp\/v2\/pages\/4954\/revisions\/8968"}],"up":[{"embeddable":true,"href":"https:\/\/elfsight.com\/it\/wp-json\/wp\/v2\/pages\/3122"}],"wp:attachment":[{"href":"https:\/\/elfsight.com\/it\/wp-json\/wp\/v2\/media?parent=4954"}],"curies":[{"name":"wp","href":"https:\/\/api.w.org\/{rel}","templated":true}]}}