{"id":4949,"date":"2024-05-03T06:40:29","date_gmt":"2024-05-03T06:40:29","guid":{"rendered":"https:\/\/elfsight.com\/it\/?page_id=4949"},"modified":"2025-03-17T12:39:11","modified_gmt":"2025-03-17T12:39:11","slug":"drupal","status":"publish","type":"page","link":"https:\/\/elfsight.com\/it\/linkedin-feed-widget\/drupal\/","title":{"rendered":"LinkedIn Feed &#8211; Drupal"},"content":{"rendered":"\n<div class=\"application-platform-content-item-description application-platform-content-item\" id=\"description\" data-nav-section=\"description\"> <h2>Incorpora gratuitamente il feed di LinkedIn su Drupal!<\/h2> <p>Il plug-in Feed di LinkedIn offre alle aziende un&#8217;eccellente opportunit\u00e0 di condividere e pubblicizzare i loro contenuti LinkedIn sui siti web Drupal: visualizzazione di post, immagini, video, ecc. La configurazione del widget \u00e8 semplice, senza bisogno di conoscenze di codifica o programmazione.<\/p> <p>Crea un aspetto che rifletta le esigenze del tuo sito web e rimani fedele al marchio testando elementi di feed personalizzati, modelli, layout e stili di post. Aggiungi un effetto popup come azione post-clic per attirare l&#8217;attenzione degli utenti. Infine, goditi la maggiore fiducia e maggiori opportunit\u00e0 di branding.<\/p> <ul><li><strong>Potenzia il tuo potenziale di networking con la pagina aziendale di LinkedIn.<\/strong><br>Scatena nuove connessioni nel mondo professionale e aumentare il numero di lead con contenuti dal tuo profilo LinkedIn. <\/li><li><strong>Fai crescere il tuo seguito su LinkedIn.<\/strong> <br>Metti in evidenza la tua presenza su LinkedIn nella comunit\u00e0 di utenti del sito Drupal e promuovi un vivo interesse per i tuoi servizi. <\/li><li><strong>Amplifica l&#8217;autenticit\u00e0 della tua attivit\u00e0.<\/strong> <br>Dai al tuo marchio un ulteriore impulso in credibilit\u00e0 e affidabilit\u00e0 integrando le ultime attivit\u00e0 di LinkedIn direttamente nella pagina del sito web. <\/li><\/ul><p><b>Aggiungi il widget Feed LinkedIn senza codice al sito Drupal per creare fiducia, mostrare autenticit\u00e0 e ampliare le connessioni di lavoro attraverso una solida convalida sociale. <\/b><\/p> <div class=\"faq\" data-component=\"FAQ\"><div class=\"faq-item\">\r\n\t\t\t\t\t<div class=\"faq-item-question\">\r\n\t\t\t\t\t\t<h3 class=\"faq-item-question-text\">Ci sono altri strumenti per Drupal che posso utilizzare sul mio sito web? <\/h3>\r\n\r\n\t\t\t\t\t\t<div class=\"faq-item-question-icon\"><\/div>\r\n\t\t\t\t\t<\/div>\r\n\r\n\t\t\t\t\t<div class=\"faq-item-answer\">\r\n\t\t\t\t\t\t<div class=\"faq-item-answer-text\"><p>S\u00ec, assolutamente! Come utente del sito Web Drupal, Elfsight ti garantisce un&#8217;ampia selezione di strumenti senza codice da aggiungere, incluso il plug-in Feed di LinkedIn. Indipendentemente dal tuo settore o dalla tua nicchia specifica, ci sono sempre opportunit\u00e0 per mostrare i tuoi punti di forza. Dai un&#8217;occhiata alle opzioni: <\/p><ul><li>Per creare qualsiasi altra app di social media per il tuo sito Web Drupal simile al plug-in Feed di LinkedIn, valuta la possibilit\u00e0 di sperimentare <a href=\"https:\/\/elfsight.com\/it\/pinterest-feed-widget\/\">feed di Pinterest<\/a> o widget <a href=\"https:\/\/elfsight.com\/it\/instagram-feed-instashow\/\">feed di Instagram<\/a>. <\/li><li>Scegli le <a href=\"https:\/\/elfsight.com\/it\/all-in-one-reviews-widget\/\">recensioni tutto in uno<\/a> o <a href=\"https:\/\/elfsight.com\/it\/google-reviews-widget\/\">Google Recensioni<\/a> per visualizzare il feedback dei clienti. <\/li><li>Incorpora il widget <a href=\"https:\/\/elfsight.com\/it\/online-form-builder\/\">Form Builder<\/a> per raccogliere risposte e abilitare le interazioni degli utenti sul tuo sito web Drupal. <\/li> <li>Aggiungi il plug-in <a href=\"https:\/\/elfsight.com\/it\/countdown-timer-widget\/\">Countdown Timer<\/a> per favorire l&#8217;attesa e creare un senso di scarsit\u00e0 tra il pubblico. <\/li><\/ul><p>Ricorda, questi esempi sono solo l&#8217;inizio della vasta gamma di aggiunte che possono soddisfare le tue esigenze aziendali. Inizia con il feed LinkedIn senza codice per tornare pi\u00f9 tardi ed esplorare il resto dell&#8217;eredit\u00e0 dei widget nel nostro catalogo! <\/p><\/div>\r\n\t\t\t\t\t<\/div>\r\n\t\t\t\t<\/div><div class=\"faq-item\">\r\n\t\t\t\t\t<div class=\"faq-item-question\">\r\n\t\t\t\t\t\t<h3 class=\"faq-item-question-text\">Come incorporare gratuitamente il feed LinkedIn su Drupal? <\/h3>\r\n\r\n\t\t\t\t\t\t<div class=\"faq-item-question-icon\"><\/div>\r\n\t\t\t\t\t<\/div>\r\n\r\n\t\t\t\t\t<div class=\"faq-item-answer\">\r\n\t\t\t\t\t\t<div class=\"faq-item-answer-text\"><p>Per aggiungere gratuitamente il widget Feed LinkedIn senza codice al tuo sito Web Drupal, procedi nel seguente modo: <\/p> <ol><li>Personalizza l&#8217;aspetto del widget Feed di LinkedIn per riflettere lo stile di design del tuo sito web. <\/li><li>Accedi alla tua dashboard Elfsight o crea un profilo utente gratuito. <\/li><li>Ottieni il codice di installazione generato da incorporare. <\/li><li>Accedi al tuo sito web Drupal. <\/li><li>Inserisci il codice nell&#8217;editor del tuo sito web Drupal per aggiungere il widget Feed di LinkedIn. Sei a posto! <\/li><\/ol><p>Come si pu\u00f2 vedere, non \u00e8 necessario diventare esperti nella scrittura del codice per incorporare il plugin. Crea facilmente il widget Feed di LinkedIn per un sito Web Drupal e sperimenta i vari vantaggi che derivano dall&#8217;espansione del tuo pubblico. <\/p><\/div>\r\n\t\t\t\t\t<\/div>\r\n\t\t\t\t<\/div><div class=\"faq-item\">\r\n\t\t\t\t\t<div class=\"faq-item-question\">\r\n\t\t\t\t\t\t<h3 class=\"faq-item-question-text\">Devo sapere come programmare o avere competenze di programmazione per incorporare il plugin LinkedIn Feed su Drupal? <\/h3>\r\n\r\n\t\t\t\t\t\t<div class=\"faq-item-question-icon\"><\/div>\r\n\t\t\t\t\t<\/div>\r\n\r\n\t\t\t\t\t<div class=\"faq-item-answer\">\r\n\t\t\t\t\t\t<div class=\"faq-item-answer-text\"><p>Niente affatto. L&#8217;abilit\u00e0 di codifica non \u00e8 necessaria in alcun modo. Hai la piena capacit\u00e0 di creare e aggiungere il plug-in Feed di LinkedIn al tuo sito Web Drupal senza alcun background particolare o esperienza precedente con il codice. <\/p> <\/div>\r\n\t\t\t\t\t<\/div>\r\n\t\t\t\t<\/div><\/div><div class=\"application-platform-content-item-features application-platform-content-item\" id=\"features\" data-nav-section=\"features\"><\/div> <h2>Conosci l&#8217;elenco delle funzionalit\u00e0 widget pi\u00f9 importanti: <\/h2> <ul><li>Visualizza diversi tipi di LinkedIn contenuto: post di blog, immagini, video, ecc. <\/li><li>Filtra i post dei feed per parole chiave, hashtag o URL. <\/li><li>Aggiungi i pulsanti CTA per aumentare il coinvolgimento sul feed LinkedIn della tua azienda. <\/li><li>Effetto popup dinamico per attirare l&#8217;attenzione delle persone sui tuoi contenuti LinkedIn. <\/li><li>Personalizzazione senza codice con impostazioni di progettazione avanzate: modelli predefiniti, generatore di combinazioni di colori, cinque design di layout, stili di post, CSS personalizzati e altro ancora. <\/li><\/ul><p><a href=\"#demo\">Prova tutte le opzioni di personalizzazione nella demo completa del widget e aggiungi un tocco personale<\/a><\/p> <\/div> <div class=\"application-platform-content-item-installation application-platform-content-item\" id=\"installation\" data-nav-section=\"installation\"> <h2>Come faccio ad aggiungere il feed LinkedIn al mio sito Drupal? <\/h2> <p>Se desideri aggiungere il feed LinkedIn senza codice al tuo sito Drupal, esegui le seguenti azioni: <\/p> <ol><li><b>Lancia il nostro configuratore gratuito e inizia a creare il tuo Plug-in feed di LinkedIn. <\/b><br> Specifica il layout e gli aspetti preferiti del plugin e applica le modifiche. <\/li> <li><b>Ottieni il codice univoco che appare nell&#8217;apposito modulo su Elfsight Apps. <\/b><br> Al termine della generazione della tua app, copia il codice individuale nella finestra e salvalo per un ulteriore utilizzo. <\/li> <li><b>Inizia a utilizzare il plug-in sul tuo sito Web Drupal. <\/b><br> Implementa il codice salvato in precedenza sul tuo sito web e applica le modifiche. <\/li> <li><b>Il gioco \u00e8 fatto! Il processo di incorporamento \u00e8 stato completato correttamente. <\/b><br> Vai al tuo sito web per verificare le prestazioni del plug-in Feed di LinkedIn. <\/li><\/ol> <p>Se incontri qualche ostacolo su come aggiungere il widget, non esitare a rivolgerti al nostro personale del servizio clienti. Il nostro personale sar\u00e0 felice di risolvere tutte le domande che potresti avere sul plug-in LinkedIn Feed senza codice per i siti Web Drupal. <\/p> <\/div>\n","protected":false},"excerpt":{"rendered":"","protected":false},"author":9,"featured_media":0,"parent":3122,"menu_order":0,"comment_status":"closed","ping_status":"closed","template":"templates\/template-application-platform.php","meta":{"publish_to_discourse":"","publish_post_category":"","wpdc_auto_publish_overridden":"","wpdc_topic_tags":"","wpdc_pin_topic":"","wpdc_pin_until":"","discourse_post_id":"","discourse_permalink":"","wpdc_publishing_response":"","wpdc_publishing_error":"","footnotes":""},"class_list":["post-4949","page","type-page","status-publish","hentry"],"yoast_head":"<!-- This site is optimized with the Yoast SEO plugin v25.3.1 - https:\/\/yoast.com\/wordpress\/plugins\/seo\/ -->\n<title>Feed LinkedIn - Aggiungi il modulo Feed a Drupal [gratuitamente!]<\/title>\n<meta name=\"description\" content=\"Incorpora il modulo Feed LinkedIn senza codifica sul tuo sito Drupal. Costruisci il tuo widget utilizzando una demo live e modelli predefiniti per avere una forte prova sociale.\" \/>\n<meta name=\"robots\" content=\"index, follow, max-snippet:-1, max-image-preview:large, max-video-preview:-1\" \/>\n<link rel=\"canonical\" href=\"https:\/\/elfsight.com\/it\/linkedin-feed-widget\/drupal\/\" \/>\n<meta property=\"og:locale\" content=\"it_IT\" \/>\n<meta property=\"og:type\" content=\"article\" \/>\n<meta property=\"og:title\" content=\"Feed LinkedIn - Aggiungi il modulo Feed a Drupal [gratuitamente!]\" \/>\n<meta property=\"og:description\" content=\"Incorpora il modulo Feed LinkedIn senza codifica sul tuo sito Drupal. Costruisci il tuo widget utilizzando una demo live e modelli predefiniti per avere una forte prova sociale.\" \/>\n<meta property=\"og:url\" content=\"https:\/\/elfsight.com\/it\/linkedin-feed-widget\/drupal\/\" \/>\n<meta property=\"og:site_name\" content=\"Elfsight IT\" \/>\n<meta property=\"article:modified_time\" content=\"2025-03-17T12:39:11+00:00\" \/>\n<meta name=\"twitter:card\" content=\"summary_large_image\" \/>\n<meta name=\"twitter:label1\" content=\"Tempo di lettura stimato\" \/>\n\t<meta name=\"twitter:data1\" content=\"5 minuti\" \/>\n<!-- \/ Yoast SEO plugin. -->","yoast_head_json":{"title":"Feed LinkedIn - Aggiungi il modulo Feed a Drupal [gratuitamente!]","description":"Incorpora il modulo Feed LinkedIn senza codifica sul tuo sito Drupal. Costruisci il tuo widget utilizzando una demo live e modelli predefiniti per avere una forte prova sociale.","robots":{"index":"index","follow":"follow","max-snippet":"max-snippet:-1","max-image-preview":"max-image-preview:large","max-video-preview":"max-video-preview:-1"},"canonical":"https:\/\/elfsight.com\/it\/linkedin-feed-widget\/drupal\/","og_locale":"it_IT","og_type":"article","og_title":"Feed LinkedIn - Aggiungi il modulo Feed a Drupal [gratuitamente!]","og_description":"Incorpora il modulo Feed LinkedIn senza codifica sul tuo sito Drupal. Costruisci il tuo widget utilizzando una demo live e modelli predefiniti per avere una forte prova sociale.","og_url":"https:\/\/elfsight.com\/it\/linkedin-feed-widget\/drupal\/","og_site_name":"Elfsight IT","article_modified_time":"2025-03-17T12:39:11+00:00","twitter_card":"summary_large_image","twitter_misc":{"Tempo di lettura stimato":"5 minuti"},"schema":{"@context":"https:\/\/schema.org","@graph":[{"@type":"WebPage","@id":"https:\/\/elfsight.com\/it\/linkedin-feed-widget\/drupal\/","url":"https:\/\/elfsight.com\/it\/linkedin-feed-widget\/drupal\/","name":"Feed LinkedIn - Aggiungi il modulo Feed a Drupal [gratuitamente!]","isPartOf":{"@id":"https:\/\/elfsight.com\/it\/#website"},"datePublished":"2024-05-03T06:40:29+00:00","dateModified":"2025-03-17T12:39:11+00:00","description":"Incorpora il modulo Feed LinkedIn senza codifica sul tuo sito Drupal. Costruisci il tuo widget utilizzando una demo live e modelli predefiniti per avere una forte prova sociale.","breadcrumb":{"@id":"https:\/\/elfsight.com\/it\/linkedin-feed-widget\/drupal\/#breadcrumb"},"inLanguage":"it-IT","potentialAction":[{"@type":"ReadAction","target":["https:\/\/elfsight.com\/it\/linkedin-feed-widget\/drupal\/"]}]},{"@type":"BreadcrumbList","@id":"https:\/\/elfsight.com\/it\/linkedin-feed-widget\/drupal\/#breadcrumb","itemListElement":[{"@type":"ListItem","position":1,"name":"Home","item":"https:\/\/elfsight.com\/it\/"},{"@type":"ListItem","position":2,"name":"LinkedIn Feed","item":"https:\/\/elfsight.com\/it\/linkedin-feed-widget\/"},{"@type":"ListItem","position":3,"name":"LinkedIn Feed &#8211; Drupal"}]},{"@type":"WebSite","@id":"https:\/\/elfsight.com\/it\/#website","url":"https:\/\/elfsight.com\/it\/","name":"Elfsight IT","description":"Just another Elfsight Sites site","potentialAction":[{"@type":"SearchAction","target":{"@type":"EntryPoint","urlTemplate":"https:\/\/elfsight.com\/it\/?s={search_term_string}"},"query-input":{"@type":"PropertyValueSpecification","valueRequired":true,"valueName":"search_term_string"}}],"inLanguage":"it-IT"}]}},"meta_box":{"industry":"","seo_heading":"","heading":"","description":"","cta_heading":"","cta_description":"","application":"3109","h1":"Come incorporare gratuitamente il feed LinkedIn su Drupal!","h1_caption":"Visualizza i post dal tuo profilo LinkedIn o dalla pagina aziendale sul tuo sito web, migliorando facilmente la tua presenza online professionale nel tuo sito Drupal.","application_category":[],"applications_title":"","applications_request_title":"","applications_request_button_text":"","hero_text":"","hero_video":"","hero_video_schema_markup":"","selling_points_title":"","selling_points_caption":"","selling_points":[],"selling_points_cta_text":"","features_title":"","features":"","ed_cta_examples_text":"","ed_cta_examples_hidden":"","ed_cta_demo_text":"","ed_cta_demo_hidden":"","why_caption":"","why_editor_title":"","why_editor_text":"","why_team_title":"","why_team_text":"","why_service_title":"","why_service_text":"","template_catalog_visible":"0","template_catalog_title":"","template_catalog_text":"","template_catalog_categories_visible":"","demo_title":"Crea il tuo modulo Feed LinkedIn","demo_caption":"Configura il tuo feed LinkedIn e aggiungilo gratuitamente al tuo sito Drupal!","default_faq_hidden":"","app_template_category":[],"platform":"34","template_public_id":"","codecanyon_url":"","codecanyon_item_id":"","codecanyon_price":"","pricing_caption":"","pricing_elfsight_apps_hide_column":"","pricing_elfsight_apps_url":"","pricing_codecanyon_price_caption":"","integration_category":[],"integration_request_title":"","integration_request_cta":"","integration_platform":"","integrations":[],"platform_category":[],"video_schema_markup":"","price":"da $ 0 al mese","trial":"","benefits":[{"text":"Servizio di installazione gratuito"},{"text":"Servizio clienti efficace"},{"text":"Garanzia di rimborso di 14 giorni"},{"text":"Aggiornamento costante"}],"button_url":"#demo","button_target_blank":"0","button_nofollow":"0","attributes":[{"name":"Installazioni"},{"name":"Reattivo","content":"S\u00cc"},{"name":"Browser compatibili","content":"IE11, Firefox, Safari, Opera, Chrome, Edge"}],"tags":[],"tags_disable_links":"0","hide_more_platforms":"0","video_object":"","demo_hide_cta":"0","demo_hide_cloud_options":"0","pricing_title":"","pricing":[{"pricing_icon":"platform","pricing_title":"Elfsight Apps","pricing_title_caption":"Soluzione multipiattaforma che funziona su qualsiasi sito web","pricing_price":"da $ 0 \/ mese","pricing_price_caption":"Inizia con un piano gratuito","pricing_benefits":[{"text":"Siti web illimitati"},{"text":"Assistenza clienti veloce e ben documentata"},{"text":"Servizio di installazione gratuito"},{"text":"100% personalizzabile"}],"pricing_button_text":"Aggiungi al sito web","pricing_button_url":"#demo"}],"related_apps_title":"","related_apps_hidden":"0","author":"","image":[],"title":"","job":"","social_networks":[]},"_links":{"self":[{"href":"https:\/\/elfsight.com\/it\/wp-json\/wp\/v2\/pages\/4949","targetHints":{"allow":["GET"]}}],"collection":[{"href":"https:\/\/elfsight.com\/it\/wp-json\/wp\/v2\/pages"}],"about":[{"href":"https:\/\/elfsight.com\/it\/wp-json\/wp\/v2\/types\/page"}],"author":[{"embeddable":true,"href":"https:\/\/elfsight.com\/it\/wp-json\/wp\/v2\/users\/9"}],"replies":[{"embeddable":true,"href":"https:\/\/elfsight.com\/it\/wp-json\/wp\/v2\/comments?post=4949"}],"version-history":[{"count":4,"href":"https:\/\/elfsight.com\/it\/wp-json\/wp\/v2\/pages\/4949\/revisions"}],"predecessor-version":[{"id":8952,"href":"https:\/\/elfsight.com\/it\/wp-json\/wp\/v2\/pages\/4949\/revisions\/8952"}],"up":[{"embeddable":true,"href":"https:\/\/elfsight.com\/it\/wp-json\/wp\/v2\/pages\/3122"}],"wp:attachment":[{"href":"https:\/\/elfsight.com\/it\/wp-json\/wp\/v2\/media?parent=4949"}],"curies":[{"name":"wp","href":"https:\/\/api.w.org\/{rel}","templated":true}]}}