{"id":4947,"date":"2024-05-03T06:40:27","date_gmt":"2024-05-03T06:40:27","guid":{"rendered":"https:\/\/elfsight.com\/it\/?page_id=4947"},"modified":"2025-03-17T12:52:32","modified_gmt":"2025-03-17T12:52:32","slug":"magento","status":"publish","type":"page","link":"https:\/\/elfsight.com\/it\/linkedin-feed-widget\/magento\/","title":{"rendered":"LinkedIn Feed &#8211; Magento"},"content":{"rendered":"\n<div class=\"application-platform-content-item-description application-platform-content-item\" id=\"description\" data-nav-section=\"description\"> <h2>Incorpora gratuitamente il feed LinkedIn su Magento!<\/h2> <p>Il plugin LinkedIn Feed senza codice \u00e8 lo strumento perfetto per le aziende per trasmetti e promuovi i tuoi contenuti LinkedIn sui siti Web Magento: visualizza post, immagini, clip, ecc. L&#8217;installazione del plug-in \u00e8 semplice: non sono richieste competenze tecniche o di codifica.<\/p> <p>Crea un aspetto che soddisfi le preferenze del tuo sito web. e rimani fedele al marchio provando attributi di feed personalizzati, modelli, layout e stili di post. Aggiungi un effetto popup come azione post-clic per attirare l&#8217;attenzione degli utenti. Infine, sperimenta una maggiore credibilit\u00e0 e maggiori opportunit\u00e0 di branding. <\/p> <ul><li><strong>Potenzia i tuoi canali di networking con la pagina aziendale di LinkedIn.<\/strong><br>Crea nuove connessioni nel mondo del commercio e aumenta il numero di lead con i contenuti del tuo profilo LinkedIn. <\/li><li><strong>Amplia la tua base di pubblico su LinkedIn.<\/strong> <br>Fai luce sulla tua presenza su LinkedIn all&#8217;interno della community del sito web Magento e promuovi un interesse significativo per le tue offerte. <\/li><li><strong>Migliora l&#8217;autenticit\u00e0 della tua attivit\u00e0.<\/strong> <br>Dai al tuo marchio un ulteriore impulso in credibilit\u00e0 e aggiungi affidabilit\u00e0 integrando le ultime attivit\u00e0 di LinkedIn direttamente nella pagina del sito web. <\/li><\/ul><p><b>Aggiungi il plug-in Feed di LinkedIn al sito Web Magento per favorire la credibilit\u00e0, promuovere l&#8217;autenticit\u00e0 e ampliare la tua rete sfruttando prove sociali convincenti.<\/b><\/p> <div class=\"faq\" data-component=\"FAQ\"><div class=\"faq-item\">\r\n\t\t\t\t\t<div class=\"faq-item-question\">\r\n\t\t\t\t\t\t<h3 class=\"faq-item-question-text\">Esistono altri strumenti per Magento che posso utilizzare sul mio sito web? <\/h3>\r\n\r\n\t\t\t\t\t\t<div class=\"faq-item-question-icon\"><\/div>\r\n\t\t\t\t\t<\/div>\r\n\r\n\t\t\t\t\t<div class=\"faq-item-answer\">\r\n\t\t\t\t\t\t<div class=\"faq-item-answer-text\"><p>S\u00ec, assolutamente! Come utente del sito Web Magento, puoi ottenere dozzine di strumenti senza codice da Elfsight e il plug-in Feed di LinkedIn \u00e8 solo una di queste offerte. Indipendentemente dal tipo di attivit\u00e0 o dalla nicchia nel settore, \u00e8 sempre utile cercare opportunit\u00e0 per mostrare i propri punti di forza. Ad esempio: <\/p><ul><li>Per creare qualsiasi altra app di social media per il tuo sito web Magento, come il plug-in LinkedIn Feed senza codice, valuta la possibilit\u00e0 di sperimentare <a href=\"https:\/\/elfsight.com\/it\/pinterest-feed-widget\/\">feed di Pinterest<\/a> o widget <a href=\"https:\/\/elfsight.com\/it\/instagram-feed-instashow\/\">feed di Instagram<\/a>. <\/li><li>Procurati le <a href=\"https:\/\/elfsight.com\/it\/all-in-one-reviews-widget\/\">recensioni tutto in uno<\/a> o <a href=\"https:\/\/elfsight.com\/it\/google-reviews-widget\/\">Google Recensioni<\/a> per visualizzare il feedback dei clienti. <\/li><li>Incorpora il widget <a href=\"https:\/\/elfsight.com\/it\/online-form-builder\/\">Form Builder<\/a> per raccogliere risposte e abilitare le interazioni dell&#8217;utente sul tuo sito web Magento. <\/li> <li>Aggiungi il <a href=\"https:\/\/elfsight.com\/it\/countdown-timer-widget\/\">Conto alla rovescia<\/a> per generare anticipazione e creare un senso di scarsit\u00e0 tra il pubblico. <\/li><\/ul><p>E ricorda, questi sono solo alcuni esempi di un lungo elenco di aggiunte che possono soddisfare le tue esigenze aziendali. Inizia con il feed di LinkedIn e approfondisci il nostro catalogo per ulteriori soluzioni widget da aggiungere! <\/p><\/div>\r\n\t\t\t\t\t<\/div>\r\n\t\t\t\t<\/div><div class=\"faq-item\">\r\n\t\t\t\t\t<div class=\"faq-item-question\">\r\n\t\t\t\t\t\t<h3 class=\"faq-item-question-text\">Come incorporare gratuitamente il feed di LinkedIn su Magento? <\/h3>\r\n\r\n\t\t\t\t\t\t<div class=\"faq-item-question-icon\"><\/div>\r\n\t\t\t\t\t<\/div>\r\n\r\n\t\t\t\t\t<div class=\"faq-item-answer\">\r\n\t\t\t\t\t\t<div class=\"faq-item-answer-text\"><p>Per aggiungere gratuitamente il plug-in del feed di LinkedIn senza codice al tuo sito Web Magento, procedi nel seguente modo: <\/p> <ol><li>Personalizza l&#8217;aspetto del widget Feed di LinkedIn a tuo piacimento. <\/li><li>Accedi al tuo pannello di amministrazione Elfsight o registra un profilo gratuito. <\/li><li>Ricevi il codice di installazione univoco da incorporare. <\/li><li>Vai al tuo sito web Magento. <\/li><li>Inserisci il codice nel tuo costruttore di siti web Magento per aggiungere il plug-in Feed di LinkedIn. Hai finito! <\/li><\/ol><p>Come \u00e8 evidente, non \u00e8 necessario padroneggiare la scrittura del codice per incorporare il plugin. Crea facilmente il widget Feed LinkedIn per un sito Web Magento e sperimenta tutti i vantaggi che si presentano nel percorso di ampliamento del tuo pubblico. <\/p><\/div>\r\n\t\t\t\t\t<\/div>\r\n\t\t\t\t<\/div><div class=\"faq-item\">\r\n\t\t\t\t\t<div class=\"faq-item-question\">\r\n\t\t\t\t\t\t<h3 class=\"faq-item-question-text\">Devo sapere come programmare o avere competenze di programmazione per aggiungere il widget Feed di LinkedIn al sito Web Magento? <\/h3>\r\n\r\n\t\t\t\t\t\t<div class=\"faq-item-question-icon\"><\/div>\r\n\t\t\t\t\t<\/div>\r\n\r\n\t\t\t\t\t<div class=\"faq-item-answer\">\r\n\t\t\t\t\t\t<div class=\"faq-item-answer-text\"><p>Niente affatto. Non \u00e8 assolutamente necessario avere capacit\u00e0 di programmazione. Puoi creare e aggiungere il plug-in Feed di LinkedIn al tuo sito Web Magento, indipendentemente dal tuo background o dalla tua conoscenza del codice. <\/p> <\/div>\r\n\t\t\t\t\t<\/div>\r\n\t\t\t\t<\/div><\/div><div class=\"application-platform-content-item-features application-platform-content-item\" id=\"features\" data-nav-section=\"features\"><\/div> <h2>Di seguito sono elencate le funzionalit\u00e0 principali del widget: <\/h2> <ul><li>Visualizza diversi tipi di contenuti di LinkedIn: post del blog , immagini, video, ecc. <\/li><li>Filtra i post dei feed per parole chiave, hashtag o URL. <\/li><li>Pulsanti CTA per migliorare la visibilit\u00e0 del feed LinkedIn della tua azienda. <\/li><li>Effetto popup dinamico per attirare l&#8217;attenzione delle persone sui tuoi contenuti LinkedIn. <\/li><li>Personalizzazione avanzata senza necessit\u00e0 di codifica: modelli predefiniti, generatore di combinazioni di colori, design di layout, stili di post, CSS personalizzati e altro ancora. <\/li><\/ul><p><a href=\"#demo\">Puoi scoprire tutte le funzionalit\u00e0 del widget nella demo in questa pagina<\/a><\/p> <\/div> <div class=\"application-platform-content-item-installation application-platform-content-item\" id=\"installation\" data-nav-section=\"installation\"> <h2>Come posso aggiungere il feed di LinkedIn al mio sito Magento? <\/h2> <p>Per incorporare il widget Feed LinkedIn senza codice sul tuo sito web Magento, procedi come segue: <\/p> <ol><li><b>Utilizza il nostro editor gratuito e inizia a creare il tuo widget Feed LinkedIn personalizzato. <\/b><br> Specifica l&#8217;aspetto personalizzato e le caratteristiche del plugin e salva le correzioni. <\/li> <li><b>Ricevi il codice personale esposto nell&#8217;apposito form su Elfsight Apps. <\/b><br> Subito dopo aver completato la personalizzazione del tuo plugin, copia il codice individuale nella finestra visualizzata e salvalo per un uso futuro. <\/li> <li><b>Inizia a utilizzare il widget sul tuo sito web Magento. <\/b><br> Aggiungi il codice salvato di recente sul tuo sito web e salva le modifiche. <\/li> <li><b>Fatto! Il processo di incorporamento \u00e8 stato eseguito correttamente. <\/b><br> Vai al tuo sito web per controllare le prestazioni del widget Feed di LinkedIn. <\/li><\/ol> <p>Se riscontri difficolt\u00e0 su come aggiungere il widget, non aver paura di scrivere al nostro staff di supporto. I nostri specialisti non vedono l&#8217;ora di aiutarti con tutti i problemi che potresti riscontrare con il plug-in Feed LinkedIn senza codice per i siti Web Magento. <\/p> <\/div>\n","protected":false},"excerpt":{"rendered":"","protected":false},"author":9,"featured_media":0,"parent":3122,"menu_order":0,"comment_status":"closed","ping_status":"closed","template":"templates\/template-application-platform.php","meta":{"publish_to_discourse":"","publish_post_category":"","wpdc_auto_publish_overridden":"","wpdc_topic_tags":"","wpdc_pin_topic":"","wpdc_pin_until":"","discourse_post_id":"","discourse_permalink":"","wpdc_publishing_response":"","wpdc_publishing_error":"","footnotes":""},"class_list":["post-4947","page","type-page","status-publish","hentry"],"yoast_head":"<!-- This site is optimized with the Yoast SEO plugin v25.3.1 - https:\/\/yoast.com\/wordpress\/plugins\/seo\/ -->\n<title>Feed LinkedIn - Aggiungi l&#039;estensione Feed a Magento [gratuitamente!]<\/title>\n<meta name=\"description\" content=\"Incorpora l&#039;estensione LinkedIn Feed senza codifica sul tuo sito web Magento. Costruisci il tuo widget utilizzando una demo live e modelli predefiniti per avere una forte prova sociale.\" \/>\n<meta name=\"robots\" content=\"index, follow, max-snippet:-1, max-image-preview:large, max-video-preview:-1\" \/>\n<link rel=\"canonical\" href=\"https:\/\/elfsight.com\/it\/linkedin-feed-widget\/magento\/\" \/>\n<meta property=\"og:locale\" content=\"it_IT\" \/>\n<meta property=\"og:type\" content=\"article\" \/>\n<meta property=\"og:title\" content=\"Feed LinkedIn - Aggiungi l&#039;estensione Feed a Magento [gratuitamente!]\" \/>\n<meta property=\"og:description\" content=\"Incorpora l&#039;estensione LinkedIn Feed senza codifica sul tuo sito web Magento. Costruisci il tuo widget utilizzando una demo live e modelli predefiniti per avere una forte prova sociale.\" \/>\n<meta property=\"og:url\" content=\"https:\/\/elfsight.com\/it\/linkedin-feed-widget\/magento\/\" \/>\n<meta property=\"og:site_name\" content=\"Elfsight IT\" \/>\n<meta property=\"article:modified_time\" content=\"2025-03-17T12:52:32+00:00\" \/>\n<meta name=\"twitter:card\" content=\"summary_large_image\" \/>\n<meta name=\"twitter:label1\" content=\"Tempo di lettura stimato\" \/>\n\t<meta name=\"twitter:data1\" content=\"5 minuti\" \/>\n<!-- \/ Yoast SEO plugin. -->","yoast_head_json":{"title":"Feed LinkedIn - Aggiungi l'estensione Feed a Magento [gratuitamente!]","description":"Incorpora l'estensione LinkedIn Feed senza codifica sul tuo sito web Magento. Costruisci il tuo widget utilizzando una demo live e modelli predefiniti per avere una forte prova sociale.","robots":{"index":"index","follow":"follow","max-snippet":"max-snippet:-1","max-image-preview":"max-image-preview:large","max-video-preview":"max-video-preview:-1"},"canonical":"https:\/\/elfsight.com\/it\/linkedin-feed-widget\/magento\/","og_locale":"it_IT","og_type":"article","og_title":"Feed LinkedIn - Aggiungi l'estensione Feed a Magento [gratuitamente!]","og_description":"Incorpora l'estensione LinkedIn Feed senza codifica sul tuo sito web Magento. Costruisci il tuo widget utilizzando una demo live e modelli predefiniti per avere una forte prova sociale.","og_url":"https:\/\/elfsight.com\/it\/linkedin-feed-widget\/magento\/","og_site_name":"Elfsight IT","article_modified_time":"2025-03-17T12:52:32+00:00","twitter_card":"summary_large_image","twitter_misc":{"Tempo di lettura stimato":"5 minuti"},"schema":{"@context":"https:\/\/schema.org","@graph":[{"@type":"WebPage","@id":"https:\/\/elfsight.com\/it\/linkedin-feed-widget\/magento\/","url":"https:\/\/elfsight.com\/it\/linkedin-feed-widget\/magento\/","name":"Feed LinkedIn - Aggiungi l'estensione Feed a Magento [gratuitamente!]","isPartOf":{"@id":"https:\/\/elfsight.com\/it\/#website"},"datePublished":"2024-05-03T06:40:27+00:00","dateModified":"2025-03-17T12:52:32+00:00","description":"Incorpora l'estensione LinkedIn Feed senza codifica sul tuo sito web Magento. Costruisci il tuo widget utilizzando una demo live e modelli predefiniti per avere una forte prova sociale.","breadcrumb":{"@id":"https:\/\/elfsight.com\/it\/linkedin-feed-widget\/magento\/#breadcrumb"},"inLanguage":"it-IT","potentialAction":[{"@type":"ReadAction","target":["https:\/\/elfsight.com\/it\/linkedin-feed-widget\/magento\/"]}]},{"@type":"BreadcrumbList","@id":"https:\/\/elfsight.com\/it\/linkedin-feed-widget\/magento\/#breadcrumb","itemListElement":[{"@type":"ListItem","position":1,"name":"Home","item":"https:\/\/elfsight.com\/it\/"},{"@type":"ListItem","position":2,"name":"LinkedIn Feed","item":"https:\/\/elfsight.com\/it\/linkedin-feed-widget\/"},{"@type":"ListItem","position":3,"name":"LinkedIn Feed &#8211; Magento"}]},{"@type":"WebSite","@id":"https:\/\/elfsight.com\/it\/#website","url":"https:\/\/elfsight.com\/it\/","name":"Elfsight IT","description":"Just another Elfsight Sites site","potentialAction":[{"@type":"SearchAction","target":{"@type":"EntryPoint","urlTemplate":"https:\/\/elfsight.com\/it\/?s={search_term_string}"},"query-input":{"@type":"PropertyValueSpecification","valueRequired":true,"valueName":"search_term_string"}}],"inLanguage":"it-IT"}]}},"meta_box":{"industry":"","seo_heading":"","heading":"","description":"","cta_heading":"","cta_description":"","application":"3109","h1":"Come incorporare gratuitamente il feed LinkedIn su Magento!","h1_caption":"Visualizza i post dal tuo profilo LinkedIn o dalla pagina aziendale sul tuo sito web, migliorando facilmente la tua presenza online professionale nel tuo sito web Magento.","application_category":[],"applications_title":"","applications_request_title":"","applications_request_button_text":"","hero_text":"","hero_video":"","hero_video_schema_markup":"","selling_points_title":"","selling_points_caption":"","selling_points":[],"selling_points_cta_text":"","features_title":"","features":"","ed_cta_examples_text":"","ed_cta_examples_hidden":"","ed_cta_demo_text":"","ed_cta_demo_hidden":"","why_caption":"","why_editor_title":"","why_editor_text":"","why_team_title":"","why_team_text":"","why_service_title":"","why_service_text":"","template_catalog_visible":"0","template_catalog_title":"","template_catalog_text":"","template_catalog_categories_visible":"","demo_title":"Crea la tua estensione feed LinkedIn","demo_caption":"Configura il tuo feed LinkedIn e aggiungilo gratuitamente al tuo sito Magento!","default_faq_hidden":"","app_template_category":[],"platform":"39","template_public_id":"","codecanyon_url":"","codecanyon_item_id":"","codecanyon_price":"","pricing_caption":"","pricing_elfsight_apps_hide_column":"","pricing_elfsight_apps_url":"","pricing_codecanyon_price_caption":"","integration_category":[],"integration_request_title":"","integration_request_cta":"","integration_platform":"","integrations":[],"platform_category":[],"video_schema_markup":"","price":"da $ 0 al mese","trial":"","benefits":[{"text":"Assistenza per l'installazione gratuita"},{"text":"Servizio clienti efficace"},{"text":"Garanzia di rimborso di 14 giorni"},{"text":"Aggiornamento costante"}],"button_url":"#demo","button_target_blank":"0","button_nofollow":"0","attributes":[{"name":"Installazioni"},{"name":"Reattivo","content":"S\u00cc"},{"name":"Browser compatibili","content":"Firefox, Safari, Opera, Chrome, Edge"}],"tags":[],"tags_disable_links":"0","hide_more_platforms":"0","video_object":"","demo_hide_cta":"0","demo_hide_cloud_options":"0","pricing_title":"","pricing":[{"pricing_icon":"platform","pricing_title":"Elfsight Apps","pricing_title_caption":"Soluzione digitale indipendente dalla piattaforma che funziona su qualsiasi sito web","pricing_price":"da $ 0 \/ mese","pricing_price_caption":"Inizia con un piano gratuito","pricing_benefits":[{"text":"Siti web illimitati"},{"text":"Assistenza clienti 24 ore su 24, 7 giorni su 7"},{"text":"Supporto per l'installazione senza costi"},{"text":"Progettazione flessibile"}],"pricing_button_text":"Aggiungi al sito web","pricing_button_url":"#demo"}],"related_apps_title":"","related_apps_hidden":"0","author":"","image":[],"title":"","job":"","social_networks":[]},"_links":{"self":[{"href":"https:\/\/elfsight.com\/it\/wp-json\/wp\/v2\/pages\/4947","targetHints":{"allow":["GET"]}}],"collection":[{"href":"https:\/\/elfsight.com\/it\/wp-json\/wp\/v2\/pages"}],"about":[{"href":"https:\/\/elfsight.com\/it\/wp-json\/wp\/v2\/types\/page"}],"author":[{"embeddable":true,"href":"https:\/\/elfsight.com\/it\/wp-json\/wp\/v2\/users\/9"}],"replies":[{"embeddable":true,"href":"https:\/\/elfsight.com\/it\/wp-json\/wp\/v2\/comments?post=4947"}],"version-history":[{"count":4,"href":"https:\/\/elfsight.com\/it\/wp-json\/wp\/v2\/pages\/4947\/revisions"}],"predecessor-version":[{"id":8963,"href":"https:\/\/elfsight.com\/it\/wp-json\/wp\/v2\/pages\/4947\/revisions\/8963"}],"up":[{"embeddable":true,"href":"https:\/\/elfsight.com\/it\/wp-json\/wp\/v2\/pages\/3122"}],"wp:attachment":[{"href":"https:\/\/elfsight.com\/it\/wp-json\/wp\/v2\/media?parent=4947"}],"curies":[{"name":"wp","href":"https:\/\/api.w.org\/{rel}","templated":true}]}}