{"id":4946,"date":"2024-05-03T06:40:26","date_gmt":"2024-05-03T06:40:26","guid":{"rendered":"https:\/\/elfsight.com\/it\/?page_id=4946"},"modified":"2025-03-18T05:49:10","modified_gmt":"2025-03-18T05:49:10","slug":"woocommerce","status":"publish","type":"page","link":"https:\/\/elfsight.com\/it\/linkedin-feed-widget\/woocommerce\/","title":{"rendered":"LinkedIn Feed &#8211; WooCommerce"},"content":{"rendered":"\n<div class=\"application-platform-content-item-description application-platform-content-item\" id=\"description\" data-nav-section=\"description\"> <h2>Incorpora gratuitamente il feed LinkedIn su WooCommerce!<\/h2> <p>Il widget Feed LinkedIn \u00e8 creato appositamente per le aziende per presentare e promuovere i propri Contenuti LinkedIn sui siti Web WooCommerce: visualizzazione di post, foto, clip, ecc. L&#8217;integrazione del plug-in \u00e8 semplice: non sono necessarie competenze di codifica o tecniche. <\/p> <p>Crea uno stile di feed che soddisfi le preferenze del tuo sito web e sperimenta giocando con attributi personalizzati, modelli, layout e stili di post. Aggiungi una modalit\u00e0 popup come azione post-clic per attirare l&#8217;attenzione degli utenti. E infine, goditi la fiducia suscitata e maggiori opportunit\u00e0 di branding. <\/p> <ul><li><strong>Migliora la tua portata in rete con la pagina aziendale di LinkedIn.<\/strong><br>Stimola nuove relazioni in ambito professionale e amplifica la generazione di lead sfruttando i contenuti del tuo profilo LinkedIn.<\/li><li><strong>Fai crescere la tua base di pubblico su LinkedIn.<\/strong> <br>Attira l&#8217;attenzione sul tuo LinkedIn nella community di utenti WooCommerce e suscita un grande interesse per i tuoi servizi. <\/li><li><strong>Fai sembrare la tua attivit\u00e0 pi\u00f9 genuina.<\/strong> <br>Fornisci al tuo marchio un ulteriore impulso in credibilit\u00e0 e affidabilit\u00e0 integrando le ultime attivit\u00e0 di LinkedIn direttamente nella pagina del sito web. <\/li><\/ul><p><b>Aggiungi il plug-in LinkedIn Feed senza codice al sito Web WooCommerce per rafforzare l&#8217;affidabilit\u00e0, dimostrare autenticit\u00e0 ed espandere la tua rete attraverso una forte convalida sociale.<\/b><\/p> <div class=\"faq\" data-component=\"FAQ\"><div class=\"faq-item\">\r\n\t\t\t\t\t<div class=\"faq-item-question\">\r\n\t\t\t\t\t\t<h3 class=\"faq-item-question-text\">Esistono altri strumenti per WooCommerce che posso utilizzare sul mio sito web? <\/h3>\r\n\r\n\t\t\t\t\t\t<div class=\"faq-item-question-icon\"><\/div>\r\n\t\t\t\t\t<\/div>\r\n\r\n\t\t\t\t\t<div class=\"faq-item-answer\">\r\n\t\t\t\t\t\t<div class=\"faq-item-answer-text\"><p>S\u00ec, certamente! Come utente del sito web WooCommerce, Elfsight ti garantisce dozzine di strumenti senza codice, incluso il plug-in LinkedIn Feed senza codice. Non importa che tipo di attivit\u00e0 svolgi o la nicchia specifica in cui lavori, \u00e8 sempre utile cercare opportunit\u00e0 per mostrare i tuoi punti di forza. Ad esempio: <\/p><ul><li>Per creare qualsiasi altra app di social media per il tuo sito web WooCommerce, considera l&#8217;utilizzo di <a href=\"https:\/\/elfsight.com\/it\/pinterest-feed-widget\/\">Pinterest Feed<\/a> o widget <a href=\"https:\/\/elfsight.com\/it\/instagram-feed-instashow\/\">Feed di Instagram<\/a> insieme al feed di LinkedIn. <\/li><li>Procurati le <a href=\"https:\/\/elfsight.com\/it\/all-in-one-reviews-widget\/\">recensioni tutto in uno<\/a> o <a href=\"https:\/\/elfsight.com\/it\/google-reviews-widget\/\">Google Recensioni<\/a> per visualizzare il feedback dei clienti. <\/li><li>Incorpora il widget <a href=\"https:\/\/elfsight.com\/it\/online-form-builder\/\">Form Builder<\/a> per raccogliere risposte e facilitare la comunicazione con i tuoi utenti WooCommerce. <\/li> <li>Aggiungi il <a href=\"https:\/\/elfsight.com\/it\/countdown-timer-widget\/\">Timer per il conto alla rovescia<\/a> per favorire l&#8217;attesa e creare un senso di urgenza tra il pubblico. <\/li><\/ul><p>Ricorda, questi esempi sono solo l&#8217;inizio della vasta gamma di aggiunte di incorporamento che possono soddisfare le tue esigenze aziendali specifiche. Inizia con il feed di LinkedIn e successivamente esplora l&#8217;ampia raccolta di widget nel nostro catalogo da aggiungere al tuo sito web! <\/p><\/div>\r\n\t\t\t\t\t<\/div>\r\n\t\t\t\t<\/div><div class=\"faq-item\">\r\n\t\t\t\t\t<div class=\"faq-item-question\">\r\n\t\t\t\t\t\t<h3 class=\"faq-item-question-text\">Come incorporare gratuitamente il feed LinkedIn su WooCommerce? <\/h3>\r\n\r\n\t\t\t\t\t\t<div class=\"faq-item-question-icon\"><\/div>\r\n\t\t\t\t\t<\/div>\r\n\r\n\t\t\t\t\t<div class=\"faq-item-answer\">\r\n\t\t\t\t\t\t<div class=\"faq-item-answer-text\"><p>Per aggiungere gratuitamente il widget Feed LinkedIn senza codice al tuo sito web WooCommerce, procedi nel seguente modo: <\/p> <ol><li>Personalizza l&#8217;aspetto del plugin LinkedIn Feed secondo i tuoi gusti. <\/li><li>Accedi al tuo pannello di amministrazione Elfsight o registra un account gratuito. <\/li><li>Ottieni il codice di installazione univoco da incorporare. <\/li><li>Vai al tuo sito web WooCommerce. <\/li><li>Inserisci il codice nel tuo costruttore di siti web WooCommerce per aggiungere il plug-in Feed di LinkedIn. \u00c8 tutto pronto! <\/li><\/ol><p>Come si pu\u00f2 vedere, non \u00e8 necessario essere esperti nella scrittura del codice per incorporare il plugin. Crea facilmente un widget Feed LinkedIn per un sito Web WooCommerce e goditi i numerosi vantaggi che ne derivano mentre espandi la tua portata. <\/p><\/div>\r\n\t\t\t\t\t<\/div>\r\n\t\t\t\t<\/div><div class=\"faq-item\">\r\n\t\t\t\t\t<div class=\"faq-item-question\">\r\n\t\t\t\t\t\t<h3 class=\"faq-item-question-text\">Devo sapere come programmare o avere competenze di programmazione per incorporare il feed di LinkedIn su WooCommerce? <\/h3>\r\n\r\n\t\t\t\t\t\t<div class=\"faq-item-question-icon\"><\/div>\r\n\t\t\t\t\t<\/div>\r\n\r\n\t\t\t\t\t<div class=\"faq-item-answer\">\r\n\t\t\t\t\t\t<div class=\"faq-item-answer-text\"><p>No. Non \u00e8 necessaria alcuna abilit\u00e0 di codifica. Puoi creare e aggiungere il plug-in Feed di LinkedIn al tuo sito Web WooCommerce senza particolare background o esperienza con il codice. <\/p> <\/div>\r\n\t\t\t\t\t<\/div>\r\n\t\t\t\t<\/div><\/div><\/div> <div class=\"application-platform-content-item-features application-platform-content-item\" id=\"features\" data-nav-section=\"features\"> <h2>Di seguito trovi le caratteristiche essenziali del widget: <\/h2> <ul><li>Trasmetti varie forme di contenuto: post di blog, immagini, clip, ecc. <\/li><li>Filtra i post dei feed per parole chiave, hashtag o URL. <\/li><li>Aggiungi i pulsanti CTA per migliorare il tasso di coinvolgimento sul feed LinkedIn della tua azienda. <\/li><li>Modalit\u00e0 popup dinamica per attirare l&#8217;attenzione degli utenti del sito web sui tuoi contenuti LinkedIn. <\/li><li>Facili opzioni di personalizzazione senza la necessit\u00e0 di scrivere codice: modelli pronti all&#8217;uso, generatore di combinazioni di colori, cinque layout di tendenza, stili di post, CSS personalizzati e altro ancora. <\/li><\/ul><p><a href=\"#demo\">Puoi verificare se il widget fa per te con l&#8217;aiuto della demo<\/a><\/p> <\/div> <div class=\"application-platform-content-item-installazione application-platform-content-item\" id=\"installazione\" data-nav-section=\"installazione\"> <h2>Come aggiungere il plug-in Feed di LinkedIn al mio sito Web WooCommerce? <\/h2> <p>Se desideri aggiungere il widget Feed LinkedIn senza codice al tuo sito web WooCommerce, segui i passaggi seguenti: <\/p> <ol><li><b>Utilizza il nostro configuratore gratuito e inizia a formare il tuo plug-in feed LinkedIn personalizzato. <\/b><br> Determina la forma e le specifiche desiderate del widget e applica le modifiche. <\/li> <li><b>Ricevi il codice univoco che appare nel riquadro delle App Elfsight. <\/b><br> Subito dopo aver terminato la creazione del tuo plugin, copia il codice individuale dal popup visualizzato e salvalo per un uso successivo. <\/li> <li><b>Avvia l&#8217;utilizzo dello strumento sul tuo sito web WooCommerce. <\/b><br> Aggiungi il codice salvato in precedenza sul tuo sito web e applica le correzioni. <\/li> <li><b>L&#8217;installazione \u00e8 completamente terminata. <\/b><br> Vai al tuo sito web per vedere in azione le prestazioni del widget Feed LinkedIn. <\/li><\/ol> <p>Se hai domande o affronti problemi su come aggiungere il widget, non esitare a contattare il nostro team di assistenza clienti. Il nostro personale sar\u00e0 entusiasta di risolvere tutti i problemi che potresti riscontrare con il plug-in Feed LinkedIn senza codice per i siti Web WooCommerce. <\/p> <\/div><\/b>\n","protected":false},"excerpt":{"rendered":"","protected":false},"author":9,"featured_media":0,"parent":3122,"menu_order":0,"comment_status":"closed","ping_status":"closed","template":"templates\/template-application-platform.php","meta":{"publish_to_discourse":"","publish_post_category":"","wpdc_auto_publish_overridden":"","wpdc_topic_tags":"","wpdc_pin_topic":"","wpdc_pin_until":"","discourse_post_id":"","discourse_permalink":"","wpdc_publishing_response":"","wpdc_publishing_error":"","footnotes":""},"class_list":["post-4946","page","type-page","status-publish","hentry"],"yoast_head":"<!-- This site is optimized with the Yoast SEO plugin v25.3.1 - https:\/\/yoast.com\/wordpress\/plugins\/seo\/ -->\n<title>Feed di LinkedIn - Aggiungi il plugin Feed a WooCommerce [gratuitamente!]<\/title>\n<meta name=\"description\" content=\"Incorpora il plugin LinkedIn Feed senza codifica sul tuo sito web WooCommerce. Costruisci il tuo widget utilizzando una demo live e modelli predefiniti per avere una forte prova sociale.\" \/>\n<meta name=\"robots\" content=\"index, follow, max-snippet:-1, max-image-preview:large, max-video-preview:-1\" \/>\n<link rel=\"canonical\" href=\"https:\/\/elfsight.com\/it\/linkedin-feed-widget\/woocommerce\/\" \/>\n<meta property=\"og:locale\" content=\"it_IT\" \/>\n<meta property=\"og:type\" content=\"article\" \/>\n<meta property=\"og:title\" content=\"Feed di LinkedIn - Aggiungi il plugin Feed a WooCommerce [gratuitamente!]\" \/>\n<meta property=\"og:description\" content=\"Incorpora il plugin LinkedIn Feed senza codifica sul tuo sito web WooCommerce. Costruisci il tuo widget utilizzando una demo live e modelli predefiniti per avere una forte prova sociale.\" \/>\n<meta property=\"og:url\" content=\"https:\/\/elfsight.com\/it\/linkedin-feed-widget\/woocommerce\/\" \/>\n<meta property=\"og:site_name\" content=\"Elfsight IT\" \/>\n<meta property=\"article:modified_time\" content=\"2025-03-18T05:49:10+00:00\" \/>\n<meta name=\"twitter:card\" content=\"summary_large_image\" \/>\n<meta name=\"twitter:label1\" content=\"Tempo di lettura stimato\" \/>\n\t<meta name=\"twitter:data1\" content=\"5 minuti\" \/>\n<!-- \/ Yoast SEO plugin. -->","yoast_head_json":{"title":"Feed di LinkedIn - Aggiungi il plugin Feed a WooCommerce [gratuitamente!]","description":"Incorpora il plugin LinkedIn Feed senza codifica sul tuo sito web WooCommerce. Costruisci il tuo widget utilizzando una demo live e modelli predefiniti per avere una forte prova sociale.","robots":{"index":"index","follow":"follow","max-snippet":"max-snippet:-1","max-image-preview":"max-image-preview:large","max-video-preview":"max-video-preview:-1"},"canonical":"https:\/\/elfsight.com\/it\/linkedin-feed-widget\/woocommerce\/","og_locale":"it_IT","og_type":"article","og_title":"Feed di LinkedIn - Aggiungi il plugin Feed a WooCommerce [gratuitamente!]","og_description":"Incorpora il plugin LinkedIn Feed senza codifica sul tuo sito web WooCommerce. Costruisci il tuo widget utilizzando una demo live e modelli predefiniti per avere una forte prova sociale.","og_url":"https:\/\/elfsight.com\/it\/linkedin-feed-widget\/woocommerce\/","og_site_name":"Elfsight IT","article_modified_time":"2025-03-18T05:49:10+00:00","twitter_card":"summary_large_image","twitter_misc":{"Tempo di lettura stimato":"5 minuti"},"schema":{"@context":"https:\/\/schema.org","@graph":[{"@type":"WebPage","@id":"https:\/\/elfsight.com\/it\/linkedin-feed-widget\/woocommerce\/","url":"https:\/\/elfsight.com\/it\/linkedin-feed-widget\/woocommerce\/","name":"Feed di LinkedIn - Aggiungi il plugin Feed a WooCommerce [gratuitamente!]","isPartOf":{"@id":"https:\/\/elfsight.com\/it\/#website"},"datePublished":"2024-05-03T06:40:26+00:00","dateModified":"2025-03-18T05:49:10+00:00","description":"Incorpora il plugin LinkedIn Feed senza codifica sul tuo sito web WooCommerce. Costruisci il tuo widget utilizzando una demo live e modelli predefiniti per avere una forte prova sociale.","breadcrumb":{"@id":"https:\/\/elfsight.com\/it\/linkedin-feed-widget\/woocommerce\/#breadcrumb"},"inLanguage":"it-IT","potentialAction":[{"@type":"ReadAction","target":["https:\/\/elfsight.com\/it\/linkedin-feed-widget\/woocommerce\/"]}]},{"@type":"BreadcrumbList","@id":"https:\/\/elfsight.com\/it\/linkedin-feed-widget\/woocommerce\/#breadcrumb","itemListElement":[{"@type":"ListItem","position":1,"name":"Home","item":"https:\/\/elfsight.com\/it\/"},{"@type":"ListItem","position":2,"name":"LinkedIn Feed","item":"https:\/\/elfsight.com\/it\/linkedin-feed-widget\/"},{"@type":"ListItem","position":3,"name":"LinkedIn Feed &#8211; WooCommerce"}]},{"@type":"WebSite","@id":"https:\/\/elfsight.com\/it\/#website","url":"https:\/\/elfsight.com\/it\/","name":"Elfsight IT","description":"Just another Elfsight Sites site","potentialAction":[{"@type":"SearchAction","target":{"@type":"EntryPoint","urlTemplate":"https:\/\/elfsight.com\/it\/?s={search_term_string}"},"query-input":{"@type":"PropertyValueSpecification","valueRequired":true,"valueName":"search_term_string"}}],"inLanguage":"it-IT"}]}},"meta_box":{"industry":"","seo_heading":"","heading":"","description":"","cta_heading":"","cta_description":"","application":"3109","h1":"Come incorporare gratuitamente il feed LinkedIn su WooCommerce!","h1_caption":"Visualizza i post dal tuo profilo LinkedIn o dalla pagina aziendale sul tuo sito web, migliorando facilmente la tua presenza online professionale nel tuo sito web WooCommerce.","application_category":[],"applications_title":"","applications_request_title":"","applications_request_button_text":"","hero_text":"","hero_video":"","hero_video_schema_markup":"","selling_points_title":"","selling_points_caption":"","selling_points":[],"selling_points_cta_text":"","features_title":"","features":"","ed_cta_examples_text":"","ed_cta_examples_hidden":"","ed_cta_demo_text":"","ed_cta_demo_hidden":"","why_caption":"","why_editor_title":"","why_editor_text":"","why_team_title":"","why_team_text":"","why_service_title":"","why_service_text":"","template_catalog_visible":"0","template_catalog_title":"","template_catalog_text":"","template_catalog_categories_visible":"","demo_title":"Crea la tua app Feed LinkedIn","demo_caption":"Configura il tuo feed LinkedIn e aggiungilo gratuitamente al tuo sito WooCommerce!","default_faq_hidden":"","app_template_category":[],"platform":"80","template_public_id":"","codecanyon_url":"","codecanyon_item_id":"","codecanyon_price":"","pricing_caption":"","pricing_elfsight_apps_hide_column":"","pricing_elfsight_apps_url":"","pricing_codecanyon_price_caption":"","integration_category":[],"integration_request_title":"","integration_request_cta":"","integration_platform":"","integrations":[],"platform_category":[],"video_schema_markup":"","price":"da $ 0 al mese","trial":"","benefits":[{"text":"Assistenza gratuita per l'installazione"},{"text":"Servizio clienti professionale"},{"text":"Garanzia di rimborso di 14 giorni"},{"text":"Aggiornamenti continui"}],"button_url":"#demo","button_target_blank":"0","button_nofollow":"0","attributes":[{"name":"Installazioni"},{"name":"Reattivo","content":"S\u00cc"},{"name":"Browser compatibili","content":"Firefox, Safari, Opera, Chrome, Edge"}],"tags":[],"tags_disable_links":"0","hide_more_platforms":"0","video_object":"","demo_hide_cta":"0","demo_hide_cloud_options":"0","pricing_title":"","pricing":[{"pricing_icon":"platform","pricing_title":"Elfsight Apps","pricing_title_caption":"Versione indipendente dalla piattaforma che funziona su qualsiasi sito web","pricing_price":"da $ 0 \/ mese","pricing_price_caption":"Inizia con un piano gratuito","pricing_benefits":[{"text":"Siti web illimitati"},{"text":"Supporto aziendale veloce"},{"text":"Assistenza gratuita per l'installazione"},{"text":"100% personalizzabile"}],"pricing_button_text":"Aggiungi al sito web","pricing_button_url":"#demo"}],"related_apps_title":"","related_apps_hidden":"0","author":"","image":[],"title":"","job":"","social_networks":[]},"_links":{"self":[{"href":"https:\/\/elfsight.com\/it\/wp-json\/wp\/v2\/pages\/4946","targetHints":{"allow":["GET"]}}],"collection":[{"href":"https:\/\/elfsight.com\/it\/wp-json\/wp\/v2\/pages"}],"about":[{"href":"https:\/\/elfsight.com\/it\/wp-json\/wp\/v2\/types\/page"}],"author":[{"embeddable":true,"href":"https:\/\/elfsight.com\/it\/wp-json\/wp\/v2\/users\/9"}],"replies":[{"embeddable":true,"href":"https:\/\/elfsight.com\/it\/wp-json\/wp\/v2\/comments?post=4946"}],"version-history":[{"count":3,"href":"https:\/\/elfsight.com\/it\/wp-json\/wp\/v2\/pages\/4946\/revisions"}],"predecessor-version":[{"id":8982,"href":"https:\/\/elfsight.com\/it\/wp-json\/wp\/v2\/pages\/4946\/revisions\/8982"}],"up":[{"embeddable":true,"href":"https:\/\/elfsight.com\/it\/wp-json\/wp\/v2\/pages\/3122"}],"wp:attachment":[{"href":"https:\/\/elfsight.com\/it\/wp-json\/wp\/v2\/media?parent=4946"}],"curies":[{"name":"wp","href":"https:\/\/api.w.org\/{rel}","templated":true}]}}