{"id":4941,"date":"2024-05-03T06:40:25","date_gmt":"2024-05-03T06:40:25","guid":{"rendered":"https:\/\/elfsight.com\/it\/?page_id=4941"},"modified":"2025-03-17T12:32:57","modified_gmt":"2025-03-17T12:32:57","slug":"blogger","status":"publish","type":"page","link":"https:\/\/elfsight.com\/it\/linkedin-feed-widget\/blogger\/","title":{"rendered":"LinkedIn Feed &#8211; Blogger"},"content":{"rendered":"\n<div class=\"application-platform-content-item-description application-platform-content-item\" id=\"description\" data-nav-section=\"description\"> <h2>Incorpora gratuitamente il feed di LinkedIn su Blogger!<\/h2> <p>Il plug-in Feed di LinkedIn \u00e8 lo strumento migliore per le aziende per mostrare e pubblicizzare i loro contenuti LinkedIn sui siti Web di Blogger: visualizzazione di post, immagini, video, ecc. L&#8217;installazione del plug-in richiede pochi tocchi di un pulsante: non sono richieste competenze di codifica o programmazione. <\/p> <p>Crea un look che si adatti all&#8217;estetica del tuo sito web e rimani fedele al marchio combinando elementi di feed personalizzati, modelli di widget, layout e stili di post. Aggiungi un effetto popup come azione post-clic per catturare l&#8217;attenzione degli utenti. Infine, sperimenta una maggiore credibilit\u00e0 e un migliore tasso di coinvolgimento. <\/p> <ul><li><strong>Potenzia le tue capacit\u00e0 di networking con la pagina aziendale di LinkedIn.<\/strong><br>Attiva nuove connessioni nel mondo del commercio e amplifica il numero di lead con i contenuti del tuo profilo LinkedIn . <\/li><li><strong>Aumenta il tuo seguito su LinkedIn.<\/strong> <br>Metti in evidenza la tua presenza su LinkedIn tra gli utenti del sito web di Blogger e suscita un interesse significativo per le tue offerte.<\/li><li><strong>Migliora l&#8217;autenticit\u00e0 della tua attivit\u00e0.<\/strong> <br>Fornisci un ulteriore livello di credibilit\u00e0 e affidabilit\u00e0 al tuo marchio mostrando l&#8217;attivit\u00e0 pi\u00f9 recente di LinkedIn direttamente sulla pagina del sito web.<\/li><\/ul><p><b>Aggiungi il widget Feed LinkedIn senza codice al sito web di Blogger per creare fiducia, promuovere l&#8217;autenticit\u00e0 ed estendere il networking con solide prove sociali. <\/b><\/p> <div class=\"faq\" data-component=\"FAQ\"><div class=\"faq-item\">\r\n\t\t\t\t\t<div class=\"faq-item-question\">\r\n\t\t\t\t\t\t<h3 class=\"faq-item-question-text\">Ci sono altri strumenti per Blogger che posso utilizzare sul mio sito web? <\/h3>\r\n\r\n\t\t\t\t\t\t<div class=\"faq-item-question-icon\"><\/div>\r\n\t\t\t\t\t<\/div>\r\n\r\n\t\t\t\t\t<div class=\"faq-item-answer\">\r\n\t\t\t\t\t\t<div class=\"faq-item-answer-text\"><p>S\u00ec, certamente! Essere un utente Blogger apre tantissimi strumenti senza codice da Elfsight e il plug-in Feed di LinkedIn \u00e8 solo una delle tante opzioni disponibili. Indipendentemente dalla tua nicchia aziendale o dal tuo settore, \u00e8 sempre utile cercare opportunit\u00e0 per mostrare i tuoi punti di forza. Ecco alcune possibilit\u00e0: <\/p><ul><li>Per creare qualsiasi altra app di social media per il tuo sito web Blogger simile al feed di LinkedIn, valuta la possibilit\u00e0 di utilizzare <a href=\"https:\/\/elfsight.com\/it\/pinterest-feed-widget\/\">Feed di Pinterest<\/a> o widget <a href=\"https:\/\/elfsight.com\/it\/instagram-feed-instashow\/\">Feed di Instagram<\/a>. <\/li><li>Approfitta delle <a href=\"https:\/\/elfsight.com\/it\/all-in-one-reviews-widget\/\">recensioni tutto in uno<\/a> o delle <a href=\"https:\/\/elfsight.com\/it\/google-reviews-widget\/\">Google Recensioni<\/a> per visualizzare preziosi feedback dei clienti. <\/li><li>Incorpora il <a href=\"https:\/\/elfsight.com\/it\/online-form-builder\/\">Form Builder<\/a> per semplificare la raccolta delle risposte e consentire agli utenti del tuo sito web Blogger di contattarti. <\/li> <li>Aggiungi il <a href=\"https:\/\/elfsight.com\/it\/countdown-timer-widget\/\">Timer per il conto alla rovescia<\/a> per generare coinvolgimento e creare un senso di scarsit\u00e0 nel tuo pubblico. <\/li><\/ul><p>E ricorda, questi suggerimenti sono solo l&#8217;inizio. Esplora il resto del nostro catalogo di widget da aggiungere dopo aver implementato il plug-in Feed di LinkedIn sul tuo sito web per scoprire ancora pi\u00f9 modi per soddisfare le tue esigenze aziendali specifiche! <\/p><\/div>\r\n\t\t\t\t\t<\/div>\r\n\t\t\t\t<\/div><div class=\"faq-item\">\r\n\t\t\t\t\t<div class=\"faq-item-question\">\r\n\t\t\t\t\t\t<h3 class=\"faq-item-question-text\">Come incorporare gratuitamente il feed di LinkedIn su Blogger? <\/h3>\r\n\r\n\t\t\t\t\t\t<div class=\"faq-item-question-icon\"><\/div>\r\n\t\t\t\t\t<\/div>\r\n\r\n\t\t\t\t\t<div class=\"faq-item-answer\">\r\n\t\t\t\t\t\t<div class=\"faq-item-answer-text\"><p>Se desideri aggiungere gratuitamente il plug-in del feed di LinkedIn senza codice al tuo sito Web di Blogger, procedi nel seguente modo di seguito: <\/p> <ol><li>Personalizza l&#8217;aspetto del widget Feed di LinkedIn per riflettere la scelta del design del tuo sito web. <\/li><li>Accedi al tuo pannello dashboard Elfsight o imposta un profilo gratuito. <\/li><li>Ricevi il codice di incorporamento generato automaticamente da aggiungere al tuo sito web. <\/li><li>Accedi al tuo sito web Blogger. <\/li><li>Inserisci il codice nell&#8217;editor del tuo sito web Blogger per aggiungere il widget Feed di LinkedIn. Hai finito! <\/li><\/ol><p>Come \u00e8 evidente, non \u00e8 necessario padroneggiare la scrittura del codice per incorporare il plugin. Crea facilmente il widget Feed LinkedIn senza codice per un sito Web Blogger e goditi i vari vantaggi che ti verranno offerti nel percorso di ampliamento del tuo pubblico. <\/p><\/div>\r\n\t\t\t\t\t<\/div>\r\n\t\t\t\t<\/div><div class=\"faq-item\">\r\n\t\t\t\t\t<div class=\"faq-item-question\">\r\n\t\t\t\t\t\t<h3 class=\"faq-item-question-text\">Devo sapere come programmare o avere competenze di programmazione per aggiungere il plug-in Feed di LinkedIn a Blogger? <\/h3>\r\n\r\n\t\t\t\t\t\t<div class=\"faq-item-question-icon\"><\/div>\r\n\t\t\t\t\t<\/div>\r\n\r\n\t\t\t\t\t<div class=\"faq-item-answer\">\r\n\t\t\t\t\t\t<div class=\"faq-item-answer-text\"><p>No, non sei obbligato ad averli. Le competenze di codifica non sono necessarie. Hai la piena capacit\u00e0 di creare e aggiungere il plug-in Feed di LinkedIn al tuo sito Web Blogger, anche senza alcuna conoscenza specializzata o precedente esperienza di programmazione. <\/p> <\/div>\r\n\t\t\t\t\t<\/div>\r\n\t\t\t\t<\/div><\/div><div class=\"application-platform-content-item-features application-platform-content-item\" id=\"features\" data-nav-section=\"features\"><\/div> <h2>Le funzionalit\u00e0 widget pi\u00f9 preziose contengono<\/h2> <ul><li>Visualizza una variet\u00e0 di contenuti LinkedIn: post di blog, foto , video, ecc. <\/li><li>Raggruppa i post dei feed per parole chiave, hashtag o filtri URL. <\/li><li>Aggiungi i pulsanti di invito all&#8217;azione per aumentare il coinvolgimento sul feed della tua azienda LinkedIn. <\/li><li>Effetto popup accattivante per attirare l&#8217;attenzione sui tuoi contenuti LinkedIn. <\/li><li>Personalizzazione avanzata senza necessit\u00e0 di codifica: modelli predefiniti, creatore di combinazioni di colori, design di layout multipli, stili di post, CSS personalizzati, ecc. <\/li><\/ul><p><a href=\"#demo\">Esplora tutte le impostazioni nella demo del widget completamente funzionale<\/a><\/p> <\/div> <div class=\"application-platform-content-item-installation application-platform-content-item\" id=\"installation\" data-nav-section=\"installation\"> <h2>Come posso incorporare il feed di LinkedIn nel mio sito web di Blogger? <\/h2> <p>Per aggiungere il feed LinkedIn senza codice al tuo sito web Blogger, segui queste istruzioni: <\/p> <ol><li><b>Gestisci la nostra demo gratuita e inizia a dare forma al tuo widget unico Feed LinkedIn. <\/b><br> Scegli l&#8217;interfaccia e le caratteristiche funzionali preferite del plugin e salva le correzioni. <\/li> <li><b>Copia il tuo codice individuale che viene mostrato nell&#8217;apposito modulo su Elfsight Apps. <\/b><br> Una volta terminata la configurazione del tuo plugin personale, copia il codice esclusivo nella casella emersa e conservalo per ulteriori necessit\u00e0. <\/li> <li><b>Inizia a utilizzare il widget sul tuo sito web Blogger. <\/b><br> Incorpora il codice che hai copiato di recente nel tuo sito web e salva le correzioni. <\/li> <li><b>Fatto! La configurazione \u00e8 stata completata con successo. <\/b><br> Vai al tuo sito web per dare un&#8217;occhiata a come viene eseguito il plug-in Feed di LinkedIn. <\/li><\/ol> <p>Se incontri degli ostacoli su come aggiungere il widget, sentiti libero di chiedere assistenza al nostro staff di supporto. I nostri consulenti non vedono l&#8217;ora di aiutarti con tutte le domande che potresti avere sul plug-in Feed LinkedIn senza codice per i siti Web di Blogger. <\/p> <\/div>\n","protected":false},"excerpt":{"rendered":"","protected":false},"author":9,"featured_media":0,"parent":3122,"menu_order":0,"comment_status":"closed","ping_status":"closed","template":"templates\/template-application-platform.php","meta":{"publish_to_discourse":"","publish_post_category":"","wpdc_auto_publish_overridden":"","wpdc_topic_tags":"","wpdc_pin_topic":"","wpdc_pin_until":"","discourse_post_id":"","discourse_permalink":"","wpdc_publishing_response":"","wpdc_publishing_error":"","footnotes":""},"class_list":["post-4941","page","type-page","status-publish","hentry"],"yoast_head":"<!-- This site is optimized with the Yoast SEO plugin v25.3.1 - https:\/\/yoast.com\/wordpress\/plugins\/seo\/ -->\n<title>Feed di LinkedIn - Aggiungi il widget Feed a Blogger [gratuitamente!]<\/title>\n<meta name=\"description\" content=\"Incorpora il widget Feed LinkedIn senza codifica sul tuo sito web Blogger. Costruisci il tuo plugin utilizzando una demo live e modelli predefiniti per avere una forte prova sociale.\" \/>\n<meta name=\"robots\" content=\"index, follow, max-snippet:-1, max-image-preview:large, max-video-preview:-1\" \/>\n<link rel=\"canonical\" href=\"https:\/\/elfsight.com\/it\/linkedin-feed-widget\/blogger\/\" \/>\n<meta property=\"og:locale\" content=\"it_IT\" \/>\n<meta property=\"og:type\" content=\"article\" \/>\n<meta property=\"og:title\" content=\"Feed di LinkedIn - Aggiungi il widget Feed a Blogger [gratuitamente!]\" \/>\n<meta property=\"og:description\" content=\"Incorpora il widget Feed LinkedIn senza codifica sul tuo sito web Blogger. Costruisci il tuo plugin utilizzando una demo live e modelli predefiniti per avere una forte prova sociale.\" \/>\n<meta property=\"og:url\" content=\"https:\/\/elfsight.com\/it\/linkedin-feed-widget\/blogger\/\" \/>\n<meta property=\"og:site_name\" content=\"Elfsight IT\" \/>\n<meta property=\"article:modified_time\" content=\"2025-03-17T12:32:57+00:00\" \/>\n<meta name=\"twitter:card\" content=\"summary_large_image\" \/>\n<meta name=\"twitter:label1\" content=\"Tempo di lettura stimato\" \/>\n\t<meta name=\"twitter:data1\" content=\"5 minuti\" \/>\n<!-- \/ Yoast SEO plugin. -->","yoast_head_json":{"title":"Feed di LinkedIn - Aggiungi il widget Feed a Blogger [gratuitamente!]","description":"Incorpora il widget Feed LinkedIn senza codifica sul tuo sito web Blogger. Costruisci il tuo plugin utilizzando una demo live e modelli predefiniti per avere una forte prova sociale.","robots":{"index":"index","follow":"follow","max-snippet":"max-snippet:-1","max-image-preview":"max-image-preview:large","max-video-preview":"max-video-preview:-1"},"canonical":"https:\/\/elfsight.com\/it\/linkedin-feed-widget\/blogger\/","og_locale":"it_IT","og_type":"article","og_title":"Feed di LinkedIn - Aggiungi il widget Feed a Blogger [gratuitamente!]","og_description":"Incorpora il widget Feed LinkedIn senza codifica sul tuo sito web Blogger. Costruisci il tuo plugin utilizzando una demo live e modelli predefiniti per avere una forte prova sociale.","og_url":"https:\/\/elfsight.com\/it\/linkedin-feed-widget\/blogger\/","og_site_name":"Elfsight IT","article_modified_time":"2025-03-17T12:32:57+00:00","twitter_card":"summary_large_image","twitter_misc":{"Tempo di lettura stimato":"5 minuti"},"schema":{"@context":"https:\/\/schema.org","@graph":[{"@type":"WebPage","@id":"https:\/\/elfsight.com\/it\/linkedin-feed-widget\/blogger\/","url":"https:\/\/elfsight.com\/it\/linkedin-feed-widget\/blogger\/","name":"Feed di LinkedIn - Aggiungi il widget Feed a Blogger [gratuitamente!]","isPartOf":{"@id":"https:\/\/elfsight.com\/it\/#website"},"datePublished":"2024-05-03T06:40:25+00:00","dateModified":"2025-03-17T12:32:57+00:00","description":"Incorpora il widget Feed LinkedIn senza codifica sul tuo sito web Blogger. Costruisci il tuo plugin utilizzando una demo live e modelli predefiniti per avere una forte prova sociale.","breadcrumb":{"@id":"https:\/\/elfsight.com\/it\/linkedin-feed-widget\/blogger\/#breadcrumb"},"inLanguage":"it-IT","potentialAction":[{"@type":"ReadAction","target":["https:\/\/elfsight.com\/it\/linkedin-feed-widget\/blogger\/"]}]},{"@type":"BreadcrumbList","@id":"https:\/\/elfsight.com\/it\/linkedin-feed-widget\/blogger\/#breadcrumb","itemListElement":[{"@type":"ListItem","position":1,"name":"Home","item":"https:\/\/elfsight.com\/it\/"},{"@type":"ListItem","position":2,"name":"LinkedIn Feed","item":"https:\/\/elfsight.com\/it\/linkedin-feed-widget\/"},{"@type":"ListItem","position":3,"name":"LinkedIn Feed &#8211; Blogger"}]},{"@type":"WebSite","@id":"https:\/\/elfsight.com\/it\/#website","url":"https:\/\/elfsight.com\/it\/","name":"Elfsight IT","description":"Just another Elfsight Sites site","potentialAction":[{"@type":"SearchAction","target":{"@type":"EntryPoint","urlTemplate":"https:\/\/elfsight.com\/it\/?s={search_term_string}"},"query-input":{"@type":"PropertyValueSpecification","valueRequired":true,"valueName":"search_term_string"}}],"inLanguage":"it-IT"}]}},"meta_box":{"industry":"","seo_heading":"","heading":"","description":"","cta_heading":"","cta_description":"","application":"3109","h1":"Come incorporare gratuitamente il feed di LinkedIn su Blogger!","h1_caption":"Visualizza i post dal tuo profilo LinkedIn o dalla pagina aziendale sul tuo sito web, migliorando facilmente la tua presenza online professionale nel tuo sito web Blogger.","application_category":[],"applications_title":"","applications_request_title":"","applications_request_button_text":"","hero_text":"","hero_video":"","hero_video_schema_markup":"","selling_points_title":"","selling_points_caption":"","selling_points":[],"selling_points_cta_text":"","features_title":"","features":"","ed_cta_examples_text":"","ed_cta_examples_hidden":"","ed_cta_demo_text":"","ed_cta_demo_hidden":"","why_caption":"","why_editor_title":"","why_editor_text":"","why_team_title":"","why_team_text":"","why_service_title":"","why_service_text":"","template_catalog_visible":"0","template_catalog_title":"","template_catalog_text":"","template_catalog_categories_visible":"","demo_title":"Crea il tuo widget Feed LinkedIn","demo_caption":"Configura il tuo feed LinkedIn e aggiungilo gratuitamente al tuo sito Blogger!","default_faq_hidden":"","app_template_category":[],"platform":"33","template_public_id":"","codecanyon_url":"","codecanyon_item_id":"","codecanyon_price":"","pricing_caption":"","pricing_elfsight_apps_hide_column":"","pricing_elfsight_apps_url":"","pricing_codecanyon_price_caption":"","integration_category":[],"integration_request_title":"","integration_request_cta":"","integration_platform":"","integrations":[],"platform_category":[],"video_schema_markup":"","price":"da $ 0 al mese","trial":"","benefits":[{"text":"Servizio di installazione gratuito"},{"text":"Assistenza clienti con esperienza"},{"text":"Garanzia di rimborso di 14 giorni"},{"text":"Aggiornamento costante"}],"button_url":"#demo","button_target_blank":"0","button_nofollow":"0","attributes":[{"name":"Installazioni"},{"name":"Reattivo","content":"S\u00cc"},{"name":"Browser compatibili","content":"IE11, Firefox, Safari, Opera, Chrome, Edge"}],"tags":[],"tags_disable_links":"0","hide_more_platforms":"0","video_object":"","demo_hide_cta":"0","demo_hide_cloud_options":"0","pricing_title":"","pricing":[{"pricing_icon":"platform","pricing_title":"Elfsight Apps","pricing_title_caption":"Soluzione digitale multipiattaforma adatta a qualsiasi sito web","pricing_price":"da $ 0 \/ mese","pricing_price_caption":"Inizia con un piano gratuito","pricing_benefits":[{"text":"Siti web illimitati"},{"text":"Supporto professionale e ben documentato"},{"text":"Servizio di installazione gratuito"},{"text":"Progettazione flessibile"}],"pricing_button_text":"Aggiungi al sito web","pricing_button_url":"#demo"}],"related_apps_title":"","related_apps_hidden":"0","author":"","image":[],"title":"","job":"","social_networks":[]},"_links":{"self":[{"href":"https:\/\/elfsight.com\/it\/wp-json\/wp\/v2\/pages\/4941","targetHints":{"allow":["GET"]}}],"collection":[{"href":"https:\/\/elfsight.com\/it\/wp-json\/wp\/v2\/pages"}],"about":[{"href":"https:\/\/elfsight.com\/it\/wp-json\/wp\/v2\/types\/page"}],"author":[{"embeddable":true,"href":"https:\/\/elfsight.com\/it\/wp-json\/wp\/v2\/users\/9"}],"replies":[{"embeddable":true,"href":"https:\/\/elfsight.com\/it\/wp-json\/wp\/v2\/comments?post=4941"}],"version-history":[{"count":2,"href":"https:\/\/elfsight.com\/it\/wp-json\/wp\/v2\/pages\/4941\/revisions"}],"predecessor-version":[{"id":8949,"href":"https:\/\/elfsight.com\/it\/wp-json\/wp\/v2\/pages\/4941\/revisions\/8949"}],"up":[{"embeddable":true,"href":"https:\/\/elfsight.com\/it\/wp-json\/wp\/v2\/pages\/3122"}],"wp:attachment":[{"href":"https:\/\/elfsight.com\/it\/wp-json\/wp\/v2\/media?parent=4941"}],"curies":[{"name":"wp","href":"https:\/\/api.w.org\/{rel}","templated":true}]}}