{"id":4939,"date":"2024-05-03T06:40:23","date_gmt":"2024-05-03T06:40:23","guid":{"rendered":"https:\/\/elfsight.com\/it\/?page_id=4939"},"modified":"2024-11-11T11:18:05","modified_gmt":"2024-11-11T11:18:05","slug":"facebook","status":"publish","type":"page","link":"https:\/\/elfsight.com\/it\/linkedin-feed-widget\/facebook\/","title":{"rendered":"LinkedIn Feed &#8211; Facebook Page"},"content":{"rendered":"\n<div class=\"application-platform-content-item-description application-platform-content-item\" id=\"description\" data-nav-section=\"description\"> <h2>Incorpora gratuitamente il feed LinkedIn sulla pagina Facebook!<\/h2> <p>Il widget Feed LinkedIn senza codice \u00e8 la soluzione ideale per le aziende per presentare e pubblicizzare i propri contenuti LinkedIn sui siti Web delle pagine Facebook: visualizzare post, immagini, clip, ecc. La configurazione del plug-in \u00e8 semplice: non sono richieste competenze tecniche o di codifica. <\/p> <p>Crea uno stile di feed che soddisfi l&#8217;estetica del tuo sito web e sperimenta abbinando attributi personalizzati, modelli, layout e stili di post. Aggiungi un effetto popup come azione post-clic per catturare l&#8217;attenzione degli utenti. E infine, goditi la maggiore fiducia e un migliore tasso di coinvolgimento.<\/p> <ul><li><strong>Migliora le tue capacit\u00e0 di networking con la pagina aziendale di LinkedIn.<\/strong><br>Stimola nuove relazioni nel mondo del commercio ed espandere la generazione di lead utilizzando i contenuti del tuo profilo LinkedIn. <\/li><li><strong>Espandi le dimensioni del tuo pubblico su LinkedIn.<\/strong> <br>Fai luce sulla tua presenza su LinkedIn nella community di utenti della Pagina Facebook e genera un interesse significativo per le tue offerte.<\/li> <li><strong>Amplifica l&#8217;autenticit\u00e0 della tua attivit\u00e0.<\/strong> <br>Dai un ulteriore livello di credibilit\u00e0 e affidabilit\u00e0 al tuo marchio condividendo l&#8217;attivit\u00e0 pi\u00f9 recente di LinkedIn direttamente sulla pagina del sito web. <\/li><\/ul><p><b>Aggiungi il plug-in del feed di LinkedIn al sito Web della pagina Facebook per rafforzare la credibilit\u00e0, incarnare la genuinit\u00e0 e ampliare la tua rete sfruttando una solida convalida sociale. <\/b><\/p> <div class=\"faq\" data-component=\"FAQ\"><div class=\"faq-item\">\r\n\t\t\t\t\t<div class=\"faq-item-question\">\r\n\t\t\t\t\t\t<h3 class=\"faq-item-question-text\">Ci sono altri strumenti per la Pagina Facebook che posso utilizzare sul mio sito web? <\/h3>\r\n\r\n\t\t\t\t\t\t<div class=\"faq-item-question-icon\"><\/div>\r\n\t\t\t\t\t<\/div>\r\n\r\n\t\t\t\t\t<div class=\"faq-item-answer\">\r\n\t\t\t\t\t\t<div class=\"faq-item-answer-text\"><p>S\u00ec, assolutamente! Come utente della pagina Facebook, Elfsight ti garantisce un&#8217;ampia selezione di strumenti senza codice e il plug-in Feed di LinkedIn \u00e8 solo una delle tante opzioni disponibili da aggiungere al sito web. Non importa che tipo di attivit\u00e0 svolgi o la nicchia specifica in cui lavori, ci sono sempre opportunit\u00e0 per mostrare i tuoi punti di forza. Ecco alcune idee: <\/p><ul><li>Per creare qualsiasi altra app di social media per il sito web della tua pagina Facebook, come il feed di LinkedIn, prova <a href=\"https:\/\/elfsight.com\/pinterest-feed-widget\/\">Feed di Pinterest<\/a> o widget <a href=\"https:\/\/elfsight.com\/instagram-feed-instashow\/\">Feed di Instagram<\/a>. <\/li><li>Scegli le <a href=\"https:\/\/elfsight.com\/all-in-one-reviews-widget\/\">recensioni tutto in uno<\/a> o <a href=\"https:\/\/elfsight.com\/it\/google-reviews-widget\/\">Google Recensioni<\/a> per visualizzare preziosi feedback dei clienti. <\/li><li>Incorpora il widget <a href=\"https:\/\/elfsight.com\/online-form-builder\/\">Form Builder<\/a> per raccogliere risposte e facilitare la comunicazione con gli utenti della tua pagina Facebook. <\/li> <li>Aggiungi il plug-in <a href=\"https:\/\/elfsight.com\/countdown-timer-widget\/\">Countdown Timer<\/a> per favorire il coinvolgimento e creare un senso di scarsit\u00e0 nel tuo pubblico. <\/li><\/ul><p>Questi esempi non fanno altro che graffiare la superficie della vasta gamma di aggiunte che possono soddisfare le tue esigenze aziendali. Inizia con il plug-in Feed LinkedIn senza codice per tornare pi\u00f9 tardi ed esplorare il restante assortimento di widget nel nostro catalogo da aggiungere alla pagina del tuo sito web! <\/p><\/div>\r\n\t\t\t\t\t<\/div>\r\n\t\t\t\t<\/div><div class=\"faq-item\">\r\n\t\t\t\t\t<div class=\"faq-item-question\">\r\n\t\t\t\t\t\t<h3 class=\"faq-item-question-text\">Come incorporare gratuitamente il feed di LinkedIn nella pagina Facebook? <\/h3>\r\n\r\n\t\t\t\t\t\t<div class=\"faq-item-question-icon\"><\/div>\r\n\t\t\t\t\t<\/div>\r\n\r\n\t\t\t\t\t<div class=\"faq-item-answer\">\r\n\t\t\t\t\t\t<div class=\"faq-item-answer-text\"><p>Se desideri aggiungere gratuitamente il plug-in del feed di LinkedIn al sito web della tua pagina Facebook, procedi nel seguente modo: <\/p> <ol><li>Personalizza l&#8217;aspetto del widget Feed di LinkedIn per adattarlo allo stile di design del tuo sito web. <\/li><li>Accedi al tuo pannello di amministrazione Elfsight o crea un profilo gratuito. <\/li><li>Ottieni il codice di installazione generato automaticamente da incorporare. <\/li><li>Accedi al sito web della tua pagina Facebook. <\/li><li>Inserisci il codice nel costruttore del sito web della tua Pagina Facebook per aggiungere il widget Feed di LinkedIn. Hai finito! <\/li><\/ol><p>Come evidente dal contesto, non \u00e8 necessario avere esperienza nella scrittura del codice per incorporare il plugin. Crea facilmente il widget Feed LinkedIn senza codice per il sito Web della tua pagina Facebook e goditi i vari vantaggi che accompagnano il processo di ampliamento del tuo pubblico. <\/p><\/div>\r\n\t\t\t\t\t<\/div>\r\n\t\t\t\t<\/div><div class=\"faq-item\">\r\n\t\t\t\t\t<div class=\"faq-item-question\">\r\n\t\t\t\t\t\t<h3 class=\"faq-item-question-text\">Devo sapere come programmare o avere competenze di programmazione per incorporare il feed di LinkedIn sulla pagina Facebook? <\/h3>\r\n\r\n\t\t\t\t\t\t<div class=\"faq-item-question-icon\"><\/div>\r\n\t\t\t\t\t<\/div>\r\n\r\n\t\t\t\t\t<div class=\"faq-item-answer\">\r\n\t\t\t\t\t\t<div class=\"faq-item-answer-text\"><p>No. Non \u00e8 necessario possedere alcuna esperienza di codifica. Hai la piena capacit\u00e0 di creare e aggiungere il plug-in Feed LinkedIn senza codice al sito Web della tua pagina Facebook, indipendentemente dalla tua familiarit\u00e0 o esperienza nella scrittura di codice. <\/p> <\/div>\r\n\t\t\t\t\t<\/div>\r\n\t\t\t\t<\/div><\/div><div class=\"application-platform-content-item-features application-platform-content-item\" id=\"features\" data-nav-section=\"features\"><\/div> <h2>Queste sono solo alcune delle numerose funzionalit\u00e0 del widget: <\/h2> <ul><li>Aggiungi varie forme di contenuto: post di blog, immagini, clip, ecc. <\/li><li>Filtra i post dei feed per parole chiave, hashtag o URL. <\/li><li>Pulsanti di invito all&#8217;azione per aumentare i numeri sul feed LinkedIn della tua azienda. <\/li><li>Effetto popup accattivante per attirare l&#8217;attenzione delle persone sui tuoi contenuti LinkedIn. <\/li><li>Facili opzioni di personalizzazione senza la necessit\u00e0 di scrivere codice: modelli predefiniti, generatore di combinazioni di colori, cinque design di layout, stili di post, CSS personalizzati e altro ancora. <\/li><\/ul><p><a href=\"#demo\">Basta controllare questa demo per vedere quanto vale il widget<\/a><\/p> <\/div> <div class=\"application-platform-content-item-installation application-platform-content-item\" id=\"installation\" data-nav-section=\"installation\"> <h2>Come posso aggiungere il feed LinkedIn sul sito web della mia pagina Facebook? <\/h2> <p>Per aggiungere il plug-in Feed di LinkedIn al sito Web della tua pagina Facebook, procedi come segue: <\/p> <ol><li><b>Apri il nostro editor gratuito e inizia a modellare il tuo plug-in Feed di LinkedIn personalizzato. <\/b><br> Scegli il modulo personalizzato e le opzioni dello strumento e applica le modifiche. <\/li> <li><b>Copia il tuo codice individuale rivelato nella casella su Elfsight Apps. <\/b><br> Una volta completata la personalizzazione del tuo plugin personale, copia il codice esclusivo nella finestra emersa e conservalo per ulteriori necessit\u00e0. <\/li> <li><b>Avvia l&#8217;utilizzo del widget sul sito web della tua pagina Facebook. <\/b><br> Incorpora il codice copiato in precedenza sul tuo sito web e salva le modifiche. <\/li> <li><b>Fatto! L&#8217;integrazione \u00e8 stata eseguita con successo. <\/b><br> Vai al tuo sito web per vedere come funziona il widget Feed di LinkedIn. <\/li><\/ol> <p>Se hai difficolt\u00e0 su come aggiungere il widget, contatta il nostro team di supporto. I nostri specialisti non vedono l&#8217;ora di aiutarti con tutti i problemi che potresti riscontrare con il plug-in Feed LinkedIn senza codice per i siti Web delle pagine Facebook. <\/p> <\/div>\n","protected":false},"excerpt":{"rendered":"","protected":false},"author":9,"featured_media":0,"parent":3122,"menu_order":0,"comment_status":"closed","ping_status":"closed","template":"templates\/template-application-platform.php","meta":{"publish_to_discourse":"","publish_post_category":"","wpdc_auto_publish_overridden":"","wpdc_topic_tags":"","wpdc_pin_topic":"","wpdc_pin_until":"","discourse_post_id":"","discourse_permalink":"","wpdc_publishing_response":"","wpdc_publishing_error":"","footnotes":""},"class_list":["post-4939","page","type-page","status-publish","hentry"],"yoast_head":"<!-- This site is optimized with the Yoast SEO plugin v25.3.1 - https:\/\/yoast.com\/wordpress\/plugins\/seo\/ -->\n<title>Feed LinkedIn - Aggiungi il plugin Feed alla Pagina Facebook [gratuitamente!]<\/title>\n<meta name=\"description\" content=\"Incorpora il plug-in Feed LinkedIn senza codifica nel sito Web della tua pagina Facebook. Costruisci il tuo widget utilizzando una demo live e modelli predefiniti per avere una forte prova sociale.\" \/>\n<meta name=\"robots\" content=\"index, follow, max-snippet:-1, max-image-preview:large, max-video-preview:-1\" \/>\n<link rel=\"canonical\" href=\"https:\/\/elfsight.com\/it\/linkedin-feed-widget\/facebook\/\" \/>\n<meta property=\"og:locale\" content=\"it_IT\" \/>\n<meta property=\"og:type\" content=\"article\" \/>\n<meta property=\"og:title\" content=\"Feed LinkedIn - Aggiungi il plugin Feed alla Pagina Facebook [gratuitamente!]\" \/>\n<meta property=\"og:description\" content=\"Incorpora il plug-in Feed LinkedIn senza codifica nel sito Web della tua pagina Facebook. Costruisci il tuo widget utilizzando una demo live e modelli predefiniti per avere una forte prova sociale.\" \/>\n<meta property=\"og:url\" content=\"https:\/\/elfsight.com\/it\/linkedin-feed-widget\/facebook\/\" \/>\n<meta property=\"og:site_name\" content=\"Elfsight IT\" \/>\n<meta property=\"article:modified_time\" content=\"2024-11-11T11:18:05+00:00\" \/>\n<meta name=\"twitter:card\" content=\"summary_large_image\" \/>\n<meta name=\"twitter:label1\" content=\"Tempo di lettura stimato\" \/>\n\t<meta name=\"twitter:data1\" content=\"5 minuti\" \/>\n<!-- \/ Yoast SEO plugin. -->","yoast_head_json":{"title":"Feed LinkedIn - Aggiungi il plugin Feed alla Pagina Facebook [gratuitamente!]","description":"Incorpora il plug-in Feed LinkedIn senza codifica nel sito Web della tua pagina Facebook. Costruisci il tuo widget utilizzando una demo live e modelli predefiniti per avere una forte prova sociale.","robots":{"index":"index","follow":"follow","max-snippet":"max-snippet:-1","max-image-preview":"max-image-preview:large","max-video-preview":"max-video-preview:-1"},"canonical":"https:\/\/elfsight.com\/it\/linkedin-feed-widget\/facebook\/","og_locale":"it_IT","og_type":"article","og_title":"Feed LinkedIn - Aggiungi il plugin Feed alla Pagina Facebook [gratuitamente!]","og_description":"Incorpora il plug-in Feed LinkedIn senza codifica nel sito Web della tua pagina Facebook. Costruisci il tuo widget utilizzando una demo live e modelli predefiniti per avere una forte prova sociale.","og_url":"https:\/\/elfsight.com\/it\/linkedin-feed-widget\/facebook\/","og_site_name":"Elfsight IT","article_modified_time":"2024-11-11T11:18:05+00:00","twitter_card":"summary_large_image","twitter_misc":{"Tempo di lettura stimato":"5 minuti"},"schema":{"@context":"https:\/\/schema.org","@graph":[{"@type":"WebPage","@id":"https:\/\/elfsight.com\/it\/linkedin-feed-widget\/facebook\/","url":"https:\/\/elfsight.com\/it\/linkedin-feed-widget\/facebook\/","name":"Feed LinkedIn - Aggiungi il plugin Feed alla Pagina Facebook [gratuitamente!]","isPartOf":{"@id":"https:\/\/elfsight.com\/it\/#website"},"datePublished":"2024-05-03T06:40:23+00:00","dateModified":"2024-11-11T11:18:05+00:00","description":"Incorpora il plug-in Feed LinkedIn senza codifica nel sito Web della tua pagina Facebook. Costruisci il tuo widget utilizzando una demo live e modelli predefiniti per avere una forte prova sociale.","breadcrumb":{"@id":"https:\/\/elfsight.com\/it\/linkedin-feed-widget\/facebook\/#breadcrumb"},"inLanguage":"it-IT","potentialAction":[{"@type":"ReadAction","target":["https:\/\/elfsight.com\/it\/linkedin-feed-widget\/facebook\/"]}]},{"@type":"BreadcrumbList","@id":"https:\/\/elfsight.com\/it\/linkedin-feed-widget\/facebook\/#breadcrumb","itemListElement":[{"@type":"ListItem","position":1,"name":"Home","item":"https:\/\/elfsight.com\/it\/"},{"@type":"ListItem","position":2,"name":"LinkedIn Feed","item":"https:\/\/elfsight.com\/it\/linkedin-feed-widget\/"},{"@type":"ListItem","position":3,"name":"LinkedIn Feed &#8211; Facebook Page"}]},{"@type":"WebSite","@id":"https:\/\/elfsight.com\/it\/#website","url":"https:\/\/elfsight.com\/it\/","name":"Elfsight IT","description":"Just another Elfsight Sites site","potentialAction":[{"@type":"SearchAction","target":{"@type":"EntryPoint","urlTemplate":"https:\/\/elfsight.com\/it\/?s={search_term_string}"},"query-input":{"@type":"PropertyValueSpecification","valueRequired":true,"valueName":"search_term_string"}}],"inLanguage":"it-IT"}]}},"meta_box":{"industry":"","seo_heading":"","heading":"","description":"","cta_heading":"","cta_description":"","application":"3109","h1":"Come incorporare gratuitamente il feed LinkedIn sulla pagina Facebook!","h1_caption":"Visualizza i post dal tuo profilo LinkedIn o dalla pagina aziendale sul tuo sito web, migliorando facilmente la tua presenza online professionale nel sito web della tua Pagina Facebook.","application_category":[],"applications_title":"","applications_request_title":"","applications_request_button_text":"","hero_text":"","hero_video":"","hero_video_schema_markup":"","selling_points_title":"","selling_points_caption":"","selling_points":[],"selling_points_cta_text":"","features_title":"","features":"","ed_cta_examples_text":"","ed_cta_examples_hidden":"","ed_cta_demo_text":"","ed_cta_demo_hidden":"","why_caption":"","why_editor_title":"","why_editor_text":"","why_team_title":"","why_team_text":"","why_service_title":"","why_service_text":"","template_catalog_visible":"0","template_catalog_title":"","template_catalog_text":"","template_catalog_categories_visible":"","demo_title":"Crea il tuo widget Feed LinkedIn","demo_caption":"Configura il tuo feed LinkedIn e aggiungilo gratuitamente al sito web della tua pagina Facebook!","default_faq_hidden":"","app_template_category":[],"platform":"77","template_public_id":"","codecanyon_url":"","codecanyon_item_id":"","codecanyon_price":"","pricing_caption":"","pricing_elfsight_apps_hide_column":"","pricing_elfsight_apps_url":"","pricing_codecanyon_price_caption":"","integration_category":[],"integration_request_title":"","integration_request_cta":"","integration_platform":"","integrations":[],"platform_category":[],"video_schema_markup":"","price":"da $ 0 al mese","trial":"","benefits":[{"text":"Servizio di installazione gratuito"},{"text":"Servizio clienti efficace"},{"text":"Garanzia di rimborso di 14 giorni"},{"text":"Aggiornamenti futuri"}],"button_url":"#demo","button_target_blank":"0","button_nofollow":"0","attributes":[{"name":"Installazioni"},{"name":"Reattivo","content":"S\u00cc"},{"name":"Browser compatibili","content":"Firefox, Safari, Opera, Chrome, Edge"}],"tags":[],"tags_disable_links":"0","hide_more_platforms":"","video_object":"","demo_hide_cta":"0","demo_hide_cloud_options":"0","pricing_title":"","pricing":[{"pricing_icon":"platform","pricing_title":"Elfsight Apps","pricing_title_caption":"Soluzione multipiattaforma che funziona su qualsiasi sito web","pricing_price":"da $ 0 \/ mese","pricing_price_caption":"Inizia con un piano gratuito","pricing_benefits":[{"text":"Siti web illimitati"},{"text":"Supporto 24 ore su 24, 7 giorni su 7"},{"text":"Servizio di installazione gratuito"},{"text":"Completamente personalizzabile"}],"pricing_button_text":"Aggiungi al sito web","pricing_button_url":"#demo"}],"related_apps_title":"","related_apps_hidden":"0","author":"","image":[],"title":"","job":"","social_networks":[]},"_links":{"self":[{"href":"https:\/\/elfsight.com\/it\/wp-json\/wp\/v2\/pages\/4939","targetHints":{"allow":["GET"]}}],"collection":[{"href":"https:\/\/elfsight.com\/it\/wp-json\/wp\/v2\/pages"}],"about":[{"href":"https:\/\/elfsight.com\/it\/wp-json\/wp\/v2\/types\/page"}],"author":[{"embeddable":true,"href":"https:\/\/elfsight.com\/it\/wp-json\/wp\/v2\/users\/9"}],"replies":[{"embeddable":true,"href":"https:\/\/elfsight.com\/it\/wp-json\/wp\/v2\/comments?post=4939"}],"version-history":[{"count":2,"href":"https:\/\/elfsight.com\/it\/wp-json\/wp\/v2\/pages\/4939\/revisions"}],"predecessor-version":[{"id":7893,"href":"https:\/\/elfsight.com\/it\/wp-json\/wp\/v2\/pages\/4939\/revisions\/7893"}],"up":[{"embeddable":true,"href":"https:\/\/elfsight.com\/it\/wp-json\/wp\/v2\/pages\/3122"}],"wp:attachment":[{"href":"https:\/\/elfsight.com\/it\/wp-json\/wp\/v2\/media?parent=4939"}],"curies":[{"name":"wp","href":"https:\/\/api.w.org\/{rel}","templated":true}]}}