{"id":4938,"date":"2024-05-03T06:40:22","date_gmt":"2024-05-03T06:40:22","guid":{"rendered":"https:\/\/elfsight.com\/it\/?page_id=4938"},"modified":"2025-03-18T05:22:41","modified_gmt":"2025-03-18T05:22:41","slug":"weebly","status":"publish","type":"page","link":"https:\/\/elfsight.com\/it\/linkedin-feed-widget\/weebly\/","title":{"rendered":"LinkedIn Feed &#8211; Weebly"},"content":{"rendered":"\n<div class=\"application-platform-content-item-description application-platform-content-item\" id=\"description\" data-nav-section=\"description\"> <h2>Incorpora gratuitamente il feed di LinkedIn su Weebly!<\/h2> <p>Il plug-in Feed di LinkedIn offre alle aziende un&#8217;opportunit\u00e0 all&#8217;avanguardia di mostrare e pubblicizzare i propri contenuti LinkedIn sui siti Web Weebly: visualizzare post, foto, clip, ecc. La configurazione del widget \u00e8 semplice: non \u00e8 richiesta alcuna conoscenza di codifica o programmazione. <\/p> <p>Crea uno stile di feed che rifletta le esigenze del tuo sito web e rimani fedele al marchio giocando con elementi personalizzati, modelli, layout e stili di post. Aggiungi un effetto popup come azione post-clic per attirare l&#8217;attenzione degli utenti. Infine, goditi la fiducia suscitata e il marchio ben consolidato nel settore.<\/p> <ul><li><strong>Potenzia i tuoi canali di networking con la pagina aziendale di LinkedIn.<\/strong><br>Instaura nuove relazioni nell&#8217;azienda realizza e aumenta il numero di lead sfruttando i contenuti del tuo profilo LinkedIn. <\/li><li><strong>Fai crescere la tua base di pubblico su LinkedIn.<\/strong> <br>Illumina la tua presenza su LinkedIn tra gli utenti Weebly e promuovi un grande interesse per i tuoi servizi.<\/li><li><strong> Rendi la tua attivit\u00e0 pi\u00f9 genuina.<\/strong> <br>Aggiungi un ulteriore livello di credibilit\u00e0 e affidabilit\u00e0 al tuo marchio integrando l&#8217;attivit\u00e0 LinkedIn pi\u00f9 recente direttamente nella pagina del sito web.<\/li><\/ul><p><b>Aggiungi il widget Feed LinkedIn senza codice sul sito Web Weebly per promuovere la fiducia, mostrare l&#8217;autenticit\u00e0 ed estendere il networking attraverso una forte conferma sociale. <\/b><\/p> <div class=\"faq\" data-component=\"FAQ\"><div class=\"faq-item\">\r\n\t\t\t\t\t<div class=\"faq-item-question\">\r\n\t\t\t\t\t\t<h3 class=\"faq-item-question-text\">Esistono altri strumenti per Weebly che posso utilizzare sul mio sito web? <\/h3>\r\n\r\n\t\t\t\t\t\t<div class=\"faq-item-question-icon\"><\/div>\r\n\t\t\t\t\t<\/div>\r\n\r\n\t\t\t\t\t<div class=\"faq-item-answer\">\r\n\t\t\t\t\t\t<div class=\"faq-item-answer-text\"><p>S\u00ec, infatti! Essere un utente Weebly ti offre un&#8217;ampia selezione di strumenti senza codice da Elfsight, incluso il plug-in Feed di LinkedIn. Indipendentemente dal tipo di attivit\u00e0 o dalla nicchia nel settore, ci sono sempre opportunit\u00e0 per mostrare i propri punti di forza. Considera le seguenti possibilit\u00e0: <\/p><ul><li>Per creare qualsiasi altra app di social media per il tuo sito web Weebly simile al feed di LinkedIn, valuta la possibilit\u00e0 di sperimentare <a href=\"https:\/\/elfsight.com\/pinterest-feed-widget\/\">Feed di Pinterest<\/a> o widget <a href=\"https:\/\/elfsight.com\/it\/instagram-feed-instashow\/\">Feed di Instagram<\/a>. <\/li><li>Procurati le <a href=\"https:\/\/elfsight.com\/it\/all-in-one-reviews-widget\/\">recensioni tutto in uno<\/a> o <a href=\"https:\/\/elfsight.com\/it\/google-reviews-widget\/\">Google Recensioni<\/a> per visualizzare preziosi feedback dei clienti. <\/li><li>Incorpora il plugin <a href=\"https:\/\/elfsight.com\/it\/online-form-builder\/\">Form Builder<\/a> per semplificare la raccolta delle risposte e abilitare le interazioni degli utenti sul tuo sito web Weebly. <\/li> <li>Aggiungi il plug-in <a href=\"https:\/\/elfsight.com\/it\/countdown-timer-widget\/\">Countdown Timer<\/a> per generare anticipazione e creare un senso di scarsit\u00e0 nel tuo pubblico. <\/li><\/ul><p>E ricorda, questi suggerimenti per l&#8217;incorporamento sono solo l&#8217;inizio. Esplora il nostro ampio catalogo di widget dopo aver implementato il plug-in Feed LinkedIn senza codice per scoprire ancora pi\u00f9 modi per soddisfare le tue esigenze aziendali! <\/p><\/div>\r\n\t\t\t\t\t<\/div>\r\n\t\t\t\t<\/div><div class=\"faq-item\">\r\n\t\t\t\t\t<div class=\"faq-item-question\">\r\n\t\t\t\t\t\t<h3 class=\"faq-item-question-text\">Come incorporare gratuitamente il feed di LinkedIn su Weebly? <\/h3>\r\n\r\n\t\t\t\t\t\t<div class=\"faq-item-question-icon\"><\/div>\r\n\t\t\t\t\t<\/div>\r\n\r\n\t\t\t\t\t<div class=\"faq-item-answer\">\r\n\t\t\t\t\t\t<div class=\"faq-item-answer-text\"><p>Per includere gratuitamente il widget del feed di LinkedIn sul tuo sito Web Weebly, procedi come segue: <\/p> <ol><li>Personalizza l&#8217;aspetto del plug-in Feed di LinkedIn per adattarlo alla tua estetica e aggiungere un po&#8217; di pepe. <\/li><li>Accedi al tuo pannello dashboard Elfsight o imposta un profilo utente gratuito. <\/li><li>Ricevi il codice di installazione univoco da incorporare. <\/li><li>Vai al tuo sito web Weebly. <\/li><li>Inserisci il codice nell&#8217;editor del tuo sito web Weebly per aggiungere il plug-in Feed di LinkedIn. Fatto! <\/li><\/ol><p>Come puoi osservare, non \u00e8 necessario diventare esperti nella scrittura del codice per incorporare il plugin. Visualizza facilmente il widget Feed LinkedIn senza codice su un sito Web Weebly e sperimenta tutti i vantaggi che ne derivano espandendo il tuo pubblico. <\/p><\/div>\r\n\t\t\t\t\t<\/div>\r\n\t\t\t\t<\/div><div class=\"faq-item\">\r\n\t\t\t\t\t<div class=\"faq-item-question\">\r\n\t\t\t\t\t\t<h3 class=\"faq-item-question-text\">Devo sapere come programmare o avere competenze di programmazione per incorporare il widget del feed di LinkedIn su Weebly? <\/h3>\r\n\r\n\t\t\t\t\t\t<div class=\"faq-item-question-icon\"><\/div>\r\n\t\t\t\t\t<\/div>\r\n\r\n\t\t\t\t\t<div class=\"faq-item-answer\">\r\n\t\t\t\t\t\t<div class=\"faq-item-answer-text\"><p>Niente affatto. L&#8217;abilit\u00e0 di codifica non \u00e8 assolutamente necessaria. Puoi creare e aggiungere facilmente il widget Feed di LinkedIn al tuo sito Web Weebly senza alcuna conoscenza specializzata o conoscenza precedente del codice. <\/p> <\/div>\r\n\t\t\t\t\t<\/div>\r\n\t\t\t\t<\/div><\/div><div class=\"application-platform-content-item-features application-platform-content-item\" id=\"features\" data-nav-section=\"features\"><\/div> <h2>Offriamo funzionalit\u00e0 pratiche e semplici, controllane alcune: <\/h2> <ul><li>Condividi tutti i tipi di contenuti: post di blog, foto, video, ecc. <\/li><li>Filtra i post dei feed per parole chiave, hashtag o URL. <\/li><li>Aggiungi i pulsanti CTA per aumentare il coinvolgimento sul feed LinkedIn della tua azienda. <\/li><li>Modalit\u00e0 popup dinamica per attirare l&#8217;attenzione delle persone sui tuoi contenuti LinkedIn. <\/li><li>Personalizzazione avanzata senza necessit\u00e0 di codifica: modelli predefiniti, generatore di combinazioni di colori, layout, stili di post, CSS personalizzati, ecc. <\/li><\/ul><p><a href=\"#demo\">Puoi vedere cosa offre il widget provando la demo<\/a><\/p> <\/div> <div class=\"application-platform-content-item-installation application-platform-content-item\" id=\"installation\" data-nav-section=\"installation\"> <h2>Come aggiungere il feed LinkedIn al mio sito web Weebly? <\/h2> <p>Se desideri aggiungere il feed LinkedIn senza codice al tuo sito web Weebly, procedi nel seguente modo: <\/p> <ol><li><b>Esegui la nostra demo gratuita e inizia a creare il tuo LinkedIn personalizzato Plug-in di alimentazione. <\/b><br> Trova l&#8217;aspetto e la funzionalit\u00e0 adatti al widget e salva le modifiche. <\/li> <li><b>Acquisisci il tuo codice personale esposto nella finestra su Elfsight Apps. <\/b><br> Non appena la configurazione del tuo strumento \u00e8 terminata, copia il codice personale dal popup visualizzato e conservalo per un utilizzo successivo. <\/li> <li><b>Inizia a utilizzare il widget sul tuo sito web Weebly. <\/b><br> Aggiungi il codice che hai copiato di recente sul tuo sito web e salva le modifiche. <\/li> <li><b>Il gioco \u00e8 fatto! Il processo di incorporamento \u00e8 terminato con successo. <\/b><br> Visita il tuo sito web per verificare il funzionamento del plug-in Feed di LinkedIn. <\/li><\/ol> <p>Se incontri qualche difficolt\u00e0 su come aggiungere il widget, non aver paura di rivolgerti al nostro team di assistenza clienti. I nostri consulenti sono ansiosi di risolvere tutte le difficolt\u00e0 che potresti avere con il plug-in Feed LinkedIn senza codice per i siti Web Weebly.<\/p> <\/div>\n","protected":false},"excerpt":{"rendered":"","protected":false},"author":9,"featured_media":0,"parent":3122,"menu_order":0,"comment_status":"closed","ping_status":"closed","template":"templates\/template-application-platform.php","meta":{"publish_to_discourse":"","publish_post_category":"","wpdc_auto_publish_overridden":"","wpdc_topic_tags":"","wpdc_pin_topic":"","wpdc_pin_until":"","discourse_post_id":"","discourse_permalink":"","wpdc_publishing_response":"","wpdc_publishing_error":"","footnotes":""},"class_list":["post-4938","page","type-page","status-publish","hentry"],"yoast_head":"<!-- This site is optimized with the Yoast SEO plugin v25.3.1 - https:\/\/yoast.com\/wordpress\/plugins\/seo\/ -->\n<title>Feed di LinkedIn - Aggiungi l&#039;app Feed a Weebly [gratuitamente!]<\/title>\n<meta name=\"description\" content=\"Incorpora l&#039;app LinkedIn Feed senza codifica sul tuo sito web Weebly. Costruisci il tuo widget utilizzando una demo live e modelli predefiniti per avere una forte prova sociale.\" \/>\n<meta name=\"robots\" content=\"index, follow, max-snippet:-1, max-image-preview:large, max-video-preview:-1\" \/>\n<link rel=\"canonical\" href=\"https:\/\/elfsight.com\/it\/linkedin-feed-widget\/weebly\/\" \/>\n<meta property=\"og:locale\" content=\"it_IT\" \/>\n<meta property=\"og:type\" content=\"article\" \/>\n<meta property=\"og:title\" content=\"Feed di LinkedIn - Aggiungi l&#039;app Feed a Weebly [gratuitamente!]\" \/>\n<meta property=\"og:description\" content=\"Incorpora l&#039;app LinkedIn Feed senza codifica sul tuo sito web Weebly. Costruisci il tuo widget utilizzando una demo live e modelli predefiniti per avere una forte prova sociale.\" \/>\n<meta property=\"og:url\" content=\"https:\/\/elfsight.com\/it\/linkedin-feed-widget\/weebly\/\" \/>\n<meta property=\"og:site_name\" content=\"Elfsight IT\" \/>\n<meta property=\"article:modified_time\" content=\"2025-03-18T05:22:41+00:00\" \/>\n<meta name=\"twitter:card\" content=\"summary_large_image\" \/>\n<meta name=\"twitter:label1\" content=\"Tempo di lettura stimato\" \/>\n\t<meta name=\"twitter:data1\" content=\"5 minuti\" \/>\n<!-- \/ Yoast SEO plugin. -->","yoast_head_json":{"title":"Feed di LinkedIn - Aggiungi l'app Feed a Weebly [gratuitamente!]","description":"Incorpora l'app LinkedIn Feed senza codifica sul tuo sito web Weebly. Costruisci il tuo widget utilizzando una demo live e modelli predefiniti per avere una forte prova sociale.","robots":{"index":"index","follow":"follow","max-snippet":"max-snippet:-1","max-image-preview":"max-image-preview:large","max-video-preview":"max-video-preview:-1"},"canonical":"https:\/\/elfsight.com\/it\/linkedin-feed-widget\/weebly\/","og_locale":"it_IT","og_type":"article","og_title":"Feed di LinkedIn - Aggiungi l'app Feed a Weebly [gratuitamente!]","og_description":"Incorpora l'app LinkedIn Feed senza codifica sul tuo sito web Weebly. Costruisci il tuo widget utilizzando una demo live e modelli predefiniti per avere una forte prova sociale.","og_url":"https:\/\/elfsight.com\/it\/linkedin-feed-widget\/weebly\/","og_site_name":"Elfsight IT","article_modified_time":"2025-03-18T05:22:41+00:00","twitter_card":"summary_large_image","twitter_misc":{"Tempo di lettura stimato":"5 minuti"},"schema":{"@context":"https:\/\/schema.org","@graph":[{"@type":"WebPage","@id":"https:\/\/elfsight.com\/it\/linkedin-feed-widget\/weebly\/","url":"https:\/\/elfsight.com\/it\/linkedin-feed-widget\/weebly\/","name":"Feed di LinkedIn - Aggiungi l'app Feed a Weebly [gratuitamente!]","isPartOf":{"@id":"https:\/\/elfsight.com\/it\/#website"},"datePublished":"2024-05-03T06:40:22+00:00","dateModified":"2025-03-18T05:22:41+00:00","description":"Incorpora l'app LinkedIn Feed senza codifica sul tuo sito web Weebly. Costruisci il tuo widget utilizzando una demo live e modelli predefiniti per avere una forte prova sociale.","breadcrumb":{"@id":"https:\/\/elfsight.com\/it\/linkedin-feed-widget\/weebly\/#breadcrumb"},"inLanguage":"it-IT","potentialAction":[{"@type":"ReadAction","target":["https:\/\/elfsight.com\/it\/linkedin-feed-widget\/weebly\/"]}]},{"@type":"BreadcrumbList","@id":"https:\/\/elfsight.com\/it\/linkedin-feed-widget\/weebly\/#breadcrumb","itemListElement":[{"@type":"ListItem","position":1,"name":"Home","item":"https:\/\/elfsight.com\/it\/"},{"@type":"ListItem","position":2,"name":"LinkedIn Feed","item":"https:\/\/elfsight.com\/it\/linkedin-feed-widget\/"},{"@type":"ListItem","position":3,"name":"LinkedIn Feed &#8211; Weebly"}]},{"@type":"WebSite","@id":"https:\/\/elfsight.com\/it\/#website","url":"https:\/\/elfsight.com\/it\/","name":"Elfsight IT","description":"Just another Elfsight Sites site","potentialAction":[{"@type":"SearchAction","target":{"@type":"EntryPoint","urlTemplate":"https:\/\/elfsight.com\/it\/?s={search_term_string}"},"query-input":{"@type":"PropertyValueSpecification","valueRequired":true,"valueName":"search_term_string"}}],"inLanguage":"it-IT"}]}},"meta_box":{"industry":"","seo_heading":"","heading":"","description":"","cta_heading":"","cta_description":"","application":"3109","h1":"Come incorporare gratuitamente il feed LinkedIn su Weebly!","h1_caption":"Visualizza i post dal tuo profilo LinkedIn o dalla pagina aziendale sul tuo sito web, migliorando facilmente la tua presenza online professionale nel tuo sito web Weebly.","application_category":[],"applications_title":"","applications_request_title":"","applications_request_button_text":"","hero_text":"","hero_video":"","hero_video_schema_markup":"","selling_points_title":"","selling_points_caption":"","selling_points":[],"selling_points_cta_text":"","features_title":"","features":"","ed_cta_examples_text":"","ed_cta_examples_hidden":"","ed_cta_demo_text":"","ed_cta_demo_hidden":"","why_caption":"","why_editor_title":"","why_editor_text":"","why_team_title":"","why_team_text":"","why_service_title":"","why_service_text":"","template_catalog_visible":"0","template_catalog_title":"","template_catalog_text":"","template_catalog_categories_visible":"","demo_title":"Crea la tua app Feed LinkedIn","demo_caption":"Configura il tuo feed LinkedIn e aggiungilo gratuitamente al tuo sito Web Weebly!","default_faq_hidden":"","app_template_category":[],"platform":"45","template_public_id":"","codecanyon_url":"","codecanyon_item_id":"","codecanyon_price":"","pricing_caption":"","pricing_elfsight_apps_hide_column":"","pricing_elfsight_apps_url":"","pricing_codecanyon_price_caption":"","integration_category":[],"integration_request_title":"","integration_request_cta":"","integration_platform":"","integrations":[],"platform_category":[],"video_schema_markup":"","price":"da $ 0 al mese","trial":"","benefits":[{"text":"Aiuto per l'installazione gratuito"},{"text":"Supporto premium"},{"text":"Garanzia di rimborso di 14 giorni"},{"text":"Miglioramenti gratuiti regolari"}],"button_url":"#demo","button_target_blank":"0","button_nofollow":"0","attributes":[{"name":"Installazioni"},{"name":"Reattivo","content":"S\u00cc"},{"name":"Browser compatibili","content":"Firefox, Safari, Opera, Chrome, Edge"}],"tags":[],"tags_disable_links":"0","hide_more_platforms":"0","video_object":"","demo_hide_cta":"0","demo_hide_cloud_options":"0","pricing_title":"","pricing":[{"pricing_icon":"platform","pricing_title":"Elfsight Apps","pricing_title_caption":"Software indipendente dalla piattaforma che funziona su qualsiasi sito web","pricing_price":"da $ 0 \/ mese","pricing_price_caption":"Inizia con un piano gratuito","pricing_benefits":[{"text":"Siti web illimitati"},{"text":"Supporto aziendale premium"},{"text":"Assistenza gratuita per l'installazione"},{"text":"Progettazione flessibile"}],"pricing_button_text":"Aggiungi al sito web","pricing_button_url":"#demo"}],"related_apps_title":"","related_apps_hidden":"0","author":"","image":[],"title":"","job":"","social_networks":[]},"_links":{"self":[{"href":"https:\/\/elfsight.com\/it\/wp-json\/wp\/v2\/pages\/4938","targetHints":{"allow":["GET"]}}],"collection":[{"href":"https:\/\/elfsight.com\/it\/wp-json\/wp\/v2\/pages"}],"about":[{"href":"https:\/\/elfsight.com\/it\/wp-json\/wp\/v2\/types\/page"}],"author":[{"embeddable":true,"href":"https:\/\/elfsight.com\/it\/wp-json\/wp\/v2\/users\/9"}],"replies":[{"embeddable":true,"href":"https:\/\/elfsight.com\/it\/wp-json\/wp\/v2\/comments?post=4938"}],"version-history":[{"count":3,"href":"https:\/\/elfsight.com\/it\/wp-json\/wp\/v2\/pages\/4938\/revisions"}],"predecessor-version":[{"id":8976,"href":"https:\/\/elfsight.com\/it\/wp-json\/wp\/v2\/pages\/4938\/revisions\/8976"}],"up":[{"embeddable":true,"href":"https:\/\/elfsight.com\/it\/wp-json\/wp\/v2\/pages\/3122"}],"wp:attachment":[{"href":"https:\/\/elfsight.com\/it\/wp-json\/wp\/v2\/media?parent=4938"}],"curies":[{"name":"wp","href":"https:\/\/api.w.org\/{rel}","templated":true}]}}