{"id":4933,"date":"2024-05-03T06:40:21","date_gmt":"2024-05-03T06:40:21","guid":{"rendered":"https:\/\/elfsight.com\/it\/?page_id=4933"},"modified":"2025-03-17T12:44:29","modified_gmt":"2025-03-17T12:44:29","slug":"joomla","status":"publish","type":"page","link":"https:\/\/elfsight.com\/it\/linkedin-feed-widget\/joomla\/","title":{"rendered":"LinkedIn Feed &#8211; Joomla"},"content":{"rendered":"\n<div class=\"application-platform-content-item-description application-platform-content-item\" id=\"description\" data-nav-section=\"description\"> <h2>Incorpora gratuitamente il feed LinkedIn su Joomla! <\/h2> <p>Il widget Feed LinkedIn senza codice \u00e8 appositamente progettato per consentire alle aziende di trasmettere e promuovere i propri contenuti LinkedIn sui siti Web Joomla: visualizzare post, immagini, video, ecc. L&#8217;integrazione del widget richiede alcuni minuti: l\u00ec non \u00e8 necessaria alcuna conoscenza di codifica o tecnica.<\/p> <p>Crea un aspetto che si adatti alle preferenze del tuo sito web e segui le tendenze provando attributi di feed personalizzati, modelli, layout e stili di post. Utilizza una modalit\u00e0 popup come azione post-clic per attirare l&#8217;attenzione degli utenti. E infine, sperimenta una maggiore credibilit\u00e0 e maggiori opportunit\u00e0 di branding. <\/p> <ul><li><strong>Potenzia il tuo potenziale di networking con la pagina aziendale di LinkedIn.<\/strong><br>Stimola nuove connessioni nel mondo del commercio e aumenta il numero di contatti utilizzando i contenuti del tuo profilo LinkedIn. <\/li><li><strong>Aumenta il tuo seguito su LinkedIn.<\/strong> <br>Attira l&#8217;attenzione sul tuo LinkedIn all&#8217;interno della community di Joomla e suscita un vivo interesse per le tue offerte. <\/li><li><strong>Aumenta l&#8217;autenticit\u00e0 della tua attivit\u00e0.<\/strong> <br>Aggiungi al tuo marchio un ulteriore impulso in credibilit\u00e0 e affidabilit\u00e0 mostrando le ultime attivit\u00e0 di LinkedIn direttamente sulla pagina del sito web. <\/li><\/ul><p><b>Aggiungi il plugin LinkedIn Feed al sito web Joomla per coltivare l&#8217;affidabilit\u00e0, trasmettere autenticit\u00e0 ed espandere le opportunit\u00e0 di networking con prove sociali convincenti. <\/b><\/p> <div class=\"faq\" data-component=\"FAQ\"><div class=\"faq-item\">\r\n\t\t\t\t\t<div class=\"faq-item-question\">\r\n\t\t\t\t\t\t<h3 class=\"faq-item-question-text\">Ci sono altri strumenti per Joomla che posso utilizzare sul mio sito web? <\/h3>\r\n\r\n\t\t\t\t\t\t<div class=\"faq-item-question-icon\"><\/div>\r\n\t\t\t\t\t<\/div>\r\n\r\n\t\t\t\t\t<div class=\"faq-item-answer\">\r\n\t\t\t\t\t\t<div class=\"faq-item-answer-text\"><p>S\u00ec, certo! Come utente del sito Web Joomla, Elfsight ti offre tantissimi strumenti senza codice, incluso il plug-in Feed di LinkedIn. Non importa che tipo di attivit\u00e0 svolgi e quale nicchia nel campo svolgi, puoi sempre cercare opportunit\u00e0 per mostrare i tuoi punti di forza. Dai un&#8217;occhiata alle opzioni: <\/p><ul><li>Per creare qualsiasi altra app di social media per il tuo sito web Joomla, prova <a href=\"https:\/\/elfsight.com\/it\/pinterest-feed-widget\/\">Feed di Pinterest<\/a> o widget <a href=\"https:\/\/elfsight.com\/it\/instagram-feed-instashow\/\">Feed di Instagram<\/a> insieme al feed di LinkedIn. <\/li><li>Approfitta delle <a href=\"https:\/\/elfsight.com\/it\/all-in-one-reviews-widget\/\">recensioni tutto in uno<\/a> o delle <a href>Google Recensioni<\/a> per visualizzare il feedback dei clienti. <\/li><li>Incorpora il plugin <a href=\"https:\/\/elfsight.com\/it\/online-form-builder\/\">Form Builder<\/a> per raccogliere risposte e consentire ai tuoi utenti Joomla di mettersi in contatto con te .<\/li> <li>Aggiungi il widget <a href=\"https:\/\/elfsight.com\/it\/countdown-timer-widget\/\">Conto alla rovescia<\/a> per creare entusiasmo e creare un senso di urgenza tra il pubblico. <\/li><\/ul><p>E ricorda, questi sono solo alcuni esempi di incorporamento da un lungo elenco di aggiunte che possono soddisfare le tue esigenze aziendali specifiche. Inizia con il feed di LinkedIn e approfondisci il nostro catalogo per ulteriori soluzioni widget da aggiungere al tuo sito web! <\/p><\/div>\r\n\t\t\t\t\t<\/div>\r\n\t\t\t\t<\/div><div class=\"faq-item\">\r\n\t\t\t\t\t<div class=\"faq-item-question\">\r\n\t\t\t\t\t\t<h3 class=\"faq-item-question-text\">Come incorporare gratuitamente il feed di LinkedIn su Joomla? <\/h3>\r\n\r\n\t\t\t\t\t\t<div class=\"faq-item-question-icon\"><\/div>\r\n\t\t\t\t\t<\/div>\r\n\r\n\t\t\t\t\t<div class=\"faq-item-answer\">\r\n\t\t\t\t\t\t<div class=\"faq-item-answer-text\"><p>Se desideri aggiungere gratuitamente il plug-in del feed di LinkedIn senza codice al tuo sito Web Joomla, segui i passaggi di seguito: <\/p> <ol><li>Personalizza l&#8217;aspetto del widget Feed di LinkedIn secondo i tuoi gusti. <\/li><li>Accedi alla dashboard di Elfsight o registra un account gratuito. <\/li><li>Ottieni il codice di incorporamento generato. <\/li><li>Vai al tuo sito web Joomla. <\/li><li>Incolla il codice nel tuo costruttore di siti web Joomla per aggiungere il widget Feed di LinkedIn. \u00c8 cos\u00ec semplice! <\/li><\/ol><p>Come \u00e8 evidente, non \u00e8 necessario eccellere nella scrittura del codice per incorporare il plugin. Crea facilmente un widget Feed LinkedIn per un sito Web Joomla e goditi i numerosi vantaggi che derivano dall&#8217;ampliamento della tua portata. <\/p><\/div>\r\n\t\t\t\t\t<\/div>\r\n\t\t\t\t<\/div><div class=\"faq-item\">\r\n\t\t\t\t\t<div class=\"faq-item-question\">\r\n\t\t\t\t\t\t<h3 class=\"faq-item-question-text\">Devo sapere come programmare o avere competenze di programmazione per aggiungere il plugin LinkedIn Feed al sito Joomla? <\/h3>\r\n\r\n\t\t\t\t\t\t<div class=\"faq-item-question-icon\"><\/div>\r\n\t\t\t\t\t<\/div>\r\n\r\n\t\t\t\t\t<div class=\"faq-item-answer\">\r\n\t\t\t\t\t\t<div class=\"faq-item-answer-text\"><p>No, non sei obbligato ad averli . Non \u00e8 assolutamente necessario avere competenze di codifica. Puoi creare e aggiungere il plug-in Feed LinkedIn senza codice al tuo sito Web Joomla, anche senza alcun background specializzato o esperienza precedente con il codice. <\/p> <\/div>\r\n\t\t\t\t\t<\/div>\r\n\t\t\t\t<\/div><\/div><\/div> <div class=\"application-platform-content-item-features application-platform-content-item\" id=\"features\" data-nav-section=\"features\"> <h2>Ecco l&#8217;elenco delle principali funzionalit\u00e0: <\/h2> <ul><li>Promuovi tutti i tipi di contenuti : post di blog, immagini, clip, ecc. <\/li><li>Ordina i contenuti del feed per parole chiave, hashtag o filtri URL. <\/li><li>Visualizza i pulsanti di invito all&#8217;azione per migliorare il tasso di coinvolgimento sul feed della tua azienda LinkedIn. <\/li><li>Effetto popup accattivante per attirare l&#8217;attenzione sui tuoi contenuti LinkedIn. <\/li><li>Personalizzazione senza codice con impostazioni di progettazione avanzate da aggiungere: modelli pronti all&#8217;uso, creatore di combinazioni di colori, cinque layout accessibili, stili di post, CSS personalizzati e altro ancora. <\/li><\/ul><p><a href=\"#demo\">Puoi testare tutte le funzionalit\u00e0 del widget nella demo <\/a><\/p> <\/div> <div class=\"application-platform-content-item-installation  application-platform-content-item\" id=\"installation \" data-nav-section=\"installation \"> <h2>Come faccio a incorporare il feed di LinkedIn nel mio sito web Joomla? <\/h2> <p>Per aggiungere il plug-in Feed LinkedIn senza codice al tuo sito Web Joomla, segui questi passaggi: <\/p> <ol><li><b>Lancia il nostro configuratore gratuito e inizia a creare il tuo widget Feed LinkedIn personalizzato . <\/b><br> Determina il design selezionato e le caratteristiche del plugin e applica le correzioni. <\/li> <li><b>Ricevi il codice univoco che appare nell&#8217;apposito modulo su Elfsight Apps. <\/b><br> Una volta terminata la generazione del tuo widget personale, copia il codice individuale nella casella visualizzata e salvalo per occasioni future. <\/li> <li><b>Inizia ad applicare il plugin sul tuo sito web Joomla. <\/b><br> Aggiungi il codice salvato in precedenza al tuo sito web e applica i miglioramenti. <\/li> <li><b>L&#8217;installazione \u00e8 completamente completata. <\/b><br> Vai al tuo sito web per esaminare le prestazioni del plug-in Feed di LinkedIn. <\/li><\/ol> <p>Nella condizione di dover gestire richieste o di riscontrare problemi su come aggiungere il widget, non esitare a metterti in contatto con il nostro staff di supporto. Il nostro personale sar\u00e0 lieto di aiutarti con tutte le domande che potresti avere con il plug-in Feed LinkedIn senza codice per i siti Web Joomla. <\/p> <\/div>\n","protected":false},"excerpt":{"rendered":"","protected":false},"author":9,"featured_media":0,"parent":3122,"menu_order":0,"comment_status":"closed","ping_status":"closed","template":"templates\/template-application-platform.php","meta":{"publish_to_discourse":"","publish_post_category":"","wpdc_auto_publish_overridden":"","wpdc_topic_tags":"","wpdc_pin_topic":"","wpdc_pin_until":"","discourse_post_id":"","discourse_permalink":"","wpdc_publishing_response":"","wpdc_publishing_error":"","footnotes":""},"class_list":["post-4933","page","type-page","status-publish","hentry"],"yoast_head":"<!-- This site is optimized with the Yoast SEO plugin v25.3.1 - https:\/\/yoast.com\/wordpress\/plugins\/seo\/ -->\n<title>Feed LinkedIn - Aggiungi l&#039;estensione feed a Joomla [gratuitamente!]<\/title>\n<meta name=\"description\" content=\"Incorpora l&#039;estensione del feed LinkedIn senza codifica nel tuo sito web Joomla. Costruisci il tuo widget utilizzando una demo live e modelli predefiniti per avere una forte prova sociale.\" \/>\n<meta name=\"robots\" content=\"index, follow, max-snippet:-1, max-image-preview:large, max-video-preview:-1\" \/>\n<link rel=\"canonical\" href=\"https:\/\/elfsight.com\/it\/linkedin-feed-widget\/joomla\/\" \/>\n<meta property=\"og:locale\" content=\"it_IT\" \/>\n<meta property=\"og:type\" content=\"article\" \/>\n<meta property=\"og:title\" content=\"Feed LinkedIn - Aggiungi l&#039;estensione feed a Joomla [gratuitamente!]\" \/>\n<meta property=\"og:description\" content=\"Incorpora l&#039;estensione del feed LinkedIn senza codifica nel tuo sito web Joomla. Costruisci il tuo widget utilizzando una demo live e modelli predefiniti per avere una forte prova sociale.\" \/>\n<meta property=\"og:url\" content=\"https:\/\/elfsight.com\/it\/linkedin-feed-widget\/joomla\/\" \/>\n<meta property=\"og:site_name\" content=\"Elfsight IT\" \/>\n<meta property=\"article:modified_time\" content=\"2025-03-17T12:44:29+00:00\" \/>\n<meta name=\"twitter:card\" content=\"summary_large_image\" \/>\n<meta name=\"twitter:label1\" content=\"Tempo di lettura stimato\" \/>\n\t<meta name=\"twitter:data1\" content=\"5 minuti\" \/>\n<!-- \/ Yoast SEO plugin. -->","yoast_head_json":{"title":"Feed LinkedIn - Aggiungi l'estensione feed a Joomla [gratuitamente!]","description":"Incorpora l'estensione del feed LinkedIn senza codifica nel tuo sito web Joomla. Costruisci il tuo widget utilizzando una demo live e modelli predefiniti per avere una forte prova sociale.","robots":{"index":"index","follow":"follow","max-snippet":"max-snippet:-1","max-image-preview":"max-image-preview:large","max-video-preview":"max-video-preview:-1"},"canonical":"https:\/\/elfsight.com\/it\/linkedin-feed-widget\/joomla\/","og_locale":"it_IT","og_type":"article","og_title":"Feed LinkedIn - Aggiungi l'estensione feed a Joomla [gratuitamente!]","og_description":"Incorpora l'estensione del feed LinkedIn senza codifica nel tuo sito web Joomla. Costruisci il tuo widget utilizzando una demo live e modelli predefiniti per avere una forte prova sociale.","og_url":"https:\/\/elfsight.com\/it\/linkedin-feed-widget\/joomla\/","og_site_name":"Elfsight IT","article_modified_time":"2025-03-17T12:44:29+00:00","twitter_card":"summary_large_image","twitter_misc":{"Tempo di lettura stimato":"5 minuti"},"schema":{"@context":"https:\/\/schema.org","@graph":[{"@type":"WebPage","@id":"https:\/\/elfsight.com\/it\/linkedin-feed-widget\/joomla\/","url":"https:\/\/elfsight.com\/it\/linkedin-feed-widget\/joomla\/","name":"Feed LinkedIn - Aggiungi l'estensione feed a Joomla [gratuitamente!]","isPartOf":{"@id":"https:\/\/elfsight.com\/it\/#website"},"datePublished":"2024-05-03T06:40:21+00:00","dateModified":"2025-03-17T12:44:29+00:00","description":"Incorpora l'estensione del feed LinkedIn senza codifica nel tuo sito web Joomla. Costruisci il tuo widget utilizzando una demo live e modelli predefiniti per avere una forte prova sociale.","breadcrumb":{"@id":"https:\/\/elfsight.com\/it\/linkedin-feed-widget\/joomla\/#breadcrumb"},"inLanguage":"it-IT","potentialAction":[{"@type":"ReadAction","target":["https:\/\/elfsight.com\/it\/linkedin-feed-widget\/joomla\/"]}]},{"@type":"BreadcrumbList","@id":"https:\/\/elfsight.com\/it\/linkedin-feed-widget\/joomla\/#breadcrumb","itemListElement":[{"@type":"ListItem","position":1,"name":"Home","item":"https:\/\/elfsight.com\/it\/"},{"@type":"ListItem","position":2,"name":"LinkedIn Feed","item":"https:\/\/elfsight.com\/it\/linkedin-feed-widget\/"},{"@type":"ListItem","position":3,"name":"LinkedIn Feed &#8211; Joomla"}]},{"@type":"WebSite","@id":"https:\/\/elfsight.com\/it\/#website","url":"https:\/\/elfsight.com\/it\/","name":"Elfsight IT","description":"Just another Elfsight Sites site","potentialAction":[{"@type":"SearchAction","target":{"@type":"EntryPoint","urlTemplate":"https:\/\/elfsight.com\/it\/?s={search_term_string}"},"query-input":{"@type":"PropertyValueSpecification","valueRequired":true,"valueName":"search_term_string"}}],"inLanguage":"it-IT"}]}},"meta_box":{"industry":"","seo_heading":"","heading":"","description":"","cta_heading":"","cta_description":"","application":"3109","h1":"Come incorporare gratuitamente il feed LinkedIn su Joomla!","h1_caption":"Visualizza i post dal tuo profilo LinkedIn o dalla pagina aziendale sul tuo sito web, migliorando facilmente la tua presenza online professionale nel tuo sito web Joomla.","application_category":[],"applications_title":"","applications_request_title":"","applications_request_button_text":"","hero_text":"","hero_video":"","hero_video_schema_markup":"","selling_points_title":"","selling_points_caption":"","selling_points":[],"selling_points_cta_text":"","features_title":"","features":"","ed_cta_examples_text":"","ed_cta_examples_hidden":"","ed_cta_demo_text":"","ed_cta_demo_hidden":"","why_caption":"","why_editor_title":"","why_editor_text":"","why_team_title":"","why_team_text":"","why_service_title":"","why_service_text":"","template_catalog_visible":"0","template_catalog_title":"","template_catalog_text":"","template_catalog_categories_visible":"","demo_title":"Crea il tuo plug-in Feed LinkedIn","demo_caption":"Configura il tuo feed LinkedIn e aggiungilo gratuitamente al tuo sito Joomla!","default_faq_hidden":"","app_template_category":[],"platform":"36","template_public_id":"","codecanyon_url":"","codecanyon_item_id":"","codecanyon_price":"","pricing_caption":"","pricing_elfsight_apps_hide_column":"","pricing_elfsight_apps_url":"","pricing_codecanyon_price_caption":"","integration_category":[],"integration_request_title":"","integration_request_cta":"","integration_platform":"","integrations":[],"platform_category":[],"video_schema_markup":"","price":"da $ 0 al mese","trial":"","benefits":[{"text":"Assistenza per l'installazione gratuita"},{"text":"Supporto eccezionale"},{"text":"Garanzia di rimborso di 14 giorni"},{"text":"Sviluppo continuo"}],"button_url":"#demo","button_target_blank":"0","button_nofollow":"0","attributes":[{"name":"Installazioni"},{"name":"Reattivo","content":"S\u00cc"},{"name":"Browser compatibili","content":"Firefox, Safari, Opera, Chrome, Edge"}],"tags":[],"tags_disable_links":"0","hide_more_platforms":"0","video_object":"","demo_hide_cta":"0","demo_hide_cloud_options":"0","pricing_title":"","pricing":[{"pricing_icon":"platform","pricing_title":"Elfsight Apps","pricing_title_caption":"Versione multipiattaforma adatta a qualsiasi sito web","pricing_price":"da $ 0 \/ mese","pricing_price_caption":"Inizia con un piano gratuito","pricing_benefits":[{"text":"Siti web illimitati"},{"text":"Supporto dedicato, puntuale e ben documentato"},{"text":"Aiuto per l'installazione gratuito"},{"text":"100% personalizzabile"}],"pricing_button_text":"Aggiungi al sito web","pricing_button_url":"#demo"}],"related_apps_title":"","related_apps_hidden":"0","author":"","image":[],"title":"","job":"","social_networks":[]},"_links":{"self":[{"href":"https:\/\/elfsight.com\/it\/wp-json\/wp\/v2\/pages\/4933","targetHints":{"allow":["GET"]}}],"collection":[{"href":"https:\/\/elfsight.com\/it\/wp-json\/wp\/v2\/pages"}],"about":[{"href":"https:\/\/elfsight.com\/it\/wp-json\/wp\/v2\/types\/page"}],"author":[{"embeddable":true,"href":"https:\/\/elfsight.com\/it\/wp-json\/wp\/v2\/users\/9"}],"replies":[{"embeddable":true,"href":"https:\/\/elfsight.com\/it\/wp-json\/wp\/v2\/comments?post=4933"}],"version-history":[{"count":2,"href":"https:\/\/elfsight.com\/it\/wp-json\/wp\/v2\/pages\/4933\/revisions"}],"predecessor-version":[{"id":8956,"href":"https:\/\/elfsight.com\/it\/wp-json\/wp\/v2\/pages\/4933\/revisions\/8956"}],"up":[{"embeddable":true,"href":"https:\/\/elfsight.com\/it\/wp-json\/wp\/v2\/pages\/3122"}],"wp:attachment":[{"href":"https:\/\/elfsight.com\/it\/wp-json\/wp\/v2\/media?parent=4933"}],"curies":[{"name":"wp","href":"https:\/\/api.w.org\/{rel}","templated":true}]}}