{"id":4932,"date":"2024-05-03T06:40:20","date_gmt":"2024-05-03T06:40:20","guid":{"rendered":"https:\/\/elfsight.com\/it\/?page_id=4932"},"modified":"2024-11-11T11:19:25","modified_gmt":"2024-11-11T11:19:25","slug":"wordpress","status":"publish","type":"page","link":"https:\/\/elfsight.com\/it\/line-chat-widget\/wordpress\/","title":{"rendered":"Line Chat &#8211; WordPress"},"content":{"rendered":"<div class=\"application-platform-content-item-description application-platform-content-item\" id=\"description\" data-nav-section=\"description\"><h2>Migliora il tuo sito web WordPress con il plugin Elfsight Line Chat<\/h2><p>Elfsight Line Chat per WordPress \u00e8 la soluzione definitiva per migliorare il tuo sito web capacit\u00e0 di comunicazione e assistenza clienti. Con questo potente plug-in, puoi incorporare perfettamente Line Chat nel tuo sito Web WordPress, fornendo ai tuoi visitatori un modo comodo e diretto per connettersi con te. Che tu gestisca un blog, un negozio online o qualsiasi altro tipo di sito web, questo widget rappresenta un punto di svolta per rimanere in contatto con il tuo pubblico. Esaminiamo le funzionalit\u00e0 e il processo di installazione che rendono Elfsight Line Chat un must per il tuo sito WordPress.<\/p><div class=\"faq\" data-component=\"FAQ\"><div class=\"faq-item\">\r\n\t\t\t\t\t<div class=\"faq-item-question\">\r\n\t\t\t\t\t\t<h3 class=\"faq-item-question-text\">Perch\u00e9 scegliere Elfsight Line Chat per WordPress?<\/h3>\r\n\r\n\t\t\t\t\t\t<div class=\"faq-item-question-icon\"><\/div>\r\n\t\t\t\t\t<\/div>\r\n\r\n\t\t\t\t\t<div class=\"faq-item-answer\">\r\n\t\t\t\t\t\t<div class=\"faq-item-answer-text\"><p>Elfsight Line Chat \u00e8 la scelta ideale per i proprietari di siti Web WordPress che desiderano offrire un servizio clienti eccezionale. Ecco alcuni motivi principali per cui dovresti optare per questo widget:<\/p><ul> <li>Integrazione perfetta: aggiungere Line Chat al tuo sito Web WordPress \u00e8 un gioco da ragazzi. Non hai bisogno di alcuna capacit\u00e0 di programmazione; \u00e8 semplice come copiare e incollare.<\/li> <li>Opzioni di personalizzazione: personalizza il widget Line Chat in modo che corrisponda allo stile e al marchio del tuo sito web. Scegli tra vari temi, icone e posizioni della finestra di chat.<\/li> <li>Comunicazione in tempo reale: mantieni viva la conversazione collegando i tuoi visitatori con te sulla chat in linea, assicurandoti di essere disponibile ad assisterli ogni volta che ne hanno bisogno .<\/li> <li>Approfondimenti sui visitatori: ottieni informazioni preziose sulle preferenze e sui comportamenti dei tuoi visitatori monitorando le loro interazioni con il widget Line Chat.<\/li> <li>Coinvolgi pi\u00f9 visitatori: fornendo un canale Line Chat diretto, coinvolgerai pi\u00f9 visitatori, aumentando la soddisfazione del cliente e le conversioni.<\/li><\/ul><p>Con Elfsight Line Chat per WordPress, puoi migliorare significativamente l&#8217;esperienza utente del tuo sito web, rendendolo pi\u00f9 interattivo e facile da usare .<\/p><\/div>\r\n\t\t\t\t\t<\/div>\r\n\t\t\t\t<\/div><div class=\"faq-item\">\r\n\t\t\t\t\t<div class=\"faq-item-question\">\r\n\t\t\t\t\t\t<h3 class=\"faq-item-question-text\">Come aggiungere Elfsight Line Chat al tuo sito Web WordPress?<\/h3>\r\n\r\n\t\t\t\t\t\t<div class=\"faq-item-question-icon\"><\/div>\r\n\t\t\t\t\t<\/div>\r\n\r\n\t\t\t\t\t<div class=\"faq-item-answer\">\r\n\t\t\t\t\t\t<div class=\"faq-item-answer-text\"><p>L&#8217;integrazione di Elfsight Line Chat con il tuo sito Web WordPress \u00e8 un processo rapido e semplice. Segui questi passaggi per iniziare:<\/p><ol> <li><strong>Personalizzazione del widget:<\/strong> inizia personalizzando il tuo widget Line Chat utilizzando il nostro configuratore gratuito. Puoi scegliere il layout, il design e altre impostazioni preferiti.<\/li> <li><strong>Codice di installazione:<\/strong> dopo aver personalizzato il tuo widget, riceverai un codice di installazione univoco. Copia questo codice, poich\u00e9 ti servir\u00e0 per il passaggio successivo.<\/li> <li><strong>Integrazione del sito Web:<\/strong> vai al backend del tuo sito Web WordPress e incolla il codice di installazione nella posizione richiesta. Salva le modifiche.<\/li> <li><strong>Goditi Line Chat:<\/strong> il tuo widget Line Chat \u00e8 ora integrato con successo nel tuo sito web. Visita il tuo sito per vedere come funziona.<\/li><\/ol><p>Ecco fatto! Hai aggiunto con successo Elfsight Line Chat al tuo sito Web WordPress e sei pronto a fornire un supporto di prim&#8217;ordine ai tuoi visitatori.<\/p><\/div>\r\n\t\t\t\t\t<\/div>\r\n\t\t\t\t<\/div><div class=\"faq-item\">\r\n\t\t\t\t\t<div class=\"faq-item-question\">\r\n\t\t\t\t\t\t<h3 class=\"faq-item-question-text\">Sperimenta l'aspetto del widget con la nostra demo dal vivo<\/h3>\r\n\r\n\t\t\t\t\t\t<div class=\"faq-item-question-icon\"><\/div>\r\n\t\t\t\t\t<\/div>\r\n\r\n\t\t\t\t\t<div class=\"faq-item-answer\">\r\n\t\t\t\t\t\t<div class=\"faq-item-answer-text\"><p>Ti chiedi come apparir\u00e0 il widget Line Chat sul tuo sito web WordPress? Puoi visualizzarne l&#8217;anteprima prima di aggiungerlo al tuo sito. Durante la personalizzazione del widget nel builder online, puoi vedere le modifiche in tempo reale sul lato destro. Ci\u00f2 significa che puoi assicurarti che la casella di chat si abbiner\u00e0 perfettamente allo stile del tuo sito WordPress.<\/p><p><a href=\"https:\/\/elfsight.com\/line-chat-widget\/#demo\">Prova la demo dal vivo ora<\/a><\/p><\/div>\r\n\t\t\t\t\t<\/div>\r\n\t\t\t\t<\/div><\/div><\/div><div class=\"application-platform-content-item-features application-platform-content-item\" id=\"features\" data-nav-section=\"features\"><h2>Svela le potenti funzionalit\u00e0 di Elfsight Line Chat per WordPress<\/h2><p>Elfsight Line Chat \u00e8 ricca di una serie di funzionalit\u00e0 che rivoluzioneranno il modo in cui ti connetti con il tuo pubblico. Ecco le caratteristiche principali che rendono questo plug-in uno strumento indispensabile per il tuo sito Web WordPress:<\/p><ul> <li>Integrazione semplice: incorpora Line Chat senza sforzo nel tuo sito Web WordPress, migliorando l&#8217;esperienza di comunicazione dei tuoi visitatori.<\/li> <li>Messaggistica in tempo reale: mantieni la conversazione con il tuo pubblico direttamente dalla tua pagina WordPress.<\/li> <li>Opzioni di posizione della chat: scegli tra tre impostazioni di posizione della chat: bolla mobile, bolla incorporata o finestra di chat incorporata. per adattarlo al layout del tuo sito web.<\/li> <li>Selezione icone: esplora una raccolta diversificata di icone a bolle e seleziona quella che meglio si adatta al design del tuo sito.<\/li> <li>Testo personalizzabile: personalizza il testo a bolle per creare un messaggio accogliente e coinvolgente per i tuoi visitatori.<\/li><\/ul><p>Con queste funzionalit\u00e0, Elfsight Line Chat per WordPress ti garantisce di poter offrire un supporto di prim&#8217;ordine, coinvolgere i tuoi visitatori e rendere il tuo sito web pi\u00f9 interattivo. <\/p><p><a href=\"https:\/\/elfsight.com\/line-chat-widget\/#demo\">Per esplorare ulteriormente queste funzionalit\u00e0, prova la nostra demo dal vivo<\/a><\/p>[\/ application_platform_content_item]<div class=\"application-platform-content-item-installation application-platform-content-item\" id=\"installation\" data-nav-section=\"installation\"><\/div><h2>Installazione del plug-in Elfsight Line Chat sul tuo sito Web WordPress<\/h2><p>Aggiungere Elfsight Line Chat al tuo sito Web WordPress \u00e8 un processo semplice che non richiede alcuna esperienza di codifica. Segui questi semplici passaggi per iniziare:<\/p><ol> <li><b>Personalizzazione del widget:<\/b> inizia personalizzando il tuo widget Line Chat nel nostro configuratore gratuito. Scegli il layout e le impostazioni preferiti e salva le tue personalizzazioni.<\/li> <li><b>Ottieni il tuo codice di installazione:<\/b> dopo aver personalizzato il tuo widget, riceverai un codice di installazione univoco. Copia questo codice; ti servir\u00e0 nel passaggio successivo.<\/li> <li><b>Integrazione del sito web:<\/b> accedi al backend del tuo sito web WordPress e incolla il codice di installazione nella posizione specificata. Salva le modifiche apportate.<\/li> <li><b>Goditi Line Chat:<\/b> il tuo widget Elfsight Line Chat \u00e8 ora integrato con successo nel tuo sito web. Visita il tuo sito per vederlo in azione.<\/li><\/ol><p>Questo \u00e8 tutto! Hai completato l&#8217;installazione e il tuo sito Web WordPress \u00e8 ora dotato di Elfsight Line Chat. Puoi iniziare a connetterti con i tuoi visitatori e fornire un supporto eccezionale.<\/p><p>Se riscontri difficolt\u00e0 durante l&#8217;installazione o hai domande, il nostro servizio clienti \u00e8 solo a una richiesta di distanza, pronto ad assisterti per qualsiasi dubbio.<\/p><\/div><p><\/p>","protected":false},"excerpt":{"rendered":"","protected":false},"author":9,"featured_media":0,"parent":3000,"menu_order":0,"comment_status":"closed","ping_status":"closed","template":"templates\/template-application-platform.php","meta":{"publish_to_discourse":"","publish_post_category":"","wpdc_auto_publish_overridden":"","wpdc_topic_tags":"","wpdc_pin_topic":"","wpdc_pin_until":"","discourse_post_id":"","discourse_permalink":"","wpdc_publishing_response":"","wpdc_publishing_error":"","footnotes":""},"class_list":["post-4932","page","type-page","status-publish","hentry"],"yoast_head":"<!-- This site is optimized with the Yoast SEO plugin v25.3.1 - https:\/\/yoast.com\/wordpress\/plugins\/seo\/ -->\n<title>Migliora la comunicazione WordPress con il plug-in Elfsight Line Chat<\/title>\n<meta name=\"description\" content=\"Scopri come Elfsight Line Chat per WordPress pu\u00f2 rivoluzionare le capacit\u00e0 di comunicazione e supporto del tuo sito web. Integra perfettamente Line Chat, coinvolgi i tuoi visitatori e fornisci un supporto eccezionale con il nostro plug-in facile da usare.\" \/>\n<meta name=\"robots\" content=\"index, follow, max-snippet:-1, max-image-preview:large, max-video-preview:-1\" \/>\n<link rel=\"canonical\" href=\"https:\/\/elfsight.com\/it\/line-chat-widget\/wordpress\/\" \/>\n<meta property=\"og:locale\" content=\"it_IT\" \/>\n<meta property=\"og:type\" content=\"article\" \/>\n<meta property=\"og:title\" content=\"Migliora la comunicazione WordPress con il plug-in Elfsight Line Chat\" \/>\n<meta property=\"og:description\" content=\"Scopri come Elfsight Line Chat per WordPress pu\u00f2 rivoluzionare le capacit\u00e0 di comunicazione e supporto del tuo sito web. Integra perfettamente Line Chat, coinvolgi i tuoi visitatori e fornisci un supporto eccezionale con il nostro plug-in facile da usare.\" \/>\n<meta property=\"og:url\" content=\"https:\/\/elfsight.com\/it\/line-chat-widget\/wordpress\/\" \/>\n<meta property=\"og:site_name\" content=\"Elfsight IT\" \/>\n<meta property=\"article:modified_time\" content=\"2024-11-11T11:19:25+00:00\" \/>\n<meta name=\"twitter:card\" content=\"summary_large_image\" \/>\n<meta name=\"twitter:label1\" content=\"Tempo di lettura stimato\" \/>\n\t<meta name=\"twitter:data1\" content=\"5 minuti\" \/>\n<!-- \/ Yoast SEO plugin. -->","yoast_head_json":{"title":"Migliora la comunicazione WordPress con il plug-in Elfsight Line Chat","description":"Scopri come Elfsight Line Chat per WordPress pu\u00f2 rivoluzionare le capacit\u00e0 di comunicazione e supporto del tuo sito web. Integra perfettamente Line Chat, coinvolgi i tuoi visitatori e fornisci un supporto eccezionale con il nostro plug-in facile da usare.","robots":{"index":"index","follow":"follow","max-snippet":"max-snippet:-1","max-image-preview":"max-image-preview:large","max-video-preview":"max-video-preview:-1"},"canonical":"https:\/\/elfsight.com\/it\/line-chat-widget\/wordpress\/","og_locale":"it_IT","og_type":"article","og_title":"Migliora la comunicazione WordPress con il plug-in Elfsight Line Chat","og_description":"Scopri come Elfsight Line Chat per WordPress pu\u00f2 rivoluzionare le capacit\u00e0 di comunicazione e supporto del tuo sito web. Integra perfettamente Line Chat, coinvolgi i tuoi visitatori e fornisci un supporto eccezionale con il nostro plug-in facile da usare.","og_url":"https:\/\/elfsight.com\/it\/line-chat-widget\/wordpress\/","og_site_name":"Elfsight IT","article_modified_time":"2024-11-11T11:19:25+00:00","twitter_card":"summary_large_image","twitter_misc":{"Tempo di lettura stimato":"5 minuti"},"schema":{"@context":"https:\/\/schema.org","@graph":[{"@type":"WebPage","@id":"https:\/\/elfsight.com\/it\/line-chat-widget\/wordpress\/","url":"https:\/\/elfsight.com\/it\/line-chat-widget\/wordpress\/","name":"Migliora la comunicazione WordPress con il plug-in Elfsight Line Chat","isPartOf":{"@id":"https:\/\/elfsight.com\/it\/#website"},"datePublished":"2024-05-03T06:40:20+00:00","dateModified":"2024-11-11T11:19:25+00:00","description":"Scopri come Elfsight Line Chat per WordPress pu\u00f2 rivoluzionare le capacit\u00e0 di comunicazione e supporto del tuo sito web. Integra perfettamente Line Chat, coinvolgi i tuoi visitatori e fornisci un supporto eccezionale con il nostro plug-in facile da usare.","breadcrumb":{"@id":"https:\/\/elfsight.com\/it\/line-chat-widget\/wordpress\/#breadcrumb"},"inLanguage":"it-IT","potentialAction":[{"@type":"ReadAction","target":["https:\/\/elfsight.com\/it\/line-chat-widget\/wordpress\/"]}]},{"@type":"BreadcrumbList","@id":"https:\/\/elfsight.com\/it\/line-chat-widget\/wordpress\/#breadcrumb","itemListElement":[{"@type":"ListItem","position":1,"name":"Home","item":"https:\/\/elfsight.com\/it\/"},{"@type":"ListItem","position":2,"name":"Line Chat","item":"https:\/\/elfsight.com\/it\/line-chat-widget\/"},{"@type":"ListItem","position":3,"name":"Line Chat &#8211; WordPress"}]},{"@type":"WebSite","@id":"https:\/\/elfsight.com\/it\/#website","url":"https:\/\/elfsight.com\/it\/","name":"Elfsight IT","description":"Just another Elfsight Sites site","potentialAction":[{"@type":"SearchAction","target":{"@type":"EntryPoint","urlTemplate":"https:\/\/elfsight.com\/it\/?s={search_term_string}"},"query-input":{"@type":"PropertyValueSpecification","valueRequired":true,"valueName":"search_term_string"}}],"inLanguage":"it-IT"}]}},"meta_box":{"industry":"","seo_heading":"","heading":"","description":"","cta_heading":"","cta_description":"","application":"2999","h1":"Come incorporare Line Chat su un sito Web WordPress","h1_caption":"Consenti ai visitatori di chattare con te tramite linea direttamente dal tuo sito Web, fornendo un'altra comoda opzione di messaggistica nel tuo sito Web WordPress senza sforzo.","application_category":[],"applications_title":"","applications_request_title":"","applications_request_button_text":"","hero_text":"","hero_video":"","hero_video_schema_markup":"","selling_points_title":"","selling_points_caption":"","selling_points":[],"selling_points_cta_text":"","features_title":"","features":"","ed_cta_examples_text":"","ed_cta_examples_hidden":"","ed_cta_demo_text":"","ed_cta_demo_hidden":"","why_caption":"","why_editor_title":"","why_editor_text":"","why_team_title":"","why_team_text":"","why_service_title":"","why_service_text":"","template_catalog_visible":"","template_catalog_title":"","template_catalog_text":"","template_catalog_categories_visible":"","demo_title":"Crea il tuo plugin Line Chat","demo_caption":"Configura la tua Line Chat e aggiungila gratuitamente al tuo sito WordPress!","default_faq_hidden":"","app_template_category":[],"platform":"28","template_public_id":"","codecanyon_url":"","codecanyon_item_id":"","codecanyon_price":"","pricing_caption":"","pricing_elfsight_apps_hide_column":"","pricing_elfsight_apps_url":"","pricing_codecanyon_price_caption":"","integration_category":[],"integration_request_title":"","integration_request_cta":"","integration_platform":"","integrations":[],"platform_category":[],"video_schema_markup":"","price":"da $ 0 al mese","trial":"","benefits":[{"text":"Assistenza per l'installazione gratuita"},{"text":"Servizio clienti professionale"},{"text":"Garanzia di rimborso di 14 giorni"},{"text":"Miglioramenti gratuiti regolari"}],"button_url":"#demo","button_target_blank":"","button_nofollow":"","attributes":[{"name":"Installazioni"},{"name":"Reattivo","content":"S\u00cc"},{"name":"Browser compatibili","content":"Firefox, Safari, Opera, Chrome, Edge"}],"tags":[],"tags_disable_links":"","hide_more_platforms":"","video_object":"","demo_hide_cta":"","demo_hide_cloud_options":"","pricing_title":"","pricing":[{"pricing_icon":"platform","pricing_title":"Elfsight Apps","pricing_title_caption":"Software multipiattaforma","pricing_price":"da $ 0 \/ mese","pricing_price_caption":"inizia con il piano gratuito","pricing_benefits":[{"text":"Domini illimitati"},{"text":"Assistenza clienti 24 ore su 24, 7 giorni su 7"},{"text":"Servizio di installazione gratuito"},{"text":"Ottimo affare per pi\u00f9 app"}],"pricing_button_text":"Aggiungi al sito web","pricing_button_url":"#demo"}],"related_apps_title":"","related_apps_hidden":"","author":"","image":[],"title":"","job":"","social_networks":[]},"_links":{"self":[{"href":"https:\/\/elfsight.com\/it\/wp-json\/wp\/v2\/pages\/4932","targetHints":{"allow":["GET"]}}],"collection":[{"href":"https:\/\/elfsight.com\/it\/wp-json\/wp\/v2\/pages"}],"about":[{"href":"https:\/\/elfsight.com\/it\/wp-json\/wp\/v2\/types\/page"}],"author":[{"embeddable":true,"href":"https:\/\/elfsight.com\/it\/wp-json\/wp\/v2\/users\/9"}],"replies":[{"embeddable":true,"href":"https:\/\/elfsight.com\/it\/wp-json\/wp\/v2\/comments?post=4932"}],"version-history":[{"count":1,"href":"https:\/\/elfsight.com\/it\/wp-json\/wp\/v2\/pages\/4932\/revisions"}],"predecessor-version":[{"id":4936,"href":"https:\/\/elfsight.com\/it\/wp-json\/wp\/v2\/pages\/4932\/revisions\/4936"}],"up":[{"embeddable":true,"href":"https:\/\/elfsight.com\/it\/wp-json\/wp\/v2\/pages\/3000"}],"wp:attachment":[{"href":"https:\/\/elfsight.com\/it\/wp-json\/wp\/v2\/media?parent=4932"}],"curies":[{"name":"wp","href":"https:\/\/api.w.org\/{rel}","templated":true}]}}