{"id":4924,"date":"2024-05-03T06:40:16","date_gmt":"2024-05-03T06:40:16","guid":{"rendered":"https:\/\/elfsight.com\/it\/?page_id=4924"},"modified":"2024-11-11T11:27:44","modified_gmt":"2024-11-11T11:27:44","slug":"drupal","status":"publish","type":"page","link":"https:\/\/elfsight.com\/it\/job-board-widget\/drupal\/","title":{"rendered":"Job Board &#8211; Drupal"},"content":{"rendered":"<div class=\"application-platform-content-item-description application-platform-content-item\" id=\"description\" data-nav-section=\"description\"> <h2>Descrizione<\/h2> <p>La nostra bacheca di lavoro per Drupalis \u00e8 un modulo notevole che ti garantisce l&#8217;opportunit\u00e0 di rivelare posti vacanti aperti e ricevere CV da candidati direttamente sul tuo sito web nel modo pi\u00f9 semplice. Utilizzando il nostro nuovo strumento, potrai presentare la tua attivit\u00e0, pubblicare informazioni sulle opportunit\u00e0 di lavoro e ricevere curriculum. Il widget ti consente di creare una scheda di lavoro con una descrizione accurata e un pulsante Applica. L&#8217;utilizzo di Elfsight Job Board ti consente di semplificare il processo di reclutamento e acquisire le risposte agli annunci di lavoro in 1-2-3!. <\/p> <p><b>Crea rapidamente descrizioni di lavoro e inviti all&#8217;azione pi\u00f9 attraenti per indurre pi\u00f9 potenziali assunti a collaborare con te<\/b><\/p> <\/div> <div class=\"application-platform-content-item-features  application-platform-content-item\" id=\"features \" data-nav-section=\"features \"> <h2>Offriamo funzionalit\u00e0 pratiche e facili, eccone alcune: <\/h2> <ul><li>Aggiungi un link Candidati per indirizzare i potenziali candidati alla pagina che raccoglie i CV<\/li><li>Presenta apri le offerte di lavoro nel modo pi\u00f9 interessante<\/li><li>Aggiungi tutte le offerte di lavoro che desideri<\/li><li>Aggiungi informazioni sul lavoro: competenze richieste, titolo professionale e stipendio<\/li><li> Racconta della tua attivit\u00e0: nome, dipartimento e ubicazione<\/li><\/ul><p><a href=\"#demo\">Puoi provare tutte le funzionalit\u00e0 del modulo nella demo <\/a><\/p> <\/div> <div class=\"application-platform-content-item-installazione application-platform-content-item\" id=\"installazione\" data-nav-section=\"installazione\"> <h2>Come incorporare una bacheca di lavoro sul mio sito Drupal? <\/h2> <p>Basta applicare le istruzioni seguenti per integrare il widget. <\/p> <ol><li><b>Apri il nostro configuratore gratuito e inizia a costruire il tuo modulo. <\/b><br> Specifica la forma e i parametri desiderati dello strumento e salva le correzioni. <\/li> <li><b>Ricevi il tuo codice personale esposto nell&#8217;apposito form su Elfsight Apps. <\/b><br> Una volta terminata la configurazione del tuo plugin, copia il codice individuale dalla finestra emersa e conservalo per un utilizzo successivo. <\/li> <li><b>Avvia l&#8217;utilizzo del widget sulla tua home page Drupal. <\/b><br> Incolla il codice che hai copiato di recente nel tuo sito web e applica le modifiche. <\/li> <li><b>Fatto! L&#8217;integrazione \u00e8 completamente eseguita. <\/b><br> Vai al tuo sito web per verificare il funzionamento del modulo. <\/li><\/ol> <p>Nella condizione di gestire richieste o affrontare alcuni problemi, non aver paura di rivolgerti al nostro team di supporto. I nostri specialisti sono ansiosi di aiutarti con tutte le domande che potresti avere sullo strumento. <\/p> <div class=\"faq\" data-component=\"FAQ\"><div class=\"faq-item\">\r\n\t\t\t\t\t<div class=\"faq-item-question\">\r\n\t\t\t\t\t\t<h3 class=\"faq-item-question-text\">Esiste un modo per aggiungere una Job Board al mio sito Web Drupal senza codifica?<\/h3>\r\n\r\n\t\t\t\t\t\t<div class=\"faq-item-question-icon\"><\/div>\r\n\t\t\t\t\t<\/div>\r\n\r\n\t\t\t\t\t<div class=\"faq-item-answer\">\r\n\t\t\t\t\t\t<div class=\"faq-item-answer-text\"> <p>La societ\u00e0 Elfsight offre una soluzione che consente alle persone di creare autonomamente un plug-in Job Board, guarda com&#8217;\u00e8 facile: vai alla demo online per generare una sezione della bacheca di lavoro che desideri venga visualizzata sul tuo sito Drupal. Scegli uno dei tanti modelli gi\u00e0 pronti e regola le impostazioni della Job Board, aggiorna i tuoi contenuti, cambia il layout e la combinazione di colori senza alcuna conoscenza di codifica. Salva le impostazioni che hai effettuato nella Job Board e ottieni il codice del widget per l&#8217;installazione, che potr\u00e0 essere facilmente incluso nel tuo sito Drupal senza bisogno di acquistare una versione a pagamento. Lavorando nel semplice Configuratore, qualsiasi utente web pu\u00f2 generare un&#8217;app Job Board e incollarla facilmente sul proprio sito Drupal. Non \u00e8 necessario pagare o divulgare i dati della tua carta per accedere al servizio Elfsight. Se riscontri problemi di qualsiasi tipo, non esitare a rivolgerti al nostro staff di supporto tecnico.<\/p> <\/div>\r\n\t\t\t\t\t<\/div>\r\n\t\t\t\t<\/div> <\/div><\/div>","protected":false},"excerpt":{"rendered":"","protected":false},"author":9,"featured_media":0,"parent":2518,"menu_order":0,"comment_status":"closed","ping_status":"closed","template":"templates\/template-application-platform.php","meta":{"publish_to_discourse":"","publish_post_category":"","wpdc_auto_publish_overridden":"","wpdc_topic_tags":"","wpdc_pin_topic":"","wpdc_pin_until":"","discourse_post_id":"","discourse_permalink":"","wpdc_publishing_response":"","wpdc_publishing_error":"","footnotes":""},"class_list":["post-4924","page","type-page","status-publish","hentry"],"yoast_head":"<!-- This site is optimized with the Yoast SEO plugin v25.3.1 - https:\/\/yoast.com\/wordpress\/plugins\/seo\/ -->\n<title>Modulo Drupal Job Board - Aggiungi offerte di lavoro a Drupal (2026)<\/title>\n<meta name=\"description\" content=\"Incorpora un modulo reattivo Job Board sul tuo sito Drupal e lascia che i potenziali dipendenti esplorino le opportunit\u00e0 di lavoro!\" \/>\n<meta name=\"robots\" content=\"index, follow, max-snippet:-1, max-image-preview:large, max-video-preview:-1\" \/>\n<link rel=\"canonical\" href=\"https:\/\/elfsight.com\/it\/job-board-widget\/drupal\/\" \/>\n<meta property=\"og:locale\" content=\"it_IT\" \/>\n<meta property=\"og:type\" content=\"article\" \/>\n<meta property=\"og:title\" content=\"Modulo Drupal Job Board - Aggiungi offerte di lavoro a Drupal (2026)\" \/>\n<meta property=\"og:description\" content=\"Incorpora un modulo reattivo Job Board sul tuo sito Drupal e lascia che i potenziali dipendenti esplorino le opportunit\u00e0 di lavoro!\" \/>\n<meta property=\"og:url\" content=\"https:\/\/elfsight.com\/it\/job-board-widget\/drupal\/\" \/>\n<meta property=\"og:site_name\" content=\"Elfsight IT\" \/>\n<meta property=\"article:modified_time\" content=\"2024-11-11T11:27:44+00:00\" \/>\n<meta name=\"twitter:card\" content=\"summary_large_image\" \/>\n<meta name=\"twitter:label1\" content=\"Tempo di lettura stimato\" \/>\n\t<meta name=\"twitter:data1\" content=\"3 minuti\" \/>\n<!-- \/ Yoast SEO plugin. -->","yoast_head_json":{"title":"Modulo Drupal Job Board - Aggiungi offerte di lavoro a Drupal (2026)","description":"Incorpora un modulo reattivo Job Board sul tuo sito Drupal e lascia che i potenziali dipendenti esplorino le opportunit\u00e0 di lavoro!","robots":{"index":"index","follow":"follow","max-snippet":"max-snippet:-1","max-image-preview":"max-image-preview:large","max-video-preview":"max-video-preview:-1"},"canonical":"https:\/\/elfsight.com\/it\/job-board-widget\/drupal\/","og_locale":"it_IT","og_type":"article","og_title":"Modulo Drupal Job Board - Aggiungi offerte di lavoro a Drupal (2026)","og_description":"Incorpora un modulo reattivo Job Board sul tuo sito Drupal e lascia che i potenziali dipendenti esplorino le opportunit\u00e0 di lavoro!","og_url":"https:\/\/elfsight.com\/it\/job-board-widget\/drupal\/","og_site_name":"Elfsight IT","article_modified_time":"2024-11-11T11:27:44+00:00","twitter_card":"summary_large_image","twitter_misc":{"Tempo di lettura stimato":"3 minuti"},"schema":{"@context":"https:\/\/schema.org","@graph":[{"@type":"WebPage","@id":"https:\/\/elfsight.com\/it\/job-board-widget\/drupal\/","url":"https:\/\/elfsight.com\/it\/job-board-widget\/drupal\/","name":"Modulo Drupal Job Board - Aggiungi offerte di lavoro a Drupal (2026)","isPartOf":{"@id":"https:\/\/elfsight.com\/it\/#website"},"datePublished":"2024-05-03T06:40:16+00:00","dateModified":"2024-11-11T11:27:44+00:00","description":"Incorpora un modulo reattivo Job Board sul tuo sito Drupal e lascia che i potenziali dipendenti esplorino le opportunit\u00e0 di lavoro!","breadcrumb":{"@id":"https:\/\/elfsight.com\/it\/job-board-widget\/drupal\/#breadcrumb"},"inLanguage":"it-IT","potentialAction":[{"@type":"ReadAction","target":["https:\/\/elfsight.com\/it\/job-board-widget\/drupal\/"]}]},{"@type":"BreadcrumbList","@id":"https:\/\/elfsight.com\/it\/job-board-widget\/drupal\/#breadcrumb","itemListElement":[{"@type":"ListItem","position":1,"name":"Home","item":"https:\/\/elfsight.com\/it\/"},{"@type":"ListItem","position":2,"name":"Job Board","item":"https:\/\/elfsight.com\/it\/job-board-widget\/"},{"@type":"ListItem","position":3,"name":"Job Board &#8211; Drupal"}]},{"@type":"WebSite","@id":"https:\/\/elfsight.com\/it\/#website","url":"https:\/\/elfsight.com\/it\/","name":"Elfsight IT","description":"Just another Elfsight Sites site","potentialAction":[{"@type":"SearchAction","target":{"@type":"EntryPoint","urlTemplate":"https:\/\/elfsight.com\/it\/?s={search_term_string}"},"query-input":{"@type":"PropertyValueSpecification","valueRequired":true,"valueName":"search_term_string"}}],"inLanguage":"it-IT"}]}},"meta_box":{"industry":"","seo_heading":"","heading":"","description":"","cta_heading":"","cta_description":"","application":"2517","h1":"Modulo Drupal Job Board","h1_caption":"Crea una bacheca di lavoro per elencare le posizioni aperte sul tuo sito web e attira facilmente potenziali candidati nel tuo sito Drupal.","application_category":[],"applications_title":"","applications_request_title":"","applications_request_button_text":"","hero_text":"","hero_video":"","hero_video_schema_markup":"","selling_points_title":"","selling_points_caption":"","selling_points":[],"selling_points_cta_text":"","features_title":"","features":"","ed_cta_examples_text":"","ed_cta_examples_hidden":"","ed_cta_demo_text":"","ed_cta_demo_hidden":"","why_caption":"","why_editor_title":"","why_editor_text":"","why_team_title":"","why_team_text":"","why_service_title":"","why_service_text":"","template_catalog_visible":"","template_catalog_title":"","template_catalog_text":"","template_catalog_categories_visible":"","demo_title":"Crea il tuo modulo Job Board","demo_caption":"Configura la tua Job Board e aggiungila gratuitamente al tuo sito Drupal!","default_faq_hidden":"","app_template_category":[],"platform":"34","template_public_id":"","codecanyon_url":"","codecanyon_item_id":"","codecanyon_price":"","pricing_caption":"","pricing_elfsight_apps_hide_column":"","pricing_elfsight_apps_url":"","pricing_codecanyon_price_caption":"","integration_category":[],"integration_request_title":"","integration_request_cta":"","integration_platform":"","integrations":[],"platform_category":[],"video_schema_markup":"","price":"da $ 0 al mese","trial":"","benefits":[{"text":"Servizio di installazione gratuito"},{"text":"Servizio clienti professionale"},{"text":"Garanzia di rimborso di 14 giorni"},{"text":"Aggiornamento costante"}],"button_url":"#demo","button_target_blank":"","button_nofollow":"","attributes":[{"name":"Installazioni"},{"name":"Reattivo","content":"S\u00cc"},{"name":"Browser compatibili","content":"Firefox, Safari, Opera, Chrome, Edge"}],"tags":[],"tags_disable_links":"","hide_more_platforms":"","video_object":"","demo_hide_cta":"","demo_hide_cloud_options":"","pricing_title":"","pricing":[{"pricing_icon":"platform","pricing_title":"Elfsight Apps","pricing_title_caption":"Soluzione multipiattaforma adatta a qualsiasi sito web","pricing_price":"da $ 0 \/ mese","pricing_price_caption":"inizia con un piano gratuito","pricing_benefits":[{"text":"Domini illimitati"},{"text":"Supporto aziendale dedicato"},{"text":"Supporto per l'installazione senza costi"},{"text":"Completamente personalizzabile"}],"pricing_button_text":"Aggiungi al sito web","pricing_button_url":"#demo"}],"related_apps_title":"","related_apps_hidden":"","author":"","image":[],"title":"","job":"","social_networks":[]},"_links":{"self":[{"href":"https:\/\/elfsight.com\/it\/wp-json\/wp\/v2\/pages\/4924","targetHints":{"allow":["GET"]}}],"collection":[{"href":"https:\/\/elfsight.com\/it\/wp-json\/wp\/v2\/pages"}],"about":[{"href":"https:\/\/elfsight.com\/it\/wp-json\/wp\/v2\/types\/page"}],"author":[{"embeddable":true,"href":"https:\/\/elfsight.com\/it\/wp-json\/wp\/v2\/users\/9"}],"replies":[{"embeddable":true,"href":"https:\/\/elfsight.com\/it\/wp-json\/wp\/v2\/comments?post=4924"}],"version-history":[{"count":1,"href":"https:\/\/elfsight.com\/it\/wp-json\/wp\/v2\/pages\/4924\/revisions"}],"predecessor-version":[{"id":4928,"href":"https:\/\/elfsight.com\/it\/wp-json\/wp\/v2\/pages\/4924\/revisions\/4928"}],"up":[{"embeddable":true,"href":"https:\/\/elfsight.com\/it\/wp-json\/wp\/v2\/pages\/2518"}],"wp:attachment":[{"href":"https:\/\/elfsight.com\/it\/wp-json\/wp\/v2\/media?parent=4924"}],"curies":[{"name":"wp","href":"https:\/\/api.w.org\/{rel}","templated":true}]}}