{"id":4923,"date":"2024-05-03T06:40:15","date_gmt":"2024-05-03T06:40:15","guid":{"rendered":"https:\/\/elfsight.com\/it\/?page_id=4923"},"modified":"2024-11-11T11:27:44","modified_gmt":"2024-11-11T11:27:44","slug":"facebook","status":"publish","type":"page","link":"https:\/\/elfsight.com\/it\/job-board-widget\/facebook\/","title":{"rendered":"Job Board &#8211; Facebook Page"},"content":{"rendered":"<div class=\"application-platform-content-item-description application-platform-content-item\" id=\"description\" data-nav-section=\"description\"> <h2>Descrizione<\/h2> <p>Elfsight Job Board per Facebook \u00e8 un widget visibile che ti d\u00e0 l&#8217;opportunit\u00e0 di rivelare le offerte di lavoro aperte e ricevere CV da candidati sul tuo sito nel modo pi\u00f9 semplice. Attraverso il nostro nuovo widget potrai rivelare informazioni sulla tua attivit\u00e0, pubblicare informazioni sulle opportunit\u00e0 di lavoro e raccogliere curriculum. Il widget ti offre la possibilit\u00e0 di creare una scheda di lavoro accompagnata da una descrizione approfondita e dal pulsante Applica. L&#8217;utilizzo di Elfsight Job Board ti consente di semplificare il processo di reclutamento e acquisire le risposte alle offerte di lavoro in un clic. <\/p> <p><b>Crea facilmente le descrizioni del lavoro e i pulsanti CTA pi\u00f9 allettanti per ispirare pi\u00f9 possibili assunzioni a collaborare con te<\/b><\/p> <\/div> <div class=\"application-platform-content-item-features application-platform-content-item\" id=\"features\" data-nav-section=\"features\"> <h2>Di seguito sono elencate le funzionalit\u00e0 centrali del widget: <\/h2> <ul><li>Integra un collegamento Candidati per indirizzare i potenziali dipendenti alla pagina che raccoglie i CV<\/li><li>Presenta le opportunit\u00e0 di lavoro nel modo pi\u00f9 dettagliato<\/li><li>Aggiungi tutti i lavori che desideri<\/li><li>Descrivi accuratamente il lavoro e spiega: stipendio, competenze richieste e titolo professionale<\/li><li>Lascia i dettagli di contatto: dipartimento, nome della tua azienda e posizione<\/li><\/ul><p><a href=\"#demo\">Prova semplicemente questa demo per avere un&#8217;idea completa<\/a><\/p> <\/div> <div class=\"application-platform-content-item-installazione application-platform-content-item\" id=\"installazione\" data-nav-section=\"installazione\"> <h2>Come faccio a incorporare una bacheca di lavoro sul mio sito web Facebook? <\/h2> <p>Segui semplicemente i passaggi presentati di seguito per inserire il widget. <\/p> <ol><li><b>Lancia il nostro configuratore gratuito e inizia a dare forma al tuo strumento personalizzato. <\/b><br> Specifica il layout desiderato e le caratteristiche funzionali del widget e salva le modifiche. <\/li> <li><b>Acquisisci il codice univoco riportato nell&#8217;apposito form su Elfsight Apps. <\/b><br> Subito dopo aver terminato la personalizzazione del tuo widget, copia il codice individuale nella casella visualizzata e salvalo per un uso futuro. <\/li> <li><b>Avvia l&#8217;utilizzo del widget sul tuo sito web Facebook. <\/b><br> Integra il codice che hai salvato in precedenza nella tua pagina web e salva le modifiche. <\/li> <li><b>L&#8217;installazione \u00e8 stata eseguita con successo. <\/b><br> Visita la tua pagina web per verificare il funzionamento del widget. <\/li><\/ol> <p>Se incontri qualche problema, non aver paura di chiedere assistenza al nostro personale di supporto. Il nostro personale non vede l&#8217;ora di aiutarti con tutte le domande che potresti avere sullo strumento. <\/p><div class=\"faq\" data-component=\"FAQ\"><div class=\"faq-item\">\r\n\t\t\t\t\t<div class=\"faq-item-question\">\r\n\t\t\t\t\t\t<h3 class=\"faq-item-question-text\">In che modo \u00e8 possibile aggiungere una bacheca di lavoro al sito della mia pagina Facebook senza conoscenze di programmazione?<\/h3>\r\n\r\n\t\t\t\t\t\t<div class=\"faq-item-question-icon\"><\/div>\r\n\t\t\t\t\t<\/div>\r\n\r\n\t\t\t\t\t<div class=\"faq-item-answer\">\r\n\t\t\t\t\t\t<div class=\"faq-item-answer-text\"> <p>La societ\u00e0 Elfsight offre una soluzione SaaS che consente di creare una bacheca di lavoro sezione tu stesso, scopri quanto \u00e8 facile: vai all&#8217;editor live per creare un&#8217;app Job Board che desideri includere nella pagina web della pagina Facebook. Scegli uno dei modelli predefiniti e modifica le impostazioni della Job Board, trasforma il layout e i colori, aggiungi i tuoi contenuti, senza competenze di codifica. Fai clic per salvare le impostazioni apportate alla Job Board e ottenere il codice del plug-in per l&#8217;installazione, che puoi facilmente incorporare nel sito Web della Pagina Facebook senza acquistare un piano a pagamento. Lavorando nel nostro editor intuitivo, ogni utente web pu\u00f2 creare una bacheca di lavoro online e incollarla semplicemente nella propria pagina Facebook. Non dovresti sottoscrivere un abbonamento a pagamento o inviare le credenziali della tua carta per accedere al nostro servizio. Se riscontri problemi in qualsiasi momento, vai avanti e contatta il nostro supporto tecnico clienti.<\/p> <\/div>\r\n\t\t\t\t\t<\/div>\r\n\t\t\t\t<\/div> <\/div> <\/div>","protected":false},"excerpt":{"rendered":"","protected":false},"author":9,"featured_media":0,"parent":2518,"menu_order":0,"comment_status":"closed","ping_status":"closed","template":"templates\/template-application-platform.php","meta":{"publish_to_discourse":"","publish_post_category":"","wpdc_auto_publish_overridden":"","wpdc_topic_tags":"","wpdc_pin_topic":"","wpdc_pin_until":"","discourse_post_id":"","discourse_permalink":"","wpdc_publishing_response":"","wpdc_publishing_error":"","footnotes":""},"class_list":["post-4923","page","type-page","status-publish","hentry"],"yoast_head":"<!-- This site is optimized with the Yoast SEO plugin v25.3.1 - https:\/\/yoast.com\/wordpress\/plugins\/seo\/ -->\n<title>Widget Bacheca di lavoro di Facebook - Aggiungi offerte di lavoro a Facebook (2025)<\/title>\n<meta name=\"description\" content=\"Integra un widget reattivo della Bacheca di lavoro sul tuo sito web Facebook e lascia che i potenziali lavoratori esplorino le offerte di lavoro!\" \/>\n<meta name=\"robots\" content=\"index, follow, max-snippet:-1, max-image-preview:large, max-video-preview:-1\" \/>\n<link rel=\"canonical\" href=\"https:\/\/elfsight.com\/it\/job-board-widget\/facebook\/\" \/>\n<meta property=\"og:locale\" content=\"it_IT\" \/>\n<meta property=\"og:type\" content=\"article\" \/>\n<meta property=\"og:title\" content=\"Widget Bacheca di lavoro di Facebook - Aggiungi offerte di lavoro a Facebook (2025)\" \/>\n<meta property=\"og:description\" content=\"Integra un widget reattivo della Bacheca di lavoro sul tuo sito web Facebook e lascia che i potenziali lavoratori esplorino le offerte di lavoro!\" \/>\n<meta property=\"og:url\" content=\"https:\/\/elfsight.com\/it\/job-board-widget\/facebook\/\" \/>\n<meta property=\"og:site_name\" content=\"Elfsight IT\" \/>\n<meta property=\"article:modified_time\" content=\"2024-11-11T11:27:44+00:00\" \/>\n<meta name=\"twitter:card\" content=\"summary_large_image\" \/>\n<meta name=\"twitter:label1\" content=\"Tempo di lettura stimato\" \/>\n\t<meta name=\"twitter:data1\" content=\"3 minuti\" \/>\n<!-- \/ Yoast SEO plugin. -->","yoast_head_json":{"title":"Widget Bacheca di lavoro di Facebook - Aggiungi offerte di lavoro a Facebook (2025)","description":"Integra un widget reattivo della Bacheca di lavoro sul tuo sito web Facebook e lascia che i potenziali lavoratori esplorino le offerte di lavoro!","robots":{"index":"index","follow":"follow","max-snippet":"max-snippet:-1","max-image-preview":"max-image-preview:large","max-video-preview":"max-video-preview:-1"},"canonical":"https:\/\/elfsight.com\/it\/job-board-widget\/facebook\/","og_locale":"it_IT","og_type":"article","og_title":"Widget Bacheca di lavoro di Facebook - Aggiungi offerte di lavoro a Facebook (2025)","og_description":"Integra un widget reattivo della Bacheca di lavoro sul tuo sito web Facebook e lascia che i potenziali lavoratori esplorino le offerte di lavoro!","og_url":"https:\/\/elfsight.com\/it\/job-board-widget\/facebook\/","og_site_name":"Elfsight IT","article_modified_time":"2024-11-11T11:27:44+00:00","twitter_card":"summary_large_image","twitter_misc":{"Tempo di lettura stimato":"3 minuti"},"schema":{"@context":"https:\/\/schema.org","@graph":[{"@type":"WebPage","@id":"https:\/\/elfsight.com\/it\/job-board-widget\/facebook\/","url":"https:\/\/elfsight.com\/it\/job-board-widget\/facebook\/","name":"Widget Bacheca di lavoro di Facebook - Aggiungi offerte di lavoro a Facebook (2025)","isPartOf":{"@id":"https:\/\/elfsight.com\/it\/#website"},"datePublished":"2024-05-03T06:40:15+00:00","dateModified":"2024-11-11T11:27:44+00:00","description":"Integra un widget reattivo della Bacheca di lavoro sul tuo sito web Facebook e lascia che i potenziali lavoratori esplorino le offerte di lavoro!","breadcrumb":{"@id":"https:\/\/elfsight.com\/it\/job-board-widget\/facebook\/#breadcrumb"},"inLanguage":"it-IT","potentialAction":[{"@type":"ReadAction","target":["https:\/\/elfsight.com\/it\/job-board-widget\/facebook\/"]}]},{"@type":"BreadcrumbList","@id":"https:\/\/elfsight.com\/it\/job-board-widget\/facebook\/#breadcrumb","itemListElement":[{"@type":"ListItem","position":1,"name":"Home","item":"https:\/\/elfsight.com\/it\/"},{"@type":"ListItem","position":2,"name":"Job Board","item":"https:\/\/elfsight.com\/it\/job-board-widget\/"},{"@type":"ListItem","position":3,"name":"Job Board &#8211; Facebook Page"}]},{"@type":"WebSite","@id":"https:\/\/elfsight.com\/it\/#website","url":"https:\/\/elfsight.com\/it\/","name":"Elfsight IT","description":"Just another Elfsight Sites site","potentialAction":[{"@type":"SearchAction","target":{"@type":"EntryPoint","urlTemplate":"https:\/\/elfsight.com\/it\/?s={search_term_string}"},"query-input":{"@type":"PropertyValueSpecification","valueRequired":true,"valueName":"search_term_string"}}],"inLanguage":"it-IT"}]}},"meta_box":{"industry":"","seo_heading":"","heading":"","description":"","cta_heading":"","cta_description":"","application":"2517","h1":"Widget della bacheca di lavoro di Facebook","h1_caption":"Crea una bacheca di lavoro per elencare le posizioni aperte sul tuo sito web e attira facilmente potenziali candidati nel sito web della tua Pagina Facebook.","application_category":[],"applications_title":"","applications_request_title":"","applications_request_button_text":"","hero_text":"","hero_video":"","hero_video_schema_markup":"","selling_points_title":"","selling_points_caption":"","selling_points":[],"selling_points_cta_text":"","features_title":"","features":"","ed_cta_examples_text":"","ed_cta_examples_hidden":"","ed_cta_demo_text":"","ed_cta_demo_hidden":"","why_caption":"","why_editor_title":"","why_editor_text":"","why_team_title":"","why_team_text":"","why_service_title":"","why_service_text":"","template_catalog_visible":"","template_catalog_title":"","template_catalog_text":"","template_catalog_categories_visible":"","demo_title":"Crea il tuo widget della bacheca di lavoro","demo_caption":"Configura la tua Job Board e aggiungila gratuitamente al sito della tua Pagina Facebook!","default_faq_hidden":"","app_template_category":[],"platform":"77","template_public_id":"","codecanyon_url":"","codecanyon_item_id":"","codecanyon_price":"","pricing_caption":"","pricing_elfsight_apps_hide_column":"","pricing_elfsight_apps_url":"","pricing_codecanyon_price_caption":"","integration_category":[],"integration_request_title":"","integration_request_cta":"","integration_platform":"","integrations":[],"platform_category":[],"video_schema_markup":"","price":"da $ 0 al mese","trial":"","benefits":[{"text":"Aiuto gratuito per l'installazione"},{"text":"Servizio clienti professionale"},{"text":"Garanzia di rimborso di 14 giorni"},{"text":"Aggiornamento costante"}],"button_url":"#demo","button_target_blank":"","button_nofollow":"","attributes":[{"name":"Installazioni"},{"name":"Reattivo","content":"S\u00cc"},{"name":"Browser compatibili","content":"Chrome, Safari, Opera, Edge, Firefox"}],"tags":[],"tags_disable_links":"","hide_more_platforms":"","video_object":"","demo_hide_cta":"","demo_hide_cloud_options":"","pricing_title":"","pricing":[{"pricing_icon":"platform","pricing_title":"Elfsight Apps","pricing_title_caption":"Soluzione indipendente dalla piattaforma","pricing_price":"da $ 0 \/ mese","pricing_price_caption":"inizia con un piano gratuito","pricing_benefits":[{"text":"Siti web illimitati"},{"text":"Assistenza clienti premium e ben documentata"},{"text":"Servizio di installazione gratuito"},{"text":"100% personalizzabile"}],"pricing_button_text":"Aggiungi al sito web","pricing_button_url":"#demo"}],"related_apps_title":"","related_apps_hidden":"","author":"","image":[],"title":"","job":"","social_networks":[]},"_links":{"self":[{"href":"https:\/\/elfsight.com\/it\/wp-json\/wp\/v2\/pages\/4923","targetHints":{"allow":["GET"]}}],"collection":[{"href":"https:\/\/elfsight.com\/it\/wp-json\/wp\/v2\/pages"}],"about":[{"href":"https:\/\/elfsight.com\/it\/wp-json\/wp\/v2\/types\/page"}],"author":[{"embeddable":true,"href":"https:\/\/elfsight.com\/it\/wp-json\/wp\/v2\/users\/9"}],"replies":[{"embeddable":true,"href":"https:\/\/elfsight.com\/it\/wp-json\/wp\/v2\/comments?post=4923"}],"version-history":[{"count":1,"href":"https:\/\/elfsight.com\/it\/wp-json\/wp\/v2\/pages\/4923\/revisions"}],"predecessor-version":[{"id":4927,"href":"https:\/\/elfsight.com\/it\/wp-json\/wp\/v2\/pages\/4923\/revisions\/4927"}],"up":[{"embeddable":true,"href":"https:\/\/elfsight.com\/it\/wp-json\/wp\/v2\/pages\/2518"}],"wp:attachment":[{"href":"https:\/\/elfsight.com\/it\/wp-json\/wp\/v2\/media?parent=4923"}],"curies":[{"name":"wp","href":"https:\/\/api.w.org\/{rel}","templated":true}]}}