{"id":4916,"date":"2024-05-03T06:40:12","date_gmt":"2024-05-03T06:40:12","guid":{"rendered":"https:\/\/elfsight.com\/it\/?page_id=4916"},"modified":"2024-11-11T11:27:36","modified_gmt":"2024-11-11T11:27:36","slug":"jquery","status":"publish","type":"page","link":"https:\/\/elfsight.com\/it\/job-board-widget\/jquery\/","title":{"rendered":"Job Board &#8211; jQuery"},"content":{"rendered":"<div class=\"application-platform-content-item-description application-platform-content-item\" id=\"description\" data-nav-section=\"description\"> <h2>Descrizione<\/h2> <p>La nostra Job Board per jQuery \u00e8 un plugin straordinario che ti offre l&#8217;opportunit\u00e0 di pubblicare posti vacanti aperti e raccogliere CV da candidati direttamente sul tuo sito nel modo pi\u00f9 accessibile. Con il nostro nuovo widget potrai presentare la tua attivit\u00e0, distribuire informazioni sui posti vacanti aperti e ottenere curriculum. Il widget ti consente di creare una scheda di lavoro accompagnata da una descrizione accurata e dal pulsante Candidati. Utilizzando Elfsight Job Board puoi semplificare il processo di reclutamento e ottenere risposte alle offerte di lavoro in un clic. <\/p> <p><b>Crea rapidamente le offerte di lavoro e gli inviti all&#8217;azione pi\u00f9 interessanti per motivare pi\u00f9 possibili assunzioni a collaborare con te<\/b><\/p> <\/div> <div class=\"application-platform-content-item-features  application-platform-content-item\" id=\"features \" data-nav-section=\"features \"> <h2>Offriamo funzionalit\u00e0 utili e semplici, visualizzane alcune: <\/h2> <ul><li>Crea un collegamento Candidati per indirizzare i potenziali dipendenti alla pagina con i CV<\/li><li>Presenta opportunit\u00e0 di lavoro nel modo pi\u00f9 affascinante<\/li><li>Il numero di lavori che puoi aggiungere \u00e8 illimitato<\/li><li>Aggiungi numerosi dettagli sul lavoro: competenze necessarie, stipendio e titolo professionale<\/li><li> Lascia le informazioni di contatto: dipartimento, nome della tua azienda e posizione<\/li><\/ul><p><a href=\"#demo\">Puoi verificare se il plugin fa per te utilizzando la demo<\/a> <\/p> <\/div> <div class=\"application-platform-content-item-installation application-platform-content-item\" id=\"installation\" data-nav-section=\"installation\"> <h2>Come incorporare una bacheca di lavoro nel mio sito Web jQuery? <\/h2> <p>Applica semplicemente le istruzioni seguenti per iniziare a lavorare con lo strumento. <\/p> <ol><li><b>Utilizza la nostra demo gratuita e inizia a dare forma al tuo plugin personalizzato. <\/b><br> Determina il layout selezionato e le opzioni del plugin e salva le correzioni. <\/li> <li><b>Copia il tuo codice individuale che appare nell&#8217;apposito modulo su Elfsight Apps. <\/b><br> Una volta terminata la creazione del tuo widget personale, copia il codice personale nella casella emersa e salvalo per un uso futuro. <\/li> <li><b>Avvia l&#8217;utilizzo del plugin sulla tua pagina web jQuery. <\/b><br> Integra il codice che hai copiato in precedenza nella tua home page e applica le modifiche. <\/li> <li><b>L&#8217;installazione \u00e8 stata completata con successo. <\/b><br> Vai alla tua pagina per verificare come funziona il widget. <\/li><\/ol> <p>Nel caso in cui incontri ostacoli, sentiti libero di fare appello al nostro personale di supporto. I nostri consulenti sono desiderosi di aiutarti con tutti i problemi che potresti avere con il plugin. <\/p> <div class=\"faq\" data-component=\"FAQ\"><div class=\"faq-item\">\r\n\t\t\t\t\t<div class=\"faq-item-question\">\r\n\t\t\t\t\t\t<h3 class=\"faq-item-question-text\">Come aggiungere una Job Board al mio sito Web jQuery senza competenze di programmazione?<\/h3>\r\n\r\n\t\t\t\t\t\t<div class=\"faq-item-question-icon\"><\/div>\r\n\t\t\t\t\t<\/div>\r\n\r\n\t\t\t\t\t<div class=\"faq-item-answer\">\r\n\t\t\t\t\t\t<div class=\"faq-item-answer-text\"> <p>Elfsight fornisce una soluzione SaaS che ti consente di creare tu stesso un widget Job Board, scopri quanto \u00e8 facile Il processo \u00e8: lavora direttamente nell&#8217;editor online per creare un widget della bacheca di lavoro che vorresti vedere sul tuo sito web jQuery. Scegli uno dei modelli predefiniti e regola le impostazioni della Job Board, aggiungi i tuoi contenuti, modifica il layout e i colori senza alcuna abilit\u00e0 di codifica. Salva la Job Board e copia il suo codice di installazione, cos\u00ec potrai aggiungerla facilmente al tuo sito jQuery senza dover acquistare un abbonamento a pagamento. Con il nostro editor intuitivo qualsiasi utente di Internet pu\u00f2 creare un widget per la bacheca di lavoro online e incorporarlo facilmente nel proprio sito Web jQuery. Non \u00e8 necessario pagare o inserire le credenziali della carta per accedere al servizio. In caso di problemi in qualsiasi momento, non esitare a contattare il nostro team di supporto tecnico.<\/p> <\/div>\r\n\t\t\t\t\t<\/div>\r\n\t\t\t\t<\/div> <\/div><\/div>","protected":false},"excerpt":{"rendered":"","protected":false},"author":9,"featured_media":0,"parent":2518,"menu_order":0,"comment_status":"closed","ping_status":"closed","template":"templates\/template-application-platform.php","meta":{"publish_to_discourse":"","publish_post_category":"","wpdc_auto_publish_overridden":"","wpdc_topic_tags":"","wpdc_pin_topic":"","wpdc_pin_until":"","discourse_post_id":"","discourse_permalink":"","wpdc_publishing_response":"","wpdc_publishing_error":"","footnotes":""},"class_list":["post-4916","page","type-page","status-publish","hentry"],"yoast_head":"<!-- This site is optimized with the Yoast SEO plugin v25.3.1 - https:\/\/yoast.com\/wordpress\/plugins\/seo\/ -->\n<title>Plugin jQuery Job Board - Aggiungi opportunit\u00e0 di lavoro a jQuery (2026)<\/title>\n<meta name=\"description\" content=\"Integra un plug-in reattivo per Job Board sul tuo sito Web jQuery e consenti ai potenziali dipendenti di sondare le offerte di lavoro aperte!\" \/>\n<meta name=\"robots\" content=\"index, follow, max-snippet:-1, max-image-preview:large, max-video-preview:-1\" \/>\n<link rel=\"canonical\" href=\"https:\/\/elfsight.com\/it\/job-board-widget\/jquery\/\" \/>\n<meta property=\"og:locale\" content=\"it_IT\" \/>\n<meta property=\"og:type\" content=\"article\" \/>\n<meta property=\"og:title\" content=\"Plugin jQuery Job Board - Aggiungi opportunit\u00e0 di lavoro a jQuery (2026)\" \/>\n<meta property=\"og:description\" content=\"Integra un plug-in reattivo per Job Board sul tuo sito Web jQuery e consenti ai potenziali dipendenti di sondare le offerte di lavoro aperte!\" \/>\n<meta property=\"og:url\" content=\"https:\/\/elfsight.com\/it\/job-board-widget\/jquery\/\" \/>\n<meta property=\"og:site_name\" content=\"Elfsight IT\" \/>\n<meta property=\"article:modified_time\" content=\"2024-11-11T11:27:36+00:00\" \/>\n<meta name=\"twitter:card\" content=\"summary_large_image\" \/>\n<meta name=\"twitter:label1\" content=\"Tempo di lettura stimato\" \/>\n\t<meta name=\"twitter:data1\" content=\"3 minuti\" \/>\n<!-- \/ Yoast SEO plugin. -->","yoast_head_json":{"title":"Plugin jQuery Job Board - Aggiungi opportunit\u00e0 di lavoro a jQuery (2026)","description":"Integra un plug-in reattivo per Job Board sul tuo sito Web jQuery e consenti ai potenziali dipendenti di sondare le offerte di lavoro aperte!","robots":{"index":"index","follow":"follow","max-snippet":"max-snippet:-1","max-image-preview":"max-image-preview:large","max-video-preview":"max-video-preview:-1"},"canonical":"https:\/\/elfsight.com\/it\/job-board-widget\/jquery\/","og_locale":"it_IT","og_type":"article","og_title":"Plugin jQuery Job Board - Aggiungi opportunit\u00e0 di lavoro a jQuery (2026)","og_description":"Integra un plug-in reattivo per Job Board sul tuo sito Web jQuery e consenti ai potenziali dipendenti di sondare le offerte di lavoro aperte!","og_url":"https:\/\/elfsight.com\/it\/job-board-widget\/jquery\/","og_site_name":"Elfsight IT","article_modified_time":"2024-11-11T11:27:36+00:00","twitter_card":"summary_large_image","twitter_misc":{"Tempo di lettura stimato":"3 minuti"},"schema":{"@context":"https:\/\/schema.org","@graph":[{"@type":"WebPage","@id":"https:\/\/elfsight.com\/it\/job-board-widget\/jquery\/","url":"https:\/\/elfsight.com\/it\/job-board-widget\/jquery\/","name":"Plugin jQuery Job Board - Aggiungi opportunit\u00e0 di lavoro a jQuery (2026)","isPartOf":{"@id":"https:\/\/elfsight.com\/it\/#website"},"datePublished":"2024-05-03T06:40:12+00:00","dateModified":"2024-11-11T11:27:36+00:00","description":"Integra un plug-in reattivo per Job Board sul tuo sito Web jQuery e consenti ai potenziali dipendenti di sondare le offerte di lavoro aperte!","breadcrumb":{"@id":"https:\/\/elfsight.com\/it\/job-board-widget\/jquery\/#breadcrumb"},"inLanguage":"it-IT","potentialAction":[{"@type":"ReadAction","target":["https:\/\/elfsight.com\/it\/job-board-widget\/jquery\/"]}]},{"@type":"BreadcrumbList","@id":"https:\/\/elfsight.com\/it\/job-board-widget\/jquery\/#breadcrumb","itemListElement":[{"@type":"ListItem","position":1,"name":"Home","item":"https:\/\/elfsight.com\/it\/"},{"@type":"ListItem","position":2,"name":"Job Board","item":"https:\/\/elfsight.com\/it\/job-board-widget\/"},{"@type":"ListItem","position":3,"name":"Job Board &#8211; jQuery"}]},{"@type":"WebSite","@id":"https:\/\/elfsight.com\/it\/#website","url":"https:\/\/elfsight.com\/it\/","name":"Elfsight IT","description":"Just another Elfsight Sites site","potentialAction":[{"@type":"SearchAction","target":{"@type":"EntryPoint","urlTemplate":"https:\/\/elfsight.com\/it\/?s={search_term_string}"},"query-input":{"@type":"PropertyValueSpecification","valueRequired":true,"valueName":"search_term_string"}}],"inLanguage":"it-IT"}]}},"meta_box":{"industry":"","seo_heading":"","heading":"","description":"","cta_heading":"","cta_description":"","application":"2517","h1":"Plug-in jQuery Job Board","h1_caption":"Crea una bacheca di lavoro per elencare le posizioni aperte sul tuo sito web e attira facilmente potenziali candidati nel tuo sito web jQuery senza sforzo.","application_category":[],"applications_title":"","applications_request_title":"","applications_request_button_text":"","hero_text":"","hero_video":"","hero_video_schema_markup":"","selling_points_title":"","selling_points_caption":"","selling_points":[],"selling_points_cta_text":"","features_title":"","features":"","ed_cta_examples_text":"","ed_cta_examples_hidden":"","ed_cta_demo_text":"","ed_cta_demo_hidden":"","why_caption":"","why_editor_title":"","why_editor_text":"","why_team_title":"","why_team_text":"","why_service_title":"","why_service_text":"","template_catalog_visible":"","template_catalog_title":"","template_catalog_text":"","template_catalog_categories_visible":"","demo_title":"Crea il tuo plugin per la Job Board","demo_caption":"Configura la tua Job Board e aggiungila gratuitamente al tuo sito jQuery!","default_faq_hidden":"","app_template_category":[],"platform":"37","template_public_id":"","codecanyon_url":"","codecanyon_item_id":"","codecanyon_price":"","pricing_caption":"","pricing_elfsight_apps_hide_column":"","pricing_elfsight_apps_url":"","pricing_codecanyon_price_caption":"","integration_category":[],"integration_request_title":"","integration_request_cta":"","integration_platform":"","integrations":[],"platform_category":[],"video_schema_markup":"","price":"da $ 0 al mese","trial":"","benefits":[{"text":"Aiuto per l'installazione gratuito"},{"text":"Assistenza clienti con esperienza"},{"text":"Garanzia di rimborso di 14 giorni"},{"text":"Sviluppo continuo"}],"button_url":"#demo","button_target_blank":"","button_nofollow":"","attributes":[{"name":"Installazioni"},{"name":"Reattivo","content":"S\u00cc"},{"name":"Browser compatibili","content":"Edge, Chrome, Safari, Firefox, Opera"}],"tags":[],"tags_disable_links":"","hide_more_platforms":"","video_object":"","demo_hide_cta":"","demo_hide_cloud_options":"","pricing_title":"","pricing":[{"pricing_icon":"platform","pricing_title":"Elfsight Apps","pricing_title_caption":"Versione indipendente dalla piattaforma","pricing_price":"da $ 0 \/ mese","pricing_price_caption":"inizia con un piano gratuito","pricing_benefits":[{"text":"Siti web illimitati"},{"text":"Assistenza clienti veloce e ben documentata"},{"text":"Aiuto gratuito per l'installazione"},{"text":"Progettazione flessibile"}],"pricing_button_text":"Aggiungi al sito web","pricing_button_url":"#demo"}],"related_apps_title":"","related_apps_hidden":"","author":"","image":[],"title":"","job":"","social_networks":[]},"_links":{"self":[{"href":"https:\/\/elfsight.com\/it\/wp-json\/wp\/v2\/pages\/4916","targetHints":{"allow":["GET"]}}],"collection":[{"href":"https:\/\/elfsight.com\/it\/wp-json\/wp\/v2\/pages"}],"about":[{"href":"https:\/\/elfsight.com\/it\/wp-json\/wp\/v2\/types\/page"}],"author":[{"embeddable":true,"href":"https:\/\/elfsight.com\/it\/wp-json\/wp\/v2\/users\/9"}],"replies":[{"embeddable":true,"href":"https:\/\/elfsight.com\/it\/wp-json\/wp\/v2\/comments?post=4916"}],"version-history":[{"count":1,"href":"https:\/\/elfsight.com\/it\/wp-json\/wp\/v2\/pages\/4916\/revisions"}],"predecessor-version":[{"id":4920,"href":"https:\/\/elfsight.com\/it\/wp-json\/wp\/v2\/pages\/4916\/revisions\/4920"}],"up":[{"embeddable":true,"href":"https:\/\/elfsight.com\/it\/wp-json\/wp\/v2\/pages\/2518"}],"wp:attachment":[{"href":"https:\/\/elfsight.com\/it\/wp-json\/wp\/v2\/media?parent=4916"}],"curies":[{"name":"wp","href":"https:\/\/api.w.org\/{rel}","templated":true}]}}