{"id":4914,"date":"2024-05-03T06:40:10","date_gmt":"2024-05-03T06:40:10","guid":{"rendered":"https:\/\/elfsight.com\/it\/?page_id=4914"},"modified":"2024-11-11T11:27:36","modified_gmt":"2024-11-11T11:27:36","slug":"iframe","status":"publish","type":"page","link":"https:\/\/elfsight.com\/it\/job-board-widget\/iframe\/","title":{"rendered":"Job Board &#8211; iFrame"},"content":{"rendered":"<div class=\"application-platform-content-item-description application-platform-content-item\" id=\"description\" data-nav-section=\"description\"> <h2>Incorpora Job Board su iFrame con il widget Elfsight<\/h2> <p>La Job Board per iFrame \u00e8 un sorprendente widget che ti consente di pubblicare apri posti vacanti e raccogli i CV dei candidati direttamente sul tuo sito web nel modo pi\u00f9 accessibile. Attraverso il nostro nuovo widget potrai raccontare la tua attivit\u00e0, pubblicare informazioni sulle opportunit\u00e0 di lavoro e raccogliere curriculum. Il widget ti offre la possibilit\u00e0 di creare una scheda di lavoro accompagnata da una rappresentazione accurata e dal pulsante Candidati. L&#8217;applicazione della Job Board ti consente di semplificare il processo di reclutamento e di disegnare le risposte alle offerte di lavoro in un clic. <\/p> <p><b>Crea facilmente le descrizioni del lavoro e gli inviti all&#8217;azione pi\u00f9 allettanti per indurre pi\u00f9 potenziali assunti a collaborare con te<\/b><\/p> <\/div> <div class=\"application-platform-content-item-features  application-platform-content-item\" id=\"features \" data-nav-section=\"features \"> <h2>Controlla l&#8217;elenco delle principali funzionalit\u00e0: <\/h2> <ul><li>Aggiungi un collegamento Candidati per indirizzare gli utenti del sito web alla pagina con i CV<\/li><li>Presenta le offerte di lavoro nel modo pi\u00f9 dettagliato modo<\/li><li>Il numero di lavori che puoi aggiungere \u00e8 illimitato<\/li><li>Aggiungi numerosi dettagli sul lavoro: stipendio, competenze richieste e titolo professionale<\/li><li>Lascia i dettagli di contatto: posizione, dipartimento e nome della tua azienda<\/li><\/ul><p><a href=\"#demo\">Puoi verificare tutte le funzionalit\u00e0 del widget nella demo in questa pagina<\/a><\/p> <\/div> <div class=\"application-platform-content-item-installazione application-platform-content-item\" id=\"installazione\" data-nav-section=\"installazione\"> <h2>Come posso incorporare una bacheca di lavoro nel mio sito web iFrame? <\/h2> <p>Segui semplicemente le linee guida seguenti per incorporare il widget. <\/p> <ol><li><b>Lancia il nostro configuratore gratuito e inizia a costruire il tuo strumento personalizzato. <\/b><br> Scegli il design personalizzato e gli aspetti del plugin e applica le modifiche. <\/li> <li><b>Acquisisci il tuo codice personale esposto nella finestra su Elfsight Apps. <\/b><br> Subito dopo aver terminato la personalizzazione del tuo widget, copia il codice esclusivo nella casella visualizzata e conservalo per un ulteriore utilizzo. <\/li> <li><b>Inizia a utilizzare lo strumento nella pagina web iFrame. <\/b><br> Inserisci il codice che hai copiato in precedenza nella tua pagina e applica le modifiche. <\/li> <li><b>Il gioco \u00e8 fatto! L&#8217;incorporamento \u00e8 stato completato con successo. <\/b><br> Vai alla tua pagina per vedere in azione come funziona il widget. <\/li><\/ol> <p>Se incontri qualche difficolt\u00e0, rivolgiti al nostro personale del servizio clienti. I nostri consulenti saranno lieti di risolvere tutte le domande che potresti avere sul prodotto. <\/p> <div class=\"faq\" data-component=\"FAQ\"><div class=\"faq-item\">\r\n\t\t\t\t\t<div class=\"faq-item-question\">\r\n\t\t\t\t\t\t<h3 class=\"faq-item-question-text\">Esiste un metodo per incorporare una Job Board nel mio sito Web iFrame senza codifica?<\/h3>\r\n\r\n\t\t\t\t\t\t<div class=\"faq-item-question-icon\"><\/div>\r\n\t\t\t\t\t<\/div>\r\n\r\n\t\t\t\t\t<div class=\"faq-item-answer\">\r\n\t\t\t\t\t\t<div class=\"faq-item-answer-text\"> <p>Elfsight offre una soluzione SaaS che consente ai proprietari dei siti di creare autonomamente un plug-in Job Board, scopri i semplici passaggi: Vai alla demo online per creare un widget della bacheca di lavoro che desideri incorporare nella home page di iFrame. Scegli uno dei nostri modelli gi\u00e0 pronti e modifica le impostazioni della Job Board, cambia il layout e le combinazioni di colori inclusi i tuoi contenuti, senza esperienza di codifica. Salva la Job Board e copia il codice di installazione del widget, che potrai includere facilmente e gratuitamente nella tua home page di iFrame. Con l&#8217;aiuto del configuratore facile da usare, qualsiasi utente web pu\u00f2 creare un widget Job Board e aggiungerlo facilmente al sito web iFrame. Non dovresti ottenere un piano a pagamento o inviare le credenziali della tua carta per accedere al servizio Elfsight. Se riscontri problemi in qualsiasi momento, non esitare a rivolgerti al nostro team di supporto.<\/p> <\/div>\r\n\t\t\t\t\t<\/div>\r\n\t\t\t\t<\/div> <\/div><\/div>","protected":false},"excerpt":{"rendered":"","protected":false},"author":9,"featured_media":0,"parent":2518,"menu_order":0,"comment_status":"closed","ping_status":"closed","template":"templates\/template-application-platform.php","meta":{"publish_to_discourse":"","publish_post_category":"","wpdc_auto_publish_overridden":"","wpdc_topic_tags":"","wpdc_pin_topic":"","wpdc_pin_until":"","discourse_post_id":"","discourse_permalink":"","wpdc_publishing_response":"","wpdc_publishing_error":"","footnotes":""},"class_list":["post-4914","page","type-page","status-publish","hentry"],"yoast_head":"<!-- This site is optimized with the Yoast SEO plugin v25.3.1 - https:\/\/yoast.com\/wordpress\/plugins\/seo\/ -->\n<title>Widget iFrame Job Board - Aggiungi offerte di lavoro a iFrame (2025)<\/title>\n<meta name=\"description\" content=\"Aggiungi un widget reattivo della bacheca di lavoro sul tuo sito iFrame e lascia che i tuoi potenziali lavoratori sondano le offerte di lavoro aperte!\" \/>\n<meta name=\"robots\" content=\"index, follow, max-snippet:-1, max-image-preview:large, max-video-preview:-1\" \/>\n<link rel=\"canonical\" href=\"https:\/\/elfsight.com\/it\/job-board-widget\/iframe\/\" \/>\n<meta property=\"og:locale\" content=\"it_IT\" \/>\n<meta property=\"og:type\" content=\"article\" \/>\n<meta property=\"og:title\" content=\"Widget iFrame Job Board - Aggiungi offerte di lavoro a iFrame (2025)\" \/>\n<meta property=\"og:description\" content=\"Aggiungi un widget reattivo della bacheca di lavoro sul tuo sito iFrame e lascia che i tuoi potenziali lavoratori sondano le offerte di lavoro aperte!\" \/>\n<meta property=\"og:url\" content=\"https:\/\/elfsight.com\/it\/job-board-widget\/iframe\/\" \/>\n<meta property=\"og:site_name\" content=\"Elfsight IT\" \/>\n<meta property=\"article:modified_time\" content=\"2024-11-11T11:27:36+00:00\" \/>\n<meta name=\"twitter:card\" content=\"summary_large_image\" \/>\n<meta name=\"twitter:label1\" content=\"Tempo di lettura stimato\" \/>\n\t<meta name=\"twitter:data1\" content=\"3 minuti\" \/>\n<!-- \/ Yoast SEO plugin. -->","yoast_head_json":{"title":"Widget iFrame Job Board - Aggiungi offerte di lavoro a iFrame (2025)","description":"Aggiungi un widget reattivo della bacheca di lavoro sul tuo sito iFrame e lascia che i tuoi potenziali lavoratori sondano le offerte di lavoro aperte!","robots":{"index":"index","follow":"follow","max-snippet":"max-snippet:-1","max-image-preview":"max-image-preview:large","max-video-preview":"max-video-preview:-1"},"canonical":"https:\/\/elfsight.com\/it\/job-board-widget\/iframe\/","og_locale":"it_IT","og_type":"article","og_title":"Widget iFrame Job Board - Aggiungi offerte di lavoro a iFrame (2025)","og_description":"Aggiungi un widget reattivo della bacheca di lavoro sul tuo sito iFrame e lascia che i tuoi potenziali lavoratori sondano le offerte di lavoro aperte!","og_url":"https:\/\/elfsight.com\/it\/job-board-widget\/iframe\/","og_site_name":"Elfsight IT","article_modified_time":"2024-11-11T11:27:36+00:00","twitter_card":"summary_large_image","twitter_misc":{"Tempo di lettura stimato":"3 minuti"},"schema":{"@context":"https:\/\/schema.org","@graph":[{"@type":"WebPage","@id":"https:\/\/elfsight.com\/it\/job-board-widget\/iframe\/","url":"https:\/\/elfsight.com\/it\/job-board-widget\/iframe\/","name":"Widget iFrame Job Board - Aggiungi offerte di lavoro a iFrame (2025)","isPartOf":{"@id":"https:\/\/elfsight.com\/it\/#website"},"datePublished":"2024-05-03T06:40:10+00:00","dateModified":"2024-11-11T11:27:36+00:00","description":"Aggiungi un widget reattivo della bacheca di lavoro sul tuo sito iFrame e lascia che i tuoi potenziali lavoratori sondano le offerte di lavoro aperte!","breadcrumb":{"@id":"https:\/\/elfsight.com\/it\/job-board-widget\/iframe\/#breadcrumb"},"inLanguage":"it-IT","potentialAction":[{"@type":"ReadAction","target":["https:\/\/elfsight.com\/it\/job-board-widget\/iframe\/"]}]},{"@type":"BreadcrumbList","@id":"https:\/\/elfsight.com\/it\/job-board-widget\/iframe\/#breadcrumb","itemListElement":[{"@type":"ListItem","position":1,"name":"Home","item":"https:\/\/elfsight.com\/it\/"},{"@type":"ListItem","position":2,"name":"Job Board","item":"https:\/\/elfsight.com\/it\/job-board-widget\/"},{"@type":"ListItem","position":3,"name":"Job Board &#8211; iFrame"}]},{"@type":"WebSite","@id":"https:\/\/elfsight.com\/it\/#website","url":"https:\/\/elfsight.com\/it\/","name":"Elfsight IT","description":"Just another Elfsight Sites site","potentialAction":[{"@type":"SearchAction","target":{"@type":"EntryPoint","urlTemplate":"https:\/\/elfsight.com\/it\/?s={search_term_string}"},"query-input":{"@type":"PropertyValueSpecification","valueRequired":true,"valueName":"search_term_string"}}],"inLanguage":"it-IT"}]}},"meta_box":{"industry":"","seo_heading":"","heading":"","description":"","cta_heading":"","cta_description":"","application":"2517","h1":"Widget della bacheca di lavoro iFrame","h1_caption":"Crea una bacheca di lavoro per elencare le posizioni aperte sul tuo sito web e attira facilmente potenziali candidati nel tuo sito web iFrame.","application_category":[],"applications_title":"","applications_request_title":"","applications_request_button_text":"","hero_text":"","hero_video":"","hero_video_schema_markup":"","selling_points_title":"","selling_points_caption":"","selling_points":[],"selling_points_cta_text":"","features_title":"","features":"","ed_cta_examples_text":"","ed_cta_examples_hidden":"","ed_cta_demo_text":"","ed_cta_demo_hidden":"","why_caption":"","why_editor_title":"","why_editor_text":"","why_team_title":"","why_team_text":"","why_service_title":"","why_service_text":"","template_catalog_visible":"","template_catalog_title":"","template_catalog_text":"","template_catalog_categories_visible":"","demo_title":"Crea il tuo widget della bacheca di lavoro","demo_caption":"Configura la tua Job Board e aggiungila gratuitamente al tuo sito iFrame!","default_faq_hidden":"","app_template_category":[],"platform":"54","template_public_id":"","codecanyon_url":"","codecanyon_item_id":"","codecanyon_price":"","pricing_caption":"","pricing_elfsight_apps_hide_column":"","pricing_elfsight_apps_url":"","pricing_codecanyon_price_caption":"","integration_category":[],"integration_request_title":"","integration_request_cta":"","integration_platform":"","integrations":[],"platform_category":[],"video_schema_markup":"","price":"da $ 0 al mese","trial":"","benefits":[{"text":"Aiuto gratuito per l'installazione"},{"text":"Supporto premium"},{"text":"Garanzia di rimborso di 14 giorni"},{"text":"Sviluppo continuo"}],"button_url":"#demo","button_target_blank":"","button_nofollow":"","attributes":[{"name":"Installazioni"},{"name":"Reattivo","content":"S\u00cc"},{"name":"Browser compatibili","content":"Firefox, Safari, Opera, Chrome, Edge"}],"tags":[],"tags_disable_links":"","hide_more_platforms":"","video_object":"","demo_hide_cta":"","demo_hide_cloud_options":"","pricing_title":"","pricing":[{"pricing_icon":"platform","pricing_title":"Elfsight Apps","pricing_title_caption":"Versione multipiattaforma adatta a qualsiasi sito","pricing_price":"da $ 0 \/ mese","pricing_price_caption":"inizia con un piano gratuito","pricing_benefits":[{"text":"Domini illimitati"},{"text":"Assistenza clienti premium"},{"text":"Supporto gratuito per l'installazione"},{"text":"Completamente personalizzabile"}],"pricing_button_text":"Aggiungi al sito web","pricing_button_url":"#demo"}],"related_apps_title":"","related_apps_hidden":"","author":"","image":[],"title":"","job":"","social_networks":[]},"_links":{"self":[{"href":"https:\/\/elfsight.com\/it\/wp-json\/wp\/v2\/pages\/4914","targetHints":{"allow":["GET"]}}],"collection":[{"href":"https:\/\/elfsight.com\/it\/wp-json\/wp\/v2\/pages"}],"about":[{"href":"https:\/\/elfsight.com\/it\/wp-json\/wp\/v2\/types\/page"}],"author":[{"embeddable":true,"href":"https:\/\/elfsight.com\/it\/wp-json\/wp\/v2\/users\/9"}],"replies":[{"embeddable":true,"href":"https:\/\/elfsight.com\/it\/wp-json\/wp\/v2\/comments?post=4914"}],"version-history":[{"count":1,"href":"https:\/\/elfsight.com\/it\/wp-json\/wp\/v2\/pages\/4914\/revisions"}],"predecessor-version":[{"id":4918,"href":"https:\/\/elfsight.com\/it\/wp-json\/wp\/v2\/pages\/4914\/revisions\/4918"}],"up":[{"embeddable":true,"href":"https:\/\/elfsight.com\/it\/wp-json\/wp\/v2\/pages\/2518"}],"wp:attachment":[{"href":"https:\/\/elfsight.com\/it\/wp-json\/wp\/v2\/media?parent=4914"}],"curies":[{"name":"wp","href":"https:\/\/api.w.org\/{rel}","templated":true}]}}