{"id":4908,"date":"2024-05-03T06:40:08","date_gmt":"2024-05-03T06:40:08","guid":{"rendered":"https:\/\/elfsight.com\/it\/?page_id=4908"},"modified":"2025-03-21T14:58:52","modified_gmt":"2025-03-21T14:58:52","slug":"html","status":"publish","type":"page","link":"https:\/\/elfsight.com\/it\/job-board-widget\/html\/","title":{"rendered":"Job Board &#8211; HTML"},"content":{"rendered":"\n<div class=\"application-platform-content-item-description application-platform-content-item\" id=\"description\" data-nav-section=\"description\"> <h2>Descrizione<\/h2> <p>La nostra bacheca di lavoro per HTML \u00e8 un widget straordinario che ti d\u00e0 l&#8217;opportunit\u00e0 di pubblicare offerte di lavoro aperte e ricevere CV da candidati sul tuo sito nel modo pi\u00f9 accessibile. Con il nostro nuovo strumento potrai rivelare informazioni sulla tua azienda, pubblicare informazioni sulle offerte di lavoro e raccogliere curriculum. Il widget ti offre la possibilit\u00e0 di creare una scheda di lavoro accompagnata da una descrizione dettagliata e dal pulsante Candidati. L&#8217;utilizzo di Elfsight Job Board ti consente di semplificare il processo di reclutamento e acquisire le risposte agli annunci di lavoro in 1-2-3!. <\/p> <p><b>Crea rapidamente le descrizioni delle offerte di lavoro e i pulsanti CTA pi\u00f9 attraenti per ispirare pi\u00f9 potenziali assunti a collaborare con te<\/b><\/p> <\/div> <div class=\"application-platform-content-item-features application-platform-content-item\" id=\"features\" data-nav-section=\"features\"> <h2>Studia l&#8217;elenco delle funzionalit\u00e0 pi\u00f9 importanti: <\/h2> <ul><li>Crea un collegamento Candidati per indirizzare gli utenti del sito alla pagina che raccoglie i CV<\/li><li>Presenta le offerte di lavoro nel modo pi\u00f9 accattivante<\/li><li>Il numero di schede lavoro che puoi aggiungere \u00e8 illimitato<\/li><li>Aggiungi numerosi dettagli sul lavoro: stipendio, competenze necessarie e titolo professionale<\/li><li>Lascia informazioni di contatto: il nome della tua azienda, sede e dipartimento<\/li><\/ul><p><a href=\"#demo\">Esplora tutte le funzionalit\u00e0 di personalizzazione nella demo completa<\/a><\/p> <\/div> <div class=\"application-platform-content-item-installazione application-platform-content-item\" id=\"installazione\" data-nav-section=\"installazione\"> <h2>Come posso aggiungere una bacheca di lavoro sul mio sito Web HTML? <\/h2> <p>Basta seguire i passaggi descritti di seguito per integrare lo strumento. <\/p> <ol><li><b>Lancia il nostro configuratore gratuito e inizia a costruire il tuo widget personalizzato. <\/b><br> Specifica l&#8217;aspetto preferibile e i tratti funzionali dello strumento e applica le modifiche. <\/li> <li><b>Ricevi il tuo codice personale rivelato nell&#8217;apposito modulo su Elfsight Apps. <\/b><br> Subito dopo aver completato la configurazione del tuo strumento personale, copia il codice personale nella casella visualizzata e salvalo per un utilizzo successivo. <\/li> <li><b>Inizia a utilizzare il widget sul tuo sito web HTML. <\/b><br> Integra il codice salvato in precedenza nella tua home page e applica le modifiche. <\/li> <li><b>Il gioco \u00e8 fatto! L&#8217;incorporamento \u00e8 terminato con successo. <\/b><br> Vai al tuo sito web per verificare le prestazioni del plug-in. <\/li><\/ol> <p>Se hai domande o riscontri problemi, non esitare a rivolgerti al nostro personale del servizio clienti. I nostri specialisti saranno lieti di aiutarvi con tutte le domande che potreste avere sul prodotto. <\/p> <div class=\"faq\" data-component=\"FAQ\"><div class=\"faq-item\">\r\n\t\t\t\t\t<div class=\"faq-item-question\">\r\n\t\t\t\t\t\t<h3 class=\"faq-item-question-text\">Esiste un modo per aggiungere una Job Board alla mia pagina Web HTML senza competenze di codifica?<\/h3>\r\n\r\n\t\t\t\t\t\t<div class=\"faq-item-question-icon\"><\/div>\r\n\t\t\t\t\t<\/div>\r\n\r\n\t\t\t\t\t<div class=\"faq-item-answer\">\r\n\t\t\t\t\t\t<div class=\"faq-item-answer-text\"> <p>Elfsight offre una soluzione Cloud che consente agli utenti di una sezione Job Board di, scopri quanto \u00e8 semplice il processo: inizia a lavorare direttamente nella demo live per creare un plug-in della Job Board che desideri incorporare nella tua pagina Web HTML. Scegli uno dei nostri modelli predefiniti e modifica le impostazioni della Job Board, modifica il layout e il colore degli elementi e aggiorna i tuoi contenuti, senza codifica. Salva la Job Board e ottieni il codice di installazione del plugin, che potrai inserire facilmente e gratuitamente nella pagina web HTML. Lavorando nel nostro editor intuitivo, qualsiasi utente di Internet pu\u00f2 creare una sezione della bacheca di lavoro e incollarla semplicemente nella home page HTML. Non \u00e8 necessario pagare o inserire le credenziali della carta per accedere al servizio Elfsight. Se riscontri problemi di qualsiasi tipo, non esitare a contattare il nostro team di supporto.<\/p> <\/div>\r\n\t\t\t\t\t<\/div>\r\n\t\t\t\t<\/div> <\/div><\/div><!-- \/wp:html - &gt; \/wp:html -->\n","protected":false},"excerpt":{"rendered":"","protected":false},"author":9,"featured_media":0,"parent":2518,"menu_order":0,"comment_status":"closed","ping_status":"closed","template":"templates\/template-application-platform.php","meta":{"publish_to_discourse":"","publish_post_category":"","wpdc_auto_publish_overridden":"","wpdc_topic_tags":"","wpdc_pin_topic":"","wpdc_pin_until":"","discourse_post_id":"","discourse_permalink":"","wpdc_publishing_response":"","wpdc_publishing_error":"","footnotes":""},"class_list":["post-4908","page","type-page","status-publish","hentry"],"yoast_head":"<!-- This site is optimized with the Yoast SEO plugin v25.3.1 - https:\/\/yoast.com\/wordpress\/plugins\/seo\/ -->\n<title>Widget HTML Job Board - Aggiungi offerte di lavoro a HTML (2025)<\/title>\n<meta name=\"description\" content=\"Aggiungi un widget reattivo della Bacheca di lavoro sul tuo sito web HTML e lascia che i tuoi potenziali lavoratori sondano le offerte di lavoro aperte!\" \/>\n<meta name=\"robots\" content=\"index, follow, max-snippet:-1, max-image-preview:large, max-video-preview:-1\" \/>\n<link rel=\"canonical\" href=\"https:\/\/elfsight.com\/it\/job-board-widget\/html\/\" \/>\n<meta property=\"og:locale\" content=\"it_IT\" \/>\n<meta property=\"og:type\" content=\"article\" \/>\n<meta property=\"og:title\" content=\"Widget HTML Job Board - Aggiungi offerte di lavoro a HTML (2025)\" \/>\n<meta property=\"og:description\" content=\"Aggiungi un widget reattivo della Bacheca di lavoro sul tuo sito web HTML e lascia che i tuoi potenziali lavoratori sondano le offerte di lavoro aperte!\" \/>\n<meta property=\"og:url\" content=\"https:\/\/elfsight.com\/it\/job-board-widget\/html\/\" \/>\n<meta property=\"og:site_name\" content=\"Elfsight IT\" \/>\n<meta property=\"article:modified_time\" content=\"2025-03-21T14:58:52+00:00\" \/>\n<meta name=\"twitter:card\" content=\"summary_large_image\" \/>\n<meta name=\"twitter:label1\" content=\"Tempo di lettura stimato\" \/>\n\t<meta name=\"twitter:data1\" content=\"3 minuti\" \/>\n<!-- \/ Yoast SEO plugin. -->","yoast_head_json":{"title":"Widget HTML Job Board - Aggiungi offerte di lavoro a HTML (2025)","description":"Aggiungi un widget reattivo della Bacheca di lavoro sul tuo sito web HTML e lascia che i tuoi potenziali lavoratori sondano le offerte di lavoro aperte!","robots":{"index":"index","follow":"follow","max-snippet":"max-snippet:-1","max-image-preview":"max-image-preview:large","max-video-preview":"max-video-preview:-1"},"canonical":"https:\/\/elfsight.com\/it\/job-board-widget\/html\/","og_locale":"it_IT","og_type":"article","og_title":"Widget HTML Job Board - Aggiungi offerte di lavoro a HTML (2025)","og_description":"Aggiungi un widget reattivo della Bacheca di lavoro sul tuo sito web HTML e lascia che i tuoi potenziali lavoratori sondano le offerte di lavoro aperte!","og_url":"https:\/\/elfsight.com\/it\/job-board-widget\/html\/","og_site_name":"Elfsight IT","article_modified_time":"2025-03-21T14:58:52+00:00","twitter_card":"summary_large_image","twitter_misc":{"Tempo di lettura stimato":"3 minuti"},"schema":{"@context":"https:\/\/schema.org","@graph":[{"@type":"WebPage","@id":"https:\/\/elfsight.com\/it\/job-board-widget\/html\/","url":"https:\/\/elfsight.com\/it\/job-board-widget\/html\/","name":"Widget HTML Job Board - Aggiungi offerte di lavoro a HTML (2025)","isPartOf":{"@id":"https:\/\/elfsight.com\/it\/#website"},"datePublished":"2024-05-03T06:40:08+00:00","dateModified":"2025-03-21T14:58:52+00:00","description":"Aggiungi un widget reattivo della Bacheca di lavoro sul tuo sito web HTML e lascia che i tuoi potenziali lavoratori sondano le offerte di lavoro aperte!","breadcrumb":{"@id":"https:\/\/elfsight.com\/it\/job-board-widget\/html\/#breadcrumb"},"inLanguage":"it-IT","potentialAction":[{"@type":"ReadAction","target":["https:\/\/elfsight.com\/it\/job-board-widget\/html\/"]}]},{"@type":"BreadcrumbList","@id":"https:\/\/elfsight.com\/it\/job-board-widget\/html\/#breadcrumb","itemListElement":[{"@type":"ListItem","position":1,"name":"Home","item":"https:\/\/elfsight.com\/it\/"},{"@type":"ListItem","position":2,"name":"Job Board","item":"https:\/\/elfsight.com\/it\/job-board-widget\/"},{"@type":"ListItem","position":3,"name":"Job Board &#8211; HTML"}]},{"@type":"WebSite","@id":"https:\/\/elfsight.com\/it\/#website","url":"https:\/\/elfsight.com\/it\/","name":"Elfsight IT","description":"Just another Elfsight Sites site","potentialAction":[{"@type":"SearchAction","target":{"@type":"EntryPoint","urlTemplate":"https:\/\/elfsight.com\/it\/?s={search_term_string}"},"query-input":{"@type":"PropertyValueSpecification","valueRequired":true,"valueName":"search_term_string"}}],"inLanguage":"it-IT"}]}},"meta_box":{"industry":"","seo_heading":"","heading":"","description":"","cta_heading":"","cta_description":"","application":"2517","h1":"Widget della bacheca di lavoro HTML","h1_caption":"Crea una bacheca di lavoro per elencare le posizioni aperte sul tuo sito web e attira facilmente potenziali candidati nel tuo sito web HTML senza sforzo.","application_category":[],"applications_title":"","applications_request_title":"","applications_request_button_text":"","hero_text":"","hero_video":"","hero_video_schema_markup":"","selling_points_title":"","selling_points_caption":"","selling_points":[],"selling_points_cta_text":"","features_title":"","features":"","ed_cta_examples_text":"","ed_cta_examples_hidden":"","ed_cta_demo_text":"","ed_cta_demo_hidden":"","why_caption":"","why_editor_title":"","why_editor_text":"","why_team_title":"","why_team_text":"","why_service_title":"","why_service_text":"","template_catalog_visible":"0","template_catalog_title":"","template_catalog_text":"","template_catalog_categories_visible":"","demo_title":"Crea il tuo widget della bacheca di lavoro","demo_caption":"Configura la tua Job Board e aggiungila gratuitamente al tuo sito HTML!","default_faq_hidden":"","app_template_category":[],"platform":"35","template_public_id":"","codecanyon_url":"","codecanyon_item_id":"","codecanyon_price":"","pricing_caption":"","pricing_elfsight_apps_hide_column":"","pricing_elfsight_apps_url":"","pricing_codecanyon_price_caption":"","integration_category":[],"integration_request_title":"","integration_request_cta":"","integration_platform":"","integrations":[],"platform_category":[],"video_schema_markup":"","price":"da $ 0 al mese","trial":"","benefits":[{"text":"Aiuto per l'installazione gratuito"},{"text":"Assistenza clienti con esperienza"},{"text":"Garanzia di rimborso di 14 giorni"},{"text":"Sviluppo continuo"}],"button_url":"#demo","button_target_blank":"0","button_nofollow":"0","attributes":[{"name":"Installazioni"},{"name":"Reattivo","content":"S\u00cc"},{"name":"Browser compatibili","content":"Firefox, Chrome, Safari, Edge, Opera"}],"tags":[],"tags_disable_links":"0","hide_more_platforms":"0","video_object":"","demo_hide_cta":"0","demo_hide_cloud_options":"0","pricing_title":"","pricing":[{"pricing_icon":"platform","pricing_title":"Elfsight Apps","pricing_title_caption":"Soluzione multipiattaforma adatta a qualsiasi sito web","pricing_price":"da $ 0 \/ mese","pricing_price_caption":"inizia con un piano gratuito","pricing_benefits":[{"text":"Siti web illimitati"},{"text":"Supporto premium, puntuale e ben documentato"},{"text":"Servizio di installazione gratuito"},{"text":"Progettazione flessibile"}],"pricing_button_text":"Aggiungi al sito web","pricing_button_url":"#demo"}],"related_apps_title":"","related_apps_hidden":"0","author":"","image":[],"title":"","job":"","social_networks":[]},"_links":{"self":[{"href":"https:\/\/elfsight.com\/it\/wp-json\/wp\/v2\/pages\/4908","targetHints":{"allow":["GET"]}}],"collection":[{"href":"https:\/\/elfsight.com\/it\/wp-json\/wp\/v2\/pages"}],"about":[{"href":"https:\/\/elfsight.com\/it\/wp-json\/wp\/v2\/types\/page"}],"author":[{"embeddable":true,"href":"https:\/\/elfsight.com\/it\/wp-json\/wp\/v2\/users\/9"}],"replies":[{"embeddable":true,"href":"https:\/\/elfsight.com\/it\/wp-json\/wp\/v2\/comments?post=4908"}],"version-history":[{"count":2,"href":"https:\/\/elfsight.com\/it\/wp-json\/wp\/v2\/pages\/4908\/revisions"}],"predecessor-version":[{"id":9711,"href":"https:\/\/elfsight.com\/it\/wp-json\/wp\/v2\/pages\/4908\/revisions\/9711"}],"up":[{"embeddable":true,"href":"https:\/\/elfsight.com\/it\/wp-json\/wp\/v2\/pages\/2518"}],"wp:attachment":[{"href":"https:\/\/elfsight.com\/it\/wp-json\/wp\/v2\/media?parent=4908"}],"curies":[{"name":"wp","href":"https:\/\/api.w.org\/{rel}","templated":true}]}}