{"id":4901,"date":"2024-05-03T06:40:05","date_gmt":"2024-05-03T06:40:05","guid":{"rendered":"https:\/\/elfsight.com\/it\/?page_id=4901"},"modified":"2025-03-21T15:00:06","modified_gmt":"2025-03-21T15:00:06","slug":"shopify","status":"publish","type":"page","link":"https:\/\/elfsight.com\/it\/job-board-widget\/shopify\/","title":{"rendered":"Job Board &#8211; Shopify"},"content":{"rendered":"\n<div class=\"application-platform-content-item-description application-platform-content-item\" id=\"description\" data-nav-section=\"description\"> <h2>Incorpora Job Board su Shopify con il widget Elfsight<\/h2> <p>Elfsight Job Board per Shopify \u00e8 uno strumento straordinario che ti offre un&#8217;opportunit\u00e0 per pubblicare offerte di lavoro e raccogliere i CV dei candidati sul tuo sito web nel modo pi\u00f9 semplice. Utilizzando il nostro nuovo widget, potrai divulgare la tua attivit\u00e0, pubblicare informazioni sulle posizioni aperte e ricevere curriculum. Il widget ti consente di modellare una scheda di lavoro accompagnata da una descrizione dettagliata e dal pulsante Applica. Utilizzando Elfsight Job Board puoi facilitare il processo di reclutamento e raccogliere le risposte alle offerte di lavoro in un clic. <\/p> <p><b>Crea rapidamente le offerte di lavoro e gli inviti all&#8217;azione pi\u00f9 interessanti per motivare pi\u00f9 potenziali assunti a lavorare con te<\/b><\/p> <\/div> <div class=\"application-platform-content-item-features  application-platform-content-item\" id=\"features \" data-nav-section=\"features \"> <h2>Ecco le funzionalit\u00e0 di base dell&#8217;app: <\/h2> <ul><li>Inserisci un link Candidati per indirizzare i potenziali candidati alla pagina che raccoglie i CV<\/li><li>Mostra le offerte di lavoro nelle zone pi\u00f9 affascinanti modo<\/li><li>Aggiungi tutte le offerte di lavoro che desideri<\/li><li>Aggiungi informazioni sul lavoro: competenze richieste, stipendio e titolo professionale<\/li><li>Fornisci informazioni sulla tua attivit\u00e0: posizione, dipartimento e nome<\/li><\/ul><p><a href=\"#demo\">Puoi scoprire tutte le funzionalit\u00e0 dell&#8217;app nella demo <\/a><\/p> <\/div> <div class=\"application-platform-content-item-installation application-platform-content-item\" id=\"installation\" data-nav-section=\"installation\"> <h2>Come posso incorporare una bacheca di lavoro nel mio sito Shopify? <\/h2> <p>Basta eseguire diversi passaggi presentati di seguito per iniziare a lavorare con l&#8217;app. <\/p> <ol><li><b>Utilizza la nostra demo gratuita e inizia a dare forma alla tua app. <\/b><br> Specifica l&#8217;aspetto e gli aspetti selezionati del plugin e applica le modifiche. <\/li> <li><b>Ricevi il codice univoco rivelato nella finestra sulle App Elfsight. <\/b><br> Subito dopo aver terminato la creazione del tuo widget personale, copia il codice esclusivo nella finestra visualizzata e salvalo per un utilizzo futuro. <\/li> <li><b>Accedi utilizzando l&#8217;app sul tuo sito Shopify. <\/b><br> Implementa il codice copiato in precedenza nella tua pagina web e salva le modifiche. <\/li> <li><b>L&#8217;installazione \u00e8 stata completata con successo. <\/b><br> Vai alla tua pagina per visualizzare il funzionamento dell&#8217;app. <\/li><\/ol> <p>Se incontri alcuni ostacoli, non esitare a contattare il nostro personale di supporto. I nostri specialisti sono desiderosi di aiutarti con tutti i problemi che potresti riscontrare con lo strumento. <\/p> <div class=\"faq\" data-component=\"FAQ\"><div class=\"faq-item\">\r\n\t\t\t\t\t<div class=\"faq-item-question\">\r\n\t\t\t\t\t\t<h3 class=\"faq-item-question-text\">Come posso aggiungere una Job Board al mio sito Web Shopify senza competenze di programmazione?<\/h3>\r\n\r\n\t\t\t\t\t\t<div class=\"faq-item-question-icon\"><\/div>\r\n\t\t\t\t\t<\/div>\r\n\r\n\t\t\t\t\t<div class=\"faq-item-answer\">\r\n\t\t\t\t\t\t<div class=\"faq-item-answer-text\"> <p>Elfsight fornisce una soluzione SaaS che ti consente di creare tu stesso un widget Job Board, scopri quanto \u00e8 facile il processo \u00e8: lavora direttamente nell&#8217;editor online per creare un widget della bacheca di lavoro che vorresti vedere sul tuo sito web Shopify. Scegli uno dei modelli predefiniti e regola le impostazioni della Job Board, aggiungi i tuoi contenuti, modifica il layout e i colori senza alcuna abilit\u00e0 di codifica. Salva la Job Board e copia il suo codice di installazione, che potrai semplicemente incollare nel tuo sito Shopify senza bisogno di acquistare un piano a pagamento. Con il nostro editor intuitivo qualsiasi utente di Internet pu\u00f2 creare un widget per la bacheca di lavoro online e incorporarlo facilmente nel proprio sito Web Shopify. Non \u00e8 necessario pagare o inserire le credenziali della carta per accedere al servizio. In caso di problemi in qualsiasi momento, non esitare a contattare il nostro team di supporto tecnico.<\/p> <\/div>\r\n\t\t\t\t\t<\/div>\r\n\t\t\t\t<\/div> <\/div><\/div>\n","protected":false},"excerpt":{"rendered":"","protected":false},"author":9,"featured_media":0,"parent":2518,"menu_order":0,"comment_status":"closed","ping_status":"closed","template":"templates\/template-application-platform.php","meta":{"publish_to_discourse":"","publish_post_category":"","wpdc_auto_publish_overridden":"","wpdc_topic_tags":"","wpdc_pin_topic":"","wpdc_pin_until":"","discourse_post_id":"","discourse_permalink":"","wpdc_publishing_response":"","wpdc_publishing_error":"","footnotes":""},"class_list":["post-4901","page","type-page","status-publish","hentry"],"yoast_head":"<!-- This site is optimized with the Yoast SEO plugin v25.3.1 - https:\/\/yoast.com\/wordpress\/plugins\/seo\/ -->\n<title>App Shopify Job Board - Aggiungi offerte di lavoro a Shopify (2026)<\/title>\n<meta name=\"description\" content=\"Inserisci un&#039;app reattiva Job Board sul tuo sito Shopify e lascia che i tuoi potenziali lavoratori vedano le offerte di lavoro aperte!\" \/>\n<meta name=\"robots\" content=\"index, follow, max-snippet:-1, max-image-preview:large, max-video-preview:-1\" \/>\n<link rel=\"canonical\" href=\"https:\/\/elfsight.com\/it\/job-board-widget\/shopify\/\" \/>\n<meta property=\"og:locale\" content=\"it_IT\" \/>\n<meta property=\"og:type\" content=\"article\" \/>\n<meta property=\"og:title\" content=\"App Shopify Job Board - Aggiungi offerte di lavoro a Shopify (2026)\" \/>\n<meta property=\"og:description\" content=\"Inserisci un&#039;app reattiva Job Board sul tuo sito Shopify e lascia che i tuoi potenziali lavoratori vedano le offerte di lavoro aperte!\" \/>\n<meta property=\"og:url\" content=\"https:\/\/elfsight.com\/it\/job-board-widget\/shopify\/\" \/>\n<meta property=\"og:site_name\" content=\"Elfsight IT\" \/>\n<meta property=\"article:modified_time\" content=\"2025-03-21T15:00:06+00:00\" \/>\n<meta name=\"twitter:card\" content=\"summary_large_image\" \/>\n<meta name=\"twitter:label1\" content=\"Tempo di lettura stimato\" \/>\n\t<meta name=\"twitter:data1\" content=\"3 minuti\" \/>\n<!-- \/ Yoast SEO plugin. -->","yoast_head_json":{"title":"App Shopify Job Board - Aggiungi offerte di lavoro a Shopify (2026)","description":"Inserisci un'app reattiva Job Board sul tuo sito Shopify e lascia che i tuoi potenziali lavoratori vedano le offerte di lavoro aperte!","robots":{"index":"index","follow":"follow","max-snippet":"max-snippet:-1","max-image-preview":"max-image-preview:large","max-video-preview":"max-video-preview:-1"},"canonical":"https:\/\/elfsight.com\/it\/job-board-widget\/shopify\/","og_locale":"it_IT","og_type":"article","og_title":"App Shopify Job Board - Aggiungi offerte di lavoro a Shopify (2026)","og_description":"Inserisci un'app reattiva Job Board sul tuo sito Shopify e lascia che i tuoi potenziali lavoratori vedano le offerte di lavoro aperte!","og_url":"https:\/\/elfsight.com\/it\/job-board-widget\/shopify\/","og_site_name":"Elfsight IT","article_modified_time":"2025-03-21T15:00:06+00:00","twitter_card":"summary_large_image","twitter_misc":{"Tempo di lettura stimato":"3 minuti"},"schema":{"@context":"https:\/\/schema.org","@graph":[{"@type":"WebPage","@id":"https:\/\/elfsight.com\/it\/job-board-widget\/shopify\/","url":"https:\/\/elfsight.com\/it\/job-board-widget\/shopify\/","name":"App Shopify Job Board - Aggiungi offerte di lavoro a Shopify (2026)","isPartOf":{"@id":"https:\/\/elfsight.com\/it\/#website"},"datePublished":"2024-05-03T06:40:05+00:00","dateModified":"2025-03-21T15:00:06+00:00","description":"Inserisci un'app reattiva Job Board sul tuo sito Shopify e lascia che i tuoi potenziali lavoratori vedano le offerte di lavoro aperte!","breadcrumb":{"@id":"https:\/\/elfsight.com\/it\/job-board-widget\/shopify\/#breadcrumb"},"inLanguage":"it-IT","potentialAction":[{"@type":"ReadAction","target":["https:\/\/elfsight.com\/it\/job-board-widget\/shopify\/"]}]},{"@type":"BreadcrumbList","@id":"https:\/\/elfsight.com\/it\/job-board-widget\/shopify\/#breadcrumb","itemListElement":[{"@type":"ListItem","position":1,"name":"Home","item":"https:\/\/elfsight.com\/it\/"},{"@type":"ListItem","position":2,"name":"Job Board","item":"https:\/\/elfsight.com\/it\/job-board-widget\/"},{"@type":"ListItem","position":3,"name":"Job Board &#8211; Shopify"}]},{"@type":"WebSite","@id":"https:\/\/elfsight.com\/it\/#website","url":"https:\/\/elfsight.com\/it\/","name":"Elfsight IT","description":"Just another Elfsight Sites site","potentialAction":[{"@type":"SearchAction","target":{"@type":"EntryPoint","urlTemplate":"https:\/\/elfsight.com\/it\/?s={search_term_string}"},"query-input":{"@type":"PropertyValueSpecification","valueRequired":true,"valueName":"search_term_string"}}],"inLanguage":"it-IT"}]}},"meta_box":{"industry":"","seo_heading":"","heading":"","description":"","cta_heading":"","cta_description":"","application":"2517","h1":"Applicazione Shopify Job Board","h1_caption":"Crea una bacheca di lavoro per elencare le posizioni aperte sul tuo sito web e attira facilmente potenziali candidati nel tuo sito web Shopify.","application_category":[],"applications_title":"","applications_request_title":"","applications_request_button_text":"","hero_text":"","hero_video":"","hero_video_schema_markup":"","selling_points_title":"","selling_points_caption":"","selling_points":[],"selling_points_cta_text":"","features_title":"","features":"","ed_cta_examples_text":"","ed_cta_examples_hidden":"","ed_cta_demo_text":"","ed_cta_demo_hidden":"","why_caption":"","why_editor_title":"","why_editor_text":"","why_team_title":"","why_team_text":"","why_service_title":"","why_service_text":"","template_catalog_visible":"0","template_catalog_title":"","template_catalog_text":"","template_catalog_categories_visible":"","demo_title":"Crea la tua app Job Board","demo_caption":"Configura la tua Job Board e aggiungila gratuitamente al tuo sito Shopify!","default_faq_hidden":"","app_template_category":[],"platform":"42","template_public_id":"","codecanyon_url":"","codecanyon_item_id":"","codecanyon_price":"","pricing_caption":"","pricing_elfsight_apps_hide_column":"","pricing_elfsight_apps_url":"","pricing_codecanyon_price_caption":"","integration_category":[],"integration_request_title":"","integration_request_cta":"","integration_platform":"","integrations":[],"platform_category":[],"video_schema_markup":"","price":"da $ 0 al mese","trial":"","benefits":[{"text":"Aiuto per l'installazione gratuito"},{"text":"Assistenza clienti con esperienza"},{"text":"Garanzia di rimborso di 14 giorni"},{"text":"Aggiornamento costante"}],"button_url":"#demo","button_target_blank":"0","button_nofollow":"0","attributes":[{"name":"Installazioni"},{"name":"Reattivo","content":"S\u00cc"},{"name":"Browser compatibili","content":"Firefox, Safari, Opera, Chrome, Edge"}],"tags":[],"tags_disable_links":"0","hide_more_platforms":"0","video_object":"","demo_hide_cta":"0","demo_hide_cloud_options":"0","pricing_title":"","pricing":[{"pricing_icon":"platform","pricing_title":"Elfsight Apps","pricing_title_caption":"Versione multipiattaforma","pricing_price":"da $ 0 \/ mese","pricing_price_caption":"inizia con un piano gratuito","pricing_benefits":[{"text":"Siti web illimitati"},{"text":"Supporto rapido e puntuale e ben documentato"},{"text":"Servizio di installazione gratuito"},{"text":"Progettazione flessibile"}],"pricing_button_text":"Aggiungi al sito web","pricing_button_url":"#demo"}],"related_apps_title":"","related_apps_hidden":"0","author":"","image":[],"title":"","job":"","social_networks":[]},"_links":{"self":[{"href":"https:\/\/elfsight.com\/it\/wp-json\/wp\/v2\/pages\/4901","targetHints":{"allow":["GET"]}}],"collection":[{"href":"https:\/\/elfsight.com\/it\/wp-json\/wp\/v2\/pages"}],"about":[{"href":"https:\/\/elfsight.com\/it\/wp-json\/wp\/v2\/types\/page"}],"author":[{"embeddable":true,"href":"https:\/\/elfsight.com\/it\/wp-json\/wp\/v2\/users\/9"}],"replies":[{"embeddable":true,"href":"https:\/\/elfsight.com\/it\/wp-json\/wp\/v2\/comments?post=4901"}],"version-history":[{"count":2,"href":"https:\/\/elfsight.com\/it\/wp-json\/wp\/v2\/pages\/4901\/revisions"}],"predecessor-version":[{"id":9712,"href":"https:\/\/elfsight.com\/it\/wp-json\/wp\/v2\/pages\/4901\/revisions\/9712"}],"up":[{"embeddable":true,"href":"https:\/\/elfsight.com\/it\/wp-json\/wp\/v2\/pages\/2518"}],"wp:attachment":[{"href":"https:\/\/elfsight.com\/it\/wp-json\/wp\/v2\/media?parent=4901"}],"curies":[{"name":"wp","href":"https:\/\/api.w.org\/{rel}","templated":true}]}}