{"id":4900,"date":"2024-05-03T06:40:04","date_gmt":"2024-05-03T06:40:04","guid":{"rendered":"https:\/\/elfsight.com\/it\/?page_id=4900"},"modified":"2025-03-21T15:00:44","modified_gmt":"2025-03-21T15:00:44","slug":"squarespace","status":"publish","type":"page","link":"https:\/\/elfsight.com\/it\/job-board-widget\/squarespace\/","title":{"rendered":"Job Board &#8211; Squarespace"},"content":{"rendered":"\n<div class=\"application-platform-content-item-description application-platform-content-item\" id=\"description\" data-nav-section=\"description\"> <h2>Incorpora Job Board su Squarespace con il widget Elfsight<\/h2> <p>Elfsight Job Board per Squarespace \u00e8 un plugin straordinario che ti consente di rivelare apri posti vacanti e ottieni i CV dei candidati sul tuo sito web nel modo pi\u00f9 semplice. Attraverso il nostro nuovo strumento potrai rivelare informazioni sulla tua azienda, pubblicare informazioni sulle opportunit\u00e0 di lavoro e ottenere curriculum. Il widget ti consente di creare una scheda di lavoro accompagnata da una descrizione dettagliata e dal pulsante Candidati. Utilizzando Elfsight Job Board puoi semplificare il processo di reclutamento e ottenere le risposte agli annunci di lavoro in un clic. <\/p> <p><b>Crea rapidamente le offerte di lavoro e i pulsanti CTA pi\u00f9 allettanti per ispirare pi\u00f9 possibili assunzioni a collaborare con te<\/b><\/p> <\/div> <div class=\"application-platform-content-item-features application-platform-content-item\" id=\"features\" data-nav-section=\"features\"> <h2>Il widget offre funzionalit\u00e0 pratiche e semplici, controllane alcune: <\/h2> <ul><li>Crea un collegamento Candidati per indirizzare gli utenti del sito alla pagina che raccoglie i CV<\/li><li>Mostra le offerte di lavoro in nel modo pi\u00f9 dettagliato<\/li><li>Aggiungi tutti i lavori che desideri<\/li><li>Aggiungi informazioni sul lavoro: stipendio, titolo professionale e competenze richieste<\/li><li>Fornisci informazioni sul tuo azienda: dipartimento, nome e posizione<\/li><\/ul><p><a href=\"#demo\">Basta controllare questa demo per comprendere la funzionalit\u00e0 del plugin<\/a><\/p> <\/div> <div class=\"application-platform-content-item-installation application-platform-content-item\" id=\"installation\" data-nav-section=\"installation\"> <h2>Come aggiungere una bacheca di lavoro nella mia pagina web Squarespace? <\/h2> <p>Segui semplicemente questi passaggi descritti di seguito per iniziare a utilizzare il plugin. <\/p> <ol><li><b>Utilizza il nostro configuratore gratuito e inizia a dare forma al tuo plugin personalizzato. <\/b><br> Specifica l&#8217;aspetto selezionato e i tratti funzionali dello strumento e applica le modifiche. <\/li> <li><b>Acquisisci il codice individuale esposto nella finestra su Elfsight Apps. <\/b><br> Appena terminata la configurazione del tuo widget, copia il codice esclusivo dal box emerso e conservalo per ulteriori occasioni. <\/li> <li><b>Inizia ad applicare lo strumento sul tuo sito Squarespace. <\/b><br> Inserisci il codice salvato in precedenza nella tua pagina web e salva le modifiche. <\/li> <li><b>Il gioco \u00e8 fatto! La configurazione \u00e8 stata completata con successo. <\/b><br> Vai alla tua pagina per dare un&#8217;occhiata alle prestazioni del plugin. <\/li><\/ol> <p>A condizione che tu abbia a che fare con richieste o incontri qualche difficolt\u00e0, non esitare a contattare il nostro team di assistenza clienti. Il nostro personale sar\u00e0 felice di aiutarti con tutte le difficolt\u00e0 che potresti avere con il plugin. <\/p> <div class=\"faq\" data-component=\"FAQ\"><div class=\"faq-item\">\r\n\t\t\t\t\t<div class=\"faq-item-question\">\r\n\t\t\t\t\t\t<h3 class=\"faq-item-question-text\">Come posso aggiungere una Job Board al mio sito web Squarespace senza competenze di programmazione?<\/h3>\r\n\r\n\t\t\t\t\t\t<div class=\"faq-item-question-icon\"><\/div>\r\n\t\t\t\t\t<\/div>\r\n\r\n\t\t\t\t\t<div class=\"faq-item-answer\">\r\n\t\t\t\t\t\t<div class=\"faq-item-answer-text\"> <p>Elfsight fornisce una soluzione SaaS che ti consente di creare tu stesso un widget Job Board, scopri quanto \u00e8 facile il processo \u00e8: lavora direttamente nell&#8217;editor online per creare un widget della bacheca di lavoro che vorresti vedere sul tuo sito web Squarespace. Scegli uno dei modelli predefiniti e regola le impostazioni della Job Board, aggiungi i tuoi contenuti, modifica il layout e i colori senza alcuna abilit\u00e0 di codifica. Salva la Job Board e copia il codice di installazione, che potrai includere facilmente nel tuo sito Squarespace senza dover acquistare un piano a pagamento. Con il nostro editor intuitivo qualsiasi utente di Internet pu\u00f2 creare un widget per la bacheca di lavoro online e incorporarlo facilmente nel proprio sito web Squarespace. Non \u00e8 necessario pagare o inserire le credenziali della carta per accedere al servizio. In caso di problemi in qualsiasi momento, non esitare a contattare il nostro team di supporto tecnico.<\/p> <\/div>\r\n\t\t\t\t\t<\/div>\r\n\t\t\t\t<\/div> <\/div><\/div>\n","protected":false},"excerpt":{"rendered":"","protected":false},"author":9,"featured_media":0,"parent":2518,"menu_order":0,"comment_status":"closed","ping_status":"closed","template":"templates\/template-application-platform.php","meta":{"publish_to_discourse":"","publish_post_category":"","wpdc_auto_publish_overridden":"","wpdc_topic_tags":"","wpdc_pin_topic":"","wpdc_pin_until":"","discourse_post_id":"","discourse_permalink":"","wpdc_publishing_response":"","wpdc_publishing_error":"","footnotes":""},"class_list":["post-4900","page","type-page","status-publish","hentry"],"yoast_head":"<!-- This site is optimized with the Yoast SEO plugin v25.3.1 - https:\/\/yoast.com\/wordpress\/plugins\/seo\/ -->\n<title>Bacheca di lavoro di Squarespace: aggiungi offerte di lavoro a Squarespace (2025)<\/title>\n<meta name=\"description\" content=\"Aggiungi un plug-in reattivo per la Job Board sul tuo sito web Squarespace e lascia che i tuoi potenziali dipendenti esplorino le offerte di lavoro aperte!\" \/>\n<meta name=\"robots\" content=\"index, follow, max-snippet:-1, max-image-preview:large, max-video-preview:-1\" \/>\n<link rel=\"canonical\" href=\"https:\/\/elfsight.com\/it\/job-board-widget\/squarespace\/\" \/>\n<meta property=\"og:locale\" content=\"it_IT\" \/>\n<meta property=\"og:type\" content=\"article\" \/>\n<meta property=\"og:title\" content=\"Bacheca di lavoro di Squarespace: aggiungi offerte di lavoro a Squarespace (2025)\" \/>\n<meta property=\"og:description\" content=\"Aggiungi un plug-in reattivo per la Job Board sul tuo sito web Squarespace e lascia che i tuoi potenziali dipendenti esplorino le offerte di lavoro aperte!\" \/>\n<meta property=\"og:url\" content=\"https:\/\/elfsight.com\/it\/job-board-widget\/squarespace\/\" \/>\n<meta property=\"og:site_name\" content=\"Elfsight IT\" \/>\n<meta property=\"article:modified_time\" content=\"2025-03-21T15:00:44+00:00\" \/>\n<meta name=\"twitter:card\" content=\"summary_large_image\" \/>\n<meta name=\"twitter:label1\" content=\"Tempo di lettura stimato\" \/>\n\t<meta name=\"twitter:data1\" content=\"3 minuti\" \/>\n<!-- \/ Yoast SEO plugin. -->","yoast_head_json":{"title":"Bacheca di lavoro di Squarespace: aggiungi offerte di lavoro a Squarespace (2025)","description":"Aggiungi un plug-in reattivo per la Job Board sul tuo sito web Squarespace e lascia che i tuoi potenziali dipendenti esplorino le offerte di lavoro aperte!","robots":{"index":"index","follow":"follow","max-snippet":"max-snippet:-1","max-image-preview":"max-image-preview:large","max-video-preview":"max-video-preview:-1"},"canonical":"https:\/\/elfsight.com\/it\/job-board-widget\/squarespace\/","og_locale":"it_IT","og_type":"article","og_title":"Bacheca di lavoro di Squarespace: aggiungi offerte di lavoro a Squarespace (2025)","og_description":"Aggiungi un plug-in reattivo per la Job Board sul tuo sito web Squarespace e lascia che i tuoi potenziali dipendenti esplorino le offerte di lavoro aperte!","og_url":"https:\/\/elfsight.com\/it\/job-board-widget\/squarespace\/","og_site_name":"Elfsight IT","article_modified_time":"2025-03-21T15:00:44+00:00","twitter_card":"summary_large_image","twitter_misc":{"Tempo di lettura stimato":"3 minuti"},"schema":{"@context":"https:\/\/schema.org","@graph":[{"@type":"WebPage","@id":"https:\/\/elfsight.com\/it\/job-board-widget\/squarespace\/","url":"https:\/\/elfsight.com\/it\/job-board-widget\/squarespace\/","name":"Bacheca di lavoro di Squarespace: aggiungi offerte di lavoro a Squarespace (2025)","isPartOf":{"@id":"https:\/\/elfsight.com\/it\/#website"},"datePublished":"2024-05-03T06:40:04+00:00","dateModified":"2025-03-21T15:00:44+00:00","description":"Aggiungi un plug-in reattivo per la Job Board sul tuo sito web Squarespace e lascia che i tuoi potenziali dipendenti esplorino le offerte di lavoro aperte!","breadcrumb":{"@id":"https:\/\/elfsight.com\/it\/job-board-widget\/squarespace\/#breadcrumb"},"inLanguage":"it-IT","potentialAction":[{"@type":"ReadAction","target":["https:\/\/elfsight.com\/it\/job-board-widget\/squarespace\/"]}]},{"@type":"BreadcrumbList","@id":"https:\/\/elfsight.com\/it\/job-board-widget\/squarespace\/#breadcrumb","itemListElement":[{"@type":"ListItem","position":1,"name":"Home","item":"https:\/\/elfsight.com\/it\/"},{"@type":"ListItem","position":2,"name":"Job Board","item":"https:\/\/elfsight.com\/it\/job-board-widget\/"},{"@type":"ListItem","position":3,"name":"Job Board &#8211; Squarespace"}]},{"@type":"WebSite","@id":"https:\/\/elfsight.com\/it\/#website","url":"https:\/\/elfsight.com\/it\/","name":"Elfsight IT","description":"Just another Elfsight Sites site","potentialAction":[{"@type":"SearchAction","target":{"@type":"EntryPoint","urlTemplate":"https:\/\/elfsight.com\/it\/?s={search_term_string}"},"query-input":{"@type":"PropertyValueSpecification","valueRequired":true,"valueName":"search_term_string"}}],"inLanguage":"it-IT"}]}},"meta_box":{"industry":"","seo_heading":"","heading":"","description":"","cta_heading":"","cta_description":"","application":"2517","h1":"Plug-in per Job Board di Squarespace","h1_caption":"Crea una bacheca di lavoro per elencare le posizioni aperte sul tuo sito web e attira facilmente potenziali candidati nel tuo sito web Squarespace.","application_category":[],"applications_title":"","applications_request_title":"","applications_request_button_text":"","hero_text":"","hero_video":"","hero_video_schema_markup":"","selling_points_title":"","selling_points_caption":"","selling_points":[],"selling_points_cta_text":"","features_title":"","features":"","ed_cta_examples_text":"","ed_cta_examples_hidden":"","ed_cta_demo_text":"","ed_cta_demo_hidden":"","why_caption":"","why_editor_title":"","why_editor_text":"","why_team_title":"","why_team_text":"","why_service_title":"","why_service_text":"","template_catalog_visible":"0","template_catalog_title":"","template_catalog_text":"","template_catalog_categories_visible":"","demo_title":"Crea il tuo plugin per la Job Board","demo_caption":"Configura la tua bacheca di lavoro e aggiungila gratuitamente al tuo sito web Squarespace!","default_faq_hidden":"","app_template_category":[],"platform":"43","template_public_id":"","codecanyon_url":"","codecanyon_item_id":"","codecanyon_price":"","pricing_caption":"","pricing_elfsight_apps_hide_column":"","pricing_elfsight_apps_url":"","pricing_codecanyon_price_caption":"","integration_category":[],"integration_request_title":"","integration_request_cta":"","integration_platform":"","integrations":[],"platform_category":[],"video_schema_markup":"","price":"da $ 0 al mese","trial":"","benefits":[{"text":"Assistenza gratuita per l'installazione"},{"text":"Servizio clienti professionale"},{"text":"Garanzia di rimborso di 14 giorni"},{"text":"Aggiornamento costante"}],"button_url":"#demo","button_target_blank":"0","button_nofollow":"0","attributes":[{"name":"Installazioni"},{"name":"Reattivo","content":"S\u00cc"},{"name":"Browser compatibili","content":"Edge, Opera, Chrome, Firefox, Safari"}],"tags":[],"tags_disable_links":"0","hide_more_platforms":"0","video_object":"","demo_hide_cta":"0","demo_hide_cloud_options":"0","pricing_title":"","pricing":[{"pricing_icon":"platform","pricing_title":"Elfsight Apps","pricing_title_caption":"Software multipiattaforma adatto a qualsiasi sito web","pricing_price":"da $ 0 \/ mese","pricing_price_caption":"inizia con un piano gratuito","pricing_benefits":[{"text":"Siti web illimitati"},{"text":"Supporto professionale e puntuale e ben documentato"},{"text":"Aiuto gratuito per l'installazione"},{"text":"Progettazione flessibile"}],"pricing_button_text":"Aggiungi al sito web","pricing_button_url":"#demo"}],"related_apps_title":"","related_apps_hidden":"0","author":"","image":[],"title":"","job":"","social_networks":[]},"_links":{"self":[{"href":"https:\/\/elfsight.com\/it\/wp-json\/wp\/v2\/pages\/4900","targetHints":{"allow":["GET"]}}],"collection":[{"href":"https:\/\/elfsight.com\/it\/wp-json\/wp\/v2\/pages"}],"about":[{"href":"https:\/\/elfsight.com\/it\/wp-json\/wp\/v2\/types\/page"}],"author":[{"embeddable":true,"href":"https:\/\/elfsight.com\/it\/wp-json\/wp\/v2\/users\/9"}],"replies":[{"embeddable":true,"href":"https:\/\/elfsight.com\/it\/wp-json\/wp\/v2\/comments?post=4900"}],"version-history":[{"count":2,"href":"https:\/\/elfsight.com\/it\/wp-json\/wp\/v2\/pages\/4900\/revisions"}],"predecessor-version":[{"id":9713,"href":"https:\/\/elfsight.com\/it\/wp-json\/wp\/v2\/pages\/4900\/revisions\/9713"}],"up":[{"embeddable":true,"href":"https:\/\/elfsight.com\/it\/wp-json\/wp\/v2\/pages\/2518"}],"wp:attachment":[{"href":"https:\/\/elfsight.com\/it\/wp-json\/wp\/v2\/media?parent=4900"}],"curies":[{"name":"wp","href":"https:\/\/api.w.org\/{rel}","templated":true}]}}