{"id":4893,"date":"2024-05-03T06:40:01","date_gmt":"2024-05-03T06:40:01","guid":{"rendered":"https:\/\/elfsight.com\/it\/?page_id=4893"},"modified":"2024-11-11T11:27:13","modified_gmt":"2024-11-11T11:27:13","slug":"weebly","status":"publish","type":"page","link":"https:\/\/elfsight.com\/it\/job-board-widget\/weebly\/","title":{"rendered":"Job Board &#8211; Weebly"},"content":{"rendered":"<div class=\"application-platform-content-item-description application-platform-content-item\" id=\"description\" data-nav-section=\"description\"> <h2>Descrizione<\/h2> <p>La Job Board di Weebly \u00e8 uno strumento straordinario che ti offre l&#8217;opportunit\u00e0 di rivelare opportunit\u00e0 di lavoro e raccogliere CV da candidati direttamente sul tuo sito web nel modo pi\u00f9 semplice. Utilizzando il nostro nuovo widget, potrai presentare la tua azienda, pubblicare informazioni sulle opportunit\u00e0 di lavoro e ottenere curriculum. Il widget ti consente di creare una scheda di lavoro con una descrizione approfondita e un pulsante Candidati. L&#8217;utilizzo di Elfsight Job Board ti consente di semplificare il processo di reclutamento e ottenere risposte alle offerte di lavoro in pochi clic. <\/p> <p><b>Crea rapidamente le descrizioni del lavoro e gli inviti all&#8217;azione pi\u00f9 allettanti per indurre pi\u00f9 potenziali assunti a collaborare con te<\/b><\/p> <\/div> <div class=\"application-platform-content-item-features  application-platform-content-item\" id=\"features \" data-nav-section=\"features \"> <h2>Il widget ha funzionalit\u00e0 potenti e veloci, eccone alcune: <\/h2> <ul><li>Aggiungi un collegamento Candidati per indirizzare i potenziali candidati alla pagina con i CV<\/li><li>Vetrina offerte di lavoro nel modo pi\u00f9 affascinante<\/li><li>Aggiungi tutte le offerte di lavoro che desideri<\/li><li>Descrivi accuratamente il lavoro e spiega: stipendio, titolo professionale e competenze richieste<\/li><li>Lascia le informazioni di contatto: il nome della tua azienda, il dipartimento e la posizione<\/li><\/ul><p><a href=\"#demo\">Puoi scoprire tutte le funzionalit\u00e0 del widget nella demo <\/a><\/p> <\/div> <div class=\"application-platform-content-item-installation application-platform-content-item\" id=\"installation\" data-nav-section=\"installation\"> <h2>Come faccio ad aggiungere una bacheca di lavoro al mio sito Weebly? <\/h2> <p>Segui semplicemente i seguenti passaggi descritti di seguito per iniziare a lavorare con l&#8217;app. <\/p> <ol><li><b>Esegui la nostra demo gratuita e inizia a creare la tua app personalizzata. <\/b><br> Specificare il layout e le caratteristiche desiderabili dello strumento e applicare le modifiche. <\/li> <li><b>Ricevi il codice individuale rivelato nell&#8217;apposito modulo su Elfsight Apps. <\/b><br> Una volta completata la generazione del plug-in, copia il codice esclusivo dal popup visualizzato e salvalo per necessit\u00e0 future. <\/li> <li><b>Avvia l&#8217;utilizzo del widget sul tuo sito web Weebly. <\/b><br> Integra il codice copiato in precedenza nel tuo sito web e applica le correzioni. <\/li> <li><b>Il gioco \u00e8 fatto! L&#8217;incorporamento \u00e8 completamente terminato. <\/b><br> Vai al tuo sito web per esaminare come funziona lo strumento. <\/li><\/ol> <p>Nella condizione di affrontare domande o incontrare alcuni problemi, non aver paura di chiedere assistenza al nostro team di supporto. I nostri consulenti saranno entusiasti di risolvere tutte le difficolt\u00e0 che potresti avere con il plugin. <\/p> <div class=\"faq\" data-component=\"FAQ\"><div class=\"faq-item\">\r\n\t\t\t\t\t<div class=\"faq-item-question\">\r\n\t\t\t\t\t\t<h3 class=\"faq-item-question-text\">Come incorporare una Job Board nella mia home page Weebly senza conoscenze di programmazione?<\/h3>\r\n\r\n\t\t\t\t\t\t<div class=\"faq-item-question-icon\"><\/div>\r\n\t\t\t\t\t<\/div>\r\n\r\n\t\t\t\t\t<div class=\"faq-item-answer\">\r\n\t\t\t\t\t\t<div class=\"faq-item-answer-text\"> <p>La societ\u00e0 Elfsight offre una soluzione che consente agli utenti di generare autonomamente un plug-in Job Board, controlla quanto \u00e8 facile \u00e8: Vai alla demo live per creare un widget della bacheca di lavoro che desideri incorporare nel sito web di Weebly. Fai clic su uno dei tanti modelli predefiniti e modifica le impostazioni della Job Board, includi i tuoi contenuti, trasforma il layout e il colore degli elementi senza esperienza di codifica. Fai clic per salvare la bacheca dei lavori e ottenere il codice di installazione, che puoi incollare facilmente e gratuitamente nella home page di Weebly. Lavorando nel nostro intuitivo Configuratore, qualsiasi utente di Internet pu\u00f2 creare un plug-in Job Board e incorporarlo facilmente nel sito Web Weebly. Non \u00e8 necessario sottoscrivere un abbonamento a pagamento o inviare i dati della carta per accedere all&#8217;editor. Se riscontri problemi in qualsiasi momento, vai avanti e rivolgiti al nostro personale di supporto.<\/p> <\/div>\r\n\t\t\t\t\t<\/div>\r\n\t\t\t\t<\/div> <\/div><\/div>","protected":false},"excerpt":{"rendered":"","protected":false},"author":9,"featured_media":0,"parent":2518,"menu_order":0,"comment_status":"closed","ping_status":"closed","template":"templates\/template-application-platform.php","meta":{"publish_to_discourse":"","publish_post_category":"","wpdc_auto_publish_overridden":"","wpdc_topic_tags":"","wpdc_pin_topic":"","wpdc_pin_until":"","discourse_post_id":"","discourse_permalink":"","wpdc_publishing_response":"","wpdc_publishing_error":"","footnotes":""},"class_list":["post-4893","page","type-page","status-publish","hentry"],"yoast_head":"<!-- This site is optimized with the Yoast SEO plugin v25.3.1 - https:\/\/yoast.com\/wordpress\/plugins\/seo\/ -->\n<title>App Weebly Job Board - Aggiungi offerte di lavoro a Weebly (2025)<\/title>\n<meta name=\"description\" content=\"Aggiungi un&#039;app reattiva Job Board sul tuo sito Weebly e lascia che i tuoi potenziali dipendenti esplorino le offerte di lavoro aperte!\" \/>\n<meta name=\"robots\" content=\"index, follow, max-snippet:-1, max-image-preview:large, max-video-preview:-1\" \/>\n<link rel=\"canonical\" href=\"https:\/\/elfsight.com\/it\/job-board-widget\/weebly\/\" \/>\n<meta property=\"og:locale\" content=\"it_IT\" \/>\n<meta property=\"og:type\" content=\"article\" \/>\n<meta property=\"og:title\" content=\"App Weebly Job Board - Aggiungi offerte di lavoro a Weebly (2025)\" \/>\n<meta property=\"og:description\" content=\"Aggiungi un&#039;app reattiva Job Board sul tuo sito Weebly e lascia che i tuoi potenziali dipendenti esplorino le offerte di lavoro aperte!\" \/>\n<meta property=\"og:url\" content=\"https:\/\/elfsight.com\/it\/job-board-widget\/weebly\/\" \/>\n<meta property=\"og:site_name\" content=\"Elfsight IT\" \/>\n<meta property=\"article:modified_time\" content=\"2024-11-11T11:27:13+00:00\" \/>\n<meta name=\"twitter:card\" content=\"summary_large_image\" \/>\n<meta name=\"twitter:label1\" content=\"Tempo di lettura stimato\" \/>\n\t<meta name=\"twitter:data1\" content=\"3 minuti\" \/>\n<!-- \/ Yoast SEO plugin. -->","yoast_head_json":{"title":"App Weebly Job Board - Aggiungi offerte di lavoro a Weebly (2025)","description":"Aggiungi un'app reattiva Job Board sul tuo sito Weebly e lascia che i tuoi potenziali dipendenti esplorino le offerte di lavoro aperte!","robots":{"index":"index","follow":"follow","max-snippet":"max-snippet:-1","max-image-preview":"max-image-preview:large","max-video-preview":"max-video-preview:-1"},"canonical":"https:\/\/elfsight.com\/it\/job-board-widget\/weebly\/","og_locale":"it_IT","og_type":"article","og_title":"App Weebly Job Board - Aggiungi offerte di lavoro a Weebly (2025)","og_description":"Aggiungi un'app reattiva Job Board sul tuo sito Weebly e lascia che i tuoi potenziali dipendenti esplorino le offerte di lavoro aperte!","og_url":"https:\/\/elfsight.com\/it\/job-board-widget\/weebly\/","og_site_name":"Elfsight IT","article_modified_time":"2024-11-11T11:27:13+00:00","twitter_card":"summary_large_image","twitter_misc":{"Tempo di lettura stimato":"3 minuti"},"schema":{"@context":"https:\/\/schema.org","@graph":[{"@type":"WebPage","@id":"https:\/\/elfsight.com\/it\/job-board-widget\/weebly\/","url":"https:\/\/elfsight.com\/it\/job-board-widget\/weebly\/","name":"App Weebly Job Board - Aggiungi offerte di lavoro a Weebly (2025)","isPartOf":{"@id":"https:\/\/elfsight.com\/it\/#website"},"datePublished":"2024-05-03T06:40:01+00:00","dateModified":"2024-11-11T11:27:13+00:00","description":"Aggiungi un'app reattiva Job Board sul tuo sito Weebly e lascia che i tuoi potenziali dipendenti esplorino le offerte di lavoro aperte!","breadcrumb":{"@id":"https:\/\/elfsight.com\/it\/job-board-widget\/weebly\/#breadcrumb"},"inLanguage":"it-IT","potentialAction":[{"@type":"ReadAction","target":["https:\/\/elfsight.com\/it\/job-board-widget\/weebly\/"]}]},{"@type":"BreadcrumbList","@id":"https:\/\/elfsight.com\/it\/job-board-widget\/weebly\/#breadcrumb","itemListElement":[{"@type":"ListItem","position":1,"name":"Home","item":"https:\/\/elfsight.com\/it\/"},{"@type":"ListItem","position":2,"name":"Job Board","item":"https:\/\/elfsight.com\/it\/job-board-widget\/"},{"@type":"ListItem","position":3,"name":"Job Board &#8211; Weebly"}]},{"@type":"WebSite","@id":"https:\/\/elfsight.com\/it\/#website","url":"https:\/\/elfsight.com\/it\/","name":"Elfsight IT","description":"Just another Elfsight Sites site","potentialAction":[{"@type":"SearchAction","target":{"@type":"EntryPoint","urlTemplate":"https:\/\/elfsight.com\/it\/?s={search_term_string}"},"query-input":{"@type":"PropertyValueSpecification","valueRequired":true,"valueName":"search_term_string"}}],"inLanguage":"it-IT"}]}},"meta_box":{"industry":"","seo_heading":"","heading":"","description":"","cta_heading":"","cta_description":"","application":"2517","h1":"Applicazione Weebly Job Board","h1_caption":"Crea una bacheca di lavoro per elencare le posizioni aperte sul tuo sito web e attira facilmente potenziali candidati nel tuo sito web Weebly.","application_category":[],"applications_title":"","applications_request_title":"","applications_request_button_text":"","hero_text":"","hero_video":"","hero_video_schema_markup":"","selling_points_title":"","selling_points_caption":"","selling_points":[],"selling_points_cta_text":"","features_title":"","features":"","ed_cta_examples_text":"","ed_cta_examples_hidden":"","ed_cta_demo_text":"","ed_cta_demo_hidden":"","why_caption":"","why_editor_title":"","why_editor_text":"","why_team_title":"","why_team_text":"","why_service_title":"","why_service_text":"","template_catalog_visible":"","template_catalog_title":"","template_catalog_text":"","template_catalog_categories_visible":"","demo_title":"Crea la tua app Job Board","demo_caption":"Configura la tua bacheca di lavoro e aggiungila gratuitamente al tuo sito Weebly!","default_faq_hidden":"","app_template_category":[],"platform":"45","template_public_id":"","codecanyon_url":"","codecanyon_item_id":"","codecanyon_price":"","pricing_caption":"","pricing_elfsight_apps_hide_column":"","pricing_elfsight_apps_url":"","pricing_codecanyon_price_caption":"","integration_category":[],"integration_request_title":"","integration_request_cta":"","integration_platform":"","integrations":[],"platform_category":[],"video_schema_markup":"","price":"da $ 0 al mese","trial":"","benefits":[{"text":"Aiuto gratuito per l'installazione"},{"text":"Servizio clienti professionale"},{"text":"Garanzia di rimborso di 14 giorni"},{"text":"Sviluppo continuo"}],"button_url":"#demo","button_target_blank":"","button_nofollow":"","attributes":[{"name":"Installazioni"},{"name":"Reattivo","content":"S\u00cc"},{"name":"Browser compatibili","content":"Firefox, Safari, Opera, Chrome, Edge"}],"tags":[],"tags_disable_links":"","hide_more_platforms":"","video_object":"","demo_hide_cta":"","demo_hide_cloud_options":"","pricing_title":"","pricing":[{"pricing_icon":"platform","pricing_title":"Elfsight Apps","pricing_title_caption":"Soluzione multipiattaforma che funziona su qualsiasi sito web","pricing_price":"da $ 0 \/ mese","pricing_price_caption":"inizia con un piano gratuito","pricing_benefits":[{"text":"Domini illimitati"},{"text":"Supporto aziendale 24 ore su 24, 7 giorni su 7"},{"text":"Assistenza per l'installazione gratuita"},{"text":"100% personalizzabile"}],"pricing_button_text":"Aggiungi al sito web","pricing_button_url":"#demo"}],"related_apps_title":"","related_apps_hidden":"","author":"","image":[],"title":"","job":"","social_networks":[]},"_links":{"self":[{"href":"https:\/\/elfsight.com\/it\/wp-json\/wp\/v2\/pages\/4893","targetHints":{"allow":["GET"]}}],"collection":[{"href":"https:\/\/elfsight.com\/it\/wp-json\/wp\/v2\/pages"}],"about":[{"href":"https:\/\/elfsight.com\/it\/wp-json\/wp\/v2\/types\/page"}],"author":[{"embeddable":true,"href":"https:\/\/elfsight.com\/it\/wp-json\/wp\/v2\/users\/9"}],"replies":[{"embeddable":true,"href":"https:\/\/elfsight.com\/it\/wp-json\/wp\/v2\/comments?post=4893"}],"version-history":[{"count":1,"href":"https:\/\/elfsight.com\/it\/wp-json\/wp\/v2\/pages\/4893\/revisions"}],"predecessor-version":[{"id":4897,"href":"https:\/\/elfsight.com\/it\/wp-json\/wp\/v2\/pages\/4893\/revisions\/4897"}],"up":[{"embeddable":true,"href":"https:\/\/elfsight.com\/it\/wp-json\/wp\/v2\/pages\/2518"}],"wp:attachment":[{"href":"https:\/\/elfsight.com\/it\/wp-json\/wp\/v2\/media?parent=4893"}],"curies":[{"name":"wp","href":"https:\/\/api.w.org\/{rel}","templated":true}]}}