{"id":4892,"date":"2024-05-03T06:40:00","date_gmt":"2024-05-03T06:40:00","guid":{"rendered":"https:\/\/elfsight.com\/it\/?page_id=4892"},"modified":"2024-11-11T11:27:13","modified_gmt":"2024-11-11T11:27:13","slug":"wix","status":"publish","type":"page","link":"https:\/\/elfsight.com\/it\/job-board-widget\/wix\/","title":{"rendered":"Job Board &#8211; Wix"},"content":{"rendered":"<div class=\"application-platform-content-item-description application-platform-content-item\" id=\"description\" data-nav-section=\"description\"> <h2>Descrizione<\/h2> <p>La Job Board per Wix \u00e8 un&#8217;app straordinaria che ti d\u00e0 l&#8217;opportunit\u00e0 di dimostrare le opportunit\u00e0 di lavoro e ricevere CV da candidati direttamente sul tuo sito web nel modo pi\u00f9 semplice. Con il nostro nuovo strumento potrai pubblicizzare la tua azienda, pubblicare informazioni sulle posizioni aperte e ottenere curriculum. Il widget ti consente di modellare una scheda di lavoro accompagnata da una rappresentazione accurata e dal pulsante Applica. L&#8217;utilizzo di Elfsight Job Board ti consente di semplificare il processo di reclutamento e ottenere risposte alle offerte di lavoro in un clic. <\/p> <p><b>Crea facilmente le offerte di lavoro e i pulsanti CTA pi\u00f9 allettanti per motivare pi\u00f9 possibili assunzioni a lavorare con te<\/b><\/p> <\/div> <div class=\"application-platform-content-item-features application-platform-content-item\" id=\"features\" data-nav-section=\"features\"> <h2>Il widget include funzionalit\u00e0 utili e veloci, controlla alcune di esse: <\/h2> <ul><li>Crea un collegamento Candidati per indirizzare i potenziali dipendenti alla pagina che raccoglie i CV<\/li><li>Mostra le offerte di lavoro nella modo pi\u00f9 interessante<\/li><li>Aggiungi tutti i lavori che desideri<\/li><li>Aggiungi informazioni sul lavoro: competenze necessarie, stipendio e titolo professionale<\/li><li>Lascia i dettagli di contatto: dipartimento , il nome della tua azienda e la posizione<\/li><\/ul><p><a href=\"#demo\">Puoi verificare quanto vale il widget con l&#8217;aiuto della demo<\/a><\/p> <\/div> <div class=\"application-platform-content-item-installazione application-platform-content-item\" id=\"installazione\" data-nav-section=\"installazione\"> <h2>Come posso incorporare una bacheca di lavoro nel mio sito web Wix? <\/h2> <p>Segui semplicemente i passaggi presentati di seguito per iniziare a lavorare con l&#8217;app. <\/p> <ol><li><b>Lancia il nostro configuratore gratuito e inizia a dare forma alla tua app personalizzata. <\/b><br> Specifica la forma e la funzionalit\u00e0 adatte del plugin e applica le correzioni. <\/li> <li><b>Ricevi il codice personale esposto nell&#8217;apposito form su Elfsight Apps. <\/b><br> Non appena la configurazione della tua app personale sar\u00e0 terminata, copia il codice esclusivo nella finestra visualizzata e conservalo per un utilizzo futuro. <\/li> <li><b>Avvia l&#8217;applicazione dell&#8217;app sul tuo sito web Wix. <\/b><br> Incorpora il codice salvato di recente nella tua pagina web e applica le modifiche. <\/li> <li><b>L&#8217;installazione \u00e8 completamente terminata. <\/b><br> Vai alla tua pagina web per dare un&#8217;occhiata al funzionamento dell&#8217;app. <\/li><\/ol> <p>A condizione di affrontare domande o scontrarsi con eventuali difficolt\u00e0, non aver paura di fare appello al nostro team di assistenza clienti. Il nostro personale non vede l&#8217;ora di risolvere tutte le domande che potresti avere con il widget. <\/p> <div class=\"faq\" data-component=\"FAQ\"><div class=\"faq-item\">\r\n\t\t\t\t\t<div class=\"faq-item-question\">\r\n\t\t\t\t\t\t<h3 class=\"faq-item-question-text\">In che modo posso aggiungere una Job Board al mio sito Wix senza esperienza di programmazione?<\/h3>\r\n\r\n\t\t\t\t\t\t<div class=\"faq-item-question-icon\"><\/div>\r\n\t\t\t\t\t<\/div>\r\n\r\n\t\t\t\t\t<div class=\"faq-item-answer\">\r\n\t\t\t\t\t\t<div class=\"faq-item-answer-text\"> <p>Elfsight fornisce una soluzione Cloud che consente alle persone di creare da soli un&#8217;app Job Board, scopri quanto \u00e8 semplice il processo: lavora direttamente nell&#8217;editor live per creare un&#8217;app Job Board che desideri incorporare nel tuo sito Wix. Scegli uno dei tanti modelli predefiniti e modifica le impostazioni della Job Board, includi i tuoi contenuti, modifica il layout e la combinazione di colori senza alcuna conoscenza di codifica. Fai clic per salvare le impostazioni che hai effettuato nella Job Board e ottenere il codice di installazione, che pu\u00f2 essere facilmente incorporato in qualsiasi sito Wix senza acquistare un abbonamento a pagamento. Lavorando nel nostro editor intuitivo, ogni utente di Internet pu\u00f2 generare un widget della bacheca di lavoro e aggiungerlo facilmente a qualsiasi pagina web Wix. Non \u00e8 necessario sottoscrivere un abbonamento a pagamento o inserire le credenziali della tua carta per accedere a Elfsight Editor. Se riscontri problemi di qualsiasi tipo, vai avanti e rivolgiti al nostro team di supporto tecnico.<\/p> <\/div>\r\n\t\t\t\t\t<\/div>\r\n\t\t\t\t<\/div> <\/div><\/div>","protected":false},"excerpt":{"rendered":"","protected":false},"author":9,"featured_media":0,"parent":2518,"menu_order":0,"comment_status":"closed","ping_status":"closed","template":"templates\/template-application-platform.php","meta":{"publish_to_discourse":"","publish_post_category":"","wpdc_auto_publish_overridden":"","wpdc_topic_tags":"","wpdc_pin_topic":"","wpdc_pin_until":"","discourse_post_id":"","discourse_permalink":"","wpdc_publishing_response":"","wpdc_publishing_error":"","footnotes":""},"class_list":["post-4892","page","type-page","status-publish","hentry"],"yoast_head":"<!-- This site is optimized with the Yoast SEO plugin v25.3.1 - https:\/\/yoast.com\/wordpress\/plugins\/seo\/ -->\n<title>App Wix Job Board - Aggiungi offerte di lavoro a Wix (2025)<\/title>\n<meta name=\"description\" content=\"Incorpora un&#039;app reattiva Job Board sul tuo sito Wix e consenti ai potenziali dipendenti di vedere rapidamente le offerte di lavoro aperte!\" \/>\n<meta name=\"robots\" content=\"index, follow, max-snippet:-1, max-image-preview:large, max-video-preview:-1\" \/>\n<link rel=\"canonical\" href=\"https:\/\/elfsight.com\/it\/job-board-widget\/wix\/\" \/>\n<meta property=\"og:locale\" content=\"it_IT\" \/>\n<meta property=\"og:type\" content=\"article\" \/>\n<meta property=\"og:title\" content=\"App Wix Job Board - Aggiungi offerte di lavoro a Wix (2025)\" \/>\n<meta property=\"og:description\" content=\"Incorpora un&#039;app reattiva Job Board sul tuo sito Wix e consenti ai potenziali dipendenti di vedere rapidamente le offerte di lavoro aperte!\" \/>\n<meta property=\"og:url\" content=\"https:\/\/elfsight.com\/it\/job-board-widget\/wix\/\" \/>\n<meta property=\"og:site_name\" content=\"Elfsight IT\" \/>\n<meta property=\"article:modified_time\" content=\"2024-11-11T11:27:13+00:00\" \/>\n<meta name=\"twitter:card\" content=\"summary_large_image\" \/>\n<meta name=\"twitter:label1\" content=\"Tempo di lettura stimato\" \/>\n\t<meta name=\"twitter:data1\" content=\"3 minuti\" \/>\n<!-- \/ Yoast SEO plugin. -->","yoast_head_json":{"title":"App Wix Job Board - Aggiungi offerte di lavoro a Wix (2025)","description":"Incorpora un'app reattiva Job Board sul tuo sito Wix e consenti ai potenziali dipendenti di vedere rapidamente le offerte di lavoro aperte!","robots":{"index":"index","follow":"follow","max-snippet":"max-snippet:-1","max-image-preview":"max-image-preview:large","max-video-preview":"max-video-preview:-1"},"canonical":"https:\/\/elfsight.com\/it\/job-board-widget\/wix\/","og_locale":"it_IT","og_type":"article","og_title":"App Wix Job Board - Aggiungi offerte di lavoro a Wix (2025)","og_description":"Incorpora un'app reattiva Job Board sul tuo sito Wix e consenti ai potenziali dipendenti di vedere rapidamente le offerte di lavoro aperte!","og_url":"https:\/\/elfsight.com\/it\/job-board-widget\/wix\/","og_site_name":"Elfsight IT","article_modified_time":"2024-11-11T11:27:13+00:00","twitter_card":"summary_large_image","twitter_misc":{"Tempo di lettura stimato":"3 minuti"},"schema":{"@context":"https:\/\/schema.org","@graph":[{"@type":"WebPage","@id":"https:\/\/elfsight.com\/it\/job-board-widget\/wix\/","url":"https:\/\/elfsight.com\/it\/job-board-widget\/wix\/","name":"App Wix Job Board - Aggiungi offerte di lavoro a Wix (2025)","isPartOf":{"@id":"https:\/\/elfsight.com\/it\/#website"},"datePublished":"2024-05-03T06:40:00+00:00","dateModified":"2024-11-11T11:27:13+00:00","description":"Incorpora un'app reattiva Job Board sul tuo sito Wix e consenti ai potenziali dipendenti di vedere rapidamente le offerte di lavoro aperte!","breadcrumb":{"@id":"https:\/\/elfsight.com\/it\/job-board-widget\/wix\/#breadcrumb"},"inLanguage":"it-IT","potentialAction":[{"@type":"ReadAction","target":["https:\/\/elfsight.com\/it\/job-board-widget\/wix\/"]}]},{"@type":"BreadcrumbList","@id":"https:\/\/elfsight.com\/it\/job-board-widget\/wix\/#breadcrumb","itemListElement":[{"@type":"ListItem","position":1,"name":"Home","item":"https:\/\/elfsight.com\/it\/"},{"@type":"ListItem","position":2,"name":"Job Board","item":"https:\/\/elfsight.com\/it\/job-board-widget\/"},{"@type":"ListItem","position":3,"name":"Job Board &#8211; Wix"}]},{"@type":"WebSite","@id":"https:\/\/elfsight.com\/it\/#website","url":"https:\/\/elfsight.com\/it\/","name":"Elfsight IT","description":"Just another Elfsight Sites site","potentialAction":[{"@type":"SearchAction","target":{"@type":"EntryPoint","urlTemplate":"https:\/\/elfsight.com\/it\/?s={search_term_string}"},"query-input":{"@type":"PropertyValueSpecification","valueRequired":true,"valueName":"search_term_string"}}],"inLanguage":"it-IT"}]}},"meta_box":{"industry":"","seo_heading":"","heading":"","description":"","cta_heading":"","cta_description":"","application":"2517","h1":"Applicazione Wix Job Board","h1_caption":"Crea una bacheca di lavoro per elencare le posizioni aperte sul tuo sito web e attira facilmente potenziali candidati nel tuo sito web Wix.","application_category":[],"applications_title":"","applications_request_title":"","applications_request_button_text":"","hero_text":"","hero_video":"","hero_video_schema_markup":"","selling_points_title":"","selling_points_caption":"","selling_points":[],"selling_points_cta_text":"","features_title":"","features":"","ed_cta_examples_text":"","ed_cta_examples_hidden":"","ed_cta_demo_text":"","ed_cta_demo_hidden":"","why_caption":"","why_editor_title":"","why_editor_text":"","why_team_title":"","why_team_text":"","why_service_title":"","why_service_text":"","template_catalog_visible":"","template_catalog_title":"","template_catalog_text":"","template_catalog_categories_visible":"","demo_title":"Crea la tua app Job Board","demo_caption":"Configura la tua bacheca di lavoro e aggiungila gratuitamente al tuo sito Wix!","default_faq_hidden":"","app_template_category":[],"platform":"29","template_public_id":"","codecanyon_url":"","codecanyon_item_id":"","codecanyon_price":"","pricing_caption":"","pricing_elfsight_apps_hide_column":"","pricing_elfsight_apps_url":"","pricing_codecanyon_price_caption":"","integration_category":[],"integration_request_title":"","integration_request_cta":"","integration_platform":"","integrations":[],"platform_category":[],"video_schema_markup":"","price":"da $ 0 al mese","trial":"","benefits":[{"text":"Servizio di installazione gratuito"},{"text":"Servizio clienti efficace"},{"text":"Garanzia di rimborso di 14 giorni"},{"text":"Miglioramenti futuri"}],"button_url":"#demo","button_target_blank":"","button_nofollow":"","attributes":[{"name":"Installazioni"},{"name":"Reattivo","content":"S\u00cc"},{"name":"Browser compatibili","content":"Firefox, Safari, Opera, Chrome, Edge"}],"tags":[],"tags_disable_links":"","hide_more_platforms":"","video_object":"","demo_hide_cta":"","demo_hide_cloud_options":"","pricing_title":"","pricing":[{"pricing_icon":"platform","pricing_title":"Elfsight Apps","pricing_title_caption":"Versione multipiattaforma","pricing_price":"da $ 0 \/ mese","pricing_price_caption":"inizia con un piano gratuito","pricing_benefits":[{"text":"Domini illimitati"},{"text":"Supporto professionale e ben documentato"},{"text":"Assistenza gratuita per l'installazione"},{"text":"100% personalizzabile"}],"pricing_button_text":"Aggiungi al sito web","pricing_button_url":"#demo"}],"related_apps_title":"","related_apps_hidden":"","author":"","image":[],"title":"","job":"","social_networks":[]},"_links":{"self":[{"href":"https:\/\/elfsight.com\/it\/wp-json\/wp\/v2\/pages\/4892","targetHints":{"allow":["GET"]}}],"collection":[{"href":"https:\/\/elfsight.com\/it\/wp-json\/wp\/v2\/pages"}],"about":[{"href":"https:\/\/elfsight.com\/it\/wp-json\/wp\/v2\/types\/page"}],"author":[{"embeddable":true,"href":"https:\/\/elfsight.com\/it\/wp-json\/wp\/v2\/users\/9"}],"replies":[{"embeddable":true,"href":"https:\/\/elfsight.com\/it\/wp-json\/wp\/v2\/comments?post=4892"}],"version-history":[{"count":1,"href":"https:\/\/elfsight.com\/it\/wp-json\/wp\/v2\/pages\/4892\/revisions"}],"predecessor-version":[{"id":4896,"href":"https:\/\/elfsight.com\/it\/wp-json\/wp\/v2\/pages\/4892\/revisions\/4896"}],"up":[{"embeddable":true,"href":"https:\/\/elfsight.com\/it\/wp-json\/wp\/v2\/pages\/2518"}],"wp:attachment":[{"href":"https:\/\/elfsight.com\/it\/wp-json\/wp\/v2\/media?parent=4892"}],"curies":[{"name":"wp","href":"https:\/\/api.w.org\/{rel}","templated":true}]}}