{"id":4890,"date":"2024-05-03T06:39:58","date_gmt":"2024-05-03T06:39:58","guid":{"rendered":"https:\/\/elfsight.com\/it\/?page_id=4890"},"modified":"2025-03-21T15:02:49","modified_gmt":"2025-03-21T15:02:49","slug":"woocommerce","status":"publish","type":"page","link":"https:\/\/elfsight.com\/it\/job-board-widget\/woocommerce\/","title":{"rendered":"Job Board &#8211; WooCommerce"},"content":{"rendered":"\n<div class=\"application-platform-content-item-description application-platform-content-item\" id=\"description\" data-nav-section=\"description\"> <h2>Descrizione<\/h2> <p>La nostra bacheca di lavoro per WooCommerce \u00e8 un plugin straordinario che ti d\u00e0 l&#8217;opportunit\u00e0 di pubblicare offerte di lavoro e ottenere CV da candidati sul tuo sito web nel modo pi\u00f9 semplice. Utilizzando il nostro nuovo strumento, potrai presentare la tua attivit\u00e0, distribuire informazioni sulle posizioni aperte e raccogliere curriculum. Il widget ti consente di creare una scheda di lavoro accompagnata da una descrizione approfondita e dal pulsante Candidati. L&#8217;applicazione della Job Board ti consente di semplificare il processo di reclutamento e ottenere risposte alle offerte di lavoro in 1-2-3!. <\/p> <p><b>Forma rapidamente le descrizioni del lavoro e gli inviti all&#8217;azione pi\u00f9 interessanti per ispirare pi\u00f9 potenziali assunti a collaborare con te<\/b><\/p> <\/div> <div class=\"application-platform-content-item-features  application-platform-content-item\" id=\"features \" data-nav-section=\"features \"> <h2>Di seguito trovi le caratteristiche centrali del plugin: <\/h2> <ul><li>Inserisci un link Candidatura per indirizzare i potenziali dipendenti alla pagina che raccoglie i CV<\/li><li>Presenta i posti vacanti nelle posizioni pi\u00f9 affascinanti modo<\/li><li>Il numero di lavori che puoi aggiungere \u00e8 illimitato<\/li><li>Aggiungi numerosi dettagli sul lavoro: stipendio, titolo professionale e competenze necessarie<\/li><li>Lascia le informazioni di contatto: posizione, dipartimento e nome della tua azienda<\/li><\/ul><p><a href=\"#demo\">Esplora tutte le opzioni di personalizzazione nella demo completa<\/a><\/p> <\/div> <div class=\"application-platform-content-item-installation application-platform-content-item\" id=\"installation\" data-nav-section=\"installation\"> <h2>Come incorporare una bacheca di lavoro sul mio sito WooCommerce? <\/h2> <p>Segui semplicemente le istruzioni seguenti per integrare il plugin. <\/p> <ol><li><b>Utilizza il nostro configuratore gratuito e inizia a dare forma al tuo plugin personalizzato. <\/b><br> Scegli l&#8217;interfaccia e i tratti funzionali adatti dello strumento e applica le modifiche. <\/li> <li><b>Acquisisci il codice individuale esposto nella finestra su Elfsight Apps. <\/b><br> Al termine della generazione del plugin, copia il codice personale dal popup visualizzato e conservalo per necessit\u00e0 future. <\/li> <li><b>Avvia l&#8217;utilizzo del plugin sul sito WooCommerce. <\/b><br> Inserisci il codice che hai salvato in precedenza nel tuo sito web e applica le modifiche. <\/li> <li><b>Il gioco \u00e8 fatto! L&#8217;incorporamento \u00e8 terminato con successo. <\/b><br> Vai alla tua pagina web per osservare come funziona lo strumento. <\/li><\/ol> <p>Se riscontri domande o affronti eventuali complicazioni, rivolgiti al nostro team di assistenza clienti. I nostri consulenti non vedono l&#8217;ora di risolvere tutti i problemi che potresti avere con il widget. <\/p> <div class=\"faq\" data-component=\"FAQ\"><div class=\"faq-item\">\r\n\t\t\t\t\t<div class=\"faq-item-question\">\r\n\t\t\t\t\t\t<h3 class=\"faq-item-question-text\">In che modo \u00e8 possibile incorporare una bacheca di lavoro nel mio sito web WooCommerce senza competenze di codifica?<\/h3>\r\n\r\n\t\t\t\t\t\t<div class=\"faq-item-question-icon\"><\/div>\r\n\t\t\t\t\t<\/div>\r\n\r\n\t\t\t\t\t<div class=\"faq-item-answer\">\r\n\t\t\t\t\t\t<div class=\"faq-item-answer-text\"> <p>Elfsight offre una soluzione cloud che consente a un vasto pubblico di creare un lavoro Widget Board tu stesso, guarda quanto \u00e8 semplice il processo: vai alla demo online per creare un widget Job Board che desideri integrare sul tuo sito web WooCommerce. Scegli uno dei modelli gi\u00e0 pronti e modifica le impostazioni della Job Board, cambia il layout e le combinazioni di colori per includere i tuoi contenuti, senza alcuna competenza di codifica. Salva la Job Board e ottieni il codice di installazione, che potrai includere facilmente nella home page di WooCommerce senza dover acquistare un abbonamento a pagamento. Con l&#8217;aiuto del nostro editor facile da usare, qualsiasi utente di Internet pu\u00f2 creare un widget per la bacheca di lavoro online e incorporarlo facilmente nel sito WooCommerce. Non \u00e8 necessario sottoscrivere un piano a pagamento o inserire le credenziali della carta per accedere al nostro servizio. Se incontri ostacoli in qualsiasi momento, non esitare a contattare il nostro team di supporto tecnico.<\/p> <\/div>\r\n\t\t\t\t\t<\/div>\r\n\t\t\t\t<\/div> <\/div><\/div>\n","protected":false},"excerpt":{"rendered":"","protected":false},"author":9,"featured_media":0,"parent":2518,"menu_order":0,"comment_status":"closed","ping_status":"closed","template":"templates\/template-application-platform.php","meta":{"publish_to_discourse":"","publish_post_category":"","wpdc_auto_publish_overridden":"","wpdc_topic_tags":"","wpdc_pin_topic":"","wpdc_pin_until":"","discourse_post_id":"","discourse_permalink":"","wpdc_publishing_response":"","wpdc_publishing_error":"","footnotes":""},"class_list":["post-4890","page","type-page","status-publish","hentry"],"yoast_head":"<!-- This site is optimized with the Yoast SEO plugin v25.3.1 - https:\/\/yoast.com\/wordpress\/plugins\/seo\/ -->\n<title>Plugin WooCommerce Job Board - Aggiungi offerte di lavoro al tuo sito (2025)<\/title>\n<meta name=\"description\" content=\"Integra un plug-in reattivo per Job Board sul tuo sito web WooCommerce e consenti ai tuoi potenziali dipendenti di vedere le offerte di lavoro aperte!\" \/>\n<meta name=\"robots\" content=\"index, follow, max-snippet:-1, max-image-preview:large, max-video-preview:-1\" \/>\n<link rel=\"canonical\" href=\"https:\/\/elfsight.com\/it\/job-board-widget\/woocommerce\/\" \/>\n<meta property=\"og:locale\" content=\"it_IT\" \/>\n<meta property=\"og:type\" content=\"article\" \/>\n<meta property=\"og:title\" content=\"Plugin WooCommerce Job Board - Aggiungi offerte di lavoro al tuo sito (2025)\" \/>\n<meta property=\"og:description\" content=\"Integra un plug-in reattivo per Job Board sul tuo sito web WooCommerce e consenti ai tuoi potenziali dipendenti di vedere le offerte di lavoro aperte!\" \/>\n<meta property=\"og:url\" content=\"https:\/\/elfsight.com\/it\/job-board-widget\/woocommerce\/\" \/>\n<meta property=\"og:site_name\" content=\"Elfsight IT\" \/>\n<meta property=\"article:modified_time\" content=\"2025-03-21T15:02:49+00:00\" \/>\n<meta name=\"twitter:card\" content=\"summary_large_image\" \/>\n<meta name=\"twitter:label1\" content=\"Tempo di lettura stimato\" \/>\n\t<meta name=\"twitter:data1\" content=\"3 minuti\" \/>\n<!-- \/ Yoast SEO plugin. -->","yoast_head_json":{"title":"Plugin WooCommerce Job Board - Aggiungi offerte di lavoro al tuo sito (2025)","description":"Integra un plug-in reattivo per Job Board sul tuo sito web WooCommerce e consenti ai tuoi potenziali dipendenti di vedere le offerte di lavoro aperte!","robots":{"index":"index","follow":"follow","max-snippet":"max-snippet:-1","max-image-preview":"max-image-preview:large","max-video-preview":"max-video-preview:-1"},"canonical":"https:\/\/elfsight.com\/it\/job-board-widget\/woocommerce\/","og_locale":"it_IT","og_type":"article","og_title":"Plugin WooCommerce Job Board - Aggiungi offerte di lavoro al tuo sito (2025)","og_description":"Integra un plug-in reattivo per Job Board sul tuo sito web WooCommerce e consenti ai tuoi potenziali dipendenti di vedere le offerte di lavoro aperte!","og_url":"https:\/\/elfsight.com\/it\/job-board-widget\/woocommerce\/","og_site_name":"Elfsight IT","article_modified_time":"2025-03-21T15:02:49+00:00","twitter_card":"summary_large_image","twitter_misc":{"Tempo di lettura stimato":"3 minuti"},"schema":{"@context":"https:\/\/schema.org","@graph":[{"@type":"WebPage","@id":"https:\/\/elfsight.com\/it\/job-board-widget\/woocommerce\/","url":"https:\/\/elfsight.com\/it\/job-board-widget\/woocommerce\/","name":"Plugin WooCommerce Job Board - Aggiungi offerte di lavoro al tuo sito (2025)","isPartOf":{"@id":"https:\/\/elfsight.com\/it\/#website"},"datePublished":"2024-05-03T06:39:58+00:00","dateModified":"2025-03-21T15:02:49+00:00","description":"Integra un plug-in reattivo per Job Board sul tuo sito web WooCommerce e consenti ai tuoi potenziali dipendenti di vedere le offerte di lavoro aperte!","breadcrumb":{"@id":"https:\/\/elfsight.com\/it\/job-board-widget\/woocommerce\/#breadcrumb"},"inLanguage":"it-IT","potentialAction":[{"@type":"ReadAction","target":["https:\/\/elfsight.com\/it\/job-board-widget\/woocommerce\/"]}]},{"@type":"BreadcrumbList","@id":"https:\/\/elfsight.com\/it\/job-board-widget\/woocommerce\/#breadcrumb","itemListElement":[{"@type":"ListItem","position":1,"name":"Home","item":"https:\/\/elfsight.com\/it\/"},{"@type":"ListItem","position":2,"name":"Job Board","item":"https:\/\/elfsight.com\/it\/job-board-widget\/"},{"@type":"ListItem","position":3,"name":"Job Board &#8211; WooCommerce"}]},{"@type":"WebSite","@id":"https:\/\/elfsight.com\/it\/#website","url":"https:\/\/elfsight.com\/it\/","name":"Elfsight IT","description":"Just another Elfsight Sites site","potentialAction":[{"@type":"SearchAction","target":{"@type":"EntryPoint","urlTemplate":"https:\/\/elfsight.com\/it\/?s={search_term_string}"},"query-input":{"@type":"PropertyValueSpecification","valueRequired":true,"valueName":"search_term_string"}}],"inLanguage":"it-IT"}]}},"meta_box":{"industry":"","seo_heading":"","heading":"","description":"","cta_heading":"","cta_description":"","application":"2517","h1":"Plug-in per la bacheca di lavoro WooCommerce","h1_caption":"Crea una bacheca di lavoro per elencare le posizioni aperte sul tuo sito web e attira facilmente potenziali candidati nel tuo sito web WooCommerce.","application_category":[],"applications_title":"","applications_request_title":"","applications_request_button_text":"","hero_text":"","hero_video":"","hero_video_schema_markup":"","selling_points_title":"","selling_points_caption":"","selling_points":[],"selling_points_cta_text":"","features_title":"","features":"","ed_cta_examples_text":"","ed_cta_examples_hidden":"","ed_cta_demo_text":"","ed_cta_demo_hidden":"","why_caption":"","why_editor_title":"","why_editor_text":"","why_team_title":"","why_team_text":"","why_service_title":"","why_service_text":"","template_catalog_visible":"0","template_catalog_title":"","template_catalog_text":"","template_catalog_categories_visible":"","demo_title":"Crea la tua app Job Board","demo_caption":"Configura la tua Job Board e aggiungila gratuitamente al tuo sito WooCommerce!","default_faq_hidden":"","app_template_category":[],"platform":"80","template_public_id":"","codecanyon_url":"","codecanyon_item_id":"","codecanyon_price":"","pricing_caption":"","pricing_elfsight_apps_hide_column":"","pricing_elfsight_apps_url":"","pricing_codecanyon_price_caption":"","integration_category":[],"integration_request_title":"","integration_request_cta":"","integration_platform":"","integrations":[],"platform_category":[],"video_schema_markup":"","price":"da $ 0 al mese","trial":"","benefits":[{"text":"Aiuto per l'installazione gratuito"},{"text":"Assistenza clienti con esperienza"},{"text":"Garanzia di rimborso di 14 giorni"},{"text":"Aggiornamento costante"}],"button_url":"#demo","button_target_blank":"0","button_nofollow":"0","attributes":[{"name":"Installazioni"},{"name":"Reattivo","content":"Pronto per i dispositivi mobili"},{"name":"Browser compatibili","content":"Safari, Opera, Chrome, Firefox, Edge"}],"tags":[],"tags_disable_links":"0","hide_more_platforms":"0","video_object":"","demo_hide_cta":"0","demo_hide_cloud_options":"0","pricing_title":"","pricing":[{"pricing_icon":"platform","pricing_title":"Elfsight Apps","pricing_title_caption":"Soluzione digitale multipiattaforma adatta a qualsiasi sito","pricing_price":"da $ 0 \/ mese","pricing_price_caption":"inizia con un piano gratuito","pricing_benefits":[{"text":"Domini illimitati"},{"text":"Supporto aziendale premium"},{"text":"Assistenza gratuita per l'installazione"},{"text":"Progettazione flessibile"}],"pricing_button_text":"Aggiungi al sito web","pricing_button_url":"#demo"}],"related_apps_title":"","related_apps_hidden":"0","author":"","image":[],"title":"","job":"","social_networks":[]},"_links":{"self":[{"href":"https:\/\/elfsight.com\/it\/wp-json\/wp\/v2\/pages\/4890","targetHints":{"allow":["GET"]}}],"collection":[{"href":"https:\/\/elfsight.com\/it\/wp-json\/wp\/v2\/pages"}],"about":[{"href":"https:\/\/elfsight.com\/it\/wp-json\/wp\/v2\/types\/page"}],"author":[{"embeddable":true,"href":"https:\/\/elfsight.com\/it\/wp-json\/wp\/v2\/users\/9"}],"replies":[{"embeddable":true,"href":"https:\/\/elfsight.com\/it\/wp-json\/wp\/v2\/comments?post=4890"}],"version-history":[{"count":2,"href":"https:\/\/elfsight.com\/it\/wp-json\/wp\/v2\/pages\/4890\/revisions"}],"predecessor-version":[{"id":9714,"href":"https:\/\/elfsight.com\/it\/wp-json\/wp\/v2\/pages\/4890\/revisions\/9714"}],"up":[{"embeddable":true,"href":"https:\/\/elfsight.com\/it\/wp-json\/wp\/v2\/pages\/2518"}],"wp:attachment":[{"href":"https:\/\/elfsight.com\/it\/wp-json\/wp\/v2\/media?parent=4890"}],"curies":[{"name":"wp","href":"https:\/\/api.w.org\/{rel}","templated":true}]}}