{"id":4885,"date":"2024-05-03T06:39:57","date_gmt":"2024-05-03T06:39:57","guid":{"rendered":"https:\/\/elfsight.com\/it\/?page_id=4885"},"modified":"2025-03-21T15:03:51","modified_gmt":"2025-03-21T15:03:51","slug":"google-sites","status":"publish","type":"page","link":"https:\/\/elfsight.com\/it\/job-board-widget\/google-sites\/","title":{"rendered":"Job Board &#8211; Google Sites"},"content":{"rendered":"\n<div class=\"application-platform-content-item-description application-platform-content-item\" id=\"description\" data-nav-section=\"description\"> <h2>Incorpora la bacheca di lavoro su Google Sites con il widget Elfsight<\/h2> <p>La nostra bacheca di lavoro per Google Sites \u00e8 un plugin eccezionale che ti assicura con l&#8217;opportunit\u00e0 di rivelare offerte di lavoro e ricevere CV dai candidati direttamente sul tuo sito web nel modo pi\u00f9 accessibile. Applicando il nostro nuovo strumento, sarai in grado di presentare la tua azienda, distribuire informazioni sulle posizioni aperte e raccogliere curriculum. Il widget ti consente di modellare una scheda di lavoro con una rappresentazione accurata e il pulsante Applica. L&#8217;utilizzo di Elfsight Job Board ti consente di facilitare il processo di reclutamento e di elaborare le risposte agli annunci di lavoro in pochi clic. <\/p> <p><b>Crea facilmente le offerte di lavoro e i pulsanti CTA pi\u00f9 allettanti per attirare pi\u00f9 potenziali assunti a lavorare con te<\/b><\/p> <\/div> <div class=\"application-platform-content-item-features application-platform-content-item\" id=\"features\" data-nav-section=\"features\"> <h2>Queste sono solo alcune delle molteplici funzionalit\u00e0 del plugin: <\/h2> <ul><li>Crea un collegamento Candidati per indirizzare i potenziali candidati alla pagina con i CV<\/li><li>Presenta i posti vacanti nel modo pi\u00f9 attraente<\/li><li>Aggiungi tutte le offerte di lavoro che desideri<\/li><li>Aggiungi numerosi dettagli sul lavoro: competenze necessarie, stipendio e titolo professionale<\/li><li>Fornisci informazioni sull&#8217;attivit\u00e0: dipartimento, nome e posizione<\/li><\/ul><p><a href=\"#demo\">Prova questa demo per comprendere la funzionalit\u00e0 del plugin<\/a><\/p> <\/div> <div class=\"application-platform-content-item-installation application-platform-content-item\" id=\"installation\" data-nav-section=\"installation\"> <h2>Come faccio a incorporare una bacheca di lavoro nel mio sito Google Sites? <\/h2> <p>Segui semplicemente i passaggi descritti di seguito per iniziare a utilizzare il plugin. <\/p> <ol><li><b>Utilizza il nostro configuratore gratuito e inizia a dare forma al tuo plugin personalizzato. <\/b><br> Trova il design e le caratteristiche desiderabili del plugin e salva le correzioni. <\/li> <li><b>Ricevi il codice individuale spuntando nell&#8217;apposito modulo su Elfsight Apps. <\/b><br> Subito dopo aver completato la configurazione del tuo strumento personale, copia il codice individuale nel popup visualizzato e conservalo per necessit\u00e0 successive. <\/li> <li><b>Inizia a utilizzare il plug-in sul tuo sito Google Sites. <\/b><br> Incolla il codice che hai copiato in precedenza nella tua pagina web e salva le modifiche. <\/li> <li><b>La configurazione \u00e8 completamente completata. <\/b><br> Visita il tuo sito web per vedere in azione il funzionamento del plugin. <\/li><\/ol> <div class=\"tip-yellow tip\"><b>A causa delle peculiarit\u00e0 del funzionamento di Google Sites, il widget potrebbe avere un aspetto diverso dalla demo online. Ci scusiamo per gli eventuali disagi causati.<\/b><\/div><p>Se riscontri degli ostacoli, non esitare a scrivere al nostro personale di supporto. Il nostro personale non vede l&#8217;ora di risolvere tutte le domande che potresti avere sul prodotto. <\/p> <div class=\"faq\" data-component=\"FAQ\"><div class=\"faq-item\">\r\n\t\t\t\t\t<div class=\"faq-item-question\">\r\n\t\t\t\t\t\t<h3 class=\"faq-item-question-text\">Esiste un modo per aggiungere una Job Board al mio sito Google Sites senza conoscenze di programmazione?<\/h3>\r\n\r\n\t\t\t\t\t\t<div class=\"faq-item-question-icon\"><\/div>\r\n\t\t\t\t\t<\/div>\r\n\r\n\t\t\t\t\t<div class=\"faq-item-answer\">\r\n\t\t\t\t\t\t<div class=\"faq-item-answer-text\"> <p>Elfsight fornisce una soluzione che ti consente di creare tu stesso un plug-in Job Board, scopri quanto \u00e8 semplice il processo: lavora direttamente nell&#8217;editor live per creare un widget della bacheca di lavoro che desideri includere nel tuo sito web di Google Sites. Fai clic su uno dei nostri modelli predefiniti e modifica le impostazioni della Job Board, cambia il layout e i colori e aggiungi i tuoi contenuti, senza codifica. Fai clic per salvare le impostazioni apportate alla Job Board e ottenere il relativo codice per l&#8217;incorporamento, che pu\u00f2 essere incorporato gratuitamente nella home page di Google Sites. Utilizzando il semplice configuratore, qualsiasi utente web pu\u00f2 generare una sezione della bacheca di lavoro e includerla facilmente in qualsiasi sito web di Google Sites. Non \u00e8 necessario sottoscrivere un abbonamento a pagamento o inviare le credenziali della carta per accedere a Elfsight Editor. Se incontri ostacoli di qualsiasi tipo, non esitare a metterti in contatto con il nostro personale di supporto.<\/p> <\/div>\r\n\t\t\t\t\t<\/div>\r\n\t\t\t\t<\/div> <\/div><\/div>\n","protected":false},"excerpt":{"rendered":"","protected":false},"author":9,"featured_media":0,"parent":2518,"menu_order":0,"comment_status":"closed","ping_status":"closed","template":"templates\/template-application-platform.php","meta":{"publish_to_discourse":"","publish_post_category":"","wpdc_auto_publish_overridden":"","wpdc_topic_tags":"","wpdc_pin_topic":"","wpdc_pin_until":"","discourse_post_id":"","discourse_permalink":"","wpdc_publishing_response":"","wpdc_publishing_error":"","footnotes":""},"class_list":["post-4885","page","type-page","status-publish","hentry"],"yoast_head":"<!-- This site is optimized with the Yoast SEO plugin v25.3.1 - https:\/\/yoast.com\/wordpress\/plugins\/seo\/ -->\n<title>Plug-in Job Board di Google Sites: aggiungi offerte di lavoro al tuo sito (2026)<\/title>\n<meta name=\"description\" content=\"Inserisci un plug-in reattivo per la Job Board sul tuo sito web di Google Sites e lascia che i tuoi potenziali dipendenti esplorino le opportunit\u00e0 di lavoro!\" \/>\n<meta name=\"robots\" content=\"index, follow, max-snippet:-1, max-image-preview:large, max-video-preview:-1\" \/>\n<link rel=\"canonical\" href=\"https:\/\/elfsight.com\/it\/job-board-widget\/google-sites\/\" \/>\n<meta property=\"og:locale\" content=\"it_IT\" \/>\n<meta property=\"og:type\" content=\"article\" \/>\n<meta property=\"og:title\" content=\"Plug-in Job Board di Google Sites: aggiungi offerte di lavoro al tuo sito (2026)\" \/>\n<meta property=\"og:description\" content=\"Inserisci un plug-in reattivo per la Job Board sul tuo sito web di Google Sites e lascia che i tuoi potenziali dipendenti esplorino le opportunit\u00e0 di lavoro!\" \/>\n<meta property=\"og:url\" content=\"https:\/\/elfsight.com\/it\/job-board-widget\/google-sites\/\" \/>\n<meta property=\"og:site_name\" content=\"Elfsight IT\" \/>\n<meta property=\"article:modified_time\" content=\"2025-03-21T15:03:51+00:00\" \/>\n<meta name=\"twitter:card\" content=\"summary_large_image\" \/>\n<meta name=\"twitter:label1\" content=\"Tempo di lettura stimato\" \/>\n\t<meta name=\"twitter:data1\" content=\"4 minuti\" \/>\n<!-- \/ Yoast SEO plugin. -->","yoast_head_json":{"title":"Plug-in Job Board di Google Sites: aggiungi offerte di lavoro al tuo sito (2026)","description":"Inserisci un plug-in reattivo per la Job Board sul tuo sito web di Google Sites e lascia che i tuoi potenziali dipendenti esplorino le opportunit\u00e0 di lavoro!","robots":{"index":"index","follow":"follow","max-snippet":"max-snippet:-1","max-image-preview":"max-image-preview:large","max-video-preview":"max-video-preview:-1"},"canonical":"https:\/\/elfsight.com\/it\/job-board-widget\/google-sites\/","og_locale":"it_IT","og_type":"article","og_title":"Plug-in Job Board di Google Sites: aggiungi offerte di lavoro al tuo sito (2026)","og_description":"Inserisci un plug-in reattivo per la Job Board sul tuo sito web di Google Sites e lascia che i tuoi potenziali dipendenti esplorino le opportunit\u00e0 di lavoro!","og_url":"https:\/\/elfsight.com\/it\/job-board-widget\/google-sites\/","og_site_name":"Elfsight IT","article_modified_time":"2025-03-21T15:03:51+00:00","twitter_card":"summary_large_image","twitter_misc":{"Tempo di lettura stimato":"4 minuti"},"schema":{"@context":"https:\/\/schema.org","@graph":[{"@type":"WebPage","@id":"https:\/\/elfsight.com\/it\/job-board-widget\/google-sites\/","url":"https:\/\/elfsight.com\/it\/job-board-widget\/google-sites\/","name":"Plug-in Job Board di Google Sites: aggiungi offerte di lavoro al tuo sito (2026)","isPartOf":{"@id":"https:\/\/elfsight.com\/it\/#website"},"datePublished":"2024-05-03T06:39:57+00:00","dateModified":"2025-03-21T15:03:51+00:00","description":"Inserisci un plug-in reattivo per la Job Board sul tuo sito web di Google Sites e lascia che i tuoi potenziali dipendenti esplorino le opportunit\u00e0 di lavoro!","breadcrumb":{"@id":"https:\/\/elfsight.com\/it\/job-board-widget\/google-sites\/#breadcrumb"},"inLanguage":"it-IT","potentialAction":[{"@type":"ReadAction","target":["https:\/\/elfsight.com\/it\/job-board-widget\/google-sites\/"]}]},{"@type":"BreadcrumbList","@id":"https:\/\/elfsight.com\/it\/job-board-widget\/google-sites\/#breadcrumb","itemListElement":[{"@type":"ListItem","position":1,"name":"Home","item":"https:\/\/elfsight.com\/it\/"},{"@type":"ListItem","position":2,"name":"Job Board","item":"https:\/\/elfsight.com\/it\/job-board-widget\/"},{"@type":"ListItem","position":3,"name":"Job Board &#8211; Google Sites"}]},{"@type":"WebSite","@id":"https:\/\/elfsight.com\/it\/#website","url":"https:\/\/elfsight.com\/it\/","name":"Elfsight IT","description":"Just another Elfsight Sites site","potentialAction":[{"@type":"SearchAction","target":{"@type":"EntryPoint","urlTemplate":"https:\/\/elfsight.com\/it\/?s={search_term_string}"},"query-input":{"@type":"PropertyValueSpecification","valueRequired":true,"valueName":"search_term_string"}}],"inLanguage":"it-IT"}]}},"meta_box":{"industry":"","seo_heading":"","heading":"","description":"","cta_heading":"","cta_description":"","application":"2517","h1":"Plug-in per la bacheca dei lavori di Google Sites","h1_caption":"Crea una bacheca di lavoro per elencare le posizioni aperte sul tuo sito web e attira facilmente potenziali candidati nei tuoi siti Google.","application_category":[],"applications_title":"","applications_request_title":"","applications_request_button_text":"","hero_text":"","hero_video":"","hero_video_schema_markup":"","selling_points_title":"","selling_points_caption":"","selling_points":[],"selling_points_cta_text":"","features_title":"","features":"","ed_cta_examples_text":"","ed_cta_examples_hidden":"","ed_cta_demo_text":"","ed_cta_demo_hidden":"","why_caption":"","why_editor_title":"","why_editor_text":"","why_team_title":"","why_team_text":"","why_service_title":"","why_service_text":"","template_catalog_visible":"0","template_catalog_title":"","template_catalog_text":"","template_catalog_categories_visible":"","demo_title":"Crea il tuo widget della bacheca di lavoro","demo_caption":"Configura la tua bacheca di lavoro e aggiungila gratuitamente al tuo sito web di Google Sites!","default_faq_hidden":"","app_template_category":[],"platform":"105","template_public_id":"","codecanyon_url":"","codecanyon_item_id":"","codecanyon_price":"","pricing_caption":"","pricing_elfsight_apps_hide_column":"","pricing_elfsight_apps_url":"","pricing_codecanyon_price_caption":"","integration_category":[],"integration_request_title":"","integration_request_cta":"","integration_platform":"","integrations":[],"platform_category":[],"video_schema_markup":"","price":"da $ 0 al mese","trial":"","benefits":[{"text":"Servizio di installazione gratuito"},{"text":"Supporto eccezionale"},{"text":"Garanzia di rimborso di 14 giorni"},{"text":"Sviluppo continuo"}],"button_url":"#demo","button_target_blank":"0","button_nofollow":"0","attributes":[{"name":"Installazioni"},{"name":"Reattivo","content":"S\u00cc"},{"name":"Browser compatibili","content":"Firefox, Safari, Opera, Chrome, Edge"}],"tags":[],"tags_disable_links":"0","hide_more_platforms":"0","video_object":"","demo_hide_cta":"0","demo_hide_cloud_options":"0","pricing_title":"","pricing":[{"pricing_icon":"platform","pricing_title":"Elfsight Apps","pricing_title_caption":"Software indipendente dalla piattaforma","pricing_price":"da $ 0 \/ mese","pricing_price_caption":"inizia con un piano gratuito","pricing_benefits":[{"text":"Siti web illimitati"},{"text":"Supporto dedicato e puntuale"},{"text":"Assistenza gratuita per l'installazione"},{"text":"Completamente personalizzabile"}],"pricing_button_text":"Aggiungi al sito web","pricing_button_url":"#demo"}],"related_apps_title":"","related_apps_hidden":"0","author":"","image":[],"title":"","job":"","social_networks":[]},"_links":{"self":[{"href":"https:\/\/elfsight.com\/it\/wp-json\/wp\/v2\/pages\/4885","targetHints":{"allow":["GET"]}}],"collection":[{"href":"https:\/\/elfsight.com\/it\/wp-json\/wp\/v2\/pages"}],"about":[{"href":"https:\/\/elfsight.com\/it\/wp-json\/wp\/v2\/types\/page"}],"author":[{"embeddable":true,"href":"https:\/\/elfsight.com\/it\/wp-json\/wp\/v2\/users\/9"}],"replies":[{"embeddable":true,"href":"https:\/\/elfsight.com\/it\/wp-json\/wp\/v2\/comments?post=4885"}],"version-history":[{"count":3,"href":"https:\/\/elfsight.com\/it\/wp-json\/wp\/v2\/pages\/4885\/revisions"}],"predecessor-version":[{"id":9716,"href":"https:\/\/elfsight.com\/it\/wp-json\/wp\/v2\/pages\/4885\/revisions\/9716"}],"up":[{"embeddable":true,"href":"https:\/\/elfsight.com\/it\/wp-json\/wp\/v2\/pages\/2518"}],"wp:attachment":[{"href":"https:\/\/elfsight.com\/it\/wp-json\/wp\/v2\/media?parent=4885"}],"curies":[{"name":"wp","href":"https:\/\/api.w.org\/{rel}","templated":true}]}}