{"id":4884,"date":"2024-05-03T06:39:56","date_gmt":"2024-05-03T06:39:56","guid":{"rendered":"https:\/\/elfsight.com\/it\/?page_id=4884"},"modified":"2024-11-11T11:25:41","modified_gmt":"2024-11-11T11:25:41","slug":"godaddy","status":"publish","type":"page","link":"https:\/\/elfsight.com\/it\/job-board-widget\/godaddy\/","title":{"rendered":"Job Board &#8211; GoDaddy"},"content":{"rendered":"<div class=\"application-platform-content-item-description application-platform-content-item\" id=\"description\" data-nav-section=\"description\"> <h2>Incorpora la bacheca dei lavori su GoDaddy con il widget Elfsight<\/h2> <p>La bacheca dei lavori \u00e8 uno strumento straordinario che ti garantisce l&#8217;opportunit\u00e0 di pubblica le offerte di lavoro aperte e raccogli i CV dei candidati sul tuo sito web nel modo pi\u00f9 semplice. Applicando il nostro nuovo plugin, potrai raccontare la tua attivit\u00e0, distribuire informazioni sulle opportunit\u00e0 di lavoro e ottenere curriculum. Il plugin ti offre la possibilit\u00e0 di modellare una scheda di lavoro con una descrizione dettagliata e un pulsante Applica. L&#8217;applicazione di Elfsight Job Board ti consente di facilitare il processo di reclutamento e di elaborare le risposte alle offerte di lavoro in 1-2-3!. <\/p> <p><b>Forma rapidamente le descrizioni delle offerte di lavoro e i pulsanti CTA pi\u00f9 attraenti per ispirare pi\u00f9 potenziali assunti a lavorare con te<\/b><\/p> <\/div> <div class=\"application-platform-content-item-features application-platform-content-item\" id=\"features\" data-nav-section=\"features\"> <h2>Ecco le caratteristiche essenziali del plugin: <\/h2> <ul><li>Aggiungi un collegamento Candidati per indirizzare i potenziali candidati alla pagina che raccoglie i CV<\/li><li>Visualizza le offerte di lavoro nel modo pi\u00f9 affascinante<\/li><li>Aggiungi tutti i lavori che desideri<\/li><li>Descrivi accuratamente il lavoro e parla di: stipendio, competenze richieste e titolo professionale<\/li><li>Fornisci informazioni sulla tua azienda: la sua nome, posizione e dipartimento<\/li><\/ul><p><a href=\"#demo\">Puoi scoprire tutte le funzionalit\u00e0 del plugin nella demo <\/a><\/p> <\/div> <div class=\"application-platform-content-item-installation application-platform-content-item\" id=\"installation\" data-nav-section=\"installation\"> <h2>Come incorporare la bacheca dei lavori nella mia pagina web GoDaddy? <\/h2> <p>Basta applicare le istruzioni seguenti per iniziare a lavorare con il plugin. <\/p> <ol><li><b>Esegui la nostra demo gratuita e inizia a creare il tuo strumento personalizzato. <\/b><br> Specifica il layout e le specifiche preferibili del plugin e salva le modifiche. <\/li> <li><b>Ricevi il codice personale mostrato nella finestra su Elfsight Apps. <\/b><br> Subito dopo aver completato la personalizzazione del tuo plugin, copia il codice esclusivo dalla casella visualizzata e salvalo per un utilizzo successivo. <\/li> <li><b>Inizia a utilizzare il plug-in sulla pagina web di GoDaddy. <\/b><br> Inserisci il codice che hai salvato in precedenza nel tuo sito web e salva le modifiche. <\/li> <li><b>L&#8217;installazione \u00e8 terminata con successo. <\/b><br> Vai al tuo sito web per verificare come funziona il plug-in. <\/li><\/ol> <p>Se riscontri alcune difficolt\u00e0, rivolgiti al nostro team di supporto. I nostri consulenti non vedono l&#8217;ora di aiutarti con tutti i problemi che potresti avere con lo strumento. <\/p> <div class=\"faq\" data-component=\"FAQ\"><div class=\"faq-item\">\r\n\t\t\t\t\t<div class=\"faq-item-question\">\r\n\t\t\t\t\t\t<h3 class=\"faq-item-question-text\">In che modo posso aggiungere una bacheca di lavoro al mio sito GoDaddy senza esperienza di programmazione?<\/h3>\r\n\r\n\t\t\t\t\t\t<div class=\"faq-item-question-icon\"><\/div>\r\n\t\t\t\t\t<\/div>\r\n\r\n\t\t\t\t\t<div class=\"faq-item-answer\">\r\n\t\t\t\t\t\t<div class=\"faq-item-answer-text\"> <p>La societ\u00e0 Elfsight offre una soluzione SaaS che ti consente di creare tu stesso una sezione della bacheca di lavoro, segui le semplici istruzioni: Inizia a lavorare direttamente nell&#8217;editor online per generare una sezione della bacheca di lavoro che desideri aggiungere sul tuo sito web GoDaddy. Fai clic su uno dei modelli predefiniti e modifica le impostazioni della Job Board, cambia il layout e la combinazione di colori e aggiorna i tuoi contenuti, senza competenze di codifica. Fai clic per salvare la bacheca dei lavori e ottenere il codice per l&#8217;incorporamento, che puoi semplicemente includere in qualsiasi pagina web di GoDaddy senza dover acquistare un abbonamento a pagamento. Con l&#8217;aiuto dell&#8217;editor intuitivo, qualsiasi utente web pu\u00f2 creare un&#8217;app Job Board e incollarla facilmente nella home page di GoDaddy. Non \u00e8 necessario sottoscrivere un abbonamento a pagamento o inserire i dati della tua carta per accedere a Elfsight Editor. Se riscontri problemi in qualsiasi momento, vai avanti e contatta il nostro staff di supporto.<\/p> <\/div>\r\n\t\t\t\t\t<\/div>\r\n\t\t\t\t<\/div> <\/div><\/div>","protected":false},"excerpt":{"rendered":"","protected":false},"author":9,"featured_media":0,"parent":2518,"menu_order":0,"comment_status":"closed","ping_status":"closed","template":"templates\/template-application-platform.php","meta":{"publish_to_discourse":"","publish_post_category":"","wpdc_auto_publish_overridden":"","wpdc_topic_tags":"","wpdc_pin_topic":"","wpdc_pin_until":"","discourse_post_id":"","discourse_permalink":"","wpdc_publishing_response":"","wpdc_publishing_error":"","footnotes":""},"class_list":["post-4884","page","type-page","status-publish","hentry"],"yoast_head":"<!-- This site is optimized with the Yoast SEO plugin v25.3.1 - https:\/\/yoast.com\/wordpress\/plugins\/seo\/ -->\n<title>Plug-in Job Board: aggiungi il plug-in Job Board al sito Web di GoDaddy!<\/title>\n<meta name=\"description\" content=\"Incorpora un plug-in reattivo per la bacheca di lavoro sul tuo sito web GoDaddy e lascia che i potenziali lavoratori esplorino le opportunit\u00e0 di lavoro!\" \/>\n<meta name=\"robots\" content=\"index, follow, max-snippet:-1, max-image-preview:large, max-video-preview:-1\" \/>\n<link rel=\"canonical\" href=\"https:\/\/elfsight.com\/it\/job-board-widget\/godaddy\/\" \/>\n<meta property=\"og:locale\" content=\"it_IT\" \/>\n<meta property=\"og:type\" content=\"article\" \/>\n<meta property=\"og:title\" content=\"Plug-in Job Board: aggiungi il plug-in Job Board al sito Web di GoDaddy!\" \/>\n<meta property=\"og:description\" content=\"Incorpora un plug-in reattivo per la bacheca di lavoro sul tuo sito web GoDaddy e lascia che i potenziali lavoratori esplorino le opportunit\u00e0 di lavoro!\" \/>\n<meta property=\"og:url\" content=\"https:\/\/elfsight.com\/it\/job-board-widget\/godaddy\/\" \/>\n<meta property=\"og:site_name\" content=\"Elfsight IT\" \/>\n<meta property=\"article:modified_time\" content=\"2024-11-11T11:25:41+00:00\" \/>\n<meta name=\"twitter:card\" content=\"summary_large_image\" \/>\n<meta name=\"twitter:label1\" content=\"Tempo di lettura stimato\" \/>\n\t<meta name=\"twitter:data1\" content=\"3 minuti\" \/>\n<!-- \/ Yoast SEO plugin. -->","yoast_head_json":{"title":"Plug-in Job Board: aggiungi il plug-in Job Board al sito Web di GoDaddy!","description":"Incorpora un plug-in reattivo per la bacheca di lavoro sul tuo sito web GoDaddy e lascia che i potenziali lavoratori esplorino le opportunit\u00e0 di lavoro!","robots":{"index":"index","follow":"follow","max-snippet":"max-snippet:-1","max-image-preview":"max-image-preview:large","max-video-preview":"max-video-preview:-1"},"canonical":"https:\/\/elfsight.com\/it\/job-board-widget\/godaddy\/","og_locale":"it_IT","og_type":"article","og_title":"Plug-in Job Board: aggiungi il plug-in Job Board al sito Web di GoDaddy!","og_description":"Incorpora un plug-in reattivo per la bacheca di lavoro sul tuo sito web GoDaddy e lascia che i potenziali lavoratori esplorino le opportunit\u00e0 di lavoro!","og_url":"https:\/\/elfsight.com\/it\/job-board-widget\/godaddy\/","og_site_name":"Elfsight IT","article_modified_time":"2024-11-11T11:25:41+00:00","twitter_card":"summary_large_image","twitter_misc":{"Tempo di lettura stimato":"3 minuti"},"schema":{"@context":"https:\/\/schema.org","@graph":[{"@type":"WebPage","@id":"https:\/\/elfsight.com\/it\/job-board-widget\/godaddy\/","url":"https:\/\/elfsight.com\/it\/job-board-widget\/godaddy\/","name":"Plug-in Job Board: aggiungi il plug-in Job Board al sito Web di GoDaddy!","isPartOf":{"@id":"https:\/\/elfsight.com\/it\/#website"},"datePublished":"2024-05-03T06:39:56+00:00","dateModified":"2024-11-11T11:25:41+00:00","description":"Incorpora un plug-in reattivo per la bacheca di lavoro sul tuo sito web GoDaddy e lascia che i potenziali lavoratori esplorino le opportunit\u00e0 di lavoro!","breadcrumb":{"@id":"https:\/\/elfsight.com\/it\/job-board-widget\/godaddy\/#breadcrumb"},"inLanguage":"it-IT","potentialAction":[{"@type":"ReadAction","target":["https:\/\/elfsight.com\/it\/job-board-widget\/godaddy\/"]}]},{"@type":"BreadcrumbList","@id":"https:\/\/elfsight.com\/it\/job-board-widget\/godaddy\/#breadcrumb","itemListElement":[{"@type":"ListItem","position":1,"name":"Home","item":"https:\/\/elfsight.com\/it\/"},{"@type":"ListItem","position":2,"name":"Job Board","item":"https:\/\/elfsight.com\/it\/job-board-widget\/"},{"@type":"ListItem","position":3,"name":"Job Board &#8211; GoDaddy"}]},{"@type":"WebSite","@id":"https:\/\/elfsight.com\/it\/#website","url":"https:\/\/elfsight.com\/it\/","name":"Elfsight IT","description":"Just another Elfsight Sites site","potentialAction":[{"@type":"SearchAction","target":{"@type":"EntryPoint","urlTemplate":"https:\/\/elfsight.com\/it\/?s={search_term_string}"},"query-input":{"@type":"PropertyValueSpecification","valueRequired":true,"valueName":"search_term_string"}}],"inLanguage":"it-IT"}]}},"meta_box":{"industry":"","seo_heading":"","heading":"","description":"","cta_heading":"","cta_description":"","application":"2517","h1":"Plug-in per la bacheca di lavoro di GoDaddy","h1_caption":"Crea una bacheca di lavoro per elencare le posizioni aperte sul tuo sito web e attira facilmente potenziali candidati nel tuo sito web GoDaddy.","application_category":[],"applications_title":"","applications_request_title":"","applications_request_button_text":"","hero_text":"","hero_video":"","hero_video_schema_markup":"","selling_points_title":"","selling_points_caption":"","selling_points":[],"selling_points_cta_text":"","features_title":"","features":"","ed_cta_examples_text":"","ed_cta_examples_hidden":"","ed_cta_demo_text":"","ed_cta_demo_hidden":"","why_caption":"","why_editor_title":"","why_editor_text":"","why_team_title":"","why_team_text":"","why_service_title":"","why_service_text":"","template_catalog_visible":"","template_catalog_title":"","template_catalog_text":"","template_catalog_categories_visible":"","demo_title":"Crea il tuo plugin per la Job Board","demo_caption":"Configura la tua bacheca di lavoro e aggiungila gratuitamente al tuo sito web GoDaddy!","default_faq_hidden":"","app_template_category":[],"platform":"53","template_public_id":"","codecanyon_url":"","codecanyon_item_id":"","codecanyon_price":"","pricing_caption":"","pricing_elfsight_apps_hide_column":"","pricing_elfsight_apps_url":"","pricing_codecanyon_price_caption":"","integration_category":[],"integration_request_title":"","integration_request_cta":"","integration_platform":"","integrations":[],"platform_category":[],"video_schema_markup":"","price":"da $ 0 al mese","trial":"","benefits":[{"text":"Servizio di installazione gratuito"},{"text":"Supporto eccezionale"},{"text":"Garanzia di rimborso di 14 giorni"},{"text":"Aggiornamenti futuri"}],"button_url":"#demo","button_target_blank":"","button_nofollow":"","attributes":[{"name":"Installazioni"},{"name":"Reattivo","content":"S\u00cc"},{"name":"Browser compatibili","content":"Firefox, Safari, Opera, Chrome, Edge"}],"tags":[],"tags_disable_links":"","hide_more_platforms":"","video_object":"","demo_hide_cta":"","demo_hide_cloud_options":"","pricing_title":"","pricing":[{"pricing_icon":"platform","pricing_title":"Elfsight Apps","pricing_title_caption":"Software indipendente dalla piattaforma adatto a qualsiasi sito web","pricing_price":"da $ 0 \/ mese","pricing_price_caption":"inizia con il piano gratuito","pricing_benefits":[{"text":"Siti web illimitati"},{"text":"Supporto professionale e puntuale"},{"text":"Servizio di installazione gratuito"},{"text":"Completamente personalizzabile"}],"pricing_button_text":"Aggiungi al sito web","pricing_button_url":"#demo"}],"related_apps_title":"","related_apps_hidden":"","author":"","image":[],"title":"","job":"","social_networks":[]},"_links":{"self":[{"href":"https:\/\/elfsight.com\/it\/wp-json\/wp\/v2\/pages\/4884","targetHints":{"allow":["GET"]}}],"collection":[{"href":"https:\/\/elfsight.com\/it\/wp-json\/wp\/v2\/pages"}],"about":[{"href":"https:\/\/elfsight.com\/it\/wp-json\/wp\/v2\/types\/page"}],"author":[{"embeddable":true,"href":"https:\/\/elfsight.com\/it\/wp-json\/wp\/v2\/users\/9"}],"replies":[{"embeddable":true,"href":"https:\/\/elfsight.com\/it\/wp-json\/wp\/v2\/comments?post=4884"}],"version-history":[{"count":1,"href":"https:\/\/elfsight.com\/it\/wp-json\/wp\/v2\/pages\/4884\/revisions"}],"predecessor-version":[{"id":4888,"href":"https:\/\/elfsight.com\/it\/wp-json\/wp\/v2\/pages\/4884\/revisions\/4888"}],"up":[{"embeddable":true,"href":"https:\/\/elfsight.com\/it\/wp-json\/wp\/v2\/pages\/2518"}],"wp:attachment":[{"href":"https:\/\/elfsight.com\/it\/wp-json\/wp\/v2\/media?parent=4884"}],"curies":[{"name":"wp","href":"https:\/\/api.w.org\/{rel}","templated":true}]}}