{"id":4869,"date":"2024-05-03T06:39:49","date_gmt":"2024-05-03T06:39:49","guid":{"rendered":"https:\/\/elfsight.com\/it\/?page_id=4869"},"modified":"2025-03-12T10:23:11","modified_gmt":"2025-03-12T10:23:11","slug":"jquery","status":"publish","type":"page","link":"https:\/\/elfsight.com\/it\/instagram-feed-instashow\/jquery\/","title":{"rendered":"Instagram Feed &#8211; jQuery"},"content":{"rendered":"\n<div class=\"application-platform-content-item-description application-platform-content-item\" id=\"description\" data-nav-section=\"description\"> <h2>Incorpora Instagram in jQuery con il plugin Elfsight<\/h2> <p>InstaShow \u00e8 un potente plugin per Instagram, che permette di progettare meravigliosi portfolio a partire da Immagini e video di Instagram. Una grande quantit\u00e0 di varianti di personalizzazione del tuo profilo: tutti i tipi di fonti, filtri di feed, pi\u00f9 di 70 funzioni personalizzabili e 10 schemi di design e aggettivi al 100% per tutti i dispositivi.<\/p><p><b>Utilizza un plugin completamente reattivo e utile, per coinvolgere i lettori del tuo sito a colpo d&#8217;occhio.<\/b><\/p><ul><li><b>Indice delle transazioni sali di livello<\/b><br>Mostra i tuoi beni o servizi tramite immagini da Instagram utilizzando hashtag, posizioni, pagina o tramite un URL specifico, per raddoppiare le entrate del tuo sito web.<\/li><li><b>Pi\u00f9 iscritti su Instagram<\/b><br>Crea pulsanti speciali con una chiamata per abbonarsi e aumentare il numero di fan del tuo profilo Instagram.<\/li><li><b>Miglior coinvolgimento dei lettori<\/b><br>Attira visitatori e suscita il massimo delle impressioni degli utenti, utilizzando le immagini di Instagram, per avere forte coinvolgimento.<\/li><\/ul><div class=\"faq\" data-component=\"FAQ\"><div class=\"faq-item\">\r\n\t\t\t\t\t<div class=\"faq-item-question\">\r\n\t\t\t\t\t\t<h3 class=\"faq-item-question-text\">Posso testare il widget Feed di Instagram in azione?<\/h3>\r\n\r\n\t\t\t\t\t\t<div class=\"faq-item-question-icon\"><\/div>\r\n\t\t\t\t\t<\/div>\r\n\r\n\t\t\t\t\t<div class=\"faq-item-answer\">\r\n\t\t\t\t\t\t<div class=\"faq-item-answer-text\"> <p>S\u00ec, puoi provare facilmente tutti i fantastici vantaggi del widget in un <a href=\"#demo\">demo<\/a> online gratuita. \u00c8 visivo e non richiede alcuna capacit\u00e0 di programmazione. Inoltre, non \u00e8 nemmeno necessario registrarsi al nostro servizio.<\/p><\/div>\r\n\t\t\t\t\t<\/div>\r\n\t\t\t\t<\/div><div class=\"faq-item\">\r\n\t\t\t\t\t<div class=\"faq-item-question\">\r\n\t\t\t\t\t\t<h3 class=\"faq-item-question-text\">Come incorporare gratuitamente il feed Instagram di Elfsight su jQuery?<\/h3>\r\n\r\n\t\t\t\t\t\t<div class=\"faq-item-question-icon\"><\/div>\r\n\t\t\t\t\t<\/div>\r\n\r\n\t\t\t\t\t<div class=\"faq-item-answer\">\r\n\t\t\t\t\t\t<div class=\"faq-item-answer-text\"><ol><p>Implementare un feed Instagram nel tuo progetto jQuery \u00e8 una tecnica eccellente per visualizzare i tuoi post pi\u00f9 recenti e aumentare il coinvolgimento degli utenti.<\/p><ol><li>Per incorporare gratuitamente un feed Instagram Elfsight con jQuery, accedi al sito Web Elfsight e registrati per un account a costo zero.<\/li><li>Sfrutta al massimo il widget gratuito di Instagram personalizzandone l&#8217;aspetto e le impostazioni per adattarlo ai requisiti di progettazione del tuo progetto jQuery.<\/li><li>Dopo aver ottimizzato il tuo feed Instagram per gratuitamente, copia il codice di incorporamento esclusivo e incollalo nel tuo codice jQuery nel punto in cui desideri che venga presentato il feed.<\/li><\/ol><p>Incorporando il tuo feed Instagram nel tuo progetto jQuery, ne arricchirai la grafica attrarre e mantenere il coinvolgimento attivo degli utenti. Scopri i vantaggi del widget Instagram Elfsight senza alcun impegno economico!<\/p><\/ol><\/div>\r\n\t\t\t\t\t<\/div>\r\n\t\t\t\t<\/div><\/div><\/div><div class=\"application-platform-content-item-features application-platform-content-item\" id=\"features\" data-nav-section=\"features\"> <h2>Caratteristiche principali del Feed Instagram widget<\/h2> <p>Le caratteristiche di base del nostro plugin, che lo convertono nel miglior strumento jQuery per l&#8217;inserimento di Instagram:<\/p> <ul><li>60+ parametri regolabili;<\/li><li> Combinazioni illimitate di fonti Instagram<\/li><li>10 combinazioni di colori;<\/li><li>Design Retina ready.<\/li><\/ul><p><a href=\"#demo\">Pi\u00f9 opzioni in la nostra demo<\/a><\/p><p><a href=\"https:\/\/elfsight.com\/blog\/how-to-embed-instagram-feed-on-website\/\">Sito web di Instagram<\/a> Il plugin jQuery pu\u00f2 aiutarti a raggiungere gli obiettivi pi\u00f9 ambiziosi. Ad esempio, puoi <strong>aumentare il tempo che le persone trascorrono<\/strong> sul tuo sito web, perch\u00e9 si fermeranno con entusiasmo al tuo widget Instagram, scorrendo e facendo clic sui controlli. Inoltre, puoi <strong>espandere la base di follower<\/strong> con un CTA.<\/p> <\/div><div class=\"application-platform-content-item-installation application-platform-content-item\" id=\"installation\" data-nav-section=\"installation\"> <h2>Come posso aggiungere il feed di Instagram al mio sito web jQuery? <\/h2><p>Segui semplicemente le linee guida seguenti per attivare il plug-in.<\/p><ol><li><b>Utilizza il nostro configuratore gratuito e inizia a creare il tuo plug-in.<\/b><br> Determina il design personalizzato e le specifiche del widget e salva le modifiche.<\/li> <li><b>Ricevi il codice univoco visualizzato nella casella delle app Elfsight. <\/b><br> Una volta completata la creazione del tuo widget personale, copia il codice esclusivo dalla finestra visualizzata e salvalo per un utilizzo futuro.<\/li> <li><b>Continua a utilizzare il plugin sul tuo jQuery pagina.<\/b><br> Incorpora il codice salvato di recente nella tua pagina e salva le modifiche.<\/li> <li><b>L&#8217;installazione \u00e8 stata completata con successo.<\/b><br> Vai alla tua pagina web su osserva come funziona il plugin.<\/li><\/ol> <p>Se riscontri degli ostacoli, rivolgiti al nostro team di assistenza clienti. Il nostro personale non vede l&#8217;ora di aiutarti con tutti i problemi che potresti riscontrare con il plugin.<\/p><\/div>\n","protected":false},"excerpt":{"rendered":"","protected":false},"author":9,"featured_media":0,"parent":839,"menu_order":0,"comment_status":"closed","ping_status":"closed","template":"templates\/template-application-platform.php","meta":{"publish_to_discourse":"","publish_post_category":"","wpdc_auto_publish_overridden":"","wpdc_topic_tags":"","wpdc_pin_topic":"","wpdc_pin_until":"","discourse_post_id":"","discourse_permalink":"","wpdc_publishing_response":"","wpdc_publishing_error":"","footnotes":""},"class_list":["post-4869","page","type-page","status-publish","hentry"],"yoast_head":"<!-- This site is optimized with the Yoast SEO plugin v25.3.1 - https:\/\/yoast.com\/wordpress\/plugins\/seo\/ -->\n<title>Incorpora il feed di Instagram con jquery: aggiungi Instagram a un sito web in 2 minuti!<\/title>\n<meta name=\"description\" content=\"Prova gratuitamente il miglior feed Instagram per il sito Web jQuery! Costruisci il tuo plugin Instagram InstaShow reattivo su Elfsight solo in 1 minuto.\" \/>\n<meta name=\"robots\" content=\"index, follow, max-snippet:-1, max-image-preview:large, max-video-preview:-1\" \/>\n<link rel=\"canonical\" href=\"https:\/\/elfsight.com\/it\/instagram-feed-instashow\/jquery\/\" \/>\n<meta property=\"og:locale\" content=\"it_IT\" \/>\n<meta property=\"og:type\" content=\"article\" \/>\n<meta property=\"og:title\" content=\"Incorpora il feed di Instagram con jquery: aggiungi Instagram a un sito web in 2 minuti!\" \/>\n<meta property=\"og:description\" content=\"Prova gratuitamente il miglior feed Instagram per il sito Web jQuery! Costruisci il tuo plugin Instagram InstaShow reattivo su Elfsight solo in 1 minuto.\" \/>\n<meta property=\"og:url\" content=\"https:\/\/elfsight.com\/it\/instagram-feed-instashow\/jquery\/\" \/>\n<meta property=\"og:site_name\" content=\"Elfsight IT\" \/>\n<meta property=\"article:modified_time\" content=\"2025-03-12T10:23:11+00:00\" \/>\n<meta name=\"twitter:card\" content=\"summary_large_image\" \/>\n<meta name=\"twitter:label1\" content=\"Tempo di lettura stimato\" \/>\n\t<meta name=\"twitter:data1\" content=\"4 minuti\" \/>\n<!-- \/ Yoast SEO plugin. -->","yoast_head_json":{"title":"Incorpora il feed di Instagram con jquery: aggiungi Instagram a un sito web in 2 minuti!","description":"Prova gratuitamente il miglior feed Instagram per il sito Web jQuery! Costruisci il tuo plugin Instagram InstaShow reattivo su Elfsight solo in 1 minuto.","robots":{"index":"index","follow":"follow","max-snippet":"max-snippet:-1","max-image-preview":"max-image-preview:large","max-video-preview":"max-video-preview:-1"},"canonical":"https:\/\/elfsight.com\/it\/instagram-feed-instashow\/jquery\/","og_locale":"it_IT","og_type":"article","og_title":"Incorpora il feed di Instagram con jquery: aggiungi Instagram a un sito web in 2 minuti!","og_description":"Prova gratuitamente il miglior feed Instagram per il sito Web jQuery! Costruisci il tuo plugin Instagram InstaShow reattivo su Elfsight solo in 1 minuto.","og_url":"https:\/\/elfsight.com\/it\/instagram-feed-instashow\/jquery\/","og_site_name":"Elfsight IT","article_modified_time":"2025-03-12T10:23:11+00:00","twitter_card":"summary_large_image","twitter_misc":{"Tempo di lettura stimato":"4 minuti"},"schema":{"@context":"https:\/\/schema.org","@graph":[{"@type":"WebPage","@id":"https:\/\/elfsight.com\/it\/instagram-feed-instashow\/jquery\/","url":"https:\/\/elfsight.com\/it\/instagram-feed-instashow\/jquery\/","name":"Incorpora il feed di Instagram con jquery: aggiungi Instagram a un sito web in 2 minuti!","isPartOf":{"@id":"https:\/\/elfsight.com\/it\/#website"},"datePublished":"2024-05-03T06:39:49+00:00","dateModified":"2025-03-12T10:23:11+00:00","description":"Prova gratuitamente il miglior feed Instagram per il sito Web jQuery! Costruisci il tuo plugin Instagram InstaShow reattivo su Elfsight solo in 1 minuto.","breadcrumb":{"@id":"https:\/\/elfsight.com\/it\/instagram-feed-instashow\/jquery\/#breadcrumb"},"inLanguage":"it-IT","potentialAction":[{"@type":"ReadAction","target":["https:\/\/elfsight.com\/it\/instagram-feed-instashow\/jquery\/"]}]},{"@type":"BreadcrumbList","@id":"https:\/\/elfsight.com\/it\/instagram-feed-instashow\/jquery\/#breadcrumb","itemListElement":[{"@type":"ListItem","position":1,"name":"Home","item":"https:\/\/elfsight.com\/it\/"},{"@type":"ListItem","position":2,"name":"Instagram Feed","item":"https:\/\/elfsight.com\/it\/instagram-feed-instashow\/"},{"@type":"ListItem","position":3,"name":"Instagram Feed &#8211; jQuery"}]},{"@type":"WebSite","@id":"https:\/\/elfsight.com\/it\/#website","url":"https:\/\/elfsight.com\/it\/","name":"Elfsight IT","description":"Just another Elfsight Sites site","potentialAction":[{"@type":"SearchAction","target":{"@type":"EntryPoint","urlTemplate":"https:\/\/elfsight.com\/it\/?s={search_term_string}"},"query-input":{"@type":"PropertyValueSpecification","valueRequired":true,"valueName":"search_term_string"}}],"inLanguage":"it-IT"}]}},"meta_box":{"industry":"","seo_heading":"","heading":"","description":"","cta_heading":"","cta_description":"","application":"832","h1":"Plug-in jQuery per feed Instagram","h1_caption":"Aggiungi post dal tuo account Instagram o tramite hashtag, fornendo il modo migliore per mostrare facilmente un feed Instagram dinamico sul tuo sito Web nel tuo sito Web Joomla.","application_category":[],"applications_title":"","applications_request_title":"","applications_request_button_text":"","hero_text":"","hero_video":"","hero_video_schema_markup":"","selling_points_title":"","selling_points_caption":"","selling_points":[],"selling_points_cta_text":"","features_title":"","features":"","ed_cta_examples_text":"","ed_cta_examples_hidden":"","ed_cta_demo_text":"","ed_cta_demo_hidden":"","why_caption":"","why_editor_title":"","why_editor_text":"","why_team_title":"","why_team_text":"","why_service_title":"","why_service_text":"","template_catalog_visible":"0","template_catalog_title":"","template_catalog_text":"","template_catalog_categories_visible":"","demo_title":"Crea il tuo plugin per il feed di Instagram","demo_caption":"Configura il tuo feed Instagram e aggiungilo gratuitamente al tuo sito Web jQuery!","default_faq_hidden":"","app_template_category":[],"platform":"37","template_public_id":"","codecanyon_url":"","codecanyon_item_id":"","codecanyon_price":"","pricing_caption":"","pricing_elfsight_apps_hide_column":"","pricing_elfsight_apps_url":"","pricing_codecanyon_price_caption":"","integration_category":[],"integration_request_title":"","integration_request_cta":"","integration_platform":"","integrations":[],"platform_category":[],"video_schema_markup":"","price":"da $ 0 al mese","trial":"","benefits":[{"text":"Servizio di installazione gratuito"},{"text":"Servizio clienti efficace"},{"text":"Garanzia di rimborso di 14 giorni"},{"text":"Aggiornamenti continui"}],"button_url":"#demo","button_target_blank":"0","button_nofollow":"0","attributes":[{"name":"Installazioni"},{"name":"Reattivo","content":"S\u00cc"},{"name":"Browser compatibili","content":"Opera, Chrome, Firefox, Safari, Edge"}],"tags":[],"tags_disable_links":"0","hide_more_platforms":"0","video_object":"","demo_hide_cta":"0","demo_hide_cloud_options":"0","pricing_title":"","pricing":[{"pricing_icon":"platform","pricing_title":"Elfsight Apps","pricing_title_caption":"Software indipendente dalla piattaforma","pricing_price":"da $ 0 \/ mese","pricing_price_caption":"inizia con un piano gratuito","pricing_benefits":[{"text":"Siti web illimitati"},{"text":"Supporto aziendale 24 ore su 24, 7 giorni su 7"},{"text":"Assistenza gratuita per l'installazione"},{"text":"Completamente personalizzabile"}],"pricing_button_text":"Aggiungi al sito web","pricing_button_url":"#demo"}],"related_apps_title":"","related_apps_hidden":"0","author":"","image":[],"title":"","job":"","social_networks":[]},"_links":{"self":[{"href":"https:\/\/elfsight.com\/it\/wp-json\/wp\/v2\/pages\/4869","targetHints":{"allow":["GET"]}}],"collection":[{"href":"https:\/\/elfsight.com\/it\/wp-json\/wp\/v2\/pages"}],"about":[{"href":"https:\/\/elfsight.com\/it\/wp-json\/wp\/v2\/types\/page"}],"author":[{"embeddable":true,"href":"https:\/\/elfsight.com\/it\/wp-json\/wp\/v2\/users\/9"}],"replies":[{"embeddable":true,"href":"https:\/\/elfsight.com\/it\/wp-json\/wp\/v2\/comments?post=4869"}],"version-history":[{"count":2,"href":"https:\/\/elfsight.com\/it\/wp-json\/wp\/v2\/pages\/4869\/revisions"}],"predecessor-version":[{"id":8573,"href":"https:\/\/elfsight.com\/it\/wp-json\/wp\/v2\/pages\/4869\/revisions\/8573"}],"up":[{"embeddable":true,"href":"https:\/\/elfsight.com\/it\/wp-json\/wp\/v2\/pages\/839"}],"wp:attachment":[{"href":"https:\/\/elfsight.com\/it\/wp-json\/wp\/v2\/media?parent=4869"}],"curies":[{"name":"wp","href":"https:\/\/api.w.org\/{rel}","templated":true}]}}