{"id":4866,"date":"2024-05-03T06:39:46","date_gmt":"2024-05-03T06:39:46","guid":{"rendered":"https:\/\/elfsight.com\/it\/?page_id=4866"},"modified":"2024-09-16T11:57:25","modified_gmt":"2024-09-16T11:57:25","slug":"lightspeed","status":"publish","type":"page","link":"https:\/\/elfsight.com\/it\/instagram-feed-instashow\/lightspeed\/","title":{"rendered":"InstaShow Lightspeed"},"content":{"rendered":"<div class=\"application-platform-content-item-description application-platform-content-item\" id=\"description\" data-nav-section=\"description\"> <h2>Descrizione<\/h2><p>InstaShow \u00e8 un plugin Instagram reattivo, che consente di generare meravigliose gallerie da foto e video di Instagram. Una quantit\u00e0 infinita di varianti di personalizzazione della tua pagina personale: tutti i tipi di fonti, ordinamento dei post, pi\u00f9 di 60 opzioni personalizzabili e 10 varianti di layout e 100% adattabile per tutte le risoluzioni. Utilizza un plugin completamente reattivo e utile, per attirare gli utenti del tuo sito web in un lampo. <\/p><div class=\"faq\" data-component=\"FAQ\"> <div class=\"faq-item\">\r\n\t\t\t\t\t<div class=\"faq-item-question\">\r\n\t\t\t\t\t\t<h3 class=\"faq-item-question-text\">Il widget \u00e8 compatibile con gli smartphone? <\/h3>\r\n\r\n\t\t\t\t\t\t<div class=\"faq-item-question-icon\"><\/div>\r\n\t\t\t\t\t<\/div>\r\n\r\n\t\t\t\t\t<div class=\"faq-item-answer\">\r\n\t\t\t\t\t\t<div class=\"faq-item-answer-text\"><p>Certo! I tuoi utenti vivranno un&#8217;esperienza fantastica, indipendentemente dal tipo di strumento che utilizzano, dal desktop allo smartphone. <\/p><\/div>\r\n\t\t\t\t\t<\/div>\r\n\t\t\t\t<\/div><div class=\"faq-item\">\r\n\t\t\t\t\t<div class=\"faq-item-question\">\r\n\t\t\t\t\t\t<h3 class=\"faq-item-question-text\">Posso lavorare gratuitamente con il plugin? <\/h3>\r\n\r\n\t\t\t\t\t\t<div class=\"faq-item-question-icon\"><\/div>\r\n\t\t\t\t\t<\/div>\r\n\r\n\t\t\t\t\t<div class=\"faq-item-answer\">\r\n\t\t\t\t\t\t<div class=\"faq-item-answer-text\"><p>S\u00ec, suggeriamo diversi piani tariffari di cui uno gratuito. Nel caso in cui desideri un set di funzionalit\u00e0 pi\u00f9 ampio, sei libero di aggiornare il tuo piano in qualsiasi momento. <\/p><\/div>\r\n\t\t\t\t\t<\/div>\r\n\t\t\t\t<\/div><div class=\"faq-item\">\r\n\t\t\t\t\t<div class=\"faq-item-question\">\r\n\t\t\t\t\t\t<h3 class=\"faq-item-question-text\">Il tuo widget corrisponde al tema applicato dal mio sito web?<\/h3>\r\n\r\n\t\t\t\t\t\t<div class=\"faq-item-question-icon\"><\/div>\r\n\t\t\t\t\t<\/div>\r\n\r\n\t\t\t\t\t<div class=\"faq-item-answer\">\r\n\t\t\t\t\t\t<div class=\"faq-item-answer-text\"><p>Certamente! Lo strumento \u00e8 assolutamente compatibile con temi e costruttori di siti Web che soddisfano i requisiti standard di Lightspeed. E se non stai candidando WordPress, ti daremo una mano.<\/p><\/div>\r\n\t\t\t\t\t<\/div>\r\n\t\t\t\t<\/div><\/div><\/div><div class=\"application-platform-content-item-features application-platform-content-item\" id=\"features\" data-nav-section=\"features\"><h2>Funzionalit\u00e0<\/h2> <p>Per avere una chiara percezione di un <a href=\"https:\/\/elfsight.com\/blog\/how-to-embed-instagram-feed-on-website\/\">feed di Instagram<\/a> di Lightspeed , puoi studiare l&#8217;elenco dei tratti principali. Rendono l&#8217;app davvero efficace per te:<\/p><ul><li><b>Rafforza l&#8217;indice delle transazioni<\/b><br>Dimostra i tuoi beni o servizi tramite foto da Instagram con l&#8217;aiuto di hashtag, posizioni, account o da un URL specifico, per aumentare i risultati del tuo sito. <\/li> <li><b>Seguaci massimi su Instagram<\/b><br>Visualizza pulsanti speciali con una chiamata per ottenere l&#8217;abbonamento e aumentare il numero di fan della tua pagina Instagram. <\/li> <li><b>Coinvolgi un numero maggiore di visitatori<\/b><br>Visualizza sul tuo sito le immagini di Instagram tramite il plugin Elfsight, e attireranno pi\u00f9 lettori e li spingeranno a trascorrere pi\u00f9 tempo sul sito . <\/li><\/ul><p><a href=\"#demo\">Esplora tutte le funzionalit\u00e0 nella demo<\/a><\/p><\/div><div class=\"application-platform-content-item-installation application-platform-content-item\" id=\"installation\" data-nav-section=\"installation\"><h2> Come aggiungere il feed Instagram al mio sito web Lightspeed? <\/h2> <p>Segui semplicemente le linee guida seguenti per incorporare il widget. <\/p> <ol><li><b>Utilizza la nostra demo gratuita e inizia a creare il tuo plugin unico. <\/b><br> Specifica l&#8217;aspetto e le opzioni desiderabili dello strumento e salva le correzioni. <\/li> <li><b>Copia il tuo codice individuale che viene mostrato nell&#8217;apposito modulo su Elfsight Apps. <\/b><br> Non appena la personalizzazione del tuo widget personale \u00e8 terminata, copia il codice individuale nella finestra visualizzata e conservalo per un ulteriore utilizzo. <\/li> <li><b>Inizia a utilizzare il widget su un sito Web Lightspeed. <\/b><br> Inserisci il codice che hai copiato di recente nella tua pagina web e salva i miglioramenti. <\/li> <li><b>L&#8217;installazione \u00e8 stata completata con successo. <\/b><br> Visita la tua pagina web per verificare come funziona il plugin. <\/li><\/ol> <p>Se hai domande o riscontri alcune complicazioni, scrivi al nostro team di supporto. I nostri consulenti saranno entusiasti di risolvere tutte le domande che potresti avere con il widget. <\/p> <\/div>","protected":false},"excerpt":{"rendered":"","protected":false},"author":9,"featured_media":0,"parent":839,"menu_order":0,"comment_status":"closed","ping_status":"closed","template":"templates\/template-application-platform.php","meta":{"publish_to_discourse":"","publish_post_category":"","wpdc_auto_publish_overridden":"","wpdc_topic_tags":"","wpdc_pin_topic":"","wpdc_pin_until":"","discourse_post_id":"","discourse_permalink":"","wpdc_publishing_response":"","wpdc_publishing_error":"","footnotes":""},"class_list":["post-4866","page","type-page","status-publish","hentry"],"yoast_head":"<!-- This site is optimized with the Yoast SEO plugin v25.3.1 - https:\/\/yoast.com\/wordpress\/plugins\/seo\/ -->\n<title>Feed Instagram di velocit\u00e0 della luce - InstaShow<\/title>\n<meta name=\"description\" content=\"Utilizza il feed Instagram di Lightspeed per creare splendide gallerie di immagini Instagram direttamente nel tuo negozio Lightspeed e attirare il pubblico in un lampo!\" \/>\n<meta name=\"robots\" content=\"index, follow, max-snippet:-1, max-image-preview:large, max-video-preview:-1\" \/>\n<link rel=\"canonical\" href=\"https:\/\/elfsight.com\/it\/instagram-feed-instashow\/lightspeed\/\" \/>\n<meta property=\"og:locale\" content=\"it_IT\" \/>\n<meta property=\"og:type\" content=\"article\" \/>\n<meta property=\"og:title\" content=\"Feed Instagram di velocit\u00e0 della luce - InstaShow\" \/>\n<meta property=\"og:description\" content=\"Utilizza il feed Instagram di Lightspeed per creare splendide gallerie di immagini Instagram direttamente nel tuo negozio Lightspeed e attirare il pubblico in un lampo!\" \/>\n<meta property=\"og:url\" content=\"https:\/\/elfsight.com\/it\/instagram-feed-instashow\/lightspeed\/\" \/>\n<meta property=\"og:site_name\" content=\"Elfsight IT\" \/>\n<meta property=\"article:modified_time\" content=\"2024-09-16T11:57:25+00:00\" \/>\n<meta name=\"twitter:card\" content=\"summary_large_image\" \/>\n<meta name=\"twitter:label1\" content=\"Tempo di lettura stimato\" \/>\n\t<meta name=\"twitter:data1\" content=\"2 minuti\" \/>\n<!-- \/ Yoast SEO plugin. -->","yoast_head_json":{"title":"Feed Instagram di velocit\u00e0 della luce - InstaShow","description":"Utilizza il feed Instagram di Lightspeed per creare splendide gallerie di immagini Instagram direttamente nel tuo negozio Lightspeed e attirare il pubblico in un lampo!","robots":{"index":"index","follow":"follow","max-snippet":"max-snippet:-1","max-image-preview":"max-image-preview:large","max-video-preview":"max-video-preview:-1"},"canonical":"https:\/\/elfsight.com\/it\/instagram-feed-instashow\/lightspeed\/","og_locale":"it_IT","og_type":"article","og_title":"Feed Instagram di velocit\u00e0 della luce - InstaShow","og_description":"Utilizza il feed Instagram di Lightspeed per creare splendide gallerie di immagini Instagram direttamente nel tuo negozio Lightspeed e attirare il pubblico in un lampo!","og_url":"https:\/\/elfsight.com\/it\/instagram-feed-instashow\/lightspeed\/","og_site_name":"Elfsight IT","article_modified_time":"2024-09-16T11:57:25+00:00","twitter_card":"summary_large_image","twitter_misc":{"Tempo di lettura stimato":"2 minuti"},"schema":{"@context":"https:\/\/schema.org","@graph":[{"@type":"WebPage","@id":"https:\/\/elfsight.com\/it\/instagram-feed-instashow\/lightspeed\/","url":"https:\/\/elfsight.com\/it\/instagram-feed-instashow\/lightspeed\/","name":"Feed Instagram di velocit\u00e0 della luce - InstaShow","isPartOf":{"@id":"https:\/\/elfsight.com\/it\/#website"},"datePublished":"2024-05-03T06:39:46+00:00","dateModified":"2024-09-16T11:57:25+00:00","description":"Utilizza il feed Instagram di Lightspeed per creare splendide gallerie di immagini Instagram direttamente nel tuo negozio Lightspeed e attirare il pubblico in un lampo!","breadcrumb":{"@id":"https:\/\/elfsight.com\/it\/instagram-feed-instashow\/lightspeed\/#breadcrumb"},"inLanguage":"it-IT","potentialAction":[{"@type":"ReadAction","target":["https:\/\/elfsight.com\/it\/instagram-feed-instashow\/lightspeed\/"]}]},{"@type":"BreadcrumbList","@id":"https:\/\/elfsight.com\/it\/instagram-feed-instashow\/lightspeed\/#breadcrumb","itemListElement":[{"@type":"ListItem","position":1,"name":"Home","item":"https:\/\/elfsight.com\/it\/"},{"@type":"ListItem","position":2,"name":"Instagram Feed","item":"https:\/\/elfsight.com\/it\/instagram-feed-instashow\/"},{"@type":"ListItem","position":3,"name":"InstaShow Lightspeed"}]},{"@type":"WebSite","@id":"https:\/\/elfsight.com\/it\/#website","url":"https:\/\/elfsight.com\/it\/","name":"Elfsight IT","description":"Just another Elfsight Sites site","potentialAction":[{"@type":"SearchAction","target":{"@type":"EntryPoint","urlTemplate":"https:\/\/elfsight.com\/it\/?s={search_term_string}"},"query-input":{"@type":"PropertyValueSpecification","valueRequired":true,"valueName":"search_term_string"}}],"inLanguage":"it-IT"}]}},"meta_box":{"industry":"","seo_heading":"","heading":"","description":"","cta_heading":"","cta_description":"","application":"832","h1":"App Feed Instagram per Lightspeed","h1_caption":"Visualizza foto e video di Instagram per trasformare i visitatori del tuo sito web in follower","application_category":[],"applications_title":"","applications_request_title":"","applications_request_button_text":"","hero_text":"","hero_video":"","hero_video_schema_markup":"","selling_points_title":"","selling_points_caption":"","selling_points":[],"selling_points_cta_text":"","features_title":"","features":"","ed_cta_examples_text":"","ed_cta_examples_hidden":"","ed_cta_demo_text":"","ed_cta_demo_hidden":"","why_caption":"","why_editor_title":"","why_editor_text":"","why_team_title":"","why_team_text":"","why_service_title":"","why_service_text":"","template_catalog_visible":"","template_catalog_title":"","template_catalog_text":"","template_catalog_categories_visible":"","demo_title":"Progetta il feed Instagram gratuitamente!","demo_caption":"Metti alla prova il tuo feed Instagram per un sito Web Lightspeed utilizzando il nostro veloce editor gratuito.","default_faq_hidden":"","app_template_category":[],"platform":"38","template_public_id":"","codecanyon_url":"","codecanyon_item_id":"","codecanyon_price":"","pricing_caption":"","pricing_elfsight_apps_hide_column":"","pricing_elfsight_apps_url":"","pricing_codecanyon_price_caption":"","integration_category":[],"integration_request_title":"","integration_request_cta":"","integration_platform":"","integrations":[],"platform_category":[],"video_schema_markup":"","price":"da $ 0 al mese","trial":"","benefits":[{"text":"Servizio di installazione gratuito"},{"text":"Supporto premium"},{"text":"Garanzia di rimborso di 14 giorni"},{"text":"Aggiornamenti gratuiti continui"}],"button_url":"#demo","button_target_blank":"","button_nofollow":"","attributes":[{"name":"Installazioni"},{"name":"Reattivo","content":"S\u00cc"},{"name":"Browser compatibili","content":"Firefox, Safari, Opera, Chrome, Edge"}],"tags":[],"tags_disable_links":"","hide_more_platforms":"","video_object":"","demo_hide_cta":"","demo_hide_cloud_options":"","pricing_title":"","pricing":[{"pricing_icon":"platform","pricing_title":"Elfsight Apps","pricing_title_caption":"Funziona su qualsiasi sito Web Lightspeed","pricing_price":"da $ 0 \/ mese","pricing_price_caption":"Inizia con una prova di 14 giorni","pricing_benefits":[{"text":"App nativa Lightspeed"},{"text":"Un solo pagamento per il tuo sito web e la tua app"},{"text":"Configura l'app direttamente sul tuo sito web"},{"text":"Completamente personalizzabile per soddisfare le vostre esigenze"}],"pricing_button_text":"Aggiungi al sito web","pricing_button_url":"#demo"}],"related_apps_title":"","related_apps_hidden":"","author":"","image":[],"title":"","job":"","social_networks":[]},"_links":{"self":[{"href":"https:\/\/elfsight.com\/it\/wp-json\/wp\/v2\/pages\/4866","targetHints":{"allow":["GET"]}}],"collection":[{"href":"https:\/\/elfsight.com\/it\/wp-json\/wp\/v2\/pages"}],"about":[{"href":"https:\/\/elfsight.com\/it\/wp-json\/wp\/v2\/types\/page"}],"author":[{"embeddable":true,"href":"https:\/\/elfsight.com\/it\/wp-json\/wp\/v2\/users\/9"}],"replies":[{"embeddable":true,"href":"https:\/\/elfsight.com\/it\/wp-json\/wp\/v2\/comments?post=4866"}],"version-history":[{"count":1,"href":"https:\/\/elfsight.com\/it\/wp-json\/wp\/v2\/pages\/4866\/revisions"}],"predecessor-version":[{"id":4870,"href":"https:\/\/elfsight.com\/it\/wp-json\/wp\/v2\/pages\/4866\/revisions\/4870"}],"up":[{"embeddable":true,"href":"https:\/\/elfsight.com\/it\/wp-json\/wp\/v2\/pages\/839"}],"wp:attachment":[{"href":"https:\/\/elfsight.com\/it\/wp-json\/wp\/v2\/media?parent=4866"}],"curies":[{"name":"wp","href":"https:\/\/api.w.org\/{rel}","templated":true}]}}