{"id":4860,"date":"2024-05-03T06:39:44","date_gmt":"2024-05-03T06:39:44","guid":{"rendered":"https:\/\/elfsight.com\/it\/?page_id=4860"},"modified":"2024-11-12T13:24:56","modified_gmt":"2024-11-12T13:24:56","slug":"wix","status":"publish","type":"page","link":"https:\/\/elfsight.com\/it\/instagram-feed-instashow\/wix\/","title":{"rendered":"Instagram Feed &#8211; Wix"},"content":{"rendered":"<div class=\"application-platform-content-item-description application-platform-content-item\" id=\"description\" data-nav-section=\"description\"><h2>Incorpora Instagram su Wix con il widget Elfsight<\/h2><p>InstaShow \u00e8 il miglior plugin Instagram per Wix, che rende possibile crea splendide gallerie con immagini e video clip di Instagram. Quando aggiungi il feed Instagram a Wix, puoi decorare e migliorare il tuo sito web per quanto riguarda la sua interattivit\u00e0. Presenta un gran numero di possibilit\u00e0 di personalizzazione: tutti i tipi di fonti, filtri di post, pi\u00f9 di 70 parametri adattivi, 10 varianti di layout e un&#8217;interfaccia completamente adattiva adatta a tutte le dimensioni dello schermo.<\/p><p><b>Aggiungi Instagram Alimenta il sito web, aumenta il coinvolgimento e aumenta il tempo che le persone trascorrono sulle tue pagine web.<\/b><\/p><div class=\"faq\" data-component=\"FAQ\"> <div class=\"faq-item\">\r\n\t\t\t\t\t<div class=\"faq-item-question\">\r\n\t\t\t\t\t\t<h3 class=\"faq-item-question-text\">Esistono altri strumenti per Wix che posso utilizzare sul mio sito web? <\/h3>\r\n\r\n\t\t\t\t\t\t<div class=\"faq-item-question-icon\"><\/div>\r\n\t\t\t\t\t<\/div>\r\n\r\n\t\t\t\t\t<div class=\"faq-item-answer\">\r\n\t\t\t\t\t\t<div class=\"faq-item-answer-text\"> <p>Sei libero di testare tantissimi strumenti per qualsiasi obiettivo sul tuo sito, indipendentemente dal tuo ambito di attivit\u00e0. Ad esempio, puoi iniziare con questi widget: <a href=\"https:\/\/elfsight.com\/pdf-embed-widget\/wix\/\">PDF Embed<\/a>, <a href=\"https:\/\/elfsight .com\/instagram-feed-instashow\/wix\/\">Feed di Instagram<\/a>, <a href=\"https:\/\/elfsight.com\/google-reviews-widget\/wix\/\">Recensioni di Google<\/a>, <a href=\"https:\/\/elfsight.com\/whatsapp-chat-widget\/wix\/\">Chat di WhatsApp<\/a>, <a href=\"https:\/\/elfsight.com\/popup-widget\/wix\/\">Popup<\/a>.<\/p> <\/div>\r\n\t\t\t\t\t<\/div>\r\n\t\t\t\t<\/div> <div class=\"faq-item\">\r\n\t\t\t\t\t<div class=\"faq-item-question\">\r\n\t\t\t\t\t\t<h3 class=\"faq-item-question-text\">Come incorporare il feed di Instagram gratuitamente su Wix?<\/h3>\r\n\r\n\t\t\t\t\t\t<div class=\"faq-item-question-icon\"><\/div>\r\n\t\t\t\t\t<\/div>\r\n\r\n\t\t\t\t\t<div class=\"faq-item-answer\">\r\n\t\t\t\t\t\t<div class=\"faq-item-answer-text\"> <ol><p>Implementare <a href=\"https:\/\/elfsight. com\/blog\/how-to-embed-instagram-feed-on-website\/\">Sito web di Instagram<\/a> Il feed del tuo sito web Wix \u00e8 un modo fantastico per evidenziare i tuoi post pi\u00f9 recenti e aumentare il coinvolgimento degli utenti.<\/p><ol><li>Per incorporare gratuitamente un feed Instagram di Elfsight su Wix, vai al sito web di Elfsight e crea un account gratuito.<\/li><li>Approfitta del widget gratuito di Instagram personalizzandone l&#8217;aspetto e le impostazioni per completare il tuo Stile del sito web Wix.<\/li><li>Dopo aver ottimizzato gratuitamente il tuo feed Instagram, copia il codice di incorporamento univoco e incollalo nell&#8217;HTML del tuo sito web Wix dove desideri che venga mostrato il feed.<\/li><\/ol><p>Aggiungendo il tuo feed Instagram al tuo sito web Wix, amplificherai il suo fascino visivo e stimolerai l&#8217;interazione continua dell&#8217;utente. Goditi i vantaggi del widget Instagram Elfsight senza spendere una fortuna!<\/p><\/ol><\/div>\r\n\t\t\t\t\t<\/div>\r\n\t\t\t\t<\/div> <\/div><ul><li><b>Ottieni vendite pi\u00f9 elevate mostrando le foto pi\u00f9 alla moda<\/b>. <br>Utilizza immagini eleganti da Instagram, che ora \u00e8 uno dei media pi\u00f9 popolari per promuovere le tue offerte o servizi, e ottieni un aumento delle entrate sul sito web.<\/li><li><b>Pi\u00f9 follower su Instagram<\/b>.<br>Incorpora pulsanti aggiuntivi che consentono agli utenti di iscriversi al tuo account e aumentare il numero di iscritti alla tua pagina Instagram.<\/li><li><b>Avere un livello di coinvolgimento degli utenti pi\u00f9 elevato<\/b>.<br>Ispira i visitatori con immagini eleganti da Instagram e consenti loro di condividere emozioni diverse, per stabilire un forte coinvolgimento degli utenti sul tuo sito web.<\/li><\/ul><\/div><div class=\"application-platform-content-item-features application-platform-content-item\" id=\"features\" data-nav-section=\"features\"><h2>Caratteristiche principali del widget Feed di Instagram<\/h2><p>Abbiamo progettato questo versatile feed di Instagram per funzionare perfettamente su qualsiasi sito web Wix. Pu\u00f2 aiutarti a raggiungere gli obiettivi aziendali grazie alle sue utili funzionalit\u00e0. Scegli semplicemente le migliori opzioni per il tuo feed Instagram personalizzato per creare un widget individuale che si adatti alle tue esigenze e si abbini all&#8217;aspetto del tuo sito web. Le funzionalit\u00e0 pi\u00f9 importanti del plugin Elfsight che lo rendono il miglior strumento Wix per incorporare Instagram:<\/p> <ul><li>Utilizza il filtro Escludi per limitare il numero di fonti;<\/li><li>2 modelli di post: Tile e Classico;<\/li><li>Frecce, trascinamenti e navigazione con diapositive;<\/li><li>Colori personalizzabili di sfondo, testo, pulsanti e altro;<\/li><li>Larghezza flessibile del widget.<\/li><\/ul><p><a href=\"#demo\">Altre funzionalit\u00e0 in Elfsight demo<\/a><\/p><\/div><div class=\"application-platform-content-item-installation application-platform-content-item\" id=\"installation\" data-nav-section=\"installation\"><h2>Come aggiungere l&#8217;app Instagram al sito Wix<\/h2><div class=\"video-container\"><iframe width=\"720\" height=\"405\" src=\"https:\/\/www.youtube.com\/embed\/aZaeM2UfTSU\" frameborder=\"0\" allowfullscreen=\"\"><\/iframe><\/div><p>Consulta il nostro manuale conciso sull&#8217;integrazione e la generazione del plugin. Ti serviranno solo 2 minuti per <a href=\"https:\/\/elfsight.com\/blog\/how-to-add-instagram-feed-to-wix-website\/\">aggiungere il feed di Instagram a Wix<\/a>, e un bel vantaggio \u00e8 che non \u00e8 necessario avere competenze di programmazione.<\/p><ol><li><b>Acquista il widget su Wix Market<\/b>.<br><a href=\"https:\/\/ www.wix.com\/app-market\/instagram-pro\/overview\" target=\"_blank\" rel=\"noopener noreferrer\">Apri la pagina<\/a> con il feed di Instagram e fai clic sul pulsante \u00abAggiungi al sito\u00bb.<\/li><li><b>Inserisci il widget nel sito<\/b>.<br>Nella notifica pop-up, fai clic su \u00abApri editor\u00bb e visualizza il widget sulla tua pagina.<\/li><li><b>Configura il tuo Instagram<\/b>.<br>Imposta i parametri di progettazione richiesti e aggiungi contenuti da mostrare. Puoi apportare alcune modifiche o creare un feed totalmente individuale. Applica tutte le modifiche.<\/li><li><b>Fatto!<\/b><br>Hai incorporato con successo il widget nelle tue pagine. Vai al sito Wix per visualizzare il tuo feed Instagram!<\/li><\/ol><p>Hai domande su come incorporare il feed Instagram in Wix o impostare il tuo feed Instagram? Sentiti libero di contattare l&#8217;assistenza clienti Elfsight. Siamo sempre disponibili per aiutarti a modificare e incorporare il widget in modo che appaia e funzioni perfettamente sulle pagine del tuo sito web.<\/p><\/div>","protected":false},"excerpt":{"rendered":"","protected":false},"author":9,"featured_media":0,"parent":839,"menu_order":0,"comment_status":"closed","ping_status":"closed","template":"templates\/template-application-platform.php","meta":{"publish_to_discourse":"","publish_post_category":"","wpdc_auto_publish_overridden":"","wpdc_topic_tags":"","wpdc_pin_topic":"","wpdc_pin_until":"","discourse_post_id":"","discourse_permalink":"","wpdc_publishing_response":"","wpdc_publishing_error":"","footnotes":""},"class_list":["post-4860","page","type-page","status-publish","hentry"],"yoast_head":"<!-- This site is optimized with the Yoast SEO plugin v25.3.1 - https:\/\/yoast.com\/wordpress\/plugins\/seo\/ -->\n<title>App Wix Instagram Feed - Aggiungi Instagram a Wix [2025]<\/title>\n<meta name=\"description\" content=\"Come aggiungere gratuitamente il feed Instagram al sito Wix? Utilizza il widget Instagram per incorporare immagini e video sul tuo sito Wix!\" \/>\n<meta name=\"robots\" content=\"index, follow, max-snippet:-1, max-image-preview:large, max-video-preview:-1\" \/>\n<link rel=\"canonical\" href=\"https:\/\/elfsight.com\/it\/instagram-feed-instashow\/wix\/\" \/>\n<meta property=\"og:locale\" content=\"it_IT\" \/>\n<meta property=\"og:type\" content=\"article\" \/>\n<meta property=\"og:title\" content=\"App Wix Instagram Feed - Aggiungi Instagram a Wix [2025]\" \/>\n<meta property=\"og:description\" content=\"Come aggiungere gratuitamente il feed Instagram al sito Wix? Utilizza il widget Instagram per incorporare immagini e video sul tuo sito Wix!\" \/>\n<meta property=\"og:url\" content=\"https:\/\/elfsight.com\/it\/instagram-feed-instashow\/wix\/\" \/>\n<meta property=\"og:site_name\" content=\"Elfsight IT\" \/>\n<meta property=\"article:modified_time\" content=\"2024-11-12T13:24:56+00:00\" \/>\n<meta name=\"twitter:card\" content=\"summary_large_image\" \/>\n<meta name=\"twitter:label1\" content=\"Tempo di lettura stimato\" \/>\n\t<meta name=\"twitter:data1\" content=\"4 minuti\" \/>\n<!-- \/ Yoast SEO plugin. -->","yoast_head_json":{"title":"App Wix Instagram Feed - Aggiungi Instagram a Wix [2025]","description":"Come aggiungere gratuitamente il feed Instagram al sito Wix? Utilizza il widget Instagram per incorporare immagini e video sul tuo sito Wix!","robots":{"index":"index","follow":"follow","max-snippet":"max-snippet:-1","max-image-preview":"max-image-preview:large","max-video-preview":"max-video-preview:-1"},"canonical":"https:\/\/elfsight.com\/it\/instagram-feed-instashow\/wix\/","og_locale":"it_IT","og_type":"article","og_title":"App Wix Instagram Feed - Aggiungi Instagram a Wix [2025]","og_description":"Come aggiungere gratuitamente il feed Instagram al sito Wix? Utilizza il widget Instagram per incorporare immagini e video sul tuo sito Wix!","og_url":"https:\/\/elfsight.com\/it\/instagram-feed-instashow\/wix\/","og_site_name":"Elfsight IT","article_modified_time":"2024-11-12T13:24:56+00:00","twitter_card":"summary_large_image","twitter_misc":{"Tempo di lettura stimato":"4 minuti"},"schema":{"@context":"https:\/\/schema.org","@graph":[{"@type":"WebPage","@id":"https:\/\/elfsight.com\/it\/instagram-feed-instashow\/wix\/","url":"https:\/\/elfsight.com\/it\/instagram-feed-instashow\/wix\/","name":"App Wix Instagram Feed - Aggiungi Instagram a Wix [2025]","isPartOf":{"@id":"https:\/\/elfsight.com\/it\/#website"},"datePublished":"2024-05-03T06:39:44+00:00","dateModified":"2024-11-12T13:24:56+00:00","description":"Come aggiungere gratuitamente il feed Instagram al sito Wix? Utilizza il widget Instagram per incorporare immagini e video sul tuo sito Wix!","breadcrumb":{"@id":"https:\/\/elfsight.com\/it\/instagram-feed-instashow\/wix\/#breadcrumb"},"inLanguage":"it-IT","potentialAction":[{"@type":"ReadAction","target":["https:\/\/elfsight.com\/it\/instagram-feed-instashow\/wix\/"]}]},{"@type":"BreadcrumbList","@id":"https:\/\/elfsight.com\/it\/instagram-feed-instashow\/wix\/#breadcrumb","itemListElement":[{"@type":"ListItem","position":1,"name":"Home","item":"https:\/\/elfsight.com\/it\/"},{"@type":"ListItem","position":2,"name":"Instagram Feed","item":"https:\/\/elfsight.com\/it\/instagram-feed-instashow\/"},{"@type":"ListItem","position":3,"name":"Instagram Feed &#8211; Wix"}]},{"@type":"WebSite","@id":"https:\/\/elfsight.com\/it\/#website","url":"https:\/\/elfsight.com\/it\/","name":"Elfsight IT","description":"Just another Elfsight Sites site","potentialAction":[{"@type":"SearchAction","target":{"@type":"EntryPoint","urlTemplate":"https:\/\/elfsight.com\/it\/?s={search_term_string}"},"query-input":{"@type":"PropertyValueSpecification","valueRequired":true,"valueName":"search_term_string"}}],"inLanguage":"it-IT"}]}},"meta_box":{"industry":"","seo_heading":"","heading":"","description":"","cta_heading":"","cta_description":"","application":"832","h1":"App Feed di Instagram per Wix","h1_caption":"Aggiungi post dal tuo account Instagram o tramite hashtag, fornendo il modo migliore per mostrare facilmente un feed Instagram dinamico sul tuo sito web nel tuo sito web Weebly.","application_category":[],"applications_title":"","applications_request_title":"","applications_request_button_text":"","hero_text":"","hero_video":"","hero_video_schema_markup":"","selling_points_title":"","selling_points_caption":"","selling_points":[],"selling_points_cta_text":"","features_title":"","features":"","ed_cta_examples_text":"","ed_cta_examples_hidden":"","ed_cta_demo_text":"","ed_cta_demo_hidden":"","why_caption":"","why_editor_title":"","why_editor_text":"","why_team_title":"","why_team_text":"","why_service_title":"","why_service_text":"","template_catalog_visible":"0","template_catalog_title":"","template_catalog_text":"","template_catalog_categories_visible":"","demo_title":"Crea la tua app Feed di Instagram","demo_caption":"Configura il tuo feed Instagram e aggiungilo gratuitamente al tuo sito Wix!","default_faq_hidden":"","app_template_category":[],"platform":"29","template_public_id":"","codecanyon_url":"","codecanyon_item_id":"","codecanyon_price":"","pricing_caption":"","pricing_elfsight_apps_hide_column":"","pricing_elfsight_apps_url":"","pricing_codecanyon_price_caption":"","integration_category":[],"integration_request_title":"","integration_request_cta":"","integration_platform":"","integrations":[],"platform_category":[],"video_schema_markup":"","price":"da $ 0 \/ mese","trial":"","benefits":[{"text":"Aiuto per l'installazione gratuito"},{"text":"Servizio clienti professionale"},{"text":"Garanzia di rimborso di 14 giorni"},{"text":"Aggiornamenti continui"}],"button_url":"#demo","button_target_blank":"0","button_nofollow":"0","attributes":[{"name":"Installazioni"},{"name":"Reattivo","content":"S\u00cc"},{"name":"Browser compatibili","content":"Firefox, Safari, Opera, Chrome, Edge"}],"tags":[],"tags_disable_links":"0","hide_more_platforms":"","video_object":"","demo_hide_cta":"0","demo_hide_cloud_options":"0","pricing_title":"","pricing":[{"pricing_icon":"cloud","pricing_title":"Elfsight Apps","pricing_title_caption":"Soluzione digitale indipendente dalla piattaforma che funziona su qualsiasi sito web","pricing_price":"da $ 0 \/ mese","pricing_price_caption":"inizia con il piano gratuito","pricing_benefits":[{"text":"Domini illimitati"},{"text":"Assistenza clienti premium"},{"text":"Aiuto gratuito per l'installazione"},{"text":"Offerta speciale per pi\u00f9 app"}],"pricing_button_text":"Aggiungi al sito web","pricing_button_url":"#demo"}],"related_apps_title":"","related_apps_hidden":"0","author":"","image":[],"title":"","job":"","social_networks":[]},"_links":{"self":[{"href":"https:\/\/elfsight.com\/it\/wp-json\/wp\/v2\/pages\/4860","targetHints":{"allow":["GET"]}}],"collection":[{"href":"https:\/\/elfsight.com\/it\/wp-json\/wp\/v2\/pages"}],"about":[{"href":"https:\/\/elfsight.com\/it\/wp-json\/wp\/v2\/types\/page"}],"author":[{"embeddable":true,"href":"https:\/\/elfsight.com\/it\/wp-json\/wp\/v2\/users\/9"}],"replies":[{"embeddable":true,"href":"https:\/\/elfsight.com\/it\/wp-json\/wp\/v2\/comments?post=4860"}],"version-history":[{"count":3,"href":"https:\/\/elfsight.com\/it\/wp-json\/wp\/v2\/pages\/4860\/revisions"}],"predecessor-version":[{"id":7504,"href":"https:\/\/elfsight.com\/it\/wp-json\/wp\/v2\/pages\/4860\/revisions\/7504"}],"up":[{"embeddable":true,"href":"https:\/\/elfsight.com\/it\/wp-json\/wp\/v2\/pages\/839"}],"wp:attachment":[{"href":"https:\/\/elfsight.com\/it\/wp-json\/wp\/v2\/media?parent=4860"}],"curies":[{"name":"wp","href":"https:\/\/api.w.org\/{rel}","templated":true}]}}