{"id":4850,"date":"2024-05-03T06:39:38","date_gmt":"2024-05-03T06:39:38","guid":{"rendered":"https:\/\/elfsight.com\/it\/?page_id=4850"},"modified":"2025-03-12T10:16:26","modified_gmt":"2025-03-12T10:16:26","slug":"blogger","status":"publish","type":"page","link":"https:\/\/elfsight.com\/it\/instagram-feed-instashow\/blogger\/","title":{"rendered":"Instagram Feed &#8211; Blogger"},"content":{"rendered":"\n<div class=\"application-platform-content-item-description application-platform-content-item\" id=\"description\" data-nav-section=\"description\"><h2>Incorpora Instagram su Elementor con il plugin Elfsight<\/h2><p>InstaShow \u00e8 un potente plugin per Instagram, che consente di creare bellissime gallerie con immagini e videoclip da Instagram sul tuo sito. Un numero illimitato di varianti di personalizzazione del feed: tutti i tipi di fonti, filtri di contenuto, pi\u00f9 di 70 parametri regolabili, 10 opzioni di stile e interfaccia completamente adattiva per tutte le risoluzioni. Applica questo plug-in reattivo e pratico per suscitare interesse negli utenti del tuo sito web.<\/p><ul><li><b>Guadagna di pi\u00f9 con le foto pi\u00f9 popolari<\/b>.<br>Aggiungi immagini da Instagram, che ora sta tra le piattaforme pi\u00f9 vantaggiose per pubblicizzare beni o servizi e aumentare le vendite sul tuo sito web.<\/li><li><b>Numero massimo di fan su Instagram<\/b>.<br>Incorpora pulsanti aggiuntivi con un chiama per iscriverti e raddoppiare il numero di fan del tuo profilo Instagram.<\/li><li><b>Maggiore coinvolgimento dei visitatori<\/b>.<br>Attira visitatori e suscita il loro interesse con l&#8217;aiuto dei contenuti di Instagram, per rendere pi\u00f9 intensa l&#8217;interazione con il cliente.<\/li><\/ul><\/div><div class=\"application-platform-content-item-features application-platform-content-item\" id=\"features\" data-nav-section=\"features\"><h2>Caratteristiche principali del widget Feed di Instagram<\/h2><p>Le funzionalit\u00e0 pi\u00f9 importanti del nostro plugin che lo trasformano nel miglior strumento di Blogger per incorporare Instagram in un sito:<\/p><ul><li>Applica solo il filtro per visualizzare dalla fonte selezionata<\/li><li>2 modelli di post: Tile e Classico<\/li><li>7 elementi di post commutabili da mostrare o nascondere<\/li><li>Colori personalizzabili di sfondo, testo, pulsanti e altro<\/li><li>Opzione per impostare il tempo di cache<\/li><li>8 fantastici modelli pratici<\/li><li>Puoi attivare e disattivare nome utente, data di pubblicazione, pulsante CTA, numero di Mi piace e commenti<\/li><li>Oltre dieci tavolozze di colori predefinite<\/li><li>Opzione per cambiare il colore di ogni elemento in modo indipendente<\/li><li>Pulsante &#8220;Carica altro&#8221; personalizzabile<\/li><\/ul><p><a href=\"#demo\">Vedi pi\u00f9 opzioni nell&#8217;editor Elfsight<\/a> <\/p><p>Tutte queste fantastiche funzionalit\u00e0 possono aiutarti a raggiungere qualsiasi obiettivo di e-commerce. Ad esempio, puoi <strong>aumentare il numero di follower e aumentare il coinvolgimento<\/strong> su un sito web. Inoltre, non \u00e8 un problema creare un widget che si adatti al design del tuo sito web e segua la coerenza del tuo marchio.<\/p><\/div><div class=\"application-platform-content-item-installation application-platform-content-item\" id=\"installation\" data-nav-section=\"installation\"><h2>Come aggiungere il widget di Instagram al sito web di Blogger<\/h2><div class=\"video-container\"><iframe width=\"560\" height=\"315\" src=\"https:\/\/www.youtube.com\/embed\/DDOHA5az6eE?si=eFzIzYtqJumPvfdk\" frameborder=\"0\" allow=\"accelerometer; autoplay; clipboard-write; encrypted-media; gyroscope; picture-in-picture; web-share\" allowfullscreen><\/iframe><\/div><p>Leggi le nostre istruzioni esplicite sulla visualizzazione e generazione del plugin. Il tempo medio di esecuzione \u00e8 di circa 70 secondi e un bel vantaggio \u00e8 che non \u00e8 necessaria esperienza nella programmazione.<\/p><ol><li><b>Progetta il tuo feed Instagram unico<\/b>.<br> Utilizzando la nostra demo gratuita, assembla un plug-in con il modello e le funzioni necessari.<\/li><li><b>Acquisisci un codice per mostrare il plug-in<\/b>.<br>Dopo aver configurato il widget, acquisisci un codice per il plug-in Instagram da la notifica visualizzata sulle app Elfsight.<\/li><li><b>Aggiungi il feed di Instagram a Blogger<\/b>.<br>Visualizza il plug-in nella posizione richiesta della pagina e applica le modifiche.<\/li><li><b>Hai finito!<\/b><br>Vai al tuo sito web per vedere il tuo feed Instagram su Blogger.<\/li><\/ol><p>Inciampa in domande mentre incorpori o personalizzi le tue Feed di Instagram? Non esitare a rivolgerti al nostro Centro assistenza.<\/p><\/div><div class=\"faq\" data-component=\"FAQ\"><div class=\"faq-item\">\r\n\t\t\t\t\t<div class=\"faq-item-question\">\r\n\t\t\t\t\t\t<h3 class=\"faq-item-question-text\">Esiste un metodo per aggiungere il feed di Instagram al mio sito web Blogger senza ?<\/h3>\r\n\r\n\t\t\t\t\t\t<div class=\"faq-item-question-icon\"><\/div>\r\n\t\t\t\t\t<\/div>\r\n\r\n\t\t\t\t\t<div class=\"faq-item-answer\">\r\n\t\t\t\t\t\t<div class=\"faq-item-answer-text\"><p>La societ\u00e0 Elfsight introduce una soluzione che consente alle persone di generare da soli un plug-in per il feed di Instagram, scopri com&#8217;\u00e8 facile: <\/p><ul><li>Vai all&#8217;editor online per generare un plug-in per il feed di Instagram vorrei incorporare su Blogger.<\/li><li>Scegli uno dei tanti modelli gi\u00e0 pronti e adatta le impostazioni del feed di Instagram, aggiungi i tuoi contenuti, modifica il layout e la combinazione di colori senza codifica.<\/li><li>Salva il feed di Instagram e ottieni il codice per l&#8217;installazione, che pu\u00f2 essere facilmente incollato nella pagina web di Blogger senza acquistare un abbonamento a pagamento. <\/li><\/ul><p>Con il semplice Editor ogni utente di Internet pu\u00f2 creare widget Feed di Instagram online e incorporarlo in qualsiasi home page di Blogger. Non \u00e8 necessario pagare o inserire i dati della tua carta per accedere al servizio Elfsight. Se incontri ostacoli di qualsiasi tipo, non esitare a contattare il nostro team di supporto.<\/p><\/div>\r\n\t\t\t\t\t<\/div>\r\n\t\t\t\t<\/div><div class=\"faq-item\">\r\n\t\t\t\t\t<div class=\"faq-item-question\">\r\n\t\t\t\t\t\t<h3 class=\"faq-item-question-text\">Come incorporare gratuitamente il feed di Instagram su Blogger?<\/h3>\r\n\r\n\t\t\t\t\t\t<div class=\"faq-item-question-icon\"><\/div>\r\n\t\t\t\t\t<\/div>\r\n\r\n\t\t\t\t\t<div class=\"faq-item-answer\">\r\n\t\t\t\t\t\t<div class=\"faq-item-answer-text\"><p>Integrare un feed Instagram nel tuo blog \u00e8 un ottimo modo per mostrare i tuoi post pi\u00f9 recenti e affascinare il tuo pubblico.<\/p><ol><li>A <a href=\"https:\/\/elfsight.com\/blog\/how-to-embed-instagram-feed-on-website\/\">incorpora il feed di Instagram<\/a> gratuitamente su Blogger, visita innanzitutto il sito web di Elfsight e crea un account gratuito.<\/li><li>Utilizza il Widget gratuito di Instagram personalizzandone l&#8217;aspetto e le impostazioni per integrarlo con il tuo sito Blogger.<\/li><li>Dopo aver configurato gratuitamente il tuo feed Instagram, copia semplicemente il codice di incorporamento generato e incollalo nell&#8217;HTML del tuo sito dove desideri il feed da visualizzare.<\/li><\/ol><p>Con il tuo sito Blogger ora dotato del feed di Instagram, non solo aggiungerai interesse visivo ma manterrai anche coinvolti i tuoi lettori. Prova senza alcun costo i vantaggi del widget Instagram Elfsight!<\/p><\/div>\r\n\t\t\t\t\t<\/div>\r\n\t\t\t\t<\/div><\/div>\n","protected":false},"excerpt":{"rendered":"","protected":false},"author":9,"featured_media":0,"parent":839,"menu_order":0,"comment_status":"closed","ping_status":"closed","template":"templates\/template-application-platform.php","meta":{"publish_to_discourse":"","publish_post_category":"","wpdc_auto_publish_overridden":"","wpdc_topic_tags":"","wpdc_pin_topic":"","wpdc_pin_until":"","discourse_post_id":"","discourse_permalink":"","wpdc_publishing_response":"","wpdc_publishing_error":"","footnotes":""},"class_list":["post-4850","page","type-page","status-publish","hentry"],"yoast_head":"<!-- This site is optimized with the Yoast SEO plugin v25.3.1 - https:\/\/yoast.com\/wordpress\/plugins\/seo\/ -->\n<title>Incorpora il feed Instagram su Blogger con un plugin: aggiungi Instagram a un sito web in 2 minuti!<\/title>\n<meta name=\"description\" content=\"Avvia subito il tuo plugin Instagram premium per il sito Blogger! Genera un feed Instagram personale su Elfsight in soli 3 minuti.\" \/>\n<meta name=\"robots\" content=\"index, follow, max-snippet:-1, max-image-preview:large, max-video-preview:-1\" \/>\n<link rel=\"canonical\" href=\"https:\/\/elfsight.com\/it\/instagram-feed-instashow\/blogger\/\" \/>\n<meta property=\"og:locale\" content=\"it_IT\" \/>\n<meta property=\"og:type\" content=\"article\" \/>\n<meta property=\"og:title\" content=\"Incorpora il feed Instagram su Blogger con un plugin: aggiungi Instagram a un sito web in 2 minuti!\" \/>\n<meta property=\"og:description\" content=\"Avvia subito il tuo plugin Instagram premium per il sito Blogger! Genera un feed Instagram personale su Elfsight in soli 3 minuti.\" \/>\n<meta property=\"og:url\" content=\"https:\/\/elfsight.com\/it\/instagram-feed-instashow\/blogger\/\" \/>\n<meta property=\"og:site_name\" content=\"Elfsight IT\" \/>\n<meta property=\"article:modified_time\" content=\"2025-03-12T10:16:26+00:00\" \/>\n<meta name=\"twitter:card\" content=\"summary_large_image\" \/>\n<meta name=\"twitter:label1\" content=\"Tempo di lettura stimato\" \/>\n\t<meta name=\"twitter:data1\" content=\"5 minuti\" \/>\n<!-- \/ Yoast SEO plugin. -->","yoast_head_json":{"title":"Incorpora il feed Instagram su Blogger con un plugin: aggiungi Instagram a un sito web in 2 minuti!","description":"Avvia subito il tuo plugin Instagram premium per il sito Blogger! Genera un feed Instagram personale su Elfsight in soli 3 minuti.","robots":{"index":"index","follow":"follow","max-snippet":"max-snippet:-1","max-image-preview":"max-image-preview:large","max-video-preview":"max-video-preview:-1"},"canonical":"https:\/\/elfsight.com\/it\/instagram-feed-instashow\/blogger\/","og_locale":"it_IT","og_type":"article","og_title":"Incorpora il feed Instagram su Blogger con un plugin: aggiungi Instagram a un sito web in 2 minuti!","og_description":"Avvia subito il tuo plugin Instagram premium per il sito Blogger! Genera un feed Instagram personale su Elfsight in soli 3 minuti.","og_url":"https:\/\/elfsight.com\/it\/instagram-feed-instashow\/blogger\/","og_site_name":"Elfsight IT","article_modified_time":"2025-03-12T10:16:26+00:00","twitter_card":"summary_large_image","twitter_misc":{"Tempo di lettura stimato":"5 minuti"},"schema":{"@context":"https:\/\/schema.org","@graph":[{"@type":"WebPage","@id":"https:\/\/elfsight.com\/it\/instagram-feed-instashow\/blogger\/","url":"https:\/\/elfsight.com\/it\/instagram-feed-instashow\/blogger\/","name":"Incorpora il feed Instagram su Blogger con un plugin: aggiungi Instagram a un sito web in 2 minuti!","isPartOf":{"@id":"https:\/\/elfsight.com\/it\/#website"},"datePublished":"2024-05-03T06:39:38+00:00","dateModified":"2025-03-12T10:16:26+00:00","description":"Avvia subito il tuo plugin Instagram premium per il sito Blogger! Genera un feed Instagram personale su Elfsight in soli 3 minuti.","breadcrumb":{"@id":"https:\/\/elfsight.com\/it\/instagram-feed-instashow\/blogger\/#breadcrumb"},"inLanguage":"it-IT","potentialAction":[{"@type":"ReadAction","target":["https:\/\/elfsight.com\/it\/instagram-feed-instashow\/blogger\/"]}]},{"@type":"BreadcrumbList","@id":"https:\/\/elfsight.com\/it\/instagram-feed-instashow\/blogger\/#breadcrumb","itemListElement":[{"@type":"ListItem","position":1,"name":"Home","item":"https:\/\/elfsight.com\/it\/"},{"@type":"ListItem","position":2,"name":"Instagram Feed","item":"https:\/\/elfsight.com\/it\/instagram-feed-instashow\/"},{"@type":"ListItem","position":3,"name":"Instagram Feed &#8211; Blogger"}]},{"@type":"WebSite","@id":"https:\/\/elfsight.com\/it\/#website","url":"https:\/\/elfsight.com\/it\/","name":"Elfsight IT","description":"Just another Elfsight Sites site","potentialAction":[{"@type":"SearchAction","target":{"@type":"EntryPoint","urlTemplate":"https:\/\/elfsight.com\/it\/?s={search_term_string}"},"query-input":{"@type":"PropertyValueSpecification","valueRequired":true,"valueName":"search_term_string"}}],"inLanguage":"it-IT"}]}},"meta_box":{"industry":"","seo_heading":"","heading":"","description":"","cta_heading":"","cta_description":"","application":"832","h1":"Widget Feed di Instagram per Blogger","h1_caption":"Aggiungi post dal tuo account Instagram o tramite hashtag, fornendo il modo migliore per mostrare facilmente un feed Instagram dinamico sul tuo sito Web nel tuo sito Web BigCommerce.","application_category":[],"applications_title":"","applications_request_title":"","applications_request_button_text":"","hero_text":"","hero_video":"","hero_video_schema_markup":"","selling_points_title":"","selling_points_caption":"","selling_points":[],"selling_points_cta_text":"","features_title":"","features":"","ed_cta_examples_text":"","ed_cta_examples_hidden":"","ed_cta_demo_text":"","ed_cta_demo_hidden":"","why_caption":"","why_editor_title":"","why_editor_text":"","why_team_title":"","why_team_text":"","why_service_title":"","why_service_text":"","template_catalog_visible":"0","template_catalog_title":"","template_catalog_text":"","template_catalog_categories_visible":"","demo_title":"Crea il tuo widget Feed di Instagram","demo_caption":"Configura il tuo feed Instagram e aggiungilo gratuitamente al tuo sito Blogger!","default_faq_hidden":"","app_template_category":[],"platform":"33","template_public_id":"","codecanyon_url":"","codecanyon_item_id":"","codecanyon_price":"","pricing_caption":"","pricing_elfsight_apps_hide_column":"","pricing_elfsight_apps_url":"","pricing_codecanyon_price_caption":"","integration_category":[],"integration_request_title":"","integration_request_cta":"","integration_platform":"","integrations":[],"platform_category":[],"video_schema_markup":"","price":"da $ 0 al mese","trial":"","benefits":[{"text":"Aiuto per l'installazione gratuito"},{"text":"Servizio clienti professionale"},{"text":"Garanzia di rimborso di 14 giorni"},{"text":"Aggiornamenti gratuiti regolari"}],"button_url":"#demo","button_target_blank":"0","button_nofollow":"0","attributes":[{"name":"Installazioni"},{"name":"Reattivo","content":"S\u00cc"},{"name":"Browser compatibili","content":"Firefox, Safari, Opera, Chrome, Edge"}],"tags":[],"tags_disable_links":"0","hide_more_platforms":"0","video_object":"","demo_hide_cta":"0","demo_hide_cloud_options":"0","pricing_title":"","pricing":[{"pricing_icon":"platform","pricing_title":"Elfsight Apps","pricing_title_caption":"Software multipiattaforma adatto a qualsiasi sito","pricing_price":"da $ 0 \/ mese","pricing_price_caption":"inizia con un piano gratuito","pricing_benefits":[{"text":"Domini illimitati"},{"text":"Supporto aziendale rapido e ben documentato"},{"text":"Assistenza per l'installazione gratuita"},{"text":"100% personalizzabile"}],"pricing_button_text":"Aggiungi al sito web","pricing_button_url":"#demo"}],"related_apps_title":"","related_apps_hidden":"0","author":"","image":[],"title":"","job":"","social_networks":[]},"_links":{"self":[{"href":"https:\/\/elfsight.com\/it\/wp-json\/wp\/v2\/pages\/4850","targetHints":{"allow":["GET"]}}],"collection":[{"href":"https:\/\/elfsight.com\/it\/wp-json\/wp\/v2\/pages"}],"about":[{"href":"https:\/\/elfsight.com\/it\/wp-json\/wp\/v2\/types\/page"}],"author":[{"embeddable":true,"href":"https:\/\/elfsight.com\/it\/wp-json\/wp\/v2\/users\/9"}],"replies":[{"embeddable":true,"href":"https:\/\/elfsight.com\/it\/wp-json\/wp\/v2\/comments?post=4850"}],"version-history":[{"count":5,"href":"https:\/\/elfsight.com\/it\/wp-json\/wp\/v2\/pages\/4850\/revisions"}],"predecessor-version":[{"id":8568,"href":"https:\/\/elfsight.com\/it\/wp-json\/wp\/v2\/pages\/4850\/revisions\/8568"}],"up":[{"embeddable":true,"href":"https:\/\/elfsight.com\/it\/wp-json\/wp\/v2\/pages\/839"}],"wp:attachment":[{"href":"https:\/\/elfsight.com\/it\/wp-json\/wp\/v2\/media?parent=4850"}],"curies":[{"name":"wp","href":"https:\/\/api.w.org\/{rel}","templated":true}]}}