{"id":4845,"date":"2024-05-03T06:39:37","date_gmt":"2024-05-03T06:39:37","guid":{"rendered":"https:\/\/elfsight.com\/it\/?page_id=4845"},"modified":"2025-03-12T10:17:45","modified_gmt":"2025-03-12T10:17:45","slug":"drupal","status":"publish","type":"page","link":"https:\/\/elfsight.com\/it\/instagram-feed-instashow\/drupal\/","title":{"rendered":"Instagram Feed &#8211; Drupal"},"content":{"rendered":"\n<div class=\"application-platform-content-item-description application-platform-content-item\" id=\"description\" data-nav-section=\"description\"><h2>Incorpora Instagram su Drupal con il widget Elfsight<\/h2><p>InstaShow \u00e8 il miglior plugin per Instagram, che d\u00e0 la possibilit\u00e0 di creare meravigliose gallerie dalle immagini e dai video di Instagram. Una grande quantit\u00e0 di opzioni di personalizzazione del tuo feed: tutte le fonti disponibili, pre-moderazione del feed, pi\u00f9 di 70 caratteristiche adattive, 10 schemi di progettazione e 100% adattivo per qualsiasi dimensione dello schermo. Utilizza un plugin totalmente reattivo ed efficiente, per coinvolgere immediatamente gli spettatori del tuo sito.<\/p><ul><li><b>Raddoppia il tuo indice di conversione<\/b>.<br>Dimostra le tue offerte ai potenziali clienti tramite immagini da Instagram tramite hashtag, posizioni, account o tramite un URL specifico, per aumentare le prestazioni del tuo sito web.<\/li><li><b>Fai avanzare la tua pagina Instagram<\/b>.<br>Spingi ulteriormente il tuo profilo su Instagram aumentando la sua popolarit\u00e0 sul sito, consenti a pi\u00f9 visitatori di conoscerti e diventare tuoi abbonati.<\/li><li><b>Coinvolgi il maggior numero di visitatori del sito web<\/b>.<br>Integra le immagini da Instagram nel tuo sito web utilizzando il plug-in Elfsight e attireranno pi\u00f9 spettatori e li convinceranno a trascorrere pi\u00f9 tempo sul sito web.<\/li><\/ul><div class=\"faq\" data-component=\"FAQ\"><div class=\"faq-item\">\r\n\t\t\t\t\t<div class=\"faq-item-question\">\r\n\t\t\t\t\t\t<h3 class=\"faq-item-question-text\">Posso testare il widget Feed di Instagram in azione?<\/h3>\r\n\r\n\t\t\t\t\t\t<div class=\"faq-item-question-icon\"><\/div>\r\n\t\t\t\t\t<\/div>\r\n\r\n\t\t\t\t\t<div class=\"faq-item-answer\">\r\n\t\t\t\t\t\t<div class=\"faq-item-answer-text\"> <p>S\u00ec, puoi controllare le funzioni e le impostazioni del widget in una <a href=\"#demo\">demo<\/a> online gratuita senza registrazione.<\/p><\/div>\r\n\t\t\t\t\t<\/div>\r\n\t\t\t\t<\/div><\/div><\/div> <div class=\"application-platform-content-item-features application-platform-content-item\" id=\"features\" data-nav-section=\"features\"><h2>Caratteristiche principali del modulo Feed di Instagram<\/h2><p>I punti base del plugin Elfsight, che lo trasformano nello strumento migliore per incorporare il feed di Instagram su un tuo sito Drupal:<\/p><ul><li>Utilizza il filtro Escludi per limitare il numero di fonti<\/li><li>Numero regolabile di colonne e righe<\/li><li>9 elementi popup opzionali<\/li><li>Feed regolabile titolo<\/li><li>27 lingue popolari supportate<\/li><li>Opportunit\u00e0 di incorporare il modulo Drupal Instagram in pochi clic<\/li><\/ul><p><a href=\"#demo\">Vedi pi\u00f9 funzionalit\u00e0 nella nostra demo<\/a><\/p><\/div><div class=\"application-platform-content-item-installation application-platform-content-item\" id=\"installation\" data-nav-section=\"installation\"><h2>Come aggiungere il modulo Instagram al sito web Drupal<\/h2><div class=\"video-container\"><iframe width=\"560\" height=\"315\" src=\"https:\/\/www.youtube.com\/embed\/VZFmm8U9g0Y?si=F9S9P2Ealj0yeMY-\" frameborder=\"0\" allow=\"accelerometer; autoplay; clipboard-write; encrypted-media; gyroscope; picture-in-picture; web-share\" allowfullscreen><\/iframe><\/div><p> Segui semplicemente i passaggi presentati di seguito per aggiungere il feed Instagram su Drupal.<\/p> <ol><li><b>Apri la nostra demo gratuita e inizia a creare il tuo modulo unico. <\/b><br> Determina l&#8217;interfaccia e le funzionalit\u00e0 selezionate del modulo e salva le modifiche. <\/li> <li><b>Copia il tuo codice individuale mostrato nel riquadro sulle App Elfsight. <\/b><br> Subito dopo aver completato la creazione del tuo widget personale, copia il codice esclusivo nella finestra visualizzata e conservalo per necessit\u00e0 future. <\/li> <li><b>Accedi utilizzando il modulo sul tuo sito Drupal. <\/b><br> Inserisci il codice che hai copiato di recente nella tua pagina e salva i miglioramenti. <\/li> <li><b>Il gioco \u00e8 fatto! La configurazione \u00e8 completamente completata. <\/b><br> Vai al tuo sito per esaminare come funziona il plug-in. <\/li><\/ol><p>Riscontri problemi con la creazione del feed Drupal Instagram? Invia un messaggio al supporto client Elfsight.<\/p><\/div><div class=\"faq\" data-component=\"FAQ\"><div class=\"faq-item\">\r\n\t\t\t\t\t<div class=\"faq-item-question\">\r\n\t\t\t\t\t\t<h3 class=\"faq-item-question-text\">Esiste un'opzione per aggiungere il feed Instagram alla mia pagina Web Drupal senza codifica competenze?<\/h3>\r\n\r\n\t\t\t\t\t\t<div class=\"faq-item-question-icon\"><\/div>\r\n\t\t\t\t\t<\/div>\r\n\r\n\t\t\t\t\t<div class=\"faq-item-answer\">\r\n\t\t\t\t\t\t<div class=\"faq-item-answer-text\"><p>L&#8217;azienda Elfsight offre una soluzione che consente a un vasto pubblico di creare autonomamente un widget Feed Instagram, guarda la semplice guida: <\/p><ul><li>Lavora direttamente nell&#8217;editor live per creare una sezione Feed Instagram desideri apparire sulla home page di Drupal.<\/li><li>Scegli uno dei modelli predefiniti e adatta le impostazioni del feed di Instagram, aggiorna i tuoi contenuti, cambia il layout e i colori senza alcuna conoscenza di codifica.<\/li><li>Clicca per salvare il feed di Instagram e ottenere il codice del widget per l&#8217;installazione, che pu\u00f2 essere incollato in qualsiasi homepage Drupal senza acquistare una versione a pagamento. <\/li><\/ul><p>Con l&#8217;aiuto del configuratore facile da usare, qualsiasi utente di Internet pu\u00f2 creare una sezione Feed di Instagram e incollarla facilmente su qualsiasi sito Web Drupal. Non dovresti ottenere un piano a pagamento o divulgare i dati della tua carta per accedere a Elfsight Editor. Se riscontri problemi di qualsiasi tipo, non esitare a contattare il nostro staff di supporto.<\/p><\/div>\r\n\t\t\t\t\t<\/div>\r\n\t\t\t\t<\/div><div class=\"faq-item\">\r\n\t\t\t\t\t<div class=\"faq-item-question\">\r\n\t\t\t\t\t\t<h3 class=\"faq-item-question-text\">Come incorporare il feed di Instagram gratuitamente su Drupal?<\/h3>\r\n\r\n\t\t\t\t\t\t<div class=\"faq-item-question-icon\"><\/div>\r\n\t\t\t\t\t<\/div>\r\n\r\n\t\t\t\t\t<div class=\"faq-item-answer\">\r\n\t\t\t\t\t\t<div class=\"faq-item-answer-text\"><p>Incorporamento un feed Instagram nel tuo sito web \u00e8 un modo fantastico per evidenziare i tuoi post recenti e coinvolgere i tuoi visitatori.<\/p><ol><li>A <a href=\"https:\/\/elfsight.com\/blog\/how-to-embed-instagram-feed-on-website\/\">incorpora il feed di Instagram<\/a> gratuitamente su Drupal, inizia visitando il sito web di Elfsight e registrandoti per un account gratuito.<\/li><li>Utilizza Instagram gratuitamente widget personalizzandone l&#8217;aspetto e le impostazioni in modo che corrispondano al design del tuo sito Drupal.<\/li><li>Dopo aver personalizzato gratuitamente il tuo feed Instagram, copia il codice di incorporamento fornito e incollalo nell&#8217;HTML del tuo sito dove desideri feed da visualizzare.<\/li><\/ol><p>Il tuo sito web Drupal ora presenter\u00e0 il tuo feed Instagram, arricchendone l&#8217;attrattiva visiva e mantenendo vivo l&#8217;interesse dei visitatori. Sfrutta i vantaggi del widget Instagram Elfsight senza alcun impegno finanziario!<\/p><\/div>\r\n\t\t\t\t\t<\/div>\r\n\t\t\t\t<\/div><\/div>\n","protected":false},"excerpt":{"rendered":"","protected":false},"author":9,"featured_media":0,"parent":839,"menu_order":0,"comment_status":"closed","ping_status":"closed","template":"templates\/template-application-platform.php","meta":{"publish_to_discourse":"","publish_post_category":"","wpdc_auto_publish_overridden":"","wpdc_topic_tags":"","wpdc_pin_topic":"","wpdc_pin_until":"","discourse_post_id":"","discourse_permalink":"","wpdc_publishing_response":"","wpdc_publishing_error":"","footnotes":""},"class_list":["post-4845","page","type-page","status-publish","hentry"],"yoast_head":"<!-- This site is optimized with the Yoast SEO plugin v25.3.1 - https:\/\/yoast.com\/wordpress\/plugins\/seo\/ -->\n<title>Feed Instagram: aggiungi il modulo Instagram al sito Web Drupal<\/title>\n<meta name=\"description\" content=\"Controlla gratuitamente il miglior plugin Instagram per il sito Drupal! Crea un feed Instagram individuale su Elfsight in soli 3 minuti.\" \/>\n<meta name=\"robots\" content=\"index, follow, max-snippet:-1, max-image-preview:large, max-video-preview:-1\" \/>\n<link rel=\"canonical\" href=\"https:\/\/elfsight.com\/it\/instagram-feed-instashow\/drupal\/\" \/>\n<meta property=\"og:locale\" content=\"it_IT\" \/>\n<meta property=\"og:type\" content=\"article\" \/>\n<meta property=\"og:title\" content=\"Feed Instagram: aggiungi il modulo Instagram al sito Web Drupal\" \/>\n<meta property=\"og:description\" content=\"Controlla gratuitamente il miglior plugin Instagram per il sito Drupal! Crea un feed Instagram individuale su Elfsight in soli 3 minuti.\" \/>\n<meta property=\"og:url\" content=\"https:\/\/elfsight.com\/it\/instagram-feed-instashow\/drupal\/\" \/>\n<meta property=\"og:site_name\" content=\"Elfsight IT\" \/>\n<meta property=\"article:modified_time\" content=\"2025-03-12T10:17:45+00:00\" \/>\n<meta name=\"twitter:card\" content=\"summary_large_image\" \/>\n<meta name=\"twitter:label1\" content=\"Tempo di lettura stimato\" \/>\n\t<meta name=\"twitter:data1\" content=\"4 minuti\" \/>\n<!-- \/ Yoast SEO plugin. -->","yoast_head_json":{"title":"Feed Instagram: aggiungi il modulo Instagram al sito Web Drupal","description":"Controlla gratuitamente il miglior plugin Instagram per il sito Drupal! Crea un feed Instagram individuale su Elfsight in soli 3 minuti.","robots":{"index":"index","follow":"follow","max-snippet":"max-snippet:-1","max-image-preview":"max-image-preview:large","max-video-preview":"max-video-preview:-1"},"canonical":"https:\/\/elfsight.com\/it\/instagram-feed-instashow\/drupal\/","og_locale":"it_IT","og_type":"article","og_title":"Feed Instagram: aggiungi il modulo Instagram al sito Web Drupal","og_description":"Controlla gratuitamente il miglior plugin Instagram per il sito Drupal! Crea un feed Instagram individuale su Elfsight in soli 3 minuti.","og_url":"https:\/\/elfsight.com\/it\/instagram-feed-instashow\/drupal\/","og_site_name":"Elfsight IT","article_modified_time":"2025-03-12T10:17:45+00:00","twitter_card":"summary_large_image","twitter_misc":{"Tempo di lettura stimato":"4 minuti"},"schema":{"@context":"https:\/\/schema.org","@graph":[{"@type":"WebPage","@id":"https:\/\/elfsight.com\/it\/instagram-feed-instashow\/drupal\/","url":"https:\/\/elfsight.com\/it\/instagram-feed-instashow\/drupal\/","name":"Feed Instagram: aggiungi il modulo Instagram al sito Web Drupal","isPartOf":{"@id":"https:\/\/elfsight.com\/it\/#website"},"datePublished":"2024-05-03T06:39:37+00:00","dateModified":"2025-03-12T10:17:45+00:00","description":"Controlla gratuitamente il miglior plugin Instagram per il sito Drupal! Crea un feed Instagram individuale su Elfsight in soli 3 minuti.","breadcrumb":{"@id":"https:\/\/elfsight.com\/it\/instagram-feed-instashow\/drupal\/#breadcrumb"},"inLanguage":"it-IT","potentialAction":[{"@type":"ReadAction","target":["https:\/\/elfsight.com\/it\/instagram-feed-instashow\/drupal\/"]}]},{"@type":"BreadcrumbList","@id":"https:\/\/elfsight.com\/it\/instagram-feed-instashow\/drupal\/#breadcrumb","itemListElement":[{"@type":"ListItem","position":1,"name":"Home","item":"https:\/\/elfsight.com\/it\/"},{"@type":"ListItem","position":2,"name":"Instagram Feed","item":"https:\/\/elfsight.com\/it\/instagram-feed-instashow\/"},{"@type":"ListItem","position":3,"name":"Instagram Feed &#8211; Drupal"}]},{"@type":"WebSite","@id":"https:\/\/elfsight.com\/it\/#website","url":"https:\/\/elfsight.com\/it\/","name":"Elfsight IT","description":"Just another Elfsight Sites site","potentialAction":[{"@type":"SearchAction","target":{"@type":"EntryPoint","urlTemplate":"https:\/\/elfsight.com\/it\/?s={search_term_string}"},"query-input":{"@type":"PropertyValueSpecification","valueRequired":true,"valueName":"search_term_string"}}],"inLanguage":"it-IT"}]}},"meta_box":{"industry":"","seo_heading":"","heading":"","description":"","cta_heading":"","cta_description":"","application":"832","h1":"Widget feed di Instagram per Drupal","h1_caption":"Aggiungi post dal tuo account Instagram o tramite hashtag, fornendo il modo migliore per mostrare facilmente un feed Instagram dinamico sul tuo sito Web nel tuo sito Web Cornerstone.","application_category":[],"applications_title":"","applications_request_title":"","applications_request_button_text":"","hero_text":"","hero_video":"","hero_video_schema_markup":"","selling_points_title":"","selling_points_caption":"","selling_points":[],"selling_points_cta_text":"","features_title":"","features":"","ed_cta_examples_text":"","ed_cta_examples_hidden":"","ed_cta_demo_text":"","ed_cta_demo_hidden":"","why_caption":"","why_editor_title":"","why_editor_text":"","why_team_title":"","why_team_text":"","why_service_title":"","why_service_text":"","template_catalog_visible":"0","template_catalog_title":"","template_catalog_text":"","template_catalog_categories_visible":"","demo_title":"Crea il tuo modulo Feed Instagram","demo_caption":"Configura il tuo feed Instagram e aggiungilo gratuitamente al tuo sito Drupal!","default_faq_hidden":"","app_template_category":[],"platform":"34","template_public_id":"","codecanyon_url":"","codecanyon_item_id":"","codecanyon_price":"","pricing_caption":"","pricing_elfsight_apps_hide_column":"","pricing_elfsight_apps_url":"","pricing_codecanyon_price_caption":"","integration_category":[],"integration_request_title":"","integration_request_cta":"","integration_platform":"","integrations":[],"platform_category":[],"video_schema_markup":"","price":"da $ 0 al mese","trial":"","benefits":[{"text":"Servizio di installazione gratuito"},{"text":"Supporto eccezionale"},{"text":"Garanzia di rimborso di 14 giorni"},{"text":"Futuri miglioramenti gratuiti"}],"button_url":"#demo","button_target_blank":"0","button_nofollow":"0","attributes":[{"name":"Installazioni"},{"name":"Reattivo","content":"S\u00cc"},{"name":"Browser compatibili","content":"Firefox, Safari, Opera, Chrome, Edge"}],"tags":[],"tags_disable_links":"0","hide_more_platforms":"0","video_object":"","demo_hide_cta":"0","demo_hide_cloud_options":"0","pricing_title":"","pricing":[{"pricing_icon":"cloud","pricing_title":"Elfsight Apps","pricing_title_caption":"Soluzione multipiattaforma che funziona su qualsiasi sito web","pricing_price":"da $ 0 \/ mese","pricing_price_caption":"inizia con il piano gratuito","pricing_benefits":[{"text":"Siti web illimitati"},{"text":"Supporto aziendale rapido e ben documentato"},{"text":"Assistenza per l'installazione gratuita"},{"text":"Offerta a tempo limitato per pi\u00f9 app"}],"pricing_button_text":"Aggiungi al sito web","pricing_button_url":"#demo"}],"related_apps_title":"","related_apps_hidden":"0","author":"","image":[],"title":"","job":"","social_networks":[]},"_links":{"self":[{"href":"https:\/\/elfsight.com\/it\/wp-json\/wp\/v2\/pages\/4845","targetHints":{"allow":["GET"]}}],"collection":[{"href":"https:\/\/elfsight.com\/it\/wp-json\/wp\/v2\/pages"}],"about":[{"href":"https:\/\/elfsight.com\/it\/wp-json\/wp\/v2\/types\/page"}],"author":[{"embeddable":true,"href":"https:\/\/elfsight.com\/it\/wp-json\/wp\/v2\/users\/9"}],"replies":[{"embeddable":true,"href":"https:\/\/elfsight.com\/it\/wp-json\/wp\/v2\/comments?post=4845"}],"version-history":[{"count":4,"href":"https:\/\/elfsight.com\/it\/wp-json\/wp\/v2\/pages\/4845\/revisions"}],"predecessor-version":[{"id":8569,"href":"https:\/\/elfsight.com\/it\/wp-json\/wp\/v2\/pages\/4845\/revisions\/8569"}],"up":[{"embeddable":true,"href":"https:\/\/elfsight.com\/it\/wp-json\/wp\/v2\/pages\/839"}],"wp:attachment":[{"href":"https:\/\/elfsight.com\/it\/wp-json\/wp\/v2\/media?parent=4845"}],"curies":[{"name":"wp","href":"https:\/\/api.w.org\/{rel}","templated":true}]}}