{"id":4829,"date":"2024-05-03T06:39:29","date_gmt":"2024-05-03T06:39:29","guid":{"rendered":"https:\/\/elfsight.com\/it\/?page_id=4829"},"modified":"2025-03-12T13:23:20","modified_gmt":"2025-03-12T13:23:20","slug":"iframe","status":"publish","type":"page","link":"https:\/\/elfsight.com\/it\/instagram-feed-instashow\/iframe\/","title":{"rendered":"Instagram Feed &#8211; iFrame"},"content":{"rendered":"\n<div class=\"application-platform-content-item-description application-platform-content-item\" id=\"description\" data-nav-section=\"description\"> <h2>Incorpora Instagram su iFrame con il widget Elfsight<\/h2> <p>InstaShow \u00e8 un potente plugin per Instagram, che ti consente di generare bellissime gallerie di immagini e video clip di Instagram. Un numero illimitato di variazioni delle impostazioni del tuo feed: tutti i tipi di fonti, moderazione dei post, pi\u00f9 di 70 parametri personalizzabili e 10 combinazioni di colori e completamente adattabili a varie risoluzioni. Utilizza un plugin totalmente reattivo ed efficiente, per coinvolgere gli spettatori del tuo sito a colpo d&#8217;occhio.<\/p><p><b>Aumenta l&#8217;indice di conversione<\/b><br> Dimostra i tuoi prodotti o servizi tramite immagini da Instagram utilizzando gli hashtag , posizioni, profilo o tramite URL specificato, per migliorare le entrate del tuo sito.<\/p><p><b>Pubblicizza la tua pagina Instagram<\/b><br>Promuovi la tua pagina su Instagram tramite il sito web, fai conoscere a pi\u00f9 utenti e trasformati in tuoi fan.<\/p><p><b>Coinvolgi il maggior numero di utenti<\/b><br>Incorpora nel tuo sito web immagini da Instagram tramite il nostro plugin e otterranno pi\u00f9 visitatori e li convinceranno per rimanere sul sito web.<\/p><div class=\"faq\" data-component=\"FAQ\"><div class=\"faq-item\">\r\n\t\t\t\t\t<div class=\"faq-item-question\">\r\n\t\t\t\t\t\t<h3 class=\"faq-item-question-text\">Posso testare il widget Feed di Instagram in azione?<\/h3>\r\n\r\n\t\t\t\t\t\t<div class=\"faq-item-question-icon\"><\/div>\r\n\t\t\t\t\t<\/div>\r\n\r\n\t\t\t\t\t<div class=\"faq-item-answer\">\r\n\t\t\t\t\t\t<div class=\"faq-item-answer-text\"> <p>S\u00ec, puoi testare tutte le funzionalit\u00e0 senza la necessit\u00e0 di registrarti al nostro servizio. Puoi andare a una <a href=\"#demo\">demo<\/a> dal vivo e creare il tuo straordinario widget iFrame di Instagram. Inoltre, puoi incorporarlo gratuitamente nel tuo sito web, per testarne le prestazioni e vederne il design.<\/p><\/div>\r\n\t\t\t\t\t<\/div>\r\n\t\t\t\t<\/div><div class=\"faq-item\">\r\n\t\t\t\t\t<div class=\"faq-item-question\">\r\n\t\t\t\t\t\t<h3 class=\"faq-item-question-text\">Come incorporare il feed di Instagram gratuitamente su iFrame?<\/h3>\r\n\r\n\t\t\t\t\t\t<div class=\"faq-item-question-icon\"><\/div>\r\n\t\t\t\t\t<\/div>\r\n\r\n\t\t\t\t\t<div class=\"faq-item-answer\">\r\n\t\t\t\t\t\t<div class=\"faq-item-answer-text\"><ol> <p>Aggiungere un <a href=\"https:\/\/elfsight.com\/blog\/how-to-embed-instagram-feed-on-website\/\">Instagram al sito web iFrame<\/a> \u00e8 un approccio eccezionale per evidenziare i tuoi post pi\u00f9 recenti e promuovi il coinvolgimento degli utenti.<\/p><ol><li>Per incorporare gratuitamente un feed Instagram di Elfsight in un iFrame, vai al sito web di Elfsight e crea un account gratuito.<\/li><li>Ottimizza i Widget gratuito di Instagram modificandone l&#8217;aspetto e le impostazioni per adattarlo al design e alla funzionalit\u00e0 del tuo iFrame.<\/li><li>Dopo aver configurato gratuitamente il tuo feed Instagram, copia il codice di incorporamento esclusivo e incollalo nel codice HTML dell&#8217;iFrame nel punto desiderato il feed verr\u00e0 visualizzato.<\/li><\/ol><p>Presentando il tuo feed di Instagram all&#8217;interno di un iFrame, aumenterai il suo fascino visivo e favorirai il coinvolgimento continuo degli utenti. Prova i vantaggi del widget Instagram Elfsight senza sostenere alcuna spesa!<\/p><\/ol><\/div>\r\n\t\t\t\t\t<\/div>\r\n\t\t\t\t<\/div><\/div><\/div> <div class=\"application-platform-content-item-features application-platform-content-item\" id=\"features\" data-nav-section=\"features\"> <h2>Caratteristiche principali del feed Instagram widget<\/h2> <p>Le caratteristiche di base del nostro plugin, che lo rendono il miglior metodo iFrame per l&#8217;inserimento di Instagram:<\/p><ul><li>Utilizza un numero illimitato di fonti da mostrare sul tuo sito web;<\/li> <li>Aggiungi contenuti tramite URL, hashtag e nomi utente;<\/li><li>2 layout di feed pronti all&#8217;uso: cursore e griglia;<\/li><li>2 modelli di post: riquadro e classico; <\/li><li>Diverse impostazioni dei post con elementi post ed elementi popup.<\/li><\/ul><p><a href=\"#demo\">Tutte le opzioni nella demo di Elfsight<\/a><\/p> <\/div><div class=\"application-platform-content-item-installation application-platform-content-item\" id=\"installation\" data-nav-section=\"installation\"><h2>Come aggiungere il plug-in Feed di Instagram al sito Web iFrame<\/h2><p>Consulta il nostro breve tutorial sulla configurazione e personalizzazione del plug-in. Il tempo totale di configurazione \u00e8 inferiore a 3 minuti e inoltre non \u00e8 necessaria alcuna conoscenza di programmazione.<\/p><ol><li><b>Genera il tuo plug-in Instagram personalizzato<\/b><br> Tramite della nostra demo gratuita, crea un plugin con un design e caratteristiche funzionali preferibili. <\/li><li><b>Acquisisci il codice individuale per installare il plugin<\/b><br> Dopo aver personalizzato il tuo plugin, acquisirai il codice di configurazione dalla notifica visualizzata sulle app Elfsight. Copia il codice per un ulteriore utilizzo. <\/li> <li><b>Il plugin sul tuo sito web iFrame<\/b><br> Definisci l&#8217;area in cui prevedi di aggiungere il plugin e aggiungi l\u00ec il codice copiato. Pubblica i risultati. <\/li> <li><b>Hai completato con successo la configurazione<\/b><br> Entra nel tuo negozio, per controllare il tuo lavoro.<\/li> <\/ol><p>Incontri difficolt\u00e0 con la configurazione o la personalizzazione del tuo tuo feed Instagram? Contatta il centro assistenza Elfsight o leggi per leggere un manuale completo: \u00abIncorporamento del feed Instagram su iFrame\u00bb.<\/p><\/div>\n","protected":false},"excerpt":{"rendered":"","protected":false},"author":9,"featured_media":0,"parent":839,"menu_order":0,"comment_status":"closed","ping_status":"closed","template":"templates\/template-application-platform.php","meta":{"publish_to_discourse":"","publish_post_category":"","wpdc_auto_publish_overridden":"","wpdc_topic_tags":"","wpdc_pin_topic":"","wpdc_pin_until":"","discourse_post_id":"","discourse_permalink":"","wpdc_publishing_response":"","wpdc_publishing_error":"","footnotes":""},"class_list":["post-4829","page","type-page","status-publish","hentry"],"yoast_head":"<!-- This site is optimized with the Yoast SEO plugin v25.3.1 - https:\/\/yoast.com\/wordpress\/plugins\/seo\/ -->\n<title>Plug-in iFrame Instagram Feed per il tuo sito web (gratuito e veloce)<\/title>\n<meta name=\"description\" content=\"Utilizza gratuitamente il miglior plug-in Instagram reattivo per il sito Web IFrame! Progetta il tuo feed Instagram su Elfsight in soli 3 minuti.\" \/>\n<meta name=\"robots\" content=\"index, follow, max-snippet:-1, max-image-preview:large, max-video-preview:-1\" \/>\n<link rel=\"canonical\" href=\"https:\/\/elfsight.com\/it\/instagram-feed-instashow\/iframe\/\" \/>\n<meta property=\"og:locale\" content=\"it_IT\" \/>\n<meta property=\"og:type\" content=\"article\" \/>\n<meta property=\"og:title\" content=\"Plug-in iFrame Instagram Feed per il tuo sito web (gratuito e veloce)\" \/>\n<meta property=\"og:description\" content=\"Utilizza gratuitamente il miglior plug-in Instagram reattivo per il sito Web IFrame! Progetta il tuo feed Instagram su Elfsight in soli 3 minuti.\" \/>\n<meta property=\"og:url\" content=\"https:\/\/elfsight.com\/it\/instagram-feed-instashow\/iframe\/\" \/>\n<meta property=\"og:site_name\" content=\"Elfsight IT\" \/>\n<meta property=\"article:modified_time\" content=\"2025-03-12T13:23:20+00:00\" \/>\n<meta name=\"twitter:card\" content=\"summary_large_image\" \/>\n<meta name=\"twitter:label1\" content=\"Tempo di lettura stimato\" \/>\n\t<meta name=\"twitter:data1\" content=\"4 minuti\" \/>\n<!-- \/ Yoast SEO plugin. -->","yoast_head_json":{"title":"Plug-in iFrame Instagram Feed per il tuo sito web (gratuito e veloce)","description":"Utilizza gratuitamente il miglior plug-in Instagram reattivo per il sito Web IFrame! Progetta il tuo feed Instagram su Elfsight in soli 3 minuti.","robots":{"index":"index","follow":"follow","max-snippet":"max-snippet:-1","max-image-preview":"max-image-preview:large","max-video-preview":"max-video-preview:-1"},"canonical":"https:\/\/elfsight.com\/it\/instagram-feed-instashow\/iframe\/","og_locale":"it_IT","og_type":"article","og_title":"Plug-in iFrame Instagram Feed per il tuo sito web (gratuito e veloce)","og_description":"Utilizza gratuitamente il miglior plug-in Instagram reattivo per il sito Web IFrame! Progetta il tuo feed Instagram su Elfsight in soli 3 minuti.","og_url":"https:\/\/elfsight.com\/it\/instagram-feed-instashow\/iframe\/","og_site_name":"Elfsight IT","article_modified_time":"2025-03-12T13:23:20+00:00","twitter_card":"summary_large_image","twitter_misc":{"Tempo di lettura stimato":"4 minuti"},"schema":{"@context":"https:\/\/schema.org","@graph":[{"@type":"WebPage","@id":"https:\/\/elfsight.com\/it\/instagram-feed-instashow\/iframe\/","url":"https:\/\/elfsight.com\/it\/instagram-feed-instashow\/iframe\/","name":"Plug-in iFrame Instagram Feed per il tuo sito web (gratuito e veloce)","isPartOf":{"@id":"https:\/\/elfsight.com\/it\/#website"},"datePublished":"2024-05-03T06:39:29+00:00","dateModified":"2025-03-12T13:23:20+00:00","description":"Utilizza gratuitamente il miglior plug-in Instagram reattivo per il sito Web IFrame! Progetta il tuo feed Instagram su Elfsight in soli 3 minuti.","breadcrumb":{"@id":"https:\/\/elfsight.com\/it\/instagram-feed-instashow\/iframe\/#breadcrumb"},"inLanguage":"it-IT","potentialAction":[{"@type":"ReadAction","target":["https:\/\/elfsight.com\/it\/instagram-feed-instashow\/iframe\/"]}]},{"@type":"BreadcrumbList","@id":"https:\/\/elfsight.com\/it\/instagram-feed-instashow\/iframe\/#breadcrumb","itemListElement":[{"@type":"ListItem","position":1,"name":"Home","item":"https:\/\/elfsight.com\/it\/"},{"@type":"ListItem","position":2,"name":"Instagram Feed","item":"https:\/\/elfsight.com\/it\/instagram-feed-instashow\/"},{"@type":"ListItem","position":3,"name":"Instagram Feed &#8211; iFrame"}]},{"@type":"WebSite","@id":"https:\/\/elfsight.com\/it\/#website","url":"https:\/\/elfsight.com\/it\/","name":"Elfsight IT","description":"Just another Elfsight Sites site","potentialAction":[{"@type":"SearchAction","target":{"@type":"EntryPoint","urlTemplate":"https:\/\/elfsight.com\/it\/?s={search_term_string}"},"query-input":{"@type":"PropertyValueSpecification","valueRequired":true,"valueName":"search_term_string"}}],"inLanguage":"it-IT"}]}},"meta_box":{"industry":"","seo_heading":"","heading":"","description":"","cta_heading":"","cta_description":"","application":"832","h1":"Plug-in di feed Instagram iFrame","h1_caption":"Aggiungi post dal tuo account Instagram o tramite hashtag, fornendo il modo migliore per mostrare facilmente un feed Instagram dinamico sul tuo sito Web nel tuo sito Web HTML.","application_category":[],"applications_title":"","applications_request_title":"","applications_request_button_text":"","hero_text":"","hero_video":"","hero_video_schema_markup":"","selling_points_title":"","selling_points_caption":"","selling_points":[],"selling_points_cta_text":"","features_title":"","features":"","ed_cta_examples_text":"","ed_cta_examples_hidden":"","ed_cta_demo_text":"","ed_cta_demo_hidden":"","why_caption":"","why_editor_title":"","why_editor_text":"","why_team_title":"","why_team_text":"","why_service_title":"","why_service_text":"","template_catalog_visible":"0","template_catalog_title":"","template_catalog_text":"","template_catalog_categories_visible":"","demo_title":"Crea il tuo widget Feed di Instagram","demo_caption":"Configura il tuo feed Instagram e aggiungilo gratuitamente al tuo sito iFrame!","default_faq_hidden":"","app_template_category":[],"platform":"54","template_public_id":"","codecanyon_url":"","codecanyon_item_id":"","codecanyon_price":"","pricing_caption":"","pricing_elfsight_apps_hide_column":"","pricing_elfsight_apps_url":"","pricing_codecanyon_price_caption":"","integration_category":[],"integration_request_title":"","integration_request_cta":"","integration_platform":"","integrations":[],"platform_category":[],"video_schema_markup":"","price":"da $ 0 al mese","trial":"","benefits":[{"text":"Servizio di installazione gratuito"},{"text":"Servizio clienti professionale"},{"text":"Garanzia di rimborso di 14 giorni"},{"text":"Aggiornamento costante"}],"button_url":"#demo","button_target_blank":"0","button_nofollow":"0","attributes":[{"name":"Installazioni"},{"name":"Reattivo","content":"S\u00cc"},{"name":"Browser compatibili","content":"Firefox, Safari, Opera, Chrome, Edge"}],"tags":[],"tags_disable_links":"0","hide_more_platforms":"0","video_object":"","demo_hide_cta":"0","demo_hide_cloud_options":"0","pricing_title":"","pricing":[{"pricing_icon":"platform","pricing_title":"Elfsight Apps","pricing_title_caption":"Soluzione indipendente dalla piattaforma adatta a qualsiasi sito web","pricing_price":"da $ 0 \/ mese","pricing_price_caption":"inizia con il piano gratuito","pricing_benefits":[{"text":"Domini illimitati"},{"text":"Assistenza clienti premium"},{"text":"Supporto gratuito per l'installazione"},{"text":"Prezzo speciale per pi\u00f9 app"}],"pricing_button_text":"Aggiungi al sito web","pricing_button_url":"#demo"}],"related_apps_title":"","related_apps_hidden":"0","author":"","image":[],"title":"","job":"","social_networks":[]},"_links":{"self":[{"href":"https:\/\/elfsight.com\/it\/wp-json\/wp\/v2\/pages\/4829","targetHints":{"allow":["GET"]}}],"collection":[{"href":"https:\/\/elfsight.com\/it\/wp-json\/wp\/v2\/pages"}],"about":[{"href":"https:\/\/elfsight.com\/it\/wp-json\/wp\/v2\/types\/page"}],"author":[{"embeddable":true,"href":"https:\/\/elfsight.com\/it\/wp-json\/wp\/v2\/users\/9"}],"replies":[{"embeddable":true,"href":"https:\/\/elfsight.com\/it\/wp-json\/wp\/v2\/comments?post=4829"}],"version-history":[{"count":3,"href":"https:\/\/elfsight.com\/it\/wp-json\/wp\/v2\/pages\/4829\/revisions"}],"predecessor-version":[{"id":8576,"href":"https:\/\/elfsight.com\/it\/wp-json\/wp\/v2\/pages\/4829\/revisions\/8576"}],"up":[{"embeddable":true,"href":"https:\/\/elfsight.com\/it\/wp-json\/wp\/v2\/pages\/839"}],"wp:attachment":[{"href":"https:\/\/elfsight.com\/it\/wp-json\/wp\/v2\/media?parent=4829"}],"curies":[{"name":"wp","href":"https:\/\/api.w.org\/{rel}","templated":true}]}}