{"id":4821,"date":"2024-05-03T06:39:25","date_gmt":"2024-05-03T06:39:25","guid":{"rendered":"https:\/\/elfsight.com\/it\/?page_id=4821"},"modified":"2025-01-23T17:58:13","modified_gmt":"2025-01-23T17:58:13","slug":"google-sites","status":"publish","type":"page","link":"https:\/\/elfsight.com\/it\/instagram-feed-instashow\/google-sites\/","title":{"rendered":"Instagram Feed &#8211; Google Sites"},"content":{"rendered":"<iframe width=\"720\" height=\"405\" src=\"https:\/\/www.youtube.com\/embed\/Z6pDxg1SqLg\" frameborder=\"0\" allowfullscreen=\"\"><\/iframe><div class=\"application-platform-content-item-description application-platform-content-item\" id=\"description\" data-nav-section=\"description\"><h2>Incorpora Instagram su Google Sites con il widget Elfsight<\/h2> <p>InstaShow \u00e8 un potente plugin per Instagram, che rende possibile generare allettanti gallerie di foto e video di Instagram. Un numero infinito di varianti di impostazioni del tuo profilo personale: tutti i tipi di fonti, filtri di feed, pi\u00f9 di 60 valori regolabili e 10 combinazioni di colori e completamente adattabili per varie dimensioni dello schermo. Utilizza un plugin totalmente reattivo e pratico per attirare immediatamente i visitatori del tuo sito.<\/p> <p><b>Rendi il tuo sito pi\u00f9 efficace per gli obiettivi di e-commerce con l&#8217;aiuto di Instagram Feed<\/b><\/p><div class=\"faq\" data-component=\"FAQ\"><div class=\"faq-item\">\r\n\t\t\t\t\t<div class=\"faq-item-question\">\r\n\t\t\t\t\t\t<h3 class=\"faq-item-question-text\">Posso testare il widget Feed di Instagram in azione?<\/h3>\r\n\r\n\t\t\t\t\t\t<div class=\"faq-item-question-icon\"><\/div>\r\n\t\t\t\t\t<\/div>\r\n\r\n\t\t\t\t\t<div class=\"faq-item-answer\">\r\n\t\t\t\t\t\t<div class=\"faq-item-answer-text\"> <p>S\u00ec, hai questa opzione anche senza registrazione! C&#8217;\u00e8 la possibilit\u00e0 di testare visivamente tutte le funzionalit\u00e0 del widget in una <a href=\"#demo\">demo<\/a>. Inoltre, puoi incorporare il feed di Instagram su Google Sites e vedere le sue prestazioni gratuitamente.<\/p><\/div>\r\n\t\t\t\t\t<\/div>\r\n\t\t\t\t<\/div><div class=\"faq-item\">\r\n\t\t\t\t\t<div class=\"faq-item-question\">\r\n\t\t\t\t\t\t<h3 class=\"faq-item-question-text\">Come incorporare il feed di Instagram gratuitamente su Google Sites?<\/h3>\r\n\r\n\t\t\t\t\t\t<div class=\"faq-item-question-icon\"><\/div>\r\n\t\t\t\t\t<\/div>\r\n\r\n\t\t\t\t\t<div class=\"faq-item-answer\">\r\n\t\t\t\t\t\t<div class=\"faq-item-answer-text\"><ol><p>Integrare un feed Instagram nella tua pagina web \u00e8 un modo brillante per mostrare i tuoi post pi\u00f9 recenti e mantenere vivo l&#8217;interesse dei visitatori.<\/p><ol><li>A <a href=\"https:\/\/elfsight.com\/blog\/how-to-embed-instagram-feed-on-website\/\">incorpora il feed Instagram di Elfsight<\/a> gratuitamente su Google Sites, visita il sito web di Elfsight e registrati per un account a costo zero.<\/li><li>Ottieni il massimo dal widget gratuito di Instagram personalizzandone l&#8217;aspetto e le impostazioni per adattarlo al design della tua pagina Google Sites.<\/li><li>Dopo aver ottimizzato gratuitamente il tuo feed di Instagram, copia il codice di incorporamento distintivo e incollalo nel codice HTML della tua pagina Google Sites in cui desideri che venga visualizzato il feed.<\/li><\/ol><p>Incorporando il tuo feed Instagram nella tua pagina Google Sites, ne amplificherai l&#8217;attrattiva visiva e manterrai un costante coinvolgimento dei visitatori . Goditi i vantaggi del widget Instagram Elfsight senza alcun investimento finanziario!<\/p><\/ol><\/div>\r\n\t\t\t\t\t<\/div>\r\n\t\t\t\t<\/div><\/div><\/div> <div class=\"application-platform-content-item-features application-platform-content-item\" id=\"features\" data-nav-section=\"features\"> <h2>Caratteristiche principali del plugin Instagram Feed <\/h2><p>Offriamo funzionalit\u00e0 potenti e veloci, guardane alcune: <\/p> <ul><li>2 layout di feed pronti all&#8217;uso: slider e griglia<\/li><li>2 post modelli: riquadro e classico<\/li><li>Numero regolabile di colonne e righe<\/li><li>Diverse impostazioni dei post con elementi post ed elementi popup<\/li><li>Frecce, trascinamenti e navigazione tramite diapositive<\/li><\/ul><p><a href=\"#demo\">Basta controllare questa demo per vedere come funziona<\/a><\/p> <\/div> <div class=\"application-platform-content-item-installation application-platform-content-item\" id=\"installation\" data-nav-section=\"installation\"> <h2>Come posso aggiungere il feed di Instagram ai miei siti Google? <\/h2><div class=\"video-container\"><\/div><p>Segui semplicemente i passaggi descritti di seguito per iniziare a lavorare con lo strumento. <\/p> <ol><li><b>Lancia la nostra demo gratuita e inizia a formare il tuo strumento. <\/b><br> Determina l&#8217;aspetto e gli aspetti adatti del plugin e salva le correzioni. <\/li> <li><b>Ricevi il tuo codice personale rivelato nel box su Elfsight Apps. <\/b><br> Subito dopo aver terminato la generazione del tuo strumento, copia il codice personale dalla casella visualizzata e salvalo per un ulteriore utilizzo. <\/li> <li><b>Inizia a utilizzare il plug-in sulla tua pagina web di Google Sites. <\/b><br> Aggiungi il codice salvato in precedenza nella tua home page e salva le modifiche. <\/li> <li><b>Il gioco \u00e8 fatto! L&#8217;incorporamento \u00e8 completamente terminato. <\/b><br> Visita la tua pagina per vedere in azione come funziona il widget. <\/li><\/ol> [suggerimento]<b>A causa delle peculiarit\u00e0 del funzionamento di Google Sites, il widget potrebbe avere un aspetto diverso dalla demo online. Ci scusiamo per gli eventuali disagi causati.<\/b>[\/tip]<p>Se hai domande o incontri alcuni ostacoli, rivolgiti al nostro team di supporto. I nostri consulenti saranno entusiasti di aiutarti con tutte le domande che potresti avere sullo strumento. <\/p> <\/div>","protected":false},"excerpt":{"rendered":"","protected":false},"author":9,"featured_media":0,"parent":839,"menu_order":0,"comment_status":"closed","ping_status":"closed","template":"templates\/template-application-platform.php","meta":{"publish_to_discourse":"","publish_post_category":"","wpdc_auto_publish_overridden":"","wpdc_topic_tags":"","wpdc_pin_topic":"","wpdc_pin_until":"","discourse_post_id":"","discourse_permalink":"","wpdc_publishing_response":"","wpdc_publishing_error":"","footnotes":""},"class_list":["post-4821","page","type-page","status-publish","hentry"],"yoast_head":"<!-- This site is optimized with the Yoast SEO plugin v25.3.1 - https:\/\/yoast.com\/wordpress\/plugins\/seo\/ -->\n<title>Incorpora il feed Instagram su Google Sites: aggiungi il feed Instagram in 2 minuti!<\/title>\n<meta name=\"description\" content=\"Implementa un plug-in reattivo per il feed di Instagram sul tuo sito Google Sites e ottieni la massima fiducia. Utilizza la demo di Elfsight per creare la tua funzionalit\u00e0 unica.\" \/>\n<meta name=\"robots\" content=\"index, follow, max-snippet:-1, max-image-preview:large, max-video-preview:-1\" \/>\n<link rel=\"canonical\" href=\"https:\/\/elfsight.com\/it\/instagram-feed-instashow\/google-sites\/\" \/>\n<meta property=\"og:locale\" content=\"it_IT\" \/>\n<meta property=\"og:type\" content=\"article\" \/>\n<meta property=\"og:title\" content=\"Incorpora il feed Instagram su Google Sites: aggiungi il feed Instagram in 2 minuti!\" \/>\n<meta property=\"og:description\" content=\"Implementa un plug-in reattivo per il feed di Instagram sul tuo sito Google Sites e ottieni la massima fiducia. Utilizza la demo di Elfsight per creare la tua funzionalit\u00e0 unica.\" \/>\n<meta property=\"og:url\" content=\"https:\/\/elfsight.com\/it\/instagram-feed-instashow\/google-sites\/\" \/>\n<meta property=\"og:site_name\" content=\"Elfsight IT\" \/>\n<meta property=\"article:modified_time\" content=\"2025-01-23T17:58:13+00:00\" \/>\n<meta name=\"twitter:card\" content=\"summary_large_image\" \/>\n<meta name=\"twitter:label1\" content=\"Tempo di lettura stimato\" \/>\n\t<meta name=\"twitter:data1\" content=\"3 minuti\" \/>\n<!-- \/ Yoast SEO plugin. -->","yoast_head_json":{"title":"Incorpora il feed Instagram su Google Sites: aggiungi il feed Instagram in 2 minuti!","description":"Implementa un plug-in reattivo per il feed di Instagram sul tuo sito Google Sites e ottieni la massima fiducia. Utilizza la demo di Elfsight per creare la tua funzionalit\u00e0 unica.","robots":{"index":"index","follow":"follow","max-snippet":"max-snippet:-1","max-image-preview":"max-image-preview:large","max-video-preview":"max-video-preview:-1"},"canonical":"https:\/\/elfsight.com\/it\/instagram-feed-instashow\/google-sites\/","og_locale":"it_IT","og_type":"article","og_title":"Incorpora il feed Instagram su Google Sites: aggiungi il feed Instagram in 2 minuti!","og_description":"Implementa un plug-in reattivo per il feed di Instagram sul tuo sito Google Sites e ottieni la massima fiducia. Utilizza la demo di Elfsight per creare la tua funzionalit\u00e0 unica.","og_url":"https:\/\/elfsight.com\/it\/instagram-feed-instashow\/google-sites\/","og_site_name":"Elfsight IT","article_modified_time":"2025-01-23T17:58:13+00:00","twitter_card":"summary_large_image","twitter_misc":{"Tempo di lettura stimato":"3 minuti"},"schema":{"@context":"https:\/\/schema.org","@graph":[{"@type":"WebPage","@id":"https:\/\/elfsight.com\/it\/instagram-feed-instashow\/google-sites\/","url":"https:\/\/elfsight.com\/it\/instagram-feed-instashow\/google-sites\/","name":"Incorpora il feed Instagram su Google Sites: aggiungi il feed Instagram in 2 minuti!","isPartOf":{"@id":"https:\/\/elfsight.com\/it\/#website"},"datePublished":"2024-05-03T06:39:25+00:00","dateModified":"2025-01-23T17:58:13+00:00","description":"Implementa un plug-in reattivo per il feed di Instagram sul tuo sito Google Sites e ottieni la massima fiducia. Utilizza la demo di Elfsight per creare la tua funzionalit\u00e0 unica.","breadcrumb":{"@id":"https:\/\/elfsight.com\/it\/instagram-feed-instashow\/google-sites\/#breadcrumb"},"inLanguage":"it-IT","potentialAction":[{"@type":"ReadAction","target":["https:\/\/elfsight.com\/it\/instagram-feed-instashow\/google-sites\/"]}]},{"@type":"BreadcrumbList","@id":"https:\/\/elfsight.com\/it\/instagram-feed-instashow\/google-sites\/#breadcrumb","itemListElement":[{"@type":"ListItem","position":1,"name":"Home","item":"https:\/\/elfsight.com\/it\/"},{"@type":"ListItem","position":2,"name":"Instagram Feed","item":"https:\/\/elfsight.com\/it\/instagram-feed-instashow\/"},{"@type":"ListItem","position":3,"name":"Instagram Feed &#8211; Google Sites"}]},{"@type":"WebSite","@id":"https:\/\/elfsight.com\/it\/#website","url":"https:\/\/elfsight.com\/it\/","name":"Elfsight IT","description":"Just another Elfsight Sites site","potentialAction":[{"@type":"SearchAction","target":{"@type":"EntryPoint","urlTemplate":"https:\/\/elfsight.com\/it\/?s={search_term_string}"},"query-input":{"@type":"PropertyValueSpecification","valueRequired":true,"valueName":"search_term_string"}}],"inLanguage":"it-IT"}]}},"meta_box":{"industry":"","seo_heading":"","heading":"","description":"","cta_heading":"","cta_description":"","application":"832","h1":"Widget feed Instagram di Google Sites","h1_caption":"Aggiungi post dal tuo account Instagram o tramite hashtag, fornendo il modo migliore per mostrare facilmente un feed Instagram dinamico sul tuo sito Web nel tuo sito Web GoDaddy.","application_category":[],"applications_title":"","applications_request_title":"","applications_request_button_text":"","hero_text":"","hero_video":"","hero_video_schema_markup":"","selling_points_title":"","selling_points_caption":"","selling_points":[],"selling_points_cta_text":"","features_title":"","features":"","ed_cta_examples_text":"","ed_cta_examples_hidden":"","ed_cta_demo_text":"","ed_cta_demo_hidden":"","why_caption":"","why_editor_title":"","why_editor_text":"","why_team_title":"","why_team_text":"","why_service_title":"","why_service_text":"","template_catalog_visible":"0","template_catalog_title":"","template_catalog_text":"","template_catalog_categories_visible":"","demo_title":"Crea il tuo widget Feed di Instagram","demo_caption":"Configura il tuo feed Instagram e aggiungilo gratuitamente al tuo sito web Google Sites!","default_faq_hidden":"","app_template_category":[],"platform":"105","template_public_id":"","codecanyon_url":"","codecanyon_item_id":"","codecanyon_price":"","pricing_caption":"","pricing_elfsight_apps_hide_column":"","pricing_elfsight_apps_url":"","pricing_codecanyon_price_caption":"","integration_category":[],"integration_request_title":"","integration_request_cta":"","integration_platform":"","integrations":[],"platform_category":[],"video_schema_markup":"","price":"da $ 0 al mese","trial":"","benefits":[{"text":"Assistenza gratuita per l'installazione"},{"text":"Supporto premium"},{"text":"Garanzia di rimborso di 14 giorni"},{"text":"Aggiornamenti gratuiti continui"}],"button_url":"#demo","button_target_blank":"0","button_nofollow":"0","attributes":[{"name":"Installazioni"},{"name":"Reattivo","content":"S\u00cc"},{"name":"Browser compatibili","content":"Chrome, Opera, Edge, Firefox, Safari"}],"tags":[],"tags_disable_links":"0","hide_more_platforms":"","video_object":"","demo_hide_cta":"0","demo_hide_cloud_options":"0","pricing_title":"","pricing":[{"pricing_icon":"cloud","pricing_title":"Elfsight Apps","pricing_title_caption":"Versione multipiattaforma che funziona su qualsiasi sito web","pricing_price":"da $ 0 \/ mese","pricing_price_caption":"inizia con il piano gratuito","pricing_benefits":[{"text":"Domini illimitati"},{"text":"Supporto veloce"},{"text":"Aiuto per l'installazione gratuito"},{"text":"Offerta speciale per pi\u00f9 app"}],"pricing_button_text":"Aggiungi al sito web","pricing_button_url":"#demo"}],"related_apps_title":"","related_apps_hidden":"0","author":"","image":[],"title":"","job":"","social_networks":[]},"_links":{"self":[{"href":"https:\/\/elfsight.com\/it\/wp-json\/wp\/v2\/pages\/4821","targetHints":{"allow":["GET"]}}],"collection":[{"href":"https:\/\/elfsight.com\/it\/wp-json\/wp\/v2\/pages"}],"about":[{"href":"https:\/\/elfsight.com\/it\/wp-json\/wp\/v2\/types\/page"}],"author":[{"embeddable":true,"href":"https:\/\/elfsight.com\/it\/wp-json\/wp\/v2\/users\/9"}],"replies":[{"embeddable":true,"href":"https:\/\/elfsight.com\/it\/wp-json\/wp\/v2\/comments?post=4821"}],"version-history":[{"count":3,"href":"https:\/\/elfsight.com\/it\/wp-json\/wp\/v2\/pages\/4821\/revisions"}],"predecessor-version":[{"id":8508,"href":"https:\/\/elfsight.com\/it\/wp-json\/wp\/v2\/pages\/4821\/revisions\/8508"}],"up":[{"embeddable":true,"href":"https:\/\/elfsight.com\/it\/wp-json\/wp\/v2\/pages\/839"}],"wp:attachment":[{"href":"https:\/\/elfsight.com\/it\/wp-json\/wp\/v2\/media?parent=4821"}],"curies":[{"name":"wp","href":"https:\/\/api.w.org\/{rel}","templated":true}]}}