{"id":4820,"date":"2024-05-03T06:39:24","date_gmt":"2024-05-03T06:39:24","guid":{"rendered":"https:\/\/elfsight.com\/it\/?page_id=4820"},"modified":"2025-01-21T13:50:23","modified_gmt":"2025-01-21T13:50:23","slug":"godaddy","status":"publish","type":"page","link":"https:\/\/elfsight.com\/it\/instagram-feed-instashow\/godaddy\/","title":{"rendered":"Instagram Feed &#8211; GoDaddy"},"content":{"rendered":"<div class=\"application-platform-content-item-description application-platform-content-item\" id=\"description\" data-nav-section=\"description\"> <h2>Incorpora Instagram su GoDaddy con il widget Elfsight<\/h2> <p>Elfsight Instagram Feed \u00e8 una soluzione semplice per l&#8217;incorporamento, che ti consente di visualizzare foto da Instagram direttamente sul tuo sito web e applica ampie opzioni di personalizzazione. Utilizza foto provenienti da diverse fonti Instagram e applica filtri per visualizzare i contenuti pi\u00f9 attraenti. Puoi influenzare ci\u00f2 che vedranno i visitatori del tuo sito web se promuovi prodotti o parli loro di eventi. Sei libero di variare il layout delle foto sulla pagina e scegliere tra modelli di post, nonch\u00e9 scegliere una combinazione di colori o dipingere gli elementi secondo i tuoi gusti. Crea il plug-in che attirer\u00e0 gli utenti con il suo design elegante e attirer\u00e0 la loro attenzione con contenuti accuratamente selezionati.<\/p> <p><b>Quando incorpori il widget Instagram nel tuo sito web, puoi aumentare il coinvolgimento dei visitatori sul tuo sito web con GoDaddy Feed di Instagram.<\/b><\/p><div class=\"faq\" data-component=\"FAQ\"><div class=\"faq-item\">\r\n\t\t\t\t\t<div class=\"faq-item-question\">\r\n\t\t\t\t\t\t<h3 class=\"faq-item-question-text\">Posso testare il widget Feed di Instagram in azione?<\/h3>\r\n\r\n\t\t\t\t\t\t<div class=\"faq-item-question-icon\"><\/div>\r\n\t\t\t\t\t<\/div>\r\n\r\n\t\t\t\t\t<div class=\"faq-item-answer\">\r\n\t\t\t\t\t\t<div class=\"faq-item-answer-text\"> <p>S\u00ec, puoi! \u00c8 gratuito, non richiede competenze di programmazione e nemmeno la registrazione. Puoi vedere come creare il widget nella nostra <a href=\"#demo\">demo<\/a> visiva interattiva. La cosa migliore \u00e8 che puoi aggiungere il feed Instagram a un sito Web GoDaddy subito dopo averlo creato gratuitamente! Testane il funzionamento e l&#8217;aspetto direttamente sul tuo sito web.<\/p><\/div>\r\n\t\t\t\t\t<\/div>\r\n\t\t\t\t<\/div><div class=\"faq-item\">\r\n\t\t\t\t\t<div class=\"faq-item-question\">\r\n\t\t\t\t\t\t<h3 class=\"faq-item-question-text\">Esiste un'opzione per aggiungere il feed di Instagram alla mia pagina web GoDaddy senza conoscenze di programmazione?<\/h3>\r\n\r\n\t\t\t\t\t\t<div class=\"faq-item-question-icon\"><\/div>\r\n\t\t\t\t\t<\/div>\r\n\r\n\t\t\t\t\t<div class=\"faq-item-answer\">\r\n\t\t\t\t\t\t<div class=\"faq-item-answer-text\"><p>L&#8217;azienda Elfsight fornisce una soluzione SaaS che consente a un vasto pubblico di creare autonomamente un plug-in per il feed di Instagram, scopri quanto \u00e8 semplice il processo: <\/p><ul><li>Lavora direttamente nell&#8217;editor live per creare una sezione del feed di Instagram che vorresti piace vedere sulla pagina web di GoDaddy.<\/li><li>Scegli uno dei modelli gi\u00e0 pronti e adatta le impostazioni del feed di Instagram, trasforma il layout e il colore degli elementi, aggiorna i tuoi contenuti senza competenze di codifica.<\/li> <li>Salva il feed di Instagram e ottieni il codice di installazione, che potrai incollare facilmente e gratuitamente in qualsiasi sito GoDaddy. <\/li><\/ul><p>Con il nostro editor intuitivo, qualsiasi utente web pu\u00f2 generare feed Instagram e includerlo semplicemente nel proprio sito GoDaddy. Non \u00e8 necessario sottoscrivere un abbonamento a pagamento o divulgare i dati della carta per accedere al servizio. Se riscontri ostacoli in qualsiasi momento, non esitare a contattare il nostro personale di supporto tecnico.<\/p><\/div>\r\n\t\t\t\t\t<\/div>\r\n\t\t\t\t<\/div><div class=\"faq-item\">\r\n\t\t\t\t\t<div class=\"faq-item-question\">\r\n\t\t\t\t\t\t<h3 class=\"faq-item-question-text\">Come incorporare il feed di Instagram gratuitamente su GoDaddy?<\/h3>\r\n\r\n\t\t\t\t\t\t<div class=\"faq-item-question-icon\"><\/div>\r\n\t\t\t\t\t<\/div>\r\n\r\n\t\t\t\t\t<div class=\"faq-item-answer\">\r\n\t\t\t\t\t\t<div class=\"faq-item-answer-text\"><ol><p> Implementare un feed Instagram sul tuo sito web \u00e8 un approccio eccellente per mettere in risalto i tuoi post pi\u00f9 recenti e attirare l&#8217;attenzione dei tuoi visitatori.<\/p><ol><li>Per incorporare un Elfsight <a href=\"https:\/\/elfsight.com\/blog\/how-to-embed-instagram-feed-on-website\/\">Feed di Instagram<\/a> gratuitamente su GoDaddy, vai al sito web di Elfsight e crea un account gratuito.<\/li><li> Sfrutta il widget gratuito di Instagram modificandone l&#8217;aspetto e le impostazioni per integrarlo perfettamente con il layout del tuo sito GoDaddy.<\/li><li>Dopo aver configurato gratuitamente il tuo feed di Instagram, copia il codice di incorporamento esclusivo e incollalo nel HTML del tuo sito GoDaddy in cui desideri che venga presentato il feed.<\/li><\/ol><p>Con il tuo sito web GoDaddy ora dotato del tuo feed Instagram, non solo ne aumenterai il fascino visivo, ma garantirai anche un coinvolgimento continuo dei visitatori . Trasforma il tuo sito web in una piattaforma visiva interattiva con questa soluzione Instagram incorporata. Goditi i premi del widget Instagram Elfsight senza spendere un centesimo!<\/p><\/ol><\/div>\r\n\t\t\t\t\t<\/div>\r\n\t\t\t\t<\/div><\/div><\/div> <div class=\"application-platform-content-item-features application-platform-content-item\" id=\"features\" data-nav-section=\"features\"> <h2>Caratteristiche principali del feed di Instagram widget<\/h2><p>Forniamo molto pi\u00f9 di un semplice blocco Instagram incorporato. Sono inoltre disponibili impostazioni e opzioni flessibili da regolare. Il plugin offre funzionalit\u00e0 utili e facili, visualizzane alcune: <\/p> <ul><li>Titolo del feed regolabile<\/li><li>Colori personalizzabili per post, dispositivo di scorrimento, griglia e popup<\/li><li>Opzione di ottimizzazione mobile<\/li><li>13 combinazioni di colori pronte all&#8217;uso<\/li><li>Diverse impostazioni dei post con elementi post ed elementi popup<\/li><\/ul><p><a href=\"#demo\">Puoi testare come funziona il plugin utilizzando la demo<\/a><\/p><p>Con il widget Instagram per GoDaddy, puoi migliorare le prestazioni del tuo sito web senza programmazione. Ad esempio, hai l&#8217;opportunit\u00e0 di aumentare il numero di iscritti su Instagram e massimizzare il tempo trascorso su un sito web.<\/p><\/div> <div class=\"application-platform-content-item-installation application-platform-content-item\" id=\"installation\" data-nav-section=\"installation\"><\/div> <h2>Come incorporare il feed di Instagram sul mio GoDaddy sito web? <\/h2> <p>Non sono richieste competenze di codifica. Basta seguire le linee guida riportate di seguito per iniziare a utilizzare il plugin. Sono chiari e i passaggi non ti porteranno via molto tempo per incorporare il widget<\/p> <ol><li><b>Gestisci la nostra demo gratuita e inizia a creare il tuo plugin. <\/b><br> Determina il layout e le caratteristiche preferibili dello strumento e salva le modifiche. <\/li> <li><b>Ricevi il tuo codice personale mostrato nel box su Elfsight Apps. <\/b><br> Una volta terminata la configurazione del tuo strumento personale, copia il codice esclusivo nel popup emerso e conservalo per ulteriori necessit\u00e0. <\/li> <li><b>Inizia a utilizzare il plug-in sulla pagina web di GoDaddy. <\/b><br> Implementa il codice copiato in precedenza nella tua pagina web e applica le modifiche. <\/li> <li><b>Fatto! L&#8217;incorporamento \u00e8 stato completamente eseguito. <\/b><br> Vai alla tua pagina per osservare il funzionamento dello strumento. <\/li><\/ol> <p>Se dovessi riscontrare difficolt\u00e0 con l&#8217;aggiunta di Instagram a GoDaddy, contatta il nostro personale del servizio clienti. Saremo felici di risolvere tutte le domande che potresti avere con la soluzione Instagram. Elfsight garantisce che chiunque possa incorporare il widget nel proprio sito Web indipendentemente dalla piattaforma CMS utilizzata. Inoltre, possiamo guidarti nella regolazione del widget Instagram, in modo che venga visualizzato al meglio.<\/p> <p>Ti auguriamo una piacevole esperienza durante l&#8217;incorporamento e l&#8217;utilizzo del nostro sviluppo senza codice.<\/p>[\/application_platform_content_item ]","protected":false},"excerpt":{"rendered":"Come incorporare il feed di Instagram sul mio GoDaddy sito web? Non sono richieste competenze di codifica. Basta seguire le linee guida riportate di seguito per iniziare a utilizzare il plugin. Sono chiari e i passaggi non ti porteranno via molto tempo per incorporare il widget Gestisci la nostra demo&#8230;","protected":false},"author":9,"featured_media":0,"parent":839,"menu_order":0,"comment_status":"closed","ping_status":"closed","template":"templates\/template-application-platform.php","meta":{"publish_to_discourse":"","publish_post_category":"","wpdc_auto_publish_overridden":"","wpdc_topic_tags":"","wpdc_pin_topic":"","wpdc_pin_until":"","discourse_post_id":"","discourse_permalink":"","wpdc_publishing_response":"","wpdc_publishing_error":"","footnotes":""},"class_list":["post-4820","page","type-page","status-publish","hentry"],"yoast_head":"<!-- This site is optimized with the Yoast SEO plugin v25.3.1 - https:\/\/yoast.com\/wordpress\/plugins\/seo\/ -->\n<title>Feed Instagram di GoDaddy: aggiungi Instagram a GoDaddy [2025]<\/title>\n<meta name=\"description\" content=\"Rendi il tuo sito web ancora pi\u00f9 attraente e accattivante con il plugin Elfsight Instagram Feed per GoDaddy!\" \/>\n<meta name=\"robots\" content=\"index, follow, max-snippet:-1, max-image-preview:large, max-video-preview:-1\" \/>\n<link rel=\"canonical\" href=\"https:\/\/elfsight.com\/it\/instagram-feed-instashow\/godaddy\/\" \/>\n<meta property=\"og:locale\" content=\"it_IT\" \/>\n<meta property=\"og:type\" content=\"article\" \/>\n<meta property=\"og:title\" content=\"Feed Instagram di GoDaddy: aggiungi Instagram a GoDaddy [2025]\" \/>\n<meta property=\"og:description\" content=\"Rendi il tuo sito web ancora pi\u00f9 attraente e accattivante con il plugin Elfsight Instagram Feed per GoDaddy!\" \/>\n<meta property=\"og:url\" content=\"https:\/\/elfsight.com\/it\/instagram-feed-instashow\/godaddy\/\" \/>\n<meta property=\"og:site_name\" content=\"Elfsight IT\" \/>\n<meta property=\"article:modified_time\" content=\"2025-01-21T13:50:23+00:00\" \/>\n<meta name=\"twitter:card\" content=\"summary_large_image\" \/>\n<meta name=\"twitter:label1\" content=\"Tempo di lettura stimato\" \/>\n\t<meta name=\"twitter:data1\" content=\"5 minuti\" \/>\n<!-- \/ Yoast SEO plugin. -->","yoast_head_json":{"title":"Feed Instagram di GoDaddy: aggiungi Instagram a GoDaddy [2025]","description":"Rendi il tuo sito web ancora pi\u00f9 attraente e accattivante con il plugin Elfsight Instagram Feed per GoDaddy!","robots":{"index":"index","follow":"follow","max-snippet":"max-snippet:-1","max-image-preview":"max-image-preview:large","max-video-preview":"max-video-preview:-1"},"canonical":"https:\/\/elfsight.com\/it\/instagram-feed-instashow\/godaddy\/","og_locale":"it_IT","og_type":"article","og_title":"Feed Instagram di GoDaddy: aggiungi Instagram a GoDaddy [2025]","og_description":"Rendi il tuo sito web ancora pi\u00f9 attraente e accattivante con il plugin Elfsight Instagram Feed per GoDaddy!","og_url":"https:\/\/elfsight.com\/it\/instagram-feed-instashow\/godaddy\/","og_site_name":"Elfsight IT","article_modified_time":"2025-01-21T13:50:23+00:00","twitter_card":"summary_large_image","twitter_misc":{"Tempo di lettura stimato":"5 minuti"},"schema":{"@context":"https:\/\/schema.org","@graph":[{"@type":"WebPage","@id":"https:\/\/elfsight.com\/it\/instagram-feed-instashow\/godaddy\/","url":"https:\/\/elfsight.com\/it\/instagram-feed-instashow\/godaddy\/","name":"Feed Instagram di GoDaddy: aggiungi Instagram a GoDaddy [2025]","isPartOf":{"@id":"https:\/\/elfsight.com\/it\/#website"},"datePublished":"2024-05-03T06:39:24+00:00","dateModified":"2025-01-21T13:50:23+00:00","description":"Rendi il tuo sito web ancora pi\u00f9 attraente e accattivante con il plugin Elfsight Instagram Feed per GoDaddy!","breadcrumb":{"@id":"https:\/\/elfsight.com\/it\/instagram-feed-instashow\/godaddy\/#breadcrumb"},"inLanguage":"it-IT","potentialAction":[{"@type":"ReadAction","target":["https:\/\/elfsight.com\/it\/instagram-feed-instashow\/godaddy\/"]}]},{"@type":"BreadcrumbList","@id":"https:\/\/elfsight.com\/it\/instagram-feed-instashow\/godaddy\/#breadcrumb","itemListElement":[{"@type":"ListItem","position":1,"name":"Home","item":"https:\/\/elfsight.com\/it\/"},{"@type":"ListItem","position":2,"name":"Instagram Feed","item":"https:\/\/elfsight.com\/it\/instagram-feed-instashow\/"},{"@type":"ListItem","position":3,"name":"Instagram Feed &#8211; GoDaddy"}]},{"@type":"WebSite","@id":"https:\/\/elfsight.com\/it\/#website","url":"https:\/\/elfsight.com\/it\/","name":"Elfsight IT","description":"Just another Elfsight Sites site","potentialAction":[{"@type":"SearchAction","target":{"@type":"EntryPoint","urlTemplate":"https:\/\/elfsight.com\/it\/?s={search_term_string}"},"query-input":{"@type":"PropertyValueSpecification","valueRequired":true,"valueName":"search_term_string"}}],"inLanguage":"it-IT"}]}},"meta_box":{"industry":"","seo_heading":"","heading":"","description":"","cta_heading":"","cta_description":"","application":"832","h1":"Plug-in del feed Instagram di GoDaddy","h1_caption":"Aggiungi post dal tuo account Instagram o tramite hashtag, fornendo il modo migliore per mostrare facilmente un feed Instagram dinamico sul tuo sito Web nel sito Web della tua pagina Facebook.","application_category":[],"applications_title":"","applications_request_title":"","applications_request_button_text":"","hero_text":"","hero_video":"","hero_video_schema_markup":"","selling_points_title":"","selling_points_caption":"","selling_points":[],"selling_points_cta_text":"","features_title":"","features":"","ed_cta_examples_text":"","ed_cta_examples_hidden":"","ed_cta_demo_text":"","ed_cta_demo_hidden":"","why_caption":"","why_editor_title":"","why_editor_text":"","why_team_title":"","why_team_text":"","why_service_title":"","why_service_text":"","template_catalog_visible":"0","template_catalog_title":"","template_catalog_text":"","template_catalog_categories_visible":"","demo_title":"Crea il tuo plugin per il feed di Instagram","demo_caption":"Configura il tuo feed Instagram e aggiungilo gratuitamente al tuo sito web GoDaddy!","default_faq_hidden":"","app_template_category":[],"platform":"53","template_public_id":"","codecanyon_url":"","codecanyon_item_id":"","codecanyon_price":"","pricing_caption":"","pricing_elfsight_apps_hide_column":"","pricing_elfsight_apps_url":"","pricing_codecanyon_price_caption":"","integration_category":[],"integration_request_title":"","integration_request_cta":"","integration_platform":"","integrations":[],"platform_category":[],"video_schema_markup":"","price":"da $ 0 al mese","trial":"","benefits":[{"text":"Assistenza gratuita per l'installazione"},{"text":"Supporto premium"},{"text":"Garanzia di rimborso di 14 giorni"},{"text":"Aggiornamento costante"}],"button_url":"#demo","button_target_blank":"0","button_nofollow":"0","attributes":[{"name":"Installazioni"},{"name":"Reattivo","content":"S\u00cc"},{"name":"Browser compatibili","content":"Firefox, Safari, Opera, Chrome, Edge"}],"tags":[],"tags_disable_links":"0","hide_more_platforms":"","video_object":"","demo_hide_cta":"0","demo_hide_cloud_options":"0","pricing_title":"","pricing":[{"pricing_icon":"platform","pricing_title":"Elfsight Apps","pricing_title_caption":"Soluzione digitale multipiattaforma","pricing_price":"da $ 0 \/ mese","pricing_price_caption":"inizia con il piano gratuito","pricing_benefits":[{"text":"Domini illimitati"},{"text":"Supporto rapido e ben documentato"},{"text":"Servizio di installazione gratuito"},{"text":"100% personalizzabile"}],"pricing_button_text":"Aggiungi al sito web","pricing_button_url":"#demo"}],"related_apps_title":"","related_apps_hidden":"0","author":"","image":[],"title":"","job":"","social_networks":[]},"_links":{"self":[{"href":"https:\/\/elfsight.com\/it\/wp-json\/wp\/v2\/pages\/4820","targetHints":{"allow":["GET"]}}],"collection":[{"href":"https:\/\/elfsight.com\/it\/wp-json\/wp\/v2\/pages"}],"about":[{"href":"https:\/\/elfsight.com\/it\/wp-json\/wp\/v2\/types\/page"}],"author":[{"embeddable":true,"href":"https:\/\/elfsight.com\/it\/wp-json\/wp\/v2\/users\/9"}],"replies":[{"embeddable":true,"href":"https:\/\/elfsight.com\/it\/wp-json\/wp\/v2\/comments?post=4820"}],"version-history":[{"count":2,"href":"https:\/\/elfsight.com\/it\/wp-json\/wp\/v2\/pages\/4820\/revisions"}],"predecessor-version":[{"id":8493,"href":"https:\/\/elfsight.com\/it\/wp-json\/wp\/v2\/pages\/4820\/revisions\/8493"}],"up":[{"embeddable":true,"href":"https:\/\/elfsight.com\/it\/wp-json\/wp\/v2\/pages\/839"}],"wp:attachment":[{"href":"https:\/\/elfsight.com\/it\/wp-json\/wp\/v2\/media?parent=4820"}],"curies":[{"name":"wp","href":"https:\/\/api.w.org\/{rel}","templated":true}]}}