{"id":4818,"date":"2024-05-03T06:39:22","date_gmt":"2024-05-03T06:39:22","guid":{"rendered":"https:\/\/elfsight.com\/it\/?page_id=4818"},"modified":"2025-01-24T12:53:27","modified_gmt":"2025-01-24T12:53:27","slug":"jimdo","status":"publish","type":"page","link":"https:\/\/elfsight.com\/it\/instagram-feed-instashow\/jimdo\/","title":{"rendered":"Instagram Feed &#8211; Jimdo"},"content":{"rendered":"<div class=\"application-platform-content-item-description application-platform-content-item\" id=\"description\" data-nav-section=\"description\"> <h2>Descrizione<\/h2> <p>Elfsight Instagram Feed per Jimdo \u00e8 un plugin che mira ad aiutarti in tutte le esigenze attuali per ottenere impressioni e richieste dai clienti del tuo sito web. Rivela gli elementi cruciali da compilare, seleziona il modello richiesto e personalizza l&#8217;interfaccia per spingere i tuoi clienti a lasciare richieste per i servizi offerti dalla tua azienda. Il Feed di Instagram \u00e8 pensato per soddisfare ogni tua esigenza di ottenere feedback e rimanere sempre in collegamento con la tua clientela. <\/p><p><b>Aggiungi il feed di Instagram per raggiungere i tuoi obiettivi di e-commerce con meno sforzo! <\/b><\/p> <\/div> <div class=\"application-platform-content-item-features application-platform-content-item\" id=\"features\" data-nav-section=\"features\"> <h2>Di seguito trovi le caratteristiche fondamentali del widget: <\/h2> <ul><li>Aggiungi feed dal tuo profilo a un sito web<\/li><li>2 layout di feed pronti all&#8217;uso: cursore e griglia<\/li><li>Due modelli di post: classico e riquadro<\/li><li>Numero regolabile di colonne e righe<\/li><li>Pulsanti di invito all&#8217;azione <\/li><li>Impostazioni post estese con elementi post e popup<\/li><li>Azione al clic sull&#8217;immagine <\/li><\/ul><p><a href=\" #demo\">Prova tutte le funzionalit\u00e0 di personalizzazione nella demo completa<\/a><\/p> <\/div> <div class=\"application-platform-content-item-installation application-platform-content-item\" id=\"installation\" data-nav-section=\"installation\"> <h2>Come incorporo il feed di Instagram sul mio sito Jimdo? <\/h2> <p>Basta seguire le linee guida riportate di seguito per iniziare a lavorare con il widget. <\/p> <ol><li><b>Lancia la nostra demo gratuita e inizia a creare il tuo widget. <\/b><br> Determina la forma e le caratteristiche preferibili del widget e applica le modifiche. <\/li> <li><b>Fai apparire il tuo codice personale nella finestra delle App Elfsight. <\/b><br> Una volta terminata la personalizzazione del tuo widget, copia il codice individuale nel popup e conservalo per occasioni successive. <\/li> <li><b>Avvia l&#8217;utilizzo del widget sul sito Jimdo. <\/b><br> Integra il codice salvato in precedenza nel tuo sito web e applica le correzioni. <\/li> <li><b>Fatto! L&#8217;integrazione \u00e8 stata eseguita con successo. <\/b><br> Vai alla tua pagina per osservare le prestazioni del widget. <\/li><\/ol> <p>Se incontri qualche difficolt\u00e0, non esitare a contattare il nostro servizio clienti. Il nostro personale sar\u00e0 felice di aiutarti con tutte le difficolt\u00e0 che potresti avere con lo strumento. <\/p> <\/div><div class=\"faq\" data-component=\"FAQ\"><div class=\"faq-item\">\r\n\t\t\t\t\t<div class=\"faq-item-question\">\r\n\t\t\t\t\t\t<h3 class=\"faq-item-question-text\">Esiste un modo per incorporare il feed di Instagram nella mia pagina web Jimdo senza codifica?<\/h3>\r\n\r\n\t\t\t\t\t\t<div class=\"faq-item-question-icon\"><\/div>\r\n\t\t\t\t\t<\/div>\r\n\r\n\t\t\t\t\t<div class=\"faq-item-answer\">\r\n\t\t\t\t\t\t<div class=\"faq-item-answer-text\"><p>La societ\u00e0 Elfsight fornisce una soluzione SaaS che consente agli utenti di creare da soli una sezione Feed di Instagram, scopri i semplici passaggi: <\/p><ul><li>Vai alla demo online per creare un&#8217;app Feed di Instagram che desideri aggiungere sul tuo sito Jimdo.<\/li><li>Seleziona uno dei modelli predefiniti e modifica le impostazioni del feed di Instagram, aggiorna i tuoi contenuti, altera il layout e i colori senza alcuna codifica.<\/li><li>Fai clic per salvare il feed di Instagram e ottenere i plug-in codice di installazione, che pu\u00f2 essere incorporato nella tua home page Jimdo senza la necessit\u00e0 di acquistare una versione a pagamento. <\/li><\/ul><p>Lavorando nel configuratore intuitivo, ogni utente web pu\u00f2 creare feed Instagram e aggiungerli facilmente alla pagina web Jimdo. Non devi pagare o inviare i dati della tua carta per accedere a Elfsight Editor. Se incontri ostacoli di qualsiasi tipo, vai avanti e contatta il nostro staff di supporto.<\/p><\/div>\r\n\t\t\t\t\t<\/div>\r\n\t\t\t\t<\/div><div class=\"faq-item\">\r\n\t\t\t\t\t<div class=\"faq-item-question\">\r\n\t\t\t\t\t\t<h3 class=\"faq-item-question-text\">Come incorporare il feed di Instagram gratuitamente su Jimdo?<\/h3>\r\n\r\n\t\t\t\t\t\t<div class=\"faq-item-question-icon\"><\/div>\r\n\t\t\t\t\t<\/div>\r\n\r\n\t\t\t\t\t<div class=\"faq-item-answer\">\r\n\t\t\t\t\t\t<div class=\"faq-item-answer-text\"><ol><p>Incorporare un feed di Instagram gratuitamente Il feed di Instagram sul tuo sito Jimdo \u00e8 un modo straordinario per mettere in evidenza i tuoi post pi\u00f9 recenti e mantenere alto il coinvolgimento dei visitatori.<\/p><ol><li>A <a href=\"https:\/\/elfsight.com\/blog\/how-to-embed-instagram-feed-on-website\/\">incorpora il feed di Instagram<\/a> gratuitamente su Jimdo, vai al sito web di Elfsight e crea un account gratuito.<\/li><li>Utilizza Instagram gratuitamente widget personalizzandone l&#8217;aspetto e le impostazioni per armonizzarlo con l&#8217;estetica del tuo sito Jimdo.<\/li><li>Dopo aver perfezionato gratuitamente il tuo feed Instagram, copia il codice di incorporamento distinto e incollalo nell&#8217;HTML della tua pagina Jimdo dove desideri il feed da mostrare.<\/li><\/ol><p>Includendo il tuo feed Instagram sul tuo sito Jimdo, aumenterai il suo fascino visivo e garantirai un&#8217;interazione coerente con i visitatori. Cogli senza alcun costo i vantaggi del widget Instagram Elfsight!<\/p><\/ol><\/div>\r\n\t\t\t\t\t<\/div>\r\n\t\t\t\t<\/div><\/div>","protected":false},"excerpt":{"rendered":"","protected":false},"author":9,"featured_media":0,"parent":839,"menu_order":0,"comment_status":"closed","ping_status":"closed","template":"templates\/template-application-platform.php","meta":{"publish_to_discourse":"","publish_post_category":"","wpdc_auto_publish_overridden":"","wpdc_topic_tags":"","wpdc_pin_topic":"","wpdc_pin_until":"","discourse_post_id":"","discourse_permalink":"","wpdc_publishing_response":"","wpdc_publishing_error":"","footnotes":""},"class_list":["post-4818","page","type-page","status-publish","hentry"],"yoast_head":"<!-- This site is optimized with the Yoast SEO plugin v25.3.1 - https:\/\/yoast.com\/wordpress\/plugins\/seo\/ -->\n<title>Feed Instagram: aggiungi il widget Instagram al sito Jimdo<\/title>\n<meta name=\"description\" content=\"Prova subito il widget premium di Instagram per il sito Jimdo! Genera un feed Instagram personalizzato su Elfsight in soli 2 minuti.\" \/>\n<meta name=\"robots\" content=\"index, follow, max-snippet:-1, max-image-preview:large, max-video-preview:-1\" \/>\n<link rel=\"canonical\" href=\"https:\/\/elfsight.com\/it\/instagram-feed-instashow\/jimdo\/\" \/>\n<meta property=\"og:locale\" content=\"it_IT\" \/>\n<meta property=\"og:type\" content=\"article\" \/>\n<meta property=\"og:title\" content=\"Feed Instagram: aggiungi il widget Instagram al sito Jimdo\" \/>\n<meta property=\"og:description\" content=\"Prova subito il widget premium di Instagram per il sito Jimdo! Genera un feed Instagram personalizzato su Elfsight in soli 2 minuti.\" \/>\n<meta property=\"og:url\" content=\"https:\/\/elfsight.com\/it\/instagram-feed-instashow\/jimdo\/\" \/>\n<meta property=\"og:site_name\" content=\"Elfsight IT\" \/>\n<meta property=\"article:modified_time\" content=\"2025-01-24T12:53:27+00:00\" \/>\n<meta name=\"twitter:card\" content=\"summary_large_image\" \/>\n<meta name=\"twitter:label1\" content=\"Tempo di lettura stimato\" \/>\n\t<meta name=\"twitter:data1\" content=\"4 minuti\" \/>\n<!-- \/ Yoast SEO plugin. -->","yoast_head_json":{"title":"Feed Instagram: aggiungi il widget Instagram al sito Jimdo","description":"Prova subito il widget premium di Instagram per il sito Jimdo! Genera un feed Instagram personalizzato su Elfsight in soli 2 minuti.","robots":{"index":"index","follow":"follow","max-snippet":"max-snippet:-1","max-image-preview":"max-image-preview:large","max-video-preview":"max-video-preview:-1"},"canonical":"https:\/\/elfsight.com\/it\/instagram-feed-instashow\/jimdo\/","og_locale":"it_IT","og_type":"article","og_title":"Feed Instagram: aggiungi il widget Instagram al sito Jimdo","og_description":"Prova subito il widget premium di Instagram per il sito Jimdo! Genera un feed Instagram personalizzato su Elfsight in soli 2 minuti.","og_url":"https:\/\/elfsight.com\/it\/instagram-feed-instashow\/jimdo\/","og_site_name":"Elfsight IT","article_modified_time":"2025-01-24T12:53:27+00:00","twitter_card":"summary_large_image","twitter_misc":{"Tempo di lettura stimato":"4 minuti"},"schema":{"@context":"https:\/\/schema.org","@graph":[{"@type":"WebPage","@id":"https:\/\/elfsight.com\/it\/instagram-feed-instashow\/jimdo\/","url":"https:\/\/elfsight.com\/it\/instagram-feed-instashow\/jimdo\/","name":"Feed Instagram: aggiungi il widget Instagram al sito Jimdo","isPartOf":{"@id":"https:\/\/elfsight.com\/it\/#website"},"datePublished":"2024-05-03T06:39:22+00:00","dateModified":"2025-01-24T12:53:27+00:00","description":"Prova subito il widget premium di Instagram per il sito Jimdo! Genera un feed Instagram personalizzato su Elfsight in soli 2 minuti.","breadcrumb":{"@id":"https:\/\/elfsight.com\/it\/instagram-feed-instashow\/jimdo\/#breadcrumb"},"inLanguage":"it-IT","potentialAction":[{"@type":"ReadAction","target":["https:\/\/elfsight.com\/it\/instagram-feed-instashow\/jimdo\/"]}]},{"@type":"BreadcrumbList","@id":"https:\/\/elfsight.com\/it\/instagram-feed-instashow\/jimdo\/#breadcrumb","itemListElement":[{"@type":"ListItem","position":1,"name":"Home","item":"https:\/\/elfsight.com\/it\/"},{"@type":"ListItem","position":2,"name":"Instagram Feed","item":"https:\/\/elfsight.com\/it\/instagram-feed-instashow\/"},{"@type":"ListItem","position":3,"name":"Instagram Feed &#8211; Jimdo"}]},{"@type":"WebSite","@id":"https:\/\/elfsight.com\/it\/#website","url":"https:\/\/elfsight.com\/it\/","name":"Elfsight IT","description":"Just another Elfsight Sites site","potentialAction":[{"@type":"SearchAction","target":{"@type":"EntryPoint","urlTemplate":"https:\/\/elfsight.com\/it\/?s={search_term_string}"},"query-input":{"@type":"PropertyValueSpecification","valueRequired":true,"valueName":"search_term_string"}}],"inLanguage":"it-IT"}]}},"meta_box":{"industry":"","seo_heading":"","heading":"","description":"","cta_heading":"","cta_description":"","application":"832","h1":"Widget feed di Instagram per Jimdo","h1_caption":"Aggiungi post dal tuo account Instagram o tramite hashtag, fornendo il modo migliore per mostrare facilmente un feed Instagram dinamico sul tuo sito Web nel tuo sito Web iFrame.","application_category":[],"applications_title":"","applications_request_title":"","applications_request_button_text":"","hero_text":"","hero_video":"","hero_video_schema_markup":"","selling_points_title":"","selling_points_caption":"","selling_points":[],"selling_points_cta_text":"","features_title":"","features":"","ed_cta_examples_text":"","ed_cta_examples_hidden":"","ed_cta_demo_text":"","ed_cta_demo_hidden":"","why_caption":"","why_editor_title":"","why_editor_text":"","why_team_title":"","why_team_text":"","why_service_title":"","why_service_text":"","template_catalog_visible":"0","template_catalog_title":"","template_catalog_text":"","template_catalog_categories_visible":"","demo_title":"Crea il tuo widget Feed di Instagram","demo_caption":"Configura il tuo feed Instagram e aggiungilo gratuitamente al tuo sito Jimdo!","default_faq_hidden":"","app_template_category":[],"platform":"55","template_public_id":"","codecanyon_url":"","codecanyon_item_id":"","codecanyon_price":"","pricing_caption":"","pricing_elfsight_apps_hide_column":"","pricing_elfsight_apps_url":"","pricing_codecanyon_price_caption":"","integration_category":[],"integration_request_title":"","integration_request_cta":"","integration_platform":"","integrations":[],"platform_category":[],"video_schema_markup":"","price":"da $ 0 al mese","trial":"","benefits":[{"text":"Aiuto per l'installazione gratuito"},{"text":"Servizio clienti competente"},{"text":"Garanzia di rimborso di 14 giorni"},{"text":"Aggiornamento costante"}],"button_url":"#demo","button_target_blank":"0","button_nofollow":"0","attributes":[{"name":"Installazioni"},{"name":"Reattivo","content":"S\u00cc"},{"name":"Browser compatibili","content":"Firefox, Chrome, Edge, Opera, Safari"}],"tags":[],"tags_disable_links":"0","hide_more_platforms":"","video_object":"","demo_hide_cta":"0","demo_hide_cloud_options":"0","pricing_title":"","pricing":[{"pricing_icon":"platform","pricing_title":"Elfsight Apps","pricing_title_caption":"Soluzione multipiattaforma adatta a qualsiasi sito","pricing_price":"da $ 0 \/ mese","pricing_price_caption":"inizia con un piano gratuito","pricing_benefits":[{"text":"Domini illimitati"},{"text":"Assistenza clienti gratuita"},{"text":"Assistenza gratuita per l'installazione"},{"text":"Totalmente personalizzabile"}],"pricing_button_text":"Aggiungi al sito web","pricing_button_url":"#demo"}],"related_apps_title":"","related_apps_hidden":"0","author":"","image":[],"title":"","job":"","social_networks":[]},"_links":{"self":[{"href":"https:\/\/elfsight.com\/it\/wp-json\/wp\/v2\/pages\/4818","targetHints":{"allow":["GET"]}}],"collection":[{"href":"https:\/\/elfsight.com\/it\/wp-json\/wp\/v2\/pages"}],"about":[{"href":"https:\/\/elfsight.com\/it\/wp-json\/wp\/v2\/types\/page"}],"author":[{"embeddable":true,"href":"https:\/\/elfsight.com\/it\/wp-json\/wp\/v2\/users\/9"}],"replies":[{"embeddable":true,"href":"https:\/\/elfsight.com\/it\/wp-json\/wp\/v2\/comments?post=4818"}],"version-history":[{"count":2,"href":"https:\/\/elfsight.com\/it\/wp-json\/wp\/v2\/pages\/4818\/revisions"}],"predecessor-version":[{"id":8516,"href":"https:\/\/elfsight.com\/it\/wp-json\/wp\/v2\/pages\/4818\/revisions\/8516"}],"up":[{"embeddable":true,"href":"https:\/\/elfsight.com\/it\/wp-json\/wp\/v2\/pages\/839"}],"wp:attachment":[{"href":"https:\/\/elfsight.com\/it\/wp-json\/wp\/v2\/media?parent=4818"}],"curies":[{"name":"wp","href":"https:\/\/api.w.org\/{rel}","templated":true}]}}