{"id":4803,"date":"2024-05-03T06:39:15","date_gmt":"2024-05-03T06:39:15","guid":{"rendered":"https:\/\/elfsight.com\/it\/?page_id=4803"},"modified":"2024-11-12T13:09:41","modified_gmt":"2024-11-12T13:09:41","slug":"magento","status":"publish","type":"page","link":"https:\/\/elfsight.com\/it\/google-reviews-widget\/magento\/","title":{"rendered":"Google Reviews &#8211; Magento"},"content":{"rendered":"<div class=\"application-platform-content-item-description application-platform-content-item\" id=\"description\" data-nav-section=\"description\"> <h2>Incorpora recensioni Google con il widget Elfsight<\/h2> <p>Elfsight Google Customer Reviews per Magento \u00e8 un pratico widget che ti consente di mostrare su le recensioni del sito web sulla tua attivit\u00e0 dai post su Google. Usando questo widget, hai diversi filtri per eliminare le recensioni indesiderate, aggiungere le tue valutazioni in stelle e numeri da Google, rivelare dettagli sugli autori e introdurre un pulsante che porter\u00e0 i visitatori a pubblicare una nuova recensione su Google. Il widget Elfsight Google Reviews ti aiuter\u00e0 a dimostrare la tua perfetta prova sociale sul tuo sito web e ad aumentare le vendite. <\/p><div class=\"faq\" data-component=\"FAQ\"> <div class=\"faq-item\">\r\n\t\t\t\t\t<div class=\"faq-item-question\">\r\n\t\t\t\t\t\t<h3 class=\"faq-item-question-text\">Dove posso installarlo sul mio sito web?<\/h3>\r\n\r\n\t\t\t\t\t\t<div class=\"faq-item-question-icon\"><\/div>\r\n\t\t\t\t\t<\/div>\r\n\r\n\t\t\t\t\t<div class=\"faq-item-answer\">\r\n\t\t\t\t\t\t<div class=\"faq-item-answer-text\"> <p>Puoi aggiungere il widget a qualsiasi pagina del sito web o aggiungerlo al modello del sito e sar\u00e0 pubblicato su tutte le pagine. Le recensioni faranno un buon lavoro sulle pagine dei prodotti o sulle pagine Chi siamo, nei luoghi in cui \u00e8 necessario mostrare la tua valutazione elevata. <\/p><\/div>\r\n\t\t\t\t\t<\/div>\r\n\t\t\t\t<\/div> <div class=\"faq-item\">\r\n\t\t\t\t\t<div class=\"faq-item-question\">\r\n\t\t\t\t\t\t<h3 class=\"faq-item-question-text\">Come ne trarr\u00f2 vantaggio?<\/h3>\r\n\r\n\t\t\t\t\t\t<div class=\"faq-item-question-icon\"><\/div>\r\n\t\t\t\t\t<\/div>\r\n\r\n\t\t\t\t\t<div class=\"faq-item-answer\">\r\n\t\t\t\t\t\t<div class=\"faq-item-answer-text\"> <p>Le recensioni condivise da persone reali sono estremamente credibili per i visitatori del tuo sito web, dimostrando che la tua azienda \u00e8 un partner affidabile. Una valutazione elevata e recensioni eccellenti possono aiutarti a incrementare gli acquisti dal tuo sito. Inoltre, il pulsante attivo contribuir\u00e0 a ricevere pi\u00f9 recensioni dei clienti relative alla tua attivit\u00e0 su Google. <\/p> <\/div>\r\n\t\t\t\t\t<\/div>\r\n\t\t\t\t<\/div> <div class=\"faq-item\">\r\n\t\t\t\t\t<div class=\"faq-item-question\">\r\n\t\t\t\t\t\t<h3 class=\"faq-item-question-text\">Come posso aggiungere il widget Recensioni di Google al mio sito web Magento?<\/h3>\r\n\r\n\t\t\t\t\t\t<div class=\"faq-item-question-icon\"><\/div>\r\n\t\t\t\t\t<\/div>\r\n\r\n\t\t\t\t\t<div class=\"faq-item-answer\">\r\n\t\t\t\t\t\t<div class=\"faq-item-answer-text\"> <p>L&#8217;aggiunta delle recensioni dei clienti di Google a Magento non richiede pi\u00f9 di due minuti. L&#8217;installazione delle recensioni dei clienti di Google su Magento \u00e8 veloce, gratuita e non richiede alcuna codifica.<\/p><p>Le recensioni dei clienti possono essere impostate direttamente tramite il nostro servizio o tramite il marketplace. Puoi visualizzare i vantaggi di entrambe le opzioni e scegliere la tua.<\/p> <\/div>\r\n\t\t\t\t\t<\/div>\r\n\t\t\t\t<\/div> <\/div> <\/div> <div class=\"application-platform-content-item-features application-platform-content-item\" id=\"features\" data-nav-section=\"features\"> <h2>Caratteristiche principali dell&#8217;estensione Google Reviews<\/h2> <p>Per avere una chiara comprensione dell&#8217;estensione, puoi consultare l&#8217;elenco delle caratteristiche principali. Rendono questo widget incredibilmente efficiente per il tuo sito web: <\/p> <ul> <li>Tre filtri pronti all&#8217;uso: per tipo, esclusione per e quantit\u00e0 di recensioni da visualizzare; <\/li> <li>Quattro layout disponibili: Elenco, Griglia, Muratura e Dispositivo di scorrimento; <\/li> <li>Un&#8217;opzione per controllare la visualizzazione dell&#8217;intestazione del widget; <\/li> <li>Il pulsante di richiesta di revisione porta gli utenti alla pagina di Google; <\/li> <li>6 elementi regolabili dell&#8217;interfaccia: nome e foto dell&#8217;autore, raccomandazione, data di pubblicazione, icona di Google e valutazione in stelle; <\/li> <li>Due possibili scenari di rifiuto gli utenti si rifiutano di lasciare la propria recensione: rivelare un messaggio personalizzato o rimuovere il pulsante. <\/li> <\/ul><p><a href=\"#demo\">Per esplorare altre funzionalit\u00e0, guarda la demo<\/a><\/p><p>Dovresti aggiungere le recensioni dei clienti di Google al sito web senza un secondo di esitazione. Le recensioni di clienti reali hanno vantaggi che lo distinguono dalla concorrenza. Ad esempio, il markup dello schema viene inserito automaticamente nelle recensioni di Google per impostazione predefinita. Significa che il collegamento al tuo sito web nella SERP \u00e8 arricchito da stelle, il che lo rende prominente agli occhi degli spettatori.<\/p><p>Inoltre, non rallenta il tuo sito web. Infine, Google promuove quei siti web che hanno buone valutazioni nella SERP, perch\u00e9 contengono contenuti pertinenti e di valore.<\/p> <\/div><div class=\"application-platform-content-item-installation application-platform-content-item\" id=\"installation\" data-nav-section=\"installation\"> <h2>Come incorporare le recensioni di Google sul tuo sito web Magento <\/h2> <p>Basta seguire i passaggi presentati di seguito per aggiungere il widget su Magento.<\/p> <ol><li><b>Utilizza il nostro editor gratuito e inizia a creare la tua estensione personalizzata. <\/b><br> Trova il layout e le specifiche preferite dello strumento e applica le modifiche. <\/li> <li><b>Copia il tuo codice personale che appare nella finestra su Elfsight Apps. <\/b><br> Una volta terminata la creazione del tuo widget personale, copia il codice personale dalla finestra visualizzata e salvalo per un utilizzo futuro. <\/li> <li><b>Inizia a utilizzare l&#8217;estensione Google Reviews sul sito Magento. <\/b><br> Incolla il codice copiato di recente nella tua pagina web e salva le modifiche. <\/li> <li><b>L&#8217;installazione \u00e8 completamente completata. <\/b><br> Vai alla tua pagina web per dare un&#8217;occhiata al funzionamento dello strumento. <\/li><\/ol><p>Hai ancora dubbi? Oppure riscontri problemi con le recensioni dei clienti su Google? Invia semplicemente la tua richiesta al nostro servizio clienti e loro ti aiuteranno con qualsiasi domanda. <\/p> <\/div>","protected":false},"excerpt":{"rendered":"","protected":false},"author":9,"featured_media":0,"parent":931,"menu_order":0,"comment_status":"closed","ping_status":"closed","template":"templates\/template-application-platform.php","meta":{"publish_to_discourse":"","publish_post_category":"","wpdc_auto_publish_overridden":"","wpdc_topic_tags":"","wpdc_pin_topic":"","wpdc_pin_until":"","discourse_post_id":"","discourse_permalink":"","wpdc_publishing_response":"","wpdc_publishing_error":"","footnotes":""},"class_list":["post-4803","page","type-page","status-publish","hentry"],"yoast_head":"<!-- This site is optimized with the Yoast SEO plugin v25.3.1 - https:\/\/yoast.com\/wordpress\/plugins\/seo\/ -->\n<title>Incorpora recensioni Google su Magento: aggiungi le recensioni dei clienti a un sito web in 2 minuti!<\/title>\n<meta name=\"description\" content=\"Con Elfsight, crea la tua estensione di Google Reviews e aggiungila rapidamente al sito Magento. Abbiamo assistenza clienti gratuita e pi\u00f9 bonus.\" \/>\n<meta name=\"robots\" content=\"index, follow, max-snippet:-1, max-image-preview:large, max-video-preview:-1\" \/>\n<link rel=\"canonical\" href=\"https:\/\/elfsight.com\/it\/google-reviews-widget\/magento\/\" \/>\n<meta property=\"og:locale\" content=\"it_IT\" \/>\n<meta property=\"og:type\" content=\"article\" \/>\n<meta property=\"og:title\" content=\"Incorpora recensioni Google su Magento: aggiungi le recensioni dei clienti a un sito web in 2 minuti!\" \/>\n<meta property=\"og:description\" content=\"Con Elfsight, crea la tua estensione di Google Reviews e aggiungila rapidamente al sito Magento. Abbiamo assistenza clienti gratuita e pi\u00f9 bonus.\" \/>\n<meta property=\"og:url\" content=\"https:\/\/elfsight.com\/it\/google-reviews-widget\/magento\/\" \/>\n<meta property=\"og:site_name\" content=\"Elfsight IT\" \/>\n<meta property=\"article:modified_time\" content=\"2024-11-12T13:09:41+00:00\" \/>\n<meta name=\"twitter:card\" content=\"summary_large_image\" \/>\n<meta name=\"twitter:label1\" content=\"Tempo di lettura stimato\" \/>\n\t<meta name=\"twitter:data1\" content=\"3 minuti\" \/>\n<!-- \/ Yoast SEO plugin. -->","yoast_head_json":{"title":"Incorpora recensioni Google su Magento: aggiungi le recensioni dei clienti a un sito web in 2 minuti!","description":"Con Elfsight, crea la tua estensione di Google Reviews e aggiungila rapidamente al sito Magento. Abbiamo assistenza clienti gratuita e pi\u00f9 bonus.","robots":{"index":"index","follow":"follow","max-snippet":"max-snippet:-1","max-image-preview":"max-image-preview:large","max-video-preview":"max-video-preview:-1"},"canonical":"https:\/\/elfsight.com\/it\/google-reviews-widget\/magento\/","og_locale":"it_IT","og_type":"article","og_title":"Incorpora recensioni Google su Magento: aggiungi le recensioni dei clienti a un sito web in 2 minuti!","og_description":"Con Elfsight, crea la tua estensione di Google Reviews e aggiungila rapidamente al sito Magento. Abbiamo assistenza clienti gratuita e pi\u00f9 bonus.","og_url":"https:\/\/elfsight.com\/it\/google-reviews-widget\/magento\/","og_site_name":"Elfsight IT","article_modified_time":"2024-11-12T13:09:41+00:00","twitter_card":"summary_large_image","twitter_misc":{"Tempo di lettura stimato":"3 minuti"},"schema":{"@context":"https:\/\/schema.org","@graph":[{"@type":"WebPage","@id":"https:\/\/elfsight.com\/it\/google-reviews-widget\/magento\/","url":"https:\/\/elfsight.com\/it\/google-reviews-widget\/magento\/","name":"Incorpora recensioni Google su Magento: aggiungi le recensioni dei clienti a un sito web in 2 minuti!","isPartOf":{"@id":"https:\/\/elfsight.com\/it\/#website"},"datePublished":"2024-05-03T06:39:15+00:00","dateModified":"2024-11-12T13:09:41+00:00","description":"Con Elfsight, crea la tua estensione di Google Reviews e aggiungila rapidamente al sito Magento. Abbiamo assistenza clienti gratuita e pi\u00f9 bonus.","breadcrumb":{"@id":"https:\/\/elfsight.com\/it\/google-reviews-widget\/magento\/#breadcrumb"},"inLanguage":"it-IT","potentialAction":[{"@type":"ReadAction","target":["https:\/\/elfsight.com\/it\/google-reviews-widget\/magento\/"]}]},{"@type":"BreadcrumbList","@id":"https:\/\/elfsight.com\/it\/google-reviews-widget\/magento\/#breadcrumb","itemListElement":[{"@type":"ListItem","position":1,"name":"Home","item":"https:\/\/elfsight.com\/it\/"},{"@type":"ListItem","position":2,"name":"Google Reviews","item":"https:\/\/elfsight.com\/it\/google-reviews-widget\/"},{"@type":"ListItem","position":3,"name":"Google Reviews &#8211; Magento"}]},{"@type":"WebSite","@id":"https:\/\/elfsight.com\/it\/#website","url":"https:\/\/elfsight.com\/it\/","name":"Elfsight IT","description":"Just another Elfsight Sites site","potentialAction":[{"@type":"SearchAction","target":{"@type":"EntryPoint","urlTemplate":"https:\/\/elfsight.com\/it\/?s={search_term_string}"},"query-input":{"@type":"PropertyValueSpecification","valueRequired":true,"valueName":"search_term_string"}}],"inLanguage":"it-IT"}]}},"meta_box":{"industry":"","seo_heading":"","heading":"","description":"","cta_heading":"","cta_description":"","application":"930","h1":"Estensione Magento per recensioni di Google","h1_caption":"Incorpora le recensioni del tuo locale da Google per ottenere facilmente le migliori impressioni dei clienti nell'esperienza del tuo sito web nel tuo sito web Magento.","application_category":[],"applications_title":"","applications_request_title":"","applications_request_button_text":"","hero_text":"","hero_video":"","hero_video_schema_markup":"","selling_points_title":"","selling_points_caption":"","selling_points":[],"selling_points_cta_text":"","features_title":"","features":"","ed_cta_examples_text":"","ed_cta_examples_hidden":"","ed_cta_demo_text":"","ed_cta_demo_hidden":"","why_caption":"","why_editor_title":"","why_editor_text":"","why_team_title":"","why_team_text":"","why_service_title":"","why_service_text":"","template_catalog_visible":"","template_catalog_title":"","template_catalog_text":"","template_catalog_categories_visible":"","demo_title":"Crea la tua estensione per recensioni Google","demo_caption":"Configura le tue recensioni Google e aggiungile gratuitamente al tuo sito Magento!","default_faq_hidden":"","app_template_category":[],"platform":"39","template_public_id":"","codecanyon_url":"","codecanyon_item_id":"","codecanyon_price":"","pricing_caption":"","pricing_elfsight_apps_hide_column":"","pricing_elfsight_apps_url":"","pricing_codecanyon_price_caption":"","integration_category":[],"integration_request_title":"","integration_request_cta":"","integration_platform":"","integrations":[],"platform_category":[],"video_schema_markup":"","price":"da $ 0 al mese","trial":"","benefits":[{"text":"Assistenza per l'installazione gratuita"},{"text":"Servizio clienti efficace"},{"text":"Garanzia di rimborso di 14 giorni"},{"text":"Aggiornamenti continui"}],"button_url":"#demo","button_target_blank":"","button_nofollow":"","attributes":[{"name":"Installazioni"},{"name":"Reattivo","content":"S\u00cc"},{"name":"Browser compatibili","content":"Firefox, Safari, Opera, Chrome, Edge"}],"tags":[],"tags_disable_links":"","hide_more_platforms":"","video_object":"","demo_hide_cta":"","demo_hide_cloud_options":"","pricing_title":"","pricing":[{"pricing_icon":"platform","pricing_title":"Elfsight Apps","pricing_title_caption":"Versione multipiattaforma che funziona su qualsiasi sito","pricing_price":"da $ 0 \/ mese","pricing_price_caption":"inizia con un piano gratuito","pricing_benefits":[{"text":"Siti web illimitati"},{"text":"Supporto premium e puntuale"},{"text":"Supporto gratuito per l'installazione"},{"text":"Progettazione flessibile"}],"pricing_button_text":"Aggiungi al sito web","pricing_button_url":"#demo"}],"related_apps_title":"","related_apps_hidden":"","author":"","image":[],"title":"","job":"","social_networks":[]},"_links":{"self":[{"href":"https:\/\/elfsight.com\/it\/wp-json\/wp\/v2\/pages\/4803","targetHints":{"allow":["GET"]}}],"collection":[{"href":"https:\/\/elfsight.com\/it\/wp-json\/wp\/v2\/pages"}],"about":[{"href":"https:\/\/elfsight.com\/it\/wp-json\/wp\/v2\/types\/page"}],"author":[{"embeddable":true,"href":"https:\/\/elfsight.com\/it\/wp-json\/wp\/v2\/users\/9"}],"replies":[{"embeddable":true,"href":"https:\/\/elfsight.com\/it\/wp-json\/wp\/v2\/comments?post=4803"}],"version-history":[{"count":1,"href":"https:\/\/elfsight.com\/it\/wp-json\/wp\/v2\/pages\/4803\/revisions"}],"predecessor-version":[{"id":4807,"href":"https:\/\/elfsight.com\/it\/wp-json\/wp\/v2\/pages\/4803\/revisions\/4807"}],"up":[{"embeddable":true,"href":"https:\/\/elfsight.com\/it\/wp-json\/wp\/v2\/pages\/931"}],"wp:attachment":[{"href":"https:\/\/elfsight.com\/it\/wp-json\/wp\/v2\/media?parent=4803"}],"curies":[{"name":"wp","href":"https:\/\/api.w.org\/{rel}","templated":true}]}}