{"id":4796,"date":"2024-05-03T06:39:12","date_gmt":"2024-05-03T06:39:12","guid":{"rendered":"https:\/\/elfsight.com\/it\/?page_id=4796"},"modified":"2025-03-12T06:34:28","modified_gmt":"2025-03-12T06:34:28","slug":"opencart","status":"publish","type":"page","link":"https:\/\/elfsight.com\/it\/google-reviews-widget\/opencart\/","title":{"rendered":"Google Reviews &#8211; OpenCart"},"content":{"rendered":"\n<div class=\"application-platform-content-item-description application-platform-content-item\" id=\"description\" data-nav-section=\"description\"> <h2>Incorpora le recensioni di Google con il widget Elfsight<\/h2> <p>Se desideri vantarti della tua valutazione elevata e convincere i visitatori del sito web che le tue offerte hanno un buon rapporto qualit\u00e0-prezzo, Elfsight Google Reviews \u00e8 esattamente ci\u00f2 di cui hai bisogno. Con l&#8217;aiuto del nostro widget, potrai incorporare le recensioni dei clienti di Google sul tuo sito web con informazioni sui loro autori, utilizzare filtri per rivelare solo il meglio, aggiungere valutazioni e un pulsante di reindirizzamento che porter\u00e0 le persone sulla tua pagina Google, dove possono pubblicare la loro recensione.<\/p><div class=\"faq\" data-component=\"FAQ\"> <div class=\"faq-item\">\r\n\t\t\t\t\t<div class=\"faq-item-question\">\r\n\t\t\t\t\t\t<h3 class=\"faq-item-question-text\">Dove sul mio sito posso installare Opencart Google Reviews?<\/h3>\r\n\r\n\t\t\t\t\t\t<div class=\"faq-item-question-icon\"><\/div>\r\n\t\t\t\t\t<\/div>\r\n\r\n\t\t\t\t\t<div class=\"faq-item-answer\">\r\n\t\t\t\t\t\t<div class=\"faq-item-answer-text\"> <p>Sei libero di aggiungere il widget a qualsiasi pagina del tuo sito web o incollarlo nel modello del sito web e apparir\u00e0 su tutte le pagine. Le recensioni faranno un buon lavoro sulle pagine dei prodotti o sulla pagina Chi siamo, dove vuoi dimostrare la tua valutazione elevata. <\/p><\/div>\r\n\t\t\t\t\t<\/div>\r\n\t\t\t\t<\/div> <div class=\"faq-item\">\r\n\t\t\t\t\t<div class=\"faq-item-question\">\r\n\t\t\t\t\t\t<h3 class=\"faq-item-question-text\">In che modo il widget pu\u00f2 migliorare la funzionalit\u00e0 del sito?<\/h3>\r\n\r\n\t\t\t\t\t\t<div class=\"faq-item-question-icon\"><\/div>\r\n\t\t\t\t\t<\/div>\r\n\r\n\t\t\t\t\t<div class=\"faq-item-answer\">\r\n\t\t\t\t\t\t<div class=\"faq-item-answer-text\"> <p>Quando aggiungi Google Reviews a WordPress, ottieni molti vantaggi. Ecco quelli principali:<\/p><ul><li><p><strong>Pi\u00f9 del 77% delle persone legge le testimonianze prima di acquistare da un marchio sconosciuto.<\/strong><br>Significa che se hai ottime valutazioni su Google, avrai maggiori possibilit\u00e0 di vendere i tuoi prodotti e servizi.<\/p><\/li><li><p><strong>Le recensioni forniscono al tuo sito web materiale utile.<\/strong><br> Le testimonianze includono parole chiave pertinenti che corrispondono alla descrizione della tua azienda. Saranno visti dal motore di ricerca come testo con parole chiave nella pagina web.<\/p><\/li><li><p><strong>Gli snippet di recensione aumentano la percentuale di clic della SERP.<\/strong><br>Un ricco lo snippet per la tua valutazione stellare viene creato automaticamente da un plug-in Google Reviews di Opencart. Di conseguenza, \u00e8 pi\u00f9 probabile che gli utenti facciano clic su un collegamento a un sito Web distinto in Google.<\/p><\/li><\/ul><\/div>\r\n\t\t\t\t\t<\/div>\r\n\t\t\t\t<\/div> <div class=\"faq-item\">\r\n\t\t\t\t\t<div class=\"faq-item-question\">\r\n\t\t\t\t\t\t<h3 class=\"faq-item-question-text\">Come incorporo il widget di Google Recensioni in il mio sito Web OpenCart?<\/h3>\r\n\r\n\t\t\t\t\t\t<div class=\"faq-item-question-icon\"><\/div>\r\n\t\t\t\t\t<\/div>\r\n\r\n\t\t\t\t\t<div class=\"faq-item-answer\">\r\n\t\t\t\t\t\t<div class=\"faq-item-answer-text\"> <p>La creazione del widget Recensioni per OpenCart non richiede pi\u00f9 di due minuti. Puoi testare tutti i vantaggi e le impostazioni nell&#8217;editor visivo gratuito. Questo processo non richiede nemmeno la registrazione. L&#8217;installazione \u00e8 estremamente veloce, gratuita e senza codifica. Dovrai semplicemente copiare due righe di codice di installazione e incollarle nel backend del sito web.<\/p> <\/div>\r\n\t\t\t\t\t<\/div>\r\n\t\t\t\t<\/div> <\/div> <\/div><div class=\"application-platform-content-item-features application-platform-content-item\" id=\"features\" data-nav-section=\"features\"> <h2>Caratteristiche principali di Google Estensione Recensioni<\/h2> <p>Per avere una chiara comprensione dell&#8217;estensione, puoi consultare l&#8217;elenco delle sue funzionalit\u00e0 pi\u00f9 importanti. Rendono questo widget incredibilmente efficiente per il tuo sito web:<\/p> <ul> <li>Tre tipi di filtri: per tipo, esclusione per e quantit\u00e0 di recensioni da visualizzare;<\/li> <li>Quattro varianti di layout: Elenco, Griglia, Massoneria e Dispositivo di scorrimento;<\/li> <li>Un&#8217;opzione per mostrare o nascondere l&#8217;intestazione del widget;<\/li> <li>Il pulsante per richiedere una revisione indirizza le persone alla tua pagina Google;<\/li> <li>6 elementi regolabili del widget: nome dell&#8217;autore e immagine, testo del consiglio, data di pubblicazione, icona di Google e valutazione in stelle;<\/li> <li>Due possibili scenari dopo il rifiuto della richiesta di revisione: rivelazione un messaggio di testo o nascondi il pulsante.<\/li> <\/ul><p><a href=\"#demo\">Per esplorare altre funzionalit\u00e0, vedi demo<\/a><\/p> <\/div><div class=\"application-platform-content-item-installazione application-platform-content-item\" id=\"installazione\" data-nav-section=\"installazione\"> <h2>Come incorporare le recensioni di Google nel tuo sito web OpenCart<\/h2> <p>Le seguenti azioni sono l&#8217;unica cosa che devi fare. Ci vorranno un paio di minuti e non dovrai assolutamente scrivere codice.<\/p> <ol><li><b>Lancia il nostro configuratore gratuito e inizia a creare la tua estensione personalizzata per Recensioni Google. <\/b><br> Determina la forma e le caratteristiche adatte dell&#8217;estensione e applica tutte le modifiche. <\/li> <li><b>Copia il codice univoco che appare nella finestra su Elfsight Apps. <\/b><br> Non appena la creazione della tua estensione personale sar\u00e0 completata, copia il codice esclusivo nella finestra che appare e salvalo per un uso successivo. <\/li> <li><b>Inizia ad applicare l&#8217;estensione sulla pagina web OpenCart. <\/b><br> Incorpora il codice copiato di recente nel tuo sito web e applica le modifiche. <\/li> <li><b>La configurazione \u00e8 completamente completata. <\/b><br> Vai al tuo sito per goderti il \u200b\u200bfunzionamento dell&#8217;estensione. <\/li><\/ol><p>Hai ancora dubbi? O riscontri problemi? Invia semplicemente la tua richiesta al nostro servizio clienti e loro ti aiuteranno con qualsiasi domanda. <\/p> <\/div>\n","protected":false},"excerpt":{"rendered":"","protected":false},"author":9,"featured_media":0,"parent":931,"menu_order":0,"comment_status":"closed","ping_status":"closed","template":"templates\/template-application-platform.php","meta":{"publish_to_discourse":"","publish_post_category":"","wpdc_auto_publish_overridden":"","wpdc_topic_tags":"","wpdc_pin_topic":"","wpdc_pin_until":"","discourse_post_id":"","discourse_permalink":"","wpdc_publishing_response":"","wpdc_publishing_error":"","footnotes":""},"class_list":["post-4796","page","type-page","status-publish","hentry"],"yoast_head":"<!-- This site is optimized with the Yoast SEO plugin v25.3.1 - https:\/\/yoast.com\/wordpress\/plugins\/seo\/ -->\n<title>Incorpora recensioni Google su un sito Web OpenCart: aggiungi recensioni a un sito Web in 2 minuti!<\/title>\n<meta name=\"description\" content=\"Ecco un&#039;opportunit\u00e0 per produrre widget di Google Recensioni e incorporarlo nel tuo sito Web OpenCart. Ottieni un servizio clienti gratuito e altri bonus da Elfsight.\" \/>\n<meta name=\"robots\" content=\"index, follow, max-snippet:-1, max-image-preview:large, max-video-preview:-1\" \/>\n<link rel=\"canonical\" href=\"https:\/\/elfsight.com\/it\/google-reviews-widget\/opencart\/\" \/>\n<meta property=\"og:locale\" content=\"it_IT\" \/>\n<meta property=\"og:type\" content=\"article\" \/>\n<meta property=\"og:title\" content=\"Incorpora recensioni Google su un sito Web OpenCart: aggiungi recensioni a un sito Web in 2 minuti!\" \/>\n<meta property=\"og:description\" content=\"Ecco un&#039;opportunit\u00e0 per produrre widget di Google Recensioni e incorporarlo nel tuo sito Web OpenCart. Ottieni un servizio clienti gratuito e altri bonus da Elfsight.\" \/>\n<meta property=\"og:url\" content=\"https:\/\/elfsight.com\/it\/google-reviews-widget\/opencart\/\" \/>\n<meta property=\"og:site_name\" content=\"Elfsight IT\" \/>\n<meta property=\"article:modified_time\" content=\"2025-03-12T06:34:28+00:00\" \/>\n<meta name=\"twitter:card\" content=\"summary_large_image\" \/>\n<meta name=\"twitter:label1\" content=\"Tempo di lettura stimato\" \/>\n\t<meta name=\"twitter:data1\" content=\"4 minuti\" \/>\n<!-- \/ Yoast SEO plugin. -->","yoast_head_json":{"title":"Incorpora recensioni Google su un sito Web OpenCart: aggiungi recensioni a un sito Web in 2 minuti!","description":"Ecco un'opportunit\u00e0 per produrre widget di Google Recensioni e incorporarlo nel tuo sito Web OpenCart. Ottieni un servizio clienti gratuito e altri bonus da Elfsight.","robots":{"index":"index","follow":"follow","max-snippet":"max-snippet:-1","max-image-preview":"max-image-preview:large","max-video-preview":"max-video-preview:-1"},"canonical":"https:\/\/elfsight.com\/it\/google-reviews-widget\/opencart\/","og_locale":"it_IT","og_type":"article","og_title":"Incorpora recensioni Google su un sito Web OpenCart: aggiungi recensioni a un sito Web in 2 minuti!","og_description":"Ecco un'opportunit\u00e0 per produrre widget di Google Recensioni e incorporarlo nel tuo sito Web OpenCart. Ottieni un servizio clienti gratuito e altri bonus da Elfsight.","og_url":"https:\/\/elfsight.com\/it\/google-reviews-widget\/opencart\/","og_site_name":"Elfsight IT","article_modified_time":"2025-03-12T06:34:28+00:00","twitter_card":"summary_large_image","twitter_misc":{"Tempo di lettura stimato":"4 minuti"},"schema":{"@context":"https:\/\/schema.org","@graph":[{"@type":"WebPage","@id":"https:\/\/elfsight.com\/it\/google-reviews-widget\/opencart\/","url":"https:\/\/elfsight.com\/it\/google-reviews-widget\/opencart\/","name":"Incorpora recensioni Google su un sito Web OpenCart: aggiungi recensioni a un sito Web in 2 minuti!","isPartOf":{"@id":"https:\/\/elfsight.com\/it\/#website"},"datePublished":"2024-05-03T06:39:12+00:00","dateModified":"2025-03-12T06:34:28+00:00","description":"Ecco un'opportunit\u00e0 per produrre widget di Google Recensioni e incorporarlo nel tuo sito Web OpenCart. Ottieni un servizio clienti gratuito e altri bonus da Elfsight.","breadcrumb":{"@id":"https:\/\/elfsight.com\/it\/google-reviews-widget\/opencart\/#breadcrumb"},"inLanguage":"it-IT","potentialAction":[{"@type":"ReadAction","target":["https:\/\/elfsight.com\/it\/google-reviews-widget\/opencart\/"]}]},{"@type":"BreadcrumbList","@id":"https:\/\/elfsight.com\/it\/google-reviews-widget\/opencart\/#breadcrumb","itemListElement":[{"@type":"ListItem","position":1,"name":"Home","item":"https:\/\/elfsight.com\/it\/"},{"@type":"ListItem","position":2,"name":"Google Reviews","item":"https:\/\/elfsight.com\/it\/google-reviews-widget\/"},{"@type":"ListItem","position":3,"name":"Google Reviews &#8211; OpenCart"}]},{"@type":"WebSite","@id":"https:\/\/elfsight.com\/it\/#website","url":"https:\/\/elfsight.com\/it\/","name":"Elfsight IT","description":"Just another Elfsight Sites site","potentialAction":[{"@type":"SearchAction","target":{"@type":"EntryPoint","urlTemplate":"https:\/\/elfsight.com\/it\/?s={search_term_string}"},"query-input":{"@type":"PropertyValueSpecification","valueRequired":true,"valueName":"search_term_string"}}],"inLanguage":"it-IT"}]}},"meta_box":{"industry":"","seo_heading":"","heading":"","description":"","cta_heading":"","cta_description":"","application":"930","h1":"Estensione OpenCart per recensioni Google","h1_caption":"Incorpora le recensioni del tuo locale da Google per ottenere facilmente le migliori impressioni dei clienti nell'esperienza del tuo sito web nel tuo sito web Opencart.","application_category":[],"applications_title":"","applications_request_title":"","applications_request_button_text":"","hero_text":"","hero_video":"","hero_video_schema_markup":"","selling_points_title":"","selling_points_caption":"","selling_points":[],"selling_points_cta_text":"","features_title":"","features":"","ed_cta_examples_text":"","ed_cta_examples_hidden":"","ed_cta_demo_text":"","ed_cta_demo_hidden":"","why_caption":"","why_editor_title":"","why_editor_text":"","why_team_title":"","why_team_text":"","why_service_title":"","why_service_text":"","template_catalog_visible":"0","template_catalog_title":"","template_catalog_text":"","template_catalog_categories_visible":"","demo_title":"Crea la tua estensione per recensioni Google","demo_caption":"Configura le tue recensioni Google e aggiungile gratuitamente al tuo sito Web OpenCart!","default_faq_hidden":"","app_template_category":[],"platform":"41","template_public_id":"","codecanyon_url":"","codecanyon_item_id":"","codecanyon_price":"","pricing_caption":"","pricing_elfsight_apps_hide_column":"","pricing_elfsight_apps_url":"","pricing_codecanyon_price_caption":"","integration_category":[],"integration_request_title":"","integration_request_cta":"","integration_platform":"","integrations":[],"platform_category":[],"video_schema_markup":"","price":"da $ 0 al mese","trial":"","benefits":[{"text":"Aiuto gratuito per l'installazione"},{"text":"Servizio clienti competente"},{"text":"Garanzia di rimborso di 14 giorni"},{"text":"Sviluppo continuo"}],"button_url":"#demo","button_target_blank":"0","button_nofollow":"0","attributes":[{"name":"Installazioni"},{"name":"Reattivo","content":"S\u00cc"},{"name":"Browser compatibili","content":"Firefox, Safari, Opera, Chrome, Edge"}],"tags":[],"tags_disable_links":"0","hide_more_platforms":"0","video_object":"","demo_hide_cta":"0","demo_hide_cloud_options":"0","pricing_title":"","pricing":[{"pricing_icon":"platform","pricing_title":"Elfsight Apps","pricing_title_caption":"Versione multipiattaforma che funziona su qualsiasi sito web","pricing_price":"da $ 0 \/ mese","pricing_price_caption":"inizia con il piano gratuito","pricing_benefits":[{"text":"Domini illimitati"},{"text":"Supporto professionale e puntuale"},{"text":"Aiuto gratuito per l'installazione"},{"text":"100% personalizzabile"}],"pricing_button_text":"Aggiungi al sito web","pricing_button_url":"#demo"}],"related_apps_title":"","related_apps_hidden":"0","author":"","image":[],"title":"","job":"","social_networks":[]},"_links":{"self":[{"href":"https:\/\/elfsight.com\/it\/wp-json\/wp\/v2\/pages\/4796","targetHints":{"allow":["GET"]}}],"collection":[{"href":"https:\/\/elfsight.com\/it\/wp-json\/wp\/v2\/pages"}],"about":[{"href":"https:\/\/elfsight.com\/it\/wp-json\/wp\/v2\/types\/page"}],"author":[{"embeddable":true,"href":"https:\/\/elfsight.com\/it\/wp-json\/wp\/v2\/users\/9"}],"replies":[{"embeddable":true,"href":"https:\/\/elfsight.com\/it\/wp-json\/wp\/v2\/comments?post=4796"}],"version-history":[{"count":2,"href":"https:\/\/elfsight.com\/it\/wp-json\/wp\/v2\/pages\/4796\/revisions"}],"predecessor-version":[{"id":8550,"href":"https:\/\/elfsight.com\/it\/wp-json\/wp\/v2\/pages\/4796\/revisions\/8550"}],"up":[{"embeddable":true,"href":"https:\/\/elfsight.com\/it\/wp-json\/wp\/v2\/pages\/931"}],"wp:attachment":[{"href":"https:\/\/elfsight.com\/it\/wp-json\/wp\/v2\/media?parent=4796"}],"curies":[{"name":"wp","href":"https:\/\/api.w.org\/{rel}","templated":true}]}}