{"id":4795,"date":"2024-05-03T06:39:11","date_gmt":"2024-05-03T06:39:11","guid":{"rendered":"https:\/\/elfsight.com\/it\/?page_id=4795"},"modified":"2025-03-12T08:49:56","modified_gmt":"2025-03-12T08:49:56","slug":"shopify","status":"publish","type":"page","link":"https:\/\/elfsight.com\/it\/google-reviews-widget\/shopify\/","title":{"rendered":"Google Reviews &#8211; Shopify"},"content":{"rendered":"\n<div class=\"application-platform-content-item-description application-platform-content-item\" id=\"description\" data-nav-section=\"description\"> <h2>Incorpora recensioni Google con l&#8217;app Elfsight<\/h2> <p>Elfsight Google Reviews \u00e8 un semplice widget che ti aiuter\u00e0 a inserirlo nel tuo sito web recensioni dei clienti sui tuoi prodotti o servizi dai post su Google. Con questo widget hai a disposizione diversi filtri per eliminare le recensioni indesiderate, mostrare le tue valutazioni in stelle e numeri da Google, visualizzare dettagli sugli autori e introdurre un pulsante che reindirizzer\u00e0 i visitatori a lasciare un&#8217;altra recensione su Google. Il widget Elfsight Customer Reviews ti aiuter\u00e0 a mostrare la tua perfetta prova sociale sul sito e ad aumentare le vendite.<\/p><p>Ti invitiamo ad aggiungere Google Reviews a Shopify e beneficiare di maggiore fiducia e coinvolgimento degli utenti. Le persone apprezzeranno la tua disponibilit\u00e0 a condividere opinioni e fornire recensioni Google pertinenti. \u00e8 un modo per lasciare che gli altri parlino del tuo prodotto concentrandosi sugli aspetti pi\u00f9 importanti per i clienti.<\/p><div class=\"faq\" data-component=\"FAQ\"> <div class=\"faq-item\">\r\n\t\t\t\t\t<div class=\"faq-item-question\">\r\n\t\t\t\t\t\t<h3 class=\"faq-item-question-text\">Quali altri widget per Shopify hai esattamente? <\/h3>\r\n\r\n\t\t\t\t\t\t<div class=\"faq-item-question-icon\"><\/div>\r\n\t\t\t\t\t<\/div>\r\n\r\n\t\t\t\t\t<div class=\"faq-item-answer\">\r\n\t\t\t\t\t\t<div class=\"faq-item-answer-text\"> <p>Prego per utilizzare una miriade di widget per qualsiasi scopo sul tuo sito web, indipendentemente dal tuo ambito di attivit\u00e0. Ad esempio, puoi utilizzare questi strumenti: <a href=\"https:\/\/elfsight.com\/it\/slider-widget\/shopify\/\">Slider<\/a>, <a href=\"https:\/\/elfsight.com\/it\/instagram-feed-instashow\/shopify\/\">Feed di Instagram<\/a>, <a href=\"https:\/\/elfsight.com\/it\/pdf-embed-widget\/shopify\/\">PDF incorporato<\/a>, <a href=\"https:\/\/elfsight.com\/it\/logo-showcase-widget\/shopify\/\">Logo Showcase<\/a><\/p> <\/div>\r\n\t\t\t\t\t<\/div>\r\n\t\t\t\t<\/div> <div class=\"faq-item\">\r\n\t\t\t\t\t<div class=\"faq-item-question\">\r\n\t\t\t\t\t\t<h3 class=\"faq-item-question-text\">In che modo posso aggiungere l'app Google Recensioni al mio Shopify sito web? <\/h3>\r\n\r\n\t\t\t\t\t\t<div class=\"faq-item-question-icon\"><\/div>\r\n\t\t\t\t\t<\/div>\r\n\r\n\t\t\t\t\t<div class=\"faq-item-answer\">\r\n\t\t\t\t\t\t<div class=\"faq-item-answer-text\"> <p>Puoi incorporare l&#8217;app Google Reviews sul tuo sito web Shopify. Basta andare al pannello di amministrazione ed eseguire le seguenti azioni: <\/p><ol><li>Fare clic su Impostazioni tema. <\/li><li>Seleziona il blocco in cui vuoi inserire la tua app Shopify. <\/li><li>Incolla il codice da Elfsight Apps e applica le modifiche. <\/li><li>Hai finito, il widget Shopify \u00e8 pronto per l&#8217;uso! <\/li><\/ol><p>E non dimenticare di visitare <a href=\"https:\/\/elfsight.com\/tutorials\/how-to-add-google-reviews-to-any-website-full-guide\/#google-reviews-shopify\">questa pagina<\/a> se desideri ulteriori dettagli sul funzionamento del widget.<\/p><\/div>\r\n\t\t\t\t\t<\/div>\r\n\t\t\t\t<\/div> <div class=\"faq-item\">\r\n\t\t\t\t\t<div class=\"faq-item-question\">\r\n\t\t\t\t\t\t<h3 class=\"faq-item-question-text\">Posso vedere la tua app Shopify Google Reviews in effetto? <\/h3>\r\n\r\n\t\t\t\t\t\t<div class=\"faq-item-question-icon\"><\/div>\r\n\t\t\t\t\t<\/div>\r\n\r\n\t\t\t\t\t<div class=\"faq-item-answer\">\r\n\t\t\t\t\t\t<div class=\"faq-item-answer-text\"> <p>S\u00ec! Puoi farlo utilizzando la nostra <a href=\"https:\/\/elfsight.com\/google-reviews-widget\/#demo\">demo<\/a> live. Inoltre, la demo pu\u00f2 essere utilizzata per aggiungere il widget al tuo sito web Shopify.<\/p><\/div>\r\n\t\t\t\t\t<\/div>\r\n\t\t\t\t<\/div> <\/div><\/div><div class=\"application-platform-content-item-features application-platform-content-item\" id=\"features\" data-nav-section=\"features\"> <h2>Caratteristiche principali del widget Google Recensioni <\/h2> <p>Per avere una chiara comprensione del widget, puoi consultare l&#8217;elenco delle caratteristiche principali. Rendono questo widget incredibilmente efficiente per il tuo sito web:<\/p> <ul> <li>3 filtri predefiniti: per tipo, esclusione per e quantit\u00e0 di recensioni da visualizzare;<\/li> <li>Quattro pronti all&#8217;uso di layout: Elenco, Griglia, Massoneria e Dispositivo di scorrimento;<\/li> <li> Intestazione commutabile del widget;<\/li> <li>Il pulsante di richiesta di revisione indirizza gli utenti alla pagina Google;<\/li> <li>Sei elementi personalizzabili dell&#8217;interfaccia: nome dell&#8217;autore e foto, testo del consiglio, data di partenza, icona di Google e valutazione in stelle;<\/li> <li>Due alternative di scenari di rifiuto della richiesta di revisione: rivelare un messaggio di testo o rimuovere il pulsante.<\/li> <\/ul><p><a href=\"#demo\">Per esplorare altre funzionalit\u00e0 del widget Google Reviews per Shopify, guarda la demo<\/a><\/p> <\/div><div class=\"application-platform-content-item-installation application-platform-content-item\" id=\"installation\" data-nav-section=\"installation\"> <h2>Come integrare le recensioni di Google nel tuo negozio Shopify<\/h2> <div class=\"video-container\"><iframe width=\"720\" height=\"405\" src=\"https:\/\/www.youtube.com\/embed\/B3aB52WeY-o\" frameborder=\"0\" allowfullscreen=\"\"><\/iframe><\/div><p>I seguenti passaggi sono l&#8217;unica cosa che devi fare. Il processo di aggiunta delle recensioni da Google a Shopify richieder\u00e0 un paio di minuti del tuo tempo e non comporta la codifica. <\/p> <ol><li><b>Utilizza il nostro editor gratuito e inizia a creare la tua app Google Recensioni personalizzata. <\/b><br> Scegli l&#8217;aspetto e le specifiche selezionate dell&#8217;app e salva tutte le modifiche. <\/li> <li><b>Copia il tuo codice individuale mostrato nell&#8217;apposito modulo su Elfsight Apps. <\/b><br> Una volta completata la configurazione della tua app, copia il codice individuale nella finestra visualizzata e conservalo per un uso successivo. <\/li> <li><b>Avvia l&#8217;applicazione dell&#8217;app sul sito Shopify. <\/b><br> Aggiungi il codice copiato di recente nel tuo sito e applica le modifiche. <\/li> <li><b>L&#8217;installazione \u00e8 completamente completata. <\/b><br> Apri il tuo sito Shopify per verificare le prestazioni dell&#8217;app di revisione. <\/li><\/ol><p>Hai dubbi o riscontri problemi con l&#8217;app Google Reviews Shopify? Invia semplicemente la tua richiesta al nostro servizio clienti e loro ti aiuteranno con qualsiasi domanda. <\/p> <\/div>\n","protected":false},"excerpt":{"rendered":"","protected":false},"author":9,"featured_media":0,"parent":931,"menu_order":0,"comment_status":"closed","ping_status":"closed","template":"templates\/template-application-platform.php","meta":{"publish_to_discourse":"","publish_post_category":"","wpdc_auto_publish_overridden":"","wpdc_topic_tags":"","wpdc_pin_topic":"","wpdc_pin_until":"","discourse_post_id":"","discourse_permalink":"","wpdc_publishing_response":"","wpdc_publishing_error":"","footnotes":""},"class_list":["post-4795","page","type-page","status-publish","hentry"],"yoast_head":"<!-- This site is optimized with the Yoast SEO plugin v25.3.1 - https:\/\/yoast.com\/wordpress\/plugins\/seo\/ -->\n<title>Shopify Recensioni Google - Aggiungi recensioni Google al sito web Shopify [2025]<\/title>\n<meta name=\"description\" content=\"\u00c8 assolutamente semplice progettare il tuo widget Google Reviews e pubblicarlo sul tuo negozio Shopify. Il supporto client Elfsight \u00e8 gratuito.\" \/>\n<meta name=\"robots\" content=\"index, follow, max-snippet:-1, max-image-preview:large, max-video-preview:-1\" \/>\n<link rel=\"canonical\" href=\"https:\/\/elfsight.com\/it\/google-reviews-widget\/shopify\/\" \/>\n<meta property=\"og:locale\" content=\"it_IT\" \/>\n<meta property=\"og:type\" content=\"article\" \/>\n<meta property=\"og:title\" content=\"Shopify Recensioni Google - Aggiungi recensioni Google al sito web Shopify [2025]\" \/>\n<meta property=\"og:description\" content=\"\u00c8 assolutamente semplice progettare il tuo widget Google Reviews e pubblicarlo sul tuo negozio Shopify. Il supporto client Elfsight \u00e8 gratuito.\" \/>\n<meta property=\"og:url\" content=\"https:\/\/elfsight.com\/it\/google-reviews-widget\/shopify\/\" \/>\n<meta property=\"og:site_name\" content=\"Elfsight IT\" \/>\n<meta property=\"article:modified_time\" content=\"2025-03-12T08:49:56+00:00\" \/>\n<meta name=\"twitter:card\" content=\"summary_large_image\" \/>\n<meta name=\"twitter:label1\" content=\"Tempo di lettura stimato\" \/>\n\t<meta name=\"twitter:data1\" content=\"4 minuti\" \/>\n<!-- \/ Yoast SEO plugin. -->","yoast_head_json":{"title":"Shopify Recensioni Google - Aggiungi recensioni Google al sito web Shopify [2025]","description":"\u00c8 assolutamente semplice progettare il tuo widget Google Reviews e pubblicarlo sul tuo negozio Shopify. Il supporto client Elfsight \u00e8 gratuito.","robots":{"index":"index","follow":"follow","max-snippet":"max-snippet:-1","max-image-preview":"max-image-preview:large","max-video-preview":"max-video-preview:-1"},"canonical":"https:\/\/elfsight.com\/it\/google-reviews-widget\/shopify\/","og_locale":"it_IT","og_type":"article","og_title":"Shopify Recensioni Google - Aggiungi recensioni Google al sito web Shopify [2025]","og_description":"\u00c8 assolutamente semplice progettare il tuo widget Google Reviews e pubblicarlo sul tuo negozio Shopify. Il supporto client Elfsight \u00e8 gratuito.","og_url":"https:\/\/elfsight.com\/it\/google-reviews-widget\/shopify\/","og_site_name":"Elfsight IT","article_modified_time":"2025-03-12T08:49:56+00:00","twitter_card":"summary_large_image","twitter_misc":{"Tempo di lettura stimato":"4 minuti"},"schema":{"@context":"https:\/\/schema.org","@graph":[{"@type":"WebPage","@id":"https:\/\/elfsight.com\/it\/google-reviews-widget\/shopify\/","url":"https:\/\/elfsight.com\/it\/google-reviews-widget\/shopify\/","name":"Shopify Recensioni Google - Aggiungi recensioni Google al sito web Shopify [2025]","isPartOf":{"@id":"https:\/\/elfsight.com\/it\/#website"},"datePublished":"2024-05-03T06:39:11+00:00","dateModified":"2025-03-12T08:49:56+00:00","description":"\u00c8 assolutamente semplice progettare il tuo widget Google Reviews e pubblicarlo sul tuo negozio Shopify. Il supporto client Elfsight \u00e8 gratuito.","breadcrumb":{"@id":"https:\/\/elfsight.com\/it\/google-reviews-widget\/shopify\/#breadcrumb"},"inLanguage":"it-IT","potentialAction":[{"@type":"ReadAction","target":["https:\/\/elfsight.com\/it\/google-reviews-widget\/shopify\/"]}]},{"@type":"BreadcrumbList","@id":"https:\/\/elfsight.com\/it\/google-reviews-widget\/shopify\/#breadcrumb","itemListElement":[{"@type":"ListItem","position":1,"name":"Home","item":"https:\/\/elfsight.com\/it\/"},{"@type":"ListItem","position":2,"name":"Google Reviews","item":"https:\/\/elfsight.com\/it\/google-reviews-widget\/"},{"@type":"ListItem","position":3,"name":"Google Reviews &#8211; Shopify"}]},{"@type":"WebSite","@id":"https:\/\/elfsight.com\/it\/#website","url":"https:\/\/elfsight.com\/it\/","name":"Elfsight IT","description":"Just another Elfsight Sites site","potentialAction":[{"@type":"SearchAction","target":{"@type":"EntryPoint","urlTemplate":"https:\/\/elfsight.com\/it\/?s={search_term_string}"},"query-input":{"@type":"PropertyValueSpecification","valueRequired":true,"valueName":"search_term_string"}}],"inLanguage":"it-IT"}]}},"meta_box":{"industry":"","seo_heading":"","heading":"","description":"","cta_heading":"","cta_description":"","application":"930","h1":"Shopify App Recensioni Google","h1_caption":"Incorpora le recensioni del tuo locale da Google per ottenere facilmente le migliori impressioni dei clienti nell'esperienza del tuo sito web nel tuo sito Shopify.","application_category":[],"applications_title":"","applications_request_title":"","applications_request_button_text":"","hero_text":"","hero_video":"","hero_video_schema_markup":"","selling_points_title":"","selling_points_caption":"","selling_points":[],"selling_points_cta_text":"","features_title":"","features":"","ed_cta_examples_text":"","ed_cta_examples_hidden":"","ed_cta_demo_text":"","ed_cta_demo_hidden":"","why_caption":"","why_editor_title":"","why_editor_text":"","why_team_title":"","why_team_text":"","why_service_title":"","why_service_text":"","template_catalog_visible":"0","template_catalog_title":"","template_catalog_text":"","template_catalog_categories_visible":"","demo_title":"Crea la tua app Recensioni Google","demo_caption":"Configura le tue recensioni Google e aggiungile gratuitamente al tuo sito web Shopify!","default_faq_hidden":"","app_template_category":[],"platform":"42","template_public_id":"","codecanyon_url":"","codecanyon_item_id":"","codecanyon_price":"","pricing_caption":"","pricing_elfsight_apps_hide_column":"","pricing_elfsight_apps_url":"","pricing_codecanyon_price_caption":"","integration_category":[],"integration_request_title":"","integration_request_cta":"","integration_platform":"","integrations":[],"platform_category":[],"video_schema_markup":"","price":"da $ 0 al mese","trial":"","benefits":[{"text":"Servizio di installazione gratuito"},{"text":"Supporto premium"},{"text":"Garanzia di rimborso di 14 giorni"},{"text":"Aggiornamenti gratuiti continui"}],"button_url":"#demo","button_target_blank":"0","button_nofollow":"0","attributes":[{"name":"Installazioni"},{"name":"Reattivo","content":"S\u00cc"},{"name":"Browser compatibili","content":"Firefox, Safari, Opera, Chrome, Edge"}],"tags":[],"tags_disable_links":"0","hide_more_platforms":"0","video_object":"","demo_hide_cta":"0","demo_hide_cloud_options":"0","pricing_title":"","pricing":[{"pricing_icon":"cloud","pricing_title":"Elfsight Apps","pricing_title_caption":"Versione multipiattaforma che funziona su qualsiasi sito web","pricing_price":"da $ 0 \/ mese","pricing_price_caption":"inizia con il piano gratuito","pricing_benefits":[{"text":"Siti web illimitati"},{"text":"Supporto premium"},{"text":"Servizio di installazione gratuito"},{"text":"Offerta speciale per pi\u00f9 app"}],"pricing_button_text":"Aggiungi al sito web","pricing_button_url":"#demo"}],"related_apps_title":"","related_apps_hidden":"0","author":"","image":[],"title":"","job":"","social_networks":[]},"_links":{"self":[{"href":"https:\/\/elfsight.com\/it\/wp-json\/wp\/v2\/pages\/4795","targetHints":{"allow":["GET"]}}],"collection":[{"href":"https:\/\/elfsight.com\/it\/wp-json\/wp\/v2\/pages"}],"about":[{"href":"https:\/\/elfsight.com\/it\/wp-json\/wp\/v2\/types\/page"}],"author":[{"embeddable":true,"href":"https:\/\/elfsight.com\/it\/wp-json\/wp\/v2\/users\/9"}],"replies":[{"embeddable":true,"href":"https:\/\/elfsight.com\/it\/wp-json\/wp\/v2\/comments?post=4795"}],"version-history":[{"count":5,"href":"https:\/\/elfsight.com\/it\/wp-json\/wp\/v2\/pages\/4795\/revisions"}],"predecessor-version":[{"id":8552,"href":"https:\/\/elfsight.com\/it\/wp-json\/wp\/v2\/pages\/4795\/revisions\/8552"}],"up":[{"embeddable":true,"href":"https:\/\/elfsight.com\/it\/wp-json\/wp\/v2\/pages\/931"}],"wp:attachment":[{"href":"https:\/\/elfsight.com\/it\/wp-json\/wp\/v2\/media?parent=4795"}],"curies":[{"name":"wp","href":"https:\/\/api.w.org\/{rel}","templated":true}]}}