{"id":4780,"date":"2024-05-03T06:39:04","date_gmt":"2024-05-03T06:39:04","guid":{"rendered":"https:\/\/elfsight.com\/it\/?page_id=4780"},"modified":"2025-11-13T14:07:01","modified_gmt":"2025-11-13T14:07:01","slug":"elementor","status":"publish","type":"page","link":"https:\/\/elfsight.com\/it\/google-reviews-widget\/elementor\/","title":{"rendered":"Google Reviews &#8211; Elementor"},"content":{"rendered":"\n<div class=\"application-platform-content-item-description application-platform-content-item\" id=\"description\" data-nav-section=\"description\"> <h2>Incorpora recensioni di Google con il widget Elfsight<\/h2> <p>Il widget Elfsight Reviews \u00e8 uno strumento utile che ti consente di inserire sul sito recensioni sulla tua attivit\u00e0 da Google. Con l&#8217;aiuto di questo widget, sarai in grado di applicare filtri per nascondere le recensioni indesiderate, rivelare le tue valutazioni in stelle e numeri da Google, fornire dettagli sugli autori e inserire un pulsante che reindirizzer\u00e0 i visitatori per aggiungere una recensione a Google. Il widget Elfsight Reviews ti aiuter\u00e0 a dimostrare la tua elevata prova sociale sul sito e ad aumentare le vendite.<\/p>[\/faq]<\/div><div class=\"application-platform-content-item-features application-platform-content-item\" id=\"features\" data-nav-section=\"features\"> <h2>Caratteristiche principali del widget Google Recensioni<\/h2> <p>Per avere una chiara comprensione del widget, puoi consultare l&#8217;elenco delle caratteristiche principali. Rendono questo widget incredibilmente efficiente per il tuo sito web:<\/p> <ul> <li>Tre tipi di filtri: per tipo, esclusione per e quantit\u00e0 di recensioni da visualizzare<\/li> <li>4 layout disponibili: Elenco , Griglia, Massoneria e Dispositivo di scorrimento<\/li> <li>Intestazione commutabile del widget<\/li> <li>Il pulsante attivo per lasciare un&#8217;altra recensione porta i visitatori alla tua pagina Google<\/li> <li>6 elementi personalizzabili di le recensioni: nome e immagine dell&#8217;autore, testo del consiglio, data, icona di Google e valutazione in stelle<\/li> <li>Due possibili scenari dopo il rifiuto della richiesta di revisione: mostrare un messaggio personalizzato o nascondere il pulsante.<\/li> <\/ul><p><a href=\"#demo\">Per esplorare altre funzionalit\u00e0, guarda la demo<\/a><\/p> <\/div> <div class=\"application-platform-content-item-installation application-platform-content-item\" id=\"installation\" data-nav-section=\"installation\"> <h2>Scopri come aggiungere recensioni Google a il tuo sito web Elementor<\/h2> <div class=\"video-container\">\n<iframe width=\"720\" height=\"405\" src=\"https:\/\/www.youtube.com\/embed\/8Gz8uO_dKDE?si=YcAOYdkxmawcDOLn\" frameborder=\"0\" allowfullscreen=\"\"><\/iframe>\n<\/div><p>Le seguenti azioni sono l&#8217;unica cosa che devi fare per impostare il widget sulla tua pagina web. Richieder\u00e0 un paio di minuti di tempo e non richiede la codifica.<\/p><ol><li><b>Genera le tue recensioni Google personalizzate<\/b><br>Con il nostro editor gratuito, assembla una plugin con il layout e le opzioni desiderati.<\/li><li><b>Acquisisci un codice per l&#8217;integrazione del widget<\/b><br>Dopo l&#8217;impostazione del widget, ottieni un codice per il plugin Recensioni dalla finestra visualizzata sulle app Elfsight.<\/li><li><b>Incorpora il widget nel sito web<\/b><br>Aggiungi il codice delle recensioni nella posizione richiesta di una pagina e salva le modifiche.<\/li><li><b>Hai completato con successo l&#8217;installazione<\/b><br>Vai al tuo sito per verificare di aver pubblicato recensioni Google su Elementor.<\/li><\/ol><p>Hai ancora dubbi? O riscontri problemi? Invia semplicemente la tua richiesta al nostro servizio clienti e loro ti aiuteranno con qualsiasi domanda.<\/p><\/div>\n\n<div class=\"faq\" data-component=\"FAQ\"><div class=\"faq-item\">\r\n\t\t\t\t\t<div class=\"faq-item-question\">\r\n\t\t\t\t\t\t<h3 class=\"faq-item-question-text\">Dove posso installarlo sul mio sito web?<\/h3>\r\n\r\n\t\t\t\t\t\t<div class=\"faq-item-question-icon\"><\/div>\r\n\t\t\t\t\t<\/div>\r\n\r\n\t\t\t\t\t<div class=\"faq-item-answer\">\r\n\t\t\t\t\t\t<div class=\"faq-item-answer-text\"> \n<p>Puoi incorporare il widget in qualsiasi pagina del tuo sito o inseriscilo nel modello e verr\u00e0 visualizzato su tutte le pagine. Le recensioni possono essere efficaci sulle pagine dei prodotti o sulla pagina Chi siamo, dove desideri dimostrare la tua valutazione elevata. <\/p><\/div>\r\n\t\t\t\t\t<\/div>\r\n\t\t\t\t<\/div>\n<div class=\"faq-item\">\r\n\t\t\t\t\t<div class=\"faq-item-question\">\r\n\t\t\t\t\t\t<h3 class=\"faq-item-question-text\">Come ne trarr\u00f2 vantaggio?<\/h3>\r\n\r\n\t\t\t\t\t\t<div class=\"faq-item-question-icon\"><\/div>\r\n\t\t\t\t\t<\/div>\r\n\r\n\t\t\t\t\t<div class=\"faq-item-answer\">\r\n\t\t\t\t\t\t<div class=\"faq-item-answer-text\"> <p>Le recensioni pubblicate da persone reali sono perfettamente credibili per i clienti del tuo sito e dimostrano loro che ci si pu\u00f2 fidare della tua azienda. Una valutazione elevata e buone testimonianze possono aiutare a rafforzare il livello di acquisti dal tuo sito. Inoltre, il pulsante di reindirizzamento pu\u00f2 contribuire ad avere pi\u00f9 recensioni degli utenti sulla tua attivit\u00e0 su Google.<\/p> <\/div>\r\n\t\t\t\t\t<\/div>\r\n\t\t\t\t<\/div>\n<div class=\"faq-item\">\r\n\t\t\t\t\t<div class=\"faq-item-question\">\r\n\t\t\t\t\t\t<h3 class=\"faq-item-question-text\">Come faccio ad aggiungere il widget Recensioni di Google a Elementor?<\/h3>\r\n\r\n\t\t\t\t\t\t<div class=\"faq-item-question-icon\"><\/div>\r\n\t\t\t\t\t<\/div>\r\n\r\n\t\t\t\t\t<div class=\"faq-item-answer\">\r\n\t\t\t\t\t\t<div class=\"faq-item-answer-text\"> <p>Tu pu\u00f2 aggiungere recensioni Google a Elementor in due minuti. L&#8217;installazione \u00e8 estremamente veloce, gratuita e senza codifica.<br>Puoi incorporare il widget nel tuo sito direttamente tramite il nostro servizio. Per farlo, consulta una breve guida all&#8217;installazione pi\u00f9 avanti in questa pagina.<\/p><\/div>\r\n\t\t\t\t\t<\/div>\r\n\t\t\t\t<\/div>\n<\/div>\n","protected":false},"excerpt":{"rendered":"","protected":false},"author":9,"featured_media":0,"parent":931,"menu_order":0,"comment_status":"closed","ping_status":"closed","template":"templates\/template-application-platform.php","meta":{"publish_to_discourse":"","publish_post_category":"","wpdc_auto_publish_overridden":"","wpdc_topic_tags":"","wpdc_pin_topic":"","wpdc_pin_until":"","discourse_post_id":"","discourse_permalink":"","wpdc_publishing_response":"","wpdc_publishing_error":"","footnotes":""},"class_list":["post-4780","page","type-page","status-publish","hentry"],"yoast_head":"<!-- This site is optimized with the Yoast SEO plugin v25.3.1 - https:\/\/yoast.com\/wordpress\/plugins\/seo\/ -->\n<title>Incorpora recensioni Google su Elementor in 2 minuti!<\/title>\n<meta name=\"description\" content=\"Aggiungi gratuitamente le recensioni di Google a Elementor! Guida su come incorporare il widget Google Business Reviews su Elementor con Elfsight.\" \/>\n<meta name=\"robots\" content=\"index, follow, max-snippet:-1, max-image-preview:large, max-video-preview:-1\" \/>\n<link rel=\"canonical\" href=\"https:\/\/elfsight.com\/it\/google-reviews-widget\/elementor\/\" \/>\n<meta property=\"og:locale\" content=\"it_IT\" \/>\n<meta property=\"og:type\" content=\"article\" \/>\n<meta property=\"og:title\" content=\"Incorpora recensioni Google su Elementor in 2 minuti!\" \/>\n<meta property=\"og:description\" content=\"Aggiungi gratuitamente le recensioni di Google a Elementor! Guida su come incorporare il widget Google Business Reviews su Elementor con Elfsight.\" \/>\n<meta property=\"og:url\" content=\"https:\/\/elfsight.com\/it\/google-reviews-widget\/elementor\/\" \/>\n<meta property=\"og:site_name\" content=\"Elfsight IT\" \/>\n<meta property=\"article:modified_time\" content=\"2025-11-13T14:07:01+00:00\" \/>\n<meta name=\"twitter:card\" content=\"summary_large_image\" \/>\n<meta name=\"twitter:label1\" content=\"Tempo di lettura stimato\" \/>\n\t<meta name=\"twitter:data1\" content=\"3 minuti\" \/>\n<!-- \/ Yoast SEO plugin. -->","yoast_head_json":{"title":"Incorpora recensioni Google su Elementor in 2 minuti!","description":"Aggiungi gratuitamente le recensioni di Google a Elementor! Guida su come incorporare il widget Google Business Reviews su Elementor con Elfsight.","robots":{"index":"index","follow":"follow","max-snippet":"max-snippet:-1","max-image-preview":"max-image-preview:large","max-video-preview":"max-video-preview:-1"},"canonical":"https:\/\/elfsight.com\/it\/google-reviews-widget\/elementor\/","og_locale":"it_IT","og_type":"article","og_title":"Incorpora recensioni Google su Elementor in 2 minuti!","og_description":"Aggiungi gratuitamente le recensioni di Google a Elementor! Guida su come incorporare il widget Google Business Reviews su Elementor con Elfsight.","og_url":"https:\/\/elfsight.com\/it\/google-reviews-widget\/elementor\/","og_site_name":"Elfsight IT","article_modified_time":"2025-11-13T14:07:01+00:00","twitter_card":"summary_large_image","twitter_misc":{"Tempo di lettura stimato":"3 minuti"},"schema":{"@context":"https:\/\/schema.org","@graph":[{"@type":"WebPage","@id":"https:\/\/elfsight.com\/it\/google-reviews-widget\/elementor\/","url":"https:\/\/elfsight.com\/it\/google-reviews-widget\/elementor\/","name":"Incorpora recensioni Google su Elementor in 2 minuti!","isPartOf":{"@id":"https:\/\/elfsight.com\/it\/#website"},"datePublished":"2024-05-03T06:39:04+00:00","dateModified":"2025-11-13T14:07:01+00:00","description":"Aggiungi gratuitamente le recensioni di Google a Elementor! Guida su come incorporare il widget Google Business Reviews su Elementor con Elfsight.","breadcrumb":{"@id":"https:\/\/elfsight.com\/it\/google-reviews-widget\/elementor\/#breadcrumb"},"inLanguage":"it-IT","potentialAction":[{"@type":"ReadAction","target":["https:\/\/elfsight.com\/it\/google-reviews-widget\/elementor\/"]}]},{"@type":"BreadcrumbList","@id":"https:\/\/elfsight.com\/it\/google-reviews-widget\/elementor\/#breadcrumb","itemListElement":[{"@type":"ListItem","position":1,"name":"Home","item":"https:\/\/elfsight.com\/it\/"},{"@type":"ListItem","position":2,"name":"Google Reviews","item":"https:\/\/elfsight.com\/it\/google-reviews-widget\/"},{"@type":"ListItem","position":3,"name":"Google Reviews &#8211; Elementor"}]},{"@type":"WebSite","@id":"https:\/\/elfsight.com\/it\/#website","url":"https:\/\/elfsight.com\/it\/","name":"Elfsight IT","description":"Just another Elfsight Sites site","potentialAction":[{"@type":"SearchAction","target":{"@type":"EntryPoint","urlTemplate":"https:\/\/elfsight.com\/it\/?s={search_term_string}"},"query-input":{"@type":"PropertyValueSpecification","valueRequired":true,"valueName":"search_term_string"}}],"inLanguage":"it-IT"}]}},"meta_box":{"industry":"","seo_heading":"","heading":"","description":"","cta_heading":"","cta_description":"","application":"930","h1":"Widget Elementor Recensioni Google","h1_caption":"Incorpora le recensioni del tuo locale da Google per ottenere facilmente le migliori impressioni dei clienti nell'esperienza del tuo sito web nel tuo sito web Elementor.","application_category":[],"applications_title":"","applications_request_title":"","applications_request_button_text":"","hero_text":"","hero_video":"","hero_video_schema_markup":"","selling_points_title":"","selling_points_caption":"","selling_points":[],"selling_points_cta_text":"","features_title":"","features":"","ed_cta_examples_text":"","ed_cta_examples_hidden":"","ed_cta_demo_text":"","ed_cta_demo_hidden":"","why_caption":"","why_editor_title":"","why_editor_text":"","why_team_title":"","why_team_text":"","why_service_title":"","why_service_text":"","template_catalog_visible":"0","template_catalog_title":"","template_catalog_text":"","template_catalog_categories_visible":"","demo_title":"Crea il tuo widget Recensioni Google","demo_caption":"Configura le tue recensioni Google e aggiungile gratuitamente al tuo sito Web Elementor!","default_faq_hidden":"","app_template_category":[],"platform":"68","template_public_id":"","codecanyon_url":"","codecanyon_item_id":"","codecanyon_price":"","pricing_caption":"","pricing_elfsight_apps_hide_column":"","pricing_elfsight_apps_url":"","pricing_codecanyon_price_caption":"","integration_category":[],"integration_request_title":"","integration_request_cta":"","integration_platform":"","integrations":[],"platform_category":[],"video_schema_markup":"","price":"da $ 0 al mese","trial":"","benefits":[{"text":"Aiuto per l'installazione gratuito"},{"text":"Supporto premium"},{"text":"Garanzia di rimborso di 14 giorni"},{"text":"Miglioramenti gratuiti continui"}],"button_url":"#demo","button_target_blank":"0","button_nofollow":"0","attributes":[{"name":"Installazioni","content":"1,000 - 5,000"},{"name":"Reattivo","content":"S\u00cc"},{"name":"Browser compatibili","content":"Firefox, Safari, Opera, Chrome, Edge"}],"tags":[],"tags_disable_links":"0","hide_more_platforms":"0","video_object":"","demo_hide_cta":"0","demo_hide_cloud_options":"0","pricing_title":"","pricing":[{"pricing_icon":"platform","pricing_title":"Elfsight Apps","pricing_title_caption":"Soluzione digitale indipendente dalla piattaforma","pricing_price":"da $ 0 \/ mese","pricing_price_caption":"inizia con il piano gratuito","pricing_benefits":[{"text":"Domini illimitati"},{"text":"Supporto premium e puntuale"},{"text":"Servizio di installazione gratuito"},{"text":"Prezzo speciale per pi\u00f9 app"}],"pricing_button_text":"Aggiungi al sito web","pricing_button_url":"#demo"}],"related_apps_title":"","related_apps_hidden":"0","author":"","image":[],"title":"","job":"","social_networks":[]},"_links":{"self":[{"href":"https:\/\/elfsight.com\/it\/wp-json\/wp\/v2\/pages\/4780","targetHints":{"allow":["GET"]}}],"collection":[{"href":"https:\/\/elfsight.com\/it\/wp-json\/wp\/v2\/pages"}],"about":[{"href":"https:\/\/elfsight.com\/it\/wp-json\/wp\/v2\/types\/page"}],"author":[{"embeddable":true,"href":"https:\/\/elfsight.com\/it\/wp-json\/wp\/v2\/users\/9"}],"replies":[{"embeddable":true,"href":"https:\/\/elfsight.com\/it\/wp-json\/wp\/v2\/comments?post=4780"}],"version-history":[{"count":6,"href":"https:\/\/elfsight.com\/it\/wp-json\/wp\/v2\/pages\/4780\/revisions"}],"predecessor-version":[{"id":10541,"href":"https:\/\/elfsight.com\/it\/wp-json\/wp\/v2\/pages\/4780\/revisions\/10541"}],"up":[{"embeddable":true,"href":"https:\/\/elfsight.com\/it\/wp-json\/wp\/v2\/pages\/931"}],"wp:attachment":[{"href":"https:\/\/elfsight.com\/it\/wp-json\/wp\/v2\/media?parent=4780"}],"curies":[{"name":"wp","href":"https:\/\/api.w.org\/{rel}","templated":true}]}}